{"id":8,"date":"2017-10-20T23:20:03","date_gmt":"2017-10-20T21:20:03","guid":{"rendered":"https:\/\/linmot.com\/?page_id=8"},"modified":"2024-07-08T11:31:48","modified_gmt":"2024-07-08T09:31:48","slug":"soluzioni-industriali","status":"publish","type":"page","link":"https:\/\/linmot.com\/it\/soluzioni-industriali\/","title":{"rendered":"Soluzioni industriali"},"content":{"rendered":"<p><strong>Soluzioni industriali ottimali &#8211; I motori lineari e i servoazionamenti LinMot sono progettati per l&#8217;uso in ambienti industriali duri ed esigenti. Sono caratterizzati da propriet\u00e0 tecniche eccezionali, da un funzionamento che richiede poca manutenzione e da una durata estrema. La struttura chiusa e la fusione di tutti i componenti del motore in un solido tubo di ferro, cos\u00ec come i sensori di posizione integrati basati su sensori di campo magnetico, consentono ai motori di funzionare in modo affidabile anche in ambienti sporchi o in zone umide (fino alla classe di protezione IP69K).<\/strong><\/p>\n<p>Con le varie serie di prodotti LinMot, sono disponibili sistemi di azionamento per complesse applicazioni con servomotori e per semplici compiti pneumatici. Tutte queste caratteristiche rendono i motori lineari industriali la soluzione ideale per i movimenti lineari in macchine per l&#8217;imballaggio, attrezzature per la manipolazione, macchine tessili, macchine speciali e molte altre applicazioni.<\/p>\n<div class=\"row\">\n<div class=\"col-md-4\">\n<h4>Prodotti alimentari<\/h4>\n<img loading=\"lazy\" decoding=\"async\" class=\"alignnone wp-image-2543 size-full\" src=\"https:\/\/linmot.com\/de\/wp-content\/uploads\/sites\/2\/2021\/11\/lebensmittel-300x200-1.jpg\" alt=\"\" width=\"300\" height=\"200\" \/>\n<p class=\"bodytext\" align=\"justify\">Tecnologia di azionamento innovativa per l&#8217;ottimizzazione dei processi di produzione e imballaggio degli alimenti.<\/p>\n<p><a class=\"button\" href=\"\/it\/soluzioni-industriali\/prodotti-alimentari\/\" rel=\"noopener\">Per saperne di pi\u00f9<\/a><\/p>\n<\/div>\n<div class=\"col-md-4\">\n<h4>Manipolazione e assemblaggio<\/h4>\n<img loading=\"lazy\" decoding=\"async\" class=\"alignnone size-full wp-image-2534\" src=\"https:\/\/linmot.com\/de\/wp-content\/uploads\/sites\/2\/2021\/11\/handling-montage-300x200-1.jpg\" alt=\"\" width=\"300\" height=\"200\" \/>\n<p class=\"bodytext\" align=\"justify\">Nella concorrenza globalizzata, il fattore \u201ctime-to-market\u201d ha assunto un\u2019importanza primaria.<\/p>\n<p><a class=\"button\" href=\"\/it\/soluzioni-industriali\/manipolazione-e-assemblaggio\/\" rel=\"noopener\">Per saperne di pi\u00f9<\/a><\/p>\n<\/div>\n<div class=\"col-md-4\">\n<h4>Automotive<\/h4>\n<img loading=\"lazy\" decoding=\"async\" class=\"alignnone wp-image-2541 size-full\" src=\"https:\/\/linmot.com\/de\/wp-content\/uploads\/sites\/2\/2021\/11\/automobilindustrie-300x200-1.jpg\" alt=\"\" width=\"300\" height=\"200\" \/>\n<p class=\"bodytext\" align=\"justify\">LinMot offre all&#8217;industria automobilistica prove semplificate di funzionamento e di resistenza nell&#8217;industria automobilistica, cos\u00ec come soluzioni flessibili per grandi quantit\u00e0 nella tecnologia di assemblaggio.<\/p>\n<p><a class=\"button\" href=\"\/it\/soluzioni-industriali\/automotive\/\" rel=\"noopener\">Per saperne di pi\u00f9<\/a><\/p>\n<\/div>\n<\/div>\n<div class=\"row\">\n<div class=\"col-md-4\">\n<h4>Macchinari per l\u2019industria tessile<\/h4>\n<img loading=\"lazy\" decoding=\"async\" class=\"alignnone wp-image-2540 size-full\" src=\"https:\/\/linmot.com\/de\/wp-content\/uploads\/sites\/2\/2021\/11\/textil-300x200-1.jpg\" alt=\"\" width=\"300\" height=\"200\" \/>\n<p class=\"bodytext\" align=\"justify\">I requisiti imposti ai macchinari impiegati nell\u2019industria tessile sono svariati. Questi articoli, infatti, devono essere elastici, adatti all\u2019uso intelligente dei materiali, in grado di eseguire le sequenze pi\u00f9 diverse, assolutamente affidabili e privi di errori.<\/p>\n<p><a class=\"button\" href=\"\/it\/soluzioni-industriali\/macchinari-per-lindustria-tessile\/\" rel=\"noopener\">Per saperne di pi\u00f9<\/a><\/p>\n<\/div>\n<div class=\"col-md-4\">\n<h4>Life science<\/h4>\n<img loading=\"lazy\" decoding=\"async\" class=\"size-full wp-image-3522 size-full\" src=\"https:\/\/linmot.com\/it\/wp-content\/uploads\/sites\/4\/2024\/07\/life-science-soluzioni.jpg\" alt=\"\" width=\"300\" height=\"200\" \/>\n<p class=\"bodytext\" align=\"justify\">Nel settore delle scienze biologiche, la progettazione di macchinari per la lavorazione dei prodotti \u00e8 fondamentale.<\/p>\n<p><a class=\"button\" href=\"\/it\/soluzioni-industriali\/life-science\/\" rel=\"noopener\">Per saperne di pi\u00f9<\/a><\/p>\n<\/div>\n<div class=\"col-md-4\">\n<h4>Semiconduttori e dispositivi elettronici<\/h4>\n<img loading=\"lazy\" decoding=\"async\" class=\"alignnone size-full wp-image-2539\" src=\"https:\/\/linmot.com\/de\/wp-content\/uploads\/sites\/2\/2021\/11\/halbleiter-elektronik-300x200-1.jpg\" alt=\"\" width=\"300\" height=\"200\" \/>\n<p class=\"bodytext\" align=\"justify\">Nell\u2019industria dei semiconduttori, la disponibilit\u00e0 di sistemi e macchinari \u00e8 un requisito irrinunciabile. La produzione moderna di dispositivi elettronici deve essere preparata per frequenti variazioni dei prodotti.<\/p>\n<p><a class=\"button\" href=\"\/it\/soluzioni-industriali\/semiconduttori-e-dispositivi-elettronici\/\" rel=\"noopener\">Per saperne di pi\u00f9<\/a><\/p>\n<\/div>\n<\/div>\n<div class=\"row\">\n<div class=\"col-md-4\">\n<h4>Automazione da laboratorio<\/h4>\n<img loading=\"lazy\" decoding=\"async\" class=\"alignnone size-full wp-image-2538\" src=\"https:\/\/linmot.com\/de\/wp-content\/uploads\/sites\/2\/2021\/11\/laborautomation-300x200-1.jpg\" alt=\"\" width=\"300\" height=\"200\" \/>\n<p class=\"bodytext\" align=\"justify\">L\u2019automazione da laboratorio, nella scienza moderna, sta acquisendo un significato sempre maggiore. Alla base di questo sviluppo vi \u00e8 una sfida volta a generare sempre pi\u00f9 dati, evitare gli errori, documentare accuratamente gli esperimenti e ridurre simultaneamente i costi.<\/p>\n<p><a class=\"button\" href=\"\/it\/soluzioni-industriali\/automazione-da-laboratorio\/\" rel=\"noopener\">Per saperne di pi\u00f9<\/a><\/p>\n<\/div>\n<div class=\"col-md-4\">\n<h4>Stampa ed etichettatura<\/h4>\n<img loading=\"lazy\" decoding=\"async\" class=\"alignnone size-full wp-image-2537\" src=\"https:\/\/linmot.com\/de\/wp-content\/uploads\/sites\/2\/2021\/11\/drucken-etikettieren-300x200-1.jpg\" alt=\"\" width=\"300\" height=\"200\" \/>\n<p class=\"bodytext\" align=\"justify\">La sfida principale nel campo della stampa e dell\u2019etichettatura consiste nella produzione efficiente degli ordini, priva di errori, con lotti limitati e un\u2019alta qualit\u00e0 facilmente riproducibile. La tecnologia altamente dinamica e precisa dell\u2019 azionamento ha un ruolo chiave in questo contesto.<\/p>\n<p><a class=\"button\" href=\"\/it\/soluzioni-industriali\/stampa-ed-etichettatura\/\" rel=\"noopener\">Per saperne di pi\u00f9<\/a><\/p>\n<\/div>\n<div class=\"col-md-4\">\n<h4>Imballaggio<\/h4>\n<img loading=\"lazy\" decoding=\"async\" class=\"alignnone size-full wp-image-2536\" src=\"https:\/\/linmot.com\/de\/wp-content\/uploads\/sites\/2\/2021\/11\/verpacken-300x200-1.jpg\" alt=\"\" width=\"300\" height=\"200\" \/>\n<p class=\"bodytext\" align=\"justify\">L\u2019imballaggio \u00e8 un aspetto indispensabile della vita quotidiana. L\u2019ampia gamma di prodotti che incontriamo ogni giorno comporta la necessit\u00e0 di utilizzare una grande variet\u00e0 di imballaggi.<\/p>\n<p><a class=\"button\" href=\"\/it\/soluzioni-industriali\/imballaggio\/\" rel=\"noopener\">Per saperne di pi\u00f9<\/a><\/p>\n<\/div>\n<\/div>\n<div class=\"row\">\n<div class=\"col-md-4\">\n<h4>Medicina e industria farmaceutica<\/h4>\n<img loading=\"lazy\" decoding=\"async\" class=\"alignnone size-full wp-image-2535\" src=\"https:\/\/linmot.com\/de\/wp-content\/uploads\/sites\/2\/2021\/11\/medizin-pharma-300x200-1.jpg\" alt=\"\" width=\"300\" height=\"200\" \/>\n<p class=\"bodytext\" align=\"justify\">L\u2019ambito delle applicazioni per i dispositivi di trasmissione lineari nel settore medico e farmaceutico \u00e8 molto ampio. Per la manipolazione dei campioni di sangue, il conteggio e il riempimento di pillole, o il confezionamento di farmaci particolari, i componenti LinMot garantiscono un elevato livello di dinamismo e precisione.<\/p>\n<p><a class=\"button\" href=\"\/it\/soluzioni-industriali\/medicina-e-industria-farmaceutica\/\" rel=\"noopener\">Per saperne di pi\u00f9<\/a><\/p>\n<\/div>\n<div class=\"col-md-4\">\n<h4><strong>Lavorazione del Legno<\/strong><\/h4>\n<img loading=\"lazy\" decoding=\"async\" class=\"alignnone wp-image-2542 size-full\" src=\"https:\/\/linmot.com\/de\/wp-content\/uploads\/sites\/2\/2021\/11\/holzbearbeitung-300x200-1.jpg\" alt=\"\" width=\"300\" height=\"200\" \/>\n<p class=\"bodytext\" align=\"justify\">Alta efficienza, funzionalit\u00e0 senza compromessi, affidabilit\u00e0 e alta disponibilit\u00e0: la tecnologia lineare nella lavorazione del legno.<\/p>\n<p><a class=\"button\" href=\"\/it\/soluzioni-industriali\/lavorazione-del-legno\/\" rel=\"noopener\">Per saperne di pi\u00f9<\/a><\/p>\n<\/div>\n<\/div>\n","protected":false},"excerpt":{"rendered":"<p>Soluzioni industriali ottimali &#8211; I motori lineari e i servoazionamenti LinMot sono progettati per l&#8217;uso in ambienti industriali duri ed esigenti. Sono caratterizzati da propriet\u00e0 tecniche eccezionali, da un funzionamento che richiede poca manutenzione e da una durata estrema. La struttura chiusa e la fusione di tutti i componenti del motore in un solido tubo [&hellip;]<\/p>\n","protected":false},"author":1,"featured_media":0,"parent":0,"menu_order":112,"comment_status":"closed","ping_status":"closed","template":"","meta":{"_acf_changed":false,"footnotes":""},"class_list":["post-8","page","type-page","status-publish","hentry"],"acf":[],"yoast_head":"<!-- This site is optimized with the Yoast SEO Premium plugin v20.9 (Yoast SEO v27.3) - https:\/\/yoast.com\/product\/yoast-seo-premium-wordpress\/ -->\n<title>Soluzioni industriali - LinMot e MagSpring - Italiano<\/title>\n<meta name=\"description\" content=\"Soluzioni industriali ottimali - i motori lineari e i servoazionamenti sono progettati per l&#039;uso in ambienti industriali duri ed esigenti.\" \/>\n<meta name=\"robots\" content=\"index, follow, max-snippet:-1, max-image-preview:large, max-video-preview:-1\" \/>\n<link rel=\"canonical\" href=\"https:\/\/linmot.com\/it\/soluzioni-industriali\/\" \/>\n<meta property=\"og:locale\" content=\"it_IT\" \/>\n<meta property=\"og:type\" content=\"article\" \/>\n<meta property=\"og:title\" content=\"Soluzioni industriali | LinMot &amp; MagSpring\" \/>\n<meta property=\"og:description\" content=\"Soluzioni industriali ottimali - i motori lineari e i servoazionamenti sono progettati per l&#039;uso in ambienti industriali duri ed esigenti.\" \/>\n<meta property=\"og:url\" content=\"https:\/\/linmot.com\/it\/soluzioni-industriali\/\" \/>\n<meta property=\"og:site_name\" content=\"LinMot e MagSpring - Italiano\" \/>\n<meta property=\"article:modified_time\" content=\"2024-07-08T09:31:48+00:00\" \/>\n<meta property=\"og:image\" content=\"https:\/\/linmot.com\/it\/wp-content\/uploads\/sites\/4\/2017\/10\/LinMot-Solutions-Food-Products-Industry.jpg\" \/>\n\t<meta property=\"og:image:width\" content=\"940\" \/>\n\t<meta property=\"og:image:height\" content=\"300\" \/>\n\t<meta property=\"og:image:type\" content=\"image\/jpeg\" \/>\n<meta name=\"twitter:card\" content=\"summary_large_image\" \/>\n<meta name=\"twitter:title\" content=\"Soluzioni industriali | LinMot &amp; MagSpring\" \/>\n<meta name=\"twitter:description\" content=\"Soluzioni industriali ottimali - i motori lineari e i servoazionamenti sono progettati per l&#039;uso in ambienti industriali duri ed esigenti.\" \/>\n<meta name=\"twitter:image\" content=\"https:\/\/linmot.com\/it\/wp-content\/uploads\/sites\/4\/2017\/10\/LinMot-Solutions-Food-Products-Industry.jpg\" \/>\n<meta name=\"twitter:label1\" content=\"Tempo di lettura stimato\" \/>\n\t<meta name=\"twitter:data1\" content=\"6 minuti\" \/>\n<script type=\"application\/ld+json\" class=\"yoast-schema-graph\">{\"@context\":\"https:\\\/\\\/schema.org\",\"@graph\":[{\"@type\":\"WebPage\",\"@id\":\"https:\\\/\\\/linmot.com\\\/it\\\/soluzioni-industriali\\\/\",\"url\":\"https:\\\/\\\/linmot.com\\\/it\\\/soluzioni-industriali\\\/\",\"name\":\"Soluzioni industriali - LinMot e MagSpring - Italiano\",\"isPartOf\":{\"@id\":\"https:\\\/\\\/linmot.com\\\/it\\\/#website\"},\"primaryImageOfPage\":{\"@id\":\"https:\\\/\\\/linmot.com\\\/it\\\/soluzioni-industriali\\\/#primaryimage\"},\"image\":{\"@id\":\"https:\\\/\\\/linmot.com\\\/it\\\/soluzioni-industriali\\\/#primaryimage\"},\"thumbnailUrl\":\"https:\\\/\\\/linmot.com\\\/de\\\/wp-content\\\/uploads\\\/sites\\\/2\\\/2021\\\/11\\\/lebensmittel-300x200-1.jpg\",\"datePublished\":\"2017-10-20T21:20:03+00:00\",\"dateModified\":\"2024-07-08T09:31:48+00:00\",\"description\":\"Soluzioni industriali ottimali - i motori lineari e i servoazionamenti sono progettati per l'uso in ambienti industriali duri ed esigenti.\",\"breadcrumb\":{\"@id\":\"https:\\\/\\\/linmot.com\\\/it\\\/soluzioni-industriali\\\/#breadcrumb\"},\"inLanguage\":\"it-IT\",\"potentialAction\":[{\"@type\":\"ReadAction\",\"target\":[\"https:\\\/\\\/linmot.com\\\/it\\\/soluzioni-industriali\\\/\"]}]},{\"@type\":\"ImageObject\",\"inLanguage\":\"it-IT\",\"@id\":\"https:\\\/\\\/linmot.com\\\/it\\\/soluzioni-industriali\\\/#primaryimage\",\"url\":\"https:\\\/\\\/linmot.com\\\/de\\\/wp-content\\\/uploads\\\/sites\\\/2\\\/2021\\\/11\\\/lebensmittel-300x200-1.jpg\",\"contentUrl\":\"https:\\\/\\\/linmot.com\\\/de\\\/wp-content\\\/uploads\\\/sites\\\/2\\\/2021\\\/11\\\/lebensmittel-300x200-1.jpg\"},{\"@type\":\"BreadcrumbList\",\"@id\":\"https:\\\/\\\/linmot.com\\\/it\\\/soluzioni-industriali\\\/#breadcrumb\",\"itemListElement\":[{\"@type\":\"ListItem\",\"position\":1,\"name\":\"Home\",\"item\":\"https:\\\/\\\/linmot.com\\\/it\\\/\"},{\"@type\":\"ListItem\",\"position\":2,\"name\":\"Soluzioni industriali\"}]},{\"@type\":\"WebSite\",\"@id\":\"https:\\\/\\\/linmot.com\\\/it\\\/#website\",\"url\":\"https:\\\/\\\/linmot.com\\\/it\\\/\",\"name\":\"LinMot e MagSpring - Italiano\",\"description\":\"Motori lineari e sistemi di motori lineari di alta qualit\u00e0\",\"publisher\":{\"@id\":\"https:\\\/\\\/linmot.com\\\/it\\\/#organization\"},\"potentialAction\":[{\"@type\":\"SearchAction\",\"target\":{\"@type\":\"EntryPoint\",\"urlTemplate\":\"https:\\\/\\\/linmot.com\\\/it\\\/?s={search_term_string}\"},\"query-input\":{\"@type\":\"PropertyValueSpecification\",\"valueRequired\":true,\"valueName\":\"search_term_string\"}}],\"inLanguage\":\"it-IT\"},{\"@type\":\"Organization\",\"@id\":\"https:\\\/\\\/linmot.com\\\/it\\\/#organization\",\"name\":\"NTI AG - LinMot & MagSpring\",\"url\":\"https:\\\/\\\/linmot.com\\\/it\\\/\",\"logo\":{\"@type\":\"ImageObject\",\"inLanguage\":\"it-IT\",\"@id\":\"https:\\\/\\\/linmot.com\\\/it\\\/#\\\/schema\\\/logo\\\/image\\\/\",\"url\":\"https:\\\/\\\/linmot.com\\\/it\\\/wp-content\\\/uploads\\\/sites\\\/4\\\/2022\\\/05\\\/linmot-social-share-logo.jpg\",\"contentUrl\":\"https:\\\/\\\/linmot.com\\\/it\\\/wp-content\\\/uploads\\\/sites\\\/4\\\/2022\\\/05\\\/linmot-social-share-logo.jpg\",\"width\":800,\"height\":500,\"caption\":\"NTI AG - LinMot & MagSpring\"},\"image\":{\"@id\":\"https:\\\/\\\/linmot.com\\\/it\\\/#\\\/schema\\\/logo\\\/image\\\/\"},\"sameAs\":[\"https:\\\/\\\/www.linkedin.com\\\/company\\\/pamoco-spa\\\/\",\"https:\\\/\\\/www.youtube.com\\\/user\\\/LinMotEurope\"]}]}<\/script>\n<!-- \/ Yoast SEO Premium plugin. -->","yoast_head_json":{"title":"Soluzioni industriali - LinMot e MagSpring - Italiano","description":"Soluzioni industriali ottimali - i motori lineari e i servoazionamenti sono progettati per l'uso in ambienti industriali duri ed esigenti.","robots":{"index":"index","follow":"follow","max-snippet":"max-snippet:-1","max-image-preview":"max-image-preview:large","max-video-preview":"max-video-preview:-1"},"canonical":"https:\/\/linmot.com\/it\/soluzioni-industriali\/","og_locale":"it_IT","og_type":"article","og_title":"Soluzioni industriali | LinMot & MagSpring","og_description":"Soluzioni industriali ottimali - i motori lineari e i servoazionamenti sono progettati per l'uso in ambienti industriali duri ed esigenti.","og_url":"https:\/\/linmot.com\/it\/soluzioni-industriali\/","og_site_name":"LinMot e MagSpring - Italiano","article_modified_time":"2024-07-08T09:31:48+00:00","og_image":[{"width":940,"height":300,"url":"https:\/\/linmot.com\/it\/wp-content\/uploads\/sites\/4\/2017\/10\/LinMot-Solutions-Food-Products-Industry.jpg","type":"image\/jpeg"}],"twitter_card":"summary_large_image","twitter_title":"Soluzioni industriali | LinMot & MagSpring","twitter_description":"Soluzioni industriali ottimali - i motori lineari e i servoazionamenti sono progettati per l'uso in ambienti industriali duri ed esigenti.","twitter_image":"https:\/\/linmot.com\/it\/wp-content\/uploads\/sites\/4\/2017\/10\/LinMot-Solutions-Food-Products-Industry.jpg","twitter_misc":{"Tempo di lettura stimato":"6 minuti"},"schema":{"@context":"https:\/\/schema.org","@graph":[{"@type":"WebPage","@id":"https:\/\/linmot.com\/it\/soluzioni-industriali\/","url":"https:\/\/linmot.com\/it\/soluzioni-industriali\/","name":"Soluzioni industriali - LinMot e MagSpring - Italiano","isPartOf":{"@id":"https:\/\/linmot.com\/it\/#website"},"primaryImageOfPage":{"@id":"https:\/\/linmot.com\/it\/soluzioni-industriali\/#primaryimage"},"image":{"@id":"https:\/\/linmot.com\/it\/soluzioni-industriali\/#primaryimage"},"thumbnailUrl":"https:\/\/linmot.com\/de\/wp-content\/uploads\/sites\/2\/2021\/11\/lebensmittel-300x200-1.jpg","datePublished":"2017-10-20T21:20:03+00:00","dateModified":"2024-07-08T09:31:48+00:00","description":"Soluzioni industriali ottimali - i motori lineari e i servoazionamenti sono progettati per l'uso in ambienti industriali duri ed esigenti.","breadcrumb":{"@id":"https:\/\/linmot.com\/it\/soluzioni-industriali\/#breadcrumb"},"inLanguage":"it-IT","potentialAction":[{"@type":"ReadAction","target":["https:\/\/linmot.com\/it\/soluzioni-industriali\/"]}]},{"@type":"ImageObject","inLanguage":"it-IT","@id":"https:\/\/linmot.com\/it\/soluzioni-industriali\/#primaryimage","url":"https:\/\/linmot.com\/de\/wp-content\/uploads\/sites\/2\/2021\/11\/lebensmittel-300x200-1.jpg","contentUrl":"https:\/\/linmot.com\/de\/wp-content\/uploads\/sites\/2\/2021\/11\/lebensmittel-300x200-1.jpg"},{"@type":"BreadcrumbList","@id":"https:\/\/linmot.com\/it\/soluzioni-industriali\/#breadcrumb","itemListElement":[{"@type":"ListItem","position":1,"name":"Home","item":"https:\/\/linmot.com\/it\/"},{"@type":"ListItem","position":2,"name":"Soluzioni industriali"}]},{"@type":"WebSite","@id":"https:\/\/linmot.com\/it\/#website","url":"https:\/\/linmot.com\/it\/","name":"LinMot e MagSpring - Italiano","description":"Motori lineari e sistemi di motori lineari di alta qualit\u00e0","publisher":{"@id":"https:\/\/linmot.com\/it\/#organization"},"potentialAction":[{"@type":"SearchAction","target":{"@type":"EntryPoint","urlTemplate":"https:\/\/linmot.com\/it\/?s={search_term_string}"},"query-input":{"@type":"PropertyValueSpecification","valueRequired":true,"valueName":"search_term_string"}}],"inLanguage":"it-IT"},{"@type":"Organization","@id":"https:\/\/linmot.com\/it\/#organization","name":"NTI AG - LinMot & MagSpring","url":"https:\/\/linmot.com\/it\/","logo":{"@type":"ImageObject","inLanguage":"it-IT","@id":"https:\/\/linmot.com\/it\/#\/schema\/logo\/image\/","url":"https:\/\/linmot.com\/it\/wp-content\/uploads\/sites\/4\/2022\/05\/linmot-social-share-logo.jpg","contentUrl":"https:\/\/linmot.com\/it\/wp-content\/uploads\/sites\/4\/2022\/05\/linmot-social-share-logo.jpg","width":800,"height":500,"caption":"NTI AG - LinMot & MagSpring"},"image":{"@id":"https:\/\/linmot.com\/it\/#\/schema\/logo\/image\/"},"sameAs":["https:\/\/www.linkedin.com\/company\/pamoco-spa\/","https:\/\/www.youtube.com\/user\/LinMotEurope"]}]}},"_links":{"self":[{"href":"https:\/\/linmot.com\/it\/wp-json\/wp\/v2\/pages\/8","targetHints":{"allow":["GET"]}}],"collection":[{"href":"https:\/\/linmot.com\/it\/wp-json\/wp\/v2\/pages"}],"about":[{"href":"https:\/\/linmot.com\/it\/wp-json\/wp\/v2\/types\/page"}],"author":[{"embeddable":true,"href":"https:\/\/linmot.com\/it\/wp-json\/wp\/v2\/users\/1"}],"replies":[{"embeddable":true,"href":"https:\/\/linmot.com\/it\/wp-json\/wp\/v2\/comments?post=8"}],"version-history":[{"count":9,"href":"https:\/\/linmot.com\/it\/wp-json\/wp\/v2\/pages\/8\/revisions"}],"predecessor-version":[{"id":3523,"href":"https:\/\/linmot.com\/it\/wp-json\/wp\/v2\/pages\/8\/revisions\/3523"}],"wp:attachment":[{"href":"https:\/\/linmot.com\/it\/wp-json\/wp\/v2\/media?parent=8"}],"curies":[{"name":"wp","href":"https:\/\/api.w.org\/{rel}","templated":true}]}}