{"id":791,"date":"2018-08-26T20:33:41","date_gmt":"2018-08-26T18:33:41","guid":{"rendered":"https:\/\/linmot.com\/?page_id=791"},"modified":"2024-08-28T15:49:24","modified_gmt":"2024-08-28T13:49:24","slug":"motori-lineari-con-azionamento-integrato","status":"publish","type":"page","link":"https:\/\/linmot.com\/it\/prodotti\/motori-lineari-con-azionamento-integrato\/","title":{"rendered":"Motori lineari con azionamento integrato"},"content":{"rendered":"<p align=\"justify\"><strong>L&#8217;unit\u00e0 di azionamento PD03 \u00e8 costituita da un motore lineare compatto e da un azionamento integrato. Questo concetto innovativo consente di eliminare il controllore dall&#8217;armadio elettrico degli azionamenti lineari diretti, riducendo notevolmente i tempi e l&#8217;impegno per l&#8217;installazione. Inoltre, questo apre la possibilit\u00e0 di accoppiare in modo efficiente pi\u00f9 dispositivi in un collegamento in &#8220;daisy chain\u00a3. Questa nuova generazione di motori pu\u00f2 essere utilizzata per realizzare facilmente macchine con concetto modulare.<\/strong><\/p>\n<hr \/>\n<div class=\"row\">\n<div class=\"col-sm-2\">\n<p><a class=\"button\" href=\"#dettagli\">1. Dettagli<\/a><\/p>\n<\/div>\n<div class=\"col-sm-1\">\n<\/div>\n<div class=\"col-sm-2\">\n<p><a class=\"button\" href=\"#contatta\">2. Contatta<\/a><\/p>\n<\/div>\n<\/div>\n<hr \/>\n<h3 id=\"dettagli\">1. Dettagli<\/h3>\n<p align=\"justify\">All&#8217;interno del PD03 \u00e8 presente un <a href=\"\/it\/prodotti\/motori-lineari\/\">motore lineare<\/a> della serie 37Sx120F-HP. Questo motore di tipo corto pu\u00f2 produrre una forza di picco 255 N e una velocit\u00e0 di picco di 3,8 m\/s. Con la gamma di steli ad alta risoluzione il campo di corsa \u00e8 fino a 1480 mm. Come tutti i motori LinMot, anche questo modello pu\u00f2 essere posizionato liberamente e ha un&#8217;elevata stabilit\u00e0 di processo e una lunga durata, senza componenti soggetti ad usura.<\/p>\n<p align=\"justify\">L&#8217;azionamento alimenta il motore con una corrente di fase di picco fino a 25 A e dispone di un&#8217;interfaccia Ethernet industriale. EtherCAT con profili dispositivo LinMot I\/O (-EC), CiA402 (-DS) e SoE (-SE) \u00e8 disponibile. Altre interfacce su richiesta. L&#8217;interfaccia di configurazione RS232 e l&#8217;interruttore DIP sono installati dietro un coperchio protettivo, che garantisce il rispetto dei requisiti di tenuta stagna. Il motore completo con azionamento integrato soddisfa quindi la classe di protezione IP 65 per evitare infiltrazioni di polvere e spruzzi d&#8217;acqua.<\/p>\n<div class=\"row\">\n<div class=\"col-md-5\">\n<ul>\n<li>Motore lineare ad alte prestazioni con azionamento integrato<\/li>\n<li>Struttura compatta<\/li>\n<li>Altamente dinamico<\/li>\n<li>Adatto per i collegamenti in &#8220;daisy chain&#8221;<\/li>\n<li>Flangia di montaggio integrata<\/li>\n<li>Minima difficolt\u00e0 di cablaggio<\/li>\n<\/ul>\n<p><a class=\"btn btn-active\" href=\"https:\/\/shop.linmot.com\/E\/linear-motors-with-drives.htm\" target=\"_blank\" rel=\"noopener noreferrer\">Ai dettagli nel catalogo elettronico (inglese)<\/a><\/p>\n<\/div>\n<div class=\"col-md-7\">\n<div class=\"carousel slide\" id=\"b6b306cdbb49b00907474b768e1c2e5f\" data-ride=\"carousel\">  <div class=\"carousel-inner\" role=\"listbox\">    <div class=\"item active\">      <img decoding=\"async\" src=\"https:\/\/linmot.com\/it\/wp-content\/uploads\/sites\/4\/2018\/08\/2018-Linmot-PD03_3.jpg\" alt=\"...\">    <\/div>    <div class=\"item\">      <img decoding=\"async\" src=\"https:\/\/linmot.com\/it\/wp-content\/uploads\/sites\/4\/2018\/08\/2018-Linmot-PD03-1.jpg\" alt=\"...\">    <\/div>    <div class=\"item\">      <img decoding=\"async\" src=\"https:\/\/linmot.com\/it\/wp-content\/uploads\/sites\/4\/2018\/08\/2018-Linmot-PD03_2.jpg\" alt=\"...\">    <\/div>  <\/div><div class=\"navigation\"><a class=\"left carousel-control\" href=\"#b6b306cdbb49b00907474b768e1c2e5f\" role=\"button\" data-slide=\"prev\"><\/a><a class=\"right carousel-control\" href=\"#b6b306cdbb49b00907474b768e1c2e5f\" role=\"button\" data-slide=\"next\"><\/a><\/div><\/div>\n<\/div>\n<\/div>\n<blockquote><p>Concetto di prodotto innovativo attraverso il quale il controllore nell&#8217;armadio elettrico non \u00e8 pi\u00f9 necessario<\/p><\/blockquote>\n<h3 id=\"contatta\">2. Contatta<\/h3>\n<div class=\"row download\">\n<div class=\"col-md-6\">\n<h4 class=\"download-title\">Domande sui nostri motori lineari?<\/h4>\n<p class=\"bodytext\">Saremo lieti di rispondere a qualsiasi domanda.<br \/>\nContattateci utilizzando il seguente modulo o chiamateci al seguente numero:<\/p>\n<p class=\"bodytext\">Tel: +41 (0)56 419 91 91<\/p>\n<p class=\"bodytext\">Il team LinMot<\/p>\n<\/div>\n<div class=\"col-md-1\">\n<\/div>\n<div class=\"col-md-5\">\n\n<div class=\"wpcf7 no-js\" id=\"wpcf7-f1805-o1\" lang=\"it-IT\" dir=\"ltr\" data-wpcf7-id=\"1805\">\n<div class=\"screen-reader-response\"><p role=\"status\" aria-live=\"polite\" aria-atomic=\"true\"><\/p> <ul><\/ul><\/div>\n<form action=\"\/it\/wp-json\/wp\/v2\/pages\/791#wpcf7-f1805-o1\" method=\"post\" class=\"wpcf7-form init\" aria-label=\"Modulo di contatto\" novalidate=\"novalidate\" data-status=\"init\">\n<fieldset class=\"hidden-fields-container\"><input type=\"hidden\" name=\"_wpcf7\" value=\"1805\" \/><input type=\"hidden\" name=\"_wpcf7_version\" value=\"6.1.5\" \/><input type=\"hidden\" name=\"_wpcf7_locale\" value=\"it_IT\" \/><input type=\"hidden\" name=\"_wpcf7_unit_tag\" value=\"wpcf7-f1805-o1\" \/><input type=\"hidden\" name=\"_wpcf7_container_post\" value=\"0\" \/><input type=\"hidden\" name=\"_wpcf7_posted_data_hash\" value=\"\" \/><input type=\"hidden\" name=\"_wpcf7_recaptcha_response\" value=\"\" \/>\n<\/fieldset>\n<label>Il tuo nome<br>\n    <span class=\"wpcf7-form-control-wrap\" data-name=\"your-name\"><input size=\"40\" maxlength=\"400\" class=\"wpcf7-form-control wpcf7-text wpcf7-validates-as-required\" aria-required=\"true\" aria-invalid=\"false\" value=\"\" type=\"text\" name=\"your-name\" \/><\/span> <\/label>\n<br>\n<label>Azienda<br>\n    <span class=\"wpcf7-form-control-wrap\" data-name=\"your-company\"><input size=\"40\" maxlength=\"400\" class=\"wpcf7-form-control wpcf7-text wpcf7-validates-as-required\" aria-required=\"true\" aria-invalid=\"false\" value=\"\" type=\"text\" name=\"your-company\" \/><\/span> <\/label>\n<br>\n<label>Codice postale<br>\n    <span class=\"wpcf7-form-control-wrap\" data-name=\"your-plz\"><input class=\"wpcf7-form-control wpcf7-number wpcf7-validates-as-required wpcf7-validates-as-number\" aria-required=\"true\" aria-invalid=\"false\" value=\"\" type=\"number\" name=\"your-plz\" \/><\/span> <\/label>\n<br>\n<label>Paese<br>\n    <span class=\"wpcf7-form-control-wrap\" data-name=\"your-country\"><input size=\"40\" maxlength=\"400\" class=\"wpcf7-form-control wpcf7-text wpcf7-validates-as-required\" aria-required=\"true\" aria-invalid=\"false\" value=\"\" type=\"text\" name=\"your-country\" \/><\/span> <\/label>\n<br>\n<label>Numero di telefono<br>\n    <span class=\"wpcf7-form-control-wrap\" data-name=\"your-number\"><input size=\"40\" maxlength=\"400\" class=\"wpcf7-form-control wpcf7-tel wpcf7-validates-as-required wpcf7-text wpcf7-validates-as-tel\" aria-required=\"true\" aria-invalid=\"false\" value=\"\" type=\"tel\" name=\"your-number\" \/><\/span> <\/label>\n<br>\n<label>Email<br>\n    <span class=\"wpcf7-form-control-wrap\" data-name=\"your-email\"><input size=\"40\" maxlength=\"400\" class=\"wpcf7-form-control wpcf7-email wpcf7-validates-as-required wpcf7-text wpcf7-validates-as-email\" aria-required=\"true\" aria-invalid=\"false\" value=\"\" type=\"email\" name=\"your-email\" \/><\/span> <\/label>\n<br>\n<label> Il tuo messaggio<br>\n    <span class=\"wpcf7-form-control-wrap\" data-name=\"your-message\"><textarea cols=\"40\" rows=\"10\" maxlength=\"2000\" class=\"wpcf7-form-control wpcf7-textarea\" aria-invalid=\"false\" name=\"your-message\"><\/textarea><\/span> <\/label>\n<br>\n<input class=\"wpcf7-form-control wpcf7-submit has-spinner\" type=\"submit\" value=\"Invia\" \/><div class=\"wpcf7-response-output\" aria-hidden=\"true\"><\/div>\n<\/form>\n<\/div>\n\n<\/div>\n<\/div>\n","protected":false},"excerpt":{"rendered":"<p>L&#8217;unit\u00e0 di azionamento PD03 \u00e8 costituita da un motore lineare compatto e da un azionamento integrato. Questo concetto innovativo consente di eliminare il controllore dall&#8217;armadio elettrico degli azionamenti lineari diretti, riducendo notevolmente i tempi e l&#8217;impegno per l&#8217;installazione. Inoltre, questo apre la possibilit\u00e0 di accoppiare in modo efficiente pi\u00f9 dispositivi in un collegamento in &#8220;daisy [&hellip;]<\/p>\n","protected":false},"author":1,"featured_media":0,"parent":1210,"menu_order":80,"comment_status":"closed","ping_status":"closed","template":"","meta":{"_acf_changed":false,"footnotes":""},"class_list":["post-791","page","type-page","status-publish","hentry"],"acf":[],"yoast_head":"<!-- This site is optimized with the Yoast SEO Premium plugin v20.9 (Yoast SEO v27.4) - https:\/\/yoast.com\/product\/yoast-seo-premium-wordpress\/ -->\n<title>Motori lineari con azionamento integrato | LinMot<\/title>\n<meta name=\"description\" content=\"L&#039;unit\u00e0 di azionamento PD03 consiste in un motore lineare compatto con azionamento integrato, rendendo superfluo il controllore nell&#039;armadio di comando.\" \/>\n<meta name=\"robots\" content=\"index, follow, max-snippet:-1, max-image-preview:large, max-video-preview:-1\" \/>\n<link rel=\"canonical\" href=\"https:\/\/linmot.com\/it\/prodotti\/motori-lineari-con-azionamento-integrato\/\" \/>\n<meta property=\"og:locale\" content=\"it_IT\" \/>\n<meta property=\"og:type\" content=\"article\" \/>\n<meta property=\"og:title\" content=\"Motori lineari con azionamento integrato | LinMot\" \/>\n<meta property=\"og:description\" content=\"L&#039;unit\u00e0 di azionamento PD03 consiste in un motore lineare compatto con azionamento integrato, rendendo superfluo il controllore nell&#039;armadio di comando.\" \/>\n<meta property=\"og:url\" content=\"https:\/\/linmot.com\/it\/prodotti\/motori-lineari-con-azionamento-integrato\/\" \/>\n<meta property=\"og:site_name\" content=\"LinMot e MagSpring - Italiano\" \/>\n<meta property=\"article:modified_time\" content=\"2024-08-28T13:49:24+00:00\" \/>\n<meta property=\"og:image\" content=\"https:\/\/linmot.com\/it\/wp-content\/uploads\/sites\/4\/2022\/05\/linmot-social-share-logo.jpg\" \/>\n\t<meta property=\"og:image:width\" content=\"800\" \/>\n\t<meta property=\"og:image:height\" content=\"500\" \/>\n\t<meta property=\"og:image:type\" content=\"image\/jpeg\" \/>\n<meta name=\"twitter:card\" content=\"summary_large_image\" \/>\n<meta name=\"twitter:title\" content=\"Motori lineari con azionamento integrato | LinMot\" \/>\n<meta name=\"twitter:description\" content=\"L&#039;unit\u00e0 di azionamento PD03 consiste in un motore lineare compatto con azionamento integrato, rendendo superfluo il controllore nell&#039;armadio di comando.\" \/>\n<meta name=\"twitter:label1\" content=\"Tempo di lettura stimato\" \/>\n\t<meta name=\"twitter:data1\" content=\"2 minuti\" \/>\n<script type=\"application\/ld+json\" class=\"yoast-schema-graph\">{\"@context\":\"https:\\\/\\\/schema.org\",\"@graph\":[{\"@type\":\"WebPage\",\"@id\":\"https:\\\/\\\/linmot.com\\\/it\\\/prodotti\\\/motori-lineari-con-azionamento-integrato\\\/\",\"url\":\"https:\\\/\\\/linmot.com\\\/it\\\/prodotti\\\/motori-lineari-con-azionamento-integrato\\\/\",\"name\":\"Motori lineari con azionamento integrato | LinMot\",\"isPartOf\":{\"@id\":\"https:\\\/\\\/linmot.com\\\/it\\\/#website\"},\"datePublished\":\"2018-08-26T18:33:41+00:00\",\"dateModified\":\"2024-08-28T13:49:24+00:00\",\"description\":\"L'unit\u00e0 di azionamento PD03 consiste in un motore lineare compatto con azionamento integrato, rendendo superfluo il controllore nell'armadio di comando.\",\"breadcrumb\":{\"@id\":\"https:\\\/\\\/linmot.com\\\/it\\\/prodotti\\\/motori-lineari-con-azionamento-integrato\\\/#breadcrumb\"},\"inLanguage\":\"it-IT\",\"potentialAction\":[{\"@type\":\"ReadAction\",\"target\":[\"https:\\\/\\\/linmot.com\\\/it\\\/prodotti\\\/motori-lineari-con-azionamento-integrato\\\/\"]}]},{\"@type\":\"BreadcrumbList\",\"@id\":\"https:\\\/\\\/linmot.com\\\/it\\\/prodotti\\\/motori-lineari-con-azionamento-integrato\\\/#breadcrumb\",\"itemListElement\":[{\"@type\":\"ListItem\",\"position\":1,\"name\":\"Home\",\"item\":\"https:\\\/\\\/linmot.com\\\/it\\\/\"},{\"@type\":\"ListItem\",\"position\":2,\"name\":\"Prodotti\",\"item\":\"https:\\\/\\\/linmot.com\\\/it\\\/prodotti\\\/\"},{\"@type\":\"ListItem\",\"position\":3,\"name\":\"Motori lineari con azionamento integrato\"}]},{\"@type\":\"WebSite\",\"@id\":\"https:\\\/\\\/linmot.com\\\/it\\\/#website\",\"url\":\"https:\\\/\\\/linmot.com\\\/it\\\/\",\"name\":\"LinMot e MagSpring - Italiano\",\"description\":\"Motori lineari e sistemi di motori lineari di alta qualit\u00e0\",\"publisher\":{\"@id\":\"https:\\\/\\\/linmot.com\\\/it\\\/#organization\"},\"potentialAction\":[{\"@type\":\"SearchAction\",\"target\":{\"@type\":\"EntryPoint\",\"urlTemplate\":\"https:\\\/\\\/linmot.com\\\/it\\\/?s={search_term_string}\"},\"query-input\":{\"@type\":\"PropertyValueSpecification\",\"valueRequired\":true,\"valueName\":\"search_term_string\"}}],\"inLanguage\":\"it-IT\"},{\"@type\":\"Organization\",\"@id\":\"https:\\\/\\\/linmot.com\\\/it\\\/#organization\",\"name\":\"NTI AG - LinMot & MagSpring\",\"url\":\"https:\\\/\\\/linmot.com\\\/it\\\/\",\"logo\":{\"@type\":\"ImageObject\",\"inLanguage\":\"it-IT\",\"@id\":\"https:\\\/\\\/linmot.com\\\/it\\\/#\\\/schema\\\/logo\\\/image\\\/\",\"url\":\"https:\\\/\\\/linmot.com\\\/it\\\/wp-content\\\/uploads\\\/sites\\\/4\\\/2022\\\/05\\\/linmot-social-share-logo.jpg\",\"contentUrl\":\"https:\\\/\\\/linmot.com\\\/it\\\/wp-content\\\/uploads\\\/sites\\\/4\\\/2022\\\/05\\\/linmot-social-share-logo.jpg\",\"width\":800,\"height\":500,\"caption\":\"NTI AG - LinMot & MagSpring\"},\"image\":{\"@id\":\"https:\\\/\\\/linmot.com\\\/it\\\/#\\\/schema\\\/logo\\\/image\\\/\"},\"sameAs\":[\"https:\\\/\\\/www.linkedin.com\\\/company\\\/pamoco-spa\\\/\",\"https:\\\/\\\/www.youtube.com\\\/user\\\/LinMotEurope\"]}]}<\/script>\n<!-- \/ Yoast SEO Premium plugin. -->","yoast_head_json":{"title":"Motori lineari con azionamento integrato | LinMot","description":"L'unit\u00e0 di azionamento PD03 consiste in un motore lineare compatto con azionamento integrato, rendendo superfluo il controllore nell'armadio di comando.","robots":{"index":"index","follow":"follow","max-snippet":"max-snippet:-1","max-image-preview":"max-image-preview:large","max-video-preview":"max-video-preview:-1"},"canonical":"https:\/\/linmot.com\/it\/prodotti\/motori-lineari-con-azionamento-integrato\/","og_locale":"it_IT","og_type":"article","og_title":"Motori lineari con azionamento integrato | LinMot","og_description":"L'unit\u00e0 di azionamento PD03 consiste in un motore lineare compatto con azionamento integrato, rendendo superfluo il controllore nell'armadio di comando.","og_url":"https:\/\/linmot.com\/it\/prodotti\/motori-lineari-con-azionamento-integrato\/","og_site_name":"LinMot e MagSpring - Italiano","article_modified_time":"2024-08-28T13:49:24+00:00","og_image":[{"width":800,"height":500,"url":"https:\/\/linmot.com\/it\/wp-content\/uploads\/sites\/4\/2022\/05\/linmot-social-share-logo.jpg","type":"image\/jpeg"}],"twitter_card":"summary_large_image","twitter_title":"Motori lineari con azionamento integrato | LinMot","twitter_description":"L'unit\u00e0 di azionamento PD03 consiste in un motore lineare compatto con azionamento integrato, rendendo superfluo il controllore nell'armadio di comando.","twitter_misc":{"Tempo di lettura stimato":"2 minuti"},"schema":{"@context":"https:\/\/schema.org","@graph":[{"@type":"WebPage","@id":"https:\/\/linmot.com\/it\/prodotti\/motori-lineari-con-azionamento-integrato\/","url":"https:\/\/linmot.com\/it\/prodotti\/motori-lineari-con-azionamento-integrato\/","name":"Motori lineari con azionamento integrato | LinMot","isPartOf":{"@id":"https:\/\/linmot.com\/it\/#website"},"datePublished":"2018-08-26T18:33:41+00:00","dateModified":"2024-08-28T13:49:24+00:00","description":"L'unit\u00e0 di azionamento PD03 consiste in un motore lineare compatto con azionamento integrato, rendendo superfluo il controllore nell'armadio di comando.","breadcrumb":{"@id":"https:\/\/linmot.com\/it\/prodotti\/motori-lineari-con-azionamento-integrato\/#breadcrumb"},"inLanguage":"it-IT","potentialAction":[{"@type":"ReadAction","target":["https:\/\/linmot.com\/it\/prodotti\/motori-lineari-con-azionamento-integrato\/"]}]},{"@type":"BreadcrumbList","@id":"https:\/\/linmot.com\/it\/prodotti\/motori-lineari-con-azionamento-integrato\/#breadcrumb","itemListElement":[{"@type":"ListItem","position":1,"name":"Home","item":"https:\/\/linmot.com\/it\/"},{"@type":"ListItem","position":2,"name":"Prodotti","item":"https:\/\/linmot.com\/it\/prodotti\/"},{"@type":"ListItem","position":3,"name":"Motori lineari con azionamento integrato"}]},{"@type":"WebSite","@id":"https:\/\/linmot.com\/it\/#website","url":"https:\/\/linmot.com\/it\/","name":"LinMot e MagSpring - Italiano","description":"Motori lineari e sistemi di motori lineari di alta qualit\u00e0","publisher":{"@id":"https:\/\/linmot.com\/it\/#organization"},"potentialAction":[{"@type":"SearchAction","target":{"@type":"EntryPoint","urlTemplate":"https:\/\/linmot.com\/it\/?s={search_term_string}"},"query-input":{"@type":"PropertyValueSpecification","valueRequired":true,"valueName":"search_term_string"}}],"inLanguage":"it-IT"},{"@type":"Organization","@id":"https:\/\/linmot.com\/it\/#organization","name":"NTI AG - LinMot & MagSpring","url":"https:\/\/linmot.com\/it\/","logo":{"@type":"ImageObject","inLanguage":"it-IT","@id":"https:\/\/linmot.com\/it\/#\/schema\/logo\/image\/","url":"https:\/\/linmot.com\/it\/wp-content\/uploads\/sites\/4\/2022\/05\/linmot-social-share-logo.jpg","contentUrl":"https:\/\/linmot.com\/it\/wp-content\/uploads\/sites\/4\/2022\/05\/linmot-social-share-logo.jpg","width":800,"height":500,"caption":"NTI AG - LinMot & MagSpring"},"image":{"@id":"https:\/\/linmot.com\/it\/#\/schema\/logo\/image\/"},"sameAs":["https:\/\/www.linkedin.com\/company\/pamoco-spa\/","https:\/\/www.youtube.com\/user\/LinMotEurope"]}]}},"_links":{"self":[{"href":"https:\/\/linmot.com\/it\/wp-json\/wp\/v2\/pages\/791","targetHints":{"allow":["GET"]}}],"collection":[{"href":"https:\/\/linmot.com\/it\/wp-json\/wp\/v2\/pages"}],"about":[{"href":"https:\/\/linmot.com\/it\/wp-json\/wp\/v2\/types\/page"}],"author":[{"embeddable":true,"href":"https:\/\/linmot.com\/it\/wp-json\/wp\/v2\/users\/1"}],"replies":[{"embeddable":true,"href":"https:\/\/linmot.com\/it\/wp-json\/wp\/v2\/comments?post=791"}],"version-history":[{"count":16,"href":"https:\/\/linmot.com\/it\/wp-json\/wp\/v2\/pages\/791\/revisions"}],"predecessor-version":[{"id":3591,"href":"https:\/\/linmot.com\/it\/wp-json\/wp\/v2\/pages\/791\/revisions\/3591"}],"up":[{"embeddable":true,"href":"https:\/\/linmot.com\/it\/wp-json\/wp\/v2\/pages\/1210"}],"wp:attachment":[{"href":"https:\/\/linmot.com\/it\/wp-json\/wp\/v2\/media?parent=791"}],"curies":[{"name":"wp","href":"https:\/\/api.w.org\/{rel}","templated":true}]}}