{"id":58,"date":"2017-10-20T23:34:41","date_gmt":"2017-10-20T21:34:41","guid":{"rendered":"https:\/\/linmot.com\/?page_id=58"},"modified":"2024-07-08T11:12:51","modified_gmt":"2024-07-08T09:12:51","slug":"prodotti-alimentari","status":"publish","type":"page","link":"https:\/\/linmot.com\/it\/soluzioni-industriali\/prodotti-alimentari\/","title":{"rendered":"Prodotti alimentari"},"content":{"rendered":"<img loading=\"lazy\" decoding=\"async\" class=\"aligncenter size-full wp-image-196\" src=\"https:\/\/linmot.com\/it\/wp-content\/uploads\/sites\/4\/2017\/10\/LinMot-Solutions-Food-Products-Industry.jpg\" alt=\"\" width=\"940\" height=\"300\" srcset=\"https:\/\/linmot.com\/it\/wp-content\/uploads\/sites\/4\/2017\/10\/LinMot-Solutions-Food-Products-Industry.jpg 940w, https:\/\/linmot.com\/it\/wp-content\/uploads\/sites\/4\/2017\/10\/LinMot-Solutions-Food-Products-Industry-300x96.jpg 300w, https:\/\/linmot.com\/it\/wp-content\/uploads\/sites\/4\/2017\/10\/LinMot-Solutions-Food-Products-Industry-768x245.jpg 768w\" sizes=\"auto, (max-width: 940px) 100vw, 940px\" \/>\n<p>La maggior parte dei prodotti alimentari che utilizziamo non proviene direttamente dal produttore. Al contrario, devono superare una serie di processi industriali e fasi di confezionamento, prima che possano arrivare sugli scaffali del supermercato o nei nostri negozi di alimentari. La tecnologia dell\u2019automazione \u00e8 un elemento fondamentale per tutti i prodotti alimentari e per i macchinari utilizzati ai fini del confezionamento. La frequente modifica degli imballaggi, in lotti sempre pi\u00f9 piccoli o in quantit\u00e0 maggiori, rappresenta una delle sfide pi\u00f9 difficili per i costruttori di macchinari. Un requisito aggiuntivo \u00e8 costituito dal monitoraggio completo e dal salvataggio dei dati relativi a tutti i processi. Ogni produttore e ogni addetto al trattamento degli articoli alimentari vuole che la merce sia sicura e monitorata. I parametri di protezione dei consumatori devono essere rispettati per tutti i prodotti, in modo tale da garantire il raggiungimento dei parametri fissati dalle norme igieniche.<\/p>\n<p>I dispositivi LinMot forniscono ai costruttori di macchine componenti ottimali per i processi di produzione e imballaggio nell&#8217;industria alimentare.<\/p>\n<p>I vari modelli dei motori lineari, realizzati in acciaio inossidabile e rispettosi dei parametri igienici pi\u00f9 rigorosi, sono stati elaborati appositamente per questo tipo di applicazioni.<\/p>\n<p>Essi possono compiere movimenti standard, altamente dinamici, rotativi o lineari, all\u2019interno dell\u2019alloggiamento di un motore singolo.<\/p>\n<p>Grazie ai parametri programmabili nell\u2019azionamento, i motori garantiscono un&#8217;elevata flessibilit\u00e0 per applicazioni quali:<\/p>\n<div class=\"row\">\n<div class=\"col-sm-4\">\n<ul>\n<li>Riempimento di recipienti per bevande<\/li>\n<li>Posizionamento dei prodotti negli imballaggi<\/li>\n<li>Pesatura di prodotti<\/li>\n<li>Misura dimensionale di prodotti<\/li>\n<\/ul>\n<\/div>\n<div class=\"col-sm-4\">\n<ul>\n<li>Cernita con spintori o estrattori<\/li>\n<li>Scarto di prodotti<\/li>\n<li>Taglio di prodotti alimentari<\/li>\n<li>Imballaggio<\/li>\n<\/ul>\n<\/div>\n<div class=\"col-sm-4\">\n<ul>\n<li>Chiusura ermetica<\/li>\n<li>Compressione<\/li>\n<li>ecc.<\/li>\n<\/ul>\n<\/div>\n<\/div>\n<hr \/>\n<h2>Applicazioni realizzate nell\u2019industria alimentare<\/h2>\n<div class=\"row download\">\n<div class=\"col-md-3\">\n<h4 class=\"download-title\">I motori lineari INOX garantiscono la salute dei pesci d\u2019allevamento<\/h4>\n<p class=\"bodytext\" align=\"justify\">La macchina VX-8 sviluppata da Skala Maskon inocula automaticamente fino a 20.000 pesci d\u2019allevamento all\u2019ora. Ha quindi il potenziale per ridurre significativamente l\u2019uso di farmaci nelle acquacolture e per assicurare la fornitura di pesce sano per la popolazione mondiale.<\/p>\n<p><a class=\"button\" href=\"\/it\/blog\/i-motori-lineari-inox-garantiscono-la-salute-dei-pesci-dallevamento\/\">Maggiori informazioni<\/a><br \/>\n<\/div>\n<div class=\"col-md-2\">\n<img loading=\"lazy\" decoding=\"async\" class=\"alignnone wp-image-3295 size-full\" src=\"https:\/\/linmot.com\/de\/wp-content\/uploads\/sites\/2\/2022\/04\/inox-zuchtfisch.jpg\" alt=\"\" width=\"220\" height=\"220\" \/><br \/>\n<\/div>\n<div class=\"col-md-2\">\n<\/div>\n<div class=\"col-md-3\">\n<h4 class=\"download-title\">Dirottamento di parti preziose di pesce con motori lineari<\/h4>\n<p class=\"bodytext\" align=\"justify\">Valka, un\u2019azienda islandese high-tech che progetta e costruisce sistemi avanzati per la lavorazione del pesce, equipaggia le sue macchine di separazione e selezione con motori LinMot in acciaio inossidabile per garantire la velocit\u00e0 e la precisione necessarie in un ambiente di lavaggio impegnativo.<\/p>\n<p><a class=\"button\" href=\"\/it\/blog\/separare-una-prelibatezza-dirottamento-di-parti-preziose-di-pesce-con-motori-lineari\/\">Maggiori informazioni<\/a><br \/>\n<\/div>\n<div class=\"col-md-2\">\n<img loading=\"lazy\" decoding=\"async\" class=\"alignnone wp-image-3296 size-full\" src=\"https:\/\/linmot.com\/wp-content\/uploads\/2022\/08\/valka-application-report.jpg\" alt=\"\" width=\"220\" height=\"220\" \/><br \/>\n<\/div>\n<\/div>\n<div class=\"row download\">\n<div class=\"col-md-3\">\n<h4 class=\"download-title\">Affettatrice verticale per prodotti a base di carne arrosto<\/h4>\n<p class=\"bodytext\" align=\"justify\">L\u2019automazione non \u00e8 mai stata in grado di mantenere la forma naturale dei filetti di petto di pollame arrosto quando si taglia questo prodotto di alta qualit\u00e0 in fette sottili. La Food Technology Thielemann, specializzata in affettatrici per pollame, ha presentato la prima soluzione al mondo per questo compito.<\/p>\n<p><a class=\"button\" href=\"\/it\/blog\/mantenersi-in-forma-affettatrice-verticale-per-prodotti-a-base-di-carne-arrosto\/\">Maggiori informazioni<\/a><br \/>\n<\/div>\n<div class=\"col-md-2\">\n<img loading=\"lazy\" decoding=\"async\" class=\"alignnone wp-image-3280\" src=\"https:\/\/linmot.com\/de\/wp-content\/uploads\/sites\/2\/2023\/01\/vorschau-vertical-slicer.jpg\" alt=\"\" width=\"220\" height=\"220\" \/><br \/>\n<\/div>\n<div class=\"col-md-2\">\n<\/div>\n<div class=\"col-md-3\">\n<h4 class=\"download-title\">Tecnologia di azionamento definitiva<\/h4>\n<p class=\"bodytext\" align=\"justify\">Da quando la Chocolat Frey AG ha recentemente ampliato la produzione dei popolarissimi Napolitains, questo grande produttore svizzero di cioccolato ha beneficiato dei vantaggi della tecnologia avanzata, producendo un vasto assortimento di wafer di cioccolato molto piccoli con una qualit\u00e0, una sicurezza di processo e una produttivit\u00e0 ancora maggiori.<\/p>\n<p><a class=\"button\" href=\"\/it\/blog\/tecnologia-di-azionamento-allavanguardia\/\">Maggiori informazioni<\/a><br \/>\n<\/div>\n<div class=\"col-md-2\">\n<img loading=\"lazy\" decoding=\"async\" class=\"alignnone wp-image-3295 size-full\" src=\"https:\/\/linmot.com\/de\/wp-content\/uploads\/sites\/2\/2022\/04\/ultimate-drive-technology.jpg\" alt=\"\" width=\"220\" height=\"220\" \/><br \/>\n<\/div>\n<\/div>\n<div class=\"row download\">\n<div class=\"col-md-3\">\n<h4 class=\"download-title\">Industria delle bevande 4.0<\/h4>\n<p class=\"bodytext\" align=\"justify\">Costruzioni ingombranti, bottiglie che si rovesciano e basse prestazioni della linea: tutto questo appartiene al passato. Gli sviluppi di Syscona Kontrollsysteme GmbH, sovvenzionati dallo Stato, insieme ai motori lineari di LinMot, aprono la strada a un cambiamento strutturale digitale e orientato alla domanda dei processi di produzione e controllo nell\u2019industria delle bevande.<\/p>\n<p><a class=\"button\" href=\"\/it\/blog\/industria-delle-bevande-4-0-guidata-dalla-tecnologia-lineare-linmot\/\">Maggiori informazioni<\/a><br \/>\n<\/div>\n<div class=\"col-md-2\">\n<img loading=\"lazy\" decoding=\"async\" class=\"aligncenter size-full wp-image-4062\" src=\"https:\/\/linmot.com\/de\/wp-content\/uploads\/sites\/2\/2023\/01\/vorschau-getraenkeindustrie-4_0.jpg\" alt=\"\" width=\"220\" height=\"220\" \/><br \/>\n<\/div>\n<div class=\"col-md-2\">\n<\/div>\n<div class=\"col-md-3\">\n<h4 class=\"download-title\">Motori lineari rotativi di LinMot e chiusure di Wing-Cap<\/h4>\n<p class=\"bodytext\" align=\"justify\">200 milioni di litri di latte e 60 milioni di litri di panna. Queste impressionanti quantit\u00e0 di liquidi vengono lavorate ogni anno presso la Mittelland Molkerei AG di Emmi a Suhr. Al centro di tutto questo: i motori rotativi di sollevamento di LinMot e le chiusure Wing-Cap.<\/p>\n<p><a class=\"button\" href=\"\/it\/blog\/la-soluzione-per-il-latte-versato-motori-lineari-rotativi-di-linmot-e-chiusure-di-wing-cap\/\">Maggiori informazioni<\/a><br \/>\n<\/div>\n<div class=\"col-md-2\">\n<img loading=\"lazy\" decoding=\"async\" class=\"alignnone wp-image-3296 size-full\" src=\"https:\/\/linmot.com\/de\/wp-content\/uploads\/sites\/2\/2023\/01\/vorschau-emmi-wing-cap-verschluesse.jpg\" alt=\"\" width=\"220\" height=\"220\" \/><br \/>\n<\/div>\n<\/div>\n<div class=\"row download\">\n<div class=\"col-md-3\">\n<h4 class=\"download-title\">Riempimento flessibile e veloce<\/h4>\n<p class=\"bodytext\" align=\"justify\">Combinare i vantaggi della misurazione basata sulla misurazione a flusso con quelli della misurazione a pistone in una macchina di riempimento rotativa \u00e8 ci\u00f2 che molti utenti desiderano. T\u00f6lke, uno specialista di macchine per l\u2019imballaggio, ha ora realizzato questa impresa utilizzando i motori lineari LinMot.<\/p>\n<p><a class=\"button\" href=\"\/it\/blog\/riempimento-flessibile-e-veloce\/\">Maggiori informazioni<\/a><br \/>\n<\/div>\n<div class=\"col-md-2\">\n<img loading=\"lazy\" decoding=\"async\" class=\"alignnone wp-image-3280\" src=\"https:\/\/linmot.com\/de\/wp-content\/uploads\/sites\/2\/2022\/04\/flexibel-und-schnell-abfuellen.jpg\" alt=\"\" width=\"220\" height=\"220\" \/><br \/>\n<\/div>\n<\/div>\n","protected":false},"excerpt":{"rendered":"<p>La maggior parte dei prodotti alimentari che utilizziamo non proviene direttamente dal produttore. Al contrario, devono superare una serie di processi industriali e fasi di confezionamento, prima che possano arrivare sugli scaffali del supermercato o nei nostri negozi di alimentari. La tecnologia dell\u2019automazione \u00e8 un elemento fondamentale per tutti i prodotti alimentari e per i [&hellip;]<\/p>\n","protected":false},"author":1,"featured_media":0,"parent":8,"menu_order":126,"comment_status":"closed","ping_status":"closed","template":"","meta":{"_acf_changed":false,"footnotes":""},"class_list":["post-58","page","type-page","status-publish","hentry"],"acf":[],"yoast_head":"<!-- This site is optimized with the Yoast SEO Premium plugin v20.9 (Yoast SEO v27.2) - https:\/\/yoast.com\/product\/yoast-seo-premium-wordpress\/ -->\n<title>Prodotti alimentari - Pesatura, selezione, riempimento, sigillatura<\/title>\n<meta name=\"description\" content=\"LinMot offre ai costruttori di macchine una tecnologia di azionamento innovativa per ottimizzare il processo di produzione e imballaggio degli alimenti.\" \/>\n<meta name=\"robots\" content=\"index, follow, max-snippet:-1, max-image-preview:large, max-video-preview:-1\" \/>\n<link rel=\"canonical\" href=\"https:\/\/linmot.com\/it\/soluzioni-industriali\/prodotti-alimentari\/\" \/>\n<meta property=\"og:locale\" content=\"it_IT\" \/>\n<meta property=\"og:type\" content=\"article\" \/>\n<meta property=\"og:title\" content=\"Prodotti alimentari - Pesatura, selezione, riempimento, sigillatura\" \/>\n<meta property=\"og:description\" content=\"LinMot offre ai costruttori di macchine una tecnologia di azionamento innovativa per ottimizzare il processo di produzione e imballaggio degli alimenti.\" \/>\n<meta property=\"og:url\" content=\"https:\/\/linmot.com\/it\/soluzioni-industriali\/prodotti-alimentari\/\" \/>\n<meta property=\"og:site_name\" content=\"LinMot e MagSpring - Italiano\" \/>\n<meta property=\"article:modified_time\" content=\"2024-07-08T09:12:51+00:00\" \/>\n<meta property=\"og:image\" content=\"https:\/\/linmot.com\/it\/wp-content\/uploads\/sites\/4\/2017\/10\/LinMot-Solutions-Food-Products-Industry.jpg\" \/>\n\t<meta property=\"og:image:width\" content=\"940\" \/>\n\t<meta property=\"og:image:height\" content=\"300\" \/>\n\t<meta property=\"og:image:type\" content=\"image\/jpeg\" \/>\n<meta name=\"twitter:card\" content=\"summary_large_image\" \/>\n<meta name=\"twitter:title\" content=\"Prodotti alimentari - Pesatura, selezione, riempimento, sigillatura\" \/>\n<meta name=\"twitter:description\" content=\"LinMot offre ai costruttori di macchine una tecnologia di azionamento innovativa per ottimizzare il processo di produzione e imballaggio degli alimenti.\" \/>\n<meta name=\"twitter:image\" content=\"https:\/\/linmot.com\/it\/wp-content\/uploads\/sites\/4\/2017\/10\/LinMot-Solutions-Food-Products-Industry.jpg\" \/>\n<meta name=\"twitter:label1\" content=\"Tempo di lettura stimato\" \/>\n\t<meta name=\"twitter:data1\" content=\"6 minuti\" \/>\n<script type=\"application\/ld+json\" class=\"yoast-schema-graph\">{\"@context\":\"https:\/\/schema.org\",\"@graph\":[{\"@type\":\"WebPage\",\"@id\":\"https:\/\/linmot.com\/it\/soluzioni-industriali\/prodotti-alimentari\/\",\"url\":\"https:\/\/linmot.com\/it\/soluzioni-industriali\/prodotti-alimentari\/\",\"name\":\"Prodotti alimentari - Pesatura, selezione, riempimento, sigillatura\",\"isPartOf\":{\"@id\":\"https:\/\/linmot.com\/it\/#website\"},\"primaryImageOfPage\":{\"@id\":\"https:\/\/linmot.com\/it\/soluzioni-industriali\/prodotti-alimentari\/#primaryimage\"},\"image\":{\"@id\":\"https:\/\/linmot.com\/it\/soluzioni-industriali\/prodotti-alimentari\/#primaryimage\"},\"thumbnailUrl\":\"https:\/\/linmot.com\/it\/wp-content\/uploads\/sites\/4\/2017\/10\/LinMot-Solutions-Food-Products-Industry.jpg\",\"datePublished\":\"2017-10-20T21:34:41+00:00\",\"dateModified\":\"2024-07-08T09:12:51+00:00\",\"description\":\"LinMot offre ai costruttori di macchine una tecnologia di azionamento innovativa per ottimizzare il processo di produzione e imballaggio degli alimenti.\",\"breadcrumb\":{\"@id\":\"https:\/\/linmot.com\/it\/soluzioni-industriali\/prodotti-alimentari\/#breadcrumb\"},\"inLanguage\":\"it-IT\",\"potentialAction\":[{\"@type\":\"ReadAction\",\"target\":[\"https:\/\/linmot.com\/it\/soluzioni-industriali\/prodotti-alimentari\/\"]}]},{\"@type\":\"ImageObject\",\"inLanguage\":\"it-IT\",\"@id\":\"https:\/\/linmot.com\/it\/soluzioni-industriali\/prodotti-alimentari\/#primaryimage\",\"url\":\"https:\/\/linmot.com\/it\/wp-content\/uploads\/sites\/4\/2017\/10\/LinMot-Solutions-Food-Products-Industry.jpg\",\"contentUrl\":\"https:\/\/linmot.com\/it\/wp-content\/uploads\/sites\/4\/2017\/10\/LinMot-Solutions-Food-Products-Industry.jpg\",\"width\":940,\"height\":300,\"caption\":\"\"},{\"@type\":\"BreadcrumbList\",\"@id\":\"https:\/\/linmot.com\/it\/soluzioni-industriali\/prodotti-alimentari\/#breadcrumb\",\"itemListElement\":[{\"@type\":\"ListItem\",\"position\":1,\"name\":\"Home\",\"item\":\"https:\/\/linmot.com\/it\/\"},{\"@type\":\"ListItem\",\"position\":2,\"name\":\"Soluzioni industriali\",\"item\":\"https:\/\/linmot.com\/it\/soluzioni-industriali\/\"},{\"@type\":\"ListItem\",\"position\":3,\"name\":\"Prodotti alimentari\"}]},{\"@type\":\"WebSite\",\"@id\":\"https:\/\/linmot.com\/it\/#website\",\"url\":\"https:\/\/linmot.com\/it\/\",\"name\":\"LinMot e MagSpring - Italiano\",\"description\":\"Motori lineari e sistemi di motori lineari di alta qualit\u00e0\",\"publisher\":{\"@id\":\"https:\/\/linmot.com\/it\/#organization\"},\"potentialAction\":[{\"@type\":\"SearchAction\",\"target\":{\"@type\":\"EntryPoint\",\"urlTemplate\":\"https:\/\/linmot.com\/it\/?s={search_term_string}\"},\"query-input\":{\"@type\":\"PropertyValueSpecification\",\"valueRequired\":true,\"valueName\":\"search_term_string\"}}],\"inLanguage\":\"it-IT\"},{\"@type\":\"Organization\",\"@id\":\"https:\/\/linmot.com\/it\/#organization\",\"name\":\"NTI AG - LinMot & MagSpring\",\"url\":\"https:\/\/linmot.com\/it\/\",\"logo\":{\"@type\":\"ImageObject\",\"inLanguage\":\"it-IT\",\"@id\":\"https:\/\/linmot.com\/it\/#\/schema\/logo\/image\/\",\"url\":\"https:\/\/linmot.com\/it\/wp-content\/uploads\/sites\/4\/2022\/05\/linmot-social-share-logo.jpg\",\"contentUrl\":\"https:\/\/linmot.com\/it\/wp-content\/uploads\/sites\/4\/2022\/05\/linmot-social-share-logo.jpg\",\"width\":800,\"height\":500,\"caption\":\"NTI AG - LinMot & MagSpring\"},\"image\":{\"@id\":\"https:\/\/linmot.com\/it\/#\/schema\/logo\/image\/\"},\"sameAs\":[\"https:\/\/www.linkedin.com\/company\/pamoco-spa\/\",\"https:\/\/www.youtube.com\/user\/LinMotEurope\"]}]}<\/script>\n<!-- \/ Yoast SEO Premium plugin. -->","yoast_head_json":{"title":"Prodotti alimentari - Pesatura, selezione, riempimento, sigillatura","description":"LinMot offre ai costruttori di macchine una tecnologia di azionamento innovativa per ottimizzare il processo di produzione e imballaggio degli alimenti.","robots":{"index":"index","follow":"follow","max-snippet":"max-snippet:-1","max-image-preview":"max-image-preview:large","max-video-preview":"max-video-preview:-1"},"canonical":"https:\/\/linmot.com\/it\/soluzioni-industriali\/prodotti-alimentari\/","og_locale":"it_IT","og_type":"article","og_title":"Prodotti alimentari - Pesatura, selezione, riempimento, sigillatura","og_description":"LinMot offre ai costruttori di macchine una tecnologia di azionamento innovativa per ottimizzare il processo di produzione e imballaggio degli alimenti.","og_url":"https:\/\/linmot.com\/it\/soluzioni-industriali\/prodotti-alimentari\/","og_site_name":"LinMot e MagSpring - Italiano","article_modified_time":"2024-07-08T09:12:51+00:00","og_image":[{"width":940,"height":300,"url":"https:\/\/linmot.com\/it\/wp-content\/uploads\/sites\/4\/2017\/10\/LinMot-Solutions-Food-Products-Industry.jpg","type":"image\/jpeg"}],"twitter_card":"summary_large_image","twitter_title":"Prodotti alimentari - Pesatura, selezione, riempimento, sigillatura","twitter_description":"LinMot offre ai costruttori di macchine una tecnologia di azionamento innovativa per ottimizzare il processo di produzione e imballaggio degli alimenti.","twitter_image":"https:\/\/linmot.com\/it\/wp-content\/uploads\/sites\/4\/2017\/10\/LinMot-Solutions-Food-Products-Industry.jpg","twitter_misc":{"Tempo di lettura stimato":"6 minuti"},"schema":{"@context":"https:\/\/schema.org","@graph":[{"@type":"WebPage","@id":"https:\/\/linmot.com\/it\/soluzioni-industriali\/prodotti-alimentari\/","url":"https:\/\/linmot.com\/it\/soluzioni-industriali\/prodotti-alimentari\/","name":"Prodotti alimentari - Pesatura, selezione, riempimento, sigillatura","isPartOf":{"@id":"https:\/\/linmot.com\/it\/#website"},"primaryImageOfPage":{"@id":"https:\/\/linmot.com\/it\/soluzioni-industriali\/prodotti-alimentari\/#primaryimage"},"image":{"@id":"https:\/\/linmot.com\/it\/soluzioni-industriali\/prodotti-alimentari\/#primaryimage"},"thumbnailUrl":"https:\/\/linmot.com\/it\/wp-content\/uploads\/sites\/4\/2017\/10\/LinMot-Solutions-Food-Products-Industry.jpg","datePublished":"2017-10-20T21:34:41+00:00","dateModified":"2024-07-08T09:12:51+00:00","description":"LinMot offre ai costruttori di macchine una tecnologia di azionamento innovativa per ottimizzare il processo di produzione e imballaggio degli alimenti.","breadcrumb":{"@id":"https:\/\/linmot.com\/it\/soluzioni-industriali\/prodotti-alimentari\/#breadcrumb"},"inLanguage":"it-IT","potentialAction":[{"@type":"ReadAction","target":["https:\/\/linmot.com\/it\/soluzioni-industriali\/prodotti-alimentari\/"]}]},{"@type":"ImageObject","inLanguage":"it-IT","@id":"https:\/\/linmot.com\/it\/soluzioni-industriali\/prodotti-alimentari\/#primaryimage","url":"https:\/\/linmot.com\/it\/wp-content\/uploads\/sites\/4\/2017\/10\/LinMot-Solutions-Food-Products-Industry.jpg","contentUrl":"https:\/\/linmot.com\/it\/wp-content\/uploads\/sites\/4\/2017\/10\/LinMot-Solutions-Food-Products-Industry.jpg","width":940,"height":300,"caption":""},{"@type":"BreadcrumbList","@id":"https:\/\/linmot.com\/it\/soluzioni-industriali\/prodotti-alimentari\/#breadcrumb","itemListElement":[{"@type":"ListItem","position":1,"name":"Home","item":"https:\/\/linmot.com\/it\/"},{"@type":"ListItem","position":2,"name":"Soluzioni industriali","item":"https:\/\/linmot.com\/it\/soluzioni-industriali\/"},{"@type":"ListItem","position":3,"name":"Prodotti alimentari"}]},{"@type":"WebSite","@id":"https:\/\/linmot.com\/it\/#website","url":"https:\/\/linmot.com\/it\/","name":"LinMot e MagSpring - Italiano","description":"Motori lineari e sistemi di motori lineari di alta qualit\u00e0","publisher":{"@id":"https:\/\/linmot.com\/it\/#organization"},"potentialAction":[{"@type":"SearchAction","target":{"@type":"EntryPoint","urlTemplate":"https:\/\/linmot.com\/it\/?s={search_term_string}"},"query-input":{"@type":"PropertyValueSpecification","valueRequired":true,"valueName":"search_term_string"}}],"inLanguage":"it-IT"},{"@type":"Organization","@id":"https:\/\/linmot.com\/it\/#organization","name":"NTI AG - LinMot & MagSpring","url":"https:\/\/linmot.com\/it\/","logo":{"@type":"ImageObject","inLanguage":"it-IT","@id":"https:\/\/linmot.com\/it\/#\/schema\/logo\/image\/","url":"https:\/\/linmot.com\/it\/wp-content\/uploads\/sites\/4\/2022\/05\/linmot-social-share-logo.jpg","contentUrl":"https:\/\/linmot.com\/it\/wp-content\/uploads\/sites\/4\/2022\/05\/linmot-social-share-logo.jpg","width":800,"height":500,"caption":"NTI AG - LinMot & MagSpring"},"image":{"@id":"https:\/\/linmot.com\/it\/#\/schema\/logo\/image\/"},"sameAs":["https:\/\/www.linkedin.com\/company\/pamoco-spa\/","https:\/\/www.youtube.com\/user\/LinMotEurope"]}]}},"_links":{"self":[{"href":"https:\/\/linmot.com\/it\/wp-json\/wp\/v2\/pages\/58","targetHints":{"allow":["GET"]}}],"collection":[{"href":"https:\/\/linmot.com\/it\/wp-json\/wp\/v2\/pages"}],"about":[{"href":"https:\/\/linmot.com\/it\/wp-json\/wp\/v2\/types\/page"}],"author":[{"embeddable":true,"href":"https:\/\/linmot.com\/it\/wp-json\/wp\/v2\/users\/1"}],"replies":[{"embeddable":true,"href":"https:\/\/linmot.com\/it\/wp-json\/wp\/v2\/comments?post=58"}],"version-history":[{"count":19,"href":"https:\/\/linmot.com\/it\/wp-json\/wp\/v2\/pages\/58\/revisions"}],"predecessor-version":[{"id":3521,"href":"https:\/\/linmot.com\/it\/wp-json\/wp\/v2\/pages\/58\/revisions\/3521"}],"up":[{"embeddable":true,"href":"https:\/\/linmot.com\/it\/wp-json\/wp\/v2\/pages\/8"}],"wp:attachment":[{"href":"https:\/\/linmot.com\/it\/wp-json\/wp\/v2\/media?parent=58"}],"curies":[{"name":"wp","href":"https:\/\/api.w.org\/{rel}","templated":true}]}}