{"id":54,"date":"2017-10-20T23:34:25","date_gmt":"2017-10-20T21:34:25","guid":{"rendered":"https:\/\/linmot.com\/?page_id=54"},"modified":"2023-05-10T16:55:36","modified_gmt":"2023-05-10T14:55:36","slug":"lavorazione-del-legno","status":"publish","type":"page","link":"https:\/\/linmot.com\/it\/soluzioni-industriali\/lavorazione-del-legno\/","title":{"rendered":"Lavorazione del Legno"},"content":{"rendered":"<img loading=\"lazy\" decoding=\"async\" class=\"aligncenter size-full wp-image-199\" src=\"https:\/\/linmot.com\/it\/wp-content\/uploads\/sites\/4\/2017\/10\/LinMot-Solutions-Wood-Processing-Industry.jpg\" alt=\"\" width=\"940\" height=\"300\" srcset=\"https:\/\/linmot.com\/it\/wp-content\/uploads\/sites\/4\/2017\/10\/LinMot-Solutions-Wood-Processing-Industry.jpg 940w, https:\/\/linmot.com\/it\/wp-content\/uploads\/sites\/4\/2017\/10\/LinMot-Solutions-Wood-Processing-Industry-300x96.jpg 300w, https:\/\/linmot.com\/it\/wp-content\/uploads\/sites\/4\/2017\/10\/LinMot-Solutions-Wood-Processing-Industry-768x245.jpg 768w\" sizes=\"auto, (max-width: 940px) 100vw, 940px\" \/>\n<p>I brevi cicli di vita degli stili di arredamento e la grande concorrenza sul mercato impongono ai fabbricanti di mobili di avere un&#8217;offerta di prodotti molto variabile. I lotti di produzione ridotti sono diventati un requisito tipico per l\u2019industria del mobile e per i fornitori. Oltre a ci\u00f2, \u00e8 necessario garantire il massimo rendimento a livello di produzione dei pezzi. Anche il massimo valore aggiunto ha un ruolo importante, essendo diventato indispensabile in tutte le industrie. Per i macchinari destinati alla lavorazione del legno, pertanto, il migliore utilizzo possibile dei materiali rappresenta un fattore di importanza paragonabile a quella dell&#8217;efficienza e della funzionalit\u00e0.<\/p>\n<p>L\u2019uso dei <a href=\"\/it\/prodotti\/motori-lineari\/\">motori lineari<\/a> contribuisce in grande misura al soddisfacimento di questi requisiti.<\/p>\n<blockquote><p>La tecnologia lineare assicura, ad esempio, la regolazione automatica della larghezza, in modo tale da garantire tagli ottimali<\/p><\/blockquote>\n<p>L\u2019applicazione \u201ctaglio al volo\u201d permette di sincronizzare le operazioni di taglio o sminuzzamento, in maniera tale che l&#8217;utensile si muova insieme al materiale, lavorandolo durante lo spostamento. Gli altri compiti attribuiti ai dispositivi di azionamento comprendono: trasferimento rapido dei sistemi di foratura, tagli precisi, alimentazione e manipolazione dei materiali destinati al macchinario.<\/p>\n<div class=\"row\">\n<div class=\"col-sm-4\">\n<ul>\n<li>Regolazione automatica della larghezza di taglio<\/li>\n<li>Taglio di materiale senza fine<\/li>\n<\/ul>\n<\/div>\n<div class=\"col-sm-4\">\n<ul>\n<li>Movimento veloce delle frese a forare<\/li>\n<\/ul>\n<\/div>\n<div class=\"col-sm-4\">\n<ul>\n<li>Movimentazione dei materiali<\/li>\n<\/ul>\n<\/div>\n<\/div>\n<p>I fori possono essere praticati alternativamente con i nostri motori di tornitura. I sensori integrati assicurano e documentano esattamente la profondit\u00e0 di perforazione desiderata. Grazie all&#8217;alta classe di protezione IP, le particelle di legno fini non danneggiano i motori e garantiscono una lunga durata di vita.<\/p>\n<p>Inoltre, i processi di giunzione possono essere controllati a una frazione della forza di giunzione richiesta con sensori di forza aggiuntivi. Questo garantisce una qualit\u00e0 costante in ogni momento.<\/p>\n","protected":false},"excerpt":{"rendered":"<p>I brevi cicli di vita degli stili di arredamento e la grande concorrenza sul mercato impongono ai fabbricanti di mobili di avere un&#8217;offerta di prodotti molto variabile. I lotti di produzione ridotti sono diventati un requisito tipico per l\u2019industria del mobile e per i fornitori. Oltre a ci\u00f2, \u00e8 necessario garantire il massimo rendimento a [&hellip;]<\/p>\n","protected":false},"author":1,"featured_media":0,"parent":8,"menu_order":127,"comment_status":"closed","ping_status":"closed","template":"","meta":{"_acf_changed":false,"footnotes":""},"class_list":["post-54","page","type-page","status-publish","hentry"],"acf":[],"yoast_head":"<!-- This site is optimized with the Yoast SEO Premium plugin v20.9 (Yoast SEO v27.4) - https:\/\/yoast.com\/product\/yoast-seo-premium-wordpress\/ -->\n<title>Lavorazione del legno - operazioni di segatura o fresatura sincronizzate<\/title>\n<meta name=\"description\" content=\"Per le macchine per la lavorazione del legno, alta efficienza, funzionalit\u00e0 senza compromessi, affidabilit\u00e0 e alta disponibilit\u00e0 sono essenzialii.\" \/>\n<meta name=\"robots\" content=\"index, follow, max-snippet:-1, max-image-preview:large, max-video-preview:-1\" \/>\n<link rel=\"canonical\" href=\"https:\/\/linmot.com\/it\/soluzioni-industriali\/lavorazione-del-legno\/\" \/>\n<meta property=\"og:locale\" content=\"it_IT\" \/>\n<meta property=\"og:type\" content=\"article\" \/>\n<meta property=\"og:title\" content=\"Lavorazione del legno - operazioni di segatura o fresatura sincronizzate\" \/>\n<meta property=\"og:description\" content=\"Per le macchine per la lavorazione del legno, alta efficienza, funzionalit\u00e0 senza compromessi, affidabilit\u00e0 e alta disponibilit\u00e0 sono essenzialii.\" \/>\n<meta property=\"og:url\" content=\"https:\/\/linmot.com\/it\/soluzioni-industriali\/lavorazione-del-legno\/\" \/>\n<meta property=\"og:site_name\" content=\"LinMot e MagSpring - Italiano\" \/>\n<meta property=\"article:modified_time\" content=\"2023-05-10T14:55:36+00:00\" \/>\n<meta property=\"og:image\" content=\"https:\/\/linmot.com\/it\/wp-content\/uploads\/sites\/4\/2017\/10\/LinMot-Solutions-Wood-Processing-Industry.jpg\" \/>\n<meta name=\"twitter:card\" content=\"summary_large_image\" \/>\n<meta name=\"twitter:title\" content=\"Lavorazione del legno - operazioni di segatura o fresatura sincronizzate\" \/>\n<meta name=\"twitter:description\" content=\"Per le macchine per la lavorazione del legno, alta efficienza, funzionalit\u00e0 senza compromessi, affidabilit\u00e0 e alta disponibilit\u00e0 sono essenzialii.\" \/>\n<meta name=\"twitter:label1\" content=\"Tempo di lettura stimato\" \/>\n\t<meta name=\"twitter:data1\" content=\"2 minuti\" \/>\n<script type=\"application\/ld+json\" class=\"yoast-schema-graph\">{\"@context\":\"https:\\\/\\\/schema.org\",\"@graph\":[{\"@type\":\"WebPage\",\"@id\":\"https:\\\/\\\/linmot.com\\\/it\\\/soluzioni-industriali\\\/lavorazione-del-legno\\\/\",\"url\":\"https:\\\/\\\/linmot.com\\\/it\\\/soluzioni-industriali\\\/lavorazione-del-legno\\\/\",\"name\":\"Lavorazione del legno - operazioni di segatura o fresatura sincronizzate\",\"isPartOf\":{\"@id\":\"https:\\\/\\\/linmot.com\\\/it\\\/#website\"},\"primaryImageOfPage\":{\"@id\":\"https:\\\/\\\/linmot.com\\\/it\\\/soluzioni-industriali\\\/lavorazione-del-legno\\\/#primaryimage\"},\"image\":{\"@id\":\"https:\\\/\\\/linmot.com\\\/it\\\/soluzioni-industriali\\\/lavorazione-del-legno\\\/#primaryimage\"},\"thumbnailUrl\":\"https:\\\/\\\/linmot.com\\\/it\\\/wp-content\\\/uploads\\\/sites\\\/4\\\/2017\\\/10\\\/LinMot-Solutions-Wood-Processing-Industry.jpg\",\"datePublished\":\"2017-10-20T21:34:25+00:00\",\"dateModified\":\"2023-05-10T14:55:36+00:00\",\"description\":\"Per le macchine per la lavorazione del legno, alta efficienza, funzionalit\u00e0 senza compromessi, affidabilit\u00e0 e alta disponibilit\u00e0 sono essenzialii.\",\"breadcrumb\":{\"@id\":\"https:\\\/\\\/linmot.com\\\/it\\\/soluzioni-industriali\\\/lavorazione-del-legno\\\/#breadcrumb\"},\"inLanguage\":\"it-IT\",\"potentialAction\":[{\"@type\":\"ReadAction\",\"target\":[\"https:\\\/\\\/linmot.com\\\/it\\\/soluzioni-industriali\\\/lavorazione-del-legno\\\/\"]}]},{\"@type\":\"ImageObject\",\"inLanguage\":\"it-IT\",\"@id\":\"https:\\\/\\\/linmot.com\\\/it\\\/soluzioni-industriali\\\/lavorazione-del-legno\\\/#primaryimage\",\"url\":\"https:\\\/\\\/linmot.com\\\/it\\\/wp-content\\\/uploads\\\/sites\\\/4\\\/2017\\\/10\\\/LinMot-Solutions-Wood-Processing-Industry.jpg\",\"contentUrl\":\"https:\\\/\\\/linmot.com\\\/it\\\/wp-content\\\/uploads\\\/sites\\\/4\\\/2017\\\/10\\\/LinMot-Solutions-Wood-Processing-Industry.jpg\",\"width\":940,\"height\":300,\"caption\":\"\"},{\"@type\":\"BreadcrumbList\",\"@id\":\"https:\\\/\\\/linmot.com\\\/it\\\/soluzioni-industriali\\\/lavorazione-del-legno\\\/#breadcrumb\",\"itemListElement\":[{\"@type\":\"ListItem\",\"position\":1,\"name\":\"Home\",\"item\":\"https:\\\/\\\/linmot.com\\\/it\\\/\"},{\"@type\":\"ListItem\",\"position\":2,\"name\":\"Soluzioni industriali\",\"item\":\"https:\\\/\\\/linmot.com\\\/it\\\/soluzioni-industriali\\\/\"},{\"@type\":\"ListItem\",\"position\":3,\"name\":\"Lavorazione del Legno\"}]},{\"@type\":\"WebSite\",\"@id\":\"https:\\\/\\\/linmot.com\\\/it\\\/#website\",\"url\":\"https:\\\/\\\/linmot.com\\\/it\\\/\",\"name\":\"LinMot e MagSpring - Italiano\",\"description\":\"Motori lineari e sistemi di motori lineari di alta qualit\u00e0\",\"publisher\":{\"@id\":\"https:\\\/\\\/linmot.com\\\/it\\\/#organization\"},\"potentialAction\":[{\"@type\":\"SearchAction\",\"target\":{\"@type\":\"EntryPoint\",\"urlTemplate\":\"https:\\\/\\\/linmot.com\\\/it\\\/?s={search_term_string}\"},\"query-input\":{\"@type\":\"PropertyValueSpecification\",\"valueRequired\":true,\"valueName\":\"search_term_string\"}}],\"inLanguage\":\"it-IT\"},{\"@type\":\"Organization\",\"@id\":\"https:\\\/\\\/linmot.com\\\/it\\\/#organization\",\"name\":\"NTI AG - LinMot & MagSpring\",\"url\":\"https:\\\/\\\/linmot.com\\\/it\\\/\",\"logo\":{\"@type\":\"ImageObject\",\"inLanguage\":\"it-IT\",\"@id\":\"https:\\\/\\\/linmot.com\\\/it\\\/#\\\/schema\\\/logo\\\/image\\\/\",\"url\":\"https:\\\/\\\/linmot.com\\\/it\\\/wp-content\\\/uploads\\\/sites\\\/4\\\/2022\\\/05\\\/linmot-social-share-logo.jpg\",\"contentUrl\":\"https:\\\/\\\/linmot.com\\\/it\\\/wp-content\\\/uploads\\\/sites\\\/4\\\/2022\\\/05\\\/linmot-social-share-logo.jpg\",\"width\":800,\"height\":500,\"caption\":\"NTI AG - LinMot & MagSpring\"},\"image\":{\"@id\":\"https:\\\/\\\/linmot.com\\\/it\\\/#\\\/schema\\\/logo\\\/image\\\/\"},\"sameAs\":[\"https:\\\/\\\/www.linkedin.com\\\/company\\\/pamoco-spa\\\/\",\"https:\\\/\\\/www.youtube.com\\\/user\\\/LinMotEurope\"]}]}<\/script>\n<!-- \/ Yoast SEO Premium plugin. -->","yoast_head_json":{"title":"Lavorazione del legno - operazioni di segatura o fresatura sincronizzate","description":"Per le macchine per la lavorazione del legno, alta efficienza, funzionalit\u00e0 senza compromessi, affidabilit\u00e0 e alta disponibilit\u00e0 sono essenzialii.","robots":{"index":"index","follow":"follow","max-snippet":"max-snippet:-1","max-image-preview":"max-image-preview:large","max-video-preview":"max-video-preview:-1"},"canonical":"https:\/\/linmot.com\/it\/soluzioni-industriali\/lavorazione-del-legno\/","og_locale":"it_IT","og_type":"article","og_title":"Lavorazione del legno - operazioni di segatura o fresatura sincronizzate","og_description":"Per le macchine per la lavorazione del legno, alta efficienza, funzionalit\u00e0 senza compromessi, affidabilit\u00e0 e alta disponibilit\u00e0 sono essenzialii.","og_url":"https:\/\/linmot.com\/it\/soluzioni-industriali\/lavorazione-del-legno\/","og_site_name":"LinMot e MagSpring - Italiano","article_modified_time":"2023-05-10T14:55:36+00:00","og_image":[{"url":"https:\/\/linmot.com\/it\/wp-content\/uploads\/sites\/4\/2017\/10\/LinMot-Solutions-Wood-Processing-Industry.jpg","type":"","width":"","height":""}],"twitter_card":"summary_large_image","twitter_title":"Lavorazione del legno - operazioni di segatura o fresatura sincronizzate","twitter_description":"Per le macchine per la lavorazione del legno, alta efficienza, funzionalit\u00e0 senza compromessi, affidabilit\u00e0 e alta disponibilit\u00e0 sono essenzialii.","twitter_misc":{"Tempo di lettura stimato":"2 minuti"},"schema":{"@context":"https:\/\/schema.org","@graph":[{"@type":"WebPage","@id":"https:\/\/linmot.com\/it\/soluzioni-industriali\/lavorazione-del-legno\/","url":"https:\/\/linmot.com\/it\/soluzioni-industriali\/lavorazione-del-legno\/","name":"Lavorazione del legno - operazioni di segatura o fresatura sincronizzate","isPartOf":{"@id":"https:\/\/linmot.com\/it\/#website"},"primaryImageOfPage":{"@id":"https:\/\/linmot.com\/it\/soluzioni-industriali\/lavorazione-del-legno\/#primaryimage"},"image":{"@id":"https:\/\/linmot.com\/it\/soluzioni-industriali\/lavorazione-del-legno\/#primaryimage"},"thumbnailUrl":"https:\/\/linmot.com\/it\/wp-content\/uploads\/sites\/4\/2017\/10\/LinMot-Solutions-Wood-Processing-Industry.jpg","datePublished":"2017-10-20T21:34:25+00:00","dateModified":"2023-05-10T14:55:36+00:00","description":"Per le macchine per la lavorazione del legno, alta efficienza, funzionalit\u00e0 senza compromessi, affidabilit\u00e0 e alta disponibilit\u00e0 sono essenzialii.","breadcrumb":{"@id":"https:\/\/linmot.com\/it\/soluzioni-industriali\/lavorazione-del-legno\/#breadcrumb"},"inLanguage":"it-IT","potentialAction":[{"@type":"ReadAction","target":["https:\/\/linmot.com\/it\/soluzioni-industriali\/lavorazione-del-legno\/"]}]},{"@type":"ImageObject","inLanguage":"it-IT","@id":"https:\/\/linmot.com\/it\/soluzioni-industriali\/lavorazione-del-legno\/#primaryimage","url":"https:\/\/linmot.com\/it\/wp-content\/uploads\/sites\/4\/2017\/10\/LinMot-Solutions-Wood-Processing-Industry.jpg","contentUrl":"https:\/\/linmot.com\/it\/wp-content\/uploads\/sites\/4\/2017\/10\/LinMot-Solutions-Wood-Processing-Industry.jpg","width":940,"height":300,"caption":""},{"@type":"BreadcrumbList","@id":"https:\/\/linmot.com\/it\/soluzioni-industriali\/lavorazione-del-legno\/#breadcrumb","itemListElement":[{"@type":"ListItem","position":1,"name":"Home","item":"https:\/\/linmot.com\/it\/"},{"@type":"ListItem","position":2,"name":"Soluzioni industriali","item":"https:\/\/linmot.com\/it\/soluzioni-industriali\/"},{"@type":"ListItem","position":3,"name":"Lavorazione del Legno"}]},{"@type":"WebSite","@id":"https:\/\/linmot.com\/it\/#website","url":"https:\/\/linmot.com\/it\/","name":"LinMot e MagSpring - Italiano","description":"Motori lineari e sistemi di motori lineari di alta qualit\u00e0","publisher":{"@id":"https:\/\/linmot.com\/it\/#organization"},"potentialAction":[{"@type":"SearchAction","target":{"@type":"EntryPoint","urlTemplate":"https:\/\/linmot.com\/it\/?s={search_term_string}"},"query-input":{"@type":"PropertyValueSpecification","valueRequired":true,"valueName":"search_term_string"}}],"inLanguage":"it-IT"},{"@type":"Organization","@id":"https:\/\/linmot.com\/it\/#organization","name":"NTI AG - LinMot & MagSpring","url":"https:\/\/linmot.com\/it\/","logo":{"@type":"ImageObject","inLanguage":"it-IT","@id":"https:\/\/linmot.com\/it\/#\/schema\/logo\/image\/","url":"https:\/\/linmot.com\/it\/wp-content\/uploads\/sites\/4\/2022\/05\/linmot-social-share-logo.jpg","contentUrl":"https:\/\/linmot.com\/it\/wp-content\/uploads\/sites\/4\/2022\/05\/linmot-social-share-logo.jpg","width":800,"height":500,"caption":"NTI AG - LinMot & MagSpring"},"image":{"@id":"https:\/\/linmot.com\/it\/#\/schema\/logo\/image\/"},"sameAs":["https:\/\/www.linkedin.com\/company\/pamoco-spa\/","https:\/\/www.youtube.com\/user\/LinMotEurope"]}]}},"_links":{"self":[{"href":"https:\/\/linmot.com\/it\/wp-json\/wp\/v2\/pages\/54","targetHints":{"allow":["GET"]}}],"collection":[{"href":"https:\/\/linmot.com\/it\/wp-json\/wp\/v2\/pages"}],"about":[{"href":"https:\/\/linmot.com\/it\/wp-json\/wp\/v2\/types\/page"}],"author":[{"embeddable":true,"href":"https:\/\/linmot.com\/it\/wp-json\/wp\/v2\/users\/1"}],"replies":[{"embeddable":true,"href":"https:\/\/linmot.com\/it\/wp-json\/wp\/v2\/comments?post=54"}],"version-history":[{"count":6,"href":"https:\/\/linmot.com\/it\/wp-json\/wp\/v2\/pages\/54\/revisions"}],"predecessor-version":[{"id":2616,"href":"https:\/\/linmot.com\/it\/wp-json\/wp\/v2\/pages\/54\/revisions\/2616"}],"up":[{"embeddable":true,"href":"https:\/\/linmot.com\/it\/wp-json\/wp\/v2\/pages\/8"}],"wp:attachment":[{"href":"https:\/\/linmot.com\/it\/wp-json\/wp\/v2\/media?parent=54"}],"curies":[{"name":"wp","href":"https:\/\/api.w.org\/{rel}","templated":true}]}}