{"id":48,"date":"2017-10-20T23:33:40","date_gmt":"2017-10-20T21:33:40","guid":{"rendered":"https:\/\/linmot.com\/?page_id=48"},"modified":"2024-08-28T16:15:14","modified_gmt":"2024-08-28T14:15:14","slug":"magspring","status":"publish","type":"page","link":"https:\/\/linmot.com\/it\/prodotti\/magspring\/","title":{"rendered":"MagSpring"},"content":{"rendered":"<p><strong>I prodotti MagSpring sono descritti nel modo migliore dal termine \u201cmolla magnetica\u201d. Il termine \u201cmolla\u201d, tuttavia, deve essere inteso in questo modo: i componenti MagSpring esercitano una forza costante in tutto il range di corsa, mentre la curva caratteristica per una molla tradizionale produce un aumento della forza in direzione dello spostamento. La produzione di una forza indipendente dallo spostamento fa delle molle MagSprings una scelta eccellente per chi desidera compensare le forze peso nei sistemi verticali.<\/strong><\/p>\n<hr \/>\n<div class=\"row\">\n<div class=\"col-sm-2\">\n<p><a class=\"button\" href=\"#dettagli\">1. Dettagli<\/a><\/p>\n<\/div>\n<div class=\"col-sm-1\">\n<\/div>\n<div class=\"col-sm-2\">\n<p><a class=\"button\" href=\"#video\">2. Video<\/a><\/p>\n<\/div>\n<div class=\"col-sm-1\">\n<\/div>\n<div class=\"col-sm-2\">\n<p><a class=\"button\" href=\"#applicazione\">3. Applicazione<\/a><\/p>\n<\/div>\n<div class=\"col-sm-1\">\n<\/div>\n<div class=\"col-sm-2\">\n<p><a class=\"button\" href=\"#contatta\">4. Contatta<\/a><\/p>\n<\/div>\n<\/div>\n<hr \/>\n<h3 id=\"dettagli\">1. Dettagli<\/h3>\n<p>Il prodotto \u00e8 costituito da due componenti principali. Lo statore circonda lo stelo collocato centralmente. In funzione della forza richiesta dalla MagSpring i magneti permanenti possono essere collocati nello statore, nello stelo o in entrambi i componenti. Lo stelo \u00e8 sostenuto da una boccola integrata. In questo modo, la molla MagSpring pu\u00f2 essere usata in modo simile alle molle pressurizzate a gas.<\/p>\n<blockquote><p>Forza costante in tutta la corsa<\/p><\/blockquote>\n<p>La sua funzionalit\u00e0 \u00e8 basata sulla forza di attrazione dei magneti permanenti. Ci\u00f2 vuol dire che non sono richieste fonti di alimentazione (energia elettrica, aria compressa ecc.), e che pertanto sono possibili applicazioni in contesti caratterizzati da parametri di sicurezza critici. Grazie alla speciale progettazione dei componenti che indirizzano il flusso magnetico e dei magneti, il rapporto non lineare tra forza e spostamento (espresso mediante la distribuzione dei magneti e del ferro) viene trasformato in una curva di forza costante.<\/p>\n<div class=\"row\">\n<div class=\"col-md-5\">\n<ul>\n<li>Sistema esclusivamente passivo, non richiede n\u00e9 energia elettrica n\u00e9 aria compressa<\/li>\n<li>Forze fino a 60 N<\/li>\n<li>Corsa fino a 290 mm<\/li>\n<li>Pu\u00f2 essere abbinato alle guida H o B<\/li>\n<li>Adatto anche a movimenti dinamici<\/li>\n<li>Design semplice<\/li>\n<\/ul>\n<\/div>\n<div class=\"col-md-7\">\n<div class=\"carousel slide\" id=\"fd3b136153e0decdc57f207b115e08f2\" data-ride=\"carousel\">  <div class=\"carousel-inner\" role=\"listbox\">    <div class=\"item active\">      <img decoding=\"async\" src=\"https:\/\/linmot.com\/it\/wp-content\/uploads\/sites\/4\/2017\/10\/MagSpring-4-Linmot.jpg\" alt=\"...\">    <\/div>    <div class=\"item\">      <img decoding=\"async\" src=\"https:\/\/linmot.com\/it\/wp-content\/uploads\/sites\/4\/2017\/10\/MagSpring-1-Linmot.jpg\" alt=\"...\">    <\/div>  <\/div><div class=\"navigation\"><a class=\"left carousel-control\" href=\"#fd3b136153e0decdc57f207b115e08f2\" role=\"button\" data-slide=\"prev\"><\/a><a class=\"right carousel-control\" href=\"#fd3b136153e0decdc57f207b115e08f2\" role=\"button\" data-slide=\"next\"><\/a><\/div><\/div>\n<\/div>\n<\/div>\n<blockquote><p>Funzionalit\u00e0 pi\u00f9 sicura, compensazione del peso<\/p><\/blockquote>\n<p>La forza costante su tutto il range della corsa garantisce la sicurezza e la compensazione dei pesi in caso di installazione in verticale. Grazie alla compensazione del peso fornita da MagSpring, il motore lineare viene utilizzato soltanto per il posizionamento e l\u2019applicazione delle forze dinamiche. In questo modo, \u00e8 possibile usare motori di taglie pi\u00f9 piccole.<\/p>\n<p><a class=\"btn btn-active\" href=\"https:\/\/shop.linmot.com\/E\/magnetic-springs.htm\" target=\"_blank\" rel=\"noopener noreferrer\">Ai dettagli nel catalogo elettronico (inglese)<\/a><\/p>\n<h2>Vantaggi del prodotto<\/h2>\n<p>Grazie alla forza costante rispetto allo spostamento, sono possibili molte altre applicazioni, oltre alla compensazione del peso per l&#8217;installazione verticale. Per esempio, \u00e8 possibile generare una forza costante indipendentemente dalla collocazione, applicare una forza di supporto continua su tutta la lunghezza della corsa, garantire una forza su un solo lato in modo tale da poter eseguire compiti complessi.<\/p>\n<div class=\"row\">\n<div class=\"col-md-4\">\n<h4>Montaggio<\/h4>\n<p>Gli statori possono essere montati usando una filettatura o un morsetto. La flangia di montaggio \u00e8 disponibile per tutte le dimensioni. Collegando lo stelo alla massa del carico, fare attenzione alla compensazione di eventuali errori dell\u2019allineamento\/parallelismo evitando un sistema di montaggio rigido.<br \/>\n<\/div>\n<div class=\"col-md-4\">\n<h4>Mantenimento di una posizione sicura<\/h4>\n<p>In caso di interruzione dell&#8217;alimentazione elettrica, la molla MagSpring previene la caduta degli assi verticali. Se la forza della molla MagSpring \u00e8 superiore alla forza di gravit\u00e0, l\u2019asse viene portato alla posizione di fine corsa alta.<br \/>\n<\/div>\n<div class=\"col-md-4\">\n<h4>Funzione di ritenzione (alimentazione disattivata)<\/h4>\n<p>Poich\u00e9 le molle MagSprings sono elementi tipicamente passivi, \u00e8 possibile garantire il mantenimento di una particolare funzione o posizione anche in assenza dell&#8217;alimentazione. Per esempio, la possibilit\u00e0 di sollevare una pinza o una testata in una determinata posizione verticale, oppure di ritrarre o estendere uno spintore con una forza costante.<br \/>\n<\/div>\n<\/div>\n<div class=\"row\">\n<div class=\"col-md-4\">\n<h4>Compensazione del peso<\/h4>\n<p>Per l\u2019installazione verticale, i motori lineari e gli altri dispositivi a trasmissione diretta devono erogare una forza continua, in modo tale da contrastare la forza di gravit\u00e0. Con una molla MagSpring installata insime al motore lineare, il peso pu\u00f2 essere controbilanciato in modo passivo. Il motore lineare viene utilizzato soltanto per il posizionamento e l\u2019applicazione delle forze dinamiche. In questo modo, \u00e8 possibile usare motori di taglie pi\u00f9 piccole.<br \/>\n<\/div>\n<div class=\"col-md-4\">\n<h4>Applicazione di una forza costante<\/h4>\n<p>Grazie alla forza costante rispetto allo spostamento, sono possibili molte altre applicazioni, come l\u2019uso di una pressione costante indipendentemente dalla posizione, l\u2019applicazione di una forza di trattenimento su una parte notevole della corsa o una forza di supporto su un solo lato. La forza effettiva corrisponde a un intervallo di +\/-10% della forza nominale.<br \/>\n<\/div>\n<\/div>\n<h3 id=\"video\">2. Video<\/h3>\n<div class=\"row download\">\n<div class=\"col-md-6\">\n<h4 class=\"download-title\">Ritrazione LinMot E<\/h4>\n<p class=\"bodytext\">In caso di spegnimento, il MagSpring ritrae l&#8217;albero del motore lineare-rotativo in una posizione sicura.<\/p>\n<\/div>\n<div class=\"col-md-1\">\n<\/div>\n<div class=\"col-md-5\">\n<div class=\"brlbs-cmpnt-container brlbs-cmpnt-content-blocker brlbs-cmpnt-with-individual-styles\" data-borlabs-cookie-content-blocker-id=\"default\" data-borlabs-cookie-content=\"PGlmcmFtZSB0aXRsZT0iWW91VHViZSB2aWRlbyBwbGF5ZXIiIHNyYz0iaHR0cHM6Ly93d3cueW91dHViZS5jb20vZW1iZWQvaXVCdndIS01Ra1EiIHdpZHRoPSIzOTQiIGhlaWdodD0iMjIwIiBmcmFtZWJvcmRlcj0iMCIgYWxsb3dmdWxsc2NyZWVuPSJhbGxvd2Z1bGxzY3JlZW4iPjwvaWZyYW1lPg==\">\n<div class=\"brlbs-cmpnt-cb-preset-a\">\n<p class=\"brlbs-cmpnt-cb-description\">Stai visualizzando un contenuto segnaposto da <strong>Predefinito<\/strong>. Per accedere al contenuto effettivo, clicca sul pulsante sottostante. Si prega di notare che in questo modo si condividono i dati con provider di terze parti.<\/p>\n<div class=\"brlbs-cmpnt-cb-buttons\"> <a class=\"brlbs-cmpnt-cb-btn\" href=\"#\" data-borlabs-cookie-unblock role=\"button\">Sblocca i contenuti<\/a> <a class=\"brlbs-cmpnt-cb-btn\" href=\"#\" data-borlabs-cookie-accept-service role=\"button\" style=\"display: none\">Accetta il servizio richiesto e sblocca i contenuti<\/a> <\/div>\n<p> <a class=\"brlbs-cmpnt-cb-provider-toggle\" href=\"#\" data-borlabs-cookie-show-provider-information role=\"button\">Ulteriori informazioni<\/a> <\/div>\n<\/div>\n<\/div>\n<\/div>\n<h3 id=\"applicazione\">3. Applicazione tipica<\/h3>\n<div class=\"row download\">\n<div class=\"col-md-4\">\n<h4 class=\"download-title\">Pesi galleggianti con MagSpring<\/h4>\n<p class=\"bodytext\">Per ottenere tempi di ciclo veloci quando gli azionamenti diretti sono montati verticalmente, o per evitare che un asse cada quando viene tolta la corrente, il peso intrinseco deve essere compensato. Finora sono stati usati principalmente molle meccaniche e sistemi pneumatici, ma hanno i loro svantaggi. In molti casi una &#8220;molla magnetica&#8221; di MagSpring \u00e8 una soluzione migliore.<\/p>\n<p><a class=\"button\" href=\"\/it\/blog\/far-galleggiare-le-masse-con-magspring\/\">All&#8217;articolo<\/a><br \/>\n<\/div>\n<div class=\"col-md-8\">\n<img loading=\"lazy\" decoding=\"async\" class=\"alignnone size-full wp-image-1765\" src=\"https:\/\/linmot.com\/wp-content\/uploads\/2021\/10\/MagSpring-Anwendungsbericht.jpg\" alt=\"\" width=\"615\" height=\"276\" \/><br \/>\n<\/div>\n<\/div>\n<h3 id=\"contatta\">4. Contatta<\/h3>\n<div class=\"row download\">\n<div class=\"col-md-6\">\n<h4 class=\"download-title\">Domande sui MagSpring?<\/h4>\n<p class=\"bodytext\">Saremo lieti di rispondere a qualsiasi domanda.<br \/>\nContattateci utilizzando il seguente modulo o chiamateci al seguente numero:<\/p>\n<p class=\"bodytext\">Tel: +41 (0)56 419 91 91<\/p>\n<p class=\"bodytext\">Il team LinMot<\/p>\n<\/div>\n<div class=\"col-md-1\">\n<\/div>\n<div class=\"col-md-5\">\n\n<div class=\"wpcf7 no-js\" id=\"wpcf7-f1805-o1\" lang=\"it-IT\" dir=\"ltr\" data-wpcf7-id=\"1805\">\n<div class=\"screen-reader-response\"><p role=\"status\" aria-live=\"polite\" aria-atomic=\"true\"><\/p> <ul><\/ul><\/div>\n<form action=\"\/it\/wp-json\/wp\/v2\/pages\/48#wpcf7-f1805-o1\" method=\"post\" class=\"wpcf7-form init\" aria-label=\"Modulo di contatto\" novalidate=\"novalidate\" data-status=\"init\">\n<fieldset class=\"hidden-fields-container\"><input type=\"hidden\" name=\"_wpcf7\" value=\"1805\" \/><input type=\"hidden\" name=\"_wpcf7_version\" value=\"6.1.5\" \/><input type=\"hidden\" name=\"_wpcf7_locale\" value=\"it_IT\" \/><input type=\"hidden\" name=\"_wpcf7_unit_tag\" value=\"wpcf7-f1805-o1\" \/><input type=\"hidden\" name=\"_wpcf7_container_post\" value=\"0\" \/><input type=\"hidden\" name=\"_wpcf7_posted_data_hash\" value=\"\" \/><input type=\"hidden\" name=\"_wpcf7_recaptcha_response\" value=\"\" \/>\n<\/fieldset>\n<label>Il tuo nome<br>\n    <span class=\"wpcf7-form-control-wrap\" data-name=\"your-name\"><input size=\"40\" maxlength=\"400\" class=\"wpcf7-form-control wpcf7-text wpcf7-validates-as-required\" aria-required=\"true\" aria-invalid=\"false\" value=\"\" type=\"text\" name=\"your-name\" \/><\/span> <\/label>\n<br>\n<label>Azienda<br>\n    <span class=\"wpcf7-form-control-wrap\" data-name=\"your-company\"><input size=\"40\" maxlength=\"400\" class=\"wpcf7-form-control wpcf7-text wpcf7-validates-as-required\" aria-required=\"true\" aria-invalid=\"false\" value=\"\" type=\"text\" name=\"your-company\" \/><\/span> <\/label>\n<br>\n<label>Codice postale<br>\n    <span class=\"wpcf7-form-control-wrap\" data-name=\"your-plz\"><input class=\"wpcf7-form-control wpcf7-number wpcf7-validates-as-required wpcf7-validates-as-number\" aria-required=\"true\" aria-invalid=\"false\" value=\"\" type=\"number\" name=\"your-plz\" \/><\/span> <\/label>\n<br>\n<label>Paese<br>\n    <span class=\"wpcf7-form-control-wrap\" data-name=\"your-country\"><input size=\"40\" maxlength=\"400\" class=\"wpcf7-form-control wpcf7-text wpcf7-validates-as-required\" aria-required=\"true\" aria-invalid=\"false\" value=\"\" type=\"text\" name=\"your-country\" \/><\/span> <\/label>\n<br>\n<label>Numero di telefono<br>\n    <span class=\"wpcf7-form-control-wrap\" data-name=\"your-number\"><input size=\"40\" maxlength=\"400\" class=\"wpcf7-form-control wpcf7-tel wpcf7-validates-as-required wpcf7-text wpcf7-validates-as-tel\" aria-required=\"true\" aria-invalid=\"false\" value=\"\" type=\"tel\" name=\"your-number\" \/><\/span> <\/label>\n<br>\n<label>Email<br>\n    <span class=\"wpcf7-form-control-wrap\" data-name=\"your-email\"><input size=\"40\" maxlength=\"400\" class=\"wpcf7-form-control wpcf7-email wpcf7-validates-as-required wpcf7-text wpcf7-validates-as-email\" aria-required=\"true\" aria-invalid=\"false\" value=\"\" type=\"email\" name=\"your-email\" \/><\/span> <\/label>\n<br>\n<label> Il tuo messaggio<br>\n    <span class=\"wpcf7-form-control-wrap\" data-name=\"your-message\"><textarea cols=\"40\" rows=\"10\" maxlength=\"2000\" class=\"wpcf7-form-control wpcf7-textarea\" aria-invalid=\"false\" name=\"your-message\"><\/textarea><\/span> <\/label>\n<br>\n<input class=\"wpcf7-form-control wpcf7-submit has-spinner\" type=\"submit\" value=\"Invia\" \/><div class=\"wpcf7-response-output\" aria-hidden=\"true\"><\/div>\n<\/form>\n<\/div>\n\n<\/div>\n<\/div>\n","protected":false},"excerpt":{"rendered":"<p>I prodotti MagSpring sono descritti nel modo migliore dal termine \u201cmolla magnetica\u201d. Il termine \u201cmolla\u201d, tuttavia, deve essere inteso in questo modo: i componenti MagSpring esercitano una forza costante in tutto il range di corsa, mentre la curva caratteristica per una molla tradizionale produce un aumento della forza in direzione dello spostamento. La produzione di [&hellip;]<\/p>\n","protected":false},"author":1,"featured_media":0,"parent":1210,"menu_order":38,"comment_status":"closed","ping_status":"closed","template":"","meta":{"_acf_changed":false,"footnotes":""},"class_list":["post-48","page","type-page","status-publish","hentry"],"acf":[],"yoast_head":"<!-- This site is optimized with the Yoast SEO Premium plugin v20.9 (Yoast SEO v27.3) - https:\/\/yoast.com\/product\/yoast-seo-premium-wordpress\/ -->\n<title>MagSpring - Forza costante su tutta la corsa | LinMot<\/title>\n<meta name=\"description\" content=\"La forza costante della MagSpring su tutta la corsa \u00e8 adatta a compensare la forza del peso in una posizione di installazione verticale.\" \/>\n<meta name=\"robots\" content=\"index, follow, max-snippet:-1, max-image-preview:large, max-video-preview:-1\" \/>\n<link rel=\"canonical\" href=\"https:\/\/linmot.com\/it\/prodotti\/magspring\/\" \/>\n<meta property=\"og:locale\" content=\"it_IT\" \/>\n<meta property=\"og:type\" content=\"article\" \/>\n<meta property=\"og:title\" content=\"MagSpring - Forza costante su tutta la corsa | LinMot\" \/>\n<meta property=\"og:description\" content=\"La forza costante della MagSpring su tutta la corsa \u00e8 adatta a compensare la forza del peso in una posizione di installazione verticale.\" \/>\n<meta property=\"og:url\" content=\"https:\/\/linmot.com\/it\/prodotti\/magspring\/\" \/>\n<meta property=\"og:site_name\" content=\"LinMot e MagSpring - Italiano\" \/>\n<meta property=\"article:modified_time\" content=\"2024-08-28T14:15:14+00:00\" \/>\n<meta property=\"og:image\" content=\"https:\/\/linmot.com\/wp-content\/uploads\/2021\/10\/MagSpring-Anwendungsbericht.jpg\" \/>\n<meta name=\"twitter:card\" content=\"summary_large_image\" \/>\n<meta name=\"twitter:title\" content=\"MagSpring - Forza costante su tutta la corsa | LinMot\" \/>\n<meta name=\"twitter:description\" content=\"La forza costante della MagSpring su tutta la corsa \u00e8 adatta a compensare la forza del peso in una posizione di installazione verticale.\" \/>\n<meta name=\"twitter:label1\" content=\"Tempo di lettura stimato\" \/>\n\t<meta name=\"twitter:data1\" content=\"5 minuti\" \/>\n<script type=\"application\/ld+json\" class=\"yoast-schema-graph\">{\"@context\":\"https:\\\/\\\/schema.org\",\"@graph\":[{\"@type\":\"WebPage\",\"@id\":\"https:\\\/\\\/linmot.com\\\/it\\\/prodotti\\\/magspring\\\/\",\"url\":\"https:\\\/\\\/linmot.com\\\/it\\\/prodotti\\\/magspring\\\/\",\"name\":\"MagSpring - Forza costante su tutta la corsa | LinMot\",\"isPartOf\":{\"@id\":\"https:\\\/\\\/linmot.com\\\/it\\\/#website\"},\"primaryImageOfPage\":{\"@id\":\"https:\\\/\\\/linmot.com\\\/it\\\/prodotti\\\/magspring\\\/#primaryimage\"},\"image\":{\"@id\":\"https:\\\/\\\/linmot.com\\\/it\\\/prodotti\\\/magspring\\\/#primaryimage\"},\"thumbnailUrl\":\"https:\\\/\\\/linmot.com\\\/wp-content\\\/uploads\\\/2021\\\/10\\\/MagSpring-Anwendungsbericht.jpg\",\"datePublished\":\"2017-10-20T21:33:40+00:00\",\"dateModified\":\"2024-08-28T14:15:14+00:00\",\"description\":\"La forza costante della MagSpring su tutta la corsa \u00e8 adatta a compensare la forza del peso in una posizione di installazione verticale.\",\"breadcrumb\":{\"@id\":\"https:\\\/\\\/linmot.com\\\/it\\\/prodotti\\\/magspring\\\/#breadcrumb\"},\"inLanguage\":\"it-IT\",\"potentialAction\":[{\"@type\":\"ReadAction\",\"target\":[\"https:\\\/\\\/linmot.com\\\/it\\\/prodotti\\\/magspring\\\/\"]}]},{\"@type\":\"ImageObject\",\"inLanguage\":\"it-IT\",\"@id\":\"https:\\\/\\\/linmot.com\\\/it\\\/prodotti\\\/magspring\\\/#primaryimage\",\"url\":\"https:\\\/\\\/linmot.com\\\/wp-content\\\/uploads\\\/2021\\\/10\\\/MagSpring-Anwendungsbericht.jpg\",\"contentUrl\":\"https:\\\/\\\/linmot.com\\\/wp-content\\\/uploads\\\/2021\\\/10\\\/MagSpring-Anwendungsbericht.jpg\"},{\"@type\":\"BreadcrumbList\",\"@id\":\"https:\\\/\\\/linmot.com\\\/it\\\/prodotti\\\/magspring\\\/#breadcrumb\",\"itemListElement\":[{\"@type\":\"ListItem\",\"position\":1,\"name\":\"Home\",\"item\":\"https:\\\/\\\/linmot.com\\\/it\\\/\"},{\"@type\":\"ListItem\",\"position\":2,\"name\":\"Prodotti\",\"item\":\"https:\\\/\\\/linmot.com\\\/it\\\/prodotti\\\/\"},{\"@type\":\"ListItem\",\"position\":3,\"name\":\"MagSpring\"}]},{\"@type\":\"WebSite\",\"@id\":\"https:\\\/\\\/linmot.com\\\/it\\\/#website\",\"url\":\"https:\\\/\\\/linmot.com\\\/it\\\/\",\"name\":\"LinMot e MagSpring - Italiano\",\"description\":\"Motori lineari e sistemi di motori lineari di alta qualit\u00e0\",\"publisher\":{\"@id\":\"https:\\\/\\\/linmot.com\\\/it\\\/#organization\"},\"potentialAction\":[{\"@type\":\"SearchAction\",\"target\":{\"@type\":\"EntryPoint\",\"urlTemplate\":\"https:\\\/\\\/linmot.com\\\/it\\\/?s={search_term_string}\"},\"query-input\":{\"@type\":\"PropertyValueSpecification\",\"valueRequired\":true,\"valueName\":\"search_term_string\"}}],\"inLanguage\":\"it-IT\"},{\"@type\":\"Organization\",\"@id\":\"https:\\\/\\\/linmot.com\\\/it\\\/#organization\",\"name\":\"NTI AG - LinMot & MagSpring\",\"url\":\"https:\\\/\\\/linmot.com\\\/it\\\/\",\"logo\":{\"@type\":\"ImageObject\",\"inLanguage\":\"it-IT\",\"@id\":\"https:\\\/\\\/linmot.com\\\/it\\\/#\\\/schema\\\/logo\\\/image\\\/\",\"url\":\"https:\\\/\\\/linmot.com\\\/it\\\/wp-content\\\/uploads\\\/sites\\\/4\\\/2022\\\/05\\\/linmot-social-share-logo.jpg\",\"contentUrl\":\"https:\\\/\\\/linmot.com\\\/it\\\/wp-content\\\/uploads\\\/sites\\\/4\\\/2022\\\/05\\\/linmot-social-share-logo.jpg\",\"width\":800,\"height\":500,\"caption\":\"NTI AG - LinMot & MagSpring\"},\"image\":{\"@id\":\"https:\\\/\\\/linmot.com\\\/it\\\/#\\\/schema\\\/logo\\\/image\\\/\"},\"sameAs\":[\"https:\\\/\\\/www.linkedin.com\\\/company\\\/pamoco-spa\\\/\",\"https:\\\/\\\/www.youtube.com\\\/user\\\/LinMotEurope\"]}]}<\/script>\n<!-- \/ Yoast SEO Premium plugin. -->","yoast_head_json":{"title":"MagSpring - Forza costante su tutta la corsa | LinMot","description":"La forza costante della MagSpring su tutta la corsa \u00e8 adatta a compensare la forza del peso in una posizione di installazione verticale.","robots":{"index":"index","follow":"follow","max-snippet":"max-snippet:-1","max-image-preview":"max-image-preview:large","max-video-preview":"max-video-preview:-1"},"canonical":"https:\/\/linmot.com\/it\/prodotti\/magspring\/","og_locale":"it_IT","og_type":"article","og_title":"MagSpring - Forza costante su tutta la corsa | LinMot","og_description":"La forza costante della MagSpring su tutta la corsa \u00e8 adatta a compensare la forza del peso in una posizione di installazione verticale.","og_url":"https:\/\/linmot.com\/it\/prodotti\/magspring\/","og_site_name":"LinMot e MagSpring - Italiano","article_modified_time":"2024-08-28T14:15:14+00:00","og_image":[{"url":"https:\/\/linmot.com\/wp-content\/uploads\/2021\/10\/MagSpring-Anwendungsbericht.jpg","type":"","width":"","height":""}],"twitter_card":"summary_large_image","twitter_title":"MagSpring - Forza costante su tutta la corsa | LinMot","twitter_description":"La forza costante della MagSpring su tutta la corsa \u00e8 adatta a compensare la forza del peso in una posizione di installazione verticale.","twitter_misc":{"Tempo di lettura stimato":"5 minuti"},"schema":{"@context":"https:\/\/schema.org","@graph":[{"@type":"WebPage","@id":"https:\/\/linmot.com\/it\/prodotti\/magspring\/","url":"https:\/\/linmot.com\/it\/prodotti\/magspring\/","name":"MagSpring - Forza costante su tutta la corsa | LinMot","isPartOf":{"@id":"https:\/\/linmot.com\/it\/#website"},"primaryImageOfPage":{"@id":"https:\/\/linmot.com\/it\/prodotti\/magspring\/#primaryimage"},"image":{"@id":"https:\/\/linmot.com\/it\/prodotti\/magspring\/#primaryimage"},"thumbnailUrl":"https:\/\/linmot.com\/wp-content\/uploads\/2021\/10\/MagSpring-Anwendungsbericht.jpg","datePublished":"2017-10-20T21:33:40+00:00","dateModified":"2024-08-28T14:15:14+00:00","description":"La forza costante della MagSpring su tutta la corsa \u00e8 adatta a compensare la forza del peso in una posizione di installazione verticale.","breadcrumb":{"@id":"https:\/\/linmot.com\/it\/prodotti\/magspring\/#breadcrumb"},"inLanguage":"it-IT","potentialAction":[{"@type":"ReadAction","target":["https:\/\/linmot.com\/it\/prodotti\/magspring\/"]}]},{"@type":"ImageObject","inLanguage":"it-IT","@id":"https:\/\/linmot.com\/it\/prodotti\/magspring\/#primaryimage","url":"https:\/\/linmot.com\/wp-content\/uploads\/2021\/10\/MagSpring-Anwendungsbericht.jpg","contentUrl":"https:\/\/linmot.com\/wp-content\/uploads\/2021\/10\/MagSpring-Anwendungsbericht.jpg"},{"@type":"BreadcrumbList","@id":"https:\/\/linmot.com\/it\/prodotti\/magspring\/#breadcrumb","itemListElement":[{"@type":"ListItem","position":1,"name":"Home","item":"https:\/\/linmot.com\/it\/"},{"@type":"ListItem","position":2,"name":"Prodotti","item":"https:\/\/linmot.com\/it\/prodotti\/"},{"@type":"ListItem","position":3,"name":"MagSpring"}]},{"@type":"WebSite","@id":"https:\/\/linmot.com\/it\/#website","url":"https:\/\/linmot.com\/it\/","name":"LinMot e MagSpring - Italiano","description":"Motori lineari e sistemi di motori lineari di alta qualit\u00e0","publisher":{"@id":"https:\/\/linmot.com\/it\/#organization"},"potentialAction":[{"@type":"SearchAction","target":{"@type":"EntryPoint","urlTemplate":"https:\/\/linmot.com\/it\/?s={search_term_string}"},"query-input":{"@type":"PropertyValueSpecification","valueRequired":true,"valueName":"search_term_string"}}],"inLanguage":"it-IT"},{"@type":"Organization","@id":"https:\/\/linmot.com\/it\/#organization","name":"NTI AG - LinMot & MagSpring","url":"https:\/\/linmot.com\/it\/","logo":{"@type":"ImageObject","inLanguage":"it-IT","@id":"https:\/\/linmot.com\/it\/#\/schema\/logo\/image\/","url":"https:\/\/linmot.com\/it\/wp-content\/uploads\/sites\/4\/2022\/05\/linmot-social-share-logo.jpg","contentUrl":"https:\/\/linmot.com\/it\/wp-content\/uploads\/sites\/4\/2022\/05\/linmot-social-share-logo.jpg","width":800,"height":500,"caption":"NTI AG - LinMot & MagSpring"},"image":{"@id":"https:\/\/linmot.com\/it\/#\/schema\/logo\/image\/"},"sameAs":["https:\/\/www.linkedin.com\/company\/pamoco-spa\/","https:\/\/www.youtube.com\/user\/LinMotEurope"]}]}},"_links":{"self":[{"href":"https:\/\/linmot.com\/it\/wp-json\/wp\/v2\/pages\/48","targetHints":{"allow":["GET"]}}],"collection":[{"href":"https:\/\/linmot.com\/it\/wp-json\/wp\/v2\/pages"}],"about":[{"href":"https:\/\/linmot.com\/it\/wp-json\/wp\/v2\/types\/page"}],"author":[{"embeddable":true,"href":"https:\/\/linmot.com\/it\/wp-json\/wp\/v2\/users\/1"}],"replies":[{"embeddable":true,"href":"https:\/\/linmot.com\/it\/wp-json\/wp\/v2\/comments?post=48"}],"version-history":[{"count":19,"href":"https:\/\/linmot.com\/it\/wp-json\/wp\/v2\/pages\/48\/revisions"}],"predecessor-version":[{"id":3602,"href":"https:\/\/linmot.com\/it\/wp-json\/wp\/v2\/pages\/48\/revisions\/3602"}],"up":[{"embeddable":true,"href":"https:\/\/linmot.com\/it\/wp-json\/wp\/v2\/pages\/1210"}],"wp:attachment":[{"href":"https:\/\/linmot.com\/it\/wp-json\/wp\/v2\/media?parent=48"}],"curies":[{"name":"wp","href":"https:\/\/api.w.org\/{rel}","templated":true}]}}