{"id":4064,"date":"2025-11-11T16:08:31","date_gmt":"2025-11-11T15:08:31","guid":{"rendered":"https:\/\/linmot.com\/it\/?page_id=4064"},"modified":"2026-01-29T14:03:14","modified_gmt":"2026-01-29T13:03:14","slug":"linmot-pilot-meno-codifica-piu-movimento","status":"publish","type":"page","link":"https:\/\/linmot.com\/it\/prodotti\/linmot-pilot-meno-codifica-piu-movimento\/","title":{"rendered":"LinMot Pilot &#8211; Meno codifica, pi\u00f9 movimento"},"content":{"rendered":"<p><strong>LinMot Pilot \u00e8 un sistema di controllo robotico intuitivo e senza codice per robot piatti LinMot multiasse, che non richiede PLC o conoscenze di programmazione.<\/strong><\/p>\n<p>Le sequenze di movimento possono essere configurate ed eseguite rapidamente tramite un&#8217;interfaccia basata su browser. Grazie a comandi predefiniti e funzioni di apprendimento, \u00e8 possibile implementare facilmente applicazioni semplici come il pick-and-place e compiti pi\u00f9 complessi come l&#8217;avvitamento o la sincronizzazione dei trasportatori. Poich\u00e9 il controllo e l&#8217;HMI del sistema sono combinati su un&#8217;unica piattaforma, si risparmia tempo prezioso durante la programmazione e la messa in servizio.<\/p>\n<hr \/>\n<div class=\"row\">\n<div class=\"col-sm-2\">\n<p><a class=\"button\" href=\"#dettagli\">1. Dettagli<\/a><\/p>\n<\/div>\n<div class=\"col-sm-1\">\n<\/div>\n<div class=\"col-sm-2\">\n<p><a class=\"button\" href=\"#video\">2. Video<\/a><\/p>\n<\/div>\n<div class=\"col-sm-1\">\n<\/div>\n<div class=\"col-sm-2\">\n<p><a class=\"button\" href=\"#applicazione\">3. Applicazione<\/a><\/p>\n<\/div>\n<div class=\"col-sm-1\">\n<\/div>\n<div class=\"col-sm-2\">\n<p><a class=\"button\" href=\"#contatta\">4. Contatta<\/a><\/p>\n<\/div>\n<\/div>\n<hr \/>\n<h3 id=\"dettagli\">1. Dettagli<\/h3>\n<div class=\"row\">\n<div class=\"col-sm-8\">\n<img loading=\"lazy\" decoding=\"async\" class=\"alignnone size-full wp-image-6087\" src=\"https:\/\/linmot.com\/de\/wp-content\/uploads\/sites\/2\/2025\/11\/linmot-pilot-screen-1.jpg\" alt=\"\" width=\"950\" height=\"668\" \/>\n<\/div>\n<div class=\"col-sm-4\">\n<h3>Programma come un professionista &#8211; senza conoscenze preliminari<\/h3>\n<ul>\n<li>Piattaforma no-code: non sono necessarie conoscenze di programmazione<\/li>\n<li>Non \u00e8 necessario alcun ambiente di sviluppo: lavora direttamente nel browser<\/li>\n<li>Funzionamento intuitivo: testa e modifica i programmi senza ostacoli<\/li>\n<li>Tempo di apprendimento minimo: pronto all&#8217;uso<\/li>\n<li>Prototipazione rapida: dall&#8217;idea al movimento in pochissimo tempo<\/li>\n<li>Applicazioni basate sul know-how &#8211; applicazioni specifiche per processo parametrizzate tramite wizard<\/li>\n<\/ul>\n<\/div>\n<\/div>\n<hr \/>\n<div class=\"row\">\n<div class=\"col-sm-5\">\n<h3>Funzioni disponibili in LinMot Pilot<\/h3>\n<ul>\n<li>Comandi logici<\/li>\n<li>Comandi di movimento<\/li>\n<li>Controllo IO e gestione delle variabili<\/li>\n<li>Interfaccia personalizzabile<\/li>\n<\/ul>\n<p>Espandibile in futuro con applicazioni basate sul know-how<\/p>\n<ul>\n<li>Tracciamento del nastro trasportatore<\/li>\n<li>Interfaccia telecamera<\/li>\n<li>Tappatura e avvitatura<\/li>\n<li>Pallettizzazione<\/li>\n<li>&#8230; e molto altro<\/li>\n<\/ul>\n<\/div>\n<div class=\"col-sm-7\">\n<img loading=\"lazy\" decoding=\"async\" class=\"alignnone size-full wp-image-6098\" src=\"https:\/\/linmot.com\/de\/wp-content\/uploads\/sites\/2\/2025\/11\/linmot-pilot-tablet-3.jpg\" alt=\"\" width=\"798\" height=\"561\" \/>\n<\/div>\n<\/div>\n<hr \/>\n<h3>Interfaccia personalizzabile (presto disponibile)<\/h3>\n<ul>\n<li>Visualizza le informazioni rilevanti nella scheda \u201cOperazione\u201d<\/li>\n<li>Elementi di design chiari e moderni<\/li>\n<li>Visualizzazione dei dati di processo, dei tempi di ciclo e di molte altre informazioni del sistema<\/li>\n<li>Controlli personalizzati per un rapido accesso a variabili o funzioni<\/li>\n<li>Adattate l&#8217;interfaccia utente alle esigenze della vostra applicazione<\/li>\n<\/ul>\n<img loading=\"lazy\" decoding=\"async\" class=\"alignnone size-full wp-image-6102\" src=\"https:\/\/linmot.com\/de\/wp-content\/uploads\/sites\/2\/2025\/11\/linmot-pilot-dashboard-2.jpg\" alt=\"\" width=\"1200\" height=\"673\" \/>\n<hr \/>\n<div class=\"row\">\n<div class=\"col-sm-6\">\n<h3>Il sistema di controllo del robot &#8211; Il modulo tecnologico TM01<\/h3>\n<ul>\n<li>Fino a 8 assi<\/li>\n<li>Processore a 4 core con 1,5 GHz<\/li>\n<li>Tempo di ciclo di 2 ms<\/li>\n<li>Profinet o EthernetIP con PLC<\/li>\n<li>EtherCAT, inclusi I\/O bus di campo<\/li>\n<li>Industria 4.0 grazie a OPC UA<\/li>\n<\/ul>\n<\/div>\n<div class=\"col-sm-6\">\n<img loading=\"lazy\" decoding=\"async\" class=\"alignnone size-full wp-image-6111\" src=\"https:\/\/linmot.com\/de\/wp-content\/uploads\/sites\/2\/2025\/11\/linmot-pilot-tm01-3.jpg\" alt=\"\" width=\"239\" height=\"250\" \/>\n<\/div>\n<\/div>\n<div class=\"row\">\n<div class=\"col-sm-2\">\n<img loading=\"lazy\" decoding=\"async\" class=\"alignnone size-full wp-image-3626\" src=\"https:\/\/linmot.com\/de\/wp-content\/uploads\/sites\/2\/2022\/07\/Profinet-Logo.jpg\" alt=\"Profinet Logo\" width=\"167\" height=\"88\" \/>\n<\/div>\n<div class=\"col-sm-2\">\n<img loading=\"lazy\" decoding=\"async\" class=\"alignnone size-full wp-image-4142\" src=\"https:\/\/linmot.com\/de\/wp-content\/uploads\/sites\/2\/2023\/03\/ethernet-ip-logo.jpg\" alt=\"\" width=\"170\" height=\"66\" \/>\n<\/div>\n<div class=\"col-sm-2\">\n<img loading=\"lazy\" decoding=\"async\" class=\"alignnone size-full wp-image-6076\" src=\"https:\/\/linmot.com\/de\/wp-content\/uploads\/sites\/2\/2025\/11\/opc-ua-logo.jpg\" alt=\"\" width=\"566\" height=\"135\" \/>\n<\/div>\n<\/div>\n<p><strong>Compatibile anche con gateway aggiuntivo<\/strong><br \/>\n<div class=\"row\">\n<div class=\"col-sm-2\">\n<img loading=\"lazy\" decoding=\"async\" class=\"alignnone size-full wp-image-4143\" src=\"https:\/\/linmot.com\/de\/wp-content\/uploads\/sites\/2\/2023\/03\/ethernet-powerlink-logo.jpg\" alt=\"\" width=\"158\" height=\"66\" \/>\n<\/div>\n<div class=\"col-sm-2\">\n<img loading=\"lazy\" decoding=\"async\" class=\"alignnone size-full wp-image-4141\" src=\"https:\/\/linmot.com\/de\/wp-content\/uploads\/sites\/2\/2023\/03\/ethercat-logo.jpg\" alt=\"\" width=\"158\" height=\"66\" \/>\n<\/div>\n<div class=\"col-sm-2\">\n<img loading=\"lazy\" decoding=\"async\" class=\"alignnone size-full wp-image-4145\" src=\"https:\/\/linmot.com\/de\/wp-content\/uploads\/sites\/2\/2023\/03\/sercos-automation-logo.jpg\" alt=\"\" width=\"130\" height=\"66\" \/>\n<\/div>\n<\/div>\n<h3 id=\"video\">2. Video<\/h3>\n<div class=\"row download\">\n<div class=\"col-md-6\">\n<h4 class=\"download-title\">Il controllo robotico senza codice per i sistemi LinMot<\/h4>\n<p class=\"bodytext\" align=\"justify\">Abbiamo suscitato il tuo interesse? Organizza una dimostrazione dal vivo con il tuo partner commerciale o accedi al nostro ambiente di test remoto.<\/p>\n<\/div>\n<div class=\"col-md-1\">\n<\/div>\n<div class=\"col-md-5\">\n<div class=\"brlbs-cmpnt-container brlbs-cmpnt-content-blocker brlbs-cmpnt-with-individual-styles\" data-borlabs-cookie-content-blocker-id=\"default\" data-borlabs-cookie-content=\"PGlmcmFtZSB0aXRsZT0iWW91VHViZSB2aWRlbyBwbGF5ZXIiIHNyYz0iaHR0cHM6Ly93d3cueW91dHViZS5jb20vZW1iZWQvakJPcHIzZW9KX3ciIHdpZHRoPSIzOTQiIGhlaWdodD0iMjIwIiBmcmFtZWJvcmRlcj0iMCIgYWxsb3dmdWxsc2NyZWVuPSJhbGxvd2Z1bGxzY3JlZW4iPjwvaWZyYW1lPg==\">\n<div class=\"brlbs-cmpnt-cb-preset-a\">\n<p class=\"brlbs-cmpnt-cb-description\">Stai visualizzando un contenuto segnaposto da <strong>Predefinito<\/strong>. Per accedere al contenuto effettivo, clicca sul pulsante sottostante. Si prega di notare che in questo modo si condividono i dati con provider di terze parti.<\/p>\n<div class=\"brlbs-cmpnt-cb-buttons\"> <a class=\"brlbs-cmpnt-cb-btn\" href=\"#\" data-borlabs-cookie-unblock role=\"button\">Sblocca i contenuti<\/a> <a class=\"brlbs-cmpnt-cb-btn\" href=\"#\" data-borlabs-cookie-accept-service role=\"button\" style=\"display: none\">Accetta il servizio richiesto e sblocca i contenuti<\/a> <\/div>\n<p> <a class=\"brlbs-cmpnt-cb-provider-toggle\" href=\"#\" data-borlabs-cookie-show-provider-information role=\"button\">Ulteriori informazioni<\/a> <\/div>\n<\/div>\n<\/div>\n<\/div>\n<h3 id=\"applicazione\">3. Applicazione tipica<\/h3>\n<div class=\"row download\">\n<div class=\"col-md-3\">\n<h4 class=\"download-title\">Take me to the Pilot<\/h4>\n<p class=\"bodytext\" align=\"justify\">Abbiamo parlato con Reto Brumann, Product Manager per la robotica di LinMot e forza train+ante dietro LinMot Pilot, per saperne di pi\u00f9 sull\u2019idea, le funzioni e il potenziale di questa soluzione intelligente. Continua a leggere per un\u2019intervista sulla carenza di competenze, la tecnologia user-friendly e il coraggio di semplificare.<\/p>\n<p><a class=\"button\" href=\"\/it\/blog\/take-me-to-the-pilot\/\">Maggiori informazioni<\/a><br \/>\n<\/div>\n<div class=\"col-md-2\">\n<img loading=\"lazy\" decoding=\"async\" class=\"alignnone size-full wp-image-6201\" src=\"https:\/\/linmot.com\/de\/wp-content\/uploads\/sites\/2\/2025\/12\/linmot-pilot-preview-picture.jpg\" alt=\"\" width=\"220\" height=\"220\" \/><br \/>\n<\/div>\n<\/div>\n<h3 id=\"contatta\">4. Contatta<\/h3>\n<div class=\"row download\">\n<div class=\"col-md-6\">\n<h4 class=\"download-title\">Domande su LinMot Pilot?<\/h4>\n<p class=\"bodytext\">Siamo a vostra disposizione per qualsiasi domanda o consulenza.<br \/>\nContattateci tramite il modulo sottostante o telefonicamente ai seguenti numeri:<\/p>\n<p class=\"bodytext\">Svizzera: +41 (0)56 544 71 00<br \/>\nGermania: +49 (0)201 858940 0<br \/>\nStati Uniti: 262-743-2555<\/p>\n<\/div>\n<div class=\"col-md-1\">\n<\/div>\n<div class=\"col-md-5\">\n\n<div class=\"wpcf7 no-js\" id=\"wpcf7-f1805-o1\" lang=\"it-IT\" dir=\"ltr\" data-wpcf7-id=\"1805\">\n<div class=\"screen-reader-response\"><p role=\"status\" aria-live=\"polite\" aria-atomic=\"true\"><\/p> <ul><\/ul><\/div>\n<form action=\"\/it\/wp-json\/wp\/v2\/pages\/4064#wpcf7-f1805-o1\" method=\"post\" class=\"wpcf7-form init\" aria-label=\"Modulo di contatto\" novalidate=\"novalidate\" data-status=\"init\">\n<fieldset class=\"hidden-fields-container\"><input type=\"hidden\" name=\"_wpcf7\" value=\"1805\" \/><input type=\"hidden\" name=\"_wpcf7_version\" value=\"6.1.5\" \/><input type=\"hidden\" name=\"_wpcf7_locale\" value=\"it_IT\" \/><input type=\"hidden\" name=\"_wpcf7_unit_tag\" value=\"wpcf7-f1805-o1\" \/><input type=\"hidden\" name=\"_wpcf7_container_post\" value=\"0\" \/><input type=\"hidden\" name=\"_wpcf7_posted_data_hash\" value=\"\" \/><input type=\"hidden\" name=\"_wpcf7_recaptcha_response\" value=\"\" \/>\n<\/fieldset>\n<label>Il tuo nome<br>\n    <span class=\"wpcf7-form-control-wrap\" data-name=\"your-name\"><input size=\"40\" maxlength=\"400\" class=\"wpcf7-form-control wpcf7-text wpcf7-validates-as-required\" aria-required=\"true\" aria-invalid=\"false\" value=\"\" type=\"text\" name=\"your-name\" \/><\/span> <\/label>\n<br>\n<label>Azienda<br>\n    <span class=\"wpcf7-form-control-wrap\" data-name=\"your-company\"><input size=\"40\" maxlength=\"400\" class=\"wpcf7-form-control wpcf7-text wpcf7-validates-as-required\" aria-required=\"true\" aria-invalid=\"false\" value=\"\" type=\"text\" name=\"your-company\" \/><\/span> <\/label>\n<br>\n<label>Codice postale<br>\n    <span class=\"wpcf7-form-control-wrap\" data-name=\"your-plz\"><input class=\"wpcf7-form-control wpcf7-number wpcf7-validates-as-required wpcf7-validates-as-number\" aria-required=\"true\" aria-invalid=\"false\" value=\"\" type=\"number\" name=\"your-plz\" \/><\/span> <\/label>\n<br>\n<label>Paese<br>\n    <span class=\"wpcf7-form-control-wrap\" data-name=\"your-country\"><input size=\"40\" maxlength=\"400\" class=\"wpcf7-form-control wpcf7-text wpcf7-validates-as-required\" aria-required=\"true\" aria-invalid=\"false\" value=\"\" type=\"text\" name=\"your-country\" \/><\/span> <\/label>\n<br>\n<label>Numero di telefono<br>\n    <span class=\"wpcf7-form-control-wrap\" data-name=\"your-number\"><input size=\"40\" maxlength=\"400\" class=\"wpcf7-form-control wpcf7-tel wpcf7-validates-as-required wpcf7-text wpcf7-validates-as-tel\" aria-required=\"true\" aria-invalid=\"false\" value=\"\" type=\"tel\" name=\"your-number\" \/><\/span> <\/label>\n<br>\n<label>Email<br>\n    <span class=\"wpcf7-form-control-wrap\" data-name=\"your-email\"><input size=\"40\" maxlength=\"400\" class=\"wpcf7-form-control wpcf7-email wpcf7-validates-as-required wpcf7-text wpcf7-validates-as-email\" aria-required=\"true\" aria-invalid=\"false\" value=\"\" type=\"email\" name=\"your-email\" \/><\/span> <\/label>\n<br>\n<label> Il tuo messaggio<br>\n    <span class=\"wpcf7-form-control-wrap\" data-name=\"your-message\"><textarea cols=\"40\" rows=\"10\" maxlength=\"2000\" class=\"wpcf7-form-control wpcf7-textarea\" aria-invalid=\"false\" name=\"your-message\"><\/textarea><\/span> <\/label>\n<br>\n<input class=\"wpcf7-form-control wpcf7-submit has-spinner\" type=\"submit\" value=\"Invia\" \/><div class=\"wpcf7-response-output\" aria-hidden=\"true\"><\/div>\n<\/form>\n<\/div>\n\n<\/div>\n<\/div>\n","protected":false},"excerpt":{"rendered":"<p>LinMot Pilot \u00e8 un sistema di controllo robotico intuitivo e senza codice per robot piatti LinMot multiasse, che non richiede PLC o conoscenze di programmazione. Le sequenze di movimento possono essere configurate ed eseguite rapidamente tramite un&#8217;interfaccia basata su browser. Grazie a comandi predefiniti e funzioni di apprendimento, \u00e8 possibile implementare facilmente applicazioni semplici come [&hellip;]<\/p>\n","protected":false},"author":9,"featured_media":0,"parent":1210,"menu_order":7,"comment_status":"closed","ping_status":"closed","template":"","meta":{"_acf_changed":false,"footnotes":""},"class_list":["post-4064","page","type-page","status-publish","hentry"],"acf":[],"yoast_head":"<!-- This site is optimized with the Yoast SEO Premium plugin v20.9 (Yoast SEO v27.4) - https:\/\/yoast.com\/product\/yoast-seo-premium-wordpress\/ -->\n<title>LinMot Pilot - Meno codifica, pi\u00f9 movimento<\/title>\n<meta name=\"description\" content=\"LinMot Pilot \u00e8 una piattaforma di controllo intuitiva e senza codice per sistemi LinMot multiasse, che non richiede PLC o conoscenze di programmazione.\" \/>\n<meta name=\"robots\" content=\"index, follow, max-snippet:-1, max-image-preview:large, max-video-preview:-1\" \/>\n<link rel=\"canonical\" href=\"https:\/\/linmot.com\/it\/prodotti\/linmot-pilot-meno-codifica-piu-movimento\/\" \/>\n<meta property=\"og:locale\" content=\"it_IT\" \/>\n<meta property=\"og:type\" content=\"article\" \/>\n<meta property=\"og:title\" content=\"LinMot Pilot - Meno codifica, pi\u00f9 movimento\" \/>\n<meta property=\"og:description\" content=\"LinMot Pilot \u00e8 una piattaforma di controllo intuitiva e senza codice per sistemi LinMot multiasse, che non richiede PLC o conoscenze di programmazione.\" \/>\n<meta property=\"og:url\" content=\"https:\/\/linmot.com\/it\/prodotti\/linmot-pilot-meno-codifica-piu-movimento\/\" \/>\n<meta property=\"og:site_name\" content=\"LinMot e MagSpring - Italiano\" \/>\n<meta property=\"article:modified_time\" content=\"2026-01-29T13:03:14+00:00\" \/>\n<meta property=\"og:image\" content=\"https:\/\/linmot.com\/it\/wp-content\/uploads\/sites\/4\/2022\/05\/linmot-social-share-logo.jpg\" \/>\n\t<meta property=\"og:image:width\" content=\"800\" \/>\n\t<meta property=\"og:image:height\" content=\"500\" \/>\n\t<meta property=\"og:image:type\" content=\"image\/jpeg\" \/>\n<meta name=\"twitter:card\" content=\"summary_large_image\" \/>\n<meta name=\"twitter:label1\" content=\"Tempo di lettura stimato\" \/>\n\t<meta name=\"twitter:data1\" content=\"6 minuti\" \/>\n<script type=\"application\/ld+json\" class=\"yoast-schema-graph\">{\"@context\":\"https:\\\/\\\/schema.org\",\"@graph\":[{\"@type\":\"WebPage\",\"@id\":\"https:\\\/\\\/linmot.com\\\/it\\\/prodotti\\\/linmot-pilot-meno-codifica-piu-movimento\\\/\",\"url\":\"https:\\\/\\\/linmot.com\\\/it\\\/prodotti\\\/linmot-pilot-meno-codifica-piu-movimento\\\/\",\"name\":\"LinMot Pilot - Meno codifica, pi\u00f9 movimento\",\"isPartOf\":{\"@id\":\"https:\\\/\\\/linmot.com\\\/it\\\/#website\"},\"primaryImageOfPage\":{\"@id\":\"https:\\\/\\\/linmot.com\\\/it\\\/prodotti\\\/linmot-pilot-meno-codifica-piu-movimento\\\/#primaryimage\"},\"image\":{\"@id\":\"https:\\\/\\\/linmot.com\\\/it\\\/prodotti\\\/linmot-pilot-meno-codifica-piu-movimento\\\/#primaryimage\"},\"thumbnailUrl\":\"https:\\\/\\\/linmot.com\\\/de\\\/wp-content\\\/uploads\\\/sites\\\/2\\\/2025\\\/11\\\/linmot-pilot-screen-1.jpg\",\"datePublished\":\"2025-11-11T15:08:31+00:00\",\"dateModified\":\"2026-01-29T13:03:14+00:00\",\"description\":\"LinMot Pilot \u00e8 una piattaforma di controllo intuitiva e senza codice per sistemi LinMot multiasse, che non richiede PLC o conoscenze di programmazione.\",\"breadcrumb\":{\"@id\":\"https:\\\/\\\/linmot.com\\\/it\\\/prodotti\\\/linmot-pilot-meno-codifica-piu-movimento\\\/#breadcrumb\"},\"inLanguage\":\"it-IT\",\"potentialAction\":[{\"@type\":\"ReadAction\",\"target\":[\"https:\\\/\\\/linmot.com\\\/it\\\/prodotti\\\/linmot-pilot-meno-codifica-piu-movimento\\\/\"]}]},{\"@type\":\"ImageObject\",\"inLanguage\":\"it-IT\",\"@id\":\"https:\\\/\\\/linmot.com\\\/it\\\/prodotti\\\/linmot-pilot-meno-codifica-piu-movimento\\\/#primaryimage\",\"url\":\"https:\\\/\\\/linmot.com\\\/de\\\/wp-content\\\/uploads\\\/sites\\\/2\\\/2025\\\/11\\\/linmot-pilot-screen-1.jpg\",\"contentUrl\":\"https:\\\/\\\/linmot.com\\\/de\\\/wp-content\\\/uploads\\\/sites\\\/2\\\/2025\\\/11\\\/linmot-pilot-screen-1.jpg\"},{\"@type\":\"BreadcrumbList\",\"@id\":\"https:\\\/\\\/linmot.com\\\/it\\\/prodotti\\\/linmot-pilot-meno-codifica-piu-movimento\\\/#breadcrumb\",\"itemListElement\":[{\"@type\":\"ListItem\",\"position\":1,\"name\":\"Home\",\"item\":\"https:\\\/\\\/linmot.com\\\/it\\\/\"},{\"@type\":\"ListItem\",\"position\":2,\"name\":\"Prodotti\",\"item\":\"https:\\\/\\\/linmot.com\\\/it\\\/prodotti\\\/\"},{\"@type\":\"ListItem\",\"position\":3,\"name\":\"LinMot Pilot &#8211; Meno codifica, pi\u00f9 movimento\"}]},{\"@type\":\"WebSite\",\"@id\":\"https:\\\/\\\/linmot.com\\\/it\\\/#website\",\"url\":\"https:\\\/\\\/linmot.com\\\/it\\\/\",\"name\":\"LinMot e MagSpring - Italiano\",\"description\":\"Motori lineari e sistemi di motori lineari di alta qualit\u00e0\",\"publisher\":{\"@id\":\"https:\\\/\\\/linmot.com\\\/it\\\/#organization\"},\"potentialAction\":[{\"@type\":\"SearchAction\",\"target\":{\"@type\":\"EntryPoint\",\"urlTemplate\":\"https:\\\/\\\/linmot.com\\\/it\\\/?s={search_term_string}\"},\"query-input\":{\"@type\":\"PropertyValueSpecification\",\"valueRequired\":true,\"valueName\":\"search_term_string\"}}],\"inLanguage\":\"it-IT\"},{\"@type\":\"Organization\",\"@id\":\"https:\\\/\\\/linmot.com\\\/it\\\/#organization\",\"name\":\"NTI AG - LinMot & MagSpring\",\"url\":\"https:\\\/\\\/linmot.com\\\/it\\\/\",\"logo\":{\"@type\":\"ImageObject\",\"inLanguage\":\"it-IT\",\"@id\":\"https:\\\/\\\/linmot.com\\\/it\\\/#\\\/schema\\\/logo\\\/image\\\/\",\"url\":\"https:\\\/\\\/linmot.com\\\/it\\\/wp-content\\\/uploads\\\/sites\\\/4\\\/2022\\\/05\\\/linmot-social-share-logo.jpg\",\"contentUrl\":\"https:\\\/\\\/linmot.com\\\/it\\\/wp-content\\\/uploads\\\/sites\\\/4\\\/2022\\\/05\\\/linmot-social-share-logo.jpg\",\"width\":800,\"height\":500,\"caption\":\"NTI AG - LinMot & MagSpring\"},\"image\":{\"@id\":\"https:\\\/\\\/linmot.com\\\/it\\\/#\\\/schema\\\/logo\\\/image\\\/\"},\"sameAs\":[\"https:\\\/\\\/www.linkedin.com\\\/company\\\/pamoco-spa\\\/\",\"https:\\\/\\\/www.youtube.com\\\/user\\\/LinMotEurope\"]}]}<\/script>\n<!-- \/ Yoast SEO Premium plugin. -->","yoast_head_json":{"title":"LinMot Pilot - Meno codifica, pi\u00f9 movimento","description":"LinMot Pilot \u00e8 una piattaforma di controllo intuitiva e senza codice per sistemi LinMot multiasse, che non richiede PLC o conoscenze di programmazione.","robots":{"index":"index","follow":"follow","max-snippet":"max-snippet:-1","max-image-preview":"max-image-preview:large","max-video-preview":"max-video-preview:-1"},"canonical":"https:\/\/linmot.com\/it\/prodotti\/linmot-pilot-meno-codifica-piu-movimento\/","og_locale":"it_IT","og_type":"article","og_title":"LinMot Pilot - Meno codifica, pi\u00f9 movimento","og_description":"LinMot Pilot \u00e8 una piattaforma di controllo intuitiva e senza codice per sistemi LinMot multiasse, che non richiede PLC o conoscenze di programmazione.","og_url":"https:\/\/linmot.com\/it\/prodotti\/linmot-pilot-meno-codifica-piu-movimento\/","og_site_name":"LinMot e MagSpring - Italiano","article_modified_time":"2026-01-29T13:03:14+00:00","og_image":[{"width":800,"height":500,"url":"https:\/\/linmot.com\/it\/wp-content\/uploads\/sites\/4\/2022\/05\/linmot-social-share-logo.jpg","type":"image\/jpeg"}],"twitter_card":"summary_large_image","twitter_misc":{"Tempo di lettura stimato":"6 minuti"},"schema":{"@context":"https:\/\/schema.org","@graph":[{"@type":"WebPage","@id":"https:\/\/linmot.com\/it\/prodotti\/linmot-pilot-meno-codifica-piu-movimento\/","url":"https:\/\/linmot.com\/it\/prodotti\/linmot-pilot-meno-codifica-piu-movimento\/","name":"LinMot Pilot - Meno codifica, pi\u00f9 movimento","isPartOf":{"@id":"https:\/\/linmot.com\/it\/#website"},"primaryImageOfPage":{"@id":"https:\/\/linmot.com\/it\/prodotti\/linmot-pilot-meno-codifica-piu-movimento\/#primaryimage"},"image":{"@id":"https:\/\/linmot.com\/it\/prodotti\/linmot-pilot-meno-codifica-piu-movimento\/#primaryimage"},"thumbnailUrl":"https:\/\/linmot.com\/de\/wp-content\/uploads\/sites\/2\/2025\/11\/linmot-pilot-screen-1.jpg","datePublished":"2025-11-11T15:08:31+00:00","dateModified":"2026-01-29T13:03:14+00:00","description":"LinMot Pilot \u00e8 una piattaforma di controllo intuitiva e senza codice per sistemi LinMot multiasse, che non richiede PLC o conoscenze di programmazione.","breadcrumb":{"@id":"https:\/\/linmot.com\/it\/prodotti\/linmot-pilot-meno-codifica-piu-movimento\/#breadcrumb"},"inLanguage":"it-IT","potentialAction":[{"@type":"ReadAction","target":["https:\/\/linmot.com\/it\/prodotti\/linmot-pilot-meno-codifica-piu-movimento\/"]}]},{"@type":"ImageObject","inLanguage":"it-IT","@id":"https:\/\/linmot.com\/it\/prodotti\/linmot-pilot-meno-codifica-piu-movimento\/#primaryimage","url":"https:\/\/linmot.com\/de\/wp-content\/uploads\/sites\/2\/2025\/11\/linmot-pilot-screen-1.jpg","contentUrl":"https:\/\/linmot.com\/de\/wp-content\/uploads\/sites\/2\/2025\/11\/linmot-pilot-screen-1.jpg"},{"@type":"BreadcrumbList","@id":"https:\/\/linmot.com\/it\/prodotti\/linmot-pilot-meno-codifica-piu-movimento\/#breadcrumb","itemListElement":[{"@type":"ListItem","position":1,"name":"Home","item":"https:\/\/linmot.com\/it\/"},{"@type":"ListItem","position":2,"name":"Prodotti","item":"https:\/\/linmot.com\/it\/prodotti\/"},{"@type":"ListItem","position":3,"name":"LinMot Pilot &#8211; Meno codifica, pi\u00f9 movimento"}]},{"@type":"WebSite","@id":"https:\/\/linmot.com\/it\/#website","url":"https:\/\/linmot.com\/it\/","name":"LinMot e MagSpring - Italiano","description":"Motori lineari e sistemi di motori lineari di alta qualit\u00e0","publisher":{"@id":"https:\/\/linmot.com\/it\/#organization"},"potentialAction":[{"@type":"SearchAction","target":{"@type":"EntryPoint","urlTemplate":"https:\/\/linmot.com\/it\/?s={search_term_string}"},"query-input":{"@type":"PropertyValueSpecification","valueRequired":true,"valueName":"search_term_string"}}],"inLanguage":"it-IT"},{"@type":"Organization","@id":"https:\/\/linmot.com\/it\/#organization","name":"NTI AG - LinMot & MagSpring","url":"https:\/\/linmot.com\/it\/","logo":{"@type":"ImageObject","inLanguage":"it-IT","@id":"https:\/\/linmot.com\/it\/#\/schema\/logo\/image\/","url":"https:\/\/linmot.com\/it\/wp-content\/uploads\/sites\/4\/2022\/05\/linmot-social-share-logo.jpg","contentUrl":"https:\/\/linmot.com\/it\/wp-content\/uploads\/sites\/4\/2022\/05\/linmot-social-share-logo.jpg","width":800,"height":500,"caption":"NTI AG - LinMot & MagSpring"},"image":{"@id":"https:\/\/linmot.com\/it\/#\/schema\/logo\/image\/"},"sameAs":["https:\/\/www.linkedin.com\/company\/pamoco-spa\/","https:\/\/www.youtube.com\/user\/LinMotEurope"]}]}},"_links":{"self":[{"href":"https:\/\/linmot.com\/it\/wp-json\/wp\/v2\/pages\/4064","targetHints":{"allow":["GET"]}}],"collection":[{"href":"https:\/\/linmot.com\/it\/wp-json\/wp\/v2\/pages"}],"about":[{"href":"https:\/\/linmot.com\/it\/wp-json\/wp\/v2\/types\/page"}],"author":[{"embeddable":true,"href":"https:\/\/linmot.com\/it\/wp-json\/wp\/v2\/users\/9"}],"replies":[{"embeddable":true,"href":"https:\/\/linmot.com\/it\/wp-json\/wp\/v2\/comments?post=4064"}],"version-history":[{"count":16,"href":"https:\/\/linmot.com\/it\/wp-json\/wp\/v2\/pages\/4064\/revisions"}],"predecessor-version":[{"id":4147,"href":"https:\/\/linmot.com\/it\/wp-json\/wp\/v2\/pages\/4064\/revisions\/4147"}],"up":[{"embeddable":true,"href":"https:\/\/linmot.com\/it\/wp-json\/wp\/v2\/pages\/1210"}],"wp:attachment":[{"href":"https:\/\/linmot.com\/it\/wp-json\/wp\/v2\/media?parent=4064"}],"curies":[{"name":"wp","href":"https:\/\/api.w.org\/{rel}","templated":true}]}}