{"id":3971,"date":"2025-08-14T10:37:27","date_gmt":"2025-08-14T08:37:27","guid":{"rendered":"https:\/\/linmot.com\/it\/?page_id=3971"},"modified":"2026-04-15T09:00:47","modified_gmt":"2026-04-15T07:00:47","slug":"rockwell-automation-partner-tecnologico","status":"publish","type":"page","link":"https:\/\/linmot.com\/it\/azienda\/partner\/rockwell-automation-partner-tecnologico\/","title":{"rendered":"Rockwell Automation &#8211; Partner tecnologico"},"content":{"rendered":"<hr \/>\n<div class=\"row\">\n<div class=\"col-sm-2\">\n<a id=\"top\" class=\"button\" href=\"#partnership\">1. Partnership<\/a><\/p>\n<\/div>\n<div class=\"col-sm-2\">\n<a class=\"button\" href=\"#note\">2. Integrazione<\/a><\/p>\n<\/div>\n<div class=\"col-sm-2\">\n<a class=\"button\" href=\"#products\">3. Prodotti<\/a><\/p>\n<\/div>\n<div class=\"col-sm-2\">\n<a class=\"button\" href=\"#report\">4. Storia<\/a><\/p>\n<\/div>\n<div class=\"col-sm-2\">\n<a class=\"button\" href=\"#headquarters\">5. Contatti<\/a><br \/>\n<\/div>\n<\/div>\n<hr \/>\n<h2 id=\"partnership\">1. LinMot &amp; Rockwell Automation<\/h2>\n<div class=\"row\">\n<div class=\"col-md-9\">\n<p>Trasformate il vostro processo di produzione con le soluzioni a motore lineare di LinMot\u00ae per aumentare la produttivit\u00e0 e ridurre al minimo i tempi di fermo macchina!<\/p>\n<p>\u2022 Motori innovativi eseguono movimenti lineari e lineari-rotativi altamente dinamici.<br \/>\n\u2022 La tecnologia all&#8217;avanguardia dei motori ha dimostrato di ridurre la manutenzione,<br \/>\n\u2022 Aumentare la velocit\u00e0 e garantire una maggiore durata, fino a diversi miliardi di cicli in applicazioni reali.<br \/>\n\u2022 Non sono presenti cinghie, viti, camme o ingranaggi soggetti a usura nel tempo.<br \/>\n\u2022 Ogni motore \u00e8 dotato di un sistema di azionamento diretto e offre la massima affidabilit\u00e0 e flessibilit\u00e0.<br \/>\n\u2022 I nostri motori e azionamenti sono progettati per integrarsi perfettamente in qualsiasi sistema di controllo sovrapposto.<\/p>\n<p>Questo rende i nostri prodotti perfetti per gli ambienti industriali difficili, compresi quelli delle applicazioni di produzione e automazione. Incorporateli nelle vostre operazioni esistenti, insieme ai nostri MagSprings e servoazionamenti CC, per creare il sistema di azionamento ottimale.<\/p>\n<p>Migliaia di clienti hanno ottimizzato i loro cicli di produzione utilizzando la tecnologia dei motori LinMot. Scoprite come possiamo rivoluzionare insieme il vostro processo di produzione. I nostri professionisti vi consiglieranno soluzioni su misura per le vostre applicazioni specifiche.<\/p>\n<\/div>\n<div class=\"col-md-3\">\n<img loading=\"lazy\" decoding=\"async\" class=\"size-full wp-image-4310 aligncenter\" src=\"https:\/\/linmot.com\/wp-content\/uploads\/2023\/09\/rockwell-automation-technology-partner.jpg\" alt=\"\" width=\"400\" height=\"112\" \/>\n<\/div>\n<\/div>\n<p style=\"text-align: right;\"><a href=\"\/it\/azienda\/partner\/rockwell-automation-partner-tecnologico\/#top\" rel=\"noopener\">Torna all&#8217;inizio della pagina<\/a><\/p>\n<hr \/>\n<h2 id=\"note\">2. Come integrare LinMot nel mondo Rockwell<\/h2>\n<p>Come integrare gli azionamenti LinMot con l&#8217;interfaccia LinMot EtherNet\/IP CIP Sync (MI o CM) in un ambiente Rockwell Automation come asse di movimento.<\/p>\n<p><a class=\"button\" href=\"https:\/\/download.linmot.com\/plc_lib\/examples\/Rockwell_CM\/\" target=\"_blank\" rel=\"noopener\">Scarica il pacchetto demo con progetti di esempio e documentazione<\/a><\/p>\n<div class=\"brlbs-cmpnt-container brlbs-cmpnt-content-blocker brlbs-cmpnt-with-individual-styles\" data-borlabs-cookie-content-blocker-id=\"default\" data-borlabs-cookie-content=\"PGlmcmFtZSB0aXRsZT0iWW91VHViZSB2aWRlbyBwbGF5ZXIiIHNyYz0iaHR0cHM6Ly93d3cueW91dHViZS5jb20vZW1iZWQvLW4ySVRJUUNobzg\/c2k9eHhpVVAzeUNBdVA4QXQxNiIgd2lkdGg9IjU2MCIgaGVpZ2h0PSIzMTUiIGZyYW1lYm9yZGVyPSIwIiBhbGxvd2Z1bGxzY3JlZW49ImFsbG93ZnVsbHNjcmVlbiI+PC9pZnJhbWU+\">\n<div class=\"brlbs-cmpnt-cb-preset-a\">\n<p class=\"brlbs-cmpnt-cb-description\">Stai visualizzando un contenuto segnaposto da <strong>Predefinito<\/strong>. Per accedere al contenuto effettivo, clicca sul pulsante sottostante. Si prega di notare che in questo modo si condividono i dati con provider di terze parti.<\/p>\n<div class=\"brlbs-cmpnt-cb-buttons\"> <a class=\"brlbs-cmpnt-cb-btn\" href=\"#\" data-borlabs-cookie-unblock role=\"button\">Sblocca i contenuti<\/a> <a class=\"brlbs-cmpnt-cb-btn\" href=\"#\" data-borlabs-cookie-accept-service role=\"button\" style=\"display: none\">Accetta il servizio richiesto e sblocca i contenuti<\/a> <\/div>\n<p> <a class=\"brlbs-cmpnt-cb-provider-toggle\" href=\"#\" data-borlabs-cookie-show-provider-information role=\"button\">Ulteriori informazioni<\/a> <\/div>\n<\/div>\n<p>Guarda il tutorial completo su come funziona l&#8217;integrazione dei motori LinMot su Rockwell Automation CIP Sync sul nostro canale YouTube:<\/p>\n<p><a class=\"button\" href=\"https:\/\/www.youtube.com\/playlist?list=PLMSLCScLnf95PmjyZv8sl6zuHKhci8uln\" rel=\"noopener\">Vai alla playlist YouTube<\/a><\/p>\n<img loading=\"lazy\" decoding=\"async\" class=\"aligncenter wp-image-4308 size-full\" src=\"https:\/\/linmot.com\/wp-content\/uploads\/2023\/09\/plc-commissioning-rockwell.jpg\" alt=\"\" width=\"700\" height=\"259\" \/>\n<h6>Image Source: Rockwell Automation<\/h6>\n<p style=\"text-align: right;\"><a href=\"\/it\/azienda\/partner\/rockwell-automation-partner-tecnologico\/#top\" rel=\"noopener\">Torna all&#8217;inizio della pagina<\/a><\/p>\n<hr \/>\n<h2 id=\"products\">3. Prodotti LinMot<\/h2>\n<div class=\"row\">\n<div class=\"col-md-4\">\n<strong>Servo Drives<\/strong><br \/>\n<img loading=\"lazy\" decoding=\"async\" class=\"alignnone size-full wp-image-1746\" src=\"https:\/\/linmot.com\/wp-content\/uploads\/2025\/01\/servo-drives-product-overview.jpg\" alt=\"\" width=\"300\" height=\"199\" \/><\/p>\n<p><a class=\"button\" href=\"https:\/\/linmot.com\/products\/servo-drives\/\" rel=\"noopener\">Maggiori informazioni<\/a><\/p>\n<p>I servoazionamenti LinMot sono controlli di posizionamento compatti con una o pi\u00f9 unit\u00e0 di potenza per il controllo dei motori e un&#8217;unit\u00e0 di controllo intelligente con controllo di posizione integrato. L&#8217;unit\u00e0 di controllo si occupa di tutte le funzioni di controllo e monitoraggio relative all&#8217;azionamento.<\/p>\n<\/div>\n<div class=\"col-md-4\">\n<strong>Motori lineari<\/strong><br \/>\n<img loading=\"lazy\" decoding=\"async\" class=\"alignnone size-full wp-image-1744\" src=\"https:\/\/linmot.com\/wp-content\/uploads\/2025\/01\/linearmotoren-product-overview.jpg\" alt=\"\" width=\"300\" height=\"199\" \/><\/p>\n<p><a class=\"button\" href=\"https:\/\/linmot.com\/products\/linear-motors\/\" rel=\"noopener\">Maggiori informazioni<\/a><\/p>\n<p>I motori LinMot sono azionamenti diretti elettromagnetici di forma tubolare. Il movimento lineare \u00e8 generato interamente in modo elettrico e senza usura, senza l&#8217;uso di ingranaggi meccanici, mandrini o cinghie.<\/p>\n<\/div>\n<div class=\"col-md-4\">\n<strong>Guide lineari e moduli<\/strong><br \/>\n<img loading=\"lazy\" decoding=\"async\" class=\"alignnone size-full wp-image-1742\" src=\"https:\/\/linmot.com\/wp-content\/uploads\/2025\/01\/dm01-product-overview.jpg\" alt=\"\" width=\"300\" height=\"199\" \/><\/p>\n<p><a class=\"button\" href=\"https:\/\/linmot.com\/products\/linear-guides-linear-modules\/\" rel=\"noopener\">Maggiori informazioni<\/a><\/p>\n<p>Le guide lineari LinMot sono unit\u00e0 di guida compatte per motori lineari. Le guide vengono utilizzate per sostenere il carico, assorbire forze esterne, gestire momenti torsionali e di flessione e, allo stesso tempo, come dispositivo antirotazione.<\/p>\n<\/div>\n<\/div>\n<div class=\"row\">\n<div class=\"col-md-4\">\n<h4>Motori rotativi lineari<\/h4>\n<img loading=\"lazy\" decoding=\"async\" class=\"alignnone size-full wp-image-1740\" src=\"https:\/\/linmot.com\/wp-content\/uploads\/2025\/01\/hubdreh-product-overview.jpg\" alt=\"\" width=\"300\" height=\"199\" \/>\n<p><a class=\"button\" href=\"https:\/\/linmot.com\/products\/linear-rotary-motors\/\" rel=\"noopener\">Maggiori informazioni<\/a><\/p>\n<p>I motori rotativi lineari LinMot sono caratterizzati da eccellente flessibilit\u00e0, dinamica e velocit\u00e0. Possono essere utilizzati per realizzare movimenti sia lineari che rotativi.<\/p>\n<\/div>\n<div class=\"col-md-4\">\n<h4>MagSpring<\/h4>\n<img loading=\"lazy\" decoding=\"async\" class=\"alignnone size-full wp-image-1745\" src=\"https:\/\/linmot.com\/wp-content\/uploads\/2025\/01\/magspring-product-overview.jpg\" alt=\"\" width=\"300\" height=\"199\" \/>\n<p><a class=\"button\" href=\"https:\/\/linmot.com\/products\/magspring\/\" rel=\"noopener\">Maggiori informazioni<\/a><\/p>\n<p>I prodotti MagSpring possono essere descritti al meglio con il termine \u201cmolla magnetica\u201d. Tuttavia, il termine molla deve essere inteso nel senso che i componenti MagSpring generano una forza costante su tutto il campo di lavoro, mentre una curva caratteristica tipica di una molla meccanica mostra un aumento della forza dipendente dal percorso.<\/p>\n<\/div>\n<div class=\"col-md-4\">\n<h4>Accessories<\/h4>\n<img loading=\"lazy\" decoding=\"async\" class=\"alignnone size-full wp-image-1747\" src=\"https:\/\/linmot.com\/de\/wp-content\/uploads\/sites\/2\/2021\/05\/Zubehoer-Produkteuebersicht.jpg\" alt=\"\" width=\"300\" height=\"199\" \/>\n<p><a class=\"button\" href=\"https:\/\/linmot.com\/products\/accessories\/\" rel=\"noopener\">Maggiori informazioni<\/a><\/p>\n<p>La gamma di accessori LinMot, abbinata ai motori lineari, consente la realizzazione e la messa in servizio rapida e semplice di un&#8217;ampia variet\u00e0 di compiti.<\/p>\n<\/div>\n<\/div>\n<p style=\"text-align: right;\"><a href=\"\/it\/azienda\/partner\/rockwell-automation-partner-tecnologico\/\" rel=\"noopener\">Torna all&#8217;inizio della pagina<\/a><\/p>\n<hr \/>\n<h2 id=\"report\">4. Storia di successo<\/h2>\n<img loading=\"lazy\" decoding=\"async\" class=\"alignnone size-full wp-image-1713 aligncenter\" src=\"https:\/\/linmot.com\/de\/wp-content\/uploads\/sites\/2\/2021\/05\/laufen-lassen.gif\" alt=\"\" width=\"540\" height=\"304\" \/>\n<p>I processi di riempimento e chiusura possono essere implementati in modo dinamico e flessibile con motori lineari rotativi diretti. Ecco perch\u00e9 OPTIMA, rinomato produttore di macchine per l&#8217;imballaggio, li utilizza nelle unit\u00e0 di chiusura delle sue macchine monoblocco e indipendenti. Un altro motivo importante \u00e8 che i motori forniscono direttamente i dati relativi ai valori effettivi di corsa e coppia generati per il controllo di qualit\u00e0 continuo o l&#8217;analisi successiva del processo. Questo tipo di azionamento supporta in tutto e per tutto i moderni concetti dell&#8217;Industria 4.0.<\/p>\n<p><a class=\"button\" href=\"https:\/\/linmot.com\/blog\/in-line-with-industry-4-0\/\" rel=\"noopener\">Leggi l&#8217;intero rapporto applicativo<\/a><\/p>\n<p style=\"text-align: right;\"><a href=\"\/it\/azienda\/partner\/rockwell-automation-partner-tecnologico\/#top\" rel=\"noopener\">Torna all&#8217;inizio della pagina<\/a><\/p>\n<hr \/>\n<h2 id=\"headquarters\">5. Contatti<\/h2>\n<div class=\"row\">\n<div class=\"col-md-4\">\n<strong>LinMot USA Inc<\/strong><br \/>\nN1922 State Road 120, Unit 1<br \/>\nLake Geneva, Wisconsin 53147<br \/>\nUSA<\/p>\n<p><a class=\"button\" href=\"mailto:usaorders@linmot.com\" rel=\"noopener\">Scrivici una mail<\/a><\/p>\n<\/div>\n<div class=\"col-md-4\">\n<strong>LinMot\/NTI AG<\/strong><br \/>\nBodenaeckerstrasse 2<br \/>\nSpreitenbach, Z\u00fcrich CH-8957<br \/>\nSwitzerland<\/p>\n<p><a class=\"button\" href=\"mailto:office@linmot.com\" rel=\"noopener\">Scrivici una mail<\/a><\/p>\n<\/div>\n<\/div>\n<p style=\"text-align: right;\"><a href=\"\/it\/azienda\/partner\/rockwell-automation-partner-tecnologico\/#top\" rel=\"noopener\">Torna all&#8217;inizio della pagina<\/a><\/p>\n","protected":false},"excerpt":{"rendered":"<p>1. LinMot &amp; Rockwell Automation Torna all&#8217;inizio della pagina 2. Come integrare LinMot nel mondo Rockwell Come integrare gli azionamenti LinMot con l&#8217;interfaccia LinMot EtherNet\/IP CIP Sync (MI o CM) in un ambiente Rockwell Automation come asse di movimento. Scarica il pacchetto demo con progetti di esempio e documentazione Stai visualizzando un contenuto segnaposto da [&hellip;]<\/p>\n","protected":false},"author":9,"featured_media":0,"parent":28,"menu_order":11,"comment_status":"closed","ping_status":"closed","template":"","meta":{"_acf_changed":false,"footnotes":""},"class_list":["post-3971","page","type-page","status-publish","hentry"],"acf":[],"yoast_head":"<!-- This site is optimized with the Yoast SEO Premium plugin v20.9 (Yoast SEO v27.3) - https:\/\/yoast.com\/product\/yoast-seo-premium-wordpress\/ -->\n<title>Rockwell Automation - Partner tecnologico - LinMot e MagSpring - Italiano<\/title>\n<meta name=\"description\" content=\"Come integrare gli azionamenti LinMot con l&#039;interfaccia LinMot EtherNet\/IP CIP Sync in un ambiente Rockwell Automation come asse di movimento.\" \/>\n<meta name=\"robots\" content=\"index, follow, max-snippet:-1, max-image-preview:large, max-video-preview:-1\" \/>\n<link rel=\"canonical\" href=\"https:\/\/linmot.com\/it\/azienda\/partner\/rockwell-automation-partner-tecnologico\/\" \/>\n<meta property=\"og:locale\" content=\"it_IT\" \/>\n<meta property=\"og:type\" content=\"article\" \/>\n<meta property=\"og:title\" content=\"Rockwell Automation - Partner tecnologico\" \/>\n<meta property=\"og:description\" content=\"Come integrare gli azionamenti LinMot con l&#039;interfaccia LinMot EtherNet\/IP CIP Sync in un ambiente Rockwell Automation come asse di movimento.\" \/>\n<meta property=\"og:url\" content=\"https:\/\/linmot.com\/it\/azienda\/partner\/rockwell-automation-partner-tecnologico\/\" \/>\n<meta property=\"og:site_name\" content=\"LinMot e MagSpring - Italiano\" \/>\n<meta property=\"article:modified_time\" content=\"2026-04-15T07:00:47+00:00\" \/>\n<meta property=\"og:image\" content=\"https:\/\/linmot.com\/it\/wp-content\/uploads\/sites\/4\/2022\/05\/linmot-social-share-logo.jpg\" \/>\n\t<meta property=\"og:image:width\" content=\"800\" \/>\n\t<meta property=\"og:image:height\" content=\"500\" \/>\n\t<meta property=\"og:image:type\" content=\"image\/jpeg\" \/>\n<meta name=\"twitter:card\" content=\"summary_large_image\" \/>\n<meta name=\"twitter:label1\" content=\"Tempo di lettura stimato\" \/>\n\t<meta name=\"twitter:data1\" content=\"6 minuti\" \/>\n<script type=\"application\/ld+json\" class=\"yoast-schema-graph\">{\"@context\":\"https:\\\/\\\/schema.org\",\"@graph\":[{\"@type\":\"WebPage\",\"@id\":\"https:\\\/\\\/linmot.com\\\/it\\\/azienda\\\/partner\\\/rockwell-automation-partner-tecnologico\\\/\",\"url\":\"https:\\\/\\\/linmot.com\\\/it\\\/azienda\\\/partner\\\/rockwell-automation-partner-tecnologico\\\/\",\"name\":\"Rockwell Automation - Partner tecnologico - LinMot e MagSpring - Italiano\",\"isPartOf\":{\"@id\":\"https:\\\/\\\/linmot.com\\\/it\\\/#website\"},\"primaryImageOfPage\":{\"@id\":\"https:\\\/\\\/linmot.com\\\/it\\\/azienda\\\/partner\\\/rockwell-automation-partner-tecnologico\\\/#primaryimage\"},\"image\":{\"@id\":\"https:\\\/\\\/linmot.com\\\/it\\\/azienda\\\/partner\\\/rockwell-automation-partner-tecnologico\\\/#primaryimage\"},\"thumbnailUrl\":\"https:\\\/\\\/linmot.com\\\/wp-content\\\/uploads\\\/2023\\\/09\\\/rockwell-automation-technology-partner.jpg\",\"datePublished\":\"2025-08-14T08:37:27+00:00\",\"dateModified\":\"2026-04-15T07:00:47+00:00\",\"description\":\"Come integrare gli azionamenti LinMot con l'interfaccia LinMot EtherNet\\\/IP CIP Sync in un ambiente Rockwell Automation come asse di movimento.\",\"breadcrumb\":{\"@id\":\"https:\\\/\\\/linmot.com\\\/it\\\/azienda\\\/partner\\\/rockwell-automation-partner-tecnologico\\\/#breadcrumb\"},\"inLanguage\":\"it-IT\",\"potentialAction\":[{\"@type\":\"ReadAction\",\"target\":[\"https:\\\/\\\/linmot.com\\\/it\\\/azienda\\\/partner\\\/rockwell-automation-partner-tecnologico\\\/\"]}]},{\"@type\":\"ImageObject\",\"inLanguage\":\"it-IT\",\"@id\":\"https:\\\/\\\/linmot.com\\\/it\\\/azienda\\\/partner\\\/rockwell-automation-partner-tecnologico\\\/#primaryimage\",\"url\":\"https:\\\/\\\/linmot.com\\\/wp-content\\\/uploads\\\/2023\\\/09\\\/rockwell-automation-technology-partner.jpg\",\"contentUrl\":\"https:\\\/\\\/linmot.com\\\/wp-content\\\/uploads\\\/2023\\\/09\\\/rockwell-automation-technology-partner.jpg\"},{\"@type\":\"BreadcrumbList\",\"@id\":\"https:\\\/\\\/linmot.com\\\/it\\\/azienda\\\/partner\\\/rockwell-automation-partner-tecnologico\\\/#breadcrumb\",\"itemListElement\":[{\"@type\":\"ListItem\",\"position\":1,\"name\":\"Home\",\"item\":\"https:\\\/\\\/linmot.com\\\/it\\\/\"},{\"@type\":\"ListItem\",\"position\":2,\"name\":\"Profilo aziendale di NTI AG\",\"item\":\"https:\\\/\\\/linmot.com\\\/it\\\/azienda\\\/\"},{\"@type\":\"ListItem\",\"position\":3,\"name\":\"Partner\",\"item\":\"https:\\\/\\\/linmot.com\\\/it\\\/azienda\\\/partner\\\/\"},{\"@type\":\"ListItem\",\"position\":4,\"name\":\"Rockwell Automation &#8211; Partner tecnologico\"}]},{\"@type\":\"WebSite\",\"@id\":\"https:\\\/\\\/linmot.com\\\/it\\\/#website\",\"url\":\"https:\\\/\\\/linmot.com\\\/it\\\/\",\"name\":\"LinMot e MagSpring - Italiano\",\"description\":\"Motori lineari e sistemi di motori lineari di alta qualit\u00e0\",\"publisher\":{\"@id\":\"https:\\\/\\\/linmot.com\\\/it\\\/#organization\"},\"potentialAction\":[{\"@type\":\"SearchAction\",\"target\":{\"@type\":\"EntryPoint\",\"urlTemplate\":\"https:\\\/\\\/linmot.com\\\/it\\\/?s={search_term_string}\"},\"query-input\":{\"@type\":\"PropertyValueSpecification\",\"valueRequired\":true,\"valueName\":\"search_term_string\"}}],\"inLanguage\":\"it-IT\"},{\"@type\":\"Organization\",\"@id\":\"https:\\\/\\\/linmot.com\\\/it\\\/#organization\",\"name\":\"NTI AG - LinMot & MagSpring\",\"url\":\"https:\\\/\\\/linmot.com\\\/it\\\/\",\"logo\":{\"@type\":\"ImageObject\",\"inLanguage\":\"it-IT\",\"@id\":\"https:\\\/\\\/linmot.com\\\/it\\\/#\\\/schema\\\/logo\\\/image\\\/\",\"url\":\"https:\\\/\\\/linmot.com\\\/it\\\/wp-content\\\/uploads\\\/sites\\\/4\\\/2022\\\/05\\\/linmot-social-share-logo.jpg\",\"contentUrl\":\"https:\\\/\\\/linmot.com\\\/it\\\/wp-content\\\/uploads\\\/sites\\\/4\\\/2022\\\/05\\\/linmot-social-share-logo.jpg\",\"width\":800,\"height\":500,\"caption\":\"NTI AG - LinMot & MagSpring\"},\"image\":{\"@id\":\"https:\\\/\\\/linmot.com\\\/it\\\/#\\\/schema\\\/logo\\\/image\\\/\"},\"sameAs\":[\"https:\\\/\\\/www.linkedin.com\\\/company\\\/pamoco-spa\\\/\",\"https:\\\/\\\/www.youtube.com\\\/user\\\/LinMotEurope\"]}]}<\/script>\n<!-- \/ Yoast SEO Premium plugin. -->","yoast_head_json":{"title":"Rockwell Automation - Partner tecnologico - LinMot e MagSpring - Italiano","description":"Come integrare gli azionamenti LinMot con l'interfaccia LinMot EtherNet\/IP CIP Sync in un ambiente Rockwell Automation come asse di movimento.","robots":{"index":"index","follow":"follow","max-snippet":"max-snippet:-1","max-image-preview":"max-image-preview:large","max-video-preview":"max-video-preview:-1"},"canonical":"https:\/\/linmot.com\/it\/azienda\/partner\/rockwell-automation-partner-tecnologico\/","og_locale":"it_IT","og_type":"article","og_title":"Rockwell Automation - Partner tecnologico","og_description":"Come integrare gli azionamenti LinMot con l'interfaccia LinMot EtherNet\/IP CIP Sync in un ambiente Rockwell Automation come asse di movimento.","og_url":"https:\/\/linmot.com\/it\/azienda\/partner\/rockwell-automation-partner-tecnologico\/","og_site_name":"LinMot e MagSpring - Italiano","article_modified_time":"2026-04-15T07:00:47+00:00","og_image":[{"width":800,"height":500,"url":"https:\/\/linmot.com\/it\/wp-content\/uploads\/sites\/4\/2022\/05\/linmot-social-share-logo.jpg","type":"image\/jpeg"}],"twitter_card":"summary_large_image","twitter_misc":{"Tempo di lettura stimato":"6 minuti"},"schema":{"@context":"https:\/\/schema.org","@graph":[{"@type":"WebPage","@id":"https:\/\/linmot.com\/it\/azienda\/partner\/rockwell-automation-partner-tecnologico\/","url":"https:\/\/linmot.com\/it\/azienda\/partner\/rockwell-automation-partner-tecnologico\/","name":"Rockwell Automation - Partner tecnologico - LinMot e MagSpring - Italiano","isPartOf":{"@id":"https:\/\/linmot.com\/it\/#website"},"primaryImageOfPage":{"@id":"https:\/\/linmot.com\/it\/azienda\/partner\/rockwell-automation-partner-tecnologico\/#primaryimage"},"image":{"@id":"https:\/\/linmot.com\/it\/azienda\/partner\/rockwell-automation-partner-tecnologico\/#primaryimage"},"thumbnailUrl":"https:\/\/linmot.com\/wp-content\/uploads\/2023\/09\/rockwell-automation-technology-partner.jpg","datePublished":"2025-08-14T08:37:27+00:00","dateModified":"2026-04-15T07:00:47+00:00","description":"Come integrare gli azionamenti LinMot con l'interfaccia LinMot EtherNet\/IP CIP Sync in un ambiente Rockwell Automation come asse di movimento.","breadcrumb":{"@id":"https:\/\/linmot.com\/it\/azienda\/partner\/rockwell-automation-partner-tecnologico\/#breadcrumb"},"inLanguage":"it-IT","potentialAction":[{"@type":"ReadAction","target":["https:\/\/linmot.com\/it\/azienda\/partner\/rockwell-automation-partner-tecnologico\/"]}]},{"@type":"ImageObject","inLanguage":"it-IT","@id":"https:\/\/linmot.com\/it\/azienda\/partner\/rockwell-automation-partner-tecnologico\/#primaryimage","url":"https:\/\/linmot.com\/wp-content\/uploads\/2023\/09\/rockwell-automation-technology-partner.jpg","contentUrl":"https:\/\/linmot.com\/wp-content\/uploads\/2023\/09\/rockwell-automation-technology-partner.jpg"},{"@type":"BreadcrumbList","@id":"https:\/\/linmot.com\/it\/azienda\/partner\/rockwell-automation-partner-tecnologico\/#breadcrumb","itemListElement":[{"@type":"ListItem","position":1,"name":"Home","item":"https:\/\/linmot.com\/it\/"},{"@type":"ListItem","position":2,"name":"Profilo aziendale di NTI AG","item":"https:\/\/linmot.com\/it\/azienda\/"},{"@type":"ListItem","position":3,"name":"Partner","item":"https:\/\/linmot.com\/it\/azienda\/partner\/"},{"@type":"ListItem","position":4,"name":"Rockwell Automation &#8211; Partner tecnologico"}]},{"@type":"WebSite","@id":"https:\/\/linmot.com\/it\/#website","url":"https:\/\/linmot.com\/it\/","name":"LinMot e MagSpring - Italiano","description":"Motori lineari e sistemi di motori lineari di alta qualit\u00e0","publisher":{"@id":"https:\/\/linmot.com\/it\/#organization"},"potentialAction":[{"@type":"SearchAction","target":{"@type":"EntryPoint","urlTemplate":"https:\/\/linmot.com\/it\/?s={search_term_string}"},"query-input":{"@type":"PropertyValueSpecification","valueRequired":true,"valueName":"search_term_string"}}],"inLanguage":"it-IT"},{"@type":"Organization","@id":"https:\/\/linmot.com\/it\/#organization","name":"NTI AG - LinMot & MagSpring","url":"https:\/\/linmot.com\/it\/","logo":{"@type":"ImageObject","inLanguage":"it-IT","@id":"https:\/\/linmot.com\/it\/#\/schema\/logo\/image\/","url":"https:\/\/linmot.com\/it\/wp-content\/uploads\/sites\/4\/2022\/05\/linmot-social-share-logo.jpg","contentUrl":"https:\/\/linmot.com\/it\/wp-content\/uploads\/sites\/4\/2022\/05\/linmot-social-share-logo.jpg","width":800,"height":500,"caption":"NTI AG - LinMot & MagSpring"},"image":{"@id":"https:\/\/linmot.com\/it\/#\/schema\/logo\/image\/"},"sameAs":["https:\/\/www.linkedin.com\/company\/pamoco-spa\/","https:\/\/www.youtube.com\/user\/LinMotEurope"]}]}},"_links":{"self":[{"href":"https:\/\/linmot.com\/it\/wp-json\/wp\/v2\/pages\/3971","targetHints":{"allow":["GET"]}}],"collection":[{"href":"https:\/\/linmot.com\/it\/wp-json\/wp\/v2\/pages"}],"about":[{"href":"https:\/\/linmot.com\/it\/wp-json\/wp\/v2\/types\/page"}],"author":[{"embeddable":true,"href":"https:\/\/linmot.com\/it\/wp-json\/wp\/v2\/users\/9"}],"replies":[{"embeddable":true,"href":"https:\/\/linmot.com\/it\/wp-json\/wp\/v2\/comments?post=3971"}],"version-history":[{"count":9,"href":"https:\/\/linmot.com\/it\/wp-json\/wp\/v2\/pages\/3971\/revisions"}],"predecessor-version":[{"id":4188,"href":"https:\/\/linmot.com\/it\/wp-json\/wp\/v2\/pages\/3971\/revisions\/4188"}],"up":[{"embeddable":true,"href":"https:\/\/linmot.com\/it\/wp-json\/wp\/v2\/pages\/28"}],"wp:attachment":[{"href":"https:\/\/linmot.com\/it\/wp-json\/wp\/v2\/media?parent=3971"}],"curies":[{"name":"wp","href":"https:\/\/api.w.org\/{rel}","templated":true}]}}