{"id":3508,"date":"2024-07-08T09:28:33","date_gmt":"2024-07-08T07:28:33","guid":{"rendered":"https:\/\/linmot.com\/it\/?page_id=3508"},"modified":"2024-09-04T14:17:50","modified_gmt":"2024-09-04T12:17:50","slug":"life-science","status":"publish","type":"page","link":"https:\/\/linmot.com\/it\/soluzioni-industriali\/life-science\/","title":{"rendered":"Life Science"},"content":{"rendered":"<p><strong>Nel settore delle scienze biologiche, la progettazione di macchinari per la lavorazione dei prodotti \u00e8 fondamentale.<\/strong><\/p>\n<img loading=\"lazy\" decoding=\"async\" class=\"aligncenter wp-image-3509 size-full\" src=\"https:\/\/linmot.com\/it\/wp-content\/uploads\/sites\/4\/2024\/07\/LinMot-Solutions-Life-Science.jpg\" alt=\"Soluzioni industriali per la &quot;Life Science&quot; industria\" width=\"940\" height=\"300\" srcset=\"https:\/\/linmot.com\/it\/wp-content\/uploads\/sites\/4\/2024\/07\/LinMot-Solutions-Life-Science.jpg 940w, https:\/\/linmot.com\/it\/wp-content\/uploads\/sites\/4\/2024\/07\/LinMot-Solutions-Life-Science-300x96.jpg 300w, https:\/\/linmot.com\/it\/wp-content\/uploads\/sites\/4\/2024\/07\/LinMot-Solutions-Life-Science-768x245.jpg 768w\" sizes=\"auto, (max-width: 940px) 100vw, 940px\" \/>\n<p>L&#8217;uso di apparecchiature specializzate e di alta qualit\u00e0 \u00e8 essenziale per garantire precisione, affidabilit\u00e0 e sicurezza. Queste macchine devono soddisfare standard rigorosi, poich\u00e9 anche il pi\u00f9 piccolo errore pu\u00f2 influire sui risultati e sulla sicurezza dei prodotti. L&#8217;uso di componenti all&#8217;avanguardia, materiali resistenti e tecnologie avanzate garantisce prestazioni eccellenti e durature. Investire nella qualit\u00e0 non solo aumenta l&#8217;efficienza produttiva, ma migliora anche la reputazione dell&#8217;azienda e crea fiducia e soddisfazione nel mercato sempre pi\u00f9 esigente delle scienze biologiche.<\/p>\n<p>Gli attuatori lineari LinMot svolgono un ruolo cruciale in questo senso. La loro elevata accuratezza e ripetibilit\u00e0 li rende ideali per le applicazioni che richiedono un movimento preciso, particolarmente importante nel settore delle scienze biologiche. Gli attuatori lineari LinMot offrono anche un&#8217;affidabilit\u00e0 eccezionale, garantendo un processo produttivo regolare senza tempi di inattivit\u00e0 non programmati.<\/p>\n<p>Gli attuatori lineari LinMot sono disponibili anche in acciaio inox. Questo li rende particolarmente adatti agli ambienti sterili, in quanto sono facili da pulire e disinfettare e quindi soddisfano i pi\u00f9 elevati standard igienici. Questa caratteristica \u00e8 particolarmente importante nel settore delle scienze biologiche, dove la pulizia e l&#8217;igiene hanno la massima priorit\u00e0.<\/p>\n<p>Una panoramica di tutti i prodotti LinMot \u00e8 disponibile su questa pagina:<\/p>\n<p><a class=\"button\" href=\"\/it\/i-prodotti-di-linmot-e-magspring\/\">Alla panoramica dei prodotti<\/a><\/p>\n<hr \/>\n<h2>Applicazioni realizzate nell\u2019industria &#8220;Life Science&#8221;<\/h2>\n<div class=\"row download\">\n<div class=\"col-md-3\">\n<h4 class=\"download-title\">La lotta alla contraffazione dei farmaci<\/h4>\n<p class=\"bodytext\" align=\"justify\">Con oltre 6 miliardi di prodotti lavorati all\u2019anno e con la tecnologia di azionamento lineare leader di LinMot, le macchine di codifica Hicof uniche nel loro genere, sono all\u2019avanguardia nell\u2019anticontraffazione.<\/p>\n<p><a class=\"button\" href=\"\/it\/blog\/la-lotta-alla-contraffazione-dei-farmaci\/\">Maggiori informazioni<\/a><br \/>\n<\/div>\n<div class=\"col-md-2\">\n<img loading=\"lazy\" decoding=\"async\" class=\"alignnone wp-image-3296 size-full\" src=\"https:\/\/linmot.com\/wp-content\/uploads\/2022\/08\/fight-against-counterfeit-medications-application-report.jpg\" alt=\"\" width=\"220\" height=\"220\" \/><br \/>\n<\/div>\n<div class=\"col-md-2\">\n<\/div>\n<div class=\"col-md-3\">\n<h4 class=\"download-title\">Produzione farmaceutica in tempi di pandemia Covid 19<\/h4>\n<p class=\"bodytext\" align=\"justify\">Sistemi di riempimento e tappatura multiformato di Zellwag Pharmtech AG con motori di sollevamento e rotazione di precisione di LinMot.<\/p>\n<p><a class=\"button\" href=\"\/it\/blog\/produzione-farmaceutica-in-tempi-di-pandemia-covid-19\/\">Maggiori informazioni<\/a><br \/>\n<\/div>\n<div class=\"col-md-2\">\n<img loading=\"lazy\" decoding=\"async\" class=\"alignnone wp-image-3296 size-full\" src=\"https:\/\/linmot.com\/wp-content\/uploads\/2022\/08\/pharmaceutical-production-during-covid-19-application-report.jpg\" alt=\"\" width=\"220\" height=\"220\" \/><br \/>\n<\/div>\n<\/div>\n<div class=\"row download\">\n<div class=\"col-md-3\">\n<h4 class=\"download-title\">Sistemi LinMot in macchine farmaceutiche di AFAQ<\/h4>\n<p class=\"bodytext\" align=\"justify\">In qualit\u00e0 di azienda leader nella regione MENA (Medio Oriente e Nord Africa) per le macchine e le linee di produzione farmaceutiche, AFAQ si impegna a fondo per confrontare e selezionare i sistemi all\u2019avanguardia utilizzati nelle sue macchine (serie DropFill-SC per il riempimento e la chiusura dei colliri).<\/p>\n<p><a class=\"button\" href=\"\/it\/blog\/sistemi-linmot-in-macchine-farmaceutiche-di-afaq\/\">Maggiori informazioni<\/a><br \/>\n<\/div>\n<div class=\"col-md-2\">\n<img loading=\"lazy\" decoding=\"async\" class=\"alignnone wp-image-3296 size-full\" src=\"https:\/\/linmot.com\/wp-content\/uploads\/2022\/08\/afaq-pharmaceutical-machines-application-report.jpg\" alt=\"\" width=\"220\" height=\"220\" \/><br \/>\n<\/div>\n<div class=\"col-md-2\">\n<\/div>\n<div class=\"col-md-3\">\n<\/div>\n<div class=\"col-md-2\">\n<\/div>\n<\/div>\n","protected":false},"excerpt":{"rendered":"<p>Nel settore delle scienze biologiche, la progettazione di macchinari per la lavorazione dei prodotti \u00e8 fondamentale. L&#8217;uso di apparecchiature specializzate e di alta qualit\u00e0 \u00e8 essenziale per garantire precisione, affidabilit\u00e0 e sicurezza. Queste macchine devono soddisfare standard rigorosi, poich\u00e9 anche il pi\u00f9 piccolo errore pu\u00f2 influire sui risultati e sulla sicurezza dei prodotti. L&#8217;uso di [&hellip;]<\/p>\n","protected":false},"author":9,"featured_media":0,"parent":8,"menu_order":18,"comment_status":"closed","ping_status":"closed","template":"","meta":{"_acf_changed":false,"footnotes":""},"class_list":["post-3508","page","type-page","status-publish","hentry"],"acf":[],"yoast_head":"<!-- This site is optimized with the Yoast SEO Premium plugin v20.9 (Yoast SEO v27.2) - https:\/\/yoast.com\/product\/yoast-seo-premium-wordpress\/ -->\n<title>Life Science - LinMot e MagSpring - Italiano<\/title>\n<meta name=\"description\" content=\"Nel settore delle scienze biologiche, la progettazione di macchinari per la lavorazione dei prodotti \u00e8 fondamentale. Le nostre soluzioni per le &quot;Life Science&quot;.\" \/>\n<meta name=\"robots\" content=\"index, follow, max-snippet:-1, max-image-preview:large, max-video-preview:-1\" \/>\n<link rel=\"canonical\" href=\"https:\/\/linmot.com\/it\/soluzioni-industriali\/life-science\/\" \/>\n<meta property=\"og:locale\" content=\"it_IT\" \/>\n<meta property=\"og:type\" content=\"article\" \/>\n<meta property=\"og:title\" content=\"Life Science - Soluzioni industriali | LinMot &amp; MagSpring\" \/>\n<meta property=\"og:description\" content=\"Nel settore delle scienze biologiche, la progettazione di macchinari per la lavorazione dei prodotti \u00e8 fondamentale. Le nostre soluzioni per le &quot;Life Science&quot;.\" \/>\n<meta property=\"og:url\" content=\"https:\/\/linmot.com\/it\/soluzioni-industriali\/life-science\/\" \/>\n<meta property=\"og:site_name\" content=\"LinMot e MagSpring - Italiano\" \/>\n<meta property=\"article:modified_time\" content=\"2024-09-04T12:17:50+00:00\" \/>\n<meta property=\"og:image\" content=\"https:\/\/linmot.com\/it\/wp-content\/uploads\/sites\/4\/2024\/07\/LinMot-Solutions-Life-Science.jpg\" \/>\n<meta name=\"twitter:card\" content=\"summary_large_image\" \/>\n<meta name=\"twitter:title\" content=\"Life Science\" \/>\n<meta name=\"twitter:label1\" content=\"Tempo di lettura stimato\" \/>\n\t<meta name=\"twitter:data1\" content=\"3 minuti\" \/>\n<script type=\"application\/ld+json\" class=\"yoast-schema-graph\">{\"@context\":\"https:\/\/schema.org\",\"@graph\":[{\"@type\":\"WebPage\",\"@id\":\"https:\/\/linmot.com\/it\/soluzioni-industriali\/life-science\/\",\"url\":\"https:\/\/linmot.com\/it\/soluzioni-industriali\/life-science\/\",\"name\":\"Life Science - LinMot e MagSpring - Italiano\",\"isPartOf\":{\"@id\":\"https:\/\/linmot.com\/it\/#website\"},\"primaryImageOfPage\":{\"@id\":\"https:\/\/linmot.com\/it\/soluzioni-industriali\/life-science\/#primaryimage\"},\"image\":{\"@id\":\"https:\/\/linmot.com\/it\/soluzioni-industriali\/life-science\/#primaryimage\"},\"thumbnailUrl\":\"https:\/\/linmot.com\/it\/wp-content\/uploads\/sites\/4\/2024\/07\/LinMot-Solutions-Life-Science.jpg\",\"datePublished\":\"2024-07-08T07:28:33+00:00\",\"dateModified\":\"2024-09-04T12:17:50+00:00\",\"description\":\"Nel settore delle scienze biologiche, la progettazione di macchinari per la lavorazione dei prodotti \u00e8 fondamentale. Le nostre soluzioni per le \\\"Life Science\\\".\",\"breadcrumb\":{\"@id\":\"https:\/\/linmot.com\/it\/soluzioni-industriali\/life-science\/#breadcrumb\"},\"inLanguage\":\"it-IT\",\"potentialAction\":[{\"@type\":\"ReadAction\",\"target\":[\"https:\/\/linmot.com\/it\/soluzioni-industriali\/life-science\/\"]}]},{\"@type\":\"ImageObject\",\"inLanguage\":\"it-IT\",\"@id\":\"https:\/\/linmot.com\/it\/soluzioni-industriali\/life-science\/#primaryimage\",\"url\":\"https:\/\/linmot.com\/it\/wp-content\/uploads\/sites\/4\/2024\/07\/LinMot-Solutions-Life-Science.jpg\",\"contentUrl\":\"https:\/\/linmot.com\/it\/wp-content\/uploads\/sites\/4\/2024\/07\/LinMot-Solutions-Life-Science.jpg\",\"width\":940,\"height\":300,\"caption\":\"Soluzioni industriali per la \\\"Life Science\\\" industria\"},{\"@type\":\"BreadcrumbList\",\"@id\":\"https:\/\/linmot.com\/it\/soluzioni-industriali\/life-science\/#breadcrumb\",\"itemListElement\":[{\"@type\":\"ListItem\",\"position\":1,\"name\":\"Home\",\"item\":\"https:\/\/linmot.com\/it\/\"},{\"@type\":\"ListItem\",\"position\":2,\"name\":\"Soluzioni industriali\",\"item\":\"https:\/\/linmot.com\/it\/soluzioni-industriali\/\"},{\"@type\":\"ListItem\",\"position\":3,\"name\":\"Life Science\"}]},{\"@type\":\"WebSite\",\"@id\":\"https:\/\/linmot.com\/it\/#website\",\"url\":\"https:\/\/linmot.com\/it\/\",\"name\":\"LinMot e MagSpring - Italiano\",\"description\":\"Motori lineari e sistemi di motori lineari di alta qualit\u00e0\",\"publisher\":{\"@id\":\"https:\/\/linmot.com\/it\/#organization\"},\"potentialAction\":[{\"@type\":\"SearchAction\",\"target\":{\"@type\":\"EntryPoint\",\"urlTemplate\":\"https:\/\/linmot.com\/it\/?s={search_term_string}\"},\"query-input\":{\"@type\":\"PropertyValueSpecification\",\"valueRequired\":true,\"valueName\":\"search_term_string\"}}],\"inLanguage\":\"it-IT\"},{\"@type\":\"Organization\",\"@id\":\"https:\/\/linmot.com\/it\/#organization\",\"name\":\"NTI AG - LinMot & MagSpring\",\"url\":\"https:\/\/linmot.com\/it\/\",\"logo\":{\"@type\":\"ImageObject\",\"inLanguage\":\"it-IT\",\"@id\":\"https:\/\/linmot.com\/it\/#\/schema\/logo\/image\/\",\"url\":\"https:\/\/linmot.com\/it\/wp-content\/uploads\/sites\/4\/2022\/05\/linmot-social-share-logo.jpg\",\"contentUrl\":\"https:\/\/linmot.com\/it\/wp-content\/uploads\/sites\/4\/2022\/05\/linmot-social-share-logo.jpg\",\"width\":800,\"height\":500,\"caption\":\"NTI AG - LinMot & MagSpring\"},\"image\":{\"@id\":\"https:\/\/linmot.com\/it\/#\/schema\/logo\/image\/\"},\"sameAs\":[\"https:\/\/www.linkedin.com\/company\/pamoco-spa\/\",\"https:\/\/www.youtube.com\/user\/LinMotEurope\"]}]}<\/script>\n<!-- \/ Yoast SEO Premium plugin. -->","yoast_head_json":{"title":"Life Science - LinMot e MagSpring - Italiano","description":"Nel settore delle scienze biologiche, la progettazione di macchinari per la lavorazione dei prodotti \u00e8 fondamentale. Le nostre soluzioni per le \"Life Science\".","robots":{"index":"index","follow":"follow","max-snippet":"max-snippet:-1","max-image-preview":"max-image-preview:large","max-video-preview":"max-video-preview:-1"},"canonical":"https:\/\/linmot.com\/it\/soluzioni-industriali\/life-science\/","og_locale":"it_IT","og_type":"article","og_title":"Life Science - Soluzioni industriali | LinMot & MagSpring","og_description":"Nel settore delle scienze biologiche, la progettazione di macchinari per la lavorazione dei prodotti \u00e8 fondamentale. Le nostre soluzioni per le \"Life Science\".","og_url":"https:\/\/linmot.com\/it\/soluzioni-industriali\/life-science\/","og_site_name":"LinMot e MagSpring - Italiano","article_modified_time":"2024-09-04T12:17:50+00:00","og_image":[{"url":"https:\/\/linmot.com\/it\/wp-content\/uploads\/sites\/4\/2024\/07\/LinMot-Solutions-Life-Science.jpg","type":"","width":"","height":""}],"twitter_card":"summary_large_image","twitter_title":"Life Science","twitter_misc":{"Tempo di lettura stimato":"3 minuti"},"schema":{"@context":"https:\/\/schema.org","@graph":[{"@type":"WebPage","@id":"https:\/\/linmot.com\/it\/soluzioni-industriali\/life-science\/","url":"https:\/\/linmot.com\/it\/soluzioni-industriali\/life-science\/","name":"Life Science - LinMot e MagSpring - Italiano","isPartOf":{"@id":"https:\/\/linmot.com\/it\/#website"},"primaryImageOfPage":{"@id":"https:\/\/linmot.com\/it\/soluzioni-industriali\/life-science\/#primaryimage"},"image":{"@id":"https:\/\/linmot.com\/it\/soluzioni-industriali\/life-science\/#primaryimage"},"thumbnailUrl":"https:\/\/linmot.com\/it\/wp-content\/uploads\/sites\/4\/2024\/07\/LinMot-Solutions-Life-Science.jpg","datePublished":"2024-07-08T07:28:33+00:00","dateModified":"2024-09-04T12:17:50+00:00","description":"Nel settore delle scienze biologiche, la progettazione di macchinari per la lavorazione dei prodotti \u00e8 fondamentale. Le nostre soluzioni per le \"Life Science\".","breadcrumb":{"@id":"https:\/\/linmot.com\/it\/soluzioni-industriali\/life-science\/#breadcrumb"},"inLanguage":"it-IT","potentialAction":[{"@type":"ReadAction","target":["https:\/\/linmot.com\/it\/soluzioni-industriali\/life-science\/"]}]},{"@type":"ImageObject","inLanguage":"it-IT","@id":"https:\/\/linmot.com\/it\/soluzioni-industriali\/life-science\/#primaryimage","url":"https:\/\/linmot.com\/it\/wp-content\/uploads\/sites\/4\/2024\/07\/LinMot-Solutions-Life-Science.jpg","contentUrl":"https:\/\/linmot.com\/it\/wp-content\/uploads\/sites\/4\/2024\/07\/LinMot-Solutions-Life-Science.jpg","width":940,"height":300,"caption":"Soluzioni industriali per la \"Life Science\" industria"},{"@type":"BreadcrumbList","@id":"https:\/\/linmot.com\/it\/soluzioni-industriali\/life-science\/#breadcrumb","itemListElement":[{"@type":"ListItem","position":1,"name":"Home","item":"https:\/\/linmot.com\/it\/"},{"@type":"ListItem","position":2,"name":"Soluzioni industriali","item":"https:\/\/linmot.com\/it\/soluzioni-industriali\/"},{"@type":"ListItem","position":3,"name":"Life Science"}]},{"@type":"WebSite","@id":"https:\/\/linmot.com\/it\/#website","url":"https:\/\/linmot.com\/it\/","name":"LinMot e MagSpring - Italiano","description":"Motori lineari e sistemi di motori lineari di alta qualit\u00e0","publisher":{"@id":"https:\/\/linmot.com\/it\/#organization"},"potentialAction":[{"@type":"SearchAction","target":{"@type":"EntryPoint","urlTemplate":"https:\/\/linmot.com\/it\/?s={search_term_string}"},"query-input":{"@type":"PropertyValueSpecification","valueRequired":true,"valueName":"search_term_string"}}],"inLanguage":"it-IT"},{"@type":"Organization","@id":"https:\/\/linmot.com\/it\/#organization","name":"NTI AG - LinMot & MagSpring","url":"https:\/\/linmot.com\/it\/","logo":{"@type":"ImageObject","inLanguage":"it-IT","@id":"https:\/\/linmot.com\/it\/#\/schema\/logo\/image\/","url":"https:\/\/linmot.com\/it\/wp-content\/uploads\/sites\/4\/2022\/05\/linmot-social-share-logo.jpg","contentUrl":"https:\/\/linmot.com\/it\/wp-content\/uploads\/sites\/4\/2022\/05\/linmot-social-share-logo.jpg","width":800,"height":500,"caption":"NTI AG - LinMot & MagSpring"},"image":{"@id":"https:\/\/linmot.com\/it\/#\/schema\/logo\/image\/"},"sameAs":["https:\/\/www.linkedin.com\/company\/pamoco-spa\/","https:\/\/www.youtube.com\/user\/LinMotEurope"]}]}},"_links":{"self":[{"href":"https:\/\/linmot.com\/it\/wp-json\/wp\/v2\/pages\/3508","targetHints":{"allow":["GET"]}}],"collection":[{"href":"https:\/\/linmot.com\/it\/wp-json\/wp\/v2\/pages"}],"about":[{"href":"https:\/\/linmot.com\/it\/wp-json\/wp\/v2\/types\/page"}],"author":[{"embeddable":true,"href":"https:\/\/linmot.com\/it\/wp-json\/wp\/v2\/users\/9"}],"replies":[{"embeddable":true,"href":"https:\/\/linmot.com\/it\/wp-json\/wp\/v2\/comments?post=3508"}],"version-history":[{"count":5,"href":"https:\/\/linmot.com\/it\/wp-json\/wp\/v2\/pages\/3508\/revisions"}],"predecessor-version":[{"id":3516,"href":"https:\/\/linmot.com\/it\/wp-json\/wp\/v2\/pages\/3508\/revisions\/3516"}],"up":[{"embeddable":true,"href":"https:\/\/linmot.com\/it\/wp-json\/wp\/v2\/pages\/8"}],"wp:attachment":[{"href":"https:\/\/linmot.com\/it\/wp-json\/wp\/v2\/media?parent=3508"}],"curies":[{"name":"wp","href":"https:\/\/api.w.org\/{rel}","templated":true}]}}