{"id":2870,"date":"2024-02-26T16:54:54","date_gmt":"2024-02-26T15:54:54","guid":{"rendered":"https:\/\/linmot.com\/it\/?page_id=2870"},"modified":"2026-02-02T17:38:39","modified_gmt":"2026-02-02T16:38:39","slug":"moduli-lineari-dm03","status":"publish","type":"page","link":"https:\/\/linmot.com\/it\/prodotti\/guide-lineari-moduli-lineari\/moduli-lineari-dm03\/","title":{"rendered":"Moduli lineari DM03"},"content":{"rendered":"<p align=\"justify\"><strong>Progettati specificamente per applicazioni verticali, i moduli lineari della serie DM03 offrono un&#8217;ampia gamma di corse in un alloggiamento estremamente sottile. Ci\u00f2 significa che i moduli lineari DM03 possono essere collocati vicini per risparmiare spazio. La custodia sottile incorpora una nuova e pi\u00f9 potente generazione di MagSpring\u00ae per la compensazione del carico verticale e pu\u00f2 essere integrata con un sensore di posizione ad alta risoluzione nel modulo o con un sensore di forza sul lato anteriore.<\/strong><\/p>\n<hr \/>\n<div class=\"row\">\n<div class=\"col-sm-2\">\n<p><a class=\"button\" href=\"#dettagli\">1. Dettagli<\/a><\/p>\n<\/div>\n<div class=\"col-sm-1\">\n<\/div>\n<div class=\"col-sm-2\">\n<p><a class=\"button\" href=\"#videos\">2. Videos<\/a><\/p>\n<\/div>\n<div class=\"col-sm-1\">\n<\/div>\n<div class=\"col-sm-2\">\n<p><a class=\"button\" href=\"#applicazione\">3. Applicazione<\/a><\/p>\n<\/div>\n<div class=\"col-sm-1\">\n<\/div>\n<div class=\"col-sm-2\">\n<p><a class=\"button\" href=\"#contatta\">4. Contatta<\/a><\/p>\n<\/div>\n<\/div>\n<hr \/>\n<h2 id=\"dettagli\">1. Dettagli<\/h2>\n<div class=\"row\">\n<div class=\"col-md-7\">\n<p align=\"justify\">L&#8217;ingegnoso design meccanico della famiglia di moduli lineari DM0x impedisce elevate forze di contatto tra il motore e il cursore, garantendo una durata molto lunga con una manutenzione minima del motore. Inoltre, questi moduli lineari sono gi\u00e0 dotati di un sistema di guide integrato e ottimizzato per il peso, per assorbire le forze laterali e per facilitare il montaggio della massa di carico.<\/p>\n<p align=\"justify\">L&#8217;utente ha a disposizione un totale di cinque dimensioni diverse. La gamma di motori da 23x80F-HP a 48x240F-HP offre forze massime da 67 N a 1020 N. Questi moduli lineari altamente dinamici non lasciano nulla a desiderare in termini di dinamica e raggiungono facilmente accelerazioni di 50 m\/s^2 e velocit\u00e0 fino a 5 m\/s.<\/p>\n<ul>\n<li>Design molto sottile<\/li>\n<li>Ideale per applicazioni verticali<\/li>\n<li>Compensazione del carico integrata con MagSpring di nuova generazione fino a 170 N<\/li>\n<li>Massa mobile ottimizzata per dinamiche elevate e accelerazioni superiori a 50 m\/s^2<\/li>\n<li>Distanza di installazione minima per l&#8217;installazione affiancata di pi\u00f9 moduli<\/li>\n<li>6 dimensioni con forze massime fino a 1020 N<\/li>\n<li>Sensore di posizione per una ripetibilit\u00e0 di +\/- 0,001 mm<\/li>\n<li>Sensore di forza per una precisione fino allo 0,5%<\/li>\n<li>Pu\u00f2 essere combinato nel sistema modulare LinMot e con tutti i prodotti LinMot, ad esempio come asse Z per LinMot Semi-Gantry e Gantry<\/li>\n<\/ul>\n<h3>Compensazione del carico verticale integrata<\/h3>\n<p align=\"justify\">Installato parallelamente al motore lineare, il MagSpring funge da compensatore di carico intelligente per la forza peso. Con la nuova generazione di MagSpring, la compensazione del peso pu\u00f2 essere selezionata con incrementi da 11 N a un massimo di 170 N. Grazie alla gradazione fine del MagSpring, le applicazioni possono essere progettate in modo che la posizione del motore lineare non cambi automaticamente in caso di guasto o che venga raggiunta automaticamente una posizione di riferimento quando il motore viene spento<\/p>\n<p><a class=\"btn btn-active\" href=\"\/it\/prodotti\/magspring\/\" target=\"_blank\" rel=\"noopener noreferrer\">Per saperne di pi\u00f9 su MagSpring<\/a><\/p>\n<\/div>\n<div class=\"col-md-5\">\n<img loading=\"lazy\" decoding=\"async\" class=\"aligncenter wp-image-4873 size-full\" src=\"https:\/\/linmot.com\/de\/wp-content\/uploads\/sites\/2\/2024\/02\/dm03-produktseite.png\" alt=\"Moduli lineari DM03\" width=\"576\" height=\"911\" \/>\n<\/div>\n<\/div>\n<h3>Semi-Gantry<\/h3>\n<p align=\"justify\">I moduli lineari DM03 offrono un&#8217;ampia gamma di forze massime e lunghezze di corsa. Questa variet\u00e0 di forze e dimensioni, insieme alla loro modularit\u00e0, consente di combinarli con tutti gli altri moduli LinMot. Le combinazioni consentono di realizzare diverse strutture, come semi-gantry, gantry e pick-and-place (YZ). Vantaggi delle strutture a semipiattaforma:<\/p>\n<div class=\"row\">\n<div class=\"col-md-7\">\n<ul>\n<li>Uso efficiente della sala macchine<\/li>\n<li>Rispetto a un portale, non \u00e8 necessaria una seconda guida con azionamento<\/li>\n<li>Possibilit\u00e0 di utilizzare bracci o carrelli multipli<\/li>\n<li>Il sistema modulare LinMot permette di combinare tra loro tutti i moduli<\/li>\n<li>Concetto di catena di trascinamento per tutti gli assi inclusi nel sistema modulare LinMot<\/li>\n<\/ul>\n<\/div>\n<div class=\"col-md-5\">\n<img loading=\"lazy\" decoding=\"async\" class=\"aligncenter wp-image-4900 size-full\" src=\"https:\/\/linmot.com\/de\/wp-content\/uploads\/sites\/2\/2024\/02\/linearmodule-dm03-semi-gantry.jpg\" alt=\"Moduli lineari DM03\" width=\"607\" height=\"200\" \/>\n<\/div>\n<\/div>\n<h2 id=\"videos\">2. Videos<\/h2>\n<h4 class=\"download-title\">Modulo lineare DM03<\/h4>\n<div class=\"row download\">\n<div class=\"col-md-7\">\n<p class=\"bodytext\" align=\"justify\">Il video mostra un modulo lineare DM03 con una corsa di 695 mm. La corsa lunga, la compensazione del carico integrata e la dinamica del motore lineare rendono questo modulo lineare particolarmente adatto ad applicazioni verticali con corse lunghe, tempi di processo brevi e necessit\u00e0 di bassi costi energetici.<\/p>\n<p class=\"bodytext\" align=\"justify\">Esempio di applicazione: In molte applicazioni, come l&#8217;etichettatura, confezioni di dimensioni diverse vengono lavorate su un nastro trasportatore. A seconda delle dimensioni della confezione, \u00e8 necessario coprire corse diverse e il processo di etichettatura deve essere eseguito il pi\u00f9 rapidamente possibile. Il modulo lineare DM03 dimostra la sua eccezionale dinamica in questi processi ad alta velocit\u00e0, coprendo una corsa di 695 mm in soli 300 ms. Grazie alla compensazione del carico integrata, il modulo &#8220;galleggia&#8221; senza peso, consentendo al motore lineare di utilizzare tutta la sua dinamica per l&#8217;applicazione effettiva.<\/p>\n<\/div>\n<div class=\"col-md-5\">\n<div class=\"brlbs-cmpnt-container brlbs-cmpnt-content-blocker brlbs-cmpnt-with-individual-styles\" data-borlabs-cookie-content-blocker-id=\"default\" data-borlabs-cookie-content=\"PGlmcmFtZSB0aXRsZT0iWW91VHViZSB2aWRlbyBwbGF5ZXIiIHNyYz0iaHR0cHM6Ly93d3cueW91dHViZS5jb20vZW1iZWQvdTFzY0xtMDBLR1E\/c2k9N2NiLWtDUDJrZXNiOW9xOCIgd2lkdGg9IjM5NCIgaGVpZ2h0PSIyMjAiIGZyYW1lYm9yZGVyPSIwIiBhbGxvd2Z1bGxzY3JlZW49ImFsbG93ZnVsbHNjcmVlbiI+PC9pZnJhbWU+\">\n<div class=\"brlbs-cmpnt-cb-preset-a\">\n<p class=\"brlbs-cmpnt-cb-description\">Stai visualizzando un contenuto segnaposto da <strong>Predefinito<\/strong>. Per accedere al contenuto effettivo, clicca sul pulsante sottostante. Si prega di notare che in questo modo si condividono i dati con provider di terze parti.<\/p>\n<div class=\"brlbs-cmpnt-cb-buttons\"> <a class=\"brlbs-cmpnt-cb-btn\" href=\"#\" data-borlabs-cookie-unblock role=\"button\">Sblocca i contenuti<\/a> <a class=\"brlbs-cmpnt-cb-btn\" href=\"#\" data-borlabs-cookie-accept-service role=\"button\" style=\"display: none\">Accetta il servizio richiesto e sblocca i contenuti<\/a> <\/div>\n<p> <a class=\"brlbs-cmpnt-cb-provider-toggle\" href=\"#\" data-borlabs-cookie-show-provider-information role=\"button\">Ulteriori informazioni<\/a> <\/div>\n<\/div>\n<\/div>\n<\/div>\n<h3>Risparmio energetico e di costi<\/h3>\n<p align=\"justify\">Per dimostrare il potenziale di risparmio, \u00e8 stata realizzata l&#8217;applicazione descritta in precedenza, in cui il modulo lineare DM03 copre una corsa di 695 mm in circa 300 ms. Il consumo energetico annuo di questa applicazione \u00e8 di 405 kWh. A titolo di confronto, un cilindro pneumatico da 32 mm consumerebbe 12.000 kWh. Ci\u00f2 rappresenta una riduzione di 30 volte del consumo energetico e un risparmio di 2.900 euro all&#8217;anno per modulo.<\/p>\n<p><a class=\"btn btn-active\" href=\"\/it\/soluzioni-industriali\/sostituzione-dei-dispositivi-pneumatici-da-parte-dei-motori-lineari-industriali\/\" target=\"_blank\" rel=\"noopener noreferrer\">Maggiori informazioni sull&#8217;efficienza energetica<\/a><\/p>\n<h2 id=\"applicazione\">3. Applicazione tipica<\/h2>\n<div class=\"row download\">\n<div class=\"col-md-7\">\n<h4 class=\"download-title\">Sull&#8217;asse, pronti, su!<\/h4>\n<p class=\"bodytext\" align=\"justify\">Il commercio online \u00e8 in continua crescita. Per ogni ordine completato, viene attivato contemporaneamente un ordine di spedizione. Per offrire una soluzione ottimale in termini di sostenibilit\u00e0 e consumo di cartone, l\u2019azienda meccanica KRAFT ha sviluppato il \u201cKraft VPS100\u201d. In dotazione: motori lineari di LinMot.<\/p>\n<p><a class=\"button\" href=\"\/it\/blog\/sullasse-pronto-in-alto-modulo-lineare-dm03\/\">Leggi di pi\u00f9<\/a><br \/>\n<\/div>\n<div class=\"col-md-5\">\n<img loading=\"lazy\" decoding=\"async\" class=\"aligncenter size-full wp-image-4906\" src=\"https:\/\/linmot.com\/de\/wp-content\/uploads\/sites\/2\/2024\/02\/auf-die-achse-teaserbild.jpg\" alt=\"\" width=\"560\" height=\"300\" \/><br \/>\n<\/div>\n<\/div>\n<h2 id=\"contatta\">4. Contatta<\/h2>\n<div class=\"row download\">\n<div class=\"col-md-6\">\n<h4 class=\"download-title\">Domande sui moduli lineari DM03?<\/h4>\n<p class=\"bodytext\">Saremo lieti di rispondere alle vostre domande.<br \/>\nContattateci utilizzando il seguente modulo o chiamateci al numero:<\/p>\n<p class=\"bodytext\">Tel: +41 (0)56 419 91 91<\/p>\n<p class=\"bodytext\">Il team LinMot<\/p>\n<\/div>\n<div class=\"col-md-1\">\n<\/div>\n<div class=\"col-md-5\">\n\n<div class=\"wpcf7 no-js\" id=\"wpcf7-f1805-o1\" lang=\"it-IT\" dir=\"ltr\" data-wpcf7-id=\"1805\">\n<div class=\"screen-reader-response\"><p role=\"status\" aria-live=\"polite\" aria-atomic=\"true\"><\/p> <ul><\/ul><\/div>\n<form action=\"\/it\/wp-json\/wp\/v2\/pages\/2870#wpcf7-f1805-o1\" method=\"post\" class=\"wpcf7-form init\" aria-label=\"Modulo di contatto\" novalidate=\"novalidate\" data-status=\"init\">\n<fieldset class=\"hidden-fields-container\"><input type=\"hidden\" name=\"_wpcf7\" value=\"1805\" \/><input type=\"hidden\" name=\"_wpcf7_version\" value=\"6.1.5\" \/><input type=\"hidden\" name=\"_wpcf7_locale\" value=\"it_IT\" \/><input type=\"hidden\" name=\"_wpcf7_unit_tag\" value=\"wpcf7-f1805-o1\" \/><input type=\"hidden\" name=\"_wpcf7_container_post\" value=\"0\" \/><input type=\"hidden\" name=\"_wpcf7_posted_data_hash\" value=\"\" \/><input type=\"hidden\" name=\"_wpcf7_recaptcha_response\" value=\"\" \/>\n<\/fieldset>\n<label>Il tuo nome<br>\n    <span class=\"wpcf7-form-control-wrap\" data-name=\"your-name\"><input size=\"40\" maxlength=\"400\" class=\"wpcf7-form-control wpcf7-text wpcf7-validates-as-required\" aria-required=\"true\" aria-invalid=\"false\" value=\"\" type=\"text\" name=\"your-name\" \/><\/span> <\/label>\n<br>\n<label>Azienda<br>\n    <span class=\"wpcf7-form-control-wrap\" data-name=\"your-company\"><input size=\"40\" maxlength=\"400\" class=\"wpcf7-form-control wpcf7-text wpcf7-validates-as-required\" aria-required=\"true\" aria-invalid=\"false\" value=\"\" type=\"text\" name=\"your-company\" \/><\/span> <\/label>\n<br>\n<label>Codice postale<br>\n    <span class=\"wpcf7-form-control-wrap\" data-name=\"your-plz\"><input class=\"wpcf7-form-control wpcf7-number wpcf7-validates-as-required wpcf7-validates-as-number\" aria-required=\"true\" aria-invalid=\"false\" value=\"\" type=\"number\" name=\"your-plz\" \/><\/span> <\/label>\n<br>\n<label>Paese<br>\n    <span class=\"wpcf7-form-control-wrap\" data-name=\"your-country\"><input size=\"40\" maxlength=\"400\" class=\"wpcf7-form-control wpcf7-text wpcf7-validates-as-required\" aria-required=\"true\" aria-invalid=\"false\" value=\"\" type=\"text\" name=\"your-country\" \/><\/span> <\/label>\n<br>\n<label>Numero di telefono<br>\n    <span class=\"wpcf7-form-control-wrap\" data-name=\"your-number\"><input size=\"40\" maxlength=\"400\" class=\"wpcf7-form-control wpcf7-tel wpcf7-validates-as-required wpcf7-text wpcf7-validates-as-tel\" aria-required=\"true\" aria-invalid=\"false\" value=\"\" type=\"tel\" name=\"your-number\" \/><\/span> <\/label>\n<br>\n<label>Email<br>\n    <span class=\"wpcf7-form-control-wrap\" data-name=\"your-email\"><input size=\"40\" maxlength=\"400\" class=\"wpcf7-form-control wpcf7-email wpcf7-validates-as-required wpcf7-text wpcf7-validates-as-email\" aria-required=\"true\" aria-invalid=\"false\" value=\"\" type=\"email\" name=\"your-email\" \/><\/span> <\/label>\n<br>\n<label> Il tuo messaggio<br>\n    <span class=\"wpcf7-form-control-wrap\" data-name=\"your-message\"><textarea cols=\"40\" rows=\"10\" maxlength=\"2000\" class=\"wpcf7-form-control wpcf7-textarea\" aria-invalid=\"false\" name=\"your-message\"><\/textarea><\/span> <\/label>\n<br>\n<input class=\"wpcf7-form-control wpcf7-submit has-spinner\" type=\"submit\" value=\"Invia\" \/><div class=\"wpcf7-response-output\" aria-hidden=\"true\"><\/div>\n<\/form>\n<\/div>\n\n<\/div>\n<\/div>\n","protected":false},"excerpt":{"rendered":"<p>Progettati specificamente per applicazioni verticali, i moduli lineari della serie DM03 offrono un&#8217;ampia gamma di corse in un alloggiamento estremamente sottile. Ci\u00f2 significa che i moduli lineari DM03 possono essere collocati vicini per risparmiare spazio. La custodia sottile incorpora una nuova e pi\u00f9 potente generazione di MagSpring\u00ae per la compensazione del carico verticale e pu\u00f2 [&hellip;]<\/p>\n","protected":false},"author":9,"featured_media":0,"parent":44,"menu_order":27,"comment_status":"closed","ping_status":"closed","template":"","meta":{"_acf_changed":false,"footnotes":""},"class_list":["post-2870","page","type-page","status-publish","hentry"],"acf":[],"yoast_head":"<!-- This site is optimized with the Yoast SEO Premium plugin v20.9 (Yoast SEO v27.2) - https:\/\/yoast.com\/product\/yoast-seo-premium-wordpress\/ -->\n<title>Moduli lineari DM03 - LinMot e MagSpring - Italiano<\/title>\n<meta name=\"description\" content=\"I moduli lineari della serie DM03, sviluppati appositamente per le applicazioni verticali, offrono un&#039;ampia gamma di corse in un alloggiamento particolarmente sottile.\" \/>\n<meta name=\"robots\" content=\"index, follow, max-snippet:-1, max-image-preview:large, max-video-preview:-1\" \/>\n<link rel=\"canonical\" href=\"https:\/\/linmot.com\/it\/prodotti\/guide-lineari-moduli-lineari\/moduli-lineari-dm03\/\" \/>\n<meta property=\"og:locale\" content=\"it_IT\" \/>\n<meta property=\"og:type\" content=\"article\" \/>\n<meta property=\"og:title\" content=\"Moduli lineari DM03 - LinMot e MagSpring - Italiano\" \/>\n<meta property=\"og:description\" content=\"I moduli lineari della serie DM03, sviluppati appositamente per le applicazioni verticali, offrono un&#039;ampia gamma di corse in un alloggiamento particolarmente sottile.\" \/>\n<meta property=\"og:url\" content=\"https:\/\/linmot.com\/it\/prodotti\/guide-lineari-moduli-lineari\/moduli-lineari-dm03\/\" \/>\n<meta property=\"og:site_name\" content=\"LinMot e MagSpring - Italiano\" \/>\n<meta property=\"article:modified_time\" content=\"2026-02-02T16:38:39+00:00\" \/>\n<meta property=\"og:image\" content=\"https:\/\/linmot.com\/it\/wp-content\/uploads\/sites\/4\/2022\/05\/linmot-social-share-logo.jpg\" \/>\n\t<meta property=\"og:image:width\" content=\"800\" \/>\n\t<meta property=\"og:image:height\" content=\"500\" \/>\n\t<meta property=\"og:image:type\" content=\"image\/jpeg\" \/>\n<meta name=\"twitter:card\" content=\"summary_large_image\" \/>\n<meta name=\"twitter:title\" content=\"Moduli lineari DM03 - LinMot e MagSpring - Italiano\" \/>\n<meta name=\"twitter:description\" content=\"I moduli lineari della serie DM03, sviluppati appositamente per le applicazioni verticali, offrono un&#039;ampia gamma di corse in un alloggiamento particolarmente sottile.\" \/>\n<meta name=\"twitter:label1\" content=\"Tempo di lettura stimato\" \/>\n\t<meta name=\"twitter:data1\" content=\"6 minuti\" \/>\n<script type=\"application\/ld+json\" class=\"yoast-schema-graph\">{\"@context\":\"https:\/\/schema.org\",\"@graph\":[{\"@type\":\"WebPage\",\"@id\":\"https:\/\/linmot.com\/it\/prodotti\/guide-lineari-moduli-lineari\/moduli-lineari-dm03\/\",\"url\":\"https:\/\/linmot.com\/it\/prodotti\/guide-lineari-moduli-lineari\/moduli-lineari-dm03\/\",\"name\":\"Moduli lineari DM03 - LinMot e MagSpring - Italiano\",\"isPartOf\":{\"@id\":\"https:\/\/linmot.com\/it\/#website\"},\"primaryImageOfPage\":{\"@id\":\"https:\/\/linmot.com\/it\/prodotti\/guide-lineari-moduli-lineari\/moduli-lineari-dm03\/#primaryimage\"},\"image\":{\"@id\":\"https:\/\/linmot.com\/it\/prodotti\/guide-lineari-moduli-lineari\/moduli-lineari-dm03\/#primaryimage\"},\"thumbnailUrl\":\"https:\/\/linmot.com\/de\/wp-content\/uploads\/sites\/2\/2024\/02\/dm03-produktseite.png\",\"datePublished\":\"2024-02-26T15:54:54+00:00\",\"dateModified\":\"2026-02-02T16:38:39+00:00\",\"description\":\"I moduli lineari della serie DM03, sviluppati appositamente per le applicazioni verticali, offrono un'ampia gamma di corse in un alloggiamento particolarmente sottile.\",\"breadcrumb\":{\"@id\":\"https:\/\/linmot.com\/it\/prodotti\/guide-lineari-moduli-lineari\/moduli-lineari-dm03\/#breadcrumb\"},\"inLanguage\":\"it-IT\",\"potentialAction\":[{\"@type\":\"ReadAction\",\"target\":[\"https:\/\/linmot.com\/it\/prodotti\/guide-lineari-moduli-lineari\/moduli-lineari-dm03\/\"]}]},{\"@type\":\"ImageObject\",\"inLanguage\":\"it-IT\",\"@id\":\"https:\/\/linmot.com\/it\/prodotti\/guide-lineari-moduli-lineari\/moduli-lineari-dm03\/#primaryimage\",\"url\":\"https:\/\/linmot.com\/de\/wp-content\/uploads\/sites\/2\/2024\/02\/dm03-produktseite.png\",\"contentUrl\":\"https:\/\/linmot.com\/de\/wp-content\/uploads\/sites\/2\/2024\/02\/dm03-produktseite.png\"},{\"@type\":\"BreadcrumbList\",\"@id\":\"https:\/\/linmot.com\/it\/prodotti\/guide-lineari-moduli-lineari\/moduli-lineari-dm03\/#breadcrumb\",\"itemListElement\":[{\"@type\":\"ListItem\",\"position\":1,\"name\":\"Home\",\"item\":\"https:\/\/linmot.com\/it\/\"},{\"@type\":\"ListItem\",\"position\":2,\"name\":\"Prodotti\",\"item\":\"https:\/\/linmot.com\/it\/prodotti\/\"},{\"@type\":\"ListItem\",\"position\":3,\"name\":\"Guide lineari \/ Moduli lineari\",\"item\":\"https:\/\/linmot.com\/it\/prodotti\/guide-lineari-moduli-lineari\/\"},{\"@type\":\"ListItem\",\"position\":4,\"name\":\"Moduli lineari DM03\"}]},{\"@type\":\"WebSite\",\"@id\":\"https:\/\/linmot.com\/it\/#website\",\"url\":\"https:\/\/linmot.com\/it\/\",\"name\":\"LinMot e MagSpring - Italiano\",\"description\":\"Motori lineari e sistemi di motori lineari di alta qualit\u00e0\",\"publisher\":{\"@id\":\"https:\/\/linmot.com\/it\/#organization\"},\"potentialAction\":[{\"@type\":\"SearchAction\",\"target\":{\"@type\":\"EntryPoint\",\"urlTemplate\":\"https:\/\/linmot.com\/it\/?s={search_term_string}\"},\"query-input\":{\"@type\":\"PropertyValueSpecification\",\"valueRequired\":true,\"valueName\":\"search_term_string\"}}],\"inLanguage\":\"it-IT\"},{\"@type\":\"Organization\",\"@id\":\"https:\/\/linmot.com\/it\/#organization\",\"name\":\"NTI AG - LinMot & MagSpring\",\"url\":\"https:\/\/linmot.com\/it\/\",\"logo\":{\"@type\":\"ImageObject\",\"inLanguage\":\"it-IT\",\"@id\":\"https:\/\/linmot.com\/it\/#\/schema\/logo\/image\/\",\"url\":\"https:\/\/linmot.com\/it\/wp-content\/uploads\/sites\/4\/2022\/05\/linmot-social-share-logo.jpg\",\"contentUrl\":\"https:\/\/linmot.com\/it\/wp-content\/uploads\/sites\/4\/2022\/05\/linmot-social-share-logo.jpg\",\"width\":800,\"height\":500,\"caption\":\"NTI AG - LinMot & MagSpring\"},\"image\":{\"@id\":\"https:\/\/linmot.com\/it\/#\/schema\/logo\/image\/\"},\"sameAs\":[\"https:\/\/www.linkedin.com\/company\/pamoco-spa\/\",\"https:\/\/www.youtube.com\/user\/LinMotEurope\"]}]}<\/script>\n<!-- \/ Yoast SEO Premium plugin. -->","yoast_head_json":{"title":"Moduli lineari DM03 - LinMot e MagSpring - Italiano","description":"I moduli lineari della serie DM03, sviluppati appositamente per le applicazioni verticali, offrono un'ampia gamma di corse in un alloggiamento particolarmente sottile.","robots":{"index":"index","follow":"follow","max-snippet":"max-snippet:-1","max-image-preview":"max-image-preview:large","max-video-preview":"max-video-preview:-1"},"canonical":"https:\/\/linmot.com\/it\/prodotti\/guide-lineari-moduli-lineari\/moduli-lineari-dm03\/","og_locale":"it_IT","og_type":"article","og_title":"Moduli lineari DM03 - LinMot e MagSpring - Italiano","og_description":"I moduli lineari della serie DM03, sviluppati appositamente per le applicazioni verticali, offrono un'ampia gamma di corse in un alloggiamento particolarmente sottile.","og_url":"https:\/\/linmot.com\/it\/prodotti\/guide-lineari-moduli-lineari\/moduli-lineari-dm03\/","og_site_name":"LinMot e MagSpring - Italiano","article_modified_time":"2026-02-02T16:38:39+00:00","og_image":[{"width":800,"height":500,"url":"https:\/\/linmot.com\/it\/wp-content\/uploads\/sites\/4\/2022\/05\/linmot-social-share-logo.jpg","type":"image\/jpeg"}],"twitter_card":"summary_large_image","twitter_title":"Moduli lineari DM03 - LinMot e MagSpring - Italiano","twitter_description":"I moduli lineari della serie DM03, sviluppati appositamente per le applicazioni verticali, offrono un'ampia gamma di corse in un alloggiamento particolarmente sottile.","twitter_misc":{"Tempo di lettura stimato":"6 minuti"},"schema":{"@context":"https:\/\/schema.org","@graph":[{"@type":"WebPage","@id":"https:\/\/linmot.com\/it\/prodotti\/guide-lineari-moduli-lineari\/moduli-lineari-dm03\/","url":"https:\/\/linmot.com\/it\/prodotti\/guide-lineari-moduli-lineari\/moduli-lineari-dm03\/","name":"Moduli lineari DM03 - LinMot e MagSpring - Italiano","isPartOf":{"@id":"https:\/\/linmot.com\/it\/#website"},"primaryImageOfPage":{"@id":"https:\/\/linmot.com\/it\/prodotti\/guide-lineari-moduli-lineari\/moduli-lineari-dm03\/#primaryimage"},"image":{"@id":"https:\/\/linmot.com\/it\/prodotti\/guide-lineari-moduli-lineari\/moduli-lineari-dm03\/#primaryimage"},"thumbnailUrl":"https:\/\/linmot.com\/de\/wp-content\/uploads\/sites\/2\/2024\/02\/dm03-produktseite.png","datePublished":"2024-02-26T15:54:54+00:00","dateModified":"2026-02-02T16:38:39+00:00","description":"I moduli lineari della serie DM03, sviluppati appositamente per le applicazioni verticali, offrono un'ampia gamma di corse in un alloggiamento particolarmente sottile.","breadcrumb":{"@id":"https:\/\/linmot.com\/it\/prodotti\/guide-lineari-moduli-lineari\/moduli-lineari-dm03\/#breadcrumb"},"inLanguage":"it-IT","potentialAction":[{"@type":"ReadAction","target":["https:\/\/linmot.com\/it\/prodotti\/guide-lineari-moduli-lineari\/moduli-lineari-dm03\/"]}]},{"@type":"ImageObject","inLanguage":"it-IT","@id":"https:\/\/linmot.com\/it\/prodotti\/guide-lineari-moduli-lineari\/moduli-lineari-dm03\/#primaryimage","url":"https:\/\/linmot.com\/de\/wp-content\/uploads\/sites\/2\/2024\/02\/dm03-produktseite.png","contentUrl":"https:\/\/linmot.com\/de\/wp-content\/uploads\/sites\/2\/2024\/02\/dm03-produktseite.png"},{"@type":"BreadcrumbList","@id":"https:\/\/linmot.com\/it\/prodotti\/guide-lineari-moduli-lineari\/moduli-lineari-dm03\/#breadcrumb","itemListElement":[{"@type":"ListItem","position":1,"name":"Home","item":"https:\/\/linmot.com\/it\/"},{"@type":"ListItem","position":2,"name":"Prodotti","item":"https:\/\/linmot.com\/it\/prodotti\/"},{"@type":"ListItem","position":3,"name":"Guide lineari \/ Moduli lineari","item":"https:\/\/linmot.com\/it\/prodotti\/guide-lineari-moduli-lineari\/"},{"@type":"ListItem","position":4,"name":"Moduli lineari DM03"}]},{"@type":"WebSite","@id":"https:\/\/linmot.com\/it\/#website","url":"https:\/\/linmot.com\/it\/","name":"LinMot e MagSpring - Italiano","description":"Motori lineari e sistemi di motori lineari di alta qualit\u00e0","publisher":{"@id":"https:\/\/linmot.com\/it\/#organization"},"potentialAction":[{"@type":"SearchAction","target":{"@type":"EntryPoint","urlTemplate":"https:\/\/linmot.com\/it\/?s={search_term_string}"},"query-input":{"@type":"PropertyValueSpecification","valueRequired":true,"valueName":"search_term_string"}}],"inLanguage":"it-IT"},{"@type":"Organization","@id":"https:\/\/linmot.com\/it\/#organization","name":"NTI AG - LinMot & MagSpring","url":"https:\/\/linmot.com\/it\/","logo":{"@type":"ImageObject","inLanguage":"it-IT","@id":"https:\/\/linmot.com\/it\/#\/schema\/logo\/image\/","url":"https:\/\/linmot.com\/it\/wp-content\/uploads\/sites\/4\/2022\/05\/linmot-social-share-logo.jpg","contentUrl":"https:\/\/linmot.com\/it\/wp-content\/uploads\/sites\/4\/2022\/05\/linmot-social-share-logo.jpg","width":800,"height":500,"caption":"NTI AG - LinMot & MagSpring"},"image":{"@id":"https:\/\/linmot.com\/it\/#\/schema\/logo\/image\/"},"sameAs":["https:\/\/www.linkedin.com\/company\/pamoco-spa\/","https:\/\/www.youtube.com\/user\/LinMotEurope"]}]}},"_links":{"self":[{"href":"https:\/\/linmot.com\/it\/wp-json\/wp\/v2\/pages\/2870","targetHints":{"allow":["GET"]}}],"collection":[{"href":"https:\/\/linmot.com\/it\/wp-json\/wp\/v2\/pages"}],"about":[{"href":"https:\/\/linmot.com\/it\/wp-json\/wp\/v2\/types\/page"}],"author":[{"embeddable":true,"href":"https:\/\/linmot.com\/it\/wp-json\/wp\/v2\/users\/9"}],"replies":[{"embeddable":true,"href":"https:\/\/linmot.com\/it\/wp-json\/wp\/v2\/comments?post=2870"}],"version-history":[{"count":21,"href":"https:\/\/linmot.com\/it\/wp-json\/wp\/v2\/pages\/2870\/revisions"}],"predecessor-version":[{"id":4151,"href":"https:\/\/linmot.com\/it\/wp-json\/wp\/v2\/pages\/2870\/revisions\/4151"}],"up":[{"embeddable":true,"href":"https:\/\/linmot.com\/it\/wp-json\/wp\/v2\/pages\/44"}],"wp:attachment":[{"href":"https:\/\/linmot.com\/it\/wp-json\/wp\/v2\/media?parent=2870"}],"curies":[{"name":"wp","href":"https:\/\/api.w.org\/{rel}","templated":true}]}}