{"id":28,"date":"2017-10-20T23:31:26","date_gmt":"2017-10-20T21:31:26","guid":{"rendered":"https:\/\/linmot.com\/?page_id=28"},"modified":"2023-05-15T15:25:37","modified_gmt":"2023-05-15T13:25:37","slug":"partner","status":"publish","type":"page","link":"https:\/\/linmot.com\/it\/azienda\/partner\/","title":{"rendered":"Partner"},"content":{"rendered":"<p>LinMot ha un folto gruppo di partner e integratori, dediti all&#8217;implementazione dei dispositivi e del software.<\/p>\n<p>I partner LinMot e gli integratori di sistema hanno una grandissima esperienza a livello di prodotti e applicazioni, per quanto concerne l\u2019implementazione di soluzioni complete per l\u00b4automazione con i motori lineari e gli azionamenti LinMot. Gli integratori di software assistono i reparti di progettazione dei produttori dei macchinari a livello di implementazione degli azionamenti, messa in servizio e manutenzione a lungo termine. Gli integratori hardware LinMot offrono un\u2019ampia gamma di moduli o moduli secondari, come unit\u00e0 di prelievo e posizionamento, unit\u00e0 ad assi paralleli o unit\u00e0 complete per la manipolazione.<\/p>\n<p><a href=\"https:\/\/linmot.com\/it\/contatto\/\">Chiedi al tuo responsabile locale LinMot di indicare un partner<\/a>. Potrai fruire immediatamente di questi prodotti e di questi servizi.<\/p>\n","protected":false},"excerpt":{"rendered":"<p>LinMot ha un folto gruppo di partner e integratori, dediti all&#8217;implementazione dei dispositivi e del software. I partner LinMot e gli integratori di sistema hanno una grandissima esperienza a livello di prodotti e applicazioni, per quanto concerne l\u2019implementazione di soluzioni complete per l\u00b4automazione con i motori lineari e gli azionamenti LinMot. Gli integratori di software [&hellip;]<\/p>\n","protected":false},"author":1,"featured_media":0,"parent":1209,"menu_order":106,"comment_status":"closed","ping_status":"closed","template":"","meta":{"_acf_changed":false,"footnotes":""},"class_list":["post-28","page","type-page","status-publish","hentry"],"acf":[],"yoast_head":"<!-- This site is optimized with the Yoast SEO Premium plugin v20.9 (Yoast SEO v27.2) - https:\/\/yoast.com\/product\/yoast-seo-premium-wordpress\/ -->\n<title>Partner - Una rete mondiale di esperti | LinMot<\/title>\n<meta name=\"description\" content=\"LinMot ha un gran numero di partner e integratori di sistema per l&#039;integrazione dell&#039;hardware e lo sviluppo del software.\" \/>\n<meta name=\"robots\" content=\"index, follow, max-snippet:-1, max-image-preview:large, max-video-preview:-1\" \/>\n<link rel=\"canonical\" href=\"https:\/\/linmot.com\/it\/azienda\/partner\/\" \/>\n<meta property=\"og:locale\" content=\"it_IT\" \/>\n<meta property=\"og:type\" content=\"article\" \/>\n<meta property=\"og:title\" content=\"Partner - Una rete mondiale di esperti | LinMot\" \/>\n<meta property=\"og:description\" content=\"LinMot ha un gran numero di partner e integratori di sistema per l&#039;integrazione dell&#039;hardware e lo sviluppo del software.\" \/>\n<meta property=\"og:url\" content=\"https:\/\/linmot.com\/it\/azienda\/partner\/\" \/>\n<meta property=\"og:site_name\" content=\"LinMot e MagSpring - Italiano\" \/>\n<meta property=\"article:modified_time\" content=\"2023-05-15T13:25:37+00:00\" \/>\n<meta property=\"og:image\" content=\"https:\/\/linmot.com\/it\/wp-content\/uploads\/sites\/4\/2022\/05\/linmot-social-share-logo.jpg\" \/>\n\t<meta property=\"og:image:width\" content=\"800\" \/>\n\t<meta property=\"og:image:height\" content=\"500\" \/>\n\t<meta property=\"og:image:type\" content=\"image\/jpeg\" \/>\n<meta name=\"twitter:card\" content=\"summary_large_image\" \/>\n<meta name=\"twitter:title\" content=\"Partner - Una rete mondiale di esperti | LinMot\" \/>\n<meta name=\"twitter:description\" content=\"LinMot ha un gran numero di partner e integratori di sistema per l&#039;integrazione dell&#039;hardware e lo sviluppo del software.\" \/>\n<meta name=\"twitter:label1\" content=\"Tempo di lettura stimato\" \/>\n\t<meta name=\"twitter:data1\" content=\"1 minuto\" \/>\n<script type=\"application\/ld+json\" class=\"yoast-schema-graph\">{\"@context\":\"https:\/\/schema.org\",\"@graph\":[{\"@type\":\"WebPage\",\"@id\":\"https:\/\/linmot.com\/it\/azienda\/partner\/\",\"url\":\"https:\/\/linmot.com\/it\/azienda\/partner\/\",\"name\":\"Partner - Una rete mondiale di esperti | LinMot\",\"isPartOf\":{\"@id\":\"https:\/\/linmot.com\/it\/#website\"},\"datePublished\":\"2017-10-20T21:31:26+00:00\",\"dateModified\":\"2023-05-15T13:25:37+00:00\",\"description\":\"LinMot ha un gran numero di partner e integratori di sistema per l'integrazione dell'hardware e lo sviluppo del software.\",\"breadcrumb\":{\"@id\":\"https:\/\/linmot.com\/it\/azienda\/partner\/#breadcrumb\"},\"inLanguage\":\"it-IT\",\"potentialAction\":[{\"@type\":\"ReadAction\",\"target\":[\"https:\/\/linmot.com\/it\/azienda\/partner\/\"]}]},{\"@type\":\"BreadcrumbList\",\"@id\":\"https:\/\/linmot.com\/it\/azienda\/partner\/#breadcrumb\",\"itemListElement\":[{\"@type\":\"ListItem\",\"position\":1,\"name\":\"Home\",\"item\":\"https:\/\/linmot.com\/it\/\"},{\"@type\":\"ListItem\",\"position\":2,\"name\":\"Profilo aziendale di NTI AG\",\"item\":\"https:\/\/linmot.com\/it\/azienda\/\"},{\"@type\":\"ListItem\",\"position\":3,\"name\":\"Partner\"}]},{\"@type\":\"WebSite\",\"@id\":\"https:\/\/linmot.com\/it\/#website\",\"url\":\"https:\/\/linmot.com\/it\/\",\"name\":\"LinMot e MagSpring - Italiano\",\"description\":\"Motori lineari e sistemi di motori lineari di alta qualit\u00e0\",\"publisher\":{\"@id\":\"https:\/\/linmot.com\/it\/#organization\"},\"potentialAction\":[{\"@type\":\"SearchAction\",\"target\":{\"@type\":\"EntryPoint\",\"urlTemplate\":\"https:\/\/linmot.com\/it\/?s={search_term_string}\"},\"query-input\":{\"@type\":\"PropertyValueSpecification\",\"valueRequired\":true,\"valueName\":\"search_term_string\"}}],\"inLanguage\":\"it-IT\"},{\"@type\":\"Organization\",\"@id\":\"https:\/\/linmot.com\/it\/#organization\",\"name\":\"NTI AG - LinMot & MagSpring\",\"url\":\"https:\/\/linmot.com\/it\/\",\"logo\":{\"@type\":\"ImageObject\",\"inLanguage\":\"it-IT\",\"@id\":\"https:\/\/linmot.com\/it\/#\/schema\/logo\/image\/\",\"url\":\"https:\/\/linmot.com\/it\/wp-content\/uploads\/sites\/4\/2022\/05\/linmot-social-share-logo.jpg\",\"contentUrl\":\"https:\/\/linmot.com\/it\/wp-content\/uploads\/sites\/4\/2022\/05\/linmot-social-share-logo.jpg\",\"width\":800,\"height\":500,\"caption\":\"NTI AG - LinMot & MagSpring\"},\"image\":{\"@id\":\"https:\/\/linmot.com\/it\/#\/schema\/logo\/image\/\"},\"sameAs\":[\"https:\/\/www.linkedin.com\/company\/pamoco-spa\/\",\"https:\/\/www.youtube.com\/user\/LinMotEurope\"]}]}<\/script>\n<!-- \/ Yoast SEO Premium plugin. -->","yoast_head_json":{"title":"Partner - Una rete mondiale di esperti | LinMot","description":"LinMot ha un gran numero di partner e integratori di sistema per l'integrazione dell'hardware e lo sviluppo del software.","robots":{"index":"index","follow":"follow","max-snippet":"max-snippet:-1","max-image-preview":"max-image-preview:large","max-video-preview":"max-video-preview:-1"},"canonical":"https:\/\/linmot.com\/it\/azienda\/partner\/","og_locale":"it_IT","og_type":"article","og_title":"Partner - Una rete mondiale di esperti | LinMot","og_description":"LinMot ha un gran numero di partner e integratori di sistema per l'integrazione dell'hardware e lo sviluppo del software.","og_url":"https:\/\/linmot.com\/it\/azienda\/partner\/","og_site_name":"LinMot e MagSpring - Italiano","article_modified_time":"2023-05-15T13:25:37+00:00","og_image":[{"width":800,"height":500,"url":"https:\/\/linmot.com\/it\/wp-content\/uploads\/sites\/4\/2022\/05\/linmot-social-share-logo.jpg","type":"image\/jpeg"}],"twitter_card":"summary_large_image","twitter_title":"Partner - Una rete mondiale di esperti | LinMot","twitter_description":"LinMot ha un gran numero di partner e integratori di sistema per l'integrazione dell'hardware e lo sviluppo del software.","twitter_misc":{"Tempo di lettura stimato":"1 minuto"},"schema":{"@context":"https:\/\/schema.org","@graph":[{"@type":"WebPage","@id":"https:\/\/linmot.com\/it\/azienda\/partner\/","url":"https:\/\/linmot.com\/it\/azienda\/partner\/","name":"Partner - Una rete mondiale di esperti | LinMot","isPartOf":{"@id":"https:\/\/linmot.com\/it\/#website"},"datePublished":"2017-10-20T21:31:26+00:00","dateModified":"2023-05-15T13:25:37+00:00","description":"LinMot ha un gran numero di partner e integratori di sistema per l'integrazione dell'hardware e lo sviluppo del software.","breadcrumb":{"@id":"https:\/\/linmot.com\/it\/azienda\/partner\/#breadcrumb"},"inLanguage":"it-IT","potentialAction":[{"@type":"ReadAction","target":["https:\/\/linmot.com\/it\/azienda\/partner\/"]}]},{"@type":"BreadcrumbList","@id":"https:\/\/linmot.com\/it\/azienda\/partner\/#breadcrumb","itemListElement":[{"@type":"ListItem","position":1,"name":"Home","item":"https:\/\/linmot.com\/it\/"},{"@type":"ListItem","position":2,"name":"Profilo aziendale di NTI AG","item":"https:\/\/linmot.com\/it\/azienda\/"},{"@type":"ListItem","position":3,"name":"Partner"}]},{"@type":"WebSite","@id":"https:\/\/linmot.com\/it\/#website","url":"https:\/\/linmot.com\/it\/","name":"LinMot e MagSpring - Italiano","description":"Motori lineari e sistemi di motori lineari di alta qualit\u00e0","publisher":{"@id":"https:\/\/linmot.com\/it\/#organization"},"potentialAction":[{"@type":"SearchAction","target":{"@type":"EntryPoint","urlTemplate":"https:\/\/linmot.com\/it\/?s={search_term_string}"},"query-input":{"@type":"PropertyValueSpecification","valueRequired":true,"valueName":"search_term_string"}}],"inLanguage":"it-IT"},{"@type":"Organization","@id":"https:\/\/linmot.com\/it\/#organization","name":"NTI AG - LinMot & MagSpring","url":"https:\/\/linmot.com\/it\/","logo":{"@type":"ImageObject","inLanguage":"it-IT","@id":"https:\/\/linmot.com\/it\/#\/schema\/logo\/image\/","url":"https:\/\/linmot.com\/it\/wp-content\/uploads\/sites\/4\/2022\/05\/linmot-social-share-logo.jpg","contentUrl":"https:\/\/linmot.com\/it\/wp-content\/uploads\/sites\/4\/2022\/05\/linmot-social-share-logo.jpg","width":800,"height":500,"caption":"NTI AG - LinMot & MagSpring"},"image":{"@id":"https:\/\/linmot.com\/it\/#\/schema\/logo\/image\/"},"sameAs":["https:\/\/www.linkedin.com\/company\/pamoco-spa\/","https:\/\/www.youtube.com\/user\/LinMotEurope"]}]}},"_links":{"self":[{"href":"https:\/\/linmot.com\/it\/wp-json\/wp\/v2\/pages\/28","targetHints":{"allow":["GET"]}}],"collection":[{"href":"https:\/\/linmot.com\/it\/wp-json\/wp\/v2\/pages"}],"about":[{"href":"https:\/\/linmot.com\/it\/wp-json\/wp\/v2\/types\/page"}],"author":[{"embeddable":true,"href":"https:\/\/linmot.com\/it\/wp-json\/wp\/v2\/users\/1"}],"replies":[{"embeddable":true,"href":"https:\/\/linmot.com\/it\/wp-json\/wp\/v2\/comments?post=28"}],"version-history":[{"count":4,"href":"https:\/\/linmot.com\/it\/wp-json\/wp\/v2\/pages\/28\/revisions"}],"predecessor-version":[{"id":2657,"href":"https:\/\/linmot.com\/it\/wp-json\/wp\/v2\/pages\/28\/revisions\/2657"}],"up":[{"embeddable":true,"href":"https:\/\/linmot.com\/it\/wp-json\/wp\/v2\/pages\/1209"}],"wp:attachment":[{"href":"https:\/\/linmot.com\/it\/wp-json\/wp\/v2\/media?parent=28"}],"curies":[{"name":"wp","href":"https:\/\/api.w.org\/{rel}","templated":true}]}}