{"id":2757,"date":"2022-09-15T11:37:05","date_gmt":"2022-09-15T09:37:05","guid":{"rendered":"https:\/\/linmot.com\/it\/?page_id=2757"},"modified":"2025-05-22T15:44:49","modified_gmt":"2025-05-22T13:44:49","slug":"impronta","status":"publish","type":"page","link":"https:\/\/linmot.com\/it\/azienda\/impronta\/","title":{"rendered":"Impronta"},"content":{"rendered":"<p><strong>NTI AG, LinMot &amp; MagSpring<\/strong><br \/>\nBodenaeckerstrasse 2<br \/>\n8957 Spreitenbach, Svizzera<\/p>\n<p>+41 56 419 91 91<br \/>\noffice@linmot.com<\/p>\n<p>Rappresentante autorizzato:<br \/>\nRonald Rohner<\/p>\n<p>Iscrizione al registro delle imprese:<br \/>\nNTI AG<br \/>\nNumero: CH-020.3.023.521-2<\/p>\n<p>Informazioni sulla fonte delle immagini e delle illustrazioni utilizzate:<br \/>\nLe immagini e le illustrazioni utilizzate sono state create da NTI AG o acquistate tramite database fotografici come Adobe Stock.<\/p>\n<hr \/>\n<h3>1. Esclusione di responsabilit\u00e0<\/h3>\n<p>L&#8217;autore non si assume alcuna responsabilit\u00e0 in merito alla correttezza, all&#8217;accuratezza, all&#8217;attualit\u00e0, all&#8217;affidabilit\u00e0 e alla completezza delle informazioni. Le richieste di risarcimento per danni causati dall&#8217;uso delle informazioni fornite, comprese quelle incomplete o errate, saranno pertanto respinte.<\/p>\n<p>Tutte le offerte non sono vincolanti. Parti delle pagine o l&#8217;intera pubblicazione, comprese tutte le offerte e le informazioni, possono essere ampliate, modificate o parzialmente o completamente cancellate dall&#8217;autore, senza alcun annuncio separato.<\/p>\n<hr \/>\n<h3>2. Responsabilit\u00e0 per i link<\/h3>\n<p>I riferimenti e i link a siti web di terzi non rientrano nella nostra sfera di responsabilit\u00e0. Decliniamo ogni responsabilit\u00e0 per tali siti web. L&#8217;accesso e l&#8217;utilizzo di tali siti web \u00e8 a rischio dell&#8217;utente.<\/p>\n<hr \/>\n<h3>3. Diritti d&#8217;autore<\/h3>\n<p>I diritti d&#8217;autore e tutti gli altri diritti sui contenuti, le immagini, le foto o altri file presenti sul sito web appartengono esclusivamente a NTI AG, al gestore di questo sito web o ai titolari dei diritti specificamente indicati. Per la riproduzione di qualsiasi elemento \u00e8 necessario ottenere preventivamente il consenso scritto dei titolari dei diritti d&#8217;autore.<\/p>\n<hr \/>\n<h3>4. Legge e foro competente<\/h3>\n<p>Il diritto svizzero \u00e8 esclusivamente applicabile. Il foro competente \u00e8 Zurigo.<\/p>\n<hr \/>\n<h3>5. Informativa sulla privacy<\/h3>\n<p>Potete consultare la nostra dichiarazione sulla protezione dei dati qui: <a href=\"\/privacy-policy-nti-ag-linmot-gmbh\/\">Informativa sulla privacy (in inglese)<\/a><\/p>\n","protected":false},"excerpt":{"rendered":"<p>NTI AG, LinMot &amp; MagSpring Bodenaeckerstrasse 2 8957 Spreitenbach, Svizzera +41 56 419 91 91 office@linmot.com Rappresentante autorizzato: Ronald Rohner Iscrizione al registro delle imprese: NTI AG Numero: CH-020.3.023.521-2 Informazioni sulla fonte delle immagini e delle illustrazioni utilizzate: Le immagini e le illustrazioni utilizzate sono state create da NTI AG o acquistate tramite database fotografici [&hellip;]<\/p>\n","protected":false},"author":9,"featured_media":0,"parent":1209,"menu_order":24,"comment_status":"closed","ping_status":"closed","template":"","meta":{"_acf_changed":false,"footnotes":""},"class_list":["post-2757","page","type-page","status-publish","hentry"],"acf":[],"yoast_head":"<!-- This site is optimized with the Yoast SEO Premium plugin v20.9 (Yoast SEO v27.2) - https:\/\/yoast.com\/product\/yoast-seo-premium-wordpress\/ -->\n<title>Impronta - LinMot e MagSpring - Italiano<\/title>\n<meta name=\"description\" content=\"Impronta | Linear Motion Technology Leader | LinMot\" \/>\n<meta name=\"robots\" content=\"noindex, follow\" \/>\n<meta property=\"og:locale\" content=\"it_IT\" \/>\n<meta property=\"og:type\" content=\"article\" \/>\n<meta property=\"og:title\" content=\"Impronta\" \/>\n<meta property=\"og:description\" content=\"Impronta | Linear Motion Technology Leader | LinMot\" \/>\n<meta property=\"og:url\" content=\"https:\/\/linmot.com\/it\/azienda\/impronta\/\" \/>\n<meta property=\"og:site_name\" content=\"LinMot e MagSpring - Italiano\" \/>\n<meta property=\"article:modified_time\" content=\"2025-05-22T13:44:49+00:00\" \/>\n<meta property=\"og:image\" content=\"https:\/\/linmot.com\/it\/wp-content\/uploads\/sites\/4\/2022\/05\/linmot-social-share-logo.jpg\" \/>\n\t<meta property=\"og:image:width\" content=\"800\" \/>\n\t<meta property=\"og:image:height\" content=\"500\" \/>\n\t<meta property=\"og:image:type\" content=\"image\/jpeg\" \/>\n<meta name=\"twitter:card\" content=\"summary_large_image\" \/>\n<meta name=\"twitter:label1\" content=\"Tempo di lettura stimato\" \/>\n\t<meta name=\"twitter:data1\" content=\"2 minuti\" \/>\n<script type=\"application\/ld+json\" class=\"yoast-schema-graph\">{\"@context\":\"https:\/\/schema.org\",\"@graph\":[{\"@type\":\"WebPage\",\"@id\":\"https:\/\/linmot.com\/it\/azienda\/impronta\/\",\"url\":\"https:\/\/linmot.com\/it\/azienda\/impronta\/\",\"name\":\"Impronta - LinMot e MagSpring - Italiano\",\"isPartOf\":{\"@id\":\"https:\/\/linmot.com\/it\/#website\"},\"datePublished\":\"2022-09-15T09:37:05+00:00\",\"dateModified\":\"2025-05-22T13:44:49+00:00\",\"description\":\"Impronta | Linear Motion Technology Leader | LinMot\",\"breadcrumb\":{\"@id\":\"https:\/\/linmot.com\/it\/azienda\/impronta\/#breadcrumb\"},\"inLanguage\":\"it-IT\",\"potentialAction\":[{\"@type\":\"ReadAction\",\"target\":[\"https:\/\/linmot.com\/it\/azienda\/impronta\/\"]}]},{\"@type\":\"BreadcrumbList\",\"@id\":\"https:\/\/linmot.com\/it\/azienda\/impronta\/#breadcrumb\",\"itemListElement\":[{\"@type\":\"ListItem\",\"position\":1,\"name\":\"Home\",\"item\":\"https:\/\/linmot.com\/it\/\"},{\"@type\":\"ListItem\",\"position\":2,\"name\":\"Profilo aziendale di NTI AG\",\"item\":\"https:\/\/linmot.com\/it\/azienda\/\"},{\"@type\":\"ListItem\",\"position\":3,\"name\":\"Impronta\"}]},{\"@type\":\"WebSite\",\"@id\":\"https:\/\/linmot.com\/it\/#website\",\"url\":\"https:\/\/linmot.com\/it\/\",\"name\":\"LinMot e MagSpring - Italiano\",\"description\":\"Motori lineari e sistemi di motori lineari di alta qualit\u00e0\",\"publisher\":{\"@id\":\"https:\/\/linmot.com\/it\/#organization\"},\"potentialAction\":[{\"@type\":\"SearchAction\",\"target\":{\"@type\":\"EntryPoint\",\"urlTemplate\":\"https:\/\/linmot.com\/it\/?s={search_term_string}\"},\"query-input\":{\"@type\":\"PropertyValueSpecification\",\"valueRequired\":true,\"valueName\":\"search_term_string\"}}],\"inLanguage\":\"it-IT\"},{\"@type\":\"Organization\",\"@id\":\"https:\/\/linmot.com\/it\/#organization\",\"name\":\"NTI AG - LinMot & MagSpring\",\"url\":\"https:\/\/linmot.com\/it\/\",\"logo\":{\"@type\":\"ImageObject\",\"inLanguage\":\"it-IT\",\"@id\":\"https:\/\/linmot.com\/it\/#\/schema\/logo\/image\/\",\"url\":\"https:\/\/linmot.com\/it\/wp-content\/uploads\/sites\/4\/2022\/05\/linmot-social-share-logo.jpg\",\"contentUrl\":\"https:\/\/linmot.com\/it\/wp-content\/uploads\/sites\/4\/2022\/05\/linmot-social-share-logo.jpg\",\"width\":800,\"height\":500,\"caption\":\"NTI AG - LinMot & MagSpring\"},\"image\":{\"@id\":\"https:\/\/linmot.com\/it\/#\/schema\/logo\/image\/\"},\"sameAs\":[\"https:\/\/www.linkedin.com\/company\/pamoco-spa\/\",\"https:\/\/www.youtube.com\/user\/LinMotEurope\"]}]}<\/script>\n<!-- \/ Yoast SEO Premium plugin. -->","yoast_head_json":{"title":"Impronta - LinMot e MagSpring - Italiano","description":"Impronta | Linear Motion Technology Leader | LinMot","robots":{"index":"noindex","follow":"follow"},"og_locale":"it_IT","og_type":"article","og_title":"Impronta","og_description":"Impronta | Linear Motion Technology Leader | LinMot","og_url":"https:\/\/linmot.com\/it\/azienda\/impronta\/","og_site_name":"LinMot e MagSpring - Italiano","article_modified_time":"2025-05-22T13:44:49+00:00","og_image":[{"width":800,"height":500,"url":"https:\/\/linmot.com\/it\/wp-content\/uploads\/sites\/4\/2022\/05\/linmot-social-share-logo.jpg","type":"image\/jpeg"}],"twitter_card":"summary_large_image","twitter_misc":{"Tempo di lettura stimato":"2 minuti"},"schema":{"@context":"https:\/\/schema.org","@graph":[{"@type":"WebPage","@id":"https:\/\/linmot.com\/it\/azienda\/impronta\/","url":"https:\/\/linmot.com\/it\/azienda\/impronta\/","name":"Impronta - LinMot e MagSpring - Italiano","isPartOf":{"@id":"https:\/\/linmot.com\/it\/#website"},"datePublished":"2022-09-15T09:37:05+00:00","dateModified":"2025-05-22T13:44:49+00:00","description":"Impronta | Linear Motion Technology Leader | LinMot","breadcrumb":{"@id":"https:\/\/linmot.com\/it\/azienda\/impronta\/#breadcrumb"},"inLanguage":"it-IT","potentialAction":[{"@type":"ReadAction","target":["https:\/\/linmot.com\/it\/azienda\/impronta\/"]}]},{"@type":"BreadcrumbList","@id":"https:\/\/linmot.com\/it\/azienda\/impronta\/#breadcrumb","itemListElement":[{"@type":"ListItem","position":1,"name":"Home","item":"https:\/\/linmot.com\/it\/"},{"@type":"ListItem","position":2,"name":"Profilo aziendale di NTI AG","item":"https:\/\/linmot.com\/it\/azienda\/"},{"@type":"ListItem","position":3,"name":"Impronta"}]},{"@type":"WebSite","@id":"https:\/\/linmot.com\/it\/#website","url":"https:\/\/linmot.com\/it\/","name":"LinMot e MagSpring - Italiano","description":"Motori lineari e sistemi di motori lineari di alta qualit\u00e0","publisher":{"@id":"https:\/\/linmot.com\/it\/#organization"},"potentialAction":[{"@type":"SearchAction","target":{"@type":"EntryPoint","urlTemplate":"https:\/\/linmot.com\/it\/?s={search_term_string}"},"query-input":{"@type":"PropertyValueSpecification","valueRequired":true,"valueName":"search_term_string"}}],"inLanguage":"it-IT"},{"@type":"Organization","@id":"https:\/\/linmot.com\/it\/#organization","name":"NTI AG - LinMot & MagSpring","url":"https:\/\/linmot.com\/it\/","logo":{"@type":"ImageObject","inLanguage":"it-IT","@id":"https:\/\/linmot.com\/it\/#\/schema\/logo\/image\/","url":"https:\/\/linmot.com\/it\/wp-content\/uploads\/sites\/4\/2022\/05\/linmot-social-share-logo.jpg","contentUrl":"https:\/\/linmot.com\/it\/wp-content\/uploads\/sites\/4\/2022\/05\/linmot-social-share-logo.jpg","width":800,"height":500,"caption":"NTI AG - LinMot & MagSpring"},"image":{"@id":"https:\/\/linmot.com\/it\/#\/schema\/logo\/image\/"},"sameAs":["https:\/\/www.linkedin.com\/company\/pamoco-spa\/","https:\/\/www.youtube.com\/user\/LinMotEurope"]}]}},"_links":{"self":[{"href":"https:\/\/linmot.com\/it\/wp-json\/wp\/v2\/pages\/2757","targetHints":{"allow":["GET"]}}],"collection":[{"href":"https:\/\/linmot.com\/it\/wp-json\/wp\/v2\/pages"}],"about":[{"href":"https:\/\/linmot.com\/it\/wp-json\/wp\/v2\/types\/page"}],"author":[{"embeddable":true,"href":"https:\/\/linmot.com\/it\/wp-json\/wp\/v2\/users\/9"}],"replies":[{"embeddable":true,"href":"https:\/\/linmot.com\/it\/wp-json\/wp\/v2\/comments?post=2757"}],"version-history":[{"count":3,"href":"https:\/\/linmot.com\/it\/wp-json\/wp\/v2\/pages\/2757\/revisions"}],"predecessor-version":[{"id":3916,"href":"https:\/\/linmot.com\/it\/wp-json\/wp\/v2\/pages\/2757\/revisions\/3916"}],"up":[{"embeddable":true,"href":"https:\/\/linmot.com\/it\/wp-json\/wp\/v2\/pages\/1209"}],"wp:attachment":[{"href":"https:\/\/linmot.com\/it\/wp-json\/wp\/v2\/media?parent=2757"}],"curies":[{"name":"wp","href":"https:\/\/api.w.org\/{rel}","templated":true}]}}