{"id":2716,"date":"2022-08-25T15:01:43","date_gmt":"2022-08-25T13:01:43","guid":{"rendered":"https:\/\/linmot.com\/it\/?page_id=2716"},"modified":"2024-07-08T11:13:07","modified_gmt":"2024-07-08T09:13:07","slug":"bevande","status":"publish","type":"page","link":"https:\/\/linmot.com\/it\/soluzioni-industriali\/bevande\/","title":{"rendered":"Bevande"},"content":{"rendered":"<p><strong>Il fatto di bere, da molti anni, non \u00e8 pi\u00f9 una semplice necessit\u00e0 fisiologica, ma \u00e8 divenuto un\u2019espressione dello stile di vita individuale.<\/strong><\/p>\n<img loading=\"lazy\" decoding=\"async\" class=\"aligncenter size-full wp-image-3707\" src=\"https:\/\/linmot.com\/de\/wp-content\/uploads\/sites\/2\/2022\/08\/loesungen-getraenkebracneh.jpg\" alt=\"\" width=\"940\" height=\"300\" \/>\n<p>Succhi di frutta, acqua liscia o gassata, bevande con vitamine e minerale, bibite miste, bevande energizzanti o ecologiche \u2013 la gamma delle offerte \u00e8 pressoch\u00e9 illimitata.<\/p>\n<p>Per questo motivo, le imprese del settore devono essere sempre pronte a variare la propria strategia di produzione. Un modo per rendere pi\u00f9 flessibile ed economica la produzione consiste nell\u2019aumento dell\u2019automazione.<\/p>\n<p><a href=\"https:\/\/linmot.com\/it\/prodotti\/motori-in-acciaio-inossidabile\/\">I motori LinMot nella variante igienica<\/a> forniscono soluzioni ideali in tutto il processo di produzione:<\/p>\n<ul>\n<li>Chiusure singole e multiple<\/li>\n<li>Scarico<\/li>\n<li>Azionamenti di valvole<\/li>\n<li>Decorazione<\/li>\n<li>Etichettatura<\/li>\n<li>Sistemi di confezionamento<\/li>\n<li>Trasporto<\/li>\n<li>ecc.<\/li>\n<\/ul>\n<p>I clienti di tutto il mondo usano le tecnologie innovative LinMot, che garantiscono una maggiore flessibilit\u00e0 con minori cicli di produzione.<\/p>\n","protected":false},"excerpt":{"rendered":"<p>Il fatto di bere, da molti anni, non \u00e8 pi\u00f9 una semplice necessit\u00e0 fisiologica, ma \u00e8 divenuto un\u2019espressione dello stile di vita individuale. Succhi di frutta, acqua liscia o gassata, bevande con vitamine e minerale, bibite miste, bevande energizzanti o ecologiche \u2013 la gamma delle offerte \u00e8 pressoch\u00e9 illimitata. Per questo motivo, le imprese del [&hellip;]<\/p>\n","protected":false},"author":9,"featured_media":0,"parent":8,"menu_order":28,"comment_status":"closed","ping_status":"closed","template":"","meta":{"_acf_changed":false,"footnotes":""},"class_list":["post-2716","page","type-page","status-publish","hentry"],"acf":[],"yoast_head":"<!-- This site is optimized with the Yoast SEO Premium plugin v20.9 (Yoast SEO v27.3) - https:\/\/yoast.com\/product\/yoast-seo-premium-wordpress\/ -->\n<title>Bevande - LinMot e MagSpring - Italiano<\/title>\n<meta name=\"description\" content=\"L&#039;industria delle bevande deve essere in grado di adattare continuamente la propria strategia di produzione. LinMot li sostiene in questo.\" \/>\n<meta name=\"robots\" content=\"index, follow, max-snippet:-1, max-image-preview:large, max-video-preview:-1\" \/>\n<link rel=\"canonical\" href=\"https:\/\/linmot.com\/it\/soluzioni-industriali\/bevande\/\" \/>\n<meta property=\"og:locale\" content=\"it_IT\" \/>\n<meta property=\"og:type\" content=\"article\" \/>\n<meta property=\"og:title\" content=\"Bevande\" \/>\n<meta property=\"og:description\" content=\"L&#039;industria delle bevande deve essere in grado di adattare continuamente la propria strategia di produzione. LinMot li sostiene in questo.\" \/>\n<meta property=\"og:url\" content=\"https:\/\/linmot.com\/it\/soluzioni-industriali\/bevande\/\" \/>\n<meta property=\"og:site_name\" content=\"LinMot e MagSpring - Italiano\" \/>\n<meta property=\"article:modified_time\" content=\"2024-07-08T09:13:07+00:00\" \/>\n<meta property=\"og:image\" content=\"https:\/\/linmot.com\/de\/wp-content\/uploads\/sites\/2\/2022\/08\/loesungen-getraenkebracneh.jpg\" \/>\n<meta name=\"twitter:card\" content=\"summary_large_image\" \/>\n<meta name=\"twitter:label1\" content=\"Tempo di lettura stimato\" \/>\n\t<meta name=\"twitter:data1\" content=\"1 minuto\" \/>\n<script type=\"application\/ld+json\" class=\"yoast-schema-graph\">{\"@context\":\"https:\\\/\\\/schema.org\",\"@graph\":[{\"@type\":\"WebPage\",\"@id\":\"https:\\\/\\\/linmot.com\\\/it\\\/soluzioni-industriali\\\/bevande\\\/\",\"url\":\"https:\\\/\\\/linmot.com\\\/it\\\/soluzioni-industriali\\\/bevande\\\/\",\"name\":\"Bevande - LinMot e MagSpring - Italiano\",\"isPartOf\":{\"@id\":\"https:\\\/\\\/linmot.com\\\/it\\\/#website\"},\"primaryImageOfPage\":{\"@id\":\"https:\\\/\\\/linmot.com\\\/it\\\/soluzioni-industriali\\\/bevande\\\/#primaryimage\"},\"image\":{\"@id\":\"https:\\\/\\\/linmot.com\\\/it\\\/soluzioni-industriali\\\/bevande\\\/#primaryimage\"},\"thumbnailUrl\":\"https:\\\/\\\/linmot.com\\\/de\\\/wp-content\\\/uploads\\\/sites\\\/2\\\/2022\\\/08\\\/loesungen-getraenkebracneh.jpg\",\"datePublished\":\"2022-08-25T13:01:43+00:00\",\"dateModified\":\"2024-07-08T09:13:07+00:00\",\"description\":\"L'industria delle bevande deve essere in grado di adattare continuamente la propria strategia di produzione. LinMot li sostiene in questo.\",\"breadcrumb\":{\"@id\":\"https:\\\/\\\/linmot.com\\\/it\\\/soluzioni-industriali\\\/bevande\\\/#breadcrumb\"},\"inLanguage\":\"it-IT\",\"potentialAction\":[{\"@type\":\"ReadAction\",\"target\":[\"https:\\\/\\\/linmot.com\\\/it\\\/soluzioni-industriali\\\/bevande\\\/\"]}]},{\"@type\":\"ImageObject\",\"inLanguage\":\"it-IT\",\"@id\":\"https:\\\/\\\/linmot.com\\\/it\\\/soluzioni-industriali\\\/bevande\\\/#primaryimage\",\"url\":\"https:\\\/\\\/linmot.com\\\/de\\\/wp-content\\\/uploads\\\/sites\\\/2\\\/2022\\\/08\\\/loesungen-getraenkebracneh.jpg\",\"contentUrl\":\"https:\\\/\\\/linmot.com\\\/de\\\/wp-content\\\/uploads\\\/sites\\\/2\\\/2022\\\/08\\\/loesungen-getraenkebracneh.jpg\"},{\"@type\":\"BreadcrumbList\",\"@id\":\"https:\\\/\\\/linmot.com\\\/it\\\/soluzioni-industriali\\\/bevande\\\/#breadcrumb\",\"itemListElement\":[{\"@type\":\"ListItem\",\"position\":1,\"name\":\"Home\",\"item\":\"https:\\\/\\\/linmot.com\\\/it\\\/\"},{\"@type\":\"ListItem\",\"position\":2,\"name\":\"Soluzioni industriali\",\"item\":\"https:\\\/\\\/linmot.com\\\/it\\\/soluzioni-industriali\\\/\"},{\"@type\":\"ListItem\",\"position\":3,\"name\":\"Bevande\"}]},{\"@type\":\"WebSite\",\"@id\":\"https:\\\/\\\/linmot.com\\\/it\\\/#website\",\"url\":\"https:\\\/\\\/linmot.com\\\/it\\\/\",\"name\":\"LinMot e MagSpring - Italiano\",\"description\":\"Motori lineari e sistemi di motori lineari di alta qualit\u00e0\",\"publisher\":{\"@id\":\"https:\\\/\\\/linmot.com\\\/it\\\/#organization\"},\"potentialAction\":[{\"@type\":\"SearchAction\",\"target\":{\"@type\":\"EntryPoint\",\"urlTemplate\":\"https:\\\/\\\/linmot.com\\\/it\\\/?s={search_term_string}\"},\"query-input\":{\"@type\":\"PropertyValueSpecification\",\"valueRequired\":true,\"valueName\":\"search_term_string\"}}],\"inLanguage\":\"it-IT\"},{\"@type\":\"Organization\",\"@id\":\"https:\\\/\\\/linmot.com\\\/it\\\/#organization\",\"name\":\"NTI AG - LinMot & MagSpring\",\"url\":\"https:\\\/\\\/linmot.com\\\/it\\\/\",\"logo\":{\"@type\":\"ImageObject\",\"inLanguage\":\"it-IT\",\"@id\":\"https:\\\/\\\/linmot.com\\\/it\\\/#\\\/schema\\\/logo\\\/image\\\/\",\"url\":\"https:\\\/\\\/linmot.com\\\/it\\\/wp-content\\\/uploads\\\/sites\\\/4\\\/2022\\\/05\\\/linmot-social-share-logo.jpg\",\"contentUrl\":\"https:\\\/\\\/linmot.com\\\/it\\\/wp-content\\\/uploads\\\/sites\\\/4\\\/2022\\\/05\\\/linmot-social-share-logo.jpg\",\"width\":800,\"height\":500,\"caption\":\"NTI AG - LinMot & MagSpring\"},\"image\":{\"@id\":\"https:\\\/\\\/linmot.com\\\/it\\\/#\\\/schema\\\/logo\\\/image\\\/\"},\"sameAs\":[\"https:\\\/\\\/www.linkedin.com\\\/company\\\/pamoco-spa\\\/\",\"https:\\\/\\\/www.youtube.com\\\/user\\\/LinMotEurope\"]}]}<\/script>\n<!-- \/ Yoast SEO Premium plugin. -->","yoast_head_json":{"title":"Bevande - LinMot e MagSpring - Italiano","description":"L'industria delle bevande deve essere in grado di adattare continuamente la propria strategia di produzione. LinMot li sostiene in questo.","robots":{"index":"index","follow":"follow","max-snippet":"max-snippet:-1","max-image-preview":"max-image-preview:large","max-video-preview":"max-video-preview:-1"},"canonical":"https:\/\/linmot.com\/it\/soluzioni-industriali\/bevande\/","og_locale":"it_IT","og_type":"article","og_title":"Bevande","og_description":"L'industria delle bevande deve essere in grado di adattare continuamente la propria strategia di produzione. LinMot li sostiene in questo.","og_url":"https:\/\/linmot.com\/it\/soluzioni-industriali\/bevande\/","og_site_name":"LinMot e MagSpring - Italiano","article_modified_time":"2024-07-08T09:13:07+00:00","og_image":[{"url":"https:\/\/linmot.com\/de\/wp-content\/uploads\/sites\/2\/2022\/08\/loesungen-getraenkebracneh.jpg","type":"","width":"","height":""}],"twitter_card":"summary_large_image","twitter_misc":{"Tempo di lettura stimato":"1 minuto"},"schema":{"@context":"https:\/\/schema.org","@graph":[{"@type":"WebPage","@id":"https:\/\/linmot.com\/it\/soluzioni-industriali\/bevande\/","url":"https:\/\/linmot.com\/it\/soluzioni-industriali\/bevande\/","name":"Bevande - LinMot e MagSpring - Italiano","isPartOf":{"@id":"https:\/\/linmot.com\/it\/#website"},"primaryImageOfPage":{"@id":"https:\/\/linmot.com\/it\/soluzioni-industriali\/bevande\/#primaryimage"},"image":{"@id":"https:\/\/linmot.com\/it\/soluzioni-industriali\/bevande\/#primaryimage"},"thumbnailUrl":"https:\/\/linmot.com\/de\/wp-content\/uploads\/sites\/2\/2022\/08\/loesungen-getraenkebracneh.jpg","datePublished":"2022-08-25T13:01:43+00:00","dateModified":"2024-07-08T09:13:07+00:00","description":"L'industria delle bevande deve essere in grado di adattare continuamente la propria strategia di produzione. LinMot li sostiene in questo.","breadcrumb":{"@id":"https:\/\/linmot.com\/it\/soluzioni-industriali\/bevande\/#breadcrumb"},"inLanguage":"it-IT","potentialAction":[{"@type":"ReadAction","target":["https:\/\/linmot.com\/it\/soluzioni-industriali\/bevande\/"]}]},{"@type":"ImageObject","inLanguage":"it-IT","@id":"https:\/\/linmot.com\/it\/soluzioni-industriali\/bevande\/#primaryimage","url":"https:\/\/linmot.com\/de\/wp-content\/uploads\/sites\/2\/2022\/08\/loesungen-getraenkebracneh.jpg","contentUrl":"https:\/\/linmot.com\/de\/wp-content\/uploads\/sites\/2\/2022\/08\/loesungen-getraenkebracneh.jpg"},{"@type":"BreadcrumbList","@id":"https:\/\/linmot.com\/it\/soluzioni-industriali\/bevande\/#breadcrumb","itemListElement":[{"@type":"ListItem","position":1,"name":"Home","item":"https:\/\/linmot.com\/it\/"},{"@type":"ListItem","position":2,"name":"Soluzioni industriali","item":"https:\/\/linmot.com\/it\/soluzioni-industriali\/"},{"@type":"ListItem","position":3,"name":"Bevande"}]},{"@type":"WebSite","@id":"https:\/\/linmot.com\/it\/#website","url":"https:\/\/linmot.com\/it\/","name":"LinMot e MagSpring - Italiano","description":"Motori lineari e sistemi di motori lineari di alta qualit\u00e0","publisher":{"@id":"https:\/\/linmot.com\/it\/#organization"},"potentialAction":[{"@type":"SearchAction","target":{"@type":"EntryPoint","urlTemplate":"https:\/\/linmot.com\/it\/?s={search_term_string}"},"query-input":{"@type":"PropertyValueSpecification","valueRequired":true,"valueName":"search_term_string"}}],"inLanguage":"it-IT"},{"@type":"Organization","@id":"https:\/\/linmot.com\/it\/#organization","name":"NTI AG - LinMot & MagSpring","url":"https:\/\/linmot.com\/it\/","logo":{"@type":"ImageObject","inLanguage":"it-IT","@id":"https:\/\/linmot.com\/it\/#\/schema\/logo\/image\/","url":"https:\/\/linmot.com\/it\/wp-content\/uploads\/sites\/4\/2022\/05\/linmot-social-share-logo.jpg","contentUrl":"https:\/\/linmot.com\/it\/wp-content\/uploads\/sites\/4\/2022\/05\/linmot-social-share-logo.jpg","width":800,"height":500,"caption":"NTI AG - LinMot & MagSpring"},"image":{"@id":"https:\/\/linmot.com\/it\/#\/schema\/logo\/image\/"},"sameAs":["https:\/\/www.linkedin.com\/company\/pamoco-spa\/","https:\/\/www.youtube.com\/user\/LinMotEurope"]}]}},"_links":{"self":[{"href":"https:\/\/linmot.com\/it\/wp-json\/wp\/v2\/pages\/2716","targetHints":{"allow":["GET"]}}],"collection":[{"href":"https:\/\/linmot.com\/it\/wp-json\/wp\/v2\/pages"}],"about":[{"href":"https:\/\/linmot.com\/it\/wp-json\/wp\/v2\/types\/page"}],"author":[{"embeddable":true,"href":"https:\/\/linmot.com\/it\/wp-json\/wp\/v2\/users\/9"}],"replies":[{"embeddable":true,"href":"https:\/\/linmot.com\/it\/wp-json\/wp\/v2\/comments?post=2716"}],"version-history":[{"count":3,"href":"https:\/\/linmot.com\/it\/wp-json\/wp\/v2\/pages\/2716\/revisions"}],"predecessor-version":[{"id":3517,"href":"https:\/\/linmot.com\/it\/wp-json\/wp\/v2\/pages\/2716\/revisions\/3517"}],"up":[{"embeddable":true,"href":"https:\/\/linmot.com\/it\/wp-json\/wp\/v2\/pages\/8"}],"wp:attachment":[{"href":"https:\/\/linmot.com\/it\/wp-json\/wp\/v2\/media?parent=2716"}],"curies":[{"name":"wp","href":"https:\/\/api.w.org\/{rel}","templated":true}]}}