{"id":2584,"date":"2022-07-14T09:39:46","date_gmt":"2022-07-14T07:39:46","guid":{"rendered":"https:\/\/linmot.com\/it\/?page_id=2584"},"modified":"2023-05-10T16:35:18","modified_gmt":"2023-05-10T14:35:18","slug":"vi-aiutiamo-a-ridurre-il-consumo-energetico-in-modo-sostenibile","status":"publish","type":"page","link":"https:\/\/linmot.com\/it\/soluzioni-industriali\/sostituzione-dei-dispositivi-pneumatici-da-parte-dei-motori-lineari-industriali\/vi-aiutiamo-a-ridurre-il-consumo-energetico-in-modo-sostenibile\/","title":{"rendered":"Vi aiutiamo a ridurre il consumo energetico in modo sostenibile"},"content":{"rendered":"<p><strong>Tra tutte le risorse da cui dipende la produzione moderna, l&#8217;energia \u00e8 probabilmente una delle pi\u00f9 importanti. L&#8217;efficienza energetica e quindi l&#8217;impronta di carbonio sono un indicatore importante del contributo delle aziende alla sostenibilit\u00e0 e alla protezione del clima. In effetti, l&#8217;industria manifatturiera \u00e8 sempre pi\u00f9 alla ricerca di prodotti realizzati in modo sostenibile e considera questo tema come una componente essenziale nelle proprie decisioni di acquisto. Anche l&#8217;energia \u00e8 una risorsa che per lungo tempo \u00e8 stata data per scontata, ma l&#8217;aumento dei prezzi e le preoccupazioni per le emissioni di gas serra stanno inducendo gli operatori a valutare criticamente come produrre di pi\u00f9 con meno risorse. La chiave per raggiungere questo obiettivo \u00e8 passare a LinMot ed eliminare le perdite di potenza nei processi di automazione industriale ad alta intensit\u00e0 energetica, come le applicazioni pneumatiche (aria compressa).<\/strong><\/p>\n<h2>Requisiti energetici rispetto ai cilindri pneumatici<\/h2>\n<p>Le aziende utilizzano gli attuatori pneumatici per via del costo di investimento leggermente inferiore. L&#8217;aria compressa, tuttavia, \u00e8 uno dei mezzi energetici pi\u00f9 costosi, perch\u00e9 i compressori possono convertire solo una piccola parte dell&#8217;energia in ingresso in potenza utile. La maggior parte viene dissipata come perdita di calore. D&#8217;altra parte, LinMot si affida a motori lineari tubolari brushless ad azionamento diretto con un&#8217;efficienza estremamente elevata. Inoltre, a differenza della pneumatica, il motore lineare non solo non assorbe energia oltre quella necessaria, ma pu\u00f2 anche convertire l&#8217;energia durante la frenata e immagazzinarla per il ciclo successivo. A causa degli elevati costi operativi dei cilindri pneumatici, i motori lineari si rivelano un&#8217;alternativa economicamente vantaggiosa, in cui il costo di investimento pi\u00f9 elevato pu\u00f2 essere ammortizzato in poche settimane. Non deve stupire, quindi, che sempre pi\u00f9 aziende cerchino di eliminare l&#8217;aria compressa dalle loro fabbriche.<\/p>\n<h2>Risparmio energetico potenziale di oltre il 95 percento<\/h2>\n<p>Diversi studi dimostrano che i motori lineari sono preferibili ai sistemi ottimizzati ad aria compressa, sia in termini di risparmio economico che ecologico. US cotton, un produttore di tamponi di cotone, ha deciso di sostituire i suoi cilindri pneumatici con i <a href=\"\/it\/i-prodotti-di-linmot-e-magspring\/\">motori lineari LinMot<\/a> e di misurare se il risparmio energetico giustifica effettivamente il prezzo dei motori LinMot. Il motore lineare ha consumato solo il 3,2% dell&#8217;energia del cilindro pneumatico installato nella macchina. Inoltre, il miglior controllo ha comportato un aumento del 35% della velocit\u00e0 della macchina e l&#8217;assenza di regolazione o sostituzione dei motori lineari significa un funzionamento senza problemi per molti anni.<\/p>\n<img loading=\"lazy\" decoding=\"async\" class=\"wp-image-3424 size-full aligncenter\" src=\"https:\/\/linmot.com\/wp-content\/uploads\/2022\/07\/energy-consumption-graphik.jpg\" alt=\"\" width=\"485\" height=\"293\" \/>\n<h3>Riduzione dei costi e delle emissioni di CO2<\/h3>\n<p>Se calcolassimo la bolletta elettrica annuale e le emissioni di CO2 dell&#8217;esempio precedente, in cui la distanza totale di spostamento per ciclo \u00e8 di 800 mm e il tempo di ciclo totale \u00e8 di 900 ms, otterremmo i seguenti risultati:<\/p>\n<table border=\"1\" width=\"100%\">\n<tbody>\n<tr>\n<td><\/td>\n<td style=\"text-align: center;\"><strong>Consumo di energia (kWh)<\/strong><br \/>\nall&#8217;anno per singolo asse<\/td>\n<td style=\"text-align: center;\"><strong>Bolletta elettrica (EUR)<\/strong><br \/>\nall&#8217;anno per singolo asse<\/td>\n<td style=\"text-align: center;\"><strong>Emissioni di CO2 (KG)<\/strong><br \/>\nall&#8217;anno per singolo asse<\/td>\n<\/tr>\n<tr>\n<td>\u00a0Cilindro dell&#8217;aria<\/td>\n<td style=\"text-align: center;\">21&#8217;250<\/td>\n<td style=\"text-align: center;\">3&#8217;612<\/td>\n<td style=\"text-align: center;\">10&#8217;625<\/td>\n<\/tr>\n<tr>\n<td>\u00a0Motore LinMot<\/td>\n<td style=\"text-align: center;\">680<\/td>\n<td style=\"text-align: center;\">115<\/td>\n<td style=\"text-align: center;\">340<\/td>\n<\/tr>\n<tr>\n<td>\u00a0Riduzione annuale<\/td>\n<td style=\"text-align: center;\">20&#8217;570<\/td>\n<td style=\"text-align: center;\">3&#8217;497<\/td>\n<td style=\"text-align: center;\">10&#8217;285<\/td>\n<\/tr>\n<\/tbody>\n<\/table>\n<h6 style=\"text-align: right;\">Funzionamento continuo (8000h\/anno)<br \/>\nFattore di emissione di CO2 0,5 kg\/kWh<br \/>\nFattore di costo energetico 0,17 EUR\/kWh<br \/>\nEmissioni di CO2 della Ferrari Roma: 234g\/km<\/h6>\n<table width=\"100%\">\n<tbody>\n<tr>\n<td>Per una linea di produzione che utilizza 100 cilindri pneumatici, si otterr\u00e0 un <strong><span style=\"font-size: medium;\">risparmio annuo di 349.700 euro<\/span><\/strong> solo per le spese di elettricit\u00e0. La riduzione di CO2 \u00e8 sufficiente per <strong><span style=\"font-size: medium;\">guidare una Ferrari Roma 110 volte intorno al mondo.<\/span><\/strong><\/td>\n<td style=\"text-align: center;\"><img loading=\"lazy\" decoding=\"async\" class=\"alignnone size-medium wp-image-3460\" src=\"https:\/\/linmot.com\/wp-content\/uploads\/2022\/07\/car-globus-300x259.jpg\" alt=\"\" width=\"300\" height=\"259\" \/><\/td>\n<\/tr>\n<\/tbody>\n<\/table>\n<h3>La soluzione pi\u00f9 semplice \u00e8 di solito la migliore<\/h3>\n<p>Oltre a ottenere un significativo risparmio energetico, un&#8217;ulteriore riduzione dei costi \u00e8 data dall&#8217;assenza di componenti meccanici di trasmissione (riduttori, cinghie dentate, pulegge, camme, viti di comando, ecc.), che consentono un assemblaggio meccanico pi\u00f9 pulito, un minor numero di parti e un funzionamento pi\u00f9 fluido e silenzioso. Il costo totale di propriet\u00e0 (TCO) \u00e8 inoltre ridotto grazie ai minori costi logistici e di installazione dovuti al numero minimo di componenti standard. Anche i costi di produzione sono pi\u00f9 bassi grazie alla maggiore produttivit\u00e0, alla maggiore affidabilit\u00e0 dei movimenti, al miglioramento del tempo medio tra i guasti (MTBF) e alla drastica riduzione dei costi di manutenzione e sostituzione.<\/p>\n","protected":false},"excerpt":{"rendered":"<p>Tra tutte le risorse da cui dipende la produzione moderna, l&#8217;energia \u00e8 probabilmente una delle pi\u00f9 importanti. L&#8217;efficienza energetica e quindi l&#8217;impronta di carbonio sono un indicatore importante del contributo delle aziende alla sostenibilit\u00e0 e alla protezione del clima. In effetti, l&#8217;industria manifatturiera \u00e8 sempre pi\u00f9 alla ricerca di prodotti realizzati in modo sostenibile e [&hellip;]<\/p>\n","protected":false},"author":9,"featured_media":0,"parent":232,"menu_order":26,"comment_status":"closed","ping_status":"closed","template":"","meta":{"_acf_changed":false,"footnotes":""},"class_list":["post-2584","page","type-page","status-publish","hentry"],"acf":[],"yoast_head":"<!-- This site is optimized with the Yoast SEO Premium plugin v20.9 (Yoast SEO v27.2) - https:\/\/yoast.com\/product\/yoast-seo-premium-wordpress\/ -->\n<title>Vi aiutiamo a ridurre il consumo energetico in modo sostenibile - LinMot e MagSpring - Italiano<\/title>\n<meta name=\"description\" content=\"Scoprite qui come ridurre in modo sostenibile il consumo energetico della vostra produzione con i motori lineari.\" \/>\n<meta name=\"robots\" content=\"index, follow, max-snippet:-1, max-image-preview:large, max-video-preview:-1\" \/>\n<link rel=\"canonical\" href=\"https:\/\/linmot.com\/it\/soluzioni-industriali\/sostituzione-dei-dispositivi-pneumatici-da-parte-dei-motori-lineari-industriali\/vi-aiutiamo-a-ridurre-il-consumo-energetico-in-modo-sostenibile\/\" \/>\n<meta property=\"og:locale\" content=\"it_IT\" \/>\n<meta property=\"og:type\" content=\"article\" \/>\n<meta property=\"og:title\" content=\"Vi aiutiamo a ridurre il consumo energetico in modo sostenibile\" \/>\n<meta property=\"og:description\" content=\"Scoprite qui come ridurre in modo sostenibile il consumo energetico della vostra produzione con i motori lineari.\" \/>\n<meta property=\"og:url\" content=\"https:\/\/linmot.com\/it\/soluzioni-industriali\/sostituzione-dei-dispositivi-pneumatici-da-parte-dei-motori-lineari-industriali\/vi-aiutiamo-a-ridurre-il-consumo-energetico-in-modo-sostenibile\/\" \/>\n<meta property=\"og:site_name\" content=\"LinMot e MagSpring - Italiano\" \/>\n<meta property=\"article:modified_time\" content=\"2023-05-10T14:35:18+00:00\" \/>\n<meta property=\"og:image\" content=\"https:\/\/linmot.com\/wp-content\/uploads\/2022\/07\/energy-consumption-graphik.jpg\" \/>\n<meta name=\"twitter:card\" content=\"summary_large_image\" \/>\n<meta name=\"twitter:description\" content=\"Scoprite qui come ridurre in modo sostenibile il consumo energetico della vostra produzione con i motori lineari.\" \/>\n<meta name=\"twitter:label1\" content=\"Tempo di lettura stimato\" \/>\n\t<meta name=\"twitter:data1\" content=\"4 minuti\" \/>\n<script type=\"application\/ld+json\" class=\"yoast-schema-graph\">{\"@context\":\"https:\/\/schema.org\",\"@graph\":[{\"@type\":\"WebPage\",\"@id\":\"https:\/\/linmot.com\/it\/soluzioni-industriali\/sostituzione-dei-dispositivi-pneumatici-da-parte-dei-motori-lineari-industriali\/vi-aiutiamo-a-ridurre-il-consumo-energetico-in-modo-sostenibile\/\",\"url\":\"https:\/\/linmot.com\/it\/soluzioni-industriali\/sostituzione-dei-dispositivi-pneumatici-da-parte-dei-motori-lineari-industriali\/vi-aiutiamo-a-ridurre-il-consumo-energetico-in-modo-sostenibile\/\",\"name\":\"Vi aiutiamo a ridurre il consumo energetico in modo sostenibile - LinMot e MagSpring - Italiano\",\"isPartOf\":{\"@id\":\"https:\/\/linmot.com\/it\/#website\"},\"primaryImageOfPage\":{\"@id\":\"https:\/\/linmot.com\/it\/soluzioni-industriali\/sostituzione-dei-dispositivi-pneumatici-da-parte-dei-motori-lineari-industriali\/vi-aiutiamo-a-ridurre-il-consumo-energetico-in-modo-sostenibile\/#primaryimage\"},\"image\":{\"@id\":\"https:\/\/linmot.com\/it\/soluzioni-industriali\/sostituzione-dei-dispositivi-pneumatici-da-parte-dei-motori-lineari-industriali\/vi-aiutiamo-a-ridurre-il-consumo-energetico-in-modo-sostenibile\/#primaryimage\"},\"thumbnailUrl\":\"https:\/\/linmot.com\/wp-content\/uploads\/2022\/07\/energy-consumption-graphik.jpg\",\"datePublished\":\"2022-07-14T07:39:46+00:00\",\"dateModified\":\"2023-05-10T14:35:18+00:00\",\"description\":\"Scoprite qui come ridurre in modo sostenibile il consumo energetico della vostra produzione con i motori lineari.\",\"breadcrumb\":{\"@id\":\"https:\/\/linmot.com\/it\/soluzioni-industriali\/sostituzione-dei-dispositivi-pneumatici-da-parte-dei-motori-lineari-industriali\/vi-aiutiamo-a-ridurre-il-consumo-energetico-in-modo-sostenibile\/#breadcrumb\"},\"inLanguage\":\"it-IT\",\"potentialAction\":[{\"@type\":\"ReadAction\",\"target\":[\"https:\/\/linmot.com\/it\/soluzioni-industriali\/sostituzione-dei-dispositivi-pneumatici-da-parte-dei-motori-lineari-industriali\/vi-aiutiamo-a-ridurre-il-consumo-energetico-in-modo-sostenibile\/\"]}]},{\"@type\":\"ImageObject\",\"inLanguage\":\"it-IT\",\"@id\":\"https:\/\/linmot.com\/it\/soluzioni-industriali\/sostituzione-dei-dispositivi-pneumatici-da-parte-dei-motori-lineari-industriali\/vi-aiutiamo-a-ridurre-il-consumo-energetico-in-modo-sostenibile\/#primaryimage\",\"url\":\"https:\/\/linmot.com\/wp-content\/uploads\/2022\/07\/energy-consumption-graphik.jpg\",\"contentUrl\":\"https:\/\/linmot.com\/wp-content\/uploads\/2022\/07\/energy-consumption-graphik.jpg\"},{\"@type\":\"BreadcrumbList\",\"@id\":\"https:\/\/linmot.com\/it\/soluzioni-industriali\/sostituzione-dei-dispositivi-pneumatici-da-parte-dei-motori-lineari-industriali\/vi-aiutiamo-a-ridurre-il-consumo-energetico-in-modo-sostenibile\/#breadcrumb\",\"itemListElement\":[{\"@type\":\"ListItem\",\"position\":1,\"name\":\"Home\",\"item\":\"https:\/\/linmot.com\/it\/\"},{\"@type\":\"ListItem\",\"position\":2,\"name\":\"Soluzioni industriali\",\"item\":\"https:\/\/linmot.com\/it\/soluzioni-industriali\/\"},{\"@type\":\"ListItem\",\"position\":3,\"name\":\"Sostituzione dei dispositivi pneumatici con i Motori Lineari industriali\",\"item\":\"https:\/\/linmot.com\/it\/soluzioni-industriali\/sostituzione-dei-dispositivi-pneumatici-da-parte-dei-motori-lineari-industriali\/\"},{\"@type\":\"ListItem\",\"position\":4,\"name\":\"Vi aiutiamo a ridurre il consumo energetico in modo sostenibile\"}]},{\"@type\":\"WebSite\",\"@id\":\"https:\/\/linmot.com\/it\/#website\",\"url\":\"https:\/\/linmot.com\/it\/\",\"name\":\"LinMot e MagSpring - Italiano\",\"description\":\"Motori lineari e sistemi di motori lineari di alta qualit\u00e0\",\"publisher\":{\"@id\":\"https:\/\/linmot.com\/it\/#organization\"},\"potentialAction\":[{\"@type\":\"SearchAction\",\"target\":{\"@type\":\"EntryPoint\",\"urlTemplate\":\"https:\/\/linmot.com\/it\/?s={search_term_string}\"},\"query-input\":{\"@type\":\"PropertyValueSpecification\",\"valueRequired\":true,\"valueName\":\"search_term_string\"}}],\"inLanguage\":\"it-IT\"},{\"@type\":\"Organization\",\"@id\":\"https:\/\/linmot.com\/it\/#organization\",\"name\":\"NTI AG - LinMot & MagSpring\",\"url\":\"https:\/\/linmot.com\/it\/\",\"logo\":{\"@type\":\"ImageObject\",\"inLanguage\":\"it-IT\",\"@id\":\"https:\/\/linmot.com\/it\/#\/schema\/logo\/image\/\",\"url\":\"https:\/\/linmot.com\/it\/wp-content\/uploads\/sites\/4\/2022\/05\/linmot-social-share-logo.jpg\",\"contentUrl\":\"https:\/\/linmot.com\/it\/wp-content\/uploads\/sites\/4\/2022\/05\/linmot-social-share-logo.jpg\",\"width\":800,\"height\":500,\"caption\":\"NTI AG - LinMot & MagSpring\"},\"image\":{\"@id\":\"https:\/\/linmot.com\/it\/#\/schema\/logo\/image\/\"},\"sameAs\":[\"https:\/\/www.linkedin.com\/company\/pamoco-spa\/\",\"https:\/\/www.youtube.com\/user\/LinMotEurope\"]}]}<\/script>\n<!-- \/ Yoast SEO Premium plugin. -->","yoast_head_json":{"title":"Vi aiutiamo a ridurre il consumo energetico in modo sostenibile - LinMot e MagSpring - Italiano","description":"Scoprite qui come ridurre in modo sostenibile il consumo energetico della vostra produzione con i motori lineari.","robots":{"index":"index","follow":"follow","max-snippet":"max-snippet:-1","max-image-preview":"max-image-preview:large","max-video-preview":"max-video-preview:-1"},"canonical":"https:\/\/linmot.com\/it\/soluzioni-industriali\/sostituzione-dei-dispositivi-pneumatici-da-parte-dei-motori-lineari-industriali\/vi-aiutiamo-a-ridurre-il-consumo-energetico-in-modo-sostenibile\/","og_locale":"it_IT","og_type":"article","og_title":"Vi aiutiamo a ridurre il consumo energetico in modo sostenibile","og_description":"Scoprite qui come ridurre in modo sostenibile il consumo energetico della vostra produzione con i motori lineari.","og_url":"https:\/\/linmot.com\/it\/soluzioni-industriali\/sostituzione-dei-dispositivi-pneumatici-da-parte-dei-motori-lineari-industriali\/vi-aiutiamo-a-ridurre-il-consumo-energetico-in-modo-sostenibile\/","og_site_name":"LinMot e MagSpring - Italiano","article_modified_time":"2023-05-10T14:35:18+00:00","og_image":[{"url":"https:\/\/linmot.com\/wp-content\/uploads\/2022\/07\/energy-consumption-graphik.jpg","type":"","width":"","height":""}],"twitter_card":"summary_large_image","twitter_description":"Scoprite qui come ridurre in modo sostenibile il consumo energetico della vostra produzione con i motori lineari.","twitter_misc":{"Tempo di lettura stimato":"4 minuti"},"schema":{"@context":"https:\/\/schema.org","@graph":[{"@type":"WebPage","@id":"https:\/\/linmot.com\/it\/soluzioni-industriali\/sostituzione-dei-dispositivi-pneumatici-da-parte-dei-motori-lineari-industriali\/vi-aiutiamo-a-ridurre-il-consumo-energetico-in-modo-sostenibile\/","url":"https:\/\/linmot.com\/it\/soluzioni-industriali\/sostituzione-dei-dispositivi-pneumatici-da-parte-dei-motori-lineari-industriali\/vi-aiutiamo-a-ridurre-il-consumo-energetico-in-modo-sostenibile\/","name":"Vi aiutiamo a ridurre il consumo energetico in modo sostenibile - LinMot e MagSpring - Italiano","isPartOf":{"@id":"https:\/\/linmot.com\/it\/#website"},"primaryImageOfPage":{"@id":"https:\/\/linmot.com\/it\/soluzioni-industriali\/sostituzione-dei-dispositivi-pneumatici-da-parte-dei-motori-lineari-industriali\/vi-aiutiamo-a-ridurre-il-consumo-energetico-in-modo-sostenibile\/#primaryimage"},"image":{"@id":"https:\/\/linmot.com\/it\/soluzioni-industriali\/sostituzione-dei-dispositivi-pneumatici-da-parte-dei-motori-lineari-industriali\/vi-aiutiamo-a-ridurre-il-consumo-energetico-in-modo-sostenibile\/#primaryimage"},"thumbnailUrl":"https:\/\/linmot.com\/wp-content\/uploads\/2022\/07\/energy-consumption-graphik.jpg","datePublished":"2022-07-14T07:39:46+00:00","dateModified":"2023-05-10T14:35:18+00:00","description":"Scoprite qui come ridurre in modo sostenibile il consumo energetico della vostra produzione con i motori lineari.","breadcrumb":{"@id":"https:\/\/linmot.com\/it\/soluzioni-industriali\/sostituzione-dei-dispositivi-pneumatici-da-parte-dei-motori-lineari-industriali\/vi-aiutiamo-a-ridurre-il-consumo-energetico-in-modo-sostenibile\/#breadcrumb"},"inLanguage":"it-IT","potentialAction":[{"@type":"ReadAction","target":["https:\/\/linmot.com\/it\/soluzioni-industriali\/sostituzione-dei-dispositivi-pneumatici-da-parte-dei-motori-lineari-industriali\/vi-aiutiamo-a-ridurre-il-consumo-energetico-in-modo-sostenibile\/"]}]},{"@type":"ImageObject","inLanguage":"it-IT","@id":"https:\/\/linmot.com\/it\/soluzioni-industriali\/sostituzione-dei-dispositivi-pneumatici-da-parte-dei-motori-lineari-industriali\/vi-aiutiamo-a-ridurre-il-consumo-energetico-in-modo-sostenibile\/#primaryimage","url":"https:\/\/linmot.com\/wp-content\/uploads\/2022\/07\/energy-consumption-graphik.jpg","contentUrl":"https:\/\/linmot.com\/wp-content\/uploads\/2022\/07\/energy-consumption-graphik.jpg"},{"@type":"BreadcrumbList","@id":"https:\/\/linmot.com\/it\/soluzioni-industriali\/sostituzione-dei-dispositivi-pneumatici-da-parte-dei-motori-lineari-industriali\/vi-aiutiamo-a-ridurre-il-consumo-energetico-in-modo-sostenibile\/#breadcrumb","itemListElement":[{"@type":"ListItem","position":1,"name":"Home","item":"https:\/\/linmot.com\/it\/"},{"@type":"ListItem","position":2,"name":"Soluzioni industriali","item":"https:\/\/linmot.com\/it\/soluzioni-industriali\/"},{"@type":"ListItem","position":3,"name":"Sostituzione dei dispositivi pneumatici con i Motori Lineari industriali","item":"https:\/\/linmot.com\/it\/soluzioni-industriali\/sostituzione-dei-dispositivi-pneumatici-da-parte-dei-motori-lineari-industriali\/"},{"@type":"ListItem","position":4,"name":"Vi aiutiamo a ridurre il consumo energetico in modo sostenibile"}]},{"@type":"WebSite","@id":"https:\/\/linmot.com\/it\/#website","url":"https:\/\/linmot.com\/it\/","name":"LinMot e MagSpring - Italiano","description":"Motori lineari e sistemi di motori lineari di alta qualit\u00e0","publisher":{"@id":"https:\/\/linmot.com\/it\/#organization"},"potentialAction":[{"@type":"SearchAction","target":{"@type":"EntryPoint","urlTemplate":"https:\/\/linmot.com\/it\/?s={search_term_string}"},"query-input":{"@type":"PropertyValueSpecification","valueRequired":true,"valueName":"search_term_string"}}],"inLanguage":"it-IT"},{"@type":"Organization","@id":"https:\/\/linmot.com\/it\/#organization","name":"NTI AG - LinMot & MagSpring","url":"https:\/\/linmot.com\/it\/","logo":{"@type":"ImageObject","inLanguage":"it-IT","@id":"https:\/\/linmot.com\/it\/#\/schema\/logo\/image\/","url":"https:\/\/linmot.com\/it\/wp-content\/uploads\/sites\/4\/2022\/05\/linmot-social-share-logo.jpg","contentUrl":"https:\/\/linmot.com\/it\/wp-content\/uploads\/sites\/4\/2022\/05\/linmot-social-share-logo.jpg","width":800,"height":500,"caption":"NTI AG - LinMot & MagSpring"},"image":{"@id":"https:\/\/linmot.com\/it\/#\/schema\/logo\/image\/"},"sameAs":["https:\/\/www.linkedin.com\/company\/pamoco-spa\/","https:\/\/www.youtube.com\/user\/LinMotEurope"]}]}},"_links":{"self":[{"href":"https:\/\/linmot.com\/it\/wp-json\/wp\/v2\/pages\/2584","targetHints":{"allow":["GET"]}}],"collection":[{"href":"https:\/\/linmot.com\/it\/wp-json\/wp\/v2\/pages"}],"about":[{"href":"https:\/\/linmot.com\/it\/wp-json\/wp\/v2\/types\/page"}],"author":[{"embeddable":true,"href":"https:\/\/linmot.com\/it\/wp-json\/wp\/v2\/users\/9"}],"replies":[{"embeddable":true,"href":"https:\/\/linmot.com\/it\/wp-json\/wp\/v2\/comments?post=2584"}],"version-history":[{"count":5,"href":"https:\/\/linmot.com\/it\/wp-json\/wp\/v2\/pages\/2584\/revisions"}],"predecessor-version":[{"id":2608,"href":"https:\/\/linmot.com\/it\/wp-json\/wp\/v2\/pages\/2584\/revisions\/2608"}],"up":[{"embeddable":true,"href":"https:\/\/linmot.com\/it\/wp-json\/wp\/v2\/pages\/232"}],"wp:attachment":[{"href":"https:\/\/linmot.com\/it\/wp-json\/wp\/v2\/media?parent=2584"}],"curies":[{"name":"wp","href":"https:\/\/api.w.org\/{rel}","templated":true}]}}