{"id":2368,"date":"2022-03-30T11:07:47","date_gmt":"2022-03-30T09:07:47","guid":{"rendered":"https:\/\/linmot.com\/it\/?page_id=2368"},"modified":"2025-04-10T12:07:44","modified_gmt":"2025-04-10T10:07:44","slug":"pinza-gm01","status":"publish","type":"page","link":"https:\/\/linmot.com\/it\/prodotti\/pinze-pinze-rotanti\/pinza-gm01\/","title":{"rendered":"Pinza GM01"},"content":{"rendered":"<p align=\"justify\"><strong>La pinza elettrica \u00e8 utilizzata per il bloccaggio e lo spostamento preciso di prodotti in ambienti difficili. Grazie all&#8217;elevata flessibilit\u00e0 delle impostazioni, i prodotti asciutti, umidi, solidi o morbidi possono essere delicatamente bloccati e trasportati senza lasciare segni evidenti. Grazie al suo design igienico e all&#8217;elevata classe di protezione IP69, la pinza \u00e8 facile da pulire ed \u00e8 progettata per l&#8217;uso nell&#8217;industria alimentare.<\/strong><\/p>\n<hr \/>\n<div class=\"row\">\n<div class=\"col-sm-2\">\n<p><a class=\"button\" href=\"#dettagli\">1. Dettagli<\/a><\/p>\n<\/div>\n<div class=\"col-sm-1\">\n<\/div>\n<div class=\"col-sm-2\">\n<p><a class=\"button\" href=\"#video\">2. Video<\/a><\/p>\n<\/div>\n<div class=\"col-sm-1\">\n<\/div>\n<div class=\"col-sm-2\">\n<p><a class=\"button\" href=\"#applicazione\">3. Applicazione<\/a><\/p>\n<\/div>\n<div class=\"col-sm-1\">\n<\/div>\n<div class=\"col-sm-2\">\n<p><a class=\"button\" href=\"#contatta\">4. Contatta<\/a><\/p>\n<\/div>\n<\/div>\n<hr \/>\n<h3 id=\"dettagli\">1. Dettagli<\/h3>\n<img loading=\"lazy\" decoding=\"async\" class=\"aligncenter size-full wp-image-3841\" src=\"https:\/\/linmot.com\/wp-content\/uploads\/2023\/01\/gm01-motor.jpg\" alt=\"\" width=\"620\" height=\"290\" \/>\n<div class=\"row\">\n<div class=\"col-sm-4\">\n<ul>\n<li>Acciaio inossidabile EN 1.4404 \/ POM<\/li>\n<li>Design compatto<\/li>\n<\/ul>\n<\/div>\n<div class=\"col-sm-4\">\n<ul>\n<li>Materiali leggeri (FDA)<\/li>\n<li>Monitoraggio e tracciabilit\u00e0 del processo al 100%<\/li>\n<\/ul>\n<\/div>\n<div class=\"col-sm-4\">\n<ul>\n<li>Alto grado di libert\u00e0 per la posizione e la forza di serraggio<\/li>\n<\/ul>\n<\/div>\n<\/div>\n<hr \/>\n<h3>Funzionalit\u00e0<\/h3>\n<p align=\"justify\">Rilevando la posizione della pinza e controllando la forza di serraggio, anche i prodotti irregolari possono essere afferrati in modo affidabile. Grazie al gran numero di opzioni di monitoraggio, la presa difettosa o anche le parti difettose possono essere rilevate &#8220;al volo&#8221; e risolte di conseguenza. La pinza intelligente GM01 include una vasta gamma di opzioni di monitoraggio, che sono indispensabili per le applicazioni con un alto grado di automazione.<\/p>\n<div class=\"row\">\n<div class=\"col-sm-8\">\n<ul>\n<li>Tempi di apertura e chiusura costanti con una dinamica estremamente elevata per capacit\u00e0 elevate<\/li>\n<li>Alta affidabilit\u00e0 di serraggio per prodotti uniformi e non uniformi<\/li>\n<li>Utilizzo in industrie con requisiti elevati come l&#8217;industria farmaceutica, alimentare e dell&#8217;automazione<\/li>\n<li>Elevata affidabilit\u00e0 del processo attraverso il monitoraggio di dati come la pressione della pressa, la distanza, la temperatura e l&#8217;utilizzo<\/li>\n<li>&#8220;Washdown safe&#8221; per rispettare le linee guida per la pulizia della produzione<\/li>\n<li>Facile integrazione e adattamento ai singoli formati di produzione e imballaggio<\/li>\n<\/ul>\n<p><a class=\"btn btn-active\" href=\"https:\/\/shop.linmot.com\/E\/gripper.htm\" target=\"_blank\" rel=\"noopener noreferrer\">Ai dettagli nel catalogo elettronico (inglese)<\/a><\/p>\n<\/div>\n<div class=\"col-sm-4\">\n<img loading=\"lazy\" decoding=\"async\" class=\"aligncenter size-full wp-image-3086\" src=\"https:\/\/linmot.com\/de\/wp-content\/uploads\/sites\/2\/2022\/03\/linmot-greifer-small-gm01.jpg\" alt=\"\" width=\"205\" height=\"161\" \/>\n<\/div>\n<\/div>\n<hr \/>\n<div class=\"row\">\n<div class=\"col-sm-8\">\n<h3>Applicazione<\/h3>\n<p align=\"justify\">La pinza parallela GM01 \u00e8 un ulteriore elemento della linea LinMot in acciaio inossidabile, grazie al semplice accoppiamento e alla standardizzazione dei materiali. In combinazione con la guida SM01, \u00e8 possibile realizzare un&#8217;applicazione completa di pick and place in acciaio inox EN 1.4404. Una combinazione estremamente resistente agli agenti chimici e con un&#8217;enorme durata, anche in condizioni difficili.<\/p>\n<p><a class=\"btn btn-active\" href=\"\/it\/prodotti\/guide-lineari-moduli-lineari\/moduli-lineari-in-acciaio-inox-sm01-sm02\/\" target=\"_blank\" rel=\"noopener noreferrer\">Maggiori informazioni sui moduli SM01<\/a><\/p>\n<\/div>\n<div class=\"col-sm-4\">\n<p>&nbsp;<\/p>\n<img loading=\"lazy\" decoding=\"async\" class=\"alignnone size-full wp-image-2581\" src=\"https:\/\/linmot.com\/it\/wp-content\/uploads\/sites\/4\/2022\/07\/greifer-gm01-functionalitaet.jpg\" alt=\"\" width=\"272\" height=\"267\" \/>\n<\/div>\n<\/div>\n<hr \/>\n<h3 id=\"video\">2. Video<\/h3>\n<div class=\"row download\">\n<div class=\"col-md-6\">\n<h4 class=\"download-title\">Dimostrazione di prodotti in acciaio inossidabile (motori INOX)<\/h4>\n<p class=\"bodytext\" align=\"justify\">I nostri prodotti resistenti alla corrosione e igienici permettono un&#8217;automazione igienica e sterile vicino al processo. La pulizia \u00e8 anche facile e veloce grazie al design aperto della macchina ed estremamente affidabile grazie alla protezione IP69, anche con frequenti pulizie ad alta pressione e ad alta temperatura. Inoltre, vedete la &#8220;Gripper GM01&#8221; in azione.<\/p>\n<\/div>\n<div class=\"col-md-1\">\n<\/div>\n<div class=\"col-md-5\">\n<div class=\"brlbs-cmpnt-container brlbs-cmpnt-content-blocker brlbs-cmpnt-with-individual-styles\" data-borlabs-cookie-content-blocker-id=\"default\" data-borlabs-cookie-content=\"PGlmcmFtZSB0aXRsZT0iWW91VHViZSB2aWRlbyBwbGF5ZXIiIHNyYz0iaHR0cHM6Ly93d3cueW91dHViZS5jb20vZW1iZWQvdHZLZ1duZkFYWjQ\/c3RhcnQ9MzQiIHdpZHRoPSIzOTQiIGhlaWdodD0iMjIwIiBmcmFtZWJvcmRlcj0iMCIgYWxsb3dmdWxsc2NyZWVuPSJhbGxvd2Z1bGxzY3JlZW4iPjwvaWZyYW1lPg==\">\n<div class=\"brlbs-cmpnt-cb-preset-a\">\n<p class=\"brlbs-cmpnt-cb-description\">Stai visualizzando un contenuto segnaposto da <strong>Predefinito<\/strong>. Per accedere al contenuto effettivo, clicca sul pulsante sottostante. Si prega di notare che in questo modo si condividono i dati con provider di terze parti.<\/p>\n<div class=\"brlbs-cmpnt-cb-buttons\"> <a class=\"brlbs-cmpnt-cb-btn\" href=\"#\" data-borlabs-cookie-unblock role=\"button\">Sblocca i contenuti<\/a> <a class=\"brlbs-cmpnt-cb-btn\" href=\"#\" data-borlabs-cookie-accept-service role=\"button\" style=\"display: none\">Accetta il servizio richiesto e sblocca i contenuti<\/a> <\/div>\n<p> <a class=\"brlbs-cmpnt-cb-provider-toggle\" href=\"#\" data-borlabs-cookie-show-provider-information role=\"button\">Ulteriori informazioni<\/a> <\/div>\n<\/div>\n<\/div>\n<\/div>\n<h3 id=\"applicazione\">3. Applicazione tipica<\/h3>\n<div class=\"row download\">\n<div class=\"col-md-3\">\n<h4 class=\"download-title\">Un modo pi\u00f9 ecologico per alimentare le vostre applicazioni di movimento lineare<\/h4>\n<p class=\"bodytext\" align=\"justify\">Con la crescente diffusione degli sforzi di sostenibilit\u00e0 a livello aziendale, trovare il modo di rendere la propria produzione pi\u00f9 ecologica \u00e8 pi\u00f9 importante che mai. Tuttavia, quando si tratta di migliorare la sostenibilit\u00e0 delle applicazioni di movimento, orientarsi tra le varie opzioni pu\u00f2 essere difficile.<\/p>\n<p><a class=\"button\" href=\"\/it\/blog\/un-modo-piu-ecologico-per-alimentare-le-vostre-applicazioni-di-movimento-lineare\/\">Maggiori informazioni su applicazione<\/a><br \/>\n<\/div>\n<div class=\"col-md-2\">\n<img loading=\"lazy\" decoding=\"async\" class=\"alignnone wp-image-3295 size-full\" src=\"https:\/\/linmot.com\/de\/wp-content\/uploads\/sites\/2\/2023\/08\/nachhaltiger-direktantrieb-vorschau.jpg\" alt=\"\" width=\"220\" height=\"220\" \/><br \/>\n<\/div>\n<div class=\"col-md-3\">\n<\/div>\n<div class=\"col-md-3\">\n<\/div>\n<\/div>\n<h3 id=\"contatta\">4. Contatta<\/h3>\n<div class=\"row download\">\n<div class=\"col-md-6\">\n<h4 class=\"download-title\">Domande sulla pinza GM01?<\/h4>\n<p class=\"bodytext\">Saremo lieti di rispondere a qualsiasi domanda.<br \/>\nContattateci utilizzando il seguente modulo o chiamateci al seguente numero:<\/p>\n<p class=\"bodytext\">Tel: +41 (0)56 419 91 91<\/p>\n<p class=\"bodytext\">Il team LinMot<\/p>\n<\/div>\n<div class=\"col-md-1\">\n<\/div>\n<div class=\"col-md-5\">\n\n<div class=\"wpcf7 no-js\" id=\"wpcf7-f1805-o1\" lang=\"it-IT\" dir=\"ltr\" data-wpcf7-id=\"1805\">\n<div class=\"screen-reader-response\"><p role=\"status\" aria-live=\"polite\" aria-atomic=\"true\"><\/p> <ul><\/ul><\/div>\n<form action=\"\/it\/wp-json\/wp\/v2\/pages\/2368#wpcf7-f1805-o1\" method=\"post\" class=\"wpcf7-form init\" aria-label=\"Modulo di contatto\" novalidate=\"novalidate\" data-status=\"init\">\n<fieldset class=\"hidden-fields-container\"><input type=\"hidden\" name=\"_wpcf7\" value=\"1805\" \/><input type=\"hidden\" name=\"_wpcf7_version\" value=\"6.1.5\" \/><input type=\"hidden\" name=\"_wpcf7_locale\" value=\"it_IT\" \/><input type=\"hidden\" name=\"_wpcf7_unit_tag\" value=\"wpcf7-f1805-o1\" \/><input type=\"hidden\" name=\"_wpcf7_container_post\" value=\"0\" \/><input type=\"hidden\" name=\"_wpcf7_posted_data_hash\" value=\"\" \/><input type=\"hidden\" name=\"_wpcf7_recaptcha_response\" value=\"\" \/>\n<\/fieldset>\n<label>Il tuo nome<br>\n    <span class=\"wpcf7-form-control-wrap\" data-name=\"your-name\"><input size=\"40\" maxlength=\"400\" class=\"wpcf7-form-control wpcf7-text wpcf7-validates-as-required\" aria-required=\"true\" aria-invalid=\"false\" value=\"\" type=\"text\" name=\"your-name\" \/><\/span> <\/label>\n<br>\n<label>Azienda<br>\n    <span class=\"wpcf7-form-control-wrap\" data-name=\"your-company\"><input size=\"40\" maxlength=\"400\" class=\"wpcf7-form-control wpcf7-text wpcf7-validates-as-required\" aria-required=\"true\" aria-invalid=\"false\" value=\"\" type=\"text\" name=\"your-company\" \/><\/span> <\/label>\n<br>\n<label>Codice postale<br>\n    <span class=\"wpcf7-form-control-wrap\" data-name=\"your-plz\"><input class=\"wpcf7-form-control wpcf7-number wpcf7-validates-as-required wpcf7-validates-as-number\" aria-required=\"true\" aria-invalid=\"false\" value=\"\" type=\"number\" name=\"your-plz\" \/><\/span> <\/label>\n<br>\n<label>Paese<br>\n    <span class=\"wpcf7-form-control-wrap\" data-name=\"your-country\"><input size=\"40\" maxlength=\"400\" class=\"wpcf7-form-control wpcf7-text wpcf7-validates-as-required\" aria-required=\"true\" aria-invalid=\"false\" value=\"\" type=\"text\" name=\"your-country\" \/><\/span> <\/label>\n<br>\n<label>Numero di telefono<br>\n    <span class=\"wpcf7-form-control-wrap\" data-name=\"your-number\"><input size=\"40\" maxlength=\"400\" class=\"wpcf7-form-control wpcf7-tel wpcf7-validates-as-required wpcf7-text wpcf7-validates-as-tel\" aria-required=\"true\" aria-invalid=\"false\" value=\"\" type=\"tel\" name=\"your-number\" \/><\/span> <\/label>\n<br>\n<label>Email<br>\n    <span class=\"wpcf7-form-control-wrap\" data-name=\"your-email\"><input size=\"40\" maxlength=\"400\" class=\"wpcf7-form-control wpcf7-email wpcf7-validates-as-required wpcf7-text wpcf7-validates-as-email\" aria-required=\"true\" aria-invalid=\"false\" value=\"\" type=\"email\" name=\"your-email\" \/><\/span> <\/label>\n<br>\n<label> Il tuo messaggio<br>\n    <span class=\"wpcf7-form-control-wrap\" data-name=\"your-message\"><textarea cols=\"40\" rows=\"10\" maxlength=\"2000\" class=\"wpcf7-form-control wpcf7-textarea\" aria-invalid=\"false\" name=\"your-message\"><\/textarea><\/span> <\/label>\n<br>\n<input class=\"wpcf7-form-control wpcf7-submit has-spinner\" type=\"submit\" value=\"Invia\" \/><div class=\"wpcf7-response-output\" aria-hidden=\"true\"><\/div>\n<\/form>\n<\/div>\n\n<\/div>\n<\/div>\n","protected":false},"excerpt":{"rendered":"<p>La pinza elettrica \u00e8 utilizzata per il bloccaggio e lo spostamento preciso di prodotti in ambienti difficili. Grazie all&#8217;elevata flessibilit\u00e0 delle impostazioni, i prodotti asciutti, umidi, solidi o morbidi possono essere delicatamente bloccati e trasportati senza lasciare segni evidenti. Grazie al suo design igienico e all&#8217;elevata classe di protezione IP69, la pinza \u00e8 facile da [&hellip;]<\/p>\n","protected":false},"author":9,"featured_media":0,"parent":3649,"menu_order":97,"comment_status":"closed","ping_status":"closed","template":"","meta":{"_acf_changed":false,"footnotes":""},"class_list":["post-2368","page","type-page","status-publish","hentry"],"acf":[],"yoast_head":"<!-- This site is optimized with the Yoast SEO Premium plugin v20.9 (Yoast SEO v27.2) - https:\/\/yoast.com\/product\/yoast-seo-premium-wordpress\/ -->\n<title>Pinza GM01 - LinMot e MagSpring - Italiano<\/title>\n<meta name=\"description\" content=\"La pinza elettrica \u00e8 utilizzata per il serraggio e lo spostamento preciso di prodotti in ambienti difficili.\" \/>\n<meta name=\"robots\" content=\"index, follow, max-snippet:-1, max-image-preview:large, max-video-preview:-1\" \/>\n<link rel=\"canonical\" href=\"https:\/\/linmot.com\/it\/prodotti\/pinze-pinze-rotanti\/pinza-gm01\/\" \/>\n<meta property=\"og:locale\" content=\"it_IT\" \/>\n<meta property=\"og:type\" content=\"article\" \/>\n<meta property=\"og:title\" content=\"Pinza GM01 - LinMot e MagSpring - Italiano\" \/>\n<meta property=\"og:description\" content=\"La pinza elettrica \u00e8 utilizzata per il serraggio e lo spostamento preciso di prodotti in ambienti difficili.\" \/>\n<meta property=\"og:url\" content=\"https:\/\/linmot.com\/it\/prodotti\/pinze-pinze-rotanti\/pinza-gm01\/\" \/>\n<meta property=\"og:site_name\" content=\"LinMot e MagSpring - Italiano\" \/>\n<meta property=\"article:modified_time\" content=\"2025-04-10T10:07:44+00:00\" \/>\n<meta property=\"og:image\" content=\"https:\/\/linmot.com\/it\/wp-content\/uploads\/sites\/4\/2022\/05\/linmot-social-share-logo.jpg\" \/>\n\t<meta property=\"og:image:width\" content=\"800\" \/>\n\t<meta property=\"og:image:height\" content=\"500\" \/>\n\t<meta property=\"og:image:type\" content=\"image\/jpeg\" \/>\n<meta name=\"twitter:card\" content=\"summary_large_image\" \/>\n<meta name=\"twitter:title\" content=\"Pinza GM01 - LinMot e MagSpring - Italiano\" \/>\n<meta name=\"twitter:description\" content=\"La pinza elettrica \u00e8 utilizzata per il serraggio e lo spostamento preciso di prodotti in ambienti difficili.\" \/>\n<meta name=\"twitter:label1\" content=\"Tempo di lettura stimato\" \/>\n\t<meta name=\"twitter:data1\" content=\"4 minuti\" \/>\n<script type=\"application\/ld+json\" class=\"yoast-schema-graph\">{\"@context\":\"https:\/\/schema.org\",\"@graph\":[{\"@type\":\"WebPage\",\"@id\":\"https:\/\/linmot.com\/it\/prodotti\/pinze-pinze-rotanti\/pinza-gm01\/\",\"url\":\"https:\/\/linmot.com\/it\/prodotti\/pinze-pinze-rotanti\/pinza-gm01\/\",\"name\":\"Pinza GM01 - LinMot e MagSpring - Italiano\",\"isPartOf\":{\"@id\":\"https:\/\/linmot.com\/it\/#website\"},\"primaryImageOfPage\":{\"@id\":\"https:\/\/linmot.com\/it\/prodotti\/pinze-pinze-rotanti\/pinza-gm01\/#primaryimage\"},\"image\":{\"@id\":\"https:\/\/linmot.com\/it\/prodotti\/pinze-pinze-rotanti\/pinza-gm01\/#primaryimage\"},\"thumbnailUrl\":\"https:\/\/linmot.com\/wp-content\/uploads\/2023\/01\/gm01-motor.jpg\",\"datePublished\":\"2022-03-30T09:07:47+00:00\",\"dateModified\":\"2025-04-10T10:07:44+00:00\",\"description\":\"La pinza elettrica \u00e8 utilizzata per il serraggio e lo spostamento preciso di prodotti in ambienti difficili.\",\"breadcrumb\":{\"@id\":\"https:\/\/linmot.com\/it\/prodotti\/pinze-pinze-rotanti\/pinza-gm01\/#breadcrumb\"},\"inLanguage\":\"it-IT\",\"potentialAction\":[{\"@type\":\"ReadAction\",\"target\":[\"https:\/\/linmot.com\/it\/prodotti\/pinze-pinze-rotanti\/pinza-gm01\/\"]}]},{\"@type\":\"ImageObject\",\"inLanguage\":\"it-IT\",\"@id\":\"https:\/\/linmot.com\/it\/prodotti\/pinze-pinze-rotanti\/pinza-gm01\/#primaryimage\",\"url\":\"https:\/\/linmot.com\/wp-content\/uploads\/2023\/01\/gm01-motor.jpg\",\"contentUrl\":\"https:\/\/linmot.com\/wp-content\/uploads\/2023\/01\/gm01-motor.jpg\"},{\"@type\":\"BreadcrumbList\",\"@id\":\"https:\/\/linmot.com\/it\/prodotti\/pinze-pinze-rotanti\/pinza-gm01\/#breadcrumb\",\"itemListElement\":[{\"@type\":\"ListItem\",\"position\":1,\"name\":\"Home\",\"item\":\"https:\/\/linmot.com\/it\/\"},{\"@type\":\"ListItem\",\"position\":2,\"name\":\"Prodotti\",\"item\":\"https:\/\/linmot.com\/it\/prodotti\/\"},{\"@type\":\"ListItem\",\"position\":3,\"name\":\"Pinze elettriche\",\"item\":\"https:\/\/linmot.com\/it\/prodotti\/pinze-pinze-rotanti\/\"},{\"@type\":\"ListItem\",\"position\":4,\"name\":\"Pinza GM01\"}]},{\"@type\":\"WebSite\",\"@id\":\"https:\/\/linmot.com\/it\/#website\",\"url\":\"https:\/\/linmot.com\/it\/\",\"name\":\"LinMot e MagSpring - Italiano\",\"description\":\"Motori lineari e sistemi di motori lineari di alta qualit\u00e0\",\"publisher\":{\"@id\":\"https:\/\/linmot.com\/it\/#organization\"},\"potentialAction\":[{\"@type\":\"SearchAction\",\"target\":{\"@type\":\"EntryPoint\",\"urlTemplate\":\"https:\/\/linmot.com\/it\/?s={search_term_string}\"},\"query-input\":{\"@type\":\"PropertyValueSpecification\",\"valueRequired\":true,\"valueName\":\"search_term_string\"}}],\"inLanguage\":\"it-IT\"},{\"@type\":\"Organization\",\"@id\":\"https:\/\/linmot.com\/it\/#organization\",\"name\":\"NTI AG - LinMot & MagSpring\",\"url\":\"https:\/\/linmot.com\/it\/\",\"logo\":{\"@type\":\"ImageObject\",\"inLanguage\":\"it-IT\",\"@id\":\"https:\/\/linmot.com\/it\/#\/schema\/logo\/image\/\",\"url\":\"https:\/\/linmot.com\/it\/wp-content\/uploads\/sites\/4\/2022\/05\/linmot-social-share-logo.jpg\",\"contentUrl\":\"https:\/\/linmot.com\/it\/wp-content\/uploads\/sites\/4\/2022\/05\/linmot-social-share-logo.jpg\",\"width\":800,\"height\":500,\"caption\":\"NTI AG - LinMot & MagSpring\"},\"image\":{\"@id\":\"https:\/\/linmot.com\/it\/#\/schema\/logo\/image\/\"},\"sameAs\":[\"https:\/\/www.linkedin.com\/company\/pamoco-spa\/\",\"https:\/\/www.youtube.com\/user\/LinMotEurope\"]}]}<\/script>\n<!-- \/ Yoast SEO Premium plugin. -->","yoast_head_json":{"title":"Pinza GM01 - LinMot e MagSpring - Italiano","description":"La pinza elettrica \u00e8 utilizzata per il serraggio e lo spostamento preciso di prodotti in ambienti difficili.","robots":{"index":"index","follow":"follow","max-snippet":"max-snippet:-1","max-image-preview":"max-image-preview:large","max-video-preview":"max-video-preview:-1"},"canonical":"https:\/\/linmot.com\/it\/prodotti\/pinze-pinze-rotanti\/pinza-gm01\/","og_locale":"it_IT","og_type":"article","og_title":"Pinza GM01 - LinMot e MagSpring - Italiano","og_description":"La pinza elettrica \u00e8 utilizzata per il serraggio e lo spostamento preciso di prodotti in ambienti difficili.","og_url":"https:\/\/linmot.com\/it\/prodotti\/pinze-pinze-rotanti\/pinza-gm01\/","og_site_name":"LinMot e MagSpring - Italiano","article_modified_time":"2025-04-10T10:07:44+00:00","og_image":[{"width":800,"height":500,"url":"https:\/\/linmot.com\/it\/wp-content\/uploads\/sites\/4\/2022\/05\/linmot-social-share-logo.jpg","type":"image\/jpeg"}],"twitter_card":"summary_large_image","twitter_title":"Pinza GM01 - LinMot e MagSpring - Italiano","twitter_description":"La pinza elettrica \u00e8 utilizzata per il serraggio e lo spostamento preciso di prodotti in ambienti difficili.","twitter_misc":{"Tempo di lettura stimato":"4 minuti"},"schema":{"@context":"https:\/\/schema.org","@graph":[{"@type":"WebPage","@id":"https:\/\/linmot.com\/it\/prodotti\/pinze-pinze-rotanti\/pinza-gm01\/","url":"https:\/\/linmot.com\/it\/prodotti\/pinze-pinze-rotanti\/pinza-gm01\/","name":"Pinza GM01 - LinMot e MagSpring - Italiano","isPartOf":{"@id":"https:\/\/linmot.com\/it\/#website"},"primaryImageOfPage":{"@id":"https:\/\/linmot.com\/it\/prodotti\/pinze-pinze-rotanti\/pinza-gm01\/#primaryimage"},"image":{"@id":"https:\/\/linmot.com\/it\/prodotti\/pinze-pinze-rotanti\/pinza-gm01\/#primaryimage"},"thumbnailUrl":"https:\/\/linmot.com\/wp-content\/uploads\/2023\/01\/gm01-motor.jpg","datePublished":"2022-03-30T09:07:47+00:00","dateModified":"2025-04-10T10:07:44+00:00","description":"La pinza elettrica \u00e8 utilizzata per il serraggio e lo spostamento preciso di prodotti in ambienti difficili.","breadcrumb":{"@id":"https:\/\/linmot.com\/it\/prodotti\/pinze-pinze-rotanti\/pinza-gm01\/#breadcrumb"},"inLanguage":"it-IT","potentialAction":[{"@type":"ReadAction","target":["https:\/\/linmot.com\/it\/prodotti\/pinze-pinze-rotanti\/pinza-gm01\/"]}]},{"@type":"ImageObject","inLanguage":"it-IT","@id":"https:\/\/linmot.com\/it\/prodotti\/pinze-pinze-rotanti\/pinza-gm01\/#primaryimage","url":"https:\/\/linmot.com\/wp-content\/uploads\/2023\/01\/gm01-motor.jpg","contentUrl":"https:\/\/linmot.com\/wp-content\/uploads\/2023\/01\/gm01-motor.jpg"},{"@type":"BreadcrumbList","@id":"https:\/\/linmot.com\/it\/prodotti\/pinze-pinze-rotanti\/pinza-gm01\/#breadcrumb","itemListElement":[{"@type":"ListItem","position":1,"name":"Home","item":"https:\/\/linmot.com\/it\/"},{"@type":"ListItem","position":2,"name":"Prodotti","item":"https:\/\/linmot.com\/it\/prodotti\/"},{"@type":"ListItem","position":3,"name":"Pinze elettriche","item":"https:\/\/linmot.com\/it\/prodotti\/pinze-pinze-rotanti\/"},{"@type":"ListItem","position":4,"name":"Pinza GM01"}]},{"@type":"WebSite","@id":"https:\/\/linmot.com\/it\/#website","url":"https:\/\/linmot.com\/it\/","name":"LinMot e MagSpring - Italiano","description":"Motori lineari e sistemi di motori lineari di alta qualit\u00e0","publisher":{"@id":"https:\/\/linmot.com\/it\/#organization"},"potentialAction":[{"@type":"SearchAction","target":{"@type":"EntryPoint","urlTemplate":"https:\/\/linmot.com\/it\/?s={search_term_string}"},"query-input":{"@type":"PropertyValueSpecification","valueRequired":true,"valueName":"search_term_string"}}],"inLanguage":"it-IT"},{"@type":"Organization","@id":"https:\/\/linmot.com\/it\/#organization","name":"NTI AG - LinMot & MagSpring","url":"https:\/\/linmot.com\/it\/","logo":{"@type":"ImageObject","inLanguage":"it-IT","@id":"https:\/\/linmot.com\/it\/#\/schema\/logo\/image\/","url":"https:\/\/linmot.com\/it\/wp-content\/uploads\/sites\/4\/2022\/05\/linmot-social-share-logo.jpg","contentUrl":"https:\/\/linmot.com\/it\/wp-content\/uploads\/sites\/4\/2022\/05\/linmot-social-share-logo.jpg","width":800,"height":500,"caption":"NTI AG - LinMot & MagSpring"},"image":{"@id":"https:\/\/linmot.com\/it\/#\/schema\/logo\/image\/"},"sameAs":["https:\/\/www.linkedin.com\/company\/pamoco-spa\/","https:\/\/www.youtube.com\/user\/LinMotEurope"]}]}},"_links":{"self":[{"href":"https:\/\/linmot.com\/it\/wp-json\/wp\/v2\/pages\/2368","targetHints":{"allow":["GET"]}}],"collection":[{"href":"https:\/\/linmot.com\/it\/wp-json\/wp\/v2\/pages"}],"about":[{"href":"https:\/\/linmot.com\/it\/wp-json\/wp\/v2\/types\/page"}],"author":[{"embeddable":true,"href":"https:\/\/linmot.com\/it\/wp-json\/wp\/v2\/users\/9"}],"replies":[{"embeddable":true,"href":"https:\/\/linmot.com\/it\/wp-json\/wp\/v2\/comments?post=2368"}],"version-history":[{"count":15,"href":"https:\/\/linmot.com\/it\/wp-json\/wp\/v2\/pages\/2368\/revisions"}],"predecessor-version":[{"id":3589,"href":"https:\/\/linmot.com\/it\/wp-json\/wp\/v2\/pages\/2368\/revisions\/3589"}],"up":[{"embeddable":true,"href":"https:\/\/linmot.com\/it\/wp-json\/wp\/v2\/pages\/3649"}],"wp:attachment":[{"href":"https:\/\/linmot.com\/it\/wp-json\/wp\/v2\/media?parent=2368"}],"curies":[{"name":"wp","href":"https:\/\/api.w.org\/{rel}","templated":true}]}}