{"id":223,"date":"2017-11-07T15:29:07","date_gmt":"2017-11-07T14:29:07","guid":{"rendered":"https:\/\/linmot.com\/?page_id=223"},"modified":"2024-07-08T11:11:19","modified_gmt":"2024-07-08T09:11:19","slug":"manipolazione-e-assemblaggio","status":"publish","type":"page","link":"https:\/\/linmot.com\/it\/soluzioni-industriali\/manipolazione-e-assemblaggio\/","title":{"rendered":"Manipolazione e assemblaggio"},"content":{"rendered":"<p><strong>Con i motori lineari liberamente programmabili e altamente dinamici, l&#8217;ingegnere d&#8217;impianto trova i componenti ottimali per una macchina di produzione moderna che pu\u00f2 facilmente sopportare i requisiti applicabili.<\/strong><\/p>\n<img loading=\"lazy\" decoding=\"async\" class=\"aligncenter size-full wp-image-224\" src=\"https:\/\/linmot.com\/it\/wp-content\/uploads\/sites\/4\/2017\/11\/LinMot-Solutions-Hadling-Assembling-Industry.jpg\" alt=\"\" width=\"940\" height=\"300\" srcset=\"https:\/\/linmot.com\/it\/wp-content\/uploads\/sites\/4\/2017\/11\/LinMot-Solutions-Hadling-Assembling-Industry.jpg 940w, https:\/\/linmot.com\/it\/wp-content\/uploads\/sites\/4\/2017\/11\/LinMot-Solutions-Hadling-Assembling-Industry-300x96.jpg 300w, https:\/\/linmot.com\/it\/wp-content\/uploads\/sites\/4\/2017\/11\/LinMot-Solutions-Hadling-Assembling-Industry-768x245.jpg 768w\" sizes=\"auto, (max-width: 940px) 100vw, 940px\" \/>\n<p>Nella concorrenza globalizzata, il fattore \u201ctime-to-market\u201d ha assunto un&#8217;importanza primaria. I cicli di innovazione pi\u00f9 brevi e l\u2019incremento della variet\u00e0 dei modelli sono le maggiori sfide che ci troviamo ad affrontare. Per soddisfare questi requisiti, \u00e8 necessario avere un sistema di produzione flessibile, con soluzioni intelligenti per l\u2019automazione.<\/p>\n<p>L\u2019approccio migliore per ottenere sistemi di produzione efficienti \u00e8 costituito da sistemi modulari in cui gli elementi possono essere riconfigurati con facilit\u00e0. L\u2019integrazione di moduli aggiuntivi con nuove funzionalit\u00e0 nelle linee esistenti deve essere facilmente implementata, in modo tale da aumentare la possibilit\u00e0 di riutilizzo dello stabilimento di produzione. Oltre alla maggiore elasticit\u00e0, uno stabilimento moderno richiede la massima velocit\u00e0 di produzione e la tracciabilit\u00e0 sicura, sotto forma di documentazione elettronica completa del processo.<\/p>\n<p>Disponendo di <a href=\"https:\/\/linmot.com\/it\/prodotti\/motori-lineari\/\">motori lineari<\/a> liberamente programmabili e altamente dinamici, il progettista \u00e8 in grado di definire i componenti ottimali per un macchinario moderno.<\/p>\n<p>Numerose applicazioni che sono gi\u00e0 state implementate dimostrano che la tecnologia di azionamento LinMot pu\u00f2 aumentare significativamente la produttivit\u00e0 e la flessibilit\u00e0 dei sistemi di assemblaggio e movimentazione, e la tecnologia plug&amp;play riduce significativamente i tempi di messa in servizio. La gamma di applicazioni comprende tutti i compiti di azionamento concepibili.<\/p>\n<p>L\u2019ambito delle applicazioni copre tutti i possibili compiti dei dispositivi:<\/p>\n<div class=\"row\">\n<div class=\"col-sm-4\">\n<ul>\n<li>Alimentatori<\/li>\n<li>Sistemi di trasferimento<\/li>\n<li>Modulo per prelievo e posizionamento<\/li>\n<li>Unit\u00e0 di pallettizzazione<\/li>\n<li>Unit\u00e0 per impilare<\/li>\n<li>Banchi XY<\/li>\n<\/ul>\n<\/div>\n<div class=\"col-sm-4\">\n<ul>\n<li>Pressatura di precisione<\/li>\n<li>Sistemi di cernita<\/li>\n<li>Avvitatori automatici<\/li>\n<li>Unit\u00e0 di misurazione<\/li>\n<li>Postazioni di incollaggio<\/li>\n<li>Garanzia di qualit\u00e0<\/li>\n<\/ul>\n<\/div>\n<div class=\"col-sm-4\">\n<ul>\n<li>Attrezzature per test<\/li>\n<li>Posizionamento di macchine fotografiche<\/li>\n<li>Posizionamento dell\u2019illuminazione<\/li>\n<li>ecc.<\/li>\n<\/ul>\n<\/div>\n<\/div>\n<hr \/>\n<h2>Applicazioni realizzate nell\u2019industria manipolazione e l&#8217;assemblaggio<\/h2>\n<div class=\"row download\">\n<div class=\"col-md-3\">\n<h4 class=\"download-title\">Pick&amp;Place con tecnologia a trazione diretta<\/h4>\n<p class=\"bodytext\" align=\"justify\">Flessibile e veloce come un fulmine: con gli azionamenti elettrici diretti si possono realizzare moduli pick-and-place che lavorano in modo particolarmente efficiente, preciso e dinamico. Inoltre, possono essere utilizzati in modo pi\u00f9 flessibile, sono pi\u00f9 compatti e richiedono meno montaggio e manutenzione dei loro omologhi con azionamenti pneumatici o a camme.<\/p>\n<p><a class=\"button\" href=\"\/it\/blog\/pickplace-con-tecnologia-a-trazione-diretta\/\">Maggiori informazioni<\/a><br \/>\n<\/div>\n<div class=\"col-md-2\">\n<img loading=\"lazy\" decoding=\"async\" class=\"alignnone wp-image-3295 size-full\" src=\"https:\/\/linmot.com\/wp-content\/uploads\/2022\/08\/pick-and-place-with-direct-drive-technology-application-report.jpg\" alt=\"\" width=\"220\" height=\"220\" \/><br \/>\n<\/div>\n<div class=\"col-md-2\">\n<\/div>\n<div class=\"col-md-3\">\n<h4 class=\"download-title\">Gardena si proietta nel futuro dell\u2019acqua grazie a LinMot<\/h4>\n<p class=\"bodytext\" align=\"justify\">Basti pensare al tagliaerba a batteria del 1973 o al computer per l\u2019irrigazione degli anni \u201980: GARDENA ha sempre dimostrato di essere un innovatore particolarmente sostenibile. Con la tecnologia di sollevamento rotativo e lineare all\u2019avanguardia dello specialista di azionamenti LinMot, GARDENA \u00e8 riuscita a ridefinire la precisione, la velocit\u00e0 e la sostenibilit\u00e0 dei suoi impianti di produzione.<\/p>\n<p><a class=\"button\" href=\"\/it\/blog\/gardena-si-proietta-nel-futuro-dellacqua-grazie-a-linmot\/\">Maggiori informazioni<\/a><br \/>\n<\/div>\n<div class=\"col-md-2\">\n<img loading=\"lazy\" decoding=\"async\" class=\"aligncenter wp-image-4450 size-full\" src=\"https:\/\/linmot.com\/de\/wp-content\/uploads\/sites\/2\/2023\/07\/gardena-vorschau.jpg\" alt=\"\" width=\"220\" height=\"220\" \/><br \/>\n<\/div>\n<\/div>\n<div class=\"row download\">\n<div class=\"col-md-3\">\n<h4 class=\"download-title\">Innovare le pinze dei robot<\/h4>\n<p class=\"bodytext\" align=\"justify\">Passando dai cilindri pneumatici ai motori lineari, il costruttore di macchine e impianti Keller HCW \u00e8 riuscito a sviluppare un&#8217;innovazione nel campo delle pinze robotizzate universalmente applicabili con un carico utile elevato, in grado di afferrare, separare e spostare prodotti sensibili in modo sicuro e delicato.<\/p>\n<p><a class=\"button\" href=\"\/it\/blog\/i-motori-lineari-consentono-di-innovare-le-pinze-dei-robot\/\">Maggiori informazioni<\/a><br \/>\n<\/div>\n<div class=\"col-md-2\">\n<img loading=\"lazy\" decoding=\"async\" class=\"alignnone wp-image-3297 size-full\" src=\"https:\/\/linmot.com\/de\/wp-content\/uploads\/sites\/2\/2023\/02\/vorschau-robotergreifer.jpg\" alt=\"\" width=\"220\" height=\"220\" \/><br \/>\n<\/div>\n<\/div>\n","protected":false},"excerpt":{"rendered":"<p>Con i motori lineari liberamente programmabili e altamente dinamici, l&#8217;ingegnere d&#8217;impianto trova i componenti ottimali per una macchina di produzione moderna che pu\u00f2 facilmente sopportare i requisiti applicabili. Nella concorrenza globalizzata, il fattore \u201ctime-to-market\u201d ha assunto un&#8217;importanza primaria. I cicli di innovazione pi\u00f9 brevi e l\u2019incremento della variet\u00e0 dei modelli sono le maggiori sfide che [&hellip;]<\/p>\n","protected":false},"author":1,"featured_media":0,"parent":8,"menu_order":70,"comment_status":"closed","ping_status":"closed","template":"","meta":{"_acf_changed":false,"footnotes":""},"class_list":["post-223","page","type-page","status-publish","hentry"],"acf":[],"yoast_head":"<!-- This site is optimized with the Yoast SEO Premium plugin v20.9 (Yoast SEO v27.2) - https:\/\/yoast.com\/product\/yoast-seo-premium-wordpress\/ -->\n<title>Manipolazione e assemblaggio - Pick&#039;n&#039;Place, assemblaggio<\/title>\n<meta name=\"description\" content=\"Dalla manipolazione al montaggio: il direttore dell&#039;impianto trover\u00e0 i migliori componenti per una macchina di produzione moderna, a bassa manutenzione e senza aria compressa.\" \/>\n<meta name=\"robots\" content=\"index, follow, max-snippet:-1, max-image-preview:large, max-video-preview:-1\" \/>\n<link rel=\"canonical\" href=\"https:\/\/linmot.com\/it\/soluzioni-industriali\/manipolazione-e-assemblaggio\/\" \/>\n<meta property=\"og:locale\" content=\"it_IT\" \/>\n<meta property=\"og:type\" content=\"article\" \/>\n<meta property=\"og:title\" content=\"Manipolazione e assemblaggio - Pick&#039;n&#039;Place, assemblaggio\" \/>\n<meta property=\"og:description\" content=\"Dalla manipolazione al montaggio: il direttore dell&#039;impianto trover\u00e0 i migliori componenti per una macchina di produzione moderna, a bassa manutenzione e senza aria compressa.\" \/>\n<meta property=\"og:url\" content=\"https:\/\/linmot.com\/it\/soluzioni-industriali\/manipolazione-e-assemblaggio\/\" \/>\n<meta property=\"og:site_name\" content=\"LinMot e MagSpring - Italiano\" \/>\n<meta property=\"article:modified_time\" content=\"2024-07-08T09:11:19+00:00\" \/>\n<meta property=\"og:image\" content=\"https:\/\/linmot.com\/it\/wp-content\/uploads\/sites\/4\/2017\/11\/LinMot-Solutions-Hadling-Assembling-Industry.jpg\" \/>\n\t<meta property=\"og:image:width\" content=\"940\" \/>\n\t<meta property=\"og:image:height\" content=\"300\" \/>\n\t<meta property=\"og:image:type\" content=\"image\/jpeg\" \/>\n<meta name=\"twitter:card\" content=\"summary_large_image\" \/>\n<meta name=\"twitter:title\" content=\"Manipolazione e assemblaggio - Pick&#039;n&#039;Place, assemblaggio\" \/>\n<meta name=\"twitter:description\" content=\"Dalla manipolazione al montaggio: il direttore dell&#039;impianto trover\u00e0 i migliori componenti per una macchina di produzione moderna, a bassa manutenzione e senza aria compressa.\" \/>\n<meta name=\"twitter:image\" content=\"https:\/\/linmot.com\/it\/wp-content\/uploads\/sites\/4\/2017\/11\/LinMot-Solutions-Hadling-Assembling-Industry.jpg\" \/>\n<meta name=\"twitter:label1\" content=\"Tempo di lettura stimato\" \/>\n\t<meta name=\"twitter:data1\" content=\"4 minuti\" \/>\n<script type=\"application\/ld+json\" class=\"yoast-schema-graph\">{\"@context\":\"https:\/\/schema.org\",\"@graph\":[{\"@type\":\"WebPage\",\"@id\":\"https:\/\/linmot.com\/it\/soluzioni-industriali\/manipolazione-e-assemblaggio\/\",\"url\":\"https:\/\/linmot.com\/it\/soluzioni-industriali\/manipolazione-e-assemblaggio\/\",\"name\":\"Manipolazione e assemblaggio - Pick'n'Place, assemblaggio\",\"isPartOf\":{\"@id\":\"https:\/\/linmot.com\/it\/#website\"},\"primaryImageOfPage\":{\"@id\":\"https:\/\/linmot.com\/it\/soluzioni-industriali\/manipolazione-e-assemblaggio\/#primaryimage\"},\"image\":{\"@id\":\"https:\/\/linmot.com\/it\/soluzioni-industriali\/manipolazione-e-assemblaggio\/#primaryimage\"},\"thumbnailUrl\":\"https:\/\/linmot.com\/it\/wp-content\/uploads\/sites\/4\/2017\/11\/LinMot-Solutions-Hadling-Assembling-Industry.jpg\",\"datePublished\":\"2017-11-07T14:29:07+00:00\",\"dateModified\":\"2024-07-08T09:11:19+00:00\",\"description\":\"Dalla manipolazione al montaggio: il direttore dell'impianto trover\u00e0 i migliori componenti per una macchina di produzione moderna, a bassa manutenzione e senza aria compressa.\",\"breadcrumb\":{\"@id\":\"https:\/\/linmot.com\/it\/soluzioni-industriali\/manipolazione-e-assemblaggio\/#breadcrumb\"},\"inLanguage\":\"it-IT\",\"potentialAction\":[{\"@type\":\"ReadAction\",\"target\":[\"https:\/\/linmot.com\/it\/soluzioni-industriali\/manipolazione-e-assemblaggio\/\"]}]},{\"@type\":\"ImageObject\",\"inLanguage\":\"it-IT\",\"@id\":\"https:\/\/linmot.com\/it\/soluzioni-industriali\/manipolazione-e-assemblaggio\/#primaryimage\",\"url\":\"https:\/\/linmot.com\/it\/wp-content\/uploads\/sites\/4\/2017\/11\/LinMot-Solutions-Hadling-Assembling-Industry.jpg\",\"contentUrl\":\"https:\/\/linmot.com\/it\/wp-content\/uploads\/sites\/4\/2017\/11\/LinMot-Solutions-Hadling-Assembling-Industry.jpg\",\"width\":940,\"height\":300,\"caption\":\"\"},{\"@type\":\"BreadcrumbList\",\"@id\":\"https:\/\/linmot.com\/it\/soluzioni-industriali\/manipolazione-e-assemblaggio\/#breadcrumb\",\"itemListElement\":[{\"@type\":\"ListItem\",\"position\":1,\"name\":\"Home\",\"item\":\"https:\/\/linmot.com\/it\/\"},{\"@type\":\"ListItem\",\"position\":2,\"name\":\"Soluzioni industriali\",\"item\":\"https:\/\/linmot.com\/it\/soluzioni-industriali\/\"},{\"@type\":\"ListItem\",\"position\":3,\"name\":\"Manipolazione e assemblaggio\"}]},{\"@type\":\"WebSite\",\"@id\":\"https:\/\/linmot.com\/it\/#website\",\"url\":\"https:\/\/linmot.com\/it\/\",\"name\":\"LinMot e MagSpring - Italiano\",\"description\":\"Motori lineari e sistemi di motori lineari di alta qualit\u00e0\",\"publisher\":{\"@id\":\"https:\/\/linmot.com\/it\/#organization\"},\"potentialAction\":[{\"@type\":\"SearchAction\",\"target\":{\"@type\":\"EntryPoint\",\"urlTemplate\":\"https:\/\/linmot.com\/it\/?s={search_term_string}\"},\"query-input\":{\"@type\":\"PropertyValueSpecification\",\"valueRequired\":true,\"valueName\":\"search_term_string\"}}],\"inLanguage\":\"it-IT\"},{\"@type\":\"Organization\",\"@id\":\"https:\/\/linmot.com\/it\/#organization\",\"name\":\"NTI AG - LinMot & MagSpring\",\"url\":\"https:\/\/linmot.com\/it\/\",\"logo\":{\"@type\":\"ImageObject\",\"inLanguage\":\"it-IT\",\"@id\":\"https:\/\/linmot.com\/it\/#\/schema\/logo\/image\/\",\"url\":\"https:\/\/linmot.com\/it\/wp-content\/uploads\/sites\/4\/2022\/05\/linmot-social-share-logo.jpg\",\"contentUrl\":\"https:\/\/linmot.com\/it\/wp-content\/uploads\/sites\/4\/2022\/05\/linmot-social-share-logo.jpg\",\"width\":800,\"height\":500,\"caption\":\"NTI AG - LinMot & MagSpring\"},\"image\":{\"@id\":\"https:\/\/linmot.com\/it\/#\/schema\/logo\/image\/\"},\"sameAs\":[\"https:\/\/www.linkedin.com\/company\/pamoco-spa\/\",\"https:\/\/www.youtube.com\/user\/LinMotEurope\"]}]}<\/script>\n<!-- \/ Yoast SEO Premium plugin. -->","yoast_head_json":{"title":"Manipolazione e assemblaggio - Pick'n'Place, assemblaggio","description":"Dalla manipolazione al montaggio: il direttore dell'impianto trover\u00e0 i migliori componenti per una macchina di produzione moderna, a bassa manutenzione e senza aria compressa.","robots":{"index":"index","follow":"follow","max-snippet":"max-snippet:-1","max-image-preview":"max-image-preview:large","max-video-preview":"max-video-preview:-1"},"canonical":"https:\/\/linmot.com\/it\/soluzioni-industriali\/manipolazione-e-assemblaggio\/","og_locale":"it_IT","og_type":"article","og_title":"Manipolazione e assemblaggio - Pick'n'Place, assemblaggio","og_description":"Dalla manipolazione al montaggio: il direttore dell'impianto trover\u00e0 i migliori componenti per una macchina di produzione moderna, a bassa manutenzione e senza aria compressa.","og_url":"https:\/\/linmot.com\/it\/soluzioni-industriali\/manipolazione-e-assemblaggio\/","og_site_name":"LinMot e MagSpring - Italiano","article_modified_time":"2024-07-08T09:11:19+00:00","og_image":[{"width":940,"height":300,"url":"https:\/\/linmot.com\/it\/wp-content\/uploads\/sites\/4\/2017\/11\/LinMot-Solutions-Hadling-Assembling-Industry.jpg","type":"image\/jpeg"}],"twitter_card":"summary_large_image","twitter_title":"Manipolazione e assemblaggio - Pick'n'Place, assemblaggio","twitter_description":"Dalla manipolazione al montaggio: il direttore dell'impianto trover\u00e0 i migliori componenti per una macchina di produzione moderna, a bassa manutenzione e senza aria compressa.","twitter_image":"https:\/\/linmot.com\/it\/wp-content\/uploads\/sites\/4\/2017\/11\/LinMot-Solutions-Hadling-Assembling-Industry.jpg","twitter_misc":{"Tempo di lettura stimato":"4 minuti"},"schema":{"@context":"https:\/\/schema.org","@graph":[{"@type":"WebPage","@id":"https:\/\/linmot.com\/it\/soluzioni-industriali\/manipolazione-e-assemblaggio\/","url":"https:\/\/linmot.com\/it\/soluzioni-industriali\/manipolazione-e-assemblaggio\/","name":"Manipolazione e assemblaggio - Pick'n'Place, assemblaggio","isPartOf":{"@id":"https:\/\/linmot.com\/it\/#website"},"primaryImageOfPage":{"@id":"https:\/\/linmot.com\/it\/soluzioni-industriali\/manipolazione-e-assemblaggio\/#primaryimage"},"image":{"@id":"https:\/\/linmot.com\/it\/soluzioni-industriali\/manipolazione-e-assemblaggio\/#primaryimage"},"thumbnailUrl":"https:\/\/linmot.com\/it\/wp-content\/uploads\/sites\/4\/2017\/11\/LinMot-Solutions-Hadling-Assembling-Industry.jpg","datePublished":"2017-11-07T14:29:07+00:00","dateModified":"2024-07-08T09:11:19+00:00","description":"Dalla manipolazione al montaggio: il direttore dell'impianto trover\u00e0 i migliori componenti per una macchina di produzione moderna, a bassa manutenzione e senza aria compressa.","breadcrumb":{"@id":"https:\/\/linmot.com\/it\/soluzioni-industriali\/manipolazione-e-assemblaggio\/#breadcrumb"},"inLanguage":"it-IT","potentialAction":[{"@type":"ReadAction","target":["https:\/\/linmot.com\/it\/soluzioni-industriali\/manipolazione-e-assemblaggio\/"]}]},{"@type":"ImageObject","inLanguage":"it-IT","@id":"https:\/\/linmot.com\/it\/soluzioni-industriali\/manipolazione-e-assemblaggio\/#primaryimage","url":"https:\/\/linmot.com\/it\/wp-content\/uploads\/sites\/4\/2017\/11\/LinMot-Solutions-Hadling-Assembling-Industry.jpg","contentUrl":"https:\/\/linmot.com\/it\/wp-content\/uploads\/sites\/4\/2017\/11\/LinMot-Solutions-Hadling-Assembling-Industry.jpg","width":940,"height":300,"caption":""},{"@type":"BreadcrumbList","@id":"https:\/\/linmot.com\/it\/soluzioni-industriali\/manipolazione-e-assemblaggio\/#breadcrumb","itemListElement":[{"@type":"ListItem","position":1,"name":"Home","item":"https:\/\/linmot.com\/it\/"},{"@type":"ListItem","position":2,"name":"Soluzioni industriali","item":"https:\/\/linmot.com\/it\/soluzioni-industriali\/"},{"@type":"ListItem","position":3,"name":"Manipolazione e assemblaggio"}]},{"@type":"WebSite","@id":"https:\/\/linmot.com\/it\/#website","url":"https:\/\/linmot.com\/it\/","name":"LinMot e MagSpring - Italiano","description":"Motori lineari e sistemi di motori lineari di alta qualit\u00e0","publisher":{"@id":"https:\/\/linmot.com\/it\/#organization"},"potentialAction":[{"@type":"SearchAction","target":{"@type":"EntryPoint","urlTemplate":"https:\/\/linmot.com\/it\/?s={search_term_string}"},"query-input":{"@type":"PropertyValueSpecification","valueRequired":true,"valueName":"search_term_string"}}],"inLanguage":"it-IT"},{"@type":"Organization","@id":"https:\/\/linmot.com\/it\/#organization","name":"NTI AG - LinMot & MagSpring","url":"https:\/\/linmot.com\/it\/","logo":{"@type":"ImageObject","inLanguage":"it-IT","@id":"https:\/\/linmot.com\/it\/#\/schema\/logo\/image\/","url":"https:\/\/linmot.com\/it\/wp-content\/uploads\/sites\/4\/2022\/05\/linmot-social-share-logo.jpg","contentUrl":"https:\/\/linmot.com\/it\/wp-content\/uploads\/sites\/4\/2022\/05\/linmot-social-share-logo.jpg","width":800,"height":500,"caption":"NTI AG - LinMot & MagSpring"},"image":{"@id":"https:\/\/linmot.com\/it\/#\/schema\/logo\/image\/"},"sameAs":["https:\/\/www.linkedin.com\/company\/pamoco-spa\/","https:\/\/www.youtube.com\/user\/LinMotEurope"]}]}},"_links":{"self":[{"href":"https:\/\/linmot.com\/it\/wp-json\/wp\/v2\/pages\/223","targetHints":{"allow":["GET"]}}],"collection":[{"href":"https:\/\/linmot.com\/it\/wp-json\/wp\/v2\/pages"}],"about":[{"href":"https:\/\/linmot.com\/it\/wp-json\/wp\/v2\/types\/page"}],"author":[{"embeddable":true,"href":"https:\/\/linmot.com\/it\/wp-json\/wp\/v2\/users\/1"}],"replies":[{"embeddable":true,"href":"https:\/\/linmot.com\/it\/wp-json\/wp\/v2\/comments?post=223"}],"version-history":[{"count":15,"href":"https:\/\/linmot.com\/it\/wp-json\/wp\/v2\/pages\/223\/revisions"}],"predecessor-version":[{"id":3518,"href":"https:\/\/linmot.com\/it\/wp-json\/wp\/v2\/pages\/223\/revisions\/3518"}],"up":[{"embeddable":true,"href":"https:\/\/linmot.com\/it\/wp-json\/wp\/v2\/pages\/8"}],"wp:attachment":[{"href":"https:\/\/linmot.com\/it\/wp-json\/wp\/v2\/media?parent=223"}],"curies":[{"name":"wp","href":"https:\/\/api.w.org\/{rel}","templated":true}]}}