{"id":216,"date":"2017-11-07T15:25:11","date_gmt":"2017-11-07T14:25:11","guid":{"rendered":"https:\/\/linmot.com\/?page_id=216"},"modified":"2024-07-08T11:11:48","modified_gmt":"2024-07-08T09:11:48","slug":"imballaggio","status":"publish","type":"page","link":"https:\/\/linmot.com\/it\/soluzioni-industriali\/imballaggio\/","title":{"rendered":"Imballaggio"},"content":{"rendered":"<p><strong>Sono necessari motori precisi e sensibili per confezionare dispositivi sensibili.<\/strong><\/p>\n<img loading=\"lazy\" decoding=\"async\" class=\"aligncenter wp-image-218 size-full\" src=\"https:\/\/linmot.com\/it\/wp-content\/uploads\/sites\/4\/2017\/11\/LinMot-Solutions-Packaging-Industry.jpg\" alt=\"Imballaggio\" width=\"940\" height=\"300\" srcset=\"https:\/\/linmot.com\/it\/wp-content\/uploads\/sites\/4\/2017\/11\/LinMot-Solutions-Packaging-Industry.jpg 940w, https:\/\/linmot.com\/it\/wp-content\/uploads\/sites\/4\/2017\/11\/LinMot-Solutions-Packaging-Industry-300x96.jpg 300w, https:\/\/linmot.com\/it\/wp-content\/uploads\/sites\/4\/2017\/11\/LinMot-Solutions-Packaging-Industry-768x245.jpg 768w\" sizes=\"auto, (max-width: 940px) 100vw, 940px\" \/>\n<p>L\u2019imballaggio \u00e8 un aspetto indispensabile della vita quotidiana. L\u2019ampia gamma di prodotti che incontriamo ogni giorno comporta la necessit\u00e0 di utilizzare una grande variet\u00e0 di imballaggi. Non contano solo la funzionalit\u00e0 e il design della confezione, ma anche la tecnologia di produzione. Essa, infatti, deve essere fattibile e caratterizzata da costi adeguati. Per migliorare questi requisiti, sono richiesti macchinari innovativi, flessibili e completamente automatizzati.<\/p>\n<blockquote><p>Con la tecnologia lineare LinMot, questi dispositivi possono essere equipaggiati in modo alquanto efficace<\/p><\/blockquote>\n<p>I dispositivi di trasmissione altamente dinamici e duraturi garantiscono un&#8217;elevata produttivit\u00e0 e disponibilit\u00e0. Gli elementi programmabili possono essere adattati rapidamente a nuovi prodotti e nuovi tipi di imballaggio con la sola pressione di un pulsante, e garantiscono il continuo monitoraggio dei parametri di movimento.<\/p>\n<p>Le tante applicazioni gi\u00e0 implementate nell\u2019industria degli imballaggi dimostrano che la tecnologia LinMot aumenta significativamente la velocit\u00e0 di produzione e la flessibilit\u00e0 dei macchinari.<\/p>\n<div class=\"row\">\n<div class=\"col-sm-4\">\n<ul>\n<li>Inserimento<\/li>\n<li>Alimentazione<\/li>\n<li>Sistemi di guida<\/li>\n<\/ul>\n<\/div>\n<div class=\"col-sm-4\">\n<ul>\n<li>Imballaggio in confezioni di cartone<\/li>\n<li>Chiusura ermetica<\/li>\n<li>Etichettatura<\/li>\n<\/ul>\n<\/div>\n<div class=\"col-sm-4\">\n<ul>\n<li>Scarico<\/li>\n<li>Scarto<\/li>\n<li>ecc.<\/li>\n<\/ul>\n<\/div>\n<\/div>\n<p>In molte di queste applicazioni, i motori lineari <a href=\"\/it\/soluzioni-industriali\/sostituzione-dei-dispositivi-pneumatici-da-parte-dei-motori-lineari-industriali\/\">sostituiscono i cilindri pneumatici<\/a>, in modo tale da rendere i macchinari e i sistemi pi\u00f9 flessibili, produttivi e affidabili, con una contemporanea riduzione del costo dell&#8217;energia per ogni confezione. Inoltre, ogni singola fase di confezionamento pu\u00f2 essere controllata e documentata con precisione attraverso il monitoraggio del processo. Questo garantisce la qualit\u00e0 del prodotto.<\/p>\n<p>Per i processi di imballaggio in cui c&#8217;\u00e8 un contatto diretto con il cibo, vengono offerti anche moduli complementari. Questi sono fatti interamente di acciaio inossidabile e utilizzano lubrificanti speciali approvati per gli alimenti. Poich\u00e9 gli azionamenti lineari sono generalmente privi di usura, non vengono rilasciate particelle di metallo nell&#8217;aria o sul cibo.<\/p>\n<hr \/>\n<h2>Applicazioni realizzate nell\u2019industria dell&#8217;imballaggio<\/h2>\n<div class=\"row download\">\n<div class=\"col-md-3\">\n<h4 class=\"download-title\">Il futuro dell\u2019imballaggio per le spedizioni<\/h4>\n<p class=\"bodytext\" align=\"justify\">Il commercio online \u00e8 in continua crescita. Per ogni ordine completato, viene attivato contemporaneamente un ordine di spedizione. Per offrire una soluzione ottimale in termini di sostenibilit\u00e0 e consumo di cartone, l\u2019azienda meccanica KRAFT ha sviluppato il \u201cKraft VPS100\u201d. In dotazione: motori lineari di LinMot.<\/p>\n<p><a class=\"button\" href=\"\/it\/blog\/il-futuro-dellimballaggio-per-le-spedizioni\/\">Maggiori informazioni<\/a><br \/>\n<\/div>\n<div class=\"col-md-2\">\n<img loading=\"lazy\" decoding=\"async\" class=\"alignnone wp-image-3295 size-full\" src=\"https:\/\/linmot.com\/wp-content\/uploads\/2022\/08\/future-of-shipping-packaging-application-report.jpg\" alt=\"\" width=\"220\" height=\"220\" \/><br \/>\n<\/div>\n<div class=\"col-md-2\">\n<\/div>\n<div class=\"col-md-3\">\n<h4 class=\"download-title\">La svolta per KR\u00d6NING con LinMot<\/h4>\n<p class=\"bodytext\" align=\"justify\">Gli sforzi per la sostenibilit\u00e0 devono iniziare gi\u00e0 con la progettazione di macchine che producono in modo sostenibile. Ecco perch\u00e9 i costruttori di macchine della Sassonia si affidano solo al meglio in termini di potenza, adattabilit\u00e0 e sostenibilit\u00e0 e utilizzano la soluzione di azionamento completa DM01 di LinMot nel loro nuovo sistema di montaggio di cartoni \u201cKKA\u201d.<\/p>\n<p><a class=\"button\" href=\"\/it\/blog\/transizione-negli-imballaggi-la-svolta-con-linmot\/\">Maggiori informazioni<\/a><br \/>\n<\/div>\n<div class=\"col-md-2\">\n<img loading=\"lazy\" decoding=\"async\" class=\"aligncenter size-full wp-image-4460\" src=\"https:\/\/linmot.com\/de\/wp-content\/uploads\/sites\/2\/2023\/08\/kroening-vorschau.jpg\" alt=\"\" width=\"220\" height=\"220\" \/><br \/>\n<\/div>\n<\/div>\n<div class=\"row download\">\n<div class=\"col-md-3\">\n<h4 class=\"download-title\">In linea con l\u2019industria 4.0<\/h4>\n<p class=\"bodytext\" align=\"justify\">Grazie ai motori diretti lift-and-turn, le operazioni di tappatura e riempimento possono essere eseguite in modo particolarmente dinamico e flessibile. Il rinomato produttore di macchine per il confezionamento OPTIMA li utilizza quindi nelle unit\u00e0 di tappatura delle sue macchine monoblocco e stand-alone. Un&#8217;altra ragione importante: i motori forniscono dati diretti sulle corse e sulle coppie effettivamente applicate per il controllo qualit\u00e0 continuo o per la successiva analisi del processo.<\/p>\n<p><a class=\"button\" href=\"\/it\/blog\/in-linea-con-lindustria-4-0\/\">Maggiori informazioni<\/a><br \/>\n<\/div>\n<div class=\"col-md-2\">\n<img loading=\"lazy\" decoding=\"async\" class=\"alignnone size-full wp-image-1765\" src=\"https:\/\/linmot.com\/de\/wp-content\/uploads\/sites\/2\/2023\/01\/vorschau-in-linie.jpg\" alt=\"\" width=\"220\" height=\"220\" \/><br \/>\n<\/div>\n<div class=\"col-md-2\">\n<\/div>\n<div class=\"col-md-3\">\n<h4 class=\"download-title\">Pieghe decorative<\/h4>\n<p class=\"bodytext\" align=\"justify\">Semplice piegatura con motori lineari. Garantire sempre risultati di confezionamento ottimali, anche quando le propriet\u00e0 del prodotto fluttuano e i tipi di prodotto cambiano frequentemente, \u00e8 una delle maggiori sfide che un costruttore di macchine deve affrontare. Alpenland Maschinenbau GmbH, in breve ALPMA, l\u2019ha affrontato e padroneggiato con successo.<\/p>\n<p><a class=\"button\" href=\"\/it\/blog\/pieghe-decorative\/\">Maggiori informazioni<\/a><br \/>\n<\/div>\n<div class=\"col-md-2\">\n<img loading=\"lazy\" decoding=\"async\" class=\"alignnone size-full wp-image-1765\" src=\"https:\/\/linmot.com\/de\/wp-content\/uploads\/sites\/2\/2023\/08\/vorschau-schmucke-falten.jpg\" alt=\"\" width=\"220\" height=\"220\" \/><br \/>\n<\/div>\n<\/div>\n","protected":false},"excerpt":{"rendered":"<p>Sono necessari motori precisi e sensibili per confezionare dispositivi sensibili. L\u2019imballaggio \u00e8 un aspetto indispensabile della vita quotidiana. L\u2019ampia gamma di prodotti che incontriamo ogni giorno comporta la necessit\u00e0 di utilizzare una grande variet\u00e0 di imballaggi. Non contano solo la funzionalit\u00e0 e il design della confezione, ma anche la tecnologia di produzione. Essa, infatti, deve [&hellip;]<\/p>\n","protected":false},"author":1,"featured_media":0,"parent":8,"menu_order":75,"comment_status":"closed","ping_status":"closed","template":"","meta":{"_acf_changed":false,"footnotes":""},"class_list":["post-216","page","type-page","status-publish","hentry"],"acf":[],"yoast_head":"<!-- This site is optimized with the Yoast SEO Premium plugin v20.9 (Yoast SEO v27.3) - https:\/\/yoast.com\/product\/yoast-seo-premium-wordpress\/ -->\n<title>Imballaggio - alimentazione, cartonaggio, etichettatura | LinMot<\/title>\n<meta name=\"description\" content=\"Con la tecnologia lineare LinMot, il vostro imballaggio \u00e8 innovativo, flessibile e completamente automatizzato. \u00c8 anche liberamente posizionabile e dinamico.\" \/>\n<meta name=\"robots\" content=\"index, follow, max-snippet:-1, max-image-preview:large, max-video-preview:-1\" \/>\n<link rel=\"canonical\" href=\"https:\/\/linmot.com\/it\/soluzioni-industriali\/imballaggio\/\" \/>\n<meta property=\"og:locale\" content=\"it_IT\" \/>\n<meta property=\"og:type\" content=\"article\" \/>\n<meta property=\"og:title\" content=\"Imballaggio - alimentazione, cartonaggio, etichettatura | LinMot\" \/>\n<meta property=\"og:description\" content=\"Con la tecnologia lineare LinMot, il vostro imballaggio \u00e8 innovativo, flessibile e completamente automatizzato. \u00c8 anche liberamente posizionabile e dinamico.\" \/>\n<meta property=\"og:url\" content=\"https:\/\/linmot.com\/it\/soluzioni-industriali\/imballaggio\/\" \/>\n<meta property=\"og:site_name\" content=\"LinMot e MagSpring - Italiano\" \/>\n<meta property=\"article:modified_time\" content=\"2024-07-08T09:11:48+00:00\" \/>\n<meta property=\"og:image\" content=\"https:\/\/linmot.com\/it\/wp-content\/uploads\/sites\/4\/2017\/11\/LinMot-Solutions-Packaging-Industry.jpg\" \/>\n\t<meta property=\"og:image:width\" content=\"940\" \/>\n\t<meta property=\"og:image:height\" content=\"300\" \/>\n\t<meta property=\"og:image:type\" content=\"image\/jpeg\" \/>\n<meta name=\"twitter:card\" content=\"summary_large_image\" \/>\n<meta name=\"twitter:title\" content=\"Imballaggio - alimentazione, cartonaggio, etichettatura | LinMot\" \/>\n<meta name=\"twitter:description\" content=\"Con la tecnologia lineare LinMot, il vostro imballaggio \u00e8 innovativo, flessibile e completamente automatizzato. \u00c8 anche liberamente posizionabile e dinamico.\" \/>\n<meta name=\"twitter:image\" content=\"https:\/\/linmot.com\/it\/wp-content\/uploads\/sites\/4\/2017\/11\/LinMot-Solutions-Packaging-Industry.jpg\" \/>\n<meta name=\"twitter:label1\" content=\"Tempo di lettura stimato\" \/>\n\t<meta name=\"twitter:data1\" content=\"5 minuti\" \/>\n<script type=\"application\/ld+json\" class=\"yoast-schema-graph\">{\"@context\":\"https:\\\/\\\/schema.org\",\"@graph\":[{\"@type\":\"WebPage\",\"@id\":\"https:\\\/\\\/linmot.com\\\/it\\\/soluzioni-industriali\\\/imballaggio\\\/\",\"url\":\"https:\\\/\\\/linmot.com\\\/it\\\/soluzioni-industriali\\\/imballaggio\\\/\",\"name\":\"Imballaggio - alimentazione, cartonaggio, etichettatura | LinMot\",\"isPartOf\":{\"@id\":\"https:\\\/\\\/linmot.com\\\/it\\\/#website\"},\"primaryImageOfPage\":{\"@id\":\"https:\\\/\\\/linmot.com\\\/it\\\/soluzioni-industriali\\\/imballaggio\\\/#primaryimage\"},\"image\":{\"@id\":\"https:\\\/\\\/linmot.com\\\/it\\\/soluzioni-industriali\\\/imballaggio\\\/#primaryimage\"},\"thumbnailUrl\":\"https:\\\/\\\/linmot.com\\\/it\\\/wp-content\\\/uploads\\\/sites\\\/4\\\/2017\\\/11\\\/LinMot-Solutions-Packaging-Industry.jpg\",\"datePublished\":\"2017-11-07T14:25:11+00:00\",\"dateModified\":\"2024-07-08T09:11:48+00:00\",\"description\":\"Con la tecnologia lineare LinMot, il vostro imballaggio \u00e8 innovativo, flessibile e completamente automatizzato. \u00c8 anche liberamente posizionabile e dinamico.\",\"breadcrumb\":{\"@id\":\"https:\\\/\\\/linmot.com\\\/it\\\/soluzioni-industriali\\\/imballaggio\\\/#breadcrumb\"},\"inLanguage\":\"it-IT\",\"potentialAction\":[{\"@type\":\"ReadAction\",\"target\":[\"https:\\\/\\\/linmot.com\\\/it\\\/soluzioni-industriali\\\/imballaggio\\\/\"]}]},{\"@type\":\"ImageObject\",\"inLanguage\":\"it-IT\",\"@id\":\"https:\\\/\\\/linmot.com\\\/it\\\/soluzioni-industriali\\\/imballaggio\\\/#primaryimage\",\"url\":\"https:\\\/\\\/linmot.com\\\/it\\\/wp-content\\\/uploads\\\/sites\\\/4\\\/2017\\\/11\\\/LinMot-Solutions-Packaging-Industry.jpg\",\"contentUrl\":\"https:\\\/\\\/linmot.com\\\/it\\\/wp-content\\\/uploads\\\/sites\\\/4\\\/2017\\\/11\\\/LinMot-Solutions-Packaging-Industry.jpg\",\"width\":940,\"height\":300,\"caption\":\"\"},{\"@type\":\"BreadcrumbList\",\"@id\":\"https:\\\/\\\/linmot.com\\\/it\\\/soluzioni-industriali\\\/imballaggio\\\/#breadcrumb\",\"itemListElement\":[{\"@type\":\"ListItem\",\"position\":1,\"name\":\"Home\",\"item\":\"https:\\\/\\\/linmot.com\\\/it\\\/\"},{\"@type\":\"ListItem\",\"position\":2,\"name\":\"Soluzioni industriali\",\"item\":\"https:\\\/\\\/linmot.com\\\/it\\\/soluzioni-industriali\\\/\"},{\"@type\":\"ListItem\",\"position\":3,\"name\":\"Imballaggio\"}]},{\"@type\":\"WebSite\",\"@id\":\"https:\\\/\\\/linmot.com\\\/it\\\/#website\",\"url\":\"https:\\\/\\\/linmot.com\\\/it\\\/\",\"name\":\"LinMot e MagSpring - Italiano\",\"description\":\"Motori lineari e sistemi di motori lineari di alta qualit\u00e0\",\"publisher\":{\"@id\":\"https:\\\/\\\/linmot.com\\\/it\\\/#organization\"},\"potentialAction\":[{\"@type\":\"SearchAction\",\"target\":{\"@type\":\"EntryPoint\",\"urlTemplate\":\"https:\\\/\\\/linmot.com\\\/it\\\/?s={search_term_string}\"},\"query-input\":{\"@type\":\"PropertyValueSpecification\",\"valueRequired\":true,\"valueName\":\"search_term_string\"}}],\"inLanguage\":\"it-IT\"},{\"@type\":\"Organization\",\"@id\":\"https:\\\/\\\/linmot.com\\\/it\\\/#organization\",\"name\":\"NTI AG - LinMot & MagSpring\",\"url\":\"https:\\\/\\\/linmot.com\\\/it\\\/\",\"logo\":{\"@type\":\"ImageObject\",\"inLanguage\":\"it-IT\",\"@id\":\"https:\\\/\\\/linmot.com\\\/it\\\/#\\\/schema\\\/logo\\\/image\\\/\",\"url\":\"https:\\\/\\\/linmot.com\\\/it\\\/wp-content\\\/uploads\\\/sites\\\/4\\\/2022\\\/05\\\/linmot-social-share-logo.jpg\",\"contentUrl\":\"https:\\\/\\\/linmot.com\\\/it\\\/wp-content\\\/uploads\\\/sites\\\/4\\\/2022\\\/05\\\/linmot-social-share-logo.jpg\",\"width\":800,\"height\":500,\"caption\":\"NTI AG - LinMot & MagSpring\"},\"image\":{\"@id\":\"https:\\\/\\\/linmot.com\\\/it\\\/#\\\/schema\\\/logo\\\/image\\\/\"},\"sameAs\":[\"https:\\\/\\\/www.linkedin.com\\\/company\\\/pamoco-spa\\\/\",\"https:\\\/\\\/www.youtube.com\\\/user\\\/LinMotEurope\"]}]}<\/script>\n<!-- \/ Yoast SEO Premium plugin. -->","yoast_head_json":{"title":"Imballaggio - alimentazione, cartonaggio, etichettatura | LinMot","description":"Con la tecnologia lineare LinMot, il vostro imballaggio \u00e8 innovativo, flessibile e completamente automatizzato. \u00c8 anche liberamente posizionabile e dinamico.","robots":{"index":"index","follow":"follow","max-snippet":"max-snippet:-1","max-image-preview":"max-image-preview:large","max-video-preview":"max-video-preview:-1"},"canonical":"https:\/\/linmot.com\/it\/soluzioni-industriali\/imballaggio\/","og_locale":"it_IT","og_type":"article","og_title":"Imballaggio - alimentazione, cartonaggio, etichettatura | LinMot","og_description":"Con la tecnologia lineare LinMot, il vostro imballaggio \u00e8 innovativo, flessibile e completamente automatizzato. \u00c8 anche liberamente posizionabile e dinamico.","og_url":"https:\/\/linmot.com\/it\/soluzioni-industriali\/imballaggio\/","og_site_name":"LinMot e MagSpring - Italiano","article_modified_time":"2024-07-08T09:11:48+00:00","og_image":[{"width":940,"height":300,"url":"https:\/\/linmot.com\/it\/wp-content\/uploads\/sites\/4\/2017\/11\/LinMot-Solutions-Packaging-Industry.jpg","type":"image\/jpeg"}],"twitter_card":"summary_large_image","twitter_title":"Imballaggio - alimentazione, cartonaggio, etichettatura | LinMot","twitter_description":"Con la tecnologia lineare LinMot, il vostro imballaggio \u00e8 innovativo, flessibile e completamente automatizzato. \u00c8 anche liberamente posizionabile e dinamico.","twitter_image":"https:\/\/linmot.com\/it\/wp-content\/uploads\/sites\/4\/2017\/11\/LinMot-Solutions-Packaging-Industry.jpg","twitter_misc":{"Tempo di lettura stimato":"5 minuti"},"schema":{"@context":"https:\/\/schema.org","@graph":[{"@type":"WebPage","@id":"https:\/\/linmot.com\/it\/soluzioni-industriali\/imballaggio\/","url":"https:\/\/linmot.com\/it\/soluzioni-industriali\/imballaggio\/","name":"Imballaggio - alimentazione, cartonaggio, etichettatura | LinMot","isPartOf":{"@id":"https:\/\/linmot.com\/it\/#website"},"primaryImageOfPage":{"@id":"https:\/\/linmot.com\/it\/soluzioni-industriali\/imballaggio\/#primaryimage"},"image":{"@id":"https:\/\/linmot.com\/it\/soluzioni-industriali\/imballaggio\/#primaryimage"},"thumbnailUrl":"https:\/\/linmot.com\/it\/wp-content\/uploads\/sites\/4\/2017\/11\/LinMot-Solutions-Packaging-Industry.jpg","datePublished":"2017-11-07T14:25:11+00:00","dateModified":"2024-07-08T09:11:48+00:00","description":"Con la tecnologia lineare LinMot, il vostro imballaggio \u00e8 innovativo, flessibile e completamente automatizzato. \u00c8 anche liberamente posizionabile e dinamico.","breadcrumb":{"@id":"https:\/\/linmot.com\/it\/soluzioni-industriali\/imballaggio\/#breadcrumb"},"inLanguage":"it-IT","potentialAction":[{"@type":"ReadAction","target":["https:\/\/linmot.com\/it\/soluzioni-industriali\/imballaggio\/"]}]},{"@type":"ImageObject","inLanguage":"it-IT","@id":"https:\/\/linmot.com\/it\/soluzioni-industriali\/imballaggio\/#primaryimage","url":"https:\/\/linmot.com\/it\/wp-content\/uploads\/sites\/4\/2017\/11\/LinMot-Solutions-Packaging-Industry.jpg","contentUrl":"https:\/\/linmot.com\/it\/wp-content\/uploads\/sites\/4\/2017\/11\/LinMot-Solutions-Packaging-Industry.jpg","width":940,"height":300,"caption":""},{"@type":"BreadcrumbList","@id":"https:\/\/linmot.com\/it\/soluzioni-industriali\/imballaggio\/#breadcrumb","itemListElement":[{"@type":"ListItem","position":1,"name":"Home","item":"https:\/\/linmot.com\/it\/"},{"@type":"ListItem","position":2,"name":"Soluzioni industriali","item":"https:\/\/linmot.com\/it\/soluzioni-industriali\/"},{"@type":"ListItem","position":3,"name":"Imballaggio"}]},{"@type":"WebSite","@id":"https:\/\/linmot.com\/it\/#website","url":"https:\/\/linmot.com\/it\/","name":"LinMot e MagSpring - Italiano","description":"Motori lineari e sistemi di motori lineari di alta qualit\u00e0","publisher":{"@id":"https:\/\/linmot.com\/it\/#organization"},"potentialAction":[{"@type":"SearchAction","target":{"@type":"EntryPoint","urlTemplate":"https:\/\/linmot.com\/it\/?s={search_term_string}"},"query-input":{"@type":"PropertyValueSpecification","valueRequired":true,"valueName":"search_term_string"}}],"inLanguage":"it-IT"},{"@type":"Organization","@id":"https:\/\/linmot.com\/it\/#organization","name":"NTI AG - LinMot & MagSpring","url":"https:\/\/linmot.com\/it\/","logo":{"@type":"ImageObject","inLanguage":"it-IT","@id":"https:\/\/linmot.com\/it\/#\/schema\/logo\/image\/","url":"https:\/\/linmot.com\/it\/wp-content\/uploads\/sites\/4\/2022\/05\/linmot-social-share-logo.jpg","contentUrl":"https:\/\/linmot.com\/it\/wp-content\/uploads\/sites\/4\/2022\/05\/linmot-social-share-logo.jpg","width":800,"height":500,"caption":"NTI AG - LinMot & MagSpring"},"image":{"@id":"https:\/\/linmot.com\/it\/#\/schema\/logo\/image\/"},"sameAs":["https:\/\/www.linkedin.com\/company\/pamoco-spa\/","https:\/\/www.youtube.com\/user\/LinMotEurope"]}]}},"_links":{"self":[{"href":"https:\/\/linmot.com\/it\/wp-json\/wp\/v2\/pages\/216","targetHints":{"allow":["GET"]}}],"collection":[{"href":"https:\/\/linmot.com\/it\/wp-json\/wp\/v2\/pages"}],"about":[{"href":"https:\/\/linmot.com\/it\/wp-json\/wp\/v2\/types\/page"}],"author":[{"embeddable":true,"href":"https:\/\/linmot.com\/it\/wp-json\/wp\/v2\/users\/1"}],"replies":[{"embeddable":true,"href":"https:\/\/linmot.com\/it\/wp-json\/wp\/v2\/comments?post=216"}],"version-history":[{"count":17,"href":"https:\/\/linmot.com\/it\/wp-json\/wp\/v2\/pages\/216\/revisions"}],"predecessor-version":[{"id":3520,"href":"https:\/\/linmot.com\/it\/wp-json\/wp\/v2\/pages\/216\/revisions\/3520"}],"up":[{"embeddable":true,"href":"https:\/\/linmot.com\/it\/wp-json\/wp\/v2\/pages\/8"}],"wp:attachment":[{"href":"https:\/\/linmot.com\/it\/wp-json\/wp\/v2\/media?parent=216"}],"curies":[{"name":"wp","href":"https:\/\/api.w.org\/{rel}","templated":true}]}}