{"id":2155,"date":"2022-01-06T11:46:07","date_gmt":"2022-01-06T10:46:07","guid":{"rendered":"https:\/\/linmot.com\/it\/?page_id=2155"},"modified":"2024-08-28T16:43:59","modified_gmt":"2024-08-28T14:43:59","slug":"monitoraggio-dei-processi","status":"publish","type":"page","link":"https:\/\/linmot.com\/it\/prodotti\/servo-drives\/monitoraggio-dei-processi\/","title":{"rendered":"Monitoraggio dei processi"},"content":{"rendered":"<p><strong>Con la nuova applicazione &#8220;Monitoraggio dei processi&#8221;, LinMot sta facendo il prossimo passo verso Industria 4.0.<\/strong><\/p>\n<hr \/>\n<div class=\"row\">\n<div class=\"col-sm-2\">\n<p><a class=\"button\" href=\"#dettagli\">1. Dettagli<\/a><\/p>\n<\/div>\n<div class=\"col-sm-1\">\n<\/div>\n<div class=\"col-sm-2\">\n<p><a class=\"button\" href=\"#applicazione\">2. Applicazione<\/a><\/p>\n<\/div>\n<div class=\"col-sm-1\">\n<\/div>\n<div class=\"col-sm-2\">\n<p><a class=\"button\" href=\"#contatta\">3. Contatta<\/a><\/p>\n<\/div>\n<\/div>\n<hr \/>\n<h3 id=\"dettagli\">1. Dettagli<\/h3>\n<p align=\"justify\">Per aumentare la qualit\u00e0, per fare aggiustamenti rapidi del processo a causa di influenze esterne o per assicurare la tracciabilit\u00e0 di ogni singolo prodotto, \u00e8 necessario avere la migliore conoscenza possibile del processo attuale. Gli azionamenti LinMot sono caratterizzati da un tempo di ciclo molto veloce e possono quindi registrare singoli punti di misurazione con la massima frequenza di campionamento possibile. Questo d\u00e0 all&#8217;utente un quadro dettagliato del processo e, sulla base di questi dati, pu\u00f2 decidere se il processo \u00e8 riuscito o no.<\/p>\n<blockquote><p>&#8220;Il sistema di controllo non \u00e8 solo in grado di valutare il processo dopo che \u00e8 stato completato, ma anche di regolarlo &#8220;al volo&#8221; e reagire direttamente alle influenze del processo&#8221;<\/p><\/blockquote>\n<img loading=\"lazy\" decoding=\"async\" class=\"alignnone wp-image-2605 size-full\" src=\"https:\/\/linmot.com\/de\/wp-content\/uploads\/sites\/2\/2021\/11\/prozess-monitoring-visualisierung.jpg\" alt=\"Monitoraggio del processo\" width=\"1024\" height=\"684\" \/>\n<p align=\"justify\">Per mezzo del monitoraggio dei processi, l&#8217;utente pu\u00f2 monitorare il suo processo in modo semplice. Le variabili misurate decisive per il processo possono essere registrate e valutate. Oltre all&#8217;effettivo monitoraggio dei processi, questo pu\u00f2 anche garantire una qualit\u00e0 costante, elaborare i dati allo scopo di funzioni di analisi o anche implementare la manutenzione predittiva. Ci\u00f2 significa che nulla ostacola l&#8217;analisi dei dati secondo l&#8217;Industria 4.0, che \u00e8 sempre pi\u00f9 richiesta nell&#8217;ingegneria meccanica in particolare.<\/p>\n<blockquote><p>&#8220;Grazie al monitoraggio continuo del processo in tempo reale, ogni unit\u00e0 assemblata pu\u00f2 essere rintracciata&#8221;<\/p><\/blockquote>\n<div class=\"row\">\n<div class=\"col-md-7\">\n<h4 class=\"download-title\">I vantaggi del software di monitoraggio dei processi<\/h4>\n<ul>\n<li>Valutazione dei dati in tempo reale &#8211; indipendente dal tempo di ciclo del bus<\/li>\n<li>Valutazione e regolazione del processo a risposta rapida<\/li>\n<li>Comunicazione semplice con il PLC<\/li>\n<li>Ottimizzazione del vostro controllo di qualit\u00e0<\/li>\n<li>Analisi dei dati ad alto livello<\/li>\n<\/ul>\n<\/div>\n<div class=\"col-md-5\">\n<img loading=\"lazy\" decoding=\"async\" class=\"alignnone wp-image-2595 size-full\" src=\"https:\/\/linmot.com\/de\/wp-content\/uploads\/sites\/2\/2021\/11\/image001.jpg\" alt=\"I vantaggi del software di monitoraggio del processo\" width=\"221\" height=\"209\" \/>\n<p><strong>Monitoraggio di qualsiasi variabili possibile (figura sopra non esaustiva).<\/strong><br \/>\n<\/div>\n<\/div>\n<hr \/>\n<h3>Compatibile con il monitoraggio dei processi da fornitori terzi<\/h3>\n<div class=\"row\">\n<div class=\"col-md-7\">\n<p><strong>Monitoraggio flessibile del processo: i prodotti LinMot sono compatibili con sistemi di monitoraggio dei processi di terzi. Questo permette la valutazione di processi altamente dinamici al massimo livello.<\/strong><\/p>\n<ul>\n<li>Cooperazione tra LinMot e fornitori terzi<\/li>\n<li>Azionamento C1250-SC controllabile da un sistema terzo<\/li>\n<li>Valutazione dei dati in tempo reale<\/li>\n<li>Controlla la tua qualit\u00e0<\/li>\n<li>Controlla il tuo processo<\/li>\n<li>Controlla la tua applicazione<\/li>\n<li>Conosci il tuo processo<\/li>\n<\/ul>\n<\/div>\n<div class=\"col-md-5\">\n<div style=\"width: 394px;\" class=\"wp-video\"><video class=\"wp-video-shortcode\" id=\"video-2155-1\" width=\"394\" height=\"220\" preload=\"metadata\" controls=\"controls\"><source type=\"video\/mp4\" src=\"https:\/\/linmot.com\/de\/wp-content\/uploads\/sites\/2\/2021\/11\/Kistler-Video-Process-Monitoring_1.mp4?_=1\" \/><a href=\"https:\/\/linmot.com\/de\/wp-content\/uploads\/sites\/2\/2021\/11\/Kistler-Video-Process-Monitoring_1.mp4\">https:\/\/linmot.com\/de\/wp-content\/uploads\/sites\/2\/2021\/11\/Kistler-Video-Process-Monitoring_1.mp4<\/a><\/video><\/div>\n<\/div>\n<\/div>\n<p>&nbsp;<\/p>\n<p align=\"justify\">I sistemi di monitoraggio dei processi possono monitorare e valutare la qualit\u00e0 di un prodotto o di una fase di produzione sulla base di una curva XY. Con l&#8217;aiuto di elementi di valutazione, l&#8217;utente adatta la valutazione della curva al compito di monitoraggio individuale. In base a questa specifica, il sistema decide se \u00e8 buono o cattivo per ogni singolo pezzo.<\/p>\n<img loading=\"lazy\" decoding=\"async\" class=\"size-full wp-image-2667 aligncenter\" src=\"https:\/\/linmot.com\/de\/wp-content\/uploads\/sites\/2\/2022\/01\/process-monitoring-third-parties.jpg\" alt=\"\" width=\"605\" height=\"342\" \/>\n<p align=\"justify\">Applicazioni altamente dinamiche come l\u2019inserimento, il collaudo, l\u2019ispezione o l\u2019assemblaggio, ad esempio anche tramite l\u2019allestimento pick\u2019n\u2019place, possono essere facilmente controllate, monitorate, valutate e documentate in combinazione con i motori lineari LinMot e i relativi azionamenti della serie C1250-SC. Sulla base del profilo delle curve XY registrate, la qualit\u00e0 di ogni singolo passo di produzione, un assemblaggio o l\u2019intero prodotto pu\u00f2 essere monitorato e controllato in tempo reale.<\/p>\n<h3 id=\"applicazione\">2. Applicazione tipica<\/h3>\n<div class=\"row download\">\n<div class=\"col-md-3\">\n<h4 class=\"download-title\">Industria delle bevande 4.0<\/h4>\n<p class=\"bodytext\">Costruzioni ingombranti, bottiglie che si rovesciano e basse prestazioni della linea: tutto questo appartiene al passato. Gli sviluppi di Syscona Kontrollsysteme GmbH, sovvenzionati dallo Stato, insieme ai motori lineari di LinMot, aprono la strada a un cambiamento strutturale digitale e orientato alla domanda dei processi di produzione e controllo nell&#8217;industria delle bevande.<\/p>\n<p><a class=\"button\" href=\"\/it\/blog\/industria-delle-bevande-4-0-guidata-dalla-tecnologia-lineare-linmot\/\">All&#8217;articolo<\/a><br \/>\n<\/div>\n<div class=\"col-md-2\">\n<img loading=\"lazy\" decoding=\"async\" class=\"alignnone size-full wp-image-1765\" src=\"https:\/\/linmot.com\/de\/wp-content\/uploads\/sites\/2\/2023\/01\/vorschau-getraenkeindustrie-4_0.jpg\" alt=\"\" width=\"220\" height=\"220\" \/><br \/>\n<\/div>\n<\/div>\n<h3 id=\"contatta\">3. Contatta<\/h3>\n<div class=\"row download\">\n<div class=\"col-md-6\">\n<h4 class=\"download-title\">Domande sul monitoraggio dei processi?<\/h4>\n<p class=\"bodytext\">Saremo lieti di rispondere a qualsiasi domanda.<br \/>\nContattateci utilizzando il seguente modulo o chiamateci al seguente numero:<\/p>\n<p class=\"bodytext\">Tel: +41 (0)56 419 91 91<\/p>\n<p class=\"bodytext\">Il team LinMot<\/p>\n<\/div>\n<div class=\"col-md-1\">\n<\/div>\n<div class=\"col-md-5\">\n\n<div class=\"wpcf7 no-js\" id=\"wpcf7-f1805-o1\" lang=\"it-IT\" dir=\"ltr\" data-wpcf7-id=\"1805\">\n<div class=\"screen-reader-response\"><p role=\"status\" aria-live=\"polite\" aria-atomic=\"true\"><\/p> <ul><\/ul><\/div>\n<form action=\"\/it\/wp-json\/wp\/v2\/pages\/2155#wpcf7-f1805-o1\" method=\"post\" class=\"wpcf7-form init\" aria-label=\"Modulo di contatto\" novalidate=\"novalidate\" data-status=\"init\">\n<fieldset class=\"hidden-fields-container\"><input type=\"hidden\" name=\"_wpcf7\" value=\"1805\" \/><input type=\"hidden\" name=\"_wpcf7_version\" value=\"6.1.5\" \/><input type=\"hidden\" name=\"_wpcf7_locale\" value=\"it_IT\" \/><input type=\"hidden\" name=\"_wpcf7_unit_tag\" value=\"wpcf7-f1805-o1\" \/><input type=\"hidden\" name=\"_wpcf7_container_post\" value=\"0\" \/><input type=\"hidden\" name=\"_wpcf7_posted_data_hash\" value=\"\" \/><input type=\"hidden\" name=\"_wpcf7_recaptcha_response\" value=\"\" \/>\n<\/fieldset>\n<label>Il tuo nome<br>\n    <span class=\"wpcf7-form-control-wrap\" data-name=\"your-name\"><input size=\"40\" maxlength=\"400\" class=\"wpcf7-form-control wpcf7-text wpcf7-validates-as-required\" aria-required=\"true\" aria-invalid=\"false\" value=\"\" type=\"text\" name=\"your-name\" \/><\/span> <\/label>\n<br>\n<label>Azienda<br>\n    <span class=\"wpcf7-form-control-wrap\" data-name=\"your-company\"><input size=\"40\" maxlength=\"400\" class=\"wpcf7-form-control wpcf7-text wpcf7-validates-as-required\" aria-required=\"true\" aria-invalid=\"false\" value=\"\" type=\"text\" name=\"your-company\" \/><\/span> <\/label>\n<br>\n<label>Codice postale<br>\n    <span class=\"wpcf7-form-control-wrap\" data-name=\"your-plz\"><input class=\"wpcf7-form-control wpcf7-number wpcf7-validates-as-required wpcf7-validates-as-number\" aria-required=\"true\" aria-invalid=\"false\" value=\"\" type=\"number\" name=\"your-plz\" \/><\/span> <\/label>\n<br>\n<label>Paese<br>\n    <span class=\"wpcf7-form-control-wrap\" data-name=\"your-country\"><input size=\"40\" maxlength=\"400\" class=\"wpcf7-form-control wpcf7-text wpcf7-validates-as-required\" aria-required=\"true\" aria-invalid=\"false\" value=\"\" type=\"text\" name=\"your-country\" \/><\/span> <\/label>\n<br>\n<label>Numero di telefono<br>\n    <span class=\"wpcf7-form-control-wrap\" data-name=\"your-number\"><input size=\"40\" maxlength=\"400\" class=\"wpcf7-form-control wpcf7-tel wpcf7-validates-as-required wpcf7-text wpcf7-validates-as-tel\" aria-required=\"true\" aria-invalid=\"false\" value=\"\" type=\"tel\" name=\"your-number\" \/><\/span> <\/label>\n<br>\n<label>Email<br>\n    <span class=\"wpcf7-form-control-wrap\" data-name=\"your-email\"><input size=\"40\" maxlength=\"400\" class=\"wpcf7-form-control wpcf7-email wpcf7-validates-as-required wpcf7-text wpcf7-validates-as-email\" aria-required=\"true\" aria-invalid=\"false\" value=\"\" type=\"email\" name=\"your-email\" \/><\/span> <\/label>\n<br>\n<label> Il tuo messaggio<br>\n    <span class=\"wpcf7-form-control-wrap\" data-name=\"your-message\"><textarea cols=\"40\" rows=\"10\" maxlength=\"2000\" class=\"wpcf7-form-control wpcf7-textarea\" aria-invalid=\"false\" name=\"your-message\"><\/textarea><\/span> <\/label>\n<br>\n<input class=\"wpcf7-form-control wpcf7-submit has-spinner\" type=\"submit\" value=\"Invia\" \/><div class=\"wpcf7-response-output\" aria-hidden=\"true\"><\/div>\n<\/form>\n<\/div>\n\n<\/div>\n<\/div>\n","protected":false},"excerpt":{"rendered":"<p>Con la nuova applicazione &#8220;Monitoraggio dei processi&#8221;, LinMot sta facendo il prossimo passo verso Industria 4.0. 1. Dettagli Per aumentare la qualit\u00e0, per fare aggiustamenti rapidi del processo a causa di influenze esterne o per assicurare la tracciabilit\u00e0 di ogni singolo prodotto, \u00e8 necessario avere la migliore conoscenza possibile del processo attuale. Gli azionamenti LinMot [&hellip;]<\/p>\n","protected":false},"author":9,"featured_media":0,"parent":46,"menu_order":52,"comment_status":"closed","ping_status":"closed","template":"","meta":{"_acf_changed":false,"footnotes":""},"class_list":["post-2155","page","type-page","status-publish","hentry"],"acf":[],"yoast_head":"<!-- This site is optimized with the Yoast SEO Premium plugin v20.9 (Yoast SEO v27.2) - https:\/\/yoast.com\/product\/yoast-seo-premium-wordpress\/ -->\n<title>Monitoraggio dei processi - LinMot e MagSpring - Italiano<\/title>\n<meta name=\"description\" content=\"Con il &quot;Monitoraggio dei processi&quot; LinMot fa il prossimo passo verso l&#039;Industria 4.0. Per saperne di pi\u00f9.\" \/>\n<meta name=\"robots\" content=\"index, follow, max-snippet:-1, max-image-preview:large, max-video-preview:-1\" \/>\n<link rel=\"canonical\" href=\"https:\/\/linmot.com\/it\/prodotti\/servo-drives\/monitoraggio-dei-processi\/\" \/>\n<meta property=\"og:locale\" content=\"it_IT\" \/>\n<meta property=\"og:type\" content=\"article\" \/>\n<meta property=\"og:title\" content=\"Monitoraggio dei processi - LinMot e MagSpring - Italiano\" \/>\n<meta property=\"og:description\" content=\"Con il &quot;Monitoraggio del processo&quot; LinMot fa il prossimo passo verso l&#039;Industria 4.0. Per saperne di pi\u00f9 sul nostro Process Monitoring.\" \/>\n<meta property=\"og:url\" content=\"https:\/\/linmot.com\/it\/prodotti\/servo-drives\/monitoraggio-dei-processi\/\" \/>\n<meta property=\"og:site_name\" content=\"LinMot e MagSpring - Italiano\" \/>\n<meta property=\"article:modified_time\" content=\"2024-08-28T14:43:59+00:00\" \/>\n<meta property=\"og:image\" content=\"https:\/\/linmot.com\/de\/wp-content\/uploads\/sites\/2\/2021\/11\/prozess-monitoring-visualisierung.jpg\" \/>\n<meta name=\"twitter:card\" content=\"summary_large_image\" \/>\n<meta name=\"twitter:title\" content=\"Monitoraggio dei processi - LinMot e MagSpring - Italiano\" \/>\n<meta name=\"twitter:description\" content=\"Con il &quot;Monitoraggio del processo&quot; LinMot fa il prossimo passo verso l&#039;Industria 4.0. Per saperne di pi\u00f9 sul nostro Process Monitoring.\" \/>\n<meta name=\"twitter:label1\" content=\"Tempo di lettura stimato\" \/>\n\t<meta name=\"twitter:data1\" content=\"4 minuti\" \/>\n<script type=\"application\/ld+json\" class=\"yoast-schema-graph\">{\"@context\":\"https:\/\/schema.org\",\"@graph\":[{\"@type\":\"WebPage\",\"@id\":\"https:\/\/linmot.com\/it\/prodotti\/servo-drives\/monitoraggio-dei-processi\/\",\"url\":\"https:\/\/linmot.com\/it\/prodotti\/servo-drives\/monitoraggio-dei-processi\/\",\"name\":\"Monitoraggio dei processi - LinMot e MagSpring - Italiano\",\"isPartOf\":{\"@id\":\"https:\/\/linmot.com\/it\/#website\"},\"primaryImageOfPage\":{\"@id\":\"https:\/\/linmot.com\/it\/prodotti\/servo-drives\/monitoraggio-dei-processi\/#primaryimage\"},\"image\":{\"@id\":\"https:\/\/linmot.com\/it\/prodotti\/servo-drives\/monitoraggio-dei-processi\/#primaryimage\"},\"thumbnailUrl\":\"https:\/\/linmot.com\/de\/wp-content\/uploads\/sites\/2\/2021\/11\/prozess-monitoring-visualisierung.jpg\",\"datePublished\":\"2022-01-06T10:46:07+00:00\",\"dateModified\":\"2024-08-28T14:43:59+00:00\",\"description\":\"Con il \\\"Monitoraggio dei processi\\\" LinMot fa il prossimo passo verso l'Industria 4.0. Per saperne di pi\u00f9.\",\"breadcrumb\":{\"@id\":\"https:\/\/linmot.com\/it\/prodotti\/servo-drives\/monitoraggio-dei-processi\/#breadcrumb\"},\"inLanguage\":\"it-IT\",\"potentialAction\":[{\"@type\":\"ReadAction\",\"target\":[\"https:\/\/linmot.com\/it\/prodotti\/servo-drives\/monitoraggio-dei-processi\/\"]}]},{\"@type\":\"ImageObject\",\"inLanguage\":\"it-IT\",\"@id\":\"https:\/\/linmot.com\/it\/prodotti\/servo-drives\/monitoraggio-dei-processi\/#primaryimage\",\"url\":\"https:\/\/linmot.com\/de\/wp-content\/uploads\/sites\/2\/2021\/11\/prozess-monitoring-visualisierung.jpg\",\"contentUrl\":\"https:\/\/linmot.com\/de\/wp-content\/uploads\/sites\/2\/2021\/11\/prozess-monitoring-visualisierung.jpg\"},{\"@type\":\"BreadcrumbList\",\"@id\":\"https:\/\/linmot.com\/it\/prodotti\/servo-drives\/monitoraggio-dei-processi\/#breadcrumb\",\"itemListElement\":[{\"@type\":\"ListItem\",\"position\":1,\"name\":\"Home\",\"item\":\"https:\/\/linmot.com\/it\/\"},{\"@type\":\"ListItem\",\"position\":2,\"name\":\"Prodotti\",\"item\":\"https:\/\/linmot.com\/it\/prodotti\/\"},{\"@type\":\"ListItem\",\"position\":3,\"name\":\"Servo Drives\",\"item\":\"https:\/\/linmot.com\/it\/prodotti\/servo-drives\/\"},{\"@type\":\"ListItem\",\"position\":4,\"name\":\"Monitoraggio dei processi\"}]},{\"@type\":\"WebSite\",\"@id\":\"https:\/\/linmot.com\/it\/#website\",\"url\":\"https:\/\/linmot.com\/it\/\",\"name\":\"LinMot e MagSpring - Italiano\",\"description\":\"Motori lineari e sistemi di motori lineari di alta qualit\u00e0\",\"publisher\":{\"@id\":\"https:\/\/linmot.com\/it\/#organization\"},\"potentialAction\":[{\"@type\":\"SearchAction\",\"target\":{\"@type\":\"EntryPoint\",\"urlTemplate\":\"https:\/\/linmot.com\/it\/?s={search_term_string}\"},\"query-input\":{\"@type\":\"PropertyValueSpecification\",\"valueRequired\":true,\"valueName\":\"search_term_string\"}}],\"inLanguage\":\"it-IT\"},{\"@type\":\"Organization\",\"@id\":\"https:\/\/linmot.com\/it\/#organization\",\"name\":\"NTI AG - LinMot & MagSpring\",\"url\":\"https:\/\/linmot.com\/it\/\",\"logo\":{\"@type\":\"ImageObject\",\"inLanguage\":\"it-IT\",\"@id\":\"https:\/\/linmot.com\/it\/#\/schema\/logo\/image\/\",\"url\":\"https:\/\/linmot.com\/it\/wp-content\/uploads\/sites\/4\/2022\/05\/linmot-social-share-logo.jpg\",\"contentUrl\":\"https:\/\/linmot.com\/it\/wp-content\/uploads\/sites\/4\/2022\/05\/linmot-social-share-logo.jpg\",\"width\":800,\"height\":500,\"caption\":\"NTI AG - LinMot & MagSpring\"},\"image\":{\"@id\":\"https:\/\/linmot.com\/it\/#\/schema\/logo\/image\/\"},\"sameAs\":[\"https:\/\/www.linkedin.com\/company\/pamoco-spa\/\",\"https:\/\/www.youtube.com\/user\/LinMotEurope\"]}]}<\/script>\n<!-- \/ Yoast SEO Premium plugin. -->","yoast_head_json":{"title":"Monitoraggio dei processi - LinMot e MagSpring - Italiano","description":"Con il \"Monitoraggio dei processi\" LinMot fa il prossimo passo verso l'Industria 4.0. Per saperne di pi\u00f9.","robots":{"index":"index","follow":"follow","max-snippet":"max-snippet:-1","max-image-preview":"max-image-preview:large","max-video-preview":"max-video-preview:-1"},"canonical":"https:\/\/linmot.com\/it\/prodotti\/servo-drives\/monitoraggio-dei-processi\/","og_locale":"it_IT","og_type":"article","og_title":"Monitoraggio dei processi - LinMot e MagSpring - Italiano","og_description":"Con il \"Monitoraggio del processo\" LinMot fa il prossimo passo verso l'Industria 4.0. Per saperne di pi\u00f9 sul nostro Process Monitoring.","og_url":"https:\/\/linmot.com\/it\/prodotti\/servo-drives\/monitoraggio-dei-processi\/","og_site_name":"LinMot e MagSpring - Italiano","article_modified_time":"2024-08-28T14:43:59+00:00","og_image":[{"url":"https:\/\/linmot.com\/de\/wp-content\/uploads\/sites\/2\/2021\/11\/prozess-monitoring-visualisierung.jpg","type":"","width":"","height":""}],"twitter_card":"summary_large_image","twitter_title":"Monitoraggio dei processi - LinMot e MagSpring - Italiano","twitter_description":"Con il \"Monitoraggio del processo\" LinMot fa il prossimo passo verso l'Industria 4.0. Per saperne di pi\u00f9 sul nostro Process Monitoring.","twitter_misc":{"Tempo di lettura stimato":"4 minuti"},"schema":{"@context":"https:\/\/schema.org","@graph":[{"@type":"WebPage","@id":"https:\/\/linmot.com\/it\/prodotti\/servo-drives\/monitoraggio-dei-processi\/","url":"https:\/\/linmot.com\/it\/prodotti\/servo-drives\/monitoraggio-dei-processi\/","name":"Monitoraggio dei processi - LinMot e MagSpring - Italiano","isPartOf":{"@id":"https:\/\/linmot.com\/it\/#website"},"primaryImageOfPage":{"@id":"https:\/\/linmot.com\/it\/prodotti\/servo-drives\/monitoraggio-dei-processi\/#primaryimage"},"image":{"@id":"https:\/\/linmot.com\/it\/prodotti\/servo-drives\/monitoraggio-dei-processi\/#primaryimage"},"thumbnailUrl":"https:\/\/linmot.com\/de\/wp-content\/uploads\/sites\/2\/2021\/11\/prozess-monitoring-visualisierung.jpg","datePublished":"2022-01-06T10:46:07+00:00","dateModified":"2024-08-28T14:43:59+00:00","description":"Con il \"Monitoraggio dei processi\" LinMot fa il prossimo passo verso l'Industria 4.0. Per saperne di pi\u00f9.","breadcrumb":{"@id":"https:\/\/linmot.com\/it\/prodotti\/servo-drives\/monitoraggio-dei-processi\/#breadcrumb"},"inLanguage":"it-IT","potentialAction":[{"@type":"ReadAction","target":["https:\/\/linmot.com\/it\/prodotti\/servo-drives\/monitoraggio-dei-processi\/"]}]},{"@type":"ImageObject","inLanguage":"it-IT","@id":"https:\/\/linmot.com\/it\/prodotti\/servo-drives\/monitoraggio-dei-processi\/#primaryimage","url":"https:\/\/linmot.com\/de\/wp-content\/uploads\/sites\/2\/2021\/11\/prozess-monitoring-visualisierung.jpg","contentUrl":"https:\/\/linmot.com\/de\/wp-content\/uploads\/sites\/2\/2021\/11\/prozess-monitoring-visualisierung.jpg"},{"@type":"BreadcrumbList","@id":"https:\/\/linmot.com\/it\/prodotti\/servo-drives\/monitoraggio-dei-processi\/#breadcrumb","itemListElement":[{"@type":"ListItem","position":1,"name":"Home","item":"https:\/\/linmot.com\/it\/"},{"@type":"ListItem","position":2,"name":"Prodotti","item":"https:\/\/linmot.com\/it\/prodotti\/"},{"@type":"ListItem","position":3,"name":"Servo Drives","item":"https:\/\/linmot.com\/it\/prodotti\/servo-drives\/"},{"@type":"ListItem","position":4,"name":"Monitoraggio dei processi"}]},{"@type":"WebSite","@id":"https:\/\/linmot.com\/it\/#website","url":"https:\/\/linmot.com\/it\/","name":"LinMot e MagSpring - Italiano","description":"Motori lineari e sistemi di motori lineari di alta qualit\u00e0","publisher":{"@id":"https:\/\/linmot.com\/it\/#organization"},"potentialAction":[{"@type":"SearchAction","target":{"@type":"EntryPoint","urlTemplate":"https:\/\/linmot.com\/it\/?s={search_term_string}"},"query-input":{"@type":"PropertyValueSpecification","valueRequired":true,"valueName":"search_term_string"}}],"inLanguage":"it-IT"},{"@type":"Organization","@id":"https:\/\/linmot.com\/it\/#organization","name":"NTI AG - LinMot & MagSpring","url":"https:\/\/linmot.com\/it\/","logo":{"@type":"ImageObject","inLanguage":"it-IT","@id":"https:\/\/linmot.com\/it\/#\/schema\/logo\/image\/","url":"https:\/\/linmot.com\/it\/wp-content\/uploads\/sites\/4\/2022\/05\/linmot-social-share-logo.jpg","contentUrl":"https:\/\/linmot.com\/it\/wp-content\/uploads\/sites\/4\/2022\/05\/linmot-social-share-logo.jpg","width":800,"height":500,"caption":"NTI AG - LinMot & MagSpring"},"image":{"@id":"https:\/\/linmot.com\/it\/#\/schema\/logo\/image\/"},"sameAs":["https:\/\/www.linkedin.com\/company\/pamoco-spa\/","https:\/\/www.youtube.com\/user\/LinMotEurope"]}]}},"_links":{"self":[{"href":"https:\/\/linmot.com\/it\/wp-json\/wp\/v2\/pages\/2155","targetHints":{"allow":["GET"]}}],"collection":[{"href":"https:\/\/linmot.com\/it\/wp-json\/wp\/v2\/pages"}],"about":[{"href":"https:\/\/linmot.com\/it\/wp-json\/wp\/v2\/types\/page"}],"author":[{"embeddable":true,"href":"https:\/\/linmot.com\/it\/wp-json\/wp\/v2\/users\/9"}],"replies":[{"embeddable":true,"href":"https:\/\/linmot.com\/it\/wp-json\/wp\/v2\/comments?post=2155"}],"version-history":[{"count":22,"href":"https:\/\/linmot.com\/it\/wp-json\/wp\/v2\/pages\/2155\/revisions"}],"predecessor-version":[{"id":3603,"href":"https:\/\/linmot.com\/it\/wp-json\/wp\/v2\/pages\/2155\/revisions\/3603"}],"up":[{"embeddable":true,"href":"https:\/\/linmot.com\/it\/wp-json\/wp\/v2\/pages\/46"}],"wp:attachment":[{"href":"https:\/\/linmot.com\/it\/wp-json\/wp\/v2\/media?parent=2155"}],"curies":[{"name":"wp","href":"https:\/\/api.w.org\/{rel}","templated":true}]}}