{"id":214,"date":"2017-11-07T15:23:55","date_gmt":"2017-11-07T14:23:55","guid":{"rendered":"https:\/\/linmot.com\/?page_id=214"},"modified":"2023-05-10T16:37:13","modified_gmt":"2023-05-10T14:37:13","slug":"stampa-ed-etichettatura","status":"publish","type":"page","link":"https:\/\/linmot.com\/it\/soluzioni-industriali\/stampa-ed-etichettatura\/","title":{"rendered":"Stampa ed etichettatura"},"content":{"rendered":"<p><strong>La sfida principale nel campo della stampa e dell\u2019etichettatura consiste nella produzione efficiente degli ordini, priva di errori, con lotti limitati e un\u2019alta qualit\u00e0 facilmente riproducibile. <\/strong><\/p>\n<img loading=\"lazy\" decoding=\"async\" class=\"aligncenter size-full wp-image-609\" src=\"https:\/\/linmot.com\/it\/wp-content\/uploads\/sites\/4\/2017\/11\/LinMot-Solutions-Printing-Labeling-Industry.jpg\" alt=\"\" width=\"940\" height=\"300\" srcset=\"https:\/\/linmot.com\/it\/wp-content\/uploads\/sites\/4\/2017\/11\/LinMot-Solutions-Printing-Labeling-Industry.jpg 940w, https:\/\/linmot.com\/it\/wp-content\/uploads\/sites\/4\/2017\/11\/LinMot-Solutions-Printing-Labeling-Industry-300x96.jpg 300w, https:\/\/linmot.com\/it\/wp-content\/uploads\/sites\/4\/2017\/11\/LinMot-Solutions-Printing-Labeling-Industry-768x245.jpg 768w\" sizes=\"auto, (max-width: 940px) 100vw, 940px\" \/>\n<p>La tecnologia altamente dinamica e precisa dell\u2019 azionamento ha un ruolo chiave in questo contesto. LinMot fornisce componenti ideali per questo tipo di attivit\u00e0, adatti a una vasta gamma di applicazioni. Per esempio, i moduli per etichettatura possono essere adattati immediatamente ai motori lineari LinMot, poich\u00e9 la corsa viene regolata dal software.<\/p>\n<p>I prodotti sensibili possono essere stampati pi\u00f9 rapidamente usando i motori lineari, poich\u00e9 il processo di stampa viene eseguito con il controllo della posizione, della velocit\u00e0 e della forza. Questa soluzione non causa gli urti caratteristici dei sistemi pneumatici. In generale, i profili di forza e movimento liberamente programmabili portano a notevoli miglioramenti del processo, se paragonati ad altri tipi di dispositivi. L&#8217;uso di questa soluzione si rivela utile in campi di applicazione quali:<\/p>\n<div class=\"row\">\n<div class=\"col-sm-4\">\n<ul>\n<li>Sistemi di ispezione<\/li>\n<li>Alimentazione con carta<\/li>\n<li>Decorazione<\/li>\n<\/ul>\n<\/div>\n<div class=\"col-sm-4\">\n<ul>\n<li>Miscelazione di colori<\/li>\n<li>Stampa a tampone<\/li>\n<li>Serigrafia<\/li>\n<\/ul>\n<\/div>\n<div class=\"col-sm-4\">\n<ul>\n<li>Comandi raclee<\/li>\n<li>Etichettatura<\/li>\n<li>ecc.<\/li>\n<\/ul>\n<\/div>\n<\/div>\n<p>I <a href=\"\/it\/prodotti\/guide-lineari-moduli-lineari\/moduli-lineari-dm01\/\">moduli DM01<\/a> in combinazione con i sensori di <a href=\"\/it\/prodotti\/guide-lineari-moduli-lineari\/moduli-lineari-dm01#kraftsensormodule\">forza modulari<\/a> sono ideali per la stampa o l&#8217;etichettatura controllata dalla forza. Qui la pressatura pu\u00f2 essere effettuata con una precisione fino a 1N. Si tratta di un grande vantaggio per l&#8217;etichettatura di oggetti fragili o fragorosi.<\/p>\n","protected":false},"excerpt":{"rendered":"<p>La sfida principale nel campo della stampa e dell\u2019etichettatura consiste nella produzione efficiente degli ordini, priva di errori, con lotti limitati e un\u2019alta qualit\u00e0 facilmente riproducibile. La tecnologia altamente dinamica e precisa dell\u2019 azionamento ha un ruolo chiave in questo contesto. LinMot fornisce componenti ideali per questo tipo di attivit\u00e0, adatti a una vasta gamma [&hellip;]<\/p>\n","protected":false},"author":1,"featured_media":0,"parent":8,"menu_order":76,"comment_status":"closed","ping_status":"closed","template":"","meta":{"_acf_changed":false,"footnotes":""},"class_list":["post-214","page","type-page","status-publish","hentry"],"acf":[],"yoast_head":"<!-- This site is optimized with the Yoast SEO Premium plugin v20.9 (Yoast SEO v27.3) - https:\/\/yoast.com\/product\/yoast-seo-premium-wordpress\/ -->\n<title>Stampa ed etichettatura - Sistemi di ispezione alimentazione carta<\/title>\n<meta name=\"description\" content=\"I profili di forza e movimento, liberamente programmabili di LinMot, aprono molti nuovi campi di applicazione nella stampa e nell&#039;etichettatura.\" \/>\n<meta name=\"robots\" content=\"index, follow, max-snippet:-1, max-image-preview:large, max-video-preview:-1\" \/>\n<link rel=\"canonical\" href=\"https:\/\/linmot.com\/it\/soluzioni-industriali\/stampa-ed-etichettatura\/\" \/>\n<meta property=\"og:locale\" content=\"it_IT\" \/>\n<meta property=\"og:type\" content=\"article\" \/>\n<meta property=\"og:title\" content=\"Stampa ed etichettatura - Sistemi di ispezione alimentazione carta\" \/>\n<meta property=\"og:description\" content=\"I profili di forza e movimento, liberamente programmabili di LinMot, aprono molti nuovi campi di applicazione nella stampa e nell&#039;etichettatura.\" \/>\n<meta property=\"og:url\" content=\"https:\/\/linmot.com\/it\/soluzioni-industriali\/stampa-ed-etichettatura\/\" \/>\n<meta property=\"og:site_name\" content=\"LinMot e MagSpring - Italiano\" \/>\n<meta property=\"article:modified_time\" content=\"2023-05-10T14:37:13+00:00\" \/>\n<meta property=\"og:image\" content=\"https:\/\/linmot.com\/it\/wp-content\/uploads\/sites\/4\/2017\/11\/LinMot-Solutions-Printing-Labeling-Industry.jpg\" \/>\n<meta name=\"twitter:card\" content=\"summary_large_image\" \/>\n<meta name=\"twitter:title\" content=\"Stampa ed etichettatura - Sistemi di ispezione alimentazione carta\" \/>\n<meta name=\"twitter:description\" content=\"I profili di forza e movimento, liberamente programmabili di LinMot, aprono molti nuovi campi di applicazione nella stampa e nell&#039;etichettatura.\" \/>\n<meta name=\"twitter:label1\" content=\"Tempo di lettura stimato\" \/>\n\t<meta name=\"twitter:data1\" content=\"2 minuti\" \/>\n<script type=\"application\/ld+json\" class=\"yoast-schema-graph\">{\"@context\":\"https:\\\/\\\/schema.org\",\"@graph\":[{\"@type\":\"WebPage\",\"@id\":\"https:\\\/\\\/linmot.com\\\/it\\\/soluzioni-industriali\\\/stampa-ed-etichettatura\\\/\",\"url\":\"https:\\\/\\\/linmot.com\\\/it\\\/soluzioni-industriali\\\/stampa-ed-etichettatura\\\/\",\"name\":\"Stampa ed etichettatura - Sistemi di ispezione alimentazione carta\",\"isPartOf\":{\"@id\":\"https:\\\/\\\/linmot.com\\\/it\\\/#website\"},\"primaryImageOfPage\":{\"@id\":\"https:\\\/\\\/linmot.com\\\/it\\\/soluzioni-industriali\\\/stampa-ed-etichettatura\\\/#primaryimage\"},\"image\":{\"@id\":\"https:\\\/\\\/linmot.com\\\/it\\\/soluzioni-industriali\\\/stampa-ed-etichettatura\\\/#primaryimage\"},\"thumbnailUrl\":\"https:\\\/\\\/linmot.com\\\/it\\\/wp-content\\\/uploads\\\/sites\\\/4\\\/2017\\\/11\\\/LinMot-Solutions-Printing-Labeling-Industry.jpg\",\"datePublished\":\"2017-11-07T14:23:55+00:00\",\"dateModified\":\"2023-05-10T14:37:13+00:00\",\"description\":\"I profili di forza e movimento, liberamente programmabili di LinMot, aprono molti nuovi campi di applicazione nella stampa e nell'etichettatura.\",\"breadcrumb\":{\"@id\":\"https:\\\/\\\/linmot.com\\\/it\\\/soluzioni-industriali\\\/stampa-ed-etichettatura\\\/#breadcrumb\"},\"inLanguage\":\"it-IT\",\"potentialAction\":[{\"@type\":\"ReadAction\",\"target\":[\"https:\\\/\\\/linmot.com\\\/it\\\/soluzioni-industriali\\\/stampa-ed-etichettatura\\\/\"]}]},{\"@type\":\"ImageObject\",\"inLanguage\":\"it-IT\",\"@id\":\"https:\\\/\\\/linmot.com\\\/it\\\/soluzioni-industriali\\\/stampa-ed-etichettatura\\\/#primaryimage\",\"url\":\"https:\\\/\\\/linmot.com\\\/it\\\/wp-content\\\/uploads\\\/sites\\\/4\\\/2017\\\/11\\\/LinMot-Solutions-Printing-Labeling-Industry.jpg\",\"contentUrl\":\"https:\\\/\\\/linmot.com\\\/it\\\/wp-content\\\/uploads\\\/sites\\\/4\\\/2017\\\/11\\\/LinMot-Solutions-Printing-Labeling-Industry.jpg\",\"width\":940,\"height\":300,\"caption\":\"\"},{\"@type\":\"BreadcrumbList\",\"@id\":\"https:\\\/\\\/linmot.com\\\/it\\\/soluzioni-industriali\\\/stampa-ed-etichettatura\\\/#breadcrumb\",\"itemListElement\":[{\"@type\":\"ListItem\",\"position\":1,\"name\":\"Home\",\"item\":\"https:\\\/\\\/linmot.com\\\/it\\\/\"},{\"@type\":\"ListItem\",\"position\":2,\"name\":\"Soluzioni industriali\",\"item\":\"https:\\\/\\\/linmot.com\\\/it\\\/soluzioni-industriali\\\/\"},{\"@type\":\"ListItem\",\"position\":3,\"name\":\"Stampa ed etichettatura\"}]},{\"@type\":\"WebSite\",\"@id\":\"https:\\\/\\\/linmot.com\\\/it\\\/#website\",\"url\":\"https:\\\/\\\/linmot.com\\\/it\\\/\",\"name\":\"LinMot e MagSpring - Italiano\",\"description\":\"Motori lineari e sistemi di motori lineari di alta qualit\u00e0\",\"publisher\":{\"@id\":\"https:\\\/\\\/linmot.com\\\/it\\\/#organization\"},\"potentialAction\":[{\"@type\":\"SearchAction\",\"target\":{\"@type\":\"EntryPoint\",\"urlTemplate\":\"https:\\\/\\\/linmot.com\\\/it\\\/?s={search_term_string}\"},\"query-input\":{\"@type\":\"PropertyValueSpecification\",\"valueRequired\":true,\"valueName\":\"search_term_string\"}}],\"inLanguage\":\"it-IT\"},{\"@type\":\"Organization\",\"@id\":\"https:\\\/\\\/linmot.com\\\/it\\\/#organization\",\"name\":\"NTI AG - LinMot & MagSpring\",\"url\":\"https:\\\/\\\/linmot.com\\\/it\\\/\",\"logo\":{\"@type\":\"ImageObject\",\"inLanguage\":\"it-IT\",\"@id\":\"https:\\\/\\\/linmot.com\\\/it\\\/#\\\/schema\\\/logo\\\/image\\\/\",\"url\":\"https:\\\/\\\/linmot.com\\\/it\\\/wp-content\\\/uploads\\\/sites\\\/4\\\/2022\\\/05\\\/linmot-social-share-logo.jpg\",\"contentUrl\":\"https:\\\/\\\/linmot.com\\\/it\\\/wp-content\\\/uploads\\\/sites\\\/4\\\/2022\\\/05\\\/linmot-social-share-logo.jpg\",\"width\":800,\"height\":500,\"caption\":\"NTI AG - LinMot & MagSpring\"},\"image\":{\"@id\":\"https:\\\/\\\/linmot.com\\\/it\\\/#\\\/schema\\\/logo\\\/image\\\/\"},\"sameAs\":[\"https:\\\/\\\/www.linkedin.com\\\/company\\\/pamoco-spa\\\/\",\"https:\\\/\\\/www.youtube.com\\\/user\\\/LinMotEurope\"]}]}<\/script>\n<!-- \/ Yoast SEO Premium plugin. -->","yoast_head_json":{"title":"Stampa ed etichettatura - Sistemi di ispezione alimentazione carta","description":"I profili di forza e movimento, liberamente programmabili di LinMot, aprono molti nuovi campi di applicazione nella stampa e nell'etichettatura.","robots":{"index":"index","follow":"follow","max-snippet":"max-snippet:-1","max-image-preview":"max-image-preview:large","max-video-preview":"max-video-preview:-1"},"canonical":"https:\/\/linmot.com\/it\/soluzioni-industriali\/stampa-ed-etichettatura\/","og_locale":"it_IT","og_type":"article","og_title":"Stampa ed etichettatura - Sistemi di ispezione alimentazione carta","og_description":"I profili di forza e movimento, liberamente programmabili di LinMot, aprono molti nuovi campi di applicazione nella stampa e nell'etichettatura.","og_url":"https:\/\/linmot.com\/it\/soluzioni-industriali\/stampa-ed-etichettatura\/","og_site_name":"LinMot e MagSpring - Italiano","article_modified_time":"2023-05-10T14:37:13+00:00","og_image":[{"url":"https:\/\/linmot.com\/it\/wp-content\/uploads\/sites\/4\/2017\/11\/LinMot-Solutions-Printing-Labeling-Industry.jpg","type":"","width":"","height":""}],"twitter_card":"summary_large_image","twitter_title":"Stampa ed etichettatura - Sistemi di ispezione alimentazione carta","twitter_description":"I profili di forza e movimento, liberamente programmabili di LinMot, aprono molti nuovi campi di applicazione nella stampa e nell'etichettatura.","twitter_misc":{"Tempo di lettura stimato":"2 minuti"},"schema":{"@context":"https:\/\/schema.org","@graph":[{"@type":"WebPage","@id":"https:\/\/linmot.com\/it\/soluzioni-industriali\/stampa-ed-etichettatura\/","url":"https:\/\/linmot.com\/it\/soluzioni-industriali\/stampa-ed-etichettatura\/","name":"Stampa ed etichettatura - Sistemi di ispezione alimentazione carta","isPartOf":{"@id":"https:\/\/linmot.com\/it\/#website"},"primaryImageOfPage":{"@id":"https:\/\/linmot.com\/it\/soluzioni-industriali\/stampa-ed-etichettatura\/#primaryimage"},"image":{"@id":"https:\/\/linmot.com\/it\/soluzioni-industriali\/stampa-ed-etichettatura\/#primaryimage"},"thumbnailUrl":"https:\/\/linmot.com\/it\/wp-content\/uploads\/sites\/4\/2017\/11\/LinMot-Solutions-Printing-Labeling-Industry.jpg","datePublished":"2017-11-07T14:23:55+00:00","dateModified":"2023-05-10T14:37:13+00:00","description":"I profili di forza e movimento, liberamente programmabili di LinMot, aprono molti nuovi campi di applicazione nella stampa e nell'etichettatura.","breadcrumb":{"@id":"https:\/\/linmot.com\/it\/soluzioni-industriali\/stampa-ed-etichettatura\/#breadcrumb"},"inLanguage":"it-IT","potentialAction":[{"@type":"ReadAction","target":["https:\/\/linmot.com\/it\/soluzioni-industriali\/stampa-ed-etichettatura\/"]}]},{"@type":"ImageObject","inLanguage":"it-IT","@id":"https:\/\/linmot.com\/it\/soluzioni-industriali\/stampa-ed-etichettatura\/#primaryimage","url":"https:\/\/linmot.com\/it\/wp-content\/uploads\/sites\/4\/2017\/11\/LinMot-Solutions-Printing-Labeling-Industry.jpg","contentUrl":"https:\/\/linmot.com\/it\/wp-content\/uploads\/sites\/4\/2017\/11\/LinMot-Solutions-Printing-Labeling-Industry.jpg","width":940,"height":300,"caption":""},{"@type":"BreadcrumbList","@id":"https:\/\/linmot.com\/it\/soluzioni-industriali\/stampa-ed-etichettatura\/#breadcrumb","itemListElement":[{"@type":"ListItem","position":1,"name":"Home","item":"https:\/\/linmot.com\/it\/"},{"@type":"ListItem","position":2,"name":"Soluzioni industriali","item":"https:\/\/linmot.com\/it\/soluzioni-industriali\/"},{"@type":"ListItem","position":3,"name":"Stampa ed etichettatura"}]},{"@type":"WebSite","@id":"https:\/\/linmot.com\/it\/#website","url":"https:\/\/linmot.com\/it\/","name":"LinMot e MagSpring - Italiano","description":"Motori lineari e sistemi di motori lineari di alta qualit\u00e0","publisher":{"@id":"https:\/\/linmot.com\/it\/#organization"},"potentialAction":[{"@type":"SearchAction","target":{"@type":"EntryPoint","urlTemplate":"https:\/\/linmot.com\/it\/?s={search_term_string}"},"query-input":{"@type":"PropertyValueSpecification","valueRequired":true,"valueName":"search_term_string"}}],"inLanguage":"it-IT"},{"@type":"Organization","@id":"https:\/\/linmot.com\/it\/#organization","name":"NTI AG - LinMot & MagSpring","url":"https:\/\/linmot.com\/it\/","logo":{"@type":"ImageObject","inLanguage":"it-IT","@id":"https:\/\/linmot.com\/it\/#\/schema\/logo\/image\/","url":"https:\/\/linmot.com\/it\/wp-content\/uploads\/sites\/4\/2022\/05\/linmot-social-share-logo.jpg","contentUrl":"https:\/\/linmot.com\/it\/wp-content\/uploads\/sites\/4\/2022\/05\/linmot-social-share-logo.jpg","width":800,"height":500,"caption":"NTI AG - LinMot & MagSpring"},"image":{"@id":"https:\/\/linmot.com\/it\/#\/schema\/logo\/image\/"},"sameAs":["https:\/\/www.linkedin.com\/company\/pamoco-spa\/","https:\/\/www.youtube.com\/user\/LinMotEurope"]}]}},"_links":{"self":[{"href":"https:\/\/linmot.com\/it\/wp-json\/wp\/v2\/pages\/214","targetHints":{"allow":["GET"]}}],"collection":[{"href":"https:\/\/linmot.com\/it\/wp-json\/wp\/v2\/pages"}],"about":[{"href":"https:\/\/linmot.com\/it\/wp-json\/wp\/v2\/types\/page"}],"author":[{"embeddable":true,"href":"https:\/\/linmot.com\/it\/wp-json\/wp\/v2\/users\/1"}],"replies":[{"embeddable":true,"href":"https:\/\/linmot.com\/it\/wp-json\/wp\/v2\/comments?post=214"}],"version-history":[{"count":8,"href":"https:\/\/linmot.com\/it\/wp-json\/wp\/v2\/pages\/214\/revisions"}],"predecessor-version":[{"id":2611,"href":"https:\/\/linmot.com\/it\/wp-json\/wp\/v2\/pages\/214\/revisions\/2611"}],"up":[{"embeddable":true,"href":"https:\/\/linmot.com\/it\/wp-json\/wp\/v2\/pages\/8"}],"wp:attachment":[{"href":"https:\/\/linmot.com\/it\/wp-json\/wp\/v2\/media?parent=214"}],"curies":[{"name":"wp","href":"https:\/\/api.w.org\/{rel}","templated":true}]}}