{"id":2120,"date":"2021-12-02T10:43:41","date_gmt":"2021-12-02T09:43:41","guid":{"rendered":"https:\/\/linmot.com\/it\/?page_id=2120"},"modified":"2025-04-14T16:00:22","modified_gmt":"2025-04-14T14:00:22","slug":"sicurezza-funzionale","status":"publish","type":"page","link":"https:\/\/linmot.com\/it\/prodotti\/servo-drives\/sicurezza-funzionale\/","title":{"rendered":"Sicurezza funzionale"},"content":{"rendered":"<p><strong>Con &#8220;Sicurezza funzionale&#8221;, LinMot integra direttamente nei propri azionamenti e nei motori le funzioni di sicurezza funzionale, oltre ad alcune nuove funzioni aggiuntive, avendo cura di garantire che siano identici nel design ai prodotti esistenti.<\/strong><\/p>\n<hr \/>\n<div class=\"row\">\n<div class=\"col-sm-2\">\n<p><a class=\"button\" href=\"#dettagli\">1. Dettagli<\/a><\/p>\n<\/div>\n<div class=\"col-sm-1\">\n<\/div>\n<div class=\"col-sm-2\">\n<p><a class=\"button\" href=\"#video\">2. Video<\/a><\/p>\n<\/div>\n<div class=\"col-sm-1\">\n<\/div>\n<div class=\"col-sm-2\">\n<p><a class=\"button\" href=\"#applicazione\">3. Applicazione<\/a><\/p>\n<\/div>\n<div class=\"col-sm-1\">\n<\/div>\n<div class=\"col-sm-2\">\n<p><a class=\"button\" href=\"#contatta\">4. Contatta<\/a><\/p>\n<\/div>\n<\/div>\n<hr \/>\n<h3 id=\"dettagli\">1. Dettagli<\/h3>\n<p>Le funzioni di sicurezza sono integrate direttamente nell\u2019azionamento e non richiedono alcun hardware aggiuntivo, questo permette di ridurre i tempi di messa in servizio e di ottenere una maggiore ottimizzazione dei costi, grazie a una progettazione efficiente e a un minor numero di cablaggi.<\/p>\n<div class=\"row download\">\n<div class=\"col-md-6\">\n<h4 class=\"download-title\">Funzioni<\/h4>\n<ul>\n<li>STO: Safe Torque Off<\/li>\n<li>SS1: Safe Stop 1<\/li>\n<li>SS2: Safe Stop 2<\/li>\n<li>SOS: Safe Operating Stop<\/li>\n<li>SLS: Safe Limited Speed<\/li>\n<li>SBC: Safe Brake Control<\/li>\n<li>SBT: Safe Brake Test<\/li>\n<li>Parametrizzate la vostra funzione di sicurezza<\/li>\n<\/ul>\n<\/div>\n<div class=\"col-md-1\">\n<\/div>\n<div class=\"col-md-5\">\n<img loading=\"lazy\" decoding=\"async\" class=\"wp-image-2498 size-full aligncenter\" src=\"https:\/\/linmot.com\/wp-content\/uploads\/2021\/11\/functional-safety.jpg\" alt=\"Sicurezza funzionale\" width=\"482\" height=\"352\" \/>\n<\/div>\n<\/div>\n<div class=\"row download\">\n<div class=\"col-md-6\">\n<h4 class=\"download-title\">Componenti del motore<\/h4>\n<ul>\n<li>Motori di sicurezza e standard con dimensioni identiche<\/li>\n<li>Costruire macchine identiche, con o senza sicurezza funzionale<\/li>\n<li><a href=\"\/it\/prodotti\/motori-lineari\/motori-lineari-p01\/\">Motori lineari<\/a> a sicurezza funzionale con sensori di posizione di sicurezza integrati<\/li>\n<li>Soluzione a cavo singolo<\/li>\n<\/ul>\n<\/div>\n<div class=\"col-md-1\">\n<\/div>\n<div class=\"col-md-5\">\n<img loading=\"lazy\" decoding=\"async\" class=\"wp-image-5778 size-full aligncenter\" src=\"https:\/\/linmot.com\/de\/wp-content\/uploads\/sites\/2\/2025\/04\/functional-safety-adjusted.jpg\" alt=\"linmot-functional-safety-with-without-encoder\" width=\"300\" height=\"568\" \/>\n<\/div>\n<\/div>\n<div class=\"row download\">\n<div class=\"col-md-6\">\n<h4 class=\"download-title\">Multi interfaccia<\/h4>\n<ul>\n<li>Unit\u00e0 multi-interfaccia<\/li>\n<li>Un hardware supporta diversi bus di comunicazione<\/li>\n<li>Protocolli di comunicazione in tempo reale<\/li>\n<li>Movimenti sincronizzati e indipendenti<\/li>\n<li>Movimento NC o protocollo LinMot<\/li>\n<\/ul>\n<\/div>\n<div class=\"col-md-1\">\n<\/div>\n<div class=\"col-md-5\">\n<img loading=\"lazy\" decoding=\"async\" class=\"wp-image-2483 aligncenter\" src=\"https:\/\/linmot.com\/de\/wp-content\/uploads\/sites\/2\/2025\/04\/functional_safety_feldbusse_linmot.jpg\" alt=\"Funktionale Sicherheit im Zusammenspiel mit Feldbusschnittstellen\" width=\"768\" height=\"687\" \/>\n<\/div>\n<\/div>\n<h2 id=\"video\">2. Video<\/h2>\n<div class=\"row download\">\n<div class=\"col-md-6\">\n<h4 class=\"download-title\">Sicurezza funzionale \u2013 come funziona<\/h4>\n<p class=\"bodytext\" align=\"justify\">LinMot offre un pacchetto completo da un\u2019unica fonte. Le funzioni di sicurezza sono integrate direttamente nell\u2019azionamento e non richiedono hardware aggiuntivo. I motori lineari ed i moduli hanno un sistema integrato di sensori di posizione di sicurezza.<\/p>\n<\/div>\n<div class=\"col-md-1\">\n<\/div>\n<div class=\"col-md-5\">\n<div class=\"brlbs-cmpnt-container brlbs-cmpnt-content-blocker brlbs-cmpnt-with-individual-styles\" data-borlabs-cookie-content-blocker-id=\"default\" data-borlabs-cookie-content=\"PGlmcmFtZSB0aXRsZT0iWW91VHViZSB2aWRlbyBwbGF5ZXIiIHNyYz0iaHR0cHM6Ly93d3cueW91dHViZS5jb20vZW1iZWQvdWdHX0x0ZjlyQkkiIHdpZHRoPSIzOTQiIGhlaWdodD0iMjIwIiBmcmFtZWJvcmRlcj0iMCIgYWxsb3dmdWxsc2NyZWVuPSJhbGxvd2Z1bGxzY3JlZW4iPjwvaWZyYW1lPg==\">\n<div class=\"brlbs-cmpnt-cb-preset-a\">\n<p class=\"brlbs-cmpnt-cb-description\">Stai visualizzando un contenuto segnaposto da <strong>Predefinito<\/strong>. Per accedere al contenuto effettivo, clicca sul pulsante sottostante. Si prega di notare che in questo modo si condividono i dati con provider di terze parti.<\/p>\n<div class=\"brlbs-cmpnt-cb-buttons\"> <a class=\"brlbs-cmpnt-cb-btn\" href=\"#\" data-borlabs-cookie-unblock role=\"button\">Sblocca i contenuti<\/a> <a class=\"brlbs-cmpnt-cb-btn\" href=\"#\" data-borlabs-cookie-accept-service role=\"button\" style=\"display: none\">Accetta il servizio richiesto e sblocca i contenuti<\/a> <\/div>\n<p> <a class=\"brlbs-cmpnt-cb-provider-toggle\" href=\"#\" data-borlabs-cookie-show-provider-information role=\"button\">Ulteriori informazioni<\/a> <\/div>\n<\/div>\n<\/div>\n<\/div>\n<h3 id=\"applicazione\">3. Applicazione tipica<\/h3>\n<div class=\"row download\">\n<div class=\"col-md-3\">\n<h4 class=\"download-title\">Sicurezza funzionale per i motori lineari industriali<\/h4>\n<p class=\"bodytext\" align=\"justify\">Finora i costruttori di macchine erano in gran parte abbandonati a se stessi quando utilizzavano motori lineari dinamici per garantire la sicurezza funzionale. Ora, per la prima volta, \u00e8 disponibile un pacchetto completo che semplifica notevolmente questa fase per gli utenti. LinMot ha integrato le caratteristiche di sicurezza e alcune nuove funzioni aggiuntive direttamente nel motore e nel controllore, avendo cura di garantire un design identico a quello dei prodotti esistenti.<\/p>\n<p><a class=\"button\" href=\"\/it\/blog\/sicurezza-funzionale-per-i-motori-lineari-industriali\/\">All&#8217;articolo<\/a><br \/>\n<\/div>\n<div class=\"col-md-2\">\n<img loading=\"lazy\" decoding=\"async\" class=\"alignnone size-full wp-image-1765\" src=\"https:\/\/linmot.com\/de\/wp-content\/uploads\/sites\/2\/2023\/01\/vorschau-fuctional-safety.jpg\" alt=\"\" width=\"220\" height=\"220\" \/><br \/>\n<\/div>\n<div class=\"col-md-2\">\n<\/div>\n<div class=\"col-md-3\">\n<h4 class=\"download-title\">Gardena si proietta nel futuro dell\u2019acqua grazie a LinMot<\/h4>\n<p class=\"bodytext\" align=\"justify\">Basti pensare al tagliaerba a batteria del 1973 o al computer per l\u2019irrigazione degli anni \u201980: GARDENA ha sempre dimostrato di essere un innovatore particolarmente sostenibile. Con la tecnologia di sollevamento rotativo e lineare all\u2019avanguardia dello specialista di azionamenti LinMot, GARDENA \u00e8 riuscita a ridefinire la precisione, la velocit\u00e0 e la sostenibilit\u00e0 dei suoi impianti di produzione.<\/p>\n<p><a class=\"button\" href=\"\/it\/blog\/gardena-si-proietta-nel-futuro-dellacqua-grazie-a-linmot\/\">Maggiori informazioni<\/a><br \/>\n<\/div>\n<div class=\"col-md-2\">\n<img loading=\"lazy\" decoding=\"async\" class=\"aligncenter wp-image-4450 size-full\" src=\"https:\/\/linmot.com\/de\/wp-content\/uploads\/sites\/2\/2023\/07\/gardena-vorschau.jpg\" alt=\"\" width=\"220\" height=\"220\" \/><br \/>\n<\/div>\n<\/div>\n<h3 id=\"contatta\">4. Contatta<\/h3>\n<div class=\"row download\">\n<div class=\"col-md-6\">\n<h4 class=\"download-title\">Domande sulla sicurezza funzionale?<\/h4>\n<p class=\"bodytext\">Saremo lieti di rispondere a qualsiasi domanda sui nostri motori rotativi lineari.<br \/>\nContattateci utilizzando il seguente modulo o chiamateci al seguente numero:<\/p>\n<p class=\"bodytext\">Tel: +41 (0)56 419 91 91<\/p>\n<p class=\"bodytext\">Il team LinMot<\/p>\n<p><img loading=\"lazy\" decoding=\"async\" class=\"size-full wp-image-3464 alignleft\" src=\"https:\/\/linmot.com\/de\/wp-content\/uploads\/sites\/2\/2021\/11\/tuv-nord-safety-approved.jpg\" alt=\"\" width=\"150\" height=\"244\" \/><br \/>\n<\/div>\n<div class=\"col-md-1\">\n<\/div>\n<div class=\"col-md-5\">\n\n<div class=\"wpcf7 no-js\" id=\"wpcf7-f1805-o1\" lang=\"it-IT\" dir=\"ltr\" data-wpcf7-id=\"1805\">\n<div class=\"screen-reader-response\"><p role=\"status\" aria-live=\"polite\" aria-atomic=\"true\"><\/p> <ul><\/ul><\/div>\n<form action=\"\/it\/wp-json\/wp\/v2\/pages\/2120#wpcf7-f1805-o1\" method=\"post\" class=\"wpcf7-form init\" aria-label=\"Modulo di contatto\" novalidate=\"novalidate\" data-status=\"init\">\n<fieldset class=\"hidden-fields-container\"><input type=\"hidden\" name=\"_wpcf7\" value=\"1805\" \/><input type=\"hidden\" name=\"_wpcf7_version\" value=\"6.1.5\" \/><input type=\"hidden\" name=\"_wpcf7_locale\" value=\"it_IT\" \/><input type=\"hidden\" name=\"_wpcf7_unit_tag\" value=\"wpcf7-f1805-o1\" \/><input type=\"hidden\" name=\"_wpcf7_container_post\" value=\"0\" \/><input type=\"hidden\" name=\"_wpcf7_posted_data_hash\" value=\"\" \/><input type=\"hidden\" name=\"_wpcf7_recaptcha_response\" value=\"\" \/>\n<\/fieldset>\n<label>Il tuo nome<br>\n    <span class=\"wpcf7-form-control-wrap\" data-name=\"your-name\"><input size=\"40\" maxlength=\"400\" class=\"wpcf7-form-control wpcf7-text wpcf7-validates-as-required\" aria-required=\"true\" aria-invalid=\"false\" value=\"\" type=\"text\" name=\"your-name\" \/><\/span> <\/label>\n<br>\n<label>Azienda<br>\n    <span class=\"wpcf7-form-control-wrap\" data-name=\"your-company\"><input size=\"40\" maxlength=\"400\" class=\"wpcf7-form-control wpcf7-text wpcf7-validates-as-required\" aria-required=\"true\" aria-invalid=\"false\" value=\"\" type=\"text\" name=\"your-company\" \/><\/span> <\/label>\n<br>\n<label>Codice postale<br>\n    <span class=\"wpcf7-form-control-wrap\" data-name=\"your-plz\"><input class=\"wpcf7-form-control wpcf7-number wpcf7-validates-as-required wpcf7-validates-as-number\" aria-required=\"true\" aria-invalid=\"false\" value=\"\" type=\"number\" name=\"your-plz\" \/><\/span> <\/label>\n<br>\n<label>Paese<br>\n    <span class=\"wpcf7-form-control-wrap\" data-name=\"your-country\"><input size=\"40\" maxlength=\"400\" class=\"wpcf7-form-control wpcf7-text wpcf7-validates-as-required\" aria-required=\"true\" aria-invalid=\"false\" value=\"\" type=\"text\" name=\"your-country\" \/><\/span> <\/label>\n<br>\n<label>Numero di telefono<br>\n    <span class=\"wpcf7-form-control-wrap\" data-name=\"your-number\"><input size=\"40\" maxlength=\"400\" class=\"wpcf7-form-control wpcf7-tel wpcf7-validates-as-required wpcf7-text wpcf7-validates-as-tel\" aria-required=\"true\" aria-invalid=\"false\" value=\"\" type=\"tel\" name=\"your-number\" \/><\/span> <\/label>\n<br>\n<label>Email<br>\n    <span class=\"wpcf7-form-control-wrap\" data-name=\"your-email\"><input size=\"40\" maxlength=\"400\" class=\"wpcf7-form-control wpcf7-email wpcf7-validates-as-required wpcf7-text wpcf7-validates-as-email\" aria-required=\"true\" aria-invalid=\"false\" value=\"\" type=\"email\" name=\"your-email\" \/><\/span> <\/label>\n<br>\n<label> Il tuo messaggio<br>\n    <span class=\"wpcf7-form-control-wrap\" data-name=\"your-message\"><textarea cols=\"40\" rows=\"10\" maxlength=\"2000\" class=\"wpcf7-form-control wpcf7-textarea\" aria-invalid=\"false\" name=\"your-message\"><\/textarea><\/span> <\/label>\n<br>\n<input class=\"wpcf7-form-control wpcf7-submit has-spinner\" type=\"submit\" value=\"Invia\" \/><div class=\"wpcf7-response-output\" aria-hidden=\"true\"><\/div>\n<\/form>\n<\/div>\n\n<\/div>\n<\/div>\n","protected":false},"excerpt":{"rendered":"<p>Con &#8220;Sicurezza funzionale&#8221;, LinMot integra direttamente nei propri azionamenti e nei motori le funzioni di sicurezza funzionale, oltre ad alcune nuove funzioni aggiuntive, avendo cura di garantire che siano identici nel design ai prodotti esistenti. 1. Dettagli Le funzioni di sicurezza sono integrate direttamente nell\u2019azionamento e non richiedono alcun hardware aggiuntivo, questo permette di ridurre [&hellip;]<\/p>\n","protected":false},"author":9,"featured_media":0,"parent":46,"menu_order":56,"comment_status":"closed","ping_status":"closed","template":"","meta":{"_acf_changed":false,"footnotes":""},"class_list":["post-2120","page","type-page","status-publish","hentry"],"acf":[],"yoast_head":"<!-- This site is optimized with the Yoast SEO Premium plugin v20.9 (Yoast SEO v27.4) - https:\/\/yoast.com\/product\/yoast-seo-premium-wordpress\/ -->\n<title>Sicurezza funzionale - LinMot e MagSpring - Italiano<\/title>\n<meta name=\"description\" content=\"Con &quot;Sicurezza funzionale&quot;, LinMot integra le funzioni di sicurezza e alcune nuove funzioni aggiuntive direttamente nell&#039;azionamento e nel motore.\" \/>\n<meta name=\"robots\" content=\"index, follow, max-snippet:-1, max-image-preview:large, max-video-preview:-1\" \/>\n<link rel=\"canonical\" href=\"https:\/\/linmot.com\/it\/prodotti\/servo-drives\/sicurezza-funzionale\/\" \/>\n<meta property=\"og:locale\" content=\"it_IT\" \/>\n<meta property=\"og:type\" content=\"article\" \/>\n<meta property=\"og:title\" content=\"Sicurezza funzionale - LinMot e MagSpring - Italiano\" \/>\n<meta property=\"og:description\" content=\"Con &quot;Sicurezza funzionale&quot;, LinMot integra le funzioni di sicurezza e alcune nuove funzioni aggiuntive direttamente nell&#039;azionamento e nel motore.\" \/>\n<meta property=\"og:url\" content=\"https:\/\/linmot.com\/it\/prodotti\/servo-drives\/sicurezza-funzionale\/\" \/>\n<meta property=\"og:site_name\" content=\"LinMot e MagSpring - Italiano\" \/>\n<meta property=\"article:modified_time\" content=\"2025-04-14T14:00:22+00:00\" \/>\n<meta property=\"og:image\" content=\"https:\/\/linmot.com\/it\/wp-content\/uploads\/sites\/4\/2022\/05\/linmot-social-share-logo.jpg\" \/>\n\t<meta property=\"og:image:width\" content=\"800\" \/>\n\t<meta property=\"og:image:height\" content=\"500\" \/>\n\t<meta property=\"og:image:type\" content=\"image\/jpeg\" \/>\n<meta name=\"twitter:card\" content=\"summary_large_image\" \/>\n<meta name=\"twitter:title\" content=\"Sicurezza funzionale - LinMot e MagSpring - Italiano\" \/>\n<meta name=\"twitter:description\" content=\"Con &quot;Sicurezza funzionale&quot;, LinMot integra le funzioni di sicurezza e alcune nuove funzioni aggiuntive direttamente nell&#039;azionamento e nel motore.\" \/>\n<meta name=\"twitter:label1\" content=\"Tempo di lettura stimato\" \/>\n\t<meta name=\"twitter:data1\" content=\"4 minuti\" \/>\n<script type=\"application\/ld+json\" class=\"yoast-schema-graph\">{\"@context\":\"https:\\\/\\\/schema.org\",\"@graph\":[{\"@type\":\"WebPage\",\"@id\":\"https:\\\/\\\/linmot.com\\\/it\\\/prodotti\\\/servo-drives\\\/sicurezza-funzionale\\\/\",\"url\":\"https:\\\/\\\/linmot.com\\\/it\\\/prodotti\\\/servo-drives\\\/sicurezza-funzionale\\\/\",\"name\":\"Sicurezza funzionale - LinMot e MagSpring - Italiano\",\"isPartOf\":{\"@id\":\"https:\\\/\\\/linmot.com\\\/it\\\/#website\"},\"primaryImageOfPage\":{\"@id\":\"https:\\\/\\\/linmot.com\\\/it\\\/prodotti\\\/servo-drives\\\/sicurezza-funzionale\\\/#primaryimage\"},\"image\":{\"@id\":\"https:\\\/\\\/linmot.com\\\/it\\\/prodotti\\\/servo-drives\\\/sicurezza-funzionale\\\/#primaryimage\"},\"thumbnailUrl\":\"https:\\\/\\\/linmot.com\\\/wp-content\\\/uploads\\\/2021\\\/11\\\/functional-safety.jpg\",\"datePublished\":\"2021-12-02T09:43:41+00:00\",\"dateModified\":\"2025-04-14T14:00:22+00:00\",\"description\":\"Con \\\"Sicurezza funzionale\\\", LinMot integra le funzioni di sicurezza e alcune nuove funzioni aggiuntive direttamente nell'azionamento e nel motore.\",\"breadcrumb\":{\"@id\":\"https:\\\/\\\/linmot.com\\\/it\\\/prodotti\\\/servo-drives\\\/sicurezza-funzionale\\\/#breadcrumb\"},\"inLanguage\":\"it-IT\",\"potentialAction\":[{\"@type\":\"ReadAction\",\"target\":[\"https:\\\/\\\/linmot.com\\\/it\\\/prodotti\\\/servo-drives\\\/sicurezza-funzionale\\\/\"]}]},{\"@type\":\"ImageObject\",\"inLanguage\":\"it-IT\",\"@id\":\"https:\\\/\\\/linmot.com\\\/it\\\/prodotti\\\/servo-drives\\\/sicurezza-funzionale\\\/#primaryimage\",\"url\":\"https:\\\/\\\/linmot.com\\\/wp-content\\\/uploads\\\/2021\\\/11\\\/functional-safety.jpg\",\"contentUrl\":\"https:\\\/\\\/linmot.com\\\/wp-content\\\/uploads\\\/2021\\\/11\\\/functional-safety.jpg\"},{\"@type\":\"BreadcrumbList\",\"@id\":\"https:\\\/\\\/linmot.com\\\/it\\\/prodotti\\\/servo-drives\\\/sicurezza-funzionale\\\/#breadcrumb\",\"itemListElement\":[{\"@type\":\"ListItem\",\"position\":1,\"name\":\"Home\",\"item\":\"https:\\\/\\\/linmot.com\\\/it\\\/\"},{\"@type\":\"ListItem\",\"position\":2,\"name\":\"Prodotti\",\"item\":\"https:\\\/\\\/linmot.com\\\/it\\\/prodotti\\\/\"},{\"@type\":\"ListItem\",\"position\":3,\"name\":\"Servo Drives\",\"item\":\"https:\\\/\\\/linmot.com\\\/it\\\/prodotti\\\/servo-drives\\\/\"},{\"@type\":\"ListItem\",\"position\":4,\"name\":\"Sicurezza funzionale\"}]},{\"@type\":\"WebSite\",\"@id\":\"https:\\\/\\\/linmot.com\\\/it\\\/#website\",\"url\":\"https:\\\/\\\/linmot.com\\\/it\\\/\",\"name\":\"LinMot e MagSpring - Italiano\",\"description\":\"Motori lineari e sistemi di motori lineari di alta qualit\u00e0\",\"publisher\":{\"@id\":\"https:\\\/\\\/linmot.com\\\/it\\\/#organization\"},\"potentialAction\":[{\"@type\":\"SearchAction\",\"target\":{\"@type\":\"EntryPoint\",\"urlTemplate\":\"https:\\\/\\\/linmot.com\\\/it\\\/?s={search_term_string}\"},\"query-input\":{\"@type\":\"PropertyValueSpecification\",\"valueRequired\":true,\"valueName\":\"search_term_string\"}}],\"inLanguage\":\"it-IT\"},{\"@type\":\"Organization\",\"@id\":\"https:\\\/\\\/linmot.com\\\/it\\\/#organization\",\"name\":\"NTI AG - LinMot & MagSpring\",\"url\":\"https:\\\/\\\/linmot.com\\\/it\\\/\",\"logo\":{\"@type\":\"ImageObject\",\"inLanguage\":\"it-IT\",\"@id\":\"https:\\\/\\\/linmot.com\\\/it\\\/#\\\/schema\\\/logo\\\/image\\\/\",\"url\":\"https:\\\/\\\/linmot.com\\\/it\\\/wp-content\\\/uploads\\\/sites\\\/4\\\/2022\\\/05\\\/linmot-social-share-logo.jpg\",\"contentUrl\":\"https:\\\/\\\/linmot.com\\\/it\\\/wp-content\\\/uploads\\\/sites\\\/4\\\/2022\\\/05\\\/linmot-social-share-logo.jpg\",\"width\":800,\"height\":500,\"caption\":\"NTI AG - LinMot & MagSpring\"},\"image\":{\"@id\":\"https:\\\/\\\/linmot.com\\\/it\\\/#\\\/schema\\\/logo\\\/image\\\/\"},\"sameAs\":[\"https:\\\/\\\/www.linkedin.com\\\/company\\\/pamoco-spa\\\/\",\"https:\\\/\\\/www.youtube.com\\\/user\\\/LinMotEurope\"]}]}<\/script>\n<!-- \/ Yoast SEO Premium plugin. -->","yoast_head_json":{"title":"Sicurezza funzionale - LinMot e MagSpring - Italiano","description":"Con \"Sicurezza funzionale\", LinMot integra le funzioni di sicurezza e alcune nuove funzioni aggiuntive direttamente nell'azionamento e nel motore.","robots":{"index":"index","follow":"follow","max-snippet":"max-snippet:-1","max-image-preview":"max-image-preview:large","max-video-preview":"max-video-preview:-1"},"canonical":"https:\/\/linmot.com\/it\/prodotti\/servo-drives\/sicurezza-funzionale\/","og_locale":"it_IT","og_type":"article","og_title":"Sicurezza funzionale - LinMot e MagSpring - Italiano","og_description":"Con \"Sicurezza funzionale\", LinMot integra le funzioni di sicurezza e alcune nuove funzioni aggiuntive direttamente nell'azionamento e nel motore.","og_url":"https:\/\/linmot.com\/it\/prodotti\/servo-drives\/sicurezza-funzionale\/","og_site_name":"LinMot e MagSpring - Italiano","article_modified_time":"2025-04-14T14:00:22+00:00","og_image":[{"width":800,"height":500,"url":"https:\/\/linmot.com\/it\/wp-content\/uploads\/sites\/4\/2022\/05\/linmot-social-share-logo.jpg","type":"image\/jpeg"}],"twitter_card":"summary_large_image","twitter_title":"Sicurezza funzionale - LinMot e MagSpring - Italiano","twitter_description":"Con \"Sicurezza funzionale\", LinMot integra le funzioni di sicurezza e alcune nuove funzioni aggiuntive direttamente nell'azionamento e nel motore.","twitter_misc":{"Tempo di lettura stimato":"4 minuti"},"schema":{"@context":"https:\/\/schema.org","@graph":[{"@type":"WebPage","@id":"https:\/\/linmot.com\/it\/prodotti\/servo-drives\/sicurezza-funzionale\/","url":"https:\/\/linmot.com\/it\/prodotti\/servo-drives\/sicurezza-funzionale\/","name":"Sicurezza funzionale - LinMot e MagSpring - Italiano","isPartOf":{"@id":"https:\/\/linmot.com\/it\/#website"},"primaryImageOfPage":{"@id":"https:\/\/linmot.com\/it\/prodotti\/servo-drives\/sicurezza-funzionale\/#primaryimage"},"image":{"@id":"https:\/\/linmot.com\/it\/prodotti\/servo-drives\/sicurezza-funzionale\/#primaryimage"},"thumbnailUrl":"https:\/\/linmot.com\/wp-content\/uploads\/2021\/11\/functional-safety.jpg","datePublished":"2021-12-02T09:43:41+00:00","dateModified":"2025-04-14T14:00:22+00:00","description":"Con \"Sicurezza funzionale\", LinMot integra le funzioni di sicurezza e alcune nuove funzioni aggiuntive direttamente nell'azionamento e nel motore.","breadcrumb":{"@id":"https:\/\/linmot.com\/it\/prodotti\/servo-drives\/sicurezza-funzionale\/#breadcrumb"},"inLanguage":"it-IT","potentialAction":[{"@type":"ReadAction","target":["https:\/\/linmot.com\/it\/prodotti\/servo-drives\/sicurezza-funzionale\/"]}]},{"@type":"ImageObject","inLanguage":"it-IT","@id":"https:\/\/linmot.com\/it\/prodotti\/servo-drives\/sicurezza-funzionale\/#primaryimage","url":"https:\/\/linmot.com\/wp-content\/uploads\/2021\/11\/functional-safety.jpg","contentUrl":"https:\/\/linmot.com\/wp-content\/uploads\/2021\/11\/functional-safety.jpg"},{"@type":"BreadcrumbList","@id":"https:\/\/linmot.com\/it\/prodotti\/servo-drives\/sicurezza-funzionale\/#breadcrumb","itemListElement":[{"@type":"ListItem","position":1,"name":"Home","item":"https:\/\/linmot.com\/it\/"},{"@type":"ListItem","position":2,"name":"Prodotti","item":"https:\/\/linmot.com\/it\/prodotti\/"},{"@type":"ListItem","position":3,"name":"Servo Drives","item":"https:\/\/linmot.com\/it\/prodotti\/servo-drives\/"},{"@type":"ListItem","position":4,"name":"Sicurezza funzionale"}]},{"@type":"WebSite","@id":"https:\/\/linmot.com\/it\/#website","url":"https:\/\/linmot.com\/it\/","name":"LinMot e MagSpring - Italiano","description":"Motori lineari e sistemi di motori lineari di alta qualit\u00e0","publisher":{"@id":"https:\/\/linmot.com\/it\/#organization"},"potentialAction":[{"@type":"SearchAction","target":{"@type":"EntryPoint","urlTemplate":"https:\/\/linmot.com\/it\/?s={search_term_string}"},"query-input":{"@type":"PropertyValueSpecification","valueRequired":true,"valueName":"search_term_string"}}],"inLanguage":"it-IT"},{"@type":"Organization","@id":"https:\/\/linmot.com\/it\/#organization","name":"NTI AG - LinMot & MagSpring","url":"https:\/\/linmot.com\/it\/","logo":{"@type":"ImageObject","inLanguage":"it-IT","@id":"https:\/\/linmot.com\/it\/#\/schema\/logo\/image\/","url":"https:\/\/linmot.com\/it\/wp-content\/uploads\/sites\/4\/2022\/05\/linmot-social-share-logo.jpg","contentUrl":"https:\/\/linmot.com\/it\/wp-content\/uploads\/sites\/4\/2022\/05\/linmot-social-share-logo.jpg","width":800,"height":500,"caption":"NTI AG - LinMot & MagSpring"},"image":{"@id":"https:\/\/linmot.com\/it\/#\/schema\/logo\/image\/"},"sameAs":["https:\/\/www.linkedin.com\/company\/pamoco-spa\/","https:\/\/www.youtube.com\/user\/LinMotEurope"]}]}},"_links":{"self":[{"href":"https:\/\/linmot.com\/it\/wp-json\/wp\/v2\/pages\/2120","targetHints":{"allow":["GET"]}}],"collection":[{"href":"https:\/\/linmot.com\/it\/wp-json\/wp\/v2\/pages"}],"about":[{"href":"https:\/\/linmot.com\/it\/wp-json\/wp\/v2\/types\/page"}],"author":[{"embeddable":true,"href":"https:\/\/linmot.com\/it\/wp-json\/wp\/v2\/users\/9"}],"replies":[{"embeddable":true,"href":"https:\/\/linmot.com\/it\/wp-json\/wp\/v2\/comments?post=2120"}],"version-history":[{"count":27,"href":"https:\/\/linmot.com\/it\/wp-json\/wp\/v2\/pages\/2120\/revisions"}],"predecessor-version":[{"id":3893,"href":"https:\/\/linmot.com\/it\/wp-json\/wp\/v2\/pages\/2120\/revisions\/3893"}],"up":[{"embeddable":true,"href":"https:\/\/linmot.com\/it\/wp-json\/wp\/v2\/pages\/46"}],"wp:attachment":[{"href":"https:\/\/linmot.com\/it\/wp-json\/wp\/v2\/media?parent=2120"}],"curies":[{"name":"wp","href":"https:\/\/api.w.org\/{rel}","templated":true}]}}