{"id":1946,"date":"2021-09-27T15:11:00","date_gmt":"2021-09-27T13:11:00","guid":{"rendered":"https:\/\/linmot.com\/it\/?page_id=1946"},"modified":"2023-05-17T16:42:48","modified_gmt":"2023-05-17T14:42:48","slug":"la-chiave-per-l-industria-4-0-i-servoazionamenti","status":"publish","type":"page","link":"https:\/\/linmot.com\/it\/la-chiave-per-l-industria-4-0-i-servoazionamenti\/","title":{"rendered":"La chiave per l\u2019Industria 4.0: i servoazionamenti"},"content":{"rendered":"<p><strong>I servoazionamenti LinMot sono controllori di posizionamento compatti con una o pi\u00f9 unit\u00e0 di potenza per il controllo dei motori e un&#8217;unit\u00e0 di controllo intelligente con controllo di posizione integrato.<\/strong><\/p>\n<p>La gamma completa di servoazionamenti LinMot convince per la sua velocit\u00e0, l&#8217;elevata flessibilit\u00e0 e l&#8217;ampia gamma di funzioni. Inoltre, possono essere facilmente integrati in qualsiasi tipo di applicazione. I nostri azionamenti sono progettati per un controllo preciso, un rapporto forza\/coppia ottimale e un&#8217;ampia gamma di funzioni. In questo modo, completiamo in modo ottimale l&#8217;ampia gamma di motori lineari, moduli lineari integrati e attuatori lineari. Un altro fattore decisivo \u00e8 che i nostri servoazionamenti sono facili da usare e funzionano in modo affidabile, facendovi risparmiare tempo e denaro.<\/p>\n<p>L&#8217;unit\u00e0 di controllo assume tutte le funzioni di controllo e monitoraggio dell&#8217;azionamento. I dati raccolti consentono di produrre nel senso dell&#8217;Industria 4.0.<\/p>\n<hr \/>\n<div class=\"row download\">\n<div class=\"col-md-7\">\n<h3>In poche parole<\/h3>\n<ul>\n<li>Ampia gamma di applicazioni: da punto a punto a complesse applicazioni multiasse<\/li>\n<li>Comunicazione seriale, bus di campo e ETHERNET in tempo reale<\/li>\n<li>Traslazione di profili di moto o sequenze di programmi memorizzati internamente<\/li>\n<li>Controllo di posizione, velocit\u00e0, accelerazione e forza<\/li>\n<li>Funzioni di sicurezza integrate per lo spegnimento dello stadio di uscita<\/li>\n<li>Design compatto e semplice messa in servizio<\/li>\n<\/ul>\n<\/div>\n<div class=\"col-md-5\">\n<div class=\"brlbs-cmpnt-container brlbs-cmpnt-content-blocker brlbs-cmpnt-with-individual-styles\" data-borlabs-cookie-content-blocker-id=\"default\" data-borlabs-cookie-content=\"PGlmcmFtZSB0aXRsZT0iWW91VHViZSB2aWRlbyBwbGF5ZXIiIHNyYz0iaHR0cHM6Ly93d3cueW91dHViZS5jb20vZW1iZWQvT0hVaFJlMzBpNHc\/c3RhcnQ9NDYiIHdpZHRoPSIzOTAiIGhlaWdodD0iMjgwIiBmcmFtZWJvcmRlcj0iMCIgYWxsb3dmdWxsc2NyZWVuPSJhbGxvd2Z1bGxzY3JlZW4iPjwvaWZyYW1lPg==\">\n<div class=\"brlbs-cmpnt-cb-preset-a\">\n<p class=\"brlbs-cmpnt-cb-description\">Stai visualizzando un contenuto segnaposto da <strong>Predefinito<\/strong>. Per accedere al contenuto effettivo, clicca sul pulsante sottostante. Si prega di notare che in questo modo si condividono i dati con provider di terze parti.<\/p>\n<div class=\"brlbs-cmpnt-cb-buttons\"> <a class=\"brlbs-cmpnt-cb-btn\" href=\"#\" data-borlabs-cookie-unblock role=\"button\">Sblocca i contenuti<\/a> <a class=\"brlbs-cmpnt-cb-btn\" href=\"#\" data-borlabs-cookie-accept-service role=\"button\" style=\"display: none\">Accetta il servizio richiesto e sblocca i contenuti<\/a> <\/div>\n<p> <a class=\"brlbs-cmpnt-cb-provider-toggle\" href=\"#\" data-borlabs-cookie-show-provider-information role=\"button\">Ulteriori informazioni<\/a> <\/div>\n<\/div>\n<\/div>\n<\/div>\n<hr \/>\n<h3>Maggiori informazioni sui servoazionamenti e Industria 4.0<\/h3>\n<div class=\"row download\">\n<div class=\"col-md-4\">\n<ul>\n<li>Dettagli dei servoazionamenti<\/li>\n<li>Varie interfacce di bus di campo<\/li>\n<li>Tutti i vantaggi in sintesi<\/li>\n<\/ul>\n<p><a class=\"button\" href=\"https:\/\/linmot.com\/de\/produkte\/servo-drives\/\" rel=\"noopener\">Alla pagina del prodotto<\/a><br \/>\n<\/div>\n<div class=\"col-md-4\">\n<ul>\n<li>Dati tecnici<\/li>\n<li>Istruzioni per l\u2019installazione<\/li>\n<li>Software<\/li>\n<\/ul>\n<p><a class=\"button\" href=\"https:\/\/shop.linmot.com\/E\/servo-drives.htm\" target=\"_same\" rel=\"noopener\">Al catalogo elettronico<\/a><br \/>\n<\/div>\n<div class=\"col-md-4\">\n<ul>\n<li>Video: Esempi di applicazione<\/li>\n<li>Video: Dimostrazioni<\/li>\n<li>Video: Pick\u2019n\u2019Place<\/li>\n<\/ul>\n<p><a class=\"button\" href=\"https:\/\/www.youtube.com\/watch?v=4_6KI_5cmOo&amp;list=PLR_bmqMbOMGfULTXsg0BQSVWMkuZROPaW\" target=\"_same\" rel=\"noopener\">Alla playlist di Youtube<\/a><br \/>\n<\/div>\n<\/div>\n<hr \/>\n<h3>Esempi di industria<\/h3>\n<div class=\"row\">\n<div class=\"col-md-4\">\n<a href=\"https:\/\/linmot.com\/it\/soluzioni-industriali\/prodotti-alimentari\/\">Prodotti alimentari<\/a><br \/>\n<img loading=\"lazy\" decoding=\"async\" class=\"size-full wp-image-1975\" src=\"https:\/\/linmot.com\/de\/wp-content\/uploads\/sites\/2\/2021\/07\/icon-food.png\" alt=\"\" width=\"71\" height=\"39\" \/><br \/>\n<\/div>\n<div class=\"col-md-4\">\n<a href=\"https:\/\/linmot.com\/it\/soluzioni-industriali\/lavorazione-del-legno\/\">Lavorazione del Legno<\/a><br \/>\n<img loading=\"lazy\" decoding=\"async\" class=\"wp-image-1976 size-full\" src=\"https:\/\/linmot.com\/de\/wp-content\/uploads\/sites\/2\/2021\/07\/icon-wood-machines.png\" alt=\"\" width=\"74\" height=\"40\" \/><br \/>\n<\/div>\n<div class=\"col-md-4\">\n<a href=\"https:\/\/linmot.com\/it\/soluzioni-industriali\/automotive\/\">Automotive<\/a><br \/>\n<img loading=\"lazy\" decoding=\"async\" class=\"wp-image-1977 size-full\" src=\"https:\/\/linmot.com\/de\/wp-content\/uploads\/sites\/2\/2021\/07\/icon-automotive.png\" alt=\"\" width=\"84\" height=\"35\" \/><br \/>\n<\/div>\n<\/div>\n<div class=\"row\">\n<div class=\"col-md-4\">\n<a href=\"https:\/\/linmot.com\/it\/soluzioni-industriali\/macchinari-per-lindustria-tessile\/\">Macchinari per l\u2019industria tessile<\/a><br \/>\n<img loading=\"lazy\" decoding=\"async\" class=\"wp-image-1978 size-full\" src=\"https:\/\/linmot.com\/de\/wp-content\/uploads\/sites\/2\/2021\/07\/icon-textile-machines.png\" alt=\"\" width=\"71\" height=\"37\" \/><br \/>\n<\/div>\n<div class=\"col-md-4\">\n<a href=\"https:\/\/linmot.com\/it\/soluzioni-industriali\/automazione-da-laboratorio\/\">Automazione da laboratorio<\/a><br \/>\n<img loading=\"lazy\" decoding=\"async\" class=\"wp-image-1980 size-full\" src=\"https:\/\/linmot.com\/de\/wp-content\/uploads\/sites\/2\/2021\/07\/icon-laboratory-automation.png\" alt=\"\" width=\"63\" height=\"48\" \/><br \/>\n<\/div>\n<div class=\"col-md-4\">\n<a href=\"https:\/\/linmot.com\/it\/soluzioni-industriali\/stampa-ed-etichettatura\/\">Stampa ed etichettatura<\/a><br \/>\n<img loading=\"lazy\" decoding=\"async\" class=\"wp-image-1979 size-full\" src=\"https:\/\/linmot.com\/de\/wp-content\/uploads\/sites\/2\/2021\/07\/icon-drucken-etikettieren.png\" alt=\"\" width=\"62\" height=\"56\" \/><br \/>\n<\/div>\n<\/div>\n<div class=\"row\">\n<div class=\"col-md-4\">\n<a href=\"https:\/\/linmot.com\/it\/soluzioni-industriali\/medicina-e-industria-farmaceutica\/\">Medicina e industria farmaceutica<\/a><br \/>\n<img loading=\"lazy\" decoding=\"async\" class=\"alignnone wp-image-2020 size-full\" src=\"https:\/\/linmot.com\/de\/wp-content\/uploads\/sites\/2\/2021\/07\/icon-pharma.jpg\" alt=\"\" width=\"63\" height=\"48\" \/><br \/>\n<\/div>\n<div class=\"col-md-4\">\n<a href=\"https:\/\/linmot.com\/it\/soluzioni-industriali\/prodotti-alimentari\/\">Bevande<\/a><br \/>\n<img loading=\"lazy\" decoding=\"async\" class=\"alignnone wp-image-2021 size-full\" src=\"https:\/\/linmot.com\/de\/wp-content\/uploads\/sites\/2\/2021\/07\/icon-food-beverage.png\" alt=\"\" width=\"92\" height=\"40\" \/><br \/>\n<\/div>\n<div class=\"col-md-4\">\n<a href=\"https:\/\/linmot.com\/it\/soluzioni-industriali\/manipolazione-e-assemblaggio\/\">Manipolazione e assemblaggio<\/a><br \/>\n<img loading=\"lazy\" decoding=\"async\" class=\"alignnone wp-image-2022 size-full\" src=\"https:\/\/linmot.com\/de\/wp-content\/uploads\/sites\/2\/2021\/07\/icon-montage.png\" alt=\"\" width=\"63\" height=\"48\" \/><br \/>\n<\/div>\n<\/div>\n<hr \/>\n<h3>Avete domande sui motori?<\/h3>\n<div class=\"row download\">\n<div class=\"col-md-8\">\n<p class=\"bodytext\">Saremo lieti di rispondere a qualsiasi domanda sui motori.<br \/>\nPer farlo, contattateci utilizzando il modulo sottostante o chiamateci al numero:<\/p>\n<p class=\"bodytext\">Tel: +49 (0)201 858940 0<\/p>\n<p class=\"bodytext\">Il team LinMot<\/p>\n<\/div>\n<div class=\"col-md-4\">\n\n<div class=\"wpcf7 no-js\" id=\"wpcf7-f1805-o1\" lang=\"it-IT\" dir=\"ltr\" data-wpcf7-id=\"1805\">\n<div class=\"screen-reader-response\"><p role=\"status\" aria-live=\"polite\" aria-atomic=\"true\"><\/p> <ul><\/ul><\/div>\n<form action=\"\/it\/wp-json\/wp\/v2\/pages\/1946#wpcf7-f1805-o1\" method=\"post\" class=\"wpcf7-form init\" aria-label=\"Modulo di contatto\" novalidate=\"novalidate\" data-status=\"init\">\n<fieldset class=\"hidden-fields-container\"><input type=\"hidden\" name=\"_wpcf7\" value=\"1805\" \/><input type=\"hidden\" name=\"_wpcf7_version\" value=\"6.1.5\" \/><input type=\"hidden\" name=\"_wpcf7_locale\" value=\"it_IT\" \/><input type=\"hidden\" name=\"_wpcf7_unit_tag\" value=\"wpcf7-f1805-o1\" \/><input type=\"hidden\" name=\"_wpcf7_container_post\" value=\"0\" \/><input type=\"hidden\" name=\"_wpcf7_posted_data_hash\" value=\"\" \/><input type=\"hidden\" name=\"_wpcf7_recaptcha_response\" value=\"\" \/>\n<\/fieldset>\n<label>Il tuo nome<br>\n    <span class=\"wpcf7-form-control-wrap\" data-name=\"your-name\"><input size=\"40\" maxlength=\"400\" class=\"wpcf7-form-control wpcf7-text wpcf7-validates-as-required\" aria-required=\"true\" aria-invalid=\"false\" value=\"\" type=\"text\" name=\"your-name\" \/><\/span> <\/label>\n<br>\n<label>Azienda<br>\n    <span class=\"wpcf7-form-control-wrap\" data-name=\"your-company\"><input size=\"40\" maxlength=\"400\" class=\"wpcf7-form-control wpcf7-text wpcf7-validates-as-required\" aria-required=\"true\" aria-invalid=\"false\" value=\"\" type=\"text\" name=\"your-company\" \/><\/span> <\/label>\n<br>\n<label>Codice postale<br>\n    <span class=\"wpcf7-form-control-wrap\" data-name=\"your-plz\"><input class=\"wpcf7-form-control wpcf7-number wpcf7-validates-as-required wpcf7-validates-as-number\" aria-required=\"true\" aria-invalid=\"false\" value=\"\" type=\"number\" name=\"your-plz\" \/><\/span> <\/label>\n<br>\n<label>Paese<br>\n    <span class=\"wpcf7-form-control-wrap\" data-name=\"your-country\"><input size=\"40\" maxlength=\"400\" class=\"wpcf7-form-control wpcf7-text wpcf7-validates-as-required\" aria-required=\"true\" aria-invalid=\"false\" value=\"\" type=\"text\" name=\"your-country\" \/><\/span> <\/label>\n<br>\n<label>Numero di telefono<br>\n    <span class=\"wpcf7-form-control-wrap\" data-name=\"your-number\"><input size=\"40\" maxlength=\"400\" class=\"wpcf7-form-control wpcf7-tel wpcf7-validates-as-required wpcf7-text wpcf7-validates-as-tel\" aria-required=\"true\" aria-invalid=\"false\" value=\"\" type=\"tel\" name=\"your-number\" \/><\/span> <\/label>\n<br>\n<label>Email<br>\n    <span class=\"wpcf7-form-control-wrap\" data-name=\"your-email\"><input size=\"40\" maxlength=\"400\" class=\"wpcf7-form-control wpcf7-email wpcf7-validates-as-required wpcf7-text wpcf7-validates-as-email\" aria-required=\"true\" aria-invalid=\"false\" value=\"\" type=\"email\" name=\"your-email\" \/><\/span> <\/label>\n<br>\n<label> Il tuo messaggio<br>\n    <span class=\"wpcf7-form-control-wrap\" data-name=\"your-message\"><textarea cols=\"40\" rows=\"10\" maxlength=\"2000\" class=\"wpcf7-form-control wpcf7-textarea\" aria-invalid=\"false\" name=\"your-message\"><\/textarea><\/span> <\/label>\n<br>\n<input class=\"wpcf7-form-control wpcf7-submit has-spinner\" type=\"submit\" value=\"Invia\" \/><div class=\"wpcf7-response-output\" aria-hidden=\"true\"><\/div>\n<\/form>\n<\/div>\n\n<\/div>\n<\/div>\n<p>&nbsp;<\/p>\n","protected":false},"excerpt":{"rendered":"<p>I servoazionamenti LinMot sono controllori di posizionamento compatti con una o pi\u00f9 unit\u00e0 di potenza per il controllo dei motori e un&#8217;unit\u00e0 di controllo intelligente con controllo di posizione integrato. La gamma completa di servoazionamenti LinMot convince per la sua velocit\u00e0, l&#8217;elevata flessibilit\u00e0 e l&#8217;ampia gamma di funzioni. Inoltre, possono essere facilmente integrati in qualsiasi [&hellip;]<\/p>\n","protected":false},"author":9,"featured_media":0,"parent":0,"menu_order":41,"comment_status":"closed","ping_status":"closed","template":"","meta":{"_acf_changed":false,"footnotes":""},"class_list":["post-1946","page","type-page","status-publish","hentry"],"acf":[],"yoast_head":"<!-- This site is optimized with the Yoast SEO Premium plugin v20.9 (Yoast SEO v27.2) - https:\/\/yoast.com\/product\/yoast-seo-premium-wordpress\/ -->\n<title>La chiave per l\u2019Industria 4.0: i servoazionamenti<\/title>\n<meta name=\"description\" content=\"L&#039;unit\u00e0 di controllo si fa carico di tutte le funzioni di controllo e monitoraggio relative all&#039;azionamento, consentendo cos\u00ec la produzione Industria 4.0.\" \/>\n<meta name=\"robots\" content=\"index, follow, max-snippet:-1, max-image-preview:large, max-video-preview:-1\" \/>\n<link rel=\"canonical\" href=\"https:\/\/linmot.com\/it\/la-chiave-per-l-industria-4-0-i-servoazionamenti\/\" \/>\n<meta property=\"og:locale\" content=\"it_IT\" \/>\n<meta property=\"og:type\" content=\"article\" \/>\n<meta property=\"og:title\" content=\"La chiave per l\u2019Industria 4.0: i servoazionamenti\" \/>\n<meta property=\"og:description\" content=\"L&#039;unit\u00e0 di controllo si fa carico di tutte le funzioni di controllo e monitoraggio relative all&#039;azionamento, consentendo cos\u00ec la produzione Industria 4.0.\" \/>\n<meta property=\"og:url\" content=\"https:\/\/linmot.com\/it\/la-chiave-per-l-industria-4-0-i-servoazionamenti\/\" \/>\n<meta property=\"og:site_name\" content=\"LinMot e MagSpring - Italiano\" \/>\n<meta property=\"article:modified_time\" content=\"2023-05-17T14:42:48+00:00\" \/>\n<meta property=\"og:image\" content=\"https:\/\/linmot.com\/it\/wp-content\/uploads\/sites\/4\/2017\/10\/servo-drives-product-overview-ENG-2016.png\" \/>\n\t<meta property=\"og:image:width\" content=\"4615\" \/>\n\t<meta property=\"og:image:height\" content=\"2839\" \/>\n\t<meta property=\"og:image:type\" content=\"image\/png\" \/>\n<meta name=\"twitter:card\" content=\"summary_large_image\" \/>\n<meta name=\"twitter:title\" content=\"La chiave per l\u2019Industria 4.0: i servoazionamenti\" \/>\n<meta name=\"twitter:description\" content=\"L&#039;unit\u00e0 di controllo si fa carico di tutte le funzioni di controllo e monitoraggio relative all&#039;azionamento, consentendo cos\u00ec la produzione Industria 4.0.\" \/>\n<meta name=\"twitter:image\" content=\"https:\/\/linmot.com\/it\/wp-content\/uploads\/sites\/4\/2017\/10\/servo-drives-product-overview-ENG-2016.png\" \/>\n<meta name=\"twitter:label1\" content=\"Tempo di lettura stimato\" \/>\n\t<meta name=\"twitter:data1\" content=\"4 minuti\" \/>\n<script type=\"application\/ld+json\" class=\"yoast-schema-graph\">{\"@context\":\"https:\/\/schema.org\",\"@graph\":[{\"@type\":\"WebPage\",\"@id\":\"https:\/\/linmot.com\/it\/la-chiave-per-l-industria-4-0-i-servoazionamenti\/\",\"url\":\"https:\/\/linmot.com\/it\/la-chiave-per-l-industria-4-0-i-servoazionamenti\/\",\"name\":\"La chiave per l\u2019Industria 4.0: i servoazionamenti\",\"isPartOf\":{\"@id\":\"https:\/\/linmot.com\/it\/#website\"},\"primaryImageOfPage\":{\"@id\":\"https:\/\/linmot.com\/it\/la-chiave-per-l-industria-4-0-i-servoazionamenti\/#primaryimage\"},\"image\":{\"@id\":\"https:\/\/linmot.com\/it\/la-chiave-per-l-industria-4-0-i-servoazionamenti\/#primaryimage\"},\"thumbnailUrl\":\"https:\/\/linmot.com\/de\/wp-content\/uploads\/sites\/2\/2021\/07\/icon-food.png\",\"datePublished\":\"2021-09-27T13:11:00+00:00\",\"dateModified\":\"2023-05-17T14:42:48+00:00\",\"description\":\"L'unit\u00e0 di controllo si fa carico di tutte le funzioni di controllo e monitoraggio relative all'azionamento, consentendo cos\u00ec la produzione Industria 4.0.\",\"breadcrumb\":{\"@id\":\"https:\/\/linmot.com\/it\/la-chiave-per-l-industria-4-0-i-servoazionamenti\/#breadcrumb\"},\"inLanguage\":\"it-IT\",\"potentialAction\":[{\"@type\":\"ReadAction\",\"target\":[\"https:\/\/linmot.com\/it\/la-chiave-per-l-industria-4-0-i-servoazionamenti\/\"]}]},{\"@type\":\"ImageObject\",\"inLanguage\":\"it-IT\",\"@id\":\"https:\/\/linmot.com\/it\/la-chiave-per-l-industria-4-0-i-servoazionamenti\/#primaryimage\",\"url\":\"https:\/\/linmot.com\/de\/wp-content\/uploads\/sites\/2\/2021\/07\/icon-food.png\",\"contentUrl\":\"https:\/\/linmot.com\/de\/wp-content\/uploads\/sites\/2\/2021\/07\/icon-food.png\"},{\"@type\":\"BreadcrumbList\",\"@id\":\"https:\/\/linmot.com\/it\/la-chiave-per-l-industria-4-0-i-servoazionamenti\/#breadcrumb\",\"itemListElement\":[{\"@type\":\"ListItem\",\"position\":1,\"name\":\"Home\",\"item\":\"https:\/\/linmot.com\/it\/\"},{\"@type\":\"ListItem\",\"position\":2,\"name\":\"La chiave per l\u2019Industria 4.0: i servoazionamenti\"}]},{\"@type\":\"WebSite\",\"@id\":\"https:\/\/linmot.com\/it\/#website\",\"url\":\"https:\/\/linmot.com\/it\/\",\"name\":\"LinMot e MagSpring - Italiano\",\"description\":\"Motori lineari e sistemi di motori lineari di alta qualit\u00e0\",\"publisher\":{\"@id\":\"https:\/\/linmot.com\/it\/#organization\"},\"potentialAction\":[{\"@type\":\"SearchAction\",\"target\":{\"@type\":\"EntryPoint\",\"urlTemplate\":\"https:\/\/linmot.com\/it\/?s={search_term_string}\"},\"query-input\":{\"@type\":\"PropertyValueSpecification\",\"valueRequired\":true,\"valueName\":\"search_term_string\"}}],\"inLanguage\":\"it-IT\"},{\"@type\":\"Organization\",\"@id\":\"https:\/\/linmot.com\/it\/#organization\",\"name\":\"NTI AG - LinMot & MagSpring\",\"url\":\"https:\/\/linmot.com\/it\/\",\"logo\":{\"@type\":\"ImageObject\",\"inLanguage\":\"it-IT\",\"@id\":\"https:\/\/linmot.com\/it\/#\/schema\/logo\/image\/\",\"url\":\"https:\/\/linmot.com\/it\/wp-content\/uploads\/sites\/4\/2022\/05\/linmot-social-share-logo.jpg\",\"contentUrl\":\"https:\/\/linmot.com\/it\/wp-content\/uploads\/sites\/4\/2022\/05\/linmot-social-share-logo.jpg\",\"width\":800,\"height\":500,\"caption\":\"NTI AG - LinMot & MagSpring\"},\"image\":{\"@id\":\"https:\/\/linmot.com\/it\/#\/schema\/logo\/image\/\"},\"sameAs\":[\"https:\/\/www.linkedin.com\/company\/pamoco-spa\/\",\"https:\/\/www.youtube.com\/user\/LinMotEurope\"]}]}<\/script>\n<!-- \/ Yoast SEO Premium plugin. -->","yoast_head_json":{"title":"La chiave per l\u2019Industria 4.0: i servoazionamenti","description":"L'unit\u00e0 di controllo si fa carico di tutte le funzioni di controllo e monitoraggio relative all'azionamento, consentendo cos\u00ec la produzione Industria 4.0.","robots":{"index":"index","follow":"follow","max-snippet":"max-snippet:-1","max-image-preview":"max-image-preview:large","max-video-preview":"max-video-preview:-1"},"canonical":"https:\/\/linmot.com\/it\/la-chiave-per-l-industria-4-0-i-servoazionamenti\/","og_locale":"it_IT","og_type":"article","og_title":"La chiave per l\u2019Industria 4.0: i servoazionamenti","og_description":"L'unit\u00e0 di controllo si fa carico di tutte le funzioni di controllo e monitoraggio relative all'azionamento, consentendo cos\u00ec la produzione Industria 4.0.","og_url":"https:\/\/linmot.com\/it\/la-chiave-per-l-industria-4-0-i-servoazionamenti\/","og_site_name":"LinMot e MagSpring - Italiano","article_modified_time":"2023-05-17T14:42:48+00:00","og_image":[{"width":4615,"height":2839,"url":"https:\/\/linmot.com\/it\/wp-content\/uploads\/sites\/4\/2017\/10\/servo-drives-product-overview-ENG-2016.png","type":"image\/png"}],"twitter_card":"summary_large_image","twitter_title":"La chiave per l\u2019Industria 4.0: i servoazionamenti","twitter_description":"L'unit\u00e0 di controllo si fa carico di tutte le funzioni di controllo e monitoraggio relative all'azionamento, consentendo cos\u00ec la produzione Industria 4.0.","twitter_image":"https:\/\/linmot.com\/it\/wp-content\/uploads\/sites\/4\/2017\/10\/servo-drives-product-overview-ENG-2016.png","twitter_misc":{"Tempo di lettura stimato":"4 minuti"},"schema":{"@context":"https:\/\/schema.org","@graph":[{"@type":"WebPage","@id":"https:\/\/linmot.com\/it\/la-chiave-per-l-industria-4-0-i-servoazionamenti\/","url":"https:\/\/linmot.com\/it\/la-chiave-per-l-industria-4-0-i-servoazionamenti\/","name":"La chiave per l\u2019Industria 4.0: i servoazionamenti","isPartOf":{"@id":"https:\/\/linmot.com\/it\/#website"},"primaryImageOfPage":{"@id":"https:\/\/linmot.com\/it\/la-chiave-per-l-industria-4-0-i-servoazionamenti\/#primaryimage"},"image":{"@id":"https:\/\/linmot.com\/it\/la-chiave-per-l-industria-4-0-i-servoazionamenti\/#primaryimage"},"thumbnailUrl":"https:\/\/linmot.com\/de\/wp-content\/uploads\/sites\/2\/2021\/07\/icon-food.png","datePublished":"2021-09-27T13:11:00+00:00","dateModified":"2023-05-17T14:42:48+00:00","description":"L'unit\u00e0 di controllo si fa carico di tutte le funzioni di controllo e monitoraggio relative all'azionamento, consentendo cos\u00ec la produzione Industria 4.0.","breadcrumb":{"@id":"https:\/\/linmot.com\/it\/la-chiave-per-l-industria-4-0-i-servoazionamenti\/#breadcrumb"},"inLanguage":"it-IT","potentialAction":[{"@type":"ReadAction","target":["https:\/\/linmot.com\/it\/la-chiave-per-l-industria-4-0-i-servoazionamenti\/"]}]},{"@type":"ImageObject","inLanguage":"it-IT","@id":"https:\/\/linmot.com\/it\/la-chiave-per-l-industria-4-0-i-servoazionamenti\/#primaryimage","url":"https:\/\/linmot.com\/de\/wp-content\/uploads\/sites\/2\/2021\/07\/icon-food.png","contentUrl":"https:\/\/linmot.com\/de\/wp-content\/uploads\/sites\/2\/2021\/07\/icon-food.png"},{"@type":"BreadcrumbList","@id":"https:\/\/linmot.com\/it\/la-chiave-per-l-industria-4-0-i-servoazionamenti\/#breadcrumb","itemListElement":[{"@type":"ListItem","position":1,"name":"Home","item":"https:\/\/linmot.com\/it\/"},{"@type":"ListItem","position":2,"name":"La chiave per l\u2019Industria 4.0: i servoazionamenti"}]},{"@type":"WebSite","@id":"https:\/\/linmot.com\/it\/#website","url":"https:\/\/linmot.com\/it\/","name":"LinMot e MagSpring - Italiano","description":"Motori lineari e sistemi di motori lineari di alta qualit\u00e0","publisher":{"@id":"https:\/\/linmot.com\/it\/#organization"},"potentialAction":[{"@type":"SearchAction","target":{"@type":"EntryPoint","urlTemplate":"https:\/\/linmot.com\/it\/?s={search_term_string}"},"query-input":{"@type":"PropertyValueSpecification","valueRequired":true,"valueName":"search_term_string"}}],"inLanguage":"it-IT"},{"@type":"Organization","@id":"https:\/\/linmot.com\/it\/#organization","name":"NTI AG - LinMot & MagSpring","url":"https:\/\/linmot.com\/it\/","logo":{"@type":"ImageObject","inLanguage":"it-IT","@id":"https:\/\/linmot.com\/it\/#\/schema\/logo\/image\/","url":"https:\/\/linmot.com\/it\/wp-content\/uploads\/sites\/4\/2022\/05\/linmot-social-share-logo.jpg","contentUrl":"https:\/\/linmot.com\/it\/wp-content\/uploads\/sites\/4\/2022\/05\/linmot-social-share-logo.jpg","width":800,"height":500,"caption":"NTI AG - LinMot & MagSpring"},"image":{"@id":"https:\/\/linmot.com\/it\/#\/schema\/logo\/image\/"},"sameAs":["https:\/\/www.linkedin.com\/company\/pamoco-spa\/","https:\/\/www.youtube.com\/user\/LinMotEurope"]}]}},"_links":{"self":[{"href":"https:\/\/linmot.com\/it\/wp-json\/wp\/v2\/pages\/1946","targetHints":{"allow":["GET"]}}],"collection":[{"href":"https:\/\/linmot.com\/it\/wp-json\/wp\/v2\/pages"}],"about":[{"href":"https:\/\/linmot.com\/it\/wp-json\/wp\/v2\/types\/page"}],"author":[{"embeddable":true,"href":"https:\/\/linmot.com\/it\/wp-json\/wp\/v2\/users\/9"}],"replies":[{"embeddable":true,"href":"https:\/\/linmot.com\/it\/wp-json\/wp\/v2\/comments?post=1946"}],"version-history":[{"count":7,"href":"https:\/\/linmot.com\/it\/wp-json\/wp\/v2\/pages\/1946\/revisions"}],"predecessor-version":[{"id":3063,"href":"https:\/\/linmot.com\/it\/wp-json\/wp\/v2\/pages\/1946\/revisions\/3063"}],"wp:attachment":[{"href":"https:\/\/linmot.com\/it\/wp-json\/wp\/v2\/media?parent=1946"}],"curies":[{"name":"wp","href":"https:\/\/api.w.org\/{rel}","templated":true}]}}