{"id":1942,"date":"2021-09-27T14:54:32","date_gmt":"2021-09-27T12:54:32","guid":{"rendered":"https:\/\/linmot.com\/it\/?page_id=1942"},"modified":"2022-11-02T15:00:49","modified_gmt":"2022-11-02T14:00:49","slug":"movimenti-lineari-e-rotativi-con-un-unico-dispositivo-motori-lineari-rotativi","status":"publish","type":"page","link":"https:\/\/linmot.com\/it\/movimenti-lineari-e-rotativi-con-un-unico-dispositivo-motori-lineari-rotativi\/","title":{"rendered":"Movimenti lineari e rotativi con un unico dispositivo: Motori lineari rotativi"},"content":{"rendered":"<p><strong>I motori lineari rotativi LinMot sono caratterizzati da un\u2019eccellente flessibilit\u00e0, dinamica e velocit\u00e0. Essi combinano due servomotori elettromagnetici in un solo sottile alloggiamento permettendo cos\u00ec movimenti combinati lineari e rotativi in maniera molto semplice.<\/strong><\/p>\n<p>Questo dispositivo, pronto all\u2019uso, offre una grande variet\u00e0 di opzioni che permettono di supportare la realizzazione di complesse sequenze di processo. Per esempio, il costruttore della macchine pu\u00f2 scegliere dal passaggio dell\u2019aria compressa attraverso l\u2019albero cavo del motore ai componenti per compensare la massa (MagSpring) fino ai sensori integrati e calibrabili per registrare la coppia e la forza, e adattare perfettamente il motore lineare rotativo ai requisiti dell\u2019applicazione.<\/p>\n<p>Con il razionale design igienico del motore lineare rotativo LinMot gli utenti potranno beneficiare della semplicit\u00e0 di pulizia della superficie. Se questo non fosse sufficiente \u00e8 disponibile il frontale opzionale in acciaio inossidabile o l\u2019intero modulo in acciaio inossidabile che pu\u00f2 sicuramente essere una soluzione per particolari applicazioni ove \u00e8 richiesta una accurata sanificazione.<\/p>\n<hr \/>\n<div class=\"row download\">\n<div class=\"col-md-7\">\n<h3>In poche parole<\/h3>\n<ul>\n<li>Azionamento diretto lineare e rotativo altamente dinamico<\/li>\n<li>Movimenti lineari e rotativi indipendenti \u2013 se necessario sincronizzabili<\/li>\n<li>Forze di pressatura e coppie programmabili<\/li>\n<li>A scelta con passaggio d\u2019aria o spintore per l\u2019espulsione degli elementi afferrati<\/li>\n<li>MagSpring opzionale per la compensazione del carico<\/li>\n<li>In opzione struttura totalmente in acciaio inossidabile per applicazioni con elevati requisiti igienici<\/li>\n<\/ul>\n<\/div>\n<div class=\"col-md-5\">\n<div class=\"brlbs-cmpnt-container brlbs-cmpnt-content-blocker brlbs-cmpnt-with-individual-styles\" data-borlabs-cookie-content-blocker-id=\"default\" data-borlabs-cookie-content=\"PGlmcmFtZSB0aXRsZT0iWW91VHViZSB2aWRlbyBwbGF5ZXIiIHNyYz0iaHR0cHM6Ly93d3cueW91dHViZS5jb20vZW1iZWQvUkkwOWpGWVVfYjAiIHdpZHRoPSIzOTAiIGhlaWdodD0iMjgwIiBmcmFtZWJvcmRlcj0iMCIgYWxsb3dmdWxsc2NyZWVuPSJhbGxvd2Z1bGxzY3JlZW4iPjwvaWZyYW1lPg==\">\n<div class=\"brlbs-cmpnt-cb-preset-a\">\n<p class=\"brlbs-cmpnt-cb-description\">Stai visualizzando un contenuto segnaposto da <strong>Predefinito<\/strong>. Per accedere al contenuto effettivo, clicca sul pulsante sottostante. Si prega di notare che in questo modo si condividono i dati con provider di terze parti.<\/p>\n<div class=\"brlbs-cmpnt-cb-buttons\"> <a class=\"brlbs-cmpnt-cb-btn\" href=\"#\" data-borlabs-cookie-unblock role=\"button\">Sblocca i contenuti<\/a> <a class=\"brlbs-cmpnt-cb-btn\" href=\"#\" data-borlabs-cookie-accept-service role=\"button\" style=\"display: none\">Accetta il servizio richiesto e sblocca i contenuti<\/a> <\/div>\n<p> <a class=\"brlbs-cmpnt-cb-provider-toggle\" href=\"#\" data-borlabs-cookie-show-provider-information role=\"button\">Ulteriori informazioni<\/a> <\/div>\n<\/div>\n<\/div>\n<\/div>\n<hr \/>\n<h3>Per saperne di pi\u00f9 sui motori lineari rotativi<\/h3>\n<div class=\"row download\">\n<div class=\"col-md-4\">\n<ul>\n<li>Dettagli dei motori lineari rotativi<\/li>\n<li>Esempi applicativi<\/li>\n<li>Funzionalit\u00e0 in dettaglio<\/li>\n<\/ul>\n<p><a class=\"button\" href=\"\/it\/prodotti\/motori-lineari-rotativi\/\" target=\"_same\" rel=\"noopener\">Alla pagina del prodotto<\/a><br \/>\n<\/div>\n<div class=\"col-md-4\">\n<ul>\n<li>Dati tecnici<\/li>\n<li>Istruzioni per l\u2019installazione<\/li>\n<li>Software<\/li>\n<\/ul>\n<p><a class=\"button\" href=\"https:\/\/shop.linmot.com\/E\/linear-rotary-motors.htm\" target=\"_same\" rel=\"noopener\">Al catalogo elettronico<\/a><br \/>\n<\/div>\n<div class=\"col-md-4\">\n<ul>\n<li>Video: Esempi di applicazione<\/li>\n<li>Video: Dimostrazioni<\/li>\n<li>Video: Chiusura<\/li>\n<\/ul>\n<p><a class=\"button\" href=\"https:\/\/www.youtube.com\/watch?v=RI09jFYU_b0&amp;list=PLR_bmqMbOMGfR-MC7h604JylfqYOIe_B7\" target=\"_same\" rel=\"noopener\">Alla playlist di Youtube<\/a><br \/>\n<\/div>\n<\/div>\n<hr \/>\n<h3>Esempi di industria<\/h3>\n<div class=\"row\">\n<div class=\"col-md-4\">\n<a href=\"https:\/\/linmot.com\/it\/soluzioni-industriali\/prodotti-alimentari\/\">Prodotti alimentari<\/a><br \/>\n<img loading=\"lazy\" decoding=\"async\" class=\"size-full wp-image-1975\" src=\"https:\/\/linmot.com\/de\/wp-content\/uploads\/sites\/2\/2021\/07\/icon-food.png\" alt=\"\" width=\"71\" height=\"39\" \/><br \/>\n<\/div>\n<div class=\"col-md-4\">\n<a href=\"https:\/\/linmot.com\/it\/soluzioni-industriali\/lavorazione-del-legno\/\">Lavorazione del Legno<\/a><br \/>\n<img loading=\"lazy\" decoding=\"async\" class=\"wp-image-1976 size-full\" src=\"https:\/\/linmot.com\/de\/wp-content\/uploads\/sites\/2\/2021\/07\/icon-wood-machines.png\" alt=\"\" width=\"74\" height=\"40\" \/><br \/>\n<\/div>\n<div class=\"col-md-4\">\n<a href=\"https:\/\/linmot.com\/it\/soluzioni-industriali\/automotive\/\">Automotive<\/a><br \/>\n<img loading=\"lazy\" decoding=\"async\" class=\"wp-image-1977 size-full\" src=\"https:\/\/linmot.com\/de\/wp-content\/uploads\/sites\/2\/2021\/07\/icon-automotive.png\" alt=\"\" width=\"84\" height=\"35\" \/><br \/>\n<\/div>\n<\/div>\n<div class=\"row\">\n<div class=\"col-md-4\">\n<a href=\"https:\/\/linmot.com\/it\/soluzioni-industriali\/macchinari-per-lindustria-tessile\/\">Macchinari per l\u2019industria tessile<\/a><br \/>\n<img loading=\"lazy\" decoding=\"async\" class=\"wp-image-1978 size-full\" src=\"https:\/\/linmot.com\/de\/wp-content\/uploads\/sites\/2\/2021\/07\/icon-textile-machines.png\" alt=\"\" width=\"71\" height=\"37\" \/><br \/>\n<\/div>\n<div class=\"col-md-4\">\n<a href=\"https:\/\/linmot.com\/it\/soluzioni-industriali\/automazione-da-laboratorio\/\">Automazione da laboratorio<\/a><br \/>\n<img loading=\"lazy\" decoding=\"async\" class=\"wp-image-1980 size-full\" src=\"https:\/\/linmot.com\/de\/wp-content\/uploads\/sites\/2\/2021\/07\/icon-laboratory-automation.png\" alt=\"\" width=\"63\" height=\"48\" \/><br \/>\n<\/div>\n<div class=\"col-md-4\">\n<a href=\"https:\/\/linmot.com\/it\/soluzioni-industriali\/stampa-ed-etichettatura\/\">Stampa ed etichettatura<\/a><br \/>\n<img loading=\"lazy\" decoding=\"async\" class=\"wp-image-1979 size-full\" src=\"https:\/\/linmot.com\/de\/wp-content\/uploads\/sites\/2\/2021\/07\/icon-drucken-etikettieren.png\" alt=\"\" width=\"62\" height=\"56\" \/><br \/>\n<\/div>\n<\/div>\n<div class=\"row\">\n<div class=\"col-md-4\">\n<a href=\"https:\/\/linmot.com\/it\/soluzioni-industriali\/medicina-e-industria-farmaceutica\/\">Medicina e industria farmaceutica<\/a><br \/>\n<img loading=\"lazy\" decoding=\"async\" class=\"alignnone wp-image-2020 size-full\" src=\"https:\/\/linmot.com\/de\/wp-content\/uploads\/sites\/2\/2021\/07\/icon-pharma.jpg\" alt=\"\" width=\"63\" height=\"48\" \/><br \/>\n<\/div>\n<div class=\"col-md-4\">\n<a href=\"https:\/\/linmot.com\/it\/soluzioni-industriali\/prodotti-alimentari\/\">Bevande<\/a><br \/>\n<img loading=\"lazy\" decoding=\"async\" class=\"alignnone wp-image-2021 size-full\" src=\"https:\/\/linmot.com\/de\/wp-content\/uploads\/sites\/2\/2021\/07\/icon-food-beverage.png\" alt=\"\" width=\"92\" height=\"40\" \/><br \/>\n<\/div>\n<div class=\"col-md-4\">\n<a href=\"https:\/\/linmot.com\/it\/soluzioni-industriali\/manipolazione-e-assemblaggio\/\">Manipolazione e assemblaggio<\/a><br \/>\n<img loading=\"lazy\" decoding=\"async\" class=\"alignnone wp-image-2022 size-full\" src=\"https:\/\/linmot.com\/de\/wp-content\/uploads\/sites\/2\/2021\/07\/icon-montage.png\" alt=\"\" width=\"63\" height=\"48\" \/><br \/>\n<\/div>\n<\/div>\n<hr \/>\n<h3>Avete domande sui motori?<\/h3>\n<div class=\"row download\">\n<div class=\"col-md-8\">\n<p class=\"bodytext\">Saremo lieti di rispondere a qualsiasi domanda sui motori.<br \/>\nPer farlo, contattateci utilizzando il modulo sottostante o chiamateci al numero:<\/p>\n<p class=\"bodytext\">Tel: +49 (0)201 858940 0<\/p>\n<p class=\"bodytext\">Il team LinMot<\/p>\n<\/div>\n<div class=\"col-md-4\">\n\n<div class=\"wpcf7 no-js\" id=\"wpcf7-f1805-o1\" lang=\"it-IT\" dir=\"ltr\" data-wpcf7-id=\"1805\">\n<div class=\"screen-reader-response\"><p role=\"status\" aria-live=\"polite\" aria-atomic=\"true\"><\/p> <ul><\/ul><\/div>\n<form action=\"\/it\/wp-json\/wp\/v2\/pages\/1942#wpcf7-f1805-o1\" method=\"post\" class=\"wpcf7-form init\" aria-label=\"Modulo di contatto\" novalidate=\"novalidate\" data-status=\"init\">\n<fieldset class=\"hidden-fields-container\"><input type=\"hidden\" name=\"_wpcf7\" value=\"1805\" \/><input type=\"hidden\" name=\"_wpcf7_version\" value=\"6.1.5\" \/><input type=\"hidden\" name=\"_wpcf7_locale\" value=\"it_IT\" \/><input type=\"hidden\" name=\"_wpcf7_unit_tag\" value=\"wpcf7-f1805-o1\" \/><input type=\"hidden\" name=\"_wpcf7_container_post\" value=\"0\" \/><input type=\"hidden\" name=\"_wpcf7_posted_data_hash\" value=\"\" \/><input type=\"hidden\" name=\"_wpcf7_recaptcha_response\" value=\"\" \/>\n<\/fieldset>\n<label>Il tuo nome<br>\n    <span class=\"wpcf7-form-control-wrap\" data-name=\"your-name\"><input size=\"40\" maxlength=\"400\" class=\"wpcf7-form-control wpcf7-text wpcf7-validates-as-required\" aria-required=\"true\" aria-invalid=\"false\" value=\"\" type=\"text\" name=\"your-name\" \/><\/span> <\/label>\n<br>\n<label>Azienda<br>\n    <span class=\"wpcf7-form-control-wrap\" data-name=\"your-company\"><input size=\"40\" maxlength=\"400\" class=\"wpcf7-form-control wpcf7-text wpcf7-validates-as-required\" aria-required=\"true\" aria-invalid=\"false\" value=\"\" type=\"text\" name=\"your-company\" \/><\/span> <\/label>\n<br>\n<label>Codice postale<br>\n    <span class=\"wpcf7-form-control-wrap\" data-name=\"your-plz\"><input class=\"wpcf7-form-control wpcf7-number wpcf7-validates-as-required wpcf7-validates-as-number\" aria-required=\"true\" aria-invalid=\"false\" value=\"\" type=\"number\" name=\"your-plz\" \/><\/span> <\/label>\n<br>\n<label>Paese<br>\n    <span class=\"wpcf7-form-control-wrap\" data-name=\"your-country\"><input size=\"40\" maxlength=\"400\" class=\"wpcf7-form-control wpcf7-text wpcf7-validates-as-required\" aria-required=\"true\" aria-invalid=\"false\" value=\"\" type=\"text\" name=\"your-country\" \/><\/span> <\/label>\n<br>\n<label>Numero di telefono<br>\n    <span class=\"wpcf7-form-control-wrap\" data-name=\"your-number\"><input size=\"40\" maxlength=\"400\" class=\"wpcf7-form-control wpcf7-tel wpcf7-validates-as-required wpcf7-text wpcf7-validates-as-tel\" aria-required=\"true\" aria-invalid=\"false\" value=\"\" type=\"tel\" name=\"your-number\" \/><\/span> <\/label>\n<br>\n<label>Email<br>\n    <span class=\"wpcf7-form-control-wrap\" data-name=\"your-email\"><input size=\"40\" maxlength=\"400\" class=\"wpcf7-form-control wpcf7-email wpcf7-validates-as-required wpcf7-text wpcf7-validates-as-email\" aria-required=\"true\" aria-invalid=\"false\" value=\"\" type=\"email\" name=\"your-email\" \/><\/span> <\/label>\n<br>\n<label> Il tuo messaggio<br>\n    <span class=\"wpcf7-form-control-wrap\" data-name=\"your-message\"><textarea cols=\"40\" rows=\"10\" maxlength=\"2000\" class=\"wpcf7-form-control wpcf7-textarea\" aria-invalid=\"false\" name=\"your-message\"><\/textarea><\/span> <\/label>\n<br>\n<input class=\"wpcf7-form-control wpcf7-submit has-spinner\" type=\"submit\" value=\"Invia\" \/><div class=\"wpcf7-response-output\" aria-hidden=\"true\"><\/div>\n<\/form>\n<\/div>\n\n<\/div>\n<\/div>\n<p>&nbsp;<\/p>\n","protected":false},"excerpt":{"rendered":"<p>I motori lineari rotativi LinMot sono caratterizzati da un\u2019eccellente flessibilit\u00e0, dinamica e velocit\u00e0. Essi combinano due servomotori elettromagnetici in un solo sottile alloggiamento permettendo cos\u00ec movimenti combinati lineari e rotativi in maniera molto semplice. Questo dispositivo, pronto all\u2019uso, offre una grande variet\u00e0 di opzioni che permettono di supportare la realizzazione di complesse sequenze di processo. [&hellip;]<\/p>\n","protected":false},"author":9,"featured_media":0,"parent":0,"menu_order":46,"comment_status":"closed","ping_status":"closed","template":"","meta":{"_acf_changed":false,"footnotes":""},"class_list":["post-1942","page","type-page","status-publish","hentry"],"acf":[],"yoast_head":"<!-- This site is optimized with the Yoast SEO Premium plugin v20.9 (Yoast SEO v27.4) - https:\/\/yoast.com\/product\/yoast-seo-premium-wordpress\/ -->\n<title>Movimenti lineari e rotativi con un unico dispositivo: Motori lineari rotativi - LinMot e MagSpring - Italiano<\/title>\n<meta name=\"description\" content=\"I motori a corsa-rotazione combinano due servomotori in un unico alloggiamento e in questo modo permettono movimenti combinati lineari e rotativi.\" \/>\n<meta name=\"robots\" content=\"index, follow, max-snippet:-1, max-image-preview:large, max-video-preview:-1\" \/>\n<link rel=\"canonical\" href=\"https:\/\/linmot.com\/it\/movimenti-lineari-e-rotativi-con-un-unico-dispositivo-motori-lineari-rotativi\/\" \/>\n<meta property=\"og:locale\" content=\"it_IT\" \/>\n<meta property=\"og:type\" content=\"article\" \/>\n<meta property=\"og:title\" content=\"Movimenti lineari e rotativi con un unico dispositivo: Motori lineari rotativi\" \/>\n<meta property=\"og:description\" content=\"I motori a corsa-rotazione combinano due servomotori in un unico alloggiamento e in questo modo permettono movimenti combinati lineari e rotativi.\" \/>\n<meta property=\"og:url\" content=\"https:\/\/linmot.com\/it\/movimenti-lineari-e-rotativi-con-un-unico-dispositivo-motori-lineari-rotativi\/\" \/>\n<meta property=\"og:site_name\" content=\"LinMot e MagSpring - Italiano\" \/>\n<meta property=\"article:modified_time\" content=\"2022-11-02T14:00:49+00:00\" \/>\n<meta property=\"og:image\" content=\"https:\/\/linmot.com\/de\/wp-content\/uploads\/sites\/2\/2021\/07\/icon-food.png\" \/>\n<meta name=\"twitter:card\" content=\"summary_large_image\" \/>\n<meta name=\"twitter:label1\" content=\"Tempo di lettura stimato\" \/>\n\t<meta name=\"twitter:data1\" content=\"4 minuti\" \/>\n<script type=\"application\/ld+json\" class=\"yoast-schema-graph\">{\"@context\":\"https:\\\/\\\/schema.org\",\"@graph\":[{\"@type\":\"WebPage\",\"@id\":\"https:\\\/\\\/linmot.com\\\/it\\\/movimenti-lineari-e-rotativi-con-un-unico-dispositivo-motori-lineari-rotativi\\\/\",\"url\":\"https:\\\/\\\/linmot.com\\\/it\\\/movimenti-lineari-e-rotativi-con-un-unico-dispositivo-motori-lineari-rotativi\\\/\",\"name\":\"Movimenti lineari e rotativi con un unico dispositivo: Motori lineari rotativi - LinMot e MagSpring - Italiano\",\"isPartOf\":{\"@id\":\"https:\\\/\\\/linmot.com\\\/it\\\/#website\"},\"primaryImageOfPage\":{\"@id\":\"https:\\\/\\\/linmot.com\\\/it\\\/movimenti-lineari-e-rotativi-con-un-unico-dispositivo-motori-lineari-rotativi\\\/#primaryimage\"},\"image\":{\"@id\":\"https:\\\/\\\/linmot.com\\\/it\\\/movimenti-lineari-e-rotativi-con-un-unico-dispositivo-motori-lineari-rotativi\\\/#primaryimage\"},\"thumbnailUrl\":\"https:\\\/\\\/linmot.com\\\/de\\\/wp-content\\\/uploads\\\/sites\\\/2\\\/2021\\\/07\\\/icon-food.png\",\"datePublished\":\"2021-09-27T12:54:32+00:00\",\"dateModified\":\"2022-11-02T14:00:49+00:00\",\"description\":\"I motori a corsa-rotazione combinano due servomotori in un unico alloggiamento e in questo modo permettono movimenti combinati lineari e rotativi.\",\"breadcrumb\":{\"@id\":\"https:\\\/\\\/linmot.com\\\/it\\\/movimenti-lineari-e-rotativi-con-un-unico-dispositivo-motori-lineari-rotativi\\\/#breadcrumb\"},\"inLanguage\":\"it-IT\",\"potentialAction\":[{\"@type\":\"ReadAction\",\"target\":[\"https:\\\/\\\/linmot.com\\\/it\\\/movimenti-lineari-e-rotativi-con-un-unico-dispositivo-motori-lineari-rotativi\\\/\"]}]},{\"@type\":\"ImageObject\",\"inLanguage\":\"it-IT\",\"@id\":\"https:\\\/\\\/linmot.com\\\/it\\\/movimenti-lineari-e-rotativi-con-un-unico-dispositivo-motori-lineari-rotativi\\\/#primaryimage\",\"url\":\"https:\\\/\\\/linmot.com\\\/de\\\/wp-content\\\/uploads\\\/sites\\\/2\\\/2021\\\/07\\\/icon-food.png\",\"contentUrl\":\"https:\\\/\\\/linmot.com\\\/de\\\/wp-content\\\/uploads\\\/sites\\\/2\\\/2021\\\/07\\\/icon-food.png\"},{\"@type\":\"BreadcrumbList\",\"@id\":\"https:\\\/\\\/linmot.com\\\/it\\\/movimenti-lineari-e-rotativi-con-un-unico-dispositivo-motori-lineari-rotativi\\\/#breadcrumb\",\"itemListElement\":[{\"@type\":\"ListItem\",\"position\":1,\"name\":\"Home\",\"item\":\"https:\\\/\\\/linmot.com\\\/it\\\/\"},{\"@type\":\"ListItem\",\"position\":2,\"name\":\"Movimenti lineari e rotativi con un unico dispositivo: Motori lineari rotativi\"}]},{\"@type\":\"WebSite\",\"@id\":\"https:\\\/\\\/linmot.com\\\/it\\\/#website\",\"url\":\"https:\\\/\\\/linmot.com\\\/it\\\/\",\"name\":\"LinMot e MagSpring - Italiano\",\"description\":\"Motori lineari e sistemi di motori lineari di alta qualit\u00e0\",\"publisher\":{\"@id\":\"https:\\\/\\\/linmot.com\\\/it\\\/#organization\"},\"potentialAction\":[{\"@type\":\"SearchAction\",\"target\":{\"@type\":\"EntryPoint\",\"urlTemplate\":\"https:\\\/\\\/linmot.com\\\/it\\\/?s={search_term_string}\"},\"query-input\":{\"@type\":\"PropertyValueSpecification\",\"valueRequired\":true,\"valueName\":\"search_term_string\"}}],\"inLanguage\":\"it-IT\"},{\"@type\":\"Organization\",\"@id\":\"https:\\\/\\\/linmot.com\\\/it\\\/#organization\",\"name\":\"NTI AG - LinMot & MagSpring\",\"url\":\"https:\\\/\\\/linmot.com\\\/it\\\/\",\"logo\":{\"@type\":\"ImageObject\",\"inLanguage\":\"it-IT\",\"@id\":\"https:\\\/\\\/linmot.com\\\/it\\\/#\\\/schema\\\/logo\\\/image\\\/\",\"url\":\"https:\\\/\\\/linmot.com\\\/it\\\/wp-content\\\/uploads\\\/sites\\\/4\\\/2022\\\/05\\\/linmot-social-share-logo.jpg\",\"contentUrl\":\"https:\\\/\\\/linmot.com\\\/it\\\/wp-content\\\/uploads\\\/sites\\\/4\\\/2022\\\/05\\\/linmot-social-share-logo.jpg\",\"width\":800,\"height\":500,\"caption\":\"NTI AG - LinMot & MagSpring\"},\"image\":{\"@id\":\"https:\\\/\\\/linmot.com\\\/it\\\/#\\\/schema\\\/logo\\\/image\\\/\"},\"sameAs\":[\"https:\\\/\\\/www.linkedin.com\\\/company\\\/pamoco-spa\\\/\",\"https:\\\/\\\/www.youtube.com\\\/user\\\/LinMotEurope\"]}]}<\/script>\n<!-- \/ Yoast SEO Premium plugin. -->","yoast_head_json":{"title":"Movimenti lineari e rotativi con un unico dispositivo: Motori lineari rotativi - LinMot e MagSpring - Italiano","description":"I motori a corsa-rotazione combinano due servomotori in un unico alloggiamento e in questo modo permettono movimenti combinati lineari e rotativi.","robots":{"index":"index","follow":"follow","max-snippet":"max-snippet:-1","max-image-preview":"max-image-preview:large","max-video-preview":"max-video-preview:-1"},"canonical":"https:\/\/linmot.com\/it\/movimenti-lineari-e-rotativi-con-un-unico-dispositivo-motori-lineari-rotativi\/","og_locale":"it_IT","og_type":"article","og_title":"Movimenti lineari e rotativi con un unico dispositivo: Motori lineari rotativi","og_description":"I motori a corsa-rotazione combinano due servomotori in un unico alloggiamento e in questo modo permettono movimenti combinati lineari e rotativi.","og_url":"https:\/\/linmot.com\/it\/movimenti-lineari-e-rotativi-con-un-unico-dispositivo-motori-lineari-rotativi\/","og_site_name":"LinMot e MagSpring - Italiano","article_modified_time":"2022-11-02T14:00:49+00:00","og_image":[{"url":"https:\/\/linmot.com\/de\/wp-content\/uploads\/sites\/2\/2021\/07\/icon-food.png","type":"","width":"","height":""}],"twitter_card":"summary_large_image","twitter_misc":{"Tempo di lettura stimato":"4 minuti"},"schema":{"@context":"https:\/\/schema.org","@graph":[{"@type":"WebPage","@id":"https:\/\/linmot.com\/it\/movimenti-lineari-e-rotativi-con-un-unico-dispositivo-motori-lineari-rotativi\/","url":"https:\/\/linmot.com\/it\/movimenti-lineari-e-rotativi-con-un-unico-dispositivo-motori-lineari-rotativi\/","name":"Movimenti lineari e rotativi con un unico dispositivo: Motori lineari rotativi - LinMot e MagSpring - Italiano","isPartOf":{"@id":"https:\/\/linmot.com\/it\/#website"},"primaryImageOfPage":{"@id":"https:\/\/linmot.com\/it\/movimenti-lineari-e-rotativi-con-un-unico-dispositivo-motori-lineari-rotativi\/#primaryimage"},"image":{"@id":"https:\/\/linmot.com\/it\/movimenti-lineari-e-rotativi-con-un-unico-dispositivo-motori-lineari-rotativi\/#primaryimage"},"thumbnailUrl":"https:\/\/linmot.com\/de\/wp-content\/uploads\/sites\/2\/2021\/07\/icon-food.png","datePublished":"2021-09-27T12:54:32+00:00","dateModified":"2022-11-02T14:00:49+00:00","description":"I motori a corsa-rotazione combinano due servomotori in un unico alloggiamento e in questo modo permettono movimenti combinati lineari e rotativi.","breadcrumb":{"@id":"https:\/\/linmot.com\/it\/movimenti-lineari-e-rotativi-con-un-unico-dispositivo-motori-lineari-rotativi\/#breadcrumb"},"inLanguage":"it-IT","potentialAction":[{"@type":"ReadAction","target":["https:\/\/linmot.com\/it\/movimenti-lineari-e-rotativi-con-un-unico-dispositivo-motori-lineari-rotativi\/"]}]},{"@type":"ImageObject","inLanguage":"it-IT","@id":"https:\/\/linmot.com\/it\/movimenti-lineari-e-rotativi-con-un-unico-dispositivo-motori-lineari-rotativi\/#primaryimage","url":"https:\/\/linmot.com\/de\/wp-content\/uploads\/sites\/2\/2021\/07\/icon-food.png","contentUrl":"https:\/\/linmot.com\/de\/wp-content\/uploads\/sites\/2\/2021\/07\/icon-food.png"},{"@type":"BreadcrumbList","@id":"https:\/\/linmot.com\/it\/movimenti-lineari-e-rotativi-con-un-unico-dispositivo-motori-lineari-rotativi\/#breadcrumb","itemListElement":[{"@type":"ListItem","position":1,"name":"Home","item":"https:\/\/linmot.com\/it\/"},{"@type":"ListItem","position":2,"name":"Movimenti lineari e rotativi con un unico dispositivo: Motori lineari rotativi"}]},{"@type":"WebSite","@id":"https:\/\/linmot.com\/it\/#website","url":"https:\/\/linmot.com\/it\/","name":"LinMot e MagSpring - Italiano","description":"Motori lineari e sistemi di motori lineari di alta qualit\u00e0","publisher":{"@id":"https:\/\/linmot.com\/it\/#organization"},"potentialAction":[{"@type":"SearchAction","target":{"@type":"EntryPoint","urlTemplate":"https:\/\/linmot.com\/it\/?s={search_term_string}"},"query-input":{"@type":"PropertyValueSpecification","valueRequired":true,"valueName":"search_term_string"}}],"inLanguage":"it-IT"},{"@type":"Organization","@id":"https:\/\/linmot.com\/it\/#organization","name":"NTI AG - LinMot & MagSpring","url":"https:\/\/linmot.com\/it\/","logo":{"@type":"ImageObject","inLanguage":"it-IT","@id":"https:\/\/linmot.com\/it\/#\/schema\/logo\/image\/","url":"https:\/\/linmot.com\/it\/wp-content\/uploads\/sites\/4\/2022\/05\/linmot-social-share-logo.jpg","contentUrl":"https:\/\/linmot.com\/it\/wp-content\/uploads\/sites\/4\/2022\/05\/linmot-social-share-logo.jpg","width":800,"height":500,"caption":"NTI AG - LinMot & MagSpring"},"image":{"@id":"https:\/\/linmot.com\/it\/#\/schema\/logo\/image\/"},"sameAs":["https:\/\/www.linkedin.com\/company\/pamoco-spa\/","https:\/\/www.youtube.com\/user\/LinMotEurope"]}]}},"_links":{"self":[{"href":"https:\/\/linmot.com\/it\/wp-json\/wp\/v2\/pages\/1942","targetHints":{"allow":["GET"]}}],"collection":[{"href":"https:\/\/linmot.com\/it\/wp-json\/wp\/v2\/pages"}],"about":[{"href":"https:\/\/linmot.com\/it\/wp-json\/wp\/v2\/types\/page"}],"author":[{"embeddable":true,"href":"https:\/\/linmot.com\/it\/wp-json\/wp\/v2\/users\/9"}],"replies":[{"embeddable":true,"href":"https:\/\/linmot.com\/it\/wp-json\/wp\/v2\/comments?post=1942"}],"version-history":[{"count":6,"href":"https:\/\/linmot.com\/it\/wp-json\/wp\/v2\/pages\/1942\/revisions"}],"predecessor-version":[{"id":2812,"href":"https:\/\/linmot.com\/it\/wp-json\/wp\/v2\/pages\/1942\/revisions\/2812"}],"wp:attachment":[{"href":"https:\/\/linmot.com\/it\/wp-json\/wp\/v2\/media?parent=1942"}],"curies":[{"name":"wp","href":"https:\/\/api.w.org\/{rel}","templated":true}]}}