{"id":1800,"date":"2021-06-11T14:36:34","date_gmt":"2021-06-11T12:36:34","guid":{"rendered":"https:\/\/linmot.com\/it\/?page_id=1800"},"modified":"2025-11-24T12:01:47","modified_gmt":"2025-11-24T11:01:47","slug":"i-prodotti-di-linmot-e-magspring","status":"publish","type":"page","link":"https:\/\/linmot.com\/it\/i-prodotti-di-linmot-e-magspring\/","title":{"rendered":"I prodotti di LinMot e MagSpring"},"content":{"rendered":"<p><strong>In questa pagina sono presentati i prodotti di LinMot e Magspring. La gamma comprende i motori lineari, motori ATEX e INOX, motori lineari con azionamento integrato, motori lineari rotativi, servoazionamenti, guide e moduli lineari, MagSpring ed accessori diversi.<\/strong><\/p>\n<p>Nelle pagine seguenti troverete video, descrizioni e report di applicazioni per tutti i prodotti. Saremo lieti di consigliarvi per trovare la migliore soluzione possibile per le vostre esigenze. Nella pagina dei contatti potrete prendere nota della persona di riferimento per la vostra area di residenza.<\/p>\n<p>Sei gi\u00e0 un cliente LinMot o sai esattamente quale prodotto \u00e8 quello pi\u00f9 adeguato alla tua applicazione?<br \/>\nAllora dai un&#8217;occhiata al nostro <a href=\"https:\/\/shop.linmot.com\/?configNo=2\">catalogo elettronico<\/a>. Qui troverai le schede tecniche, le istruzioni di installazione e i file CAD dei prodotti.<\/p>\n<div class=\"row\">\n<div class=\"col-md-4\">\n<h4>Motori lineari<\/h4>\n<img loading=\"lazy\" decoding=\"async\" class=\"alignnone size-full wp-image-1744\" src=\"https:\/\/linmot.com\/wp-content\/uploads\/2025\/01\/linearmotoren-product-overview.jpg\" alt=\"\" width=\"300\" height=\"199\" \/>\n<p><a class=\"button\" href=\"https:\/\/linmot.com\/it\/prodotti\/motori-lineari\/\" rel=\"noopener\">Il prodotto<\/a><\/p>\n<p align=\"justify\">I motori LinMot sono attuatori elettromagnetici diretti con forma tubolare. Il movimento lineare \u00e8 generato in modo puramente elettrico, senza l\u2019utilizzo di ingranaggi, cinghie o altri organi di trasmissione. Sono quindi caratterizzati dall\u2019assenza di usura.<\/p>\n<\/div>\n<div class=\"col-md-4\">\n<h4>Guide lineari \/ Moduli lineari<\/h4>\n<img loading=\"lazy\" decoding=\"async\" class=\"alignnone size-full wp-image-1742\" src=\"https:\/\/linmot.com\/wp-content\/uploads\/2025\/01\/dm01-product-overview.jpg\" alt=\"\" width=\"300\" height=\"199\" \/>\n<p><a class=\"button\" href=\"https:\/\/linmot.com\/it\/prodotti\/guide-lineari-moduli-lineari\/\" rel=\"noopener\">Il prodotto<\/a><\/p>\n<p align=\"justify\">Le guide lineari LinMot sono unit\u00e0 di guida compatte per motori lineari. Le guide servono a sostenere il carico, ad assorbire forze esterne, momenti torsionali e flettenti e allo stesso tempo agiscono come sistema di antirotazione.<\/p>\n<\/div>\n<div class=\"col-md-4\">\n<h4>Motori lineari rotativi<\/h4>\n<img loading=\"lazy\" decoding=\"async\" class=\"alignnone size-full wp-image-1740\" src=\"https:\/\/linmot.com\/wp-content\/uploads\/2025\/01\/hubdreh-product-overview.jpg\" alt=\"\" width=\"300\" height=\"199\" \/>\n<p><a class=\"button\" href=\"\/it\/prodotti\/motori-lineari-rotativi\/\" rel=\"noopener\">Il prodotto<\/a><\/p>\n<p align=\"justify\">I motori lineari rotativi di LinMot sono caratterizzati da un&#8217;eccellente flessibilit\u00e0, dinamica e velocit\u00e0. Possono essere utilizzati per eseguire sia movimenti lineari che rotativi.<\/p>\n<\/div>\n<\/div>\n<div class=\"row\">\n<div class=\"col-md-4\">\n<h4>Robot e sistemi piatti<\/h4>\n<img loading=\"lazy\" decoding=\"async\" class=\"aligncenter wp-image-5581 size-full\" src=\"https:\/\/linmot.com\/de\/wp-content\/uploads\/sites\/2\/2025\/02\/flat-robots-und-systeme-produkteuebersicht.png\" alt=\"\" width=\"300\" height=\"199\" \/>\n<p><a class=\"button\" href=\"\/it\/prodotti\/robot-e-sistemi-piatti\/\" target=\"_same\" rel=\"noopener\">Il prodotto<\/a><\/p>\n<p align=\"justify\">I robot e i sistemi piatti LinMot offrono soluzioni gantry, semi-gantry e pick-and-place innovative e facilmente configurabili. Con i sistemi multiasse pronti all&#8217;uso, \u00e8 possibile realizzare in modo rapido e preciso anche i pi\u00f9 complessi requisiti specifici del settore.<\/p>\n<\/div>\n<div class=\"col-md-4\">\n<h4>Pinze elettriche<\/h4>\n<img loading=\"lazy\" decoding=\"async\" class=\"aligncenter size-full wp-image-5751\" src=\"https:\/\/linmot.com\/de\/wp-content\/uploads\/sites\/2\/2025\/04\/electric-gripper-linmot-product-overview.jpg\" alt=\"\" width=\"300\" height=\"200\" \/>\n<p><a class=\"button\" href=\"\/it\/prodotti\/pinze-pinze-rotanti\/\" target=\"_same\" rel=\"noopener\">Plus d\u2019informations<\/a><\/p>\n<p align=\"justify\">Le pinze LinMot sono soluzioni altamente dinamiche per le attivit\u00e0 di pick-and-place, assemblaggio e avvitamento pi\u00f9 impegnative. Offrono tempi di chiusura e apertura rapidi, posizionamento preciso del dito e controllo accurato della forza.<\/p>\n<\/div>\n<div class=\"col-md-4\">\n<h4>LinMot Pilot<\/h4>\n<img loading=\"lazy\" decoding=\"async\" class=\"alignnone size-full wp-image-1747\" src=\"https:\/\/linmot.com\/de\/wp-content\/uploads\/sites\/2\/2025\/11\/linmot-pilot-produkteuebersicht.jpg\" alt=\"\" width=\"300\" height=\"199\" \/>\n<p><a class=\"button\" href=\"\/it\/prodotti\/linmot-pilot-meno-programmazione-piu-movimento\/\" rel=\"noopener\">Il prodotto<\/a><\/p>\n<p align=\"justify\">LinMot Pilot \u00e8 un sistema di controllo robot intuitivo e senza codice per sistemi LinMot multiasse che non richiede conoscenze di PLC o programmazione.<\/p>\n<\/div>\n<\/div>\n<div class=\"row\">\n<div class=\"col-md-4\">\n<h4>Servo Drives<\/h4>\n<img loading=\"lazy\" decoding=\"async\" class=\"alignnone size-full wp-image-1746\" src=\"https:\/\/linmot.com\/wp-content\/uploads\/2025\/01\/servo-drives-product-overview.jpg\" alt=\"\" width=\"300\" height=\"199\" \/>\n<p><a class=\"button\" href=\"\/it\/prodotti\/servo-drives\/\" rel=\"noopener\">Il prodotto<\/a><\/p>\n<p align=\"justify\">I servoazionamenti LinMot sono controllori di posizionamento compatti con una o pi\u00f9 unit\u00e0 di potenza e con un\u2019unit\u00e0 intelligente, entrambe per per il controllo dei motori . Un controllore esterno si occuper\u00e0 della gestione e del monitoraggio dell\u2019azionamento.<\/p>\n<\/div>\n<div class=\"col-md-4\">\n<h4>MagSpring<\/h4>\n<img loading=\"lazy\" decoding=\"async\" class=\"alignnone size-full wp-image-1745\" src=\"https:\/\/linmot.com\/wp-content\/uploads\/2025\/01\/magspring-product-overview.jpg\" alt=\"\" width=\"300\" height=\"199\" \/>\n<p><a class=\"button\" href=\"https:\/\/linmot.com\/it\/prodotti\/magspring\/\" rel=\"noopener\">Il prodotto<\/a><\/p>\n<p align=\"justify\">I prodotti MagSpring sono meglio descritti dal termine &#8220;molla magnetica&#8221;. Tuttavia, il termine molla deve essere inteso nel senso che i componenti che la costituiscono generano una forza costante su tutta la corsa di lavoro, mentre una tipica curva caratteristica di una molla meccanica mostra un aumento della forza dipendente dalla corsa.<\/p>\n<\/div>\n<div class=\"col-md-4\">\n<h4>Accessori<\/h4>\n<img loading=\"lazy\" decoding=\"async\" class=\"alignnone size-full wp-image-1747\" src=\"https:\/\/linmot.com\/de\/wp-content\/uploads\/sites\/2\/2021\/05\/Zubehoer-Produkteuebersicht.jpg\" alt=\"\" width=\"300\" height=\"199\" \/>\n<p><a class=\"button\" href=\"https:\/\/linmot.com\/it\/prodotti\/accessori\/\" rel=\"noopener\">Il prodotto<\/a><\/p>\n<p align=\"justify\">La gamma di accessori di LinMot, abbinata ai motori lineari, permette l\u2019esecuzione di una rapida messa in servizio e di una variet\u00e0 di funzioni applicative.<\/p>\n<\/div>\n<\/div>\n<hr \/>\n<h3 id=\"epaper\">Oppure sfogliate il nostro attuale catalogo prodotti<\/h3>\n<div style=\"position: relative; padding-bottom: 56.25%; height: 0; overflow: hidden; max-width: 100%;\" data-page-width=\"452\" data-page-height=\"640\">\n<div class=\"brlbs-cmpnt-container brlbs-cmpnt-content-blocker brlbs-cmpnt-with-individual-styles\" data-borlabs-cookie-content-blocker-id=\"yumpu\" data-borlabs-cookie-content=\"PGlmcmFtZSBzdHlsZT0icG9zaXRpb246IGFic29sdXRlOyB0b3A6IDA7IGxlZnQ6IDA7IHdpZHRoOiAxMDAlOyBoZWlnaHQ6IDEwMCU7IiBzcmM9Imh0dHBzOi8vd3d3Lnl1bXB1LmNvbS9lbi9lbWJlZC92aWV3LzNrcHlPMEpyYUV6c0ZoTjYiIGZyYW1lYm9yZGVyPSIwIiBhbGxvd2Z1bGxzY3JlZW49ImFsbG93ZnVsbHNjcmVlbiI+PC9pZnJhbWU+\">\n<div class=\"brlbs-cmpnt-cb-preset-a\">\n<p class=\"brlbs-cmpnt-cb-description\">Stai visualizzando un contenuto segnaposto da <strong>Yumpu<\/strong>. Per accedere al contenuto effettivo, clicca sul pulsante sottostante. Si prega di notare che in questo modo si condividono i dati con provider di terze parti.<\/p>\n<div class=\"brlbs-cmpnt-cb-buttons\"> <a class=\"brlbs-cmpnt-cb-btn\" href=\"#\" data-borlabs-cookie-unblock role=\"button\">Sblocca il contenuto<\/a> <a class=\"brlbs-cmpnt-cb-btn\" href=\"#\" data-borlabs-cookie-accept-service role=\"button\" style=\"display: inherit\">Accetta il servizio richiesto e sblocca i contenuti<\/a> <\/div>\n<p> <a class=\"brlbs-cmpnt-cb-provider-toggle\" href=\"#\" data-borlabs-cookie-show-provider-information role=\"button\">Ulteriori informazioni<\/a> <\/div>\n<\/div>\n<\/div>\n<p><a class=\"button\" href=\"https:\/\/linmot.com\/fileadmin\/user_upload\/Downloads\/Brochures\/linmot_produkteuebersicht_en_2024.pdf\" target=\"_blank\" rel=\"noopener\">L&#8217;attuale catalogo prodotti da scaricare in inglese (PDF)<\/a><\/p>\n","protected":false},"excerpt":{"rendered":"<p>In questa pagina sono presentati i prodotti di LinMot e Magspring. La gamma comprende i motori lineari, motori ATEX e INOX, motori lineari con azionamento integrato, motori lineari rotativi, servoazionamenti, guide e moduli lineari, MagSpring ed accessori diversi. Nelle pagine seguenti troverete video, descrizioni e report di applicazioni per tutti i prodotti. Saremo lieti di [&hellip;]<\/p>\n","protected":false},"author":9,"featured_media":0,"parent":0,"menu_order":49,"comment_status":"closed","ping_status":"closed","template":"","meta":{"_acf_changed":false,"footnotes":""},"class_list":["post-1800","page","type-page","status-publish","hentry"],"acf":[],"yoast_head":"<!-- This site is optimized with the Yoast SEO Premium plugin v20.9 (Yoast SEO v27.2) - https:\/\/yoast.com\/product\/yoast-seo-premium-wordpress\/ -->\n<title>I prodotti di LinMot e Magspring in una panoramica | LinMot<\/title>\n<meta name=\"description\" content=\"In questa pagina presentiamo i prodotti di LinMot e Magspring. Date un&#039;occhiata alla vasta gamma di prodotti di motori lineari.\" \/>\n<meta name=\"robots\" content=\"index, follow, max-snippet:-1, max-image-preview:large, max-video-preview:-1\" \/>\n<link rel=\"canonical\" href=\"https:\/\/linmot.com\/it\/i-prodotti-di-linmot-e-magspring\/\" \/>\n<meta property=\"og:locale\" content=\"it_IT\" \/>\n<meta property=\"og:type\" content=\"article\" \/>\n<meta property=\"og:title\" content=\"I prodotti di LinMot e Magspring in una panoramica | LinMot\" \/>\n<meta property=\"og:description\" content=\"In questa pagina presentiamo i prodotti di LinMot e Magspring. Date un&#039;occhiata alla vasta gamma di prodotti di motori lineari.\" \/>\n<meta property=\"og:url\" content=\"https:\/\/linmot.com\/it\/i-prodotti-di-linmot-e-magspring\/\" \/>\n<meta property=\"og:site_name\" content=\"LinMot e MagSpring - Italiano\" \/>\n<meta property=\"article:modified_time\" content=\"2025-11-24T11:01:47+00:00\" \/>\n<meta property=\"og:image\" content=\"https:\/\/linmot.com\/it\/wp-content\/uploads\/sites\/4\/2017\/10\/Linear-Motors-Profile-Linmot.jpg\" \/>\n\t<meta property=\"og:image:width\" content=\"400\" \/>\n\t<meta property=\"og:image:height\" content=\"306\" \/>\n\t<meta property=\"og:image:type\" content=\"image\/jpeg\" \/>\n<meta name=\"twitter:card\" content=\"summary_large_image\" \/>\n<meta name=\"twitter:title\" content=\"I prodotti di LinMot e Magspring in una panoramica | LinMot\" \/>\n<meta name=\"twitter:description\" content=\"In questa pagina presentiamo i prodotti di LinMot e Magspring. Date un&#039;occhiata alla vasta gamma di prodotti di motori lineari.\" \/>\n<meta name=\"twitter:image\" content=\"https:\/\/linmot.com\/it\/wp-content\/uploads\/sites\/4\/2017\/10\/Linear-Motors-Profile-Linmot.jpg\" \/>\n<meta name=\"twitter:label1\" content=\"Tempo di lettura stimato\" \/>\n\t<meta name=\"twitter:data1\" content=\"5 minuti\" \/>\n<script type=\"application\/ld+json\" class=\"yoast-schema-graph\">{\"@context\":\"https:\/\/schema.org\",\"@graph\":[{\"@type\":\"WebPage\",\"@id\":\"https:\/\/linmot.com\/it\/i-prodotti-di-linmot-e-magspring\/\",\"url\":\"https:\/\/linmot.com\/it\/i-prodotti-di-linmot-e-magspring\/\",\"name\":\"I prodotti di LinMot e Magspring in una panoramica | LinMot\",\"isPartOf\":{\"@id\":\"https:\/\/linmot.com\/it\/#website\"},\"primaryImageOfPage\":{\"@id\":\"https:\/\/linmot.com\/it\/i-prodotti-di-linmot-e-magspring\/#primaryimage\"},\"image\":{\"@id\":\"https:\/\/linmot.com\/it\/i-prodotti-di-linmot-e-magspring\/#primaryimage\"},\"thumbnailUrl\":\"https:\/\/linmot.com\/wp-content\/uploads\/2025\/01\/linearmotoren-product-overview.jpg\",\"datePublished\":\"2021-06-11T12:36:34+00:00\",\"dateModified\":\"2025-11-24T11:01:47+00:00\",\"description\":\"In questa pagina presentiamo i prodotti di LinMot e Magspring. Date un'occhiata alla vasta gamma di prodotti di motori lineari.\",\"breadcrumb\":{\"@id\":\"https:\/\/linmot.com\/it\/i-prodotti-di-linmot-e-magspring\/#breadcrumb\"},\"inLanguage\":\"it-IT\",\"potentialAction\":[{\"@type\":\"ReadAction\",\"target\":[\"https:\/\/linmot.com\/it\/i-prodotti-di-linmot-e-magspring\/\"]}]},{\"@type\":\"ImageObject\",\"inLanguage\":\"it-IT\",\"@id\":\"https:\/\/linmot.com\/it\/i-prodotti-di-linmot-e-magspring\/#primaryimage\",\"url\":\"https:\/\/linmot.com\/wp-content\/uploads\/2025\/01\/linearmotoren-product-overview.jpg\",\"contentUrl\":\"https:\/\/linmot.com\/wp-content\/uploads\/2025\/01\/linearmotoren-product-overview.jpg\"},{\"@type\":\"BreadcrumbList\",\"@id\":\"https:\/\/linmot.com\/it\/i-prodotti-di-linmot-e-magspring\/#breadcrumb\",\"itemListElement\":[{\"@type\":\"ListItem\",\"position\":1,\"name\":\"Home\",\"item\":\"https:\/\/linmot.com\/it\/\"},{\"@type\":\"ListItem\",\"position\":2,\"name\":\"I prodotti di LinMot e MagSpring\"}]},{\"@type\":\"WebSite\",\"@id\":\"https:\/\/linmot.com\/it\/#website\",\"url\":\"https:\/\/linmot.com\/it\/\",\"name\":\"LinMot e MagSpring - Italiano\",\"description\":\"Motori lineari e sistemi di motori lineari di alta qualit\u00e0\",\"publisher\":{\"@id\":\"https:\/\/linmot.com\/it\/#organization\"},\"potentialAction\":[{\"@type\":\"SearchAction\",\"target\":{\"@type\":\"EntryPoint\",\"urlTemplate\":\"https:\/\/linmot.com\/it\/?s={search_term_string}\"},\"query-input\":{\"@type\":\"PropertyValueSpecification\",\"valueRequired\":true,\"valueName\":\"search_term_string\"}}],\"inLanguage\":\"it-IT\"},{\"@type\":\"Organization\",\"@id\":\"https:\/\/linmot.com\/it\/#organization\",\"name\":\"NTI AG - LinMot & MagSpring\",\"url\":\"https:\/\/linmot.com\/it\/\",\"logo\":{\"@type\":\"ImageObject\",\"inLanguage\":\"it-IT\",\"@id\":\"https:\/\/linmot.com\/it\/#\/schema\/logo\/image\/\",\"url\":\"https:\/\/linmot.com\/it\/wp-content\/uploads\/sites\/4\/2022\/05\/linmot-social-share-logo.jpg\",\"contentUrl\":\"https:\/\/linmot.com\/it\/wp-content\/uploads\/sites\/4\/2022\/05\/linmot-social-share-logo.jpg\",\"width\":800,\"height\":500,\"caption\":\"NTI AG - LinMot & MagSpring\"},\"image\":{\"@id\":\"https:\/\/linmot.com\/it\/#\/schema\/logo\/image\/\"},\"sameAs\":[\"https:\/\/www.linkedin.com\/company\/pamoco-spa\/\",\"https:\/\/www.youtube.com\/user\/LinMotEurope\"]}]}<\/script>\n<!-- \/ Yoast SEO Premium plugin. -->","yoast_head_json":{"title":"I prodotti di LinMot e Magspring in una panoramica | LinMot","description":"In questa pagina presentiamo i prodotti di LinMot e Magspring. Date un'occhiata alla vasta gamma di prodotti di motori lineari.","robots":{"index":"index","follow":"follow","max-snippet":"max-snippet:-1","max-image-preview":"max-image-preview:large","max-video-preview":"max-video-preview:-1"},"canonical":"https:\/\/linmot.com\/it\/i-prodotti-di-linmot-e-magspring\/","og_locale":"it_IT","og_type":"article","og_title":"I prodotti di LinMot e Magspring in una panoramica | LinMot","og_description":"In questa pagina presentiamo i prodotti di LinMot e Magspring. Date un'occhiata alla vasta gamma di prodotti di motori lineari.","og_url":"https:\/\/linmot.com\/it\/i-prodotti-di-linmot-e-magspring\/","og_site_name":"LinMot e MagSpring - Italiano","article_modified_time":"2025-11-24T11:01:47+00:00","og_image":[{"width":400,"height":306,"url":"https:\/\/linmot.com\/it\/wp-content\/uploads\/sites\/4\/2017\/10\/Linear-Motors-Profile-Linmot.jpg","type":"image\/jpeg"}],"twitter_card":"summary_large_image","twitter_title":"I prodotti di LinMot e Magspring in una panoramica | LinMot","twitter_description":"In questa pagina presentiamo i prodotti di LinMot e Magspring. Date un'occhiata alla vasta gamma di prodotti di motori lineari.","twitter_image":"https:\/\/linmot.com\/it\/wp-content\/uploads\/sites\/4\/2017\/10\/Linear-Motors-Profile-Linmot.jpg","twitter_misc":{"Tempo di lettura stimato":"5 minuti"},"schema":{"@context":"https:\/\/schema.org","@graph":[{"@type":"WebPage","@id":"https:\/\/linmot.com\/it\/i-prodotti-di-linmot-e-magspring\/","url":"https:\/\/linmot.com\/it\/i-prodotti-di-linmot-e-magspring\/","name":"I prodotti di LinMot e Magspring in una panoramica | LinMot","isPartOf":{"@id":"https:\/\/linmot.com\/it\/#website"},"primaryImageOfPage":{"@id":"https:\/\/linmot.com\/it\/i-prodotti-di-linmot-e-magspring\/#primaryimage"},"image":{"@id":"https:\/\/linmot.com\/it\/i-prodotti-di-linmot-e-magspring\/#primaryimage"},"thumbnailUrl":"https:\/\/linmot.com\/wp-content\/uploads\/2025\/01\/linearmotoren-product-overview.jpg","datePublished":"2021-06-11T12:36:34+00:00","dateModified":"2025-11-24T11:01:47+00:00","description":"In questa pagina presentiamo i prodotti di LinMot e Magspring. Date un'occhiata alla vasta gamma di prodotti di motori lineari.","breadcrumb":{"@id":"https:\/\/linmot.com\/it\/i-prodotti-di-linmot-e-magspring\/#breadcrumb"},"inLanguage":"it-IT","potentialAction":[{"@type":"ReadAction","target":["https:\/\/linmot.com\/it\/i-prodotti-di-linmot-e-magspring\/"]}]},{"@type":"ImageObject","inLanguage":"it-IT","@id":"https:\/\/linmot.com\/it\/i-prodotti-di-linmot-e-magspring\/#primaryimage","url":"https:\/\/linmot.com\/wp-content\/uploads\/2025\/01\/linearmotoren-product-overview.jpg","contentUrl":"https:\/\/linmot.com\/wp-content\/uploads\/2025\/01\/linearmotoren-product-overview.jpg"},{"@type":"BreadcrumbList","@id":"https:\/\/linmot.com\/it\/i-prodotti-di-linmot-e-magspring\/#breadcrumb","itemListElement":[{"@type":"ListItem","position":1,"name":"Home","item":"https:\/\/linmot.com\/it\/"},{"@type":"ListItem","position":2,"name":"I prodotti di LinMot e MagSpring"}]},{"@type":"WebSite","@id":"https:\/\/linmot.com\/it\/#website","url":"https:\/\/linmot.com\/it\/","name":"LinMot e MagSpring - Italiano","description":"Motori lineari e sistemi di motori lineari di alta qualit\u00e0","publisher":{"@id":"https:\/\/linmot.com\/it\/#organization"},"potentialAction":[{"@type":"SearchAction","target":{"@type":"EntryPoint","urlTemplate":"https:\/\/linmot.com\/it\/?s={search_term_string}"},"query-input":{"@type":"PropertyValueSpecification","valueRequired":true,"valueName":"search_term_string"}}],"inLanguage":"it-IT"},{"@type":"Organization","@id":"https:\/\/linmot.com\/it\/#organization","name":"NTI AG - LinMot & MagSpring","url":"https:\/\/linmot.com\/it\/","logo":{"@type":"ImageObject","inLanguage":"it-IT","@id":"https:\/\/linmot.com\/it\/#\/schema\/logo\/image\/","url":"https:\/\/linmot.com\/it\/wp-content\/uploads\/sites\/4\/2022\/05\/linmot-social-share-logo.jpg","contentUrl":"https:\/\/linmot.com\/it\/wp-content\/uploads\/sites\/4\/2022\/05\/linmot-social-share-logo.jpg","width":800,"height":500,"caption":"NTI AG - LinMot & MagSpring"},"image":{"@id":"https:\/\/linmot.com\/it\/#\/schema\/logo\/image\/"},"sameAs":["https:\/\/www.linkedin.com\/company\/pamoco-spa\/","https:\/\/www.youtube.com\/user\/LinMotEurope"]}]}},"_links":{"self":[{"href":"https:\/\/linmot.com\/it\/wp-json\/wp\/v2\/pages\/1800","targetHints":{"allow":["GET"]}}],"collection":[{"href":"https:\/\/linmot.com\/it\/wp-json\/wp\/v2\/pages"}],"about":[{"href":"https:\/\/linmot.com\/it\/wp-json\/wp\/v2\/types\/page"}],"author":[{"embeddable":true,"href":"https:\/\/linmot.com\/it\/wp-json\/wp\/v2\/users\/9"}],"replies":[{"embeddable":true,"href":"https:\/\/linmot.com\/it\/wp-json\/wp\/v2\/comments?post=1800"}],"version-history":[{"count":30,"href":"https:\/\/linmot.com\/it\/wp-json\/wp\/v2\/pages\/1800\/revisions"}],"predecessor-version":[{"id":4080,"href":"https:\/\/linmot.com\/it\/wp-json\/wp\/v2\/pages\/1800\/revisions\/4080"}],"wp:attachment":[{"href":"https:\/\/linmot.com\/it\/wp-json\/wp\/v2\/media?parent=1800"}],"curies":[{"name":"wp","href":"https:\/\/api.w.org\/{rel}","templated":true}]}}