{"id":1797,"date":"2021-06-11T14:36:06","date_gmt":"2021-06-11T12:36:06","guid":{"rendered":"https:\/\/linmot.com\/it\/?page_id=1797"},"modified":"2024-04-22T16:53:57","modified_gmt":"2024-04-22T14:53:57","slug":"motori-lineari-rotativi","status":"publish","type":"page","link":"https:\/\/linmot.com\/it\/prodotti\/motori-lineari-rotativi\/","title":{"rendered":"Motori lineari rotativi"},"content":{"rendered":"<p align=\"justify\"><strong>Chiudere, avvitare o assemblare&#8230; I motori lineari rotativi di LinMot sono caratterizzati da un&#8217;eccellente flessibilit\u00e0, dinamica e velocit\u00e0. Essi combinano due servomotori elettromagnetici in un solo alloggiamento sottile e permettono cos\u00ec movimenti combinati lineari e rotativi nel modo pi\u00f9 semplice.<\/strong><\/p>\n<p align=\"justify\">I moduli virtualmente esenti da usura offrono anche un&#8217;eccezionale disponibilit\u00e0 e possono essere equipaggiati con molte opzioni. LinMot offre motori di sollevamento rotativi in due serie diverse.<\/p>\n<p><a class=\"btn btn-active\" href=\"\/it\/movimenti-lineari-e-rotativi-con-un-unico-dispositivo-motori-lineari-rotativi\/\" target=\"_blank\" rel=\"noopener noreferrer\">Maggiori informazioni sui motori lineari rotativi<\/a><\/p>\n<hr \/>\n<h2>Ecco come funzionano<\/h2>\n<div class=\"row\">\n<div class=\"col-md-6\">\n<ul>\n<li>Azionamento diretto lineare e rotativo altamente dinamico<\/li>\n<li>Movimenti lineari e rotativi indipendenti &#8211; possono essere sincronizzati se necessario<\/li>\n<li>Forze della pressa e coppie programmabili<\/li>\n<li>A scelta con albero cavo<\/li>\n<li>Opzionalmente con MagSpring per la compensazione del carico<\/li>\n<\/ul>\n<p><a class=\"btn btn-active\" href=\"https:\/\/shop.linmot.com\/E\/linear-rotary-motors.htm\" target=\"_blank\" rel=\"noopener noreferrer\">Ai dettagli nel catalogo elettronico (inglese)<\/a><br \/>\n<\/div>\n<div class=\"col-md-1\">\n<\/div>\n<div class=\"col-md-5\">\n<p style=\"text-align: center;\">\n<div class=\"brlbs-cmpnt-container brlbs-cmpnt-content-blocker brlbs-cmpnt-with-individual-styles\" data-borlabs-cookie-content-blocker-id=\"default\" data-borlabs-cookie-content=\"PGlmcmFtZSB0aXRsZT0iWW91VHViZSB2aWRlbyBwbGF5ZXIiIHNyYz0iaHR0cHM6Ly93d3cueW91dHViZS5jb20vZW1iZWQvZk9sU2NIT3ZLMkkiIHdpZHRoPSIzOTQiIGhlaWdodD0iMjIwIiBmcmFtZWJvcmRlcj0iMCIgYWxsb3dmdWxsc2NyZWVuPSJhbGxvd2Z1bGxzY3JlZW4iPjwvaWZyYW1lPg==\">\n<div class=\"brlbs-cmpnt-cb-preset-a\">\n<p class=\"brlbs-cmpnt-cb-description\">Stai visualizzando un contenuto segnaposto da <strong>Predefinito<\/strong>. Per accedere al contenuto effettivo, clicca sul pulsante sottostante. Si prega di notare che in questo modo si condividono i dati con provider di terze parti.<\/p>\n<div class=\"brlbs-cmpnt-cb-buttons\"> <a class=\"brlbs-cmpnt-cb-btn\" href=\"#\" data-borlabs-cookie-unblock role=\"button\">Sblocca i contenuti<\/a> <a class=\"brlbs-cmpnt-cb-btn\" href=\"#\" data-borlabs-cookie-accept-service role=\"button\" style=\"display: none\">Accetta il servizio richiesto e sblocca i contenuti<\/a> <\/div>\n<p> <a class=\"brlbs-cmpnt-cb-provider-toggle\" href=\"#\" data-borlabs-cookie-show-provider-information role=\"button\">Ulteriori informazioni<\/a> <\/div>\n<\/div>\n<\/div>\n<\/div>\n<hr \/>\n<h2>Serie PR01<\/h2>\n<div class=\"row\">\n<div class=\"col-md-6\">\n<ul>\n<li>Principio di progettazione seriale per il minimo ingombro<\/li>\n<li>Disponibile opzionalmente con rapporto di trasmissione<\/li>\n<li>Realizzazione pi\u00f9 semplice di tappatori, avvitatori o stazioni di montaggio<\/li>\n<\/ul>\n<p><a class=\"button\" href=\"\/it\/prodotti\/motori-lineari-rotativi\/motori-lineari-rotativi-pr01\/\">Di pi\u00f9 sulla serie PR01<\/a><br \/>\n<\/div>\n<div class=\"col-md-1\">\n<\/div>\n<div class=\"col-md-5\">\n<img loading=\"lazy\" decoding=\"async\" class=\"aligncenter wp-image-702 size-full\" title=\"Hubdreh-Motor PR01\" src=\"https:\/\/linmot.com\/de\/wp-content\/uploads\/sites\/2\/2017\/10\/Hub-Dreh-Motoren-mit-Hohlwelle.jpg\" alt=\"Hubdreh-Motor PR01\" width=\"612\" height=\"190\" \/>\n<\/div>\n<\/div>\n<hr \/>\n<h2>Serie PR02<\/h2>\n<div class=\"row\">\n<div class=\"col-md-6\">\n<ul>\n<li>Principio di design parallelo con lunghezza di installazione ridotta e opzioni integrate<\/li>\n<li>In opzione con sensori di forza e di coppia integrati<\/li>\n<li>Superfici facili da pulire<\/li>\n<li>Realizzazione pi\u00f9 semplice di tappatori, avvitatori o stazioni di montaggio con opzioni integrate<\/li>\n<\/ul>\n<p><a class=\"button\" href=\"\/it\/prodotti\/motori-lineari-rotativi\/motori-rotativi-lineari-pr02\/\">Di pi\u00f9 sulla serie PR02<\/a><br \/>\n<\/div>\n<div class=\"col-md-1\">\n<\/div>\n<div class=\"col-md-5\">\n<img loading=\"lazy\" decoding=\"async\" class=\"aligncenter wp-image-1626\" title=\"Hubdreh-Motor PR02\" src=\"https:\/\/linmot.com\/de\/wp-content\/uploads\/sites\/2\/2021\/05\/Motorfamilie-PR02-38.jpg\" alt=\"Hubdreh-Motor PR02\" width=\"612\" height=\"254\" \/>\n<\/div>\n<\/div>\n<hr \/>\n<h3>Chiusura e avvitamento automatici<\/h3>\n<div class=\"row\">\n<div class=\"col-md-6\">\n<p align=\"justify\">Grazie all\u2019utilizzo del movimento lineare diretto si ottengono processi di tappatura molto pi\u00f9 flessibili ed efficienti rispetto ai sistemi che si basano su camme meccaniche, cilindri pneumatici o azionamenti a ricircolo di sfere. I sensori di forza e di coppia integrati offrono un maggiore fattore di sicurezza per le applicazioni che richiedono alta precisione ed affidabilit\u00e0 del processo e permettono inoltre la raccolta di dati per ogni singolo processo di chiusura (I4.0).<\/p>\n<p><a class=\"button\" href=\"\/it\/chiusura-e-avvitamento-automatici\/\">Altri esempi di applicazione<\/a><br \/>\n<\/div>\n<div class=\"col-md-1\">\n<\/div>\n<div class=\"col-md-5\">\n<p style=\"text-align: center;\">\n<div class=\"brlbs-cmpnt-container brlbs-cmpnt-content-blocker brlbs-cmpnt-with-individual-styles\" data-borlabs-cookie-content-blocker-id=\"default\" data-borlabs-cookie-content=\"PGlmcmFtZSB0aXRsZT0iWW91VHViZSB2aWRlbyBwbGF5ZXIiIHNyYz0iaHR0cHM6Ly93d3cueW91dHViZS5jb20vZW1iZWQvakc4eVo5Tmw5SFEiIHdpZHRoPSIzOTQiIGhlaWdodD0iMjIwIiBmcmFtZWJvcmRlcj0iMCIgYWxsb3dmdWxsc2NyZWVuPSJhbGxvd2Z1bGxzY3JlZW4iPjwvaWZyYW1lPg==\">\n<div class=\"brlbs-cmpnt-cb-preset-a\">\n<p class=\"brlbs-cmpnt-cb-description\">Stai visualizzando un contenuto segnaposto da <strong>Predefinito<\/strong>. Per accedere al contenuto effettivo, clicca sul pulsante sottostante. Si prega di notare che in questo modo si condividono i dati con provider di terze parti.<\/p>\n<div class=\"brlbs-cmpnt-cb-buttons\"> <a class=\"brlbs-cmpnt-cb-btn\" href=\"#\" data-borlabs-cookie-unblock role=\"button\">Sblocca i contenuti<\/a> <a class=\"brlbs-cmpnt-cb-btn\" href=\"#\" data-borlabs-cookie-accept-service role=\"button\" style=\"display: none\">Accetta il servizio richiesto e sblocca i contenuti<\/a> <\/div>\n<p> <a class=\"brlbs-cmpnt-cb-provider-toggle\" href=\"#\" data-borlabs-cookie-show-provider-information role=\"button\">Ulteriori informazioni<\/a> <\/div>\n<\/div>\n<\/div>\n<\/div>\n<hr \/>\n<h2>Domande?<\/h2>\n<p>Saremo lieti di rispondere alle vostre domande o di darvi consigli.<\/p>\n<p><a class=\"button\" href=\"https:\/\/linmot.com\/it\/contatto\/\">Trova il tuo referente locale<\/a><\/p>\n","protected":false},"excerpt":{"rendered":"<p>Chiudere, avvitare o assemblare&#8230; I motori lineari rotativi di LinMot sono caratterizzati da un&#8217;eccellente flessibilit\u00e0, dinamica e velocit\u00e0. Essi combinano due servomotori elettromagnetici in un solo alloggiamento sottile e permettono cos\u00ec movimenti combinati lineari e rotativi nel modo pi\u00f9 semplice. I moduli virtualmente esenti da usura offrono anche un&#8217;eccezionale disponibilit\u00e0 e possono essere equipaggiati con [&hellip;]<\/p>\n","protected":false},"author":9,"featured_media":0,"parent":1210,"menu_order":50,"comment_status":"closed","ping_status":"closed","template":"","meta":{"_acf_changed":false,"footnotes":""},"class_list":["post-1797","page","type-page","status-publish","hentry"],"acf":[],"yoast_head":"<!-- This site is optimized with the Yoast SEO Premium plugin v20.9 (Yoast SEO v27.3) - https:\/\/yoast.com\/product\/yoast-seo-premium-wordpress\/ -->\n<title>Motori lineari- rotativi - movimenti combinati lineari e rotativi<\/title>\n<meta name=\"description\" content=\"I motori lineari- rotativi LinMot sono caratterizzati da un&#039;eccellente flessibilit\u00e0, dinamica e velocit\u00e0. LinMot offre due serie di prodotti.\" \/>\n<meta name=\"robots\" content=\"index, follow, max-snippet:-1, max-image-preview:large, max-video-preview:-1\" \/>\n<link rel=\"canonical\" href=\"https:\/\/linmot.com\/it\/prodotti\/motori-lineari-rotativi\/\" \/>\n<meta property=\"og:locale\" content=\"it_IT\" \/>\n<meta property=\"og:type\" content=\"article\" \/>\n<meta property=\"og:title\" content=\"Motori lineari- rotativi - movimenti combinati lineari e rotativi\" \/>\n<meta property=\"og:description\" content=\"I motori lineari- rotativi LinMot sono caratterizzati da un&#039;eccellente flessibilit\u00e0, dinamica e velocit\u00e0. LinMot offre due serie di prodotti.\" \/>\n<meta property=\"og:url\" content=\"https:\/\/linmot.com\/it\/prodotti\/motori-lineari-rotativi\/\" \/>\n<meta property=\"og:site_name\" content=\"LinMot e MagSpring - Italiano\" \/>\n<meta property=\"article:modified_time\" content=\"2024-04-22T14:53:57+00:00\" \/>\n<meta property=\"og:image\" content=\"https:\/\/linmot.com\/de\/wp-content\/uploads\/sites\/2\/2017\/10\/Hub-Dreh-Motoren-mit-Hohlwelle.jpg\" \/>\n<meta name=\"twitter:card\" content=\"summary_large_image\" \/>\n<meta name=\"twitter:title\" content=\"Motori lineari- rotativi - movimenti combinati lineari e rotativi\" \/>\n<meta name=\"twitter:description\" content=\"I motori lineari- rotativi LinMot sono caratterizzati da un&#039;eccellente flessibilit\u00e0, dinamica e velocit\u00e0. LinMot offre due serie di prodotti.\" \/>\n<meta name=\"twitter:label1\" content=\"Tempo di lettura stimato\" \/>\n\t<meta name=\"twitter:data1\" content=\"3 minuti\" \/>\n<script type=\"application\/ld+json\" class=\"yoast-schema-graph\">{\"@context\":\"https:\\\/\\\/schema.org\",\"@graph\":[{\"@type\":\"WebPage\",\"@id\":\"https:\\\/\\\/linmot.com\\\/it\\\/prodotti\\\/motori-lineari-rotativi\\\/\",\"url\":\"https:\\\/\\\/linmot.com\\\/it\\\/prodotti\\\/motori-lineari-rotativi\\\/\",\"name\":\"Motori lineari- rotativi - movimenti combinati lineari e rotativi\",\"isPartOf\":{\"@id\":\"https:\\\/\\\/linmot.com\\\/it\\\/#website\"},\"primaryImageOfPage\":{\"@id\":\"https:\\\/\\\/linmot.com\\\/it\\\/prodotti\\\/motori-lineari-rotativi\\\/#primaryimage\"},\"image\":{\"@id\":\"https:\\\/\\\/linmot.com\\\/it\\\/prodotti\\\/motori-lineari-rotativi\\\/#primaryimage\"},\"thumbnailUrl\":\"https:\\\/\\\/linmot.com\\\/de\\\/wp-content\\\/uploads\\\/sites\\\/2\\\/2017\\\/10\\\/Hub-Dreh-Motoren-mit-Hohlwelle.jpg\",\"datePublished\":\"2021-06-11T12:36:06+00:00\",\"dateModified\":\"2024-04-22T14:53:57+00:00\",\"description\":\"I motori lineari- rotativi LinMot sono caratterizzati da un'eccellente flessibilit\u00e0, dinamica e velocit\u00e0. LinMot offre due serie di prodotti.\",\"breadcrumb\":{\"@id\":\"https:\\\/\\\/linmot.com\\\/it\\\/prodotti\\\/motori-lineari-rotativi\\\/#breadcrumb\"},\"inLanguage\":\"it-IT\",\"potentialAction\":[{\"@type\":\"ReadAction\",\"target\":[\"https:\\\/\\\/linmot.com\\\/it\\\/prodotti\\\/motori-lineari-rotativi\\\/\"]}]},{\"@type\":\"ImageObject\",\"inLanguage\":\"it-IT\",\"@id\":\"https:\\\/\\\/linmot.com\\\/it\\\/prodotti\\\/motori-lineari-rotativi\\\/#primaryimage\",\"url\":\"https:\\\/\\\/linmot.com\\\/de\\\/wp-content\\\/uploads\\\/sites\\\/2\\\/2017\\\/10\\\/Hub-Dreh-Motoren-mit-Hohlwelle.jpg\",\"contentUrl\":\"https:\\\/\\\/linmot.com\\\/de\\\/wp-content\\\/uploads\\\/sites\\\/2\\\/2017\\\/10\\\/Hub-Dreh-Motoren-mit-Hohlwelle.jpg\"},{\"@type\":\"BreadcrumbList\",\"@id\":\"https:\\\/\\\/linmot.com\\\/it\\\/prodotti\\\/motori-lineari-rotativi\\\/#breadcrumb\",\"itemListElement\":[{\"@type\":\"ListItem\",\"position\":1,\"name\":\"Home\",\"item\":\"https:\\\/\\\/linmot.com\\\/it\\\/\"},{\"@type\":\"ListItem\",\"position\":2,\"name\":\"Prodotti\",\"item\":\"https:\\\/\\\/linmot.com\\\/it\\\/prodotti\\\/\"},{\"@type\":\"ListItem\",\"position\":3,\"name\":\"Motori lineari rotativi\"}]},{\"@type\":\"WebSite\",\"@id\":\"https:\\\/\\\/linmot.com\\\/it\\\/#website\",\"url\":\"https:\\\/\\\/linmot.com\\\/it\\\/\",\"name\":\"LinMot e MagSpring - Italiano\",\"description\":\"Motori lineari e sistemi di motori lineari di alta qualit\u00e0\",\"publisher\":{\"@id\":\"https:\\\/\\\/linmot.com\\\/it\\\/#organization\"},\"potentialAction\":[{\"@type\":\"SearchAction\",\"target\":{\"@type\":\"EntryPoint\",\"urlTemplate\":\"https:\\\/\\\/linmot.com\\\/it\\\/?s={search_term_string}\"},\"query-input\":{\"@type\":\"PropertyValueSpecification\",\"valueRequired\":true,\"valueName\":\"search_term_string\"}}],\"inLanguage\":\"it-IT\"},{\"@type\":\"Organization\",\"@id\":\"https:\\\/\\\/linmot.com\\\/it\\\/#organization\",\"name\":\"NTI AG - LinMot & MagSpring\",\"url\":\"https:\\\/\\\/linmot.com\\\/it\\\/\",\"logo\":{\"@type\":\"ImageObject\",\"inLanguage\":\"it-IT\",\"@id\":\"https:\\\/\\\/linmot.com\\\/it\\\/#\\\/schema\\\/logo\\\/image\\\/\",\"url\":\"https:\\\/\\\/linmot.com\\\/it\\\/wp-content\\\/uploads\\\/sites\\\/4\\\/2022\\\/05\\\/linmot-social-share-logo.jpg\",\"contentUrl\":\"https:\\\/\\\/linmot.com\\\/it\\\/wp-content\\\/uploads\\\/sites\\\/4\\\/2022\\\/05\\\/linmot-social-share-logo.jpg\",\"width\":800,\"height\":500,\"caption\":\"NTI AG - LinMot & MagSpring\"},\"image\":{\"@id\":\"https:\\\/\\\/linmot.com\\\/it\\\/#\\\/schema\\\/logo\\\/image\\\/\"},\"sameAs\":[\"https:\\\/\\\/www.linkedin.com\\\/company\\\/pamoco-spa\\\/\",\"https:\\\/\\\/www.youtube.com\\\/user\\\/LinMotEurope\"]}]}<\/script>\n<!-- \/ Yoast SEO Premium plugin. -->","yoast_head_json":{"title":"Motori lineari- rotativi - movimenti combinati lineari e rotativi","description":"I motori lineari- rotativi LinMot sono caratterizzati da un'eccellente flessibilit\u00e0, dinamica e velocit\u00e0. LinMot offre due serie di prodotti.","robots":{"index":"index","follow":"follow","max-snippet":"max-snippet:-1","max-image-preview":"max-image-preview:large","max-video-preview":"max-video-preview:-1"},"canonical":"https:\/\/linmot.com\/it\/prodotti\/motori-lineari-rotativi\/","og_locale":"it_IT","og_type":"article","og_title":"Motori lineari- rotativi - movimenti combinati lineari e rotativi","og_description":"I motori lineari- rotativi LinMot sono caratterizzati da un'eccellente flessibilit\u00e0, dinamica e velocit\u00e0. LinMot offre due serie di prodotti.","og_url":"https:\/\/linmot.com\/it\/prodotti\/motori-lineari-rotativi\/","og_site_name":"LinMot e MagSpring - Italiano","article_modified_time":"2024-04-22T14:53:57+00:00","og_image":[{"url":"https:\/\/linmot.com\/de\/wp-content\/uploads\/sites\/2\/2017\/10\/Hub-Dreh-Motoren-mit-Hohlwelle.jpg","type":"","width":"","height":""}],"twitter_card":"summary_large_image","twitter_title":"Motori lineari- rotativi - movimenti combinati lineari e rotativi","twitter_description":"I motori lineari- rotativi LinMot sono caratterizzati da un'eccellente flessibilit\u00e0, dinamica e velocit\u00e0. LinMot offre due serie di prodotti.","twitter_misc":{"Tempo di lettura stimato":"3 minuti"},"schema":{"@context":"https:\/\/schema.org","@graph":[{"@type":"WebPage","@id":"https:\/\/linmot.com\/it\/prodotti\/motori-lineari-rotativi\/","url":"https:\/\/linmot.com\/it\/prodotti\/motori-lineari-rotativi\/","name":"Motori lineari- rotativi - movimenti combinati lineari e rotativi","isPartOf":{"@id":"https:\/\/linmot.com\/it\/#website"},"primaryImageOfPage":{"@id":"https:\/\/linmot.com\/it\/prodotti\/motori-lineari-rotativi\/#primaryimage"},"image":{"@id":"https:\/\/linmot.com\/it\/prodotti\/motori-lineari-rotativi\/#primaryimage"},"thumbnailUrl":"https:\/\/linmot.com\/de\/wp-content\/uploads\/sites\/2\/2017\/10\/Hub-Dreh-Motoren-mit-Hohlwelle.jpg","datePublished":"2021-06-11T12:36:06+00:00","dateModified":"2024-04-22T14:53:57+00:00","description":"I motori lineari- rotativi LinMot sono caratterizzati da un'eccellente flessibilit\u00e0, dinamica e velocit\u00e0. LinMot offre due serie di prodotti.","breadcrumb":{"@id":"https:\/\/linmot.com\/it\/prodotti\/motori-lineari-rotativi\/#breadcrumb"},"inLanguage":"it-IT","potentialAction":[{"@type":"ReadAction","target":["https:\/\/linmot.com\/it\/prodotti\/motori-lineari-rotativi\/"]}]},{"@type":"ImageObject","inLanguage":"it-IT","@id":"https:\/\/linmot.com\/it\/prodotti\/motori-lineari-rotativi\/#primaryimage","url":"https:\/\/linmot.com\/de\/wp-content\/uploads\/sites\/2\/2017\/10\/Hub-Dreh-Motoren-mit-Hohlwelle.jpg","contentUrl":"https:\/\/linmot.com\/de\/wp-content\/uploads\/sites\/2\/2017\/10\/Hub-Dreh-Motoren-mit-Hohlwelle.jpg"},{"@type":"BreadcrumbList","@id":"https:\/\/linmot.com\/it\/prodotti\/motori-lineari-rotativi\/#breadcrumb","itemListElement":[{"@type":"ListItem","position":1,"name":"Home","item":"https:\/\/linmot.com\/it\/"},{"@type":"ListItem","position":2,"name":"Prodotti","item":"https:\/\/linmot.com\/it\/prodotti\/"},{"@type":"ListItem","position":3,"name":"Motori lineari rotativi"}]},{"@type":"WebSite","@id":"https:\/\/linmot.com\/it\/#website","url":"https:\/\/linmot.com\/it\/","name":"LinMot e MagSpring - Italiano","description":"Motori lineari e sistemi di motori lineari di alta qualit\u00e0","publisher":{"@id":"https:\/\/linmot.com\/it\/#organization"},"potentialAction":[{"@type":"SearchAction","target":{"@type":"EntryPoint","urlTemplate":"https:\/\/linmot.com\/it\/?s={search_term_string}"},"query-input":{"@type":"PropertyValueSpecification","valueRequired":true,"valueName":"search_term_string"}}],"inLanguage":"it-IT"},{"@type":"Organization","@id":"https:\/\/linmot.com\/it\/#organization","name":"NTI AG - LinMot & MagSpring","url":"https:\/\/linmot.com\/it\/","logo":{"@type":"ImageObject","inLanguage":"it-IT","@id":"https:\/\/linmot.com\/it\/#\/schema\/logo\/image\/","url":"https:\/\/linmot.com\/it\/wp-content\/uploads\/sites\/4\/2022\/05\/linmot-social-share-logo.jpg","contentUrl":"https:\/\/linmot.com\/it\/wp-content\/uploads\/sites\/4\/2022\/05\/linmot-social-share-logo.jpg","width":800,"height":500,"caption":"NTI AG - LinMot & MagSpring"},"image":{"@id":"https:\/\/linmot.com\/it\/#\/schema\/logo\/image\/"},"sameAs":["https:\/\/www.linkedin.com\/company\/pamoco-spa\/","https:\/\/www.youtube.com\/user\/LinMotEurope"]}]}},"_links":{"self":[{"href":"https:\/\/linmot.com\/it\/wp-json\/wp\/v2\/pages\/1797","targetHints":{"allow":["GET"]}}],"collection":[{"href":"https:\/\/linmot.com\/it\/wp-json\/wp\/v2\/pages"}],"about":[{"href":"https:\/\/linmot.com\/it\/wp-json\/wp\/v2\/types\/page"}],"author":[{"embeddable":true,"href":"https:\/\/linmot.com\/it\/wp-json\/wp\/v2\/users\/9"}],"replies":[{"embeddable":true,"href":"https:\/\/linmot.com\/it\/wp-json\/wp\/v2\/comments?post=1797"}],"version-history":[{"count":13,"href":"https:\/\/linmot.com\/it\/wp-json\/wp\/v2\/pages\/1797\/revisions"}],"predecessor-version":[{"id":3451,"href":"https:\/\/linmot.com\/it\/wp-json\/wp\/v2\/pages\/1797\/revisions\/3451"}],"up":[{"embeddable":true,"href":"https:\/\/linmot.com\/it\/wp-json\/wp\/v2\/pages\/1210"}],"wp:attachment":[{"href":"https:\/\/linmot.com\/it\/wp-json\/wp\/v2\/media?parent=1797"}],"curies":[{"name":"wp","href":"https:\/\/api.w.org\/{rel}","templated":true}]}}