{"id":1760,"date":"2020-12-30T10:16:03","date_gmt":"2020-12-30T09:16:03","guid":{"rendered":"https:\/\/linmot.com\/it\/?page_id=1760"},"modified":"2024-08-28T15:59:09","modified_gmt":"2024-08-28T13:59:09","slug":"moduli-lineari-p04","status":"publish","type":"page","link":"https:\/\/linmot.com\/it\/prodotti\/guide-lineari-moduli-lineari\/moduli-lineari-p04\/","title":{"rendered":"Moduli lineari P04"},"content":{"rendered":"<p><strong>I motori lineari del tipo P04 hanno tutti i vantaggi dei motori lineari tubolari e offrono inoltre il vantaggio di una guida integrata.<\/strong><\/p>\n<hr \/>\n<div class=\"row\">\n<div class=\"col-sm-2\">\n<p><a class=\"button\" href=\"#dettagli\">1. Dettagli<\/a><\/p>\n<\/div>\n<div class=\"col-sm-1\">\n<\/div>\n<div class=\"col-sm-2\">\n<p><a class=\"button\" href=\"#contatta\">2. Contatta<\/a><\/p>\n<\/div>\n<\/div>\n<hr \/>\n<h3 id=\"dettagli\">1. Dettagli<\/h3>\n<p align=\"justify\">L&#8217;attuatore P04 pu\u00f2 essere equipaggiato con gli accessori meccanici noti della pneumatica. In questo modo la sostituzione della pneumatica \u00e8 ancora pi\u00f9 semplice, poich\u00e9 \u00e8 possibile realizzare tutte le opzioni di montaggio note della pneumatica. Con la sua libera posizionabilit\u00e0 e accelerazioni fino a 50 m\/s2, movimenti dinamici e precisi sono la disciplina principale di questo tipo di motore. Inoltre, i carichi trasversali vengono assorbiti dal cuscinetto integrato in modo che applicazioni semplici come il &#8220;Pusher&#8221; possano essere realizzate senza componenti aggiuntivi.<\/p>\n<div class=\"row\">\n<div class=\"col-md-5\">\n<ul>\n<li>Forza di picco fino a 572 N<\/li>\n<li>Corsa fino a 150 mm<\/li>\n<li>Asta temprata in grado di sopportare carichi laterali<\/li>\n<li>Attacco di montaggio secondo il cilindro pneumatico ISO<\/li>\n<li>Statore incapsulato (IP65)<\/li>\n<li>Ideale per l&#8217;uso in condizioni gravose<\/li>\n<\/ul>\n<p><a class=\"btn btn-active\" href=\"https:\/\/shop.linmot.com\/E\/linear-modules-&amp;-guides\/linear-modules-p04.htm\" target=\"_blank\" rel=\"noopener noreferrer\">Ai dettagli nel catalogo elettronico (inglese)<\/a><\/p>\n<\/div>\n<div class=\"col-md-7\">\n<div class=\"carousel slide\" id=\"84042249141105a4c2fef30686efd4ab\" data-ride=\"carousel\">  <div class=\"carousel-inner\" role=\"listbox\">    <div class=\"item active\">      <img decoding=\"async\" src=\"https:\/\/linmot.com\/it\/wp-content\/uploads\/sites\/4\/2019\/03\/2018-LinMot-P04_motoren_frontpage.jpg\" alt=\"...\">    <\/div>    <div class=\"item\">      <img decoding=\"async\" src=\"https:\/\/linmot.com\/it\/wp-content\/uploads\/sites\/4\/2019\/03\/2018-LinMot-FlanschVorne.jpg\" alt=\"...\">    <\/div>    <div class=\"item\">      <img decoding=\"async\" src=\"https:\/\/linmot.com\/it\/wp-content\/uploads\/sites\/4\/2019\/03\/2018-LinMot-Gabelgelenk.jpg\" alt=\"...\">    <\/div>    <div class=\"item\">      <img decoding=\"async\" src=\"https:\/\/linmot.com\/it\/wp-content\/uploads\/sites\/4\/2019\/03\/2018-LinMot-Schwenkflansch.jpg\" alt=\"...\">    <\/div>    <div class=\"item\">      <img decoding=\"async\" src=\"https:\/\/linmot.com\/it\/wp-content\/uploads\/sites\/4\/2019\/03\/2018-LinMot-P04_motoren_contentpage.jpg\" alt=\"...\">    <\/div>  <\/div><div class=\"navigation\"><a class=\"left carousel-control\" href=\"#84042249141105a4c2fef30686efd4ab\" role=\"button\" data-slide=\"prev\"><\/a><a class=\"right carousel-control\" href=\"#84042249141105a4c2fef30686efd4ab\" role=\"button\" data-slide=\"next\"><\/a><\/div><\/div>\n<\/div>\n<\/div>\n<h3 id=\"contatta\">2. Contatta<\/h3>\n<div class=\"row download\">\n<div class=\"col-md-6\">\n<h4 class=\"download-title\">Domande sui nostri moduli lineari?<\/h4>\n<p class=\"bodytext\">Saremo lieti di rispondere a qualsiasi domanda.<br \/>\nContattateci utilizzando il seguente modulo o chiamateci al seguente numero:<\/p>\n<p class=\"bodytext\">Tel: +41 (0)56 419 91 91<\/p>\n<p class=\"bodytext\">Il team LinMot<\/p>\n<\/div>\n<div class=\"col-md-1\">\n<\/div>\n<div class=\"col-md-5\">\n\n<div class=\"wpcf7 no-js\" id=\"wpcf7-f1805-o1\" lang=\"it-IT\" dir=\"ltr\" data-wpcf7-id=\"1805\">\n<div class=\"screen-reader-response\"><p role=\"status\" aria-live=\"polite\" aria-atomic=\"true\"><\/p> <ul><\/ul><\/div>\n<form action=\"\/it\/wp-json\/wp\/v2\/pages\/1760#wpcf7-f1805-o1\" method=\"post\" class=\"wpcf7-form init\" aria-label=\"Modulo di contatto\" novalidate=\"novalidate\" data-status=\"init\">\n<fieldset class=\"hidden-fields-container\"><input type=\"hidden\" name=\"_wpcf7\" value=\"1805\" \/><input type=\"hidden\" name=\"_wpcf7_version\" value=\"6.1.5\" \/><input type=\"hidden\" name=\"_wpcf7_locale\" value=\"it_IT\" \/><input type=\"hidden\" name=\"_wpcf7_unit_tag\" value=\"wpcf7-f1805-o1\" \/><input type=\"hidden\" name=\"_wpcf7_container_post\" value=\"0\" \/><input type=\"hidden\" name=\"_wpcf7_posted_data_hash\" value=\"\" \/><input type=\"hidden\" name=\"_wpcf7_recaptcha_response\" value=\"\" \/>\n<\/fieldset>\n<label>Il tuo nome<br>\n    <span class=\"wpcf7-form-control-wrap\" data-name=\"your-name\"><input size=\"40\" maxlength=\"400\" class=\"wpcf7-form-control wpcf7-text wpcf7-validates-as-required\" aria-required=\"true\" aria-invalid=\"false\" value=\"\" type=\"text\" name=\"your-name\" \/><\/span> <\/label>\n<br>\n<label>Azienda<br>\n    <span class=\"wpcf7-form-control-wrap\" data-name=\"your-company\"><input size=\"40\" maxlength=\"400\" class=\"wpcf7-form-control wpcf7-text wpcf7-validates-as-required\" aria-required=\"true\" aria-invalid=\"false\" value=\"\" type=\"text\" name=\"your-company\" \/><\/span> <\/label>\n<br>\n<label>Codice postale<br>\n    <span class=\"wpcf7-form-control-wrap\" data-name=\"your-plz\"><input class=\"wpcf7-form-control wpcf7-number wpcf7-validates-as-required wpcf7-validates-as-number\" aria-required=\"true\" aria-invalid=\"false\" value=\"\" type=\"number\" name=\"your-plz\" \/><\/span> <\/label>\n<br>\n<label>Paese<br>\n    <span class=\"wpcf7-form-control-wrap\" data-name=\"your-country\"><input size=\"40\" maxlength=\"400\" class=\"wpcf7-form-control wpcf7-text wpcf7-validates-as-required\" aria-required=\"true\" aria-invalid=\"false\" value=\"\" type=\"text\" name=\"your-country\" \/><\/span> <\/label>\n<br>\n<label>Numero di telefono<br>\n    <span class=\"wpcf7-form-control-wrap\" data-name=\"your-number\"><input size=\"40\" maxlength=\"400\" class=\"wpcf7-form-control wpcf7-tel wpcf7-validates-as-required wpcf7-text wpcf7-validates-as-tel\" aria-required=\"true\" aria-invalid=\"false\" value=\"\" type=\"tel\" name=\"your-number\" \/><\/span> <\/label>\n<br>\n<label>Email<br>\n    <span class=\"wpcf7-form-control-wrap\" data-name=\"your-email\"><input size=\"40\" maxlength=\"400\" class=\"wpcf7-form-control wpcf7-email wpcf7-validates-as-required wpcf7-text wpcf7-validates-as-email\" aria-required=\"true\" aria-invalid=\"false\" value=\"\" type=\"email\" name=\"your-email\" \/><\/span> <\/label>\n<br>\n<label> Il tuo messaggio<br>\n    <span class=\"wpcf7-form-control-wrap\" data-name=\"your-message\"><textarea cols=\"40\" rows=\"10\" maxlength=\"2000\" class=\"wpcf7-form-control wpcf7-textarea\" aria-invalid=\"false\" name=\"your-message\"><\/textarea><\/span> <\/label>\n<br>\n<input class=\"wpcf7-form-control wpcf7-submit has-spinner\" type=\"submit\" value=\"Invia\" \/><div class=\"wpcf7-response-output\" aria-hidden=\"true\"><\/div>\n<\/form>\n<\/div>\n\n<\/div>\n<\/div>\n","protected":false},"excerpt":{"rendered":"<p>I motori lineari del tipo P04 hanno tutti i vantaggi dei motori lineari tubolari e offrono inoltre il vantaggio di una guida integrata. 1. Dettagli L&#8217;attuatore P04 pu\u00f2 essere equipaggiato con gli accessori meccanici noti della pneumatica. In questo modo la sostituzione della pneumatica \u00e8 ancora pi\u00f9 semplice, poich\u00e9 \u00e8 possibile realizzare tutte le opzioni [&hellip;]<\/p>\n","protected":false},"author":1,"featured_media":0,"parent":44,"menu_order":37,"comment_status":"closed","ping_status":"closed","template":"","meta":{"_acf_changed":false,"footnotes":""},"class_list":["post-1760","page","type-page","status-publish","hentry"],"acf":[],"yoast_head":"<!-- This site is optimized with the Yoast SEO Premium plugin v20.9 (Yoast SEO v27.4) - https:\/\/yoast.com\/product\/yoast-seo-premium-wordpress\/ -->\n<title>Moduli lineari P04 - Compatibili con gli accessori pneumatici<\/title>\n<meta name=\"description\" content=\"I moduli P04 sono costruiti per sostituire facilmente i cilindri pneumatici. Sono meccanicamente compatibili con i pi\u00f9 diffusi accessori della pneumatica.\" \/>\n<meta name=\"robots\" content=\"index, follow, max-snippet:-1, max-image-preview:large, max-video-preview:-1\" \/>\n<link rel=\"canonical\" href=\"https:\/\/linmot.com\/it\/prodotti\/guide-lineari-moduli-lineari\/moduli-lineari-p04\/\" \/>\n<meta property=\"og:locale\" content=\"it_IT\" \/>\n<meta property=\"og:type\" content=\"article\" \/>\n<meta property=\"og:title\" content=\"Moduli lineari P04 - Compatibili con gli accessori pneumatici\" \/>\n<meta property=\"og:description\" content=\"I moduli P04 sono costruiti per sostituire facilmente i cilindri pneumatici. Sono meccanicamente compatibili con i pi\u00f9 diffusi accessori della pneumatica.\" \/>\n<meta property=\"og:url\" content=\"https:\/\/linmot.com\/it\/prodotti\/guide-lineari-moduli-lineari\/moduli-lineari-p04\/\" \/>\n<meta property=\"og:site_name\" content=\"LinMot e MagSpring - Italiano\" \/>\n<meta property=\"article:modified_time\" content=\"2024-08-28T13:59:09+00:00\" \/>\n<meta property=\"og:image\" content=\"https:\/\/linmot.com\/it\/wp-content\/uploads\/sites\/4\/2017\/10\/2018-LinMot-P04_motoren_frontpage.jpg\" \/>\n\t<meta property=\"og:image:width\" content=\"612\" \/>\n\t<meta property=\"og:image:height\" content=\"190\" \/>\n\t<meta property=\"og:image:type\" content=\"image\/jpeg\" \/>\n<meta name=\"twitter:card\" content=\"summary_large_image\" \/>\n<meta name=\"twitter:title\" content=\"Moduli lineari P04 - Compatibili con gli accessori pneumatici\" \/>\n<meta name=\"twitter:description\" content=\"I moduli P04 sono costruiti per sostituire facilmente i cilindri pneumatici. Sono meccanicamente compatibili con i pi\u00f9 diffusi accessori della pneumatica.\" \/>\n<meta name=\"twitter:label1\" content=\"Tempo di lettura stimato\" \/>\n\t<meta name=\"twitter:data1\" content=\"2 minuti\" \/>\n<script type=\"application\/ld+json\" class=\"yoast-schema-graph\">{\"@context\":\"https:\\\/\\\/schema.org\",\"@graph\":[{\"@type\":\"WebPage\",\"@id\":\"https:\\\/\\\/linmot.com\\\/it\\\/prodotti\\\/guide-lineari-moduli-lineari\\\/moduli-lineari-p04\\\/\",\"url\":\"https:\\\/\\\/linmot.com\\\/it\\\/prodotti\\\/guide-lineari-moduli-lineari\\\/moduli-lineari-p04\\\/\",\"name\":\"Moduli lineari P04 - Compatibili con gli accessori pneumatici\",\"isPartOf\":{\"@id\":\"https:\\\/\\\/linmot.com\\\/it\\\/#website\"},\"datePublished\":\"2020-12-30T09:16:03+00:00\",\"dateModified\":\"2024-08-28T13:59:09+00:00\",\"description\":\"I moduli P04 sono costruiti per sostituire facilmente i cilindri pneumatici. Sono meccanicamente compatibili con i pi\u00f9 diffusi accessori della pneumatica.\",\"breadcrumb\":{\"@id\":\"https:\\\/\\\/linmot.com\\\/it\\\/prodotti\\\/guide-lineari-moduli-lineari\\\/moduli-lineari-p04\\\/#breadcrumb\"},\"inLanguage\":\"it-IT\",\"potentialAction\":[{\"@type\":\"ReadAction\",\"target\":[\"https:\\\/\\\/linmot.com\\\/it\\\/prodotti\\\/guide-lineari-moduli-lineari\\\/moduli-lineari-p04\\\/\"]}]},{\"@type\":\"BreadcrumbList\",\"@id\":\"https:\\\/\\\/linmot.com\\\/it\\\/prodotti\\\/guide-lineari-moduli-lineari\\\/moduli-lineari-p04\\\/#breadcrumb\",\"itemListElement\":[{\"@type\":\"ListItem\",\"position\":1,\"name\":\"Home\",\"item\":\"https:\\\/\\\/linmot.com\\\/it\\\/\"},{\"@type\":\"ListItem\",\"position\":2,\"name\":\"Prodotti\",\"item\":\"https:\\\/\\\/linmot.com\\\/it\\\/prodotti\\\/\"},{\"@type\":\"ListItem\",\"position\":3,\"name\":\"Guide lineari \\\/ Moduli lineari\",\"item\":\"https:\\\/\\\/linmot.com\\\/it\\\/prodotti\\\/guide-lineari-moduli-lineari\\\/\"},{\"@type\":\"ListItem\",\"position\":4,\"name\":\"Moduli lineari P04\"}]},{\"@type\":\"WebSite\",\"@id\":\"https:\\\/\\\/linmot.com\\\/it\\\/#website\",\"url\":\"https:\\\/\\\/linmot.com\\\/it\\\/\",\"name\":\"LinMot e MagSpring - Italiano\",\"description\":\"Motori lineari e sistemi di motori lineari di alta qualit\u00e0\",\"publisher\":{\"@id\":\"https:\\\/\\\/linmot.com\\\/it\\\/#organization\"},\"potentialAction\":[{\"@type\":\"SearchAction\",\"target\":{\"@type\":\"EntryPoint\",\"urlTemplate\":\"https:\\\/\\\/linmot.com\\\/it\\\/?s={search_term_string}\"},\"query-input\":{\"@type\":\"PropertyValueSpecification\",\"valueRequired\":true,\"valueName\":\"search_term_string\"}}],\"inLanguage\":\"it-IT\"},{\"@type\":\"Organization\",\"@id\":\"https:\\\/\\\/linmot.com\\\/it\\\/#organization\",\"name\":\"NTI AG - LinMot & MagSpring\",\"url\":\"https:\\\/\\\/linmot.com\\\/it\\\/\",\"logo\":{\"@type\":\"ImageObject\",\"inLanguage\":\"it-IT\",\"@id\":\"https:\\\/\\\/linmot.com\\\/it\\\/#\\\/schema\\\/logo\\\/image\\\/\",\"url\":\"https:\\\/\\\/linmot.com\\\/it\\\/wp-content\\\/uploads\\\/sites\\\/4\\\/2022\\\/05\\\/linmot-social-share-logo.jpg\",\"contentUrl\":\"https:\\\/\\\/linmot.com\\\/it\\\/wp-content\\\/uploads\\\/sites\\\/4\\\/2022\\\/05\\\/linmot-social-share-logo.jpg\",\"width\":800,\"height\":500,\"caption\":\"NTI AG - LinMot & MagSpring\"},\"image\":{\"@id\":\"https:\\\/\\\/linmot.com\\\/it\\\/#\\\/schema\\\/logo\\\/image\\\/\"},\"sameAs\":[\"https:\\\/\\\/www.linkedin.com\\\/company\\\/pamoco-spa\\\/\",\"https:\\\/\\\/www.youtube.com\\\/user\\\/LinMotEurope\"]}]}<\/script>\n<!-- \/ Yoast SEO Premium plugin. -->","yoast_head_json":{"title":"Moduli lineari P04 - Compatibili con gli accessori pneumatici","description":"I moduli P04 sono costruiti per sostituire facilmente i cilindri pneumatici. Sono meccanicamente compatibili con i pi\u00f9 diffusi accessori della pneumatica.","robots":{"index":"index","follow":"follow","max-snippet":"max-snippet:-1","max-image-preview":"max-image-preview:large","max-video-preview":"max-video-preview:-1"},"canonical":"https:\/\/linmot.com\/it\/prodotti\/guide-lineari-moduli-lineari\/moduli-lineari-p04\/","og_locale":"it_IT","og_type":"article","og_title":"Moduli lineari P04 - Compatibili con gli accessori pneumatici","og_description":"I moduli P04 sono costruiti per sostituire facilmente i cilindri pneumatici. Sono meccanicamente compatibili con i pi\u00f9 diffusi accessori della pneumatica.","og_url":"https:\/\/linmot.com\/it\/prodotti\/guide-lineari-moduli-lineari\/moduli-lineari-p04\/","og_site_name":"LinMot e MagSpring - Italiano","article_modified_time":"2024-08-28T13:59:09+00:00","og_image":[{"width":612,"height":190,"url":"https:\/\/linmot.com\/it\/wp-content\/uploads\/sites\/4\/2017\/10\/2018-LinMot-P04_motoren_frontpage.jpg","type":"image\/jpeg"}],"twitter_card":"summary_large_image","twitter_title":"Moduli lineari P04 - Compatibili con gli accessori pneumatici","twitter_description":"I moduli P04 sono costruiti per sostituire facilmente i cilindri pneumatici. Sono meccanicamente compatibili con i pi\u00f9 diffusi accessori della pneumatica.","twitter_misc":{"Tempo di lettura stimato":"2 minuti"},"schema":{"@context":"https:\/\/schema.org","@graph":[{"@type":"WebPage","@id":"https:\/\/linmot.com\/it\/prodotti\/guide-lineari-moduli-lineari\/moduli-lineari-p04\/","url":"https:\/\/linmot.com\/it\/prodotti\/guide-lineari-moduli-lineari\/moduli-lineari-p04\/","name":"Moduli lineari P04 - Compatibili con gli accessori pneumatici","isPartOf":{"@id":"https:\/\/linmot.com\/it\/#website"},"datePublished":"2020-12-30T09:16:03+00:00","dateModified":"2024-08-28T13:59:09+00:00","description":"I moduli P04 sono costruiti per sostituire facilmente i cilindri pneumatici. Sono meccanicamente compatibili con i pi\u00f9 diffusi accessori della pneumatica.","breadcrumb":{"@id":"https:\/\/linmot.com\/it\/prodotti\/guide-lineari-moduli-lineari\/moduli-lineari-p04\/#breadcrumb"},"inLanguage":"it-IT","potentialAction":[{"@type":"ReadAction","target":["https:\/\/linmot.com\/it\/prodotti\/guide-lineari-moduli-lineari\/moduli-lineari-p04\/"]}]},{"@type":"BreadcrumbList","@id":"https:\/\/linmot.com\/it\/prodotti\/guide-lineari-moduli-lineari\/moduli-lineari-p04\/#breadcrumb","itemListElement":[{"@type":"ListItem","position":1,"name":"Home","item":"https:\/\/linmot.com\/it\/"},{"@type":"ListItem","position":2,"name":"Prodotti","item":"https:\/\/linmot.com\/it\/prodotti\/"},{"@type":"ListItem","position":3,"name":"Guide lineari \/ Moduli lineari","item":"https:\/\/linmot.com\/it\/prodotti\/guide-lineari-moduli-lineari\/"},{"@type":"ListItem","position":4,"name":"Moduli lineari P04"}]},{"@type":"WebSite","@id":"https:\/\/linmot.com\/it\/#website","url":"https:\/\/linmot.com\/it\/","name":"LinMot e MagSpring - Italiano","description":"Motori lineari e sistemi di motori lineari di alta qualit\u00e0","publisher":{"@id":"https:\/\/linmot.com\/it\/#organization"},"potentialAction":[{"@type":"SearchAction","target":{"@type":"EntryPoint","urlTemplate":"https:\/\/linmot.com\/it\/?s={search_term_string}"},"query-input":{"@type":"PropertyValueSpecification","valueRequired":true,"valueName":"search_term_string"}}],"inLanguage":"it-IT"},{"@type":"Organization","@id":"https:\/\/linmot.com\/it\/#organization","name":"NTI AG - LinMot & MagSpring","url":"https:\/\/linmot.com\/it\/","logo":{"@type":"ImageObject","inLanguage":"it-IT","@id":"https:\/\/linmot.com\/it\/#\/schema\/logo\/image\/","url":"https:\/\/linmot.com\/it\/wp-content\/uploads\/sites\/4\/2022\/05\/linmot-social-share-logo.jpg","contentUrl":"https:\/\/linmot.com\/it\/wp-content\/uploads\/sites\/4\/2022\/05\/linmot-social-share-logo.jpg","width":800,"height":500,"caption":"NTI AG - LinMot & MagSpring"},"image":{"@id":"https:\/\/linmot.com\/it\/#\/schema\/logo\/image\/"},"sameAs":["https:\/\/www.linkedin.com\/company\/pamoco-spa\/","https:\/\/www.youtube.com\/user\/LinMotEurope"]}]}},"_links":{"self":[{"href":"https:\/\/linmot.com\/it\/wp-json\/wp\/v2\/pages\/1760","targetHints":{"allow":["GET"]}}],"collection":[{"href":"https:\/\/linmot.com\/it\/wp-json\/wp\/v2\/pages"}],"about":[{"href":"https:\/\/linmot.com\/it\/wp-json\/wp\/v2\/types\/page"}],"author":[{"embeddable":true,"href":"https:\/\/linmot.com\/it\/wp-json\/wp\/v2\/users\/1"}],"replies":[{"embeddable":true,"href":"https:\/\/linmot.com\/it\/wp-json\/wp\/v2\/comments?post=1760"}],"version-history":[{"count":12,"href":"https:\/\/linmot.com\/it\/wp-json\/wp\/v2\/pages\/1760\/revisions"}],"predecessor-version":[{"id":3595,"href":"https:\/\/linmot.com\/it\/wp-json\/wp\/v2\/pages\/1760\/revisions\/3595"}],"up":[{"embeddable":true,"href":"https:\/\/linmot.com\/it\/wp-json\/wp\/v2\/pages\/44"}],"wp:attachment":[{"href":"https:\/\/linmot.com\/it\/wp-json\/wp\/v2\/media?parent=1760"}],"curies":[{"name":"wp","href":"https:\/\/api.w.org\/{rel}","templated":true}]}}