{"id":1711,"date":"2020-11-24T16:59:56","date_gmt":"2020-11-24T15:59:56","guid":{"rendered":"https:\/\/linmot.com\/it\/?page_id=1711"},"modified":"2024-08-28T15:32:34","modified_gmt":"2024-08-28T13:32:34","slug":"motori-lineari-3x400vac-ssc","status":"publish","type":"page","link":"https:\/\/linmot.com\/it\/prodotti\/motori-in-acciaio-inossidabile\/motori-lineari-3x400vac-ssc\/","title":{"rendered":"Motori lineari 3x400VAC SSC"},"content":{"rendered":"<p><strong>Per i motori lineari in acciaio inossidabile P10-70, LinMot si affida alla tecnologia 3x400VAC e ai servoazionamenti con alimentazione diretta dalla rete. Ci\u00f2 significa che i motori possono essere perfettamente integrati in qualsiasi concetto di macchina. Gli encoder standard integrati garantiscono una migliore integrazione degli azionamenti nei concetti di controllo di terze parti. I motori possono quindi essere facilmente controllati da azionamenti di qualsiasi produttore.<\/strong><\/p>\n<hr \/>\n<div class=\"row\">\n<div class=\"col-sm-2\">\n<p><a class=\"button\" href=\"#dettagli\">1. Dettagli<\/a><\/p>\n<\/div>\n<div class=\"col-sm-1\">\n<\/div>\n<div class=\"col-sm-2\">\n<p><a class=\"button\" href=\"#video\">2. Video<\/a><\/p>\n<\/div>\n<div class=\"col-sm-1\">\n<\/div>\n<div class=\"col-sm-2\">\n<p><a class=\"button\" href=\"#applicazione\">3. Applicazione<\/a><\/p>\n<\/div>\n<div class=\"col-sm-1\">\n<\/div>\n<div class=\"col-sm-2\">\n<p><a class=\"button\" href=\"#contatta\">4. Contatta<\/a><\/p>\n<\/div>\n<\/div>\n<hr \/>\n<h2 id=\"dettagli\">1. Dettagli<\/h2>\n<p>Sono progettati per l&#8217;impiego in macchine e sistemi per la lavorazione degli alimenti o per il funzionamento nell&#8217;industria farmaceutica. La custodia INOX, completamente realizzata in acciaio inossidabile EN 1.4404\/AISI 316L, garantisce la sicurezza operativa in queste condizioni ambientali molto impegnative. Questa custodia completamente saldata incapsula il motore all&#8217;esterno e raggiunge cos\u00ec il grado di protezione IP69K. Inoltre, i nuovi motori sono dotati di un sistema di raffreddamento ad acqua integrato nell&#8217;alloggiamento. In termini di manutenzione, l&#8217;utente beneficia della struttura modulare dei motori, dove il cuscinetto pu\u00f2 essere sostituito molto facilmente.<\/p>\n<div class=\"row\">\n<div class=\"col-md-5\">\n<ul>\n<li>3 x 400VAC Motori in acciaio inossidabile<\/li>\n<li>Forze elevate<\/li>\n<li>Accelerazioni estremamente elevate<\/li>\n<li>Classe di protezione IP69K<\/li>\n<li>Raffreddamento ad acqua integrato nell&#8217;alloggiamento<\/li>\n<li>Design modulare<\/li>\n<li>Pu\u00f2 essere utilizzato anche con servoazionamenti standard &#8220;3rd party&#8221;<\/li>\n<\/ul>\n<p><a class=\"btn btn-active\" href=\"https:\/\/shop.linmot.com\/E\/linear-motors\/linear-motors-p10-70.htm\" target=\"_blank\" rel=\"noopener noreferrer\">Ai dettagli nel catalogo elettronico (inglese)<\/a><\/p>\n<\/div>\n<div class=\"col-md-7\">\n<div class=\"carousel slide\" id=\"b1d37de210b96bdb2dc113cedc5517fd\" data-ride=\"carousel\">  <div class=\"carousel-inner\" role=\"listbox\">    <div class=\"item active\">      <img decoding=\"async\" src=\"https:\/\/linmot.com\/it\/wp-content\/uploads\/sites\/4\/2020\/11\/P10-70-SSC.jpg\" alt=\"...\">    <\/div>    <div class=\"item\">      <img decoding=\"async\" src=\"https:\/\/linmot.com\/it\/wp-content\/uploads\/sites\/4\/2020\/11\/PS10-70x160-SSC-FC.jpg\" alt=\"...\">    <\/div>  <\/div><div class=\"navigation\"><a class=\"left carousel-control\" href=\"#b1d37de210b96bdb2dc113cedc5517fd\" role=\"button\" data-slide=\"prev\"><\/a><a class=\"right carousel-control\" href=\"#b1d37de210b96bdb2dc113cedc5517fd\" role=\"button\" data-slide=\"next\"><\/a><\/div><\/div>\n<\/div>\n<\/div>\n<hr \/>\n<h3>Progetti realizzati con i LinMot motori lineari 3x400VAC e gli azionamenti di:<\/h3>\n<div class=\"row download\">\n<div class=\"col-md-3\">\n<ul>\n<li>AMK<\/li>\n<li>B&amp;R<\/li>\n<li>Beckhoff<\/li>\n<li>Control Techniques<\/li>\n<li>Danfoss<\/li>\n<li>KEB<\/li>\n<\/ul>\n<\/div>\n<div class=\"col-md-3\">\n<ul>\n<li>JBG Elektronik<\/li>\n<li>Kollmorgen<\/li>\n<li>pilz<\/li>\n<li>Lenze<\/li>\n<li>KEBA<\/li>\n<li>Mitsubishi Electric<\/li>\n<\/ul>\n<\/div>\n<div class=\"col-md-3\">\n<ul>\n<li>Panasonic<\/li>\n<li>rexroth<\/li>\n<li>Robox motion control<\/li>\n<li>SEW Eurodrive<\/li>\n<li>Rockwell Automation<\/li>\n<\/ul>\n<\/div>\n<div class=\"col-md-3\">\n<ul>\n<li>Schneider Electric<\/li>\n<li>Siemens<\/li>\n<li>Sigmatek<\/li>\n<li>Yaskawa<\/li>\n<li>Lust LTi<\/li>\n<\/ul>\n<\/div>\n<\/div>\n<hr \/>\n<h2 id=\"video\">2. Video<\/h2>\n<div class=\"row download\">\n<div class=\"col-md-6\">\n<h4 class=\"download-title\">Motore in acciaio inossidabile in uso<\/h4>\n<p class=\"bodytext\">I motori lineari in acciaio inossidabile hanno un eccellente comportamento termico e possono quindi essere raffreddati passivamente molto bene.<\/p>\n<\/div>\n<div class=\"col-md-1\">\n<\/div>\n<div class=\"col-md-5\">\n<div class=\"brlbs-cmpnt-container brlbs-cmpnt-content-blocker brlbs-cmpnt-with-individual-styles\" data-borlabs-cookie-content-blocker-id=\"default\" data-borlabs-cookie-content=\"PGlmcmFtZSB0aXRsZT0iWW91VHViZSB2aWRlbyBwbGF5ZXIiIHNyYz0iaHR0cHM6Ly93d3cueW91dHViZS5jb20vZW1iZWQvcjdMallqQURURDAiIHdpZHRoPSIzOTQiIGhlaWdodD0iMjIwIiBmcmFtZWJvcmRlcj0iMCIgYWxsb3dmdWxsc2NyZWVuPSJhbGxvd2Z1bGxzY3JlZW4iPjwvaWZyYW1lPg==\">\n<div class=\"brlbs-cmpnt-cb-preset-a\">\n<p class=\"brlbs-cmpnt-cb-description\">Stai visualizzando un contenuto segnaposto da <strong>Predefinito<\/strong>. Per accedere al contenuto effettivo, clicca sul pulsante sottostante. Si prega di notare che in questo modo si condividono i dati con provider di terze parti.<\/p>\n<div class=\"brlbs-cmpnt-cb-buttons\"> <a class=\"brlbs-cmpnt-cb-btn\" href=\"#\" data-borlabs-cookie-unblock role=\"button\">Sblocca i contenuti<\/a> <a class=\"brlbs-cmpnt-cb-btn\" href=\"#\" data-borlabs-cookie-accept-service role=\"button\" style=\"display: none\">Accetta il servizio richiesto e sblocca i contenuti<\/a> <\/div>\n<p> <a class=\"brlbs-cmpnt-cb-provider-toggle\" href=\"#\" data-borlabs-cookie-show-provider-information role=\"button\">Ulteriori informazioni<\/a> <\/div>\n<\/div>\n<\/div>\n<\/div>\n<h2 id=\"applicazione\">3. Applicazione tipica<\/h2>\n<div class=\"row download\">\n<div class=\"col-md-3\">\n<h4 class=\"download-title\">Riempimento flessibile e veloce<\/h4>\n<p class=\"bodytext\">Combinare i vantaggi della misurazione basata sulla misurazione a flusso con quelli della misurazione a pistone in una macchina di riempimento rotativa \u00e8 ci\u00f2 che molti utenti desiderano. T\u00f6lke, uno specialista di macchine per l\u2019imballaggio, ha ora realizzato questa impresa utilizzando i motori lineari LinMot.<\/p>\n<p><a class=\"button\" href=\"\/it\/blog\/riempimento-flessibile-e-veloce\/\">Leggi di pi\u00f9<\/a><br \/>\n<\/div>\n<div class=\"col-md-2\">\n<img loading=\"lazy\" decoding=\"async\" class=\"alignnone wp-image-3280\" src=\"https:\/\/linmot.com\/de\/wp-content\/uploads\/sites\/2\/2022\/04\/flexibel-und-schnell-abfuellen.jpg\" alt=\"\" width=\"220\" height=\"220\" \/><br \/>\n<\/div>\n<div class=\"col-md-2\">\n<\/div>\n<div class=\"col-md-3\">\n<h4 class=\"download-title\">Pesce d&#8217;allevamento sano grazie ai motori INOX<\/h4>\n<p class=\"bodytext\">La macchina VX-8 sviluppata da Skala Maskon inocula automaticamente fino a 20.000 pesci d\u2019allevamento all\u2019ora. Questa rivoluzione nella piscicoltura \u00e8 resa possibile dall\u2019uso di un potente sistema di elaborazione delle immagini in combinazione con i motori lineari in acciaio inossidabile particolarmente dinamici e compatti in classe di protezione IP69K di LinMot.<\/p>\n<p><a class=\"button\" href=\"\/it\/blog\/i-motori-lineari-inox-garantiscono-la-salute-dei-pesci-dallevamento\/\">Leggi di pi\u00f9<\/a><br \/>\n<\/div>\n<div class=\"col-md-2\">\n<img loading=\"lazy\" decoding=\"async\" class=\"alignnone wp-image-3289 size-full\" src=\"https:\/\/linmot.com\/de\/wp-content\/uploads\/sites\/2\/2022\/04\/inox-zuchtfisch.jpg\" alt=\"\" width=\"220\" height=\"220\" \/><br \/>\n<\/div>\n<\/div>\n<div class=\"row download\">\n<div class=\"col-md-3\">\n<h4 class=\"download-title\">Separare una prelibatezza<\/h4>\n<p class=\"bodytext\">Valka, un\u2019azienda islandese high-tech che progetta e costruisce sistemi avanzati per la lavorazione del pesce, equipaggia le sue macchine di separazione e selezione con motori LinMot in acciaio inossidabile per garantire la velocit\u00e0 e la precisione necessarie in un ambiente di lavaggio impegnativo.<\/p>\n<p><a class=\"button\" href=\"\/it\/blog\/separare-una-prelibatezza-dirottamento-di-parti-preziose-di-pesce-con-motori-lineari\/\">Leggi di pi\u00f9<\/a><br \/>\n<\/div>\n<div class=\"col-md-2\">\n<img loading=\"lazy\" decoding=\"async\" class=\"alignnone wp-image-3280\" src=\"https:\/\/linmot.com\/de\/wp-content\/uploads\/sites\/2\/2023\/01\/vorschau-umleiten-fischteile.jpg\" alt=\"\" width=\"220\" height=\"220\" \/><br \/>\n<\/div>\n<\/div>\n<h2 id=\"contatta\">4. Contatta<\/h2>\n<div class=\"row download\">\n<div class=\"col-md-6\">\n<h4 class=\"download-title\">Domande sui nostri motori in acciaio inossidabile?<\/h4>\n<p class=\"bodytext\">Saremo lieti di rispondere a qualsiasi domanda sui nostri motori.<br \/>\nContattateci utilizzando il seguente modulo o chiamateci al seguente numero:<\/p>\n<p class=\"bodytext\">Tel: +41 (0)56 419 91 91<\/p>\n<p class=\"bodytext\">Il team LinMot<\/p>\n<\/div>\n<div class=\"col-md-1\">\n<\/div>\n<div class=\"col-md-5\">\n\n<div class=\"wpcf7 no-js\" id=\"wpcf7-f1805-o1\" lang=\"it-IT\" dir=\"ltr\" data-wpcf7-id=\"1805\">\n<div class=\"screen-reader-response\"><p role=\"status\" aria-live=\"polite\" aria-atomic=\"true\"><\/p> <ul><\/ul><\/div>\n<form action=\"\/it\/wp-json\/wp\/v2\/pages\/1711#wpcf7-f1805-o1\" method=\"post\" class=\"wpcf7-form init\" aria-label=\"Modulo di contatto\" novalidate=\"novalidate\" data-status=\"init\">\n<fieldset class=\"hidden-fields-container\"><input type=\"hidden\" name=\"_wpcf7\" value=\"1805\" \/><input type=\"hidden\" name=\"_wpcf7_version\" value=\"6.1.5\" \/><input type=\"hidden\" name=\"_wpcf7_locale\" value=\"it_IT\" \/><input type=\"hidden\" name=\"_wpcf7_unit_tag\" value=\"wpcf7-f1805-o1\" \/><input type=\"hidden\" name=\"_wpcf7_container_post\" value=\"0\" \/><input type=\"hidden\" name=\"_wpcf7_posted_data_hash\" value=\"\" \/><input type=\"hidden\" name=\"_wpcf7_recaptcha_response\" value=\"\" \/>\n<\/fieldset>\n<label>Il tuo nome<br>\n    <span class=\"wpcf7-form-control-wrap\" data-name=\"your-name\"><input size=\"40\" maxlength=\"400\" class=\"wpcf7-form-control wpcf7-text wpcf7-validates-as-required\" aria-required=\"true\" aria-invalid=\"false\" value=\"\" type=\"text\" name=\"your-name\" \/><\/span> <\/label>\n<br>\n<label>Azienda<br>\n    <span class=\"wpcf7-form-control-wrap\" data-name=\"your-company\"><input size=\"40\" maxlength=\"400\" class=\"wpcf7-form-control wpcf7-text wpcf7-validates-as-required\" aria-required=\"true\" aria-invalid=\"false\" value=\"\" type=\"text\" name=\"your-company\" \/><\/span> <\/label>\n<br>\n<label>Codice postale<br>\n    <span class=\"wpcf7-form-control-wrap\" data-name=\"your-plz\"><input class=\"wpcf7-form-control wpcf7-number wpcf7-validates-as-required wpcf7-validates-as-number\" aria-required=\"true\" aria-invalid=\"false\" value=\"\" type=\"number\" name=\"your-plz\" \/><\/span> <\/label>\n<br>\n<label>Paese<br>\n    <span class=\"wpcf7-form-control-wrap\" data-name=\"your-country\"><input size=\"40\" maxlength=\"400\" class=\"wpcf7-form-control wpcf7-text wpcf7-validates-as-required\" aria-required=\"true\" aria-invalid=\"false\" value=\"\" type=\"text\" name=\"your-country\" \/><\/span> <\/label>\n<br>\n<label>Numero di telefono<br>\n    <span class=\"wpcf7-form-control-wrap\" data-name=\"your-number\"><input size=\"40\" maxlength=\"400\" class=\"wpcf7-form-control wpcf7-tel wpcf7-validates-as-required wpcf7-text wpcf7-validates-as-tel\" aria-required=\"true\" aria-invalid=\"false\" value=\"\" type=\"tel\" name=\"your-number\" \/><\/span> <\/label>\n<br>\n<label>Email<br>\n    <span class=\"wpcf7-form-control-wrap\" data-name=\"your-email\"><input size=\"40\" maxlength=\"400\" class=\"wpcf7-form-control wpcf7-email wpcf7-validates-as-required wpcf7-text wpcf7-validates-as-email\" aria-required=\"true\" aria-invalid=\"false\" value=\"\" type=\"email\" name=\"your-email\" \/><\/span> <\/label>\n<br>\n<label> Il tuo messaggio<br>\n    <span class=\"wpcf7-form-control-wrap\" data-name=\"your-message\"><textarea cols=\"40\" rows=\"10\" maxlength=\"2000\" class=\"wpcf7-form-control wpcf7-textarea\" aria-invalid=\"false\" name=\"your-message\"><\/textarea><\/span> <\/label>\n<br>\n<input class=\"wpcf7-form-control wpcf7-submit has-spinner\" type=\"submit\" value=\"Invia\" \/><div class=\"wpcf7-response-output\" aria-hidden=\"true\"><\/div>\n<\/form>\n<\/div>\n\n<\/div>\n<\/div>\n","protected":false},"excerpt":{"rendered":"<p>Per i motori lineari in acciaio inossidabile P10-70, LinMot si affida alla tecnologia 3x400VAC e ai servoazionamenti con alimentazione diretta dalla rete. Ci\u00f2 significa che i motori possono essere perfettamente integrati in qualsiasi concetto di macchina. Gli encoder standard integrati garantiscono una migliore integrazione degli azionamenti nei concetti di controllo di terze parti. I motori [&hellip;]<\/p>\n","protected":false},"author":1,"featured_media":0,"parent":40,"menu_order":92,"comment_status":"closed","ping_status":"closed","template":"","meta":{"_acf_changed":false,"footnotes":""},"class_list":["post-1711","page","type-page","status-publish","hentry"],"acf":[],"yoast_head":"<!-- This site is optimized with the Yoast SEO Premium plugin v20.9 (Yoast SEO v27.2) - https:\/\/yoast.com\/product\/yoast-seo-premium-wordpress\/ -->\n<title>Motori lineari 3x400VAC SSC - LinMot e MagSpring - Italiano<\/title>\n<meta name=\"description\" content=\"LinMot si affida alla tecnologia 3x400VAC per i motori lineari in acciaio inossidabile P10-70 e per i servoazionamenti con alimentazione diretta dalla rete.\" \/>\n<meta name=\"robots\" content=\"index, follow, max-snippet:-1, max-image-preview:large, max-video-preview:-1\" \/>\n<link rel=\"canonical\" href=\"https:\/\/linmot.com\/it\/prodotti\/motori-in-acciaio-inossidabile\/motori-lineari-3x400vac-ssc\/\" \/>\n<meta property=\"og:locale\" content=\"it_IT\" \/>\n<meta property=\"og:type\" content=\"article\" \/>\n<meta property=\"og:title\" content=\"Motori lineari 3x400VAC SSC - LinMot e MagSpring - Italiano\" \/>\n<meta property=\"og:description\" content=\"LinMot si affida alla tecnologia 3x400VAC per i motori lineari in acciaio inossidabile P10-70 e per i servoazionamenti con alimentazione diretta dalla rete.\" \/>\n<meta property=\"og:url\" content=\"https:\/\/linmot.com\/it\/prodotti\/motori-in-acciaio-inossidabile\/motori-lineari-3x400vac-ssc\/\" \/>\n<meta property=\"og:site_name\" content=\"LinMot e MagSpring - Italiano\" \/>\n<meta property=\"article:modified_time\" content=\"2024-08-28T13:32:34+00:00\" \/>\n<meta property=\"og:image\" content=\"https:\/\/linmot.com\/it\/wp-content\/uploads\/sites\/4\/2020\/11\/P10-70-SSC.jpg\" \/>\n\t<meta property=\"og:image:width\" content=\"612\" \/>\n\t<meta property=\"og:image:height\" content=\"190\" \/>\n\t<meta property=\"og:image:type\" content=\"image\/jpeg\" \/>\n<meta name=\"twitter:card\" content=\"summary_large_image\" \/>\n<meta name=\"twitter:title\" content=\"Motori lineari 3x400VAC SSC - LinMot e MagSpring - Italiano\" \/>\n<meta name=\"twitter:description\" content=\"LinMot si affida alla tecnologia 3x400VAC per i motori lineari in acciaio inossidabile P10-70 e per i servoazionamenti con alimentazione diretta dalla rete.\" \/>\n<meta name=\"twitter:label1\" content=\"Tempo di lettura stimato\" \/>\n\t<meta name=\"twitter:data1\" content=\"4 minuti\" \/>\n<script type=\"application\/ld+json\" class=\"yoast-schema-graph\">{\"@context\":\"https:\/\/schema.org\",\"@graph\":[{\"@type\":\"WebPage\",\"@id\":\"https:\/\/linmot.com\/it\/prodotti\/motori-in-acciaio-inossidabile\/motori-lineari-3x400vac-ssc\/\",\"url\":\"https:\/\/linmot.com\/it\/prodotti\/motori-in-acciaio-inossidabile\/motori-lineari-3x400vac-ssc\/\",\"name\":\"Motori lineari 3x400VAC SSC - LinMot e MagSpring - Italiano\",\"isPartOf\":{\"@id\":\"https:\/\/linmot.com\/it\/#website\"},\"primaryImageOfPage\":{\"@id\":\"https:\/\/linmot.com\/it\/prodotti\/motori-in-acciaio-inossidabile\/motori-lineari-3x400vac-ssc\/#primaryimage\"},\"image\":{\"@id\":\"https:\/\/linmot.com\/it\/prodotti\/motori-in-acciaio-inossidabile\/motori-lineari-3x400vac-ssc\/#primaryimage\"},\"thumbnailUrl\":\"https:\/\/linmot.com\/de\/wp-content\/uploads\/sites\/2\/2022\/04\/flexibel-und-schnell-abfuellen.jpg\",\"datePublished\":\"2020-11-24T15:59:56+00:00\",\"dateModified\":\"2024-08-28T13:32:34+00:00\",\"description\":\"LinMot si affida alla tecnologia 3x400VAC per i motori lineari in acciaio inossidabile P10-70 e per i servoazionamenti con alimentazione diretta dalla rete.\",\"breadcrumb\":{\"@id\":\"https:\/\/linmot.com\/it\/prodotti\/motori-in-acciaio-inossidabile\/motori-lineari-3x400vac-ssc\/#breadcrumb\"},\"inLanguage\":\"it-IT\",\"potentialAction\":[{\"@type\":\"ReadAction\",\"target\":[\"https:\/\/linmot.com\/it\/prodotti\/motori-in-acciaio-inossidabile\/motori-lineari-3x400vac-ssc\/\"]}]},{\"@type\":\"ImageObject\",\"inLanguage\":\"it-IT\",\"@id\":\"https:\/\/linmot.com\/it\/prodotti\/motori-in-acciaio-inossidabile\/motori-lineari-3x400vac-ssc\/#primaryimage\",\"url\":\"https:\/\/linmot.com\/de\/wp-content\/uploads\/sites\/2\/2022\/04\/flexibel-und-schnell-abfuellen.jpg\",\"contentUrl\":\"https:\/\/linmot.com\/de\/wp-content\/uploads\/sites\/2\/2022\/04\/flexibel-und-schnell-abfuellen.jpg\"},{\"@type\":\"BreadcrumbList\",\"@id\":\"https:\/\/linmot.com\/it\/prodotti\/motori-in-acciaio-inossidabile\/motori-lineari-3x400vac-ssc\/#breadcrumb\",\"itemListElement\":[{\"@type\":\"ListItem\",\"position\":1,\"name\":\"Home\",\"item\":\"https:\/\/linmot.com\/it\/\"},{\"@type\":\"ListItem\",\"position\":2,\"name\":\"Prodotti\",\"item\":\"https:\/\/linmot.com\/it\/prodotti\/\"},{\"@type\":\"ListItem\",\"position\":3,\"name\":\"Motori in acciaio inossidabile\",\"item\":\"https:\/\/linmot.com\/it\/prodotti\/motori-in-acciaio-inossidabile\/\"},{\"@type\":\"ListItem\",\"position\":4,\"name\":\"Motori lineari 3x400VAC SSC\"}]},{\"@type\":\"WebSite\",\"@id\":\"https:\/\/linmot.com\/it\/#website\",\"url\":\"https:\/\/linmot.com\/it\/\",\"name\":\"LinMot e MagSpring - Italiano\",\"description\":\"Motori lineari e sistemi di motori lineari di alta qualit\u00e0\",\"publisher\":{\"@id\":\"https:\/\/linmot.com\/it\/#organization\"},\"potentialAction\":[{\"@type\":\"SearchAction\",\"target\":{\"@type\":\"EntryPoint\",\"urlTemplate\":\"https:\/\/linmot.com\/it\/?s={search_term_string}\"},\"query-input\":{\"@type\":\"PropertyValueSpecification\",\"valueRequired\":true,\"valueName\":\"search_term_string\"}}],\"inLanguage\":\"it-IT\"},{\"@type\":\"Organization\",\"@id\":\"https:\/\/linmot.com\/it\/#organization\",\"name\":\"NTI AG - LinMot & MagSpring\",\"url\":\"https:\/\/linmot.com\/it\/\",\"logo\":{\"@type\":\"ImageObject\",\"inLanguage\":\"it-IT\",\"@id\":\"https:\/\/linmot.com\/it\/#\/schema\/logo\/image\/\",\"url\":\"https:\/\/linmot.com\/it\/wp-content\/uploads\/sites\/4\/2022\/05\/linmot-social-share-logo.jpg\",\"contentUrl\":\"https:\/\/linmot.com\/it\/wp-content\/uploads\/sites\/4\/2022\/05\/linmot-social-share-logo.jpg\",\"width\":800,\"height\":500,\"caption\":\"NTI AG - LinMot & MagSpring\"},\"image\":{\"@id\":\"https:\/\/linmot.com\/it\/#\/schema\/logo\/image\/\"},\"sameAs\":[\"https:\/\/www.linkedin.com\/company\/pamoco-spa\/\",\"https:\/\/www.youtube.com\/user\/LinMotEurope\"]}]}<\/script>\n<!-- \/ Yoast SEO Premium plugin. -->","yoast_head_json":{"title":"Motori lineari 3x400VAC SSC - LinMot e MagSpring - Italiano","description":"LinMot si affida alla tecnologia 3x400VAC per i motori lineari in acciaio inossidabile P10-70 e per i servoazionamenti con alimentazione diretta dalla rete.","robots":{"index":"index","follow":"follow","max-snippet":"max-snippet:-1","max-image-preview":"max-image-preview:large","max-video-preview":"max-video-preview:-1"},"canonical":"https:\/\/linmot.com\/it\/prodotti\/motori-in-acciaio-inossidabile\/motori-lineari-3x400vac-ssc\/","og_locale":"it_IT","og_type":"article","og_title":"Motori lineari 3x400VAC SSC - LinMot e MagSpring - Italiano","og_description":"LinMot si affida alla tecnologia 3x400VAC per i motori lineari in acciaio inossidabile P10-70 e per i servoazionamenti con alimentazione diretta dalla rete.","og_url":"https:\/\/linmot.com\/it\/prodotti\/motori-in-acciaio-inossidabile\/motori-lineari-3x400vac-ssc\/","og_site_name":"LinMot e MagSpring - Italiano","article_modified_time":"2024-08-28T13:32:34+00:00","og_image":[{"width":612,"height":190,"url":"https:\/\/linmot.com\/it\/wp-content\/uploads\/sites\/4\/2020\/11\/P10-70-SSC.jpg","type":"image\/jpeg"}],"twitter_card":"summary_large_image","twitter_title":"Motori lineari 3x400VAC SSC - LinMot e MagSpring - Italiano","twitter_description":"LinMot si affida alla tecnologia 3x400VAC per i motori lineari in acciaio inossidabile P10-70 e per i servoazionamenti con alimentazione diretta dalla rete.","twitter_misc":{"Tempo di lettura stimato":"4 minuti"},"schema":{"@context":"https:\/\/schema.org","@graph":[{"@type":"WebPage","@id":"https:\/\/linmot.com\/it\/prodotti\/motori-in-acciaio-inossidabile\/motori-lineari-3x400vac-ssc\/","url":"https:\/\/linmot.com\/it\/prodotti\/motori-in-acciaio-inossidabile\/motori-lineari-3x400vac-ssc\/","name":"Motori lineari 3x400VAC SSC - LinMot e MagSpring - Italiano","isPartOf":{"@id":"https:\/\/linmot.com\/it\/#website"},"primaryImageOfPage":{"@id":"https:\/\/linmot.com\/it\/prodotti\/motori-in-acciaio-inossidabile\/motori-lineari-3x400vac-ssc\/#primaryimage"},"image":{"@id":"https:\/\/linmot.com\/it\/prodotti\/motori-in-acciaio-inossidabile\/motori-lineari-3x400vac-ssc\/#primaryimage"},"thumbnailUrl":"https:\/\/linmot.com\/de\/wp-content\/uploads\/sites\/2\/2022\/04\/flexibel-und-schnell-abfuellen.jpg","datePublished":"2020-11-24T15:59:56+00:00","dateModified":"2024-08-28T13:32:34+00:00","description":"LinMot si affida alla tecnologia 3x400VAC per i motori lineari in acciaio inossidabile P10-70 e per i servoazionamenti con alimentazione diretta dalla rete.","breadcrumb":{"@id":"https:\/\/linmot.com\/it\/prodotti\/motori-in-acciaio-inossidabile\/motori-lineari-3x400vac-ssc\/#breadcrumb"},"inLanguage":"it-IT","potentialAction":[{"@type":"ReadAction","target":["https:\/\/linmot.com\/it\/prodotti\/motori-in-acciaio-inossidabile\/motori-lineari-3x400vac-ssc\/"]}]},{"@type":"ImageObject","inLanguage":"it-IT","@id":"https:\/\/linmot.com\/it\/prodotti\/motori-in-acciaio-inossidabile\/motori-lineari-3x400vac-ssc\/#primaryimage","url":"https:\/\/linmot.com\/de\/wp-content\/uploads\/sites\/2\/2022\/04\/flexibel-und-schnell-abfuellen.jpg","contentUrl":"https:\/\/linmot.com\/de\/wp-content\/uploads\/sites\/2\/2022\/04\/flexibel-und-schnell-abfuellen.jpg"},{"@type":"BreadcrumbList","@id":"https:\/\/linmot.com\/it\/prodotti\/motori-in-acciaio-inossidabile\/motori-lineari-3x400vac-ssc\/#breadcrumb","itemListElement":[{"@type":"ListItem","position":1,"name":"Home","item":"https:\/\/linmot.com\/it\/"},{"@type":"ListItem","position":2,"name":"Prodotti","item":"https:\/\/linmot.com\/it\/prodotti\/"},{"@type":"ListItem","position":3,"name":"Motori in acciaio inossidabile","item":"https:\/\/linmot.com\/it\/prodotti\/motori-in-acciaio-inossidabile\/"},{"@type":"ListItem","position":4,"name":"Motori lineari 3x400VAC SSC"}]},{"@type":"WebSite","@id":"https:\/\/linmot.com\/it\/#website","url":"https:\/\/linmot.com\/it\/","name":"LinMot e MagSpring - Italiano","description":"Motori lineari e sistemi di motori lineari di alta qualit\u00e0","publisher":{"@id":"https:\/\/linmot.com\/it\/#organization"},"potentialAction":[{"@type":"SearchAction","target":{"@type":"EntryPoint","urlTemplate":"https:\/\/linmot.com\/it\/?s={search_term_string}"},"query-input":{"@type":"PropertyValueSpecification","valueRequired":true,"valueName":"search_term_string"}}],"inLanguage":"it-IT"},{"@type":"Organization","@id":"https:\/\/linmot.com\/it\/#organization","name":"NTI AG - LinMot & MagSpring","url":"https:\/\/linmot.com\/it\/","logo":{"@type":"ImageObject","inLanguage":"it-IT","@id":"https:\/\/linmot.com\/it\/#\/schema\/logo\/image\/","url":"https:\/\/linmot.com\/it\/wp-content\/uploads\/sites\/4\/2022\/05\/linmot-social-share-logo.jpg","contentUrl":"https:\/\/linmot.com\/it\/wp-content\/uploads\/sites\/4\/2022\/05\/linmot-social-share-logo.jpg","width":800,"height":500,"caption":"NTI AG - LinMot & MagSpring"},"image":{"@id":"https:\/\/linmot.com\/it\/#\/schema\/logo\/image\/"},"sameAs":["https:\/\/www.linkedin.com\/company\/pamoco-spa\/","https:\/\/www.youtube.com\/user\/LinMotEurope"]}]}},"_links":{"self":[{"href":"https:\/\/linmot.com\/it\/wp-json\/wp\/v2\/pages\/1711","targetHints":{"allow":["GET"]}}],"collection":[{"href":"https:\/\/linmot.com\/it\/wp-json\/wp\/v2\/pages"}],"about":[{"href":"https:\/\/linmot.com\/it\/wp-json\/wp\/v2\/types\/page"}],"author":[{"embeddable":true,"href":"https:\/\/linmot.com\/it\/wp-json\/wp\/v2\/users\/1"}],"replies":[{"embeddable":true,"href":"https:\/\/linmot.com\/it\/wp-json\/wp\/v2\/comments?post=1711"}],"version-history":[{"count":25,"href":"https:\/\/linmot.com\/it\/wp-json\/wp\/v2\/pages\/1711\/revisions"}],"predecessor-version":[{"id":3588,"href":"https:\/\/linmot.com\/it\/wp-json\/wp\/v2\/pages\/1711\/revisions\/3588"}],"up":[{"embeddable":true,"href":"https:\/\/linmot.com\/it\/wp-json\/wp\/v2\/pages\/40"}],"wp:attachment":[{"href":"https:\/\/linmot.com\/it\/wp-json\/wp\/v2\/media?parent=1711"}],"curies":[{"name":"wp","href":"https:\/\/api.w.org\/{rel}","templated":true}]}}