{"id":1209,"date":"2017-10-20T23:19:40","date_gmt":"2017-10-20T21:19:40","guid":{"rendered":"https:\/\/linmot.com\/?page_id=4"},"modified":"2025-08-11T15:03:44","modified_gmt":"2025-08-11T13:03:44","slug":"azienda","status":"publish","type":"page","link":"https:\/\/linmot.com\/it\/azienda\/","title":{"rendered":"Profilo aziendale di NTI AG"},"content":{"rendered":"<p>NTI AG \u00e8 un&#8217;azienda produttrice di motori lineari tubolari e di sistemi di alta qualit\u00e0, specializzata nello sviluppo, produzione e distribuzione di dispositivi di trasmissione lineari diretti per uso industriale.<\/p>\n<p>Fondata nel 1993 come unit\u00e0 indipendente del gruppo Sulzer Group, NTI AG \u00e8 presente sul mercato &#8211; a partire dal 2000 &#8211; come identit\u00e0 indipendente.<\/p>\n<p>NTI AG ha sede a Spreitenbach, vicino a Zurigo in Svizzera. Oltre ai siti di produzione in Svizzera e Slovacchia, NTI AG ha uffici di vendita in Germania, Italia e Nord America.<\/p>\n<p>I marchi di motori lineari industriali LinMot\u00ae e di molle magnetiche MagSpring\u00ae sono disponibili in tutto il mondo. NTI AG dispone di una rete di oltre 80 punti di assistenza e consulenza per i clienti a livello globale.<\/p>\n<p>Per ogni soluzione che richiede un movimento lineare, NTI AG rappresenta un partner competente e affidabile.<\/p>\n<p><a class=\"button\" href=\"\/it\/contatto\/\">Non vediamo l&#8217;ora di conoscervi<\/a><\/p>\n<img loading=\"lazy\" decoding=\"async\" class=\"aligncenter size-full wp-image-619\" src=\"https:\/\/linmot.com\/it\/wp-content\/uploads\/sites\/4\/2017\/10\/linmot-new-headquarter-swiss-2018.jpg\" alt=\"\" width=\"940\" height=\"439\" srcset=\"https:\/\/linmot.com\/it\/wp-content\/uploads\/sites\/4\/2017\/10\/linmot-new-headquarter-swiss-2018.jpg 940w, https:\/\/linmot.com\/it\/wp-content\/uploads\/sites\/4\/2017\/10\/linmot-new-headquarter-swiss-2018-300x140.jpg 300w, https:\/\/linmot.com\/it\/wp-content\/uploads\/sites\/4\/2017\/10\/linmot-new-headquarter-swiss-2018-768x359.jpg 768w\" sizes=\"auto, (max-width: 940px) 100vw, 940px\" \/>\n<h2>Missione<\/h2>\n<p>LinMot offre ai suoi clienti dei sistemi di trasmissione lineare sofisticati e dedicati, facilmente integrabili con tutti i sistemi di controllo principali. L\u2019elevata standardizzazione, la consegna da magazzino e la rete di distribuzione in tutto il mondo garantiscono la disponibilit\u00e0 immediata dei prodotti , accompagnata da un servizio clienti di alto livello.<\/p>\n<p>La gamma di prodotti LinMot \u00e8 studiata in modo tale da offrire al cliente i componenti necessari per realizzare sistemi di trasmissione lineare fornendosi da una singola fonte. L&#8217;obiettivo di LinMot \u00e8 di ampliare la propria gamma di motori lineari in maniera significativa in modo da sviluppare questo tipo di tecnologia e renderla un elemento standard nella progettazione dei macchinari<\/p>\n<p>LinMot offre soluzioni ad alta efficienza, capaci di contribuire alla strategia di sfruttamento sostenibile delle risorse.<\/p>\n<h2>Competenza<\/h2>\n<div class=\"row\">\n<div class=\"col-md-3\">\n<img loading=\"lazy\" decoding=\"async\" class=\"aligncenter size-full wp-image-283\" src=\"https:\/\/linmot.com\/it\/wp-content\/uploads\/sites\/4\/2017\/10\/support.png\" alt=\"\" width=\"200\" height=\"200\" srcset=\"https:\/\/linmot.com\/it\/wp-content\/uploads\/sites\/4\/2017\/10\/support.png 200w, https:\/\/linmot.com\/it\/wp-content\/uploads\/sites\/4\/2017\/10\/support-150x150.png 150w\" sizes=\"auto, (max-width: 200px) 100vw, 200px\" \/>\n<\/div>\n<div class=\"col-md-8\">\n<h4>Assistenza<\/h4>\n<p class=\"bodytext\">Come azienda leader nella produzione di motori lineari per l\u2019industria, NTI AG fornisce soluzioni su misura grazie alla conoscenza e all&#8217;innovazione sviluppata negli anni.<\/p>\n<p class=\"bodytext\">I nostri ingegneri sono in grado di offrire un&#8217;ottimo livello di assistenza all&#8217;utente per la ricerca della soluzione ottimale nella definizione delle azioni richieste ai dispositivi. I nostri clienti possono contare su un&#8217;esperienza pluriennale di produzione; questo ci permette anche di implementare e sviluppare soluzioni specifiche per il cliente.<\/p>\n<\/div>\n<\/div>\n<div class=\"row\">\n<div class=\"col-md-3\">\n<img loading=\"lazy\" decoding=\"async\" class=\"aligncenter size-full wp-image-287\" src=\"https:\/\/linmot.com\/it\/wp-content\/uploads\/sites\/4\/2017\/10\/innovation.png\" alt=\"\" width=\"200\" height=\"200\" srcset=\"https:\/\/linmot.com\/it\/wp-content\/uploads\/sites\/4\/2017\/10\/innovation.png 200w, https:\/\/linmot.com\/it\/wp-content\/uploads\/sites\/4\/2017\/10\/innovation-150x150.png 150w\" sizes=\"auto, (max-width: 200px) 100vw, 200px\" \/>\n<\/div>\n<div class=\"col-md-8\">\n<h4>Innovazione<\/h4>\n<p class=\"bodytext\">Grazie al continuo investimento e sviluppo e al contributo della nostra rete di vendita, degli ingegneri e dei partner, NTI AG \u00e8 in grado di offrire ai propri clienti nuovi prodotti commercialmente validi ed a prezzi competitivi.<\/p>\n<\/div>\n<\/div>\n<div class=\"row\">\n<div class=\"col-md-3\">\n<img loading=\"lazy\" decoding=\"async\" class=\"aligncenter size-full wp-image-283\" src=\"https:\/\/linmot.com\/it\/wp-content\/uploads\/sites\/4\/2017\/10\/production.png\" alt=\"\" width=\"200\" height=\"200\" \/>\n<\/div>\n<div class=\"col-md-8\">\n<h4>Produzione<\/h4>\n<p class=\"bodytext\">I prodotti standard LinMot e MagSpring sono realizzati in stabilimenti autonomi. Ci\u00f2 assicura la rapida disponibilit\u00e0 del prodotto, anche in grandi quantit\u00e0, in un contesto di massima flessibilit\u00e0 ai bisogni del cliente. Le strutture di produzione, altamente automatizzate, garantiscono una qualit\u00e0 costante.<\/p>\n<\/div>\n<\/div>\n<div class=\"row\">\n<div class=\"col-md-3\">\n<img loading=\"lazy\" decoding=\"async\" class=\"aligncenter size-full wp-image-283\" src=\"https:\/\/linmot.com\/it\/wp-content\/uploads\/sites\/4\/2017\/10\/logistics.png\" alt=\"\" width=\"200\" height=\"200\" \/>\n<\/div>\n<div class=\"col-md-8\">\n<h4>Logistica<\/h4>\n<p class=\"bodytext\">I prodotti LinMot e MagSpring sono articoli standard, spediti dal magazzino aziendale e disponibili in tutto il mondo. Attualmente offriamo oltre 1000 combinazioni differenti di motori e azionamenti, che Vi potremo consegnare, entro\u00a0 48 ore, in ogni parte del mondo.<\/p>\n<\/div>\n<\/div>\n<div class=\"row\">\n<div class=\"col-md-3\">\n<img loading=\"lazy\" decoding=\"async\" class=\"aligncenter size-full wp-image-283\" src=\"https:\/\/linmot.com\/it\/wp-content\/uploads\/sites\/4\/2017\/10\/quality.png\" alt=\"\" width=\"200\" height=\"200\" \/>\n<\/div>\n<div class=\"col-md-8\">\n<h4>Qualit\u00e0<\/h4>\n<p class=\"bodytext\">Il controllo qualit\u00e0 inizia con la verifica del materiale in ingresso e prosegue nella fase di produzione, fino all&#8217;ultimo test effettuato prima della consegna. Tutti i motori lineari LinMot sono soggetti a un test di controllo \u201cburn-in\u201d da 24 ore prima della consegna. Per garantire la qualit\u00e0 nel lungo termine, i prodotti LinMot sono provvisti di un numero di serie unico sullo Statore, sulla sua \u201ctarghetta\u201d elettronica e nell\u2019azionamento servoassistito.<\/p>\n<\/div>\n<\/div>\n","protected":false},"excerpt":{"rendered":"<p>NTI AG \u00e8 un&#8217;azienda produttrice di motori lineari tubolari e di sistemi di alta qualit\u00e0, specializzata nello sviluppo, produzione e distribuzione di dispositivi di trasmissione lineari diretti per uso industriale. Fondata nel 1993 come unit\u00e0 indipendente del gruppo Sulzer Group, NTI AG \u00e8 presente sul mercato &#8211; a partire dal 2000 &#8211; come identit\u00e0 indipendente. [&hellip;]<\/p>\n","protected":false},"author":1,"featured_media":0,"parent":0,"menu_order":101,"comment_status":"closed","ping_status":"closed","template":"","meta":{"_acf_changed":false,"footnotes":""},"class_list":["post-1209","page","type-page","status-publish","hentry"],"acf":[],"yoast_head":"<!-- This site is optimized with the Yoast SEO Premium plugin v20.9 (Yoast SEO v27.2) - https:\/\/yoast.com\/product\/yoast-seo-premium-wordpress\/ -->\n<title>NTI AG - La storia di NTI AG | LinMot<\/title>\n<meta name=\"description\" content=\"Fondata nel 1993 come business indipendente della Sulzer Corporation, NTI AG opera come azienda indipendente dal 2000.\" \/>\n<meta name=\"robots\" content=\"index, follow, max-snippet:-1, max-image-preview:large, max-video-preview:-1\" \/>\n<link rel=\"canonical\" href=\"https:\/\/linmot.com\/it\/azienda\/\" \/>\n<meta property=\"og:locale\" content=\"it_IT\" \/>\n<meta property=\"og:type\" content=\"article\" \/>\n<meta property=\"og:title\" content=\"Profilo aziendale di NTI AG\" \/>\n<meta property=\"og:description\" content=\"Fondata nel 1993 come business indipendente della Sulzer Corporation, NTI AG opera come azienda indipendente dal 2000.\" \/>\n<meta property=\"og:url\" content=\"https:\/\/linmot.com\/it\/azienda\/\" \/>\n<meta property=\"og:site_name\" content=\"LinMot e MagSpring - Italiano\" \/>\n<meta property=\"article:modified_time\" content=\"2025-08-11T13:03:44+00:00\" \/>\n<meta property=\"og:image\" content=\"https:\/\/linmot.com\/it\/wp-content\/uploads\/sites\/4\/2017\/10\/linmot-new-headquarter-swiss-2018.jpg\" \/>\n\t<meta property=\"og:image:width\" content=\"940\" \/>\n\t<meta property=\"og:image:height\" content=\"439\" \/>\n\t<meta property=\"og:image:type\" content=\"image\/jpeg\" \/>\n<meta name=\"twitter:card\" content=\"summary_large_image\" \/>\n<meta name=\"twitter:description\" content=\"Fondata nel 1993 come business indipendente della Sulzer Corporation, NTI AG opera come azienda indipendente dal 2000.\" \/>\n<meta name=\"twitter:label1\" content=\"Tempo di lettura stimato\" \/>\n\t<meta name=\"twitter:data1\" content=\"5 minuti\" \/>\n<script type=\"application\/ld+json\" class=\"yoast-schema-graph\">{\"@context\":\"https:\/\/schema.org\",\"@graph\":[{\"@type\":\"WebPage\",\"@id\":\"https:\/\/linmot.com\/it\/azienda\/\",\"url\":\"https:\/\/linmot.com\/it\/azienda\/\",\"name\":\"NTI AG - La storia di NTI AG | LinMot\",\"isPartOf\":{\"@id\":\"https:\/\/linmot.com\/it\/#website\"},\"primaryImageOfPage\":{\"@id\":\"https:\/\/linmot.com\/it\/azienda\/#primaryimage\"},\"image\":{\"@id\":\"https:\/\/linmot.com\/it\/azienda\/#primaryimage\"},\"thumbnailUrl\":\"https:\/\/linmot.com\/it\/wp-content\/uploads\/sites\/4\/2017\/10\/linmot-new-headquarter-swiss-2018.jpg\",\"datePublished\":\"2017-10-20T21:19:40+00:00\",\"dateModified\":\"2025-08-11T13:03:44+00:00\",\"description\":\"Fondata nel 1993 come business indipendente della Sulzer Corporation, NTI AG opera come azienda indipendente dal 2000.\",\"breadcrumb\":{\"@id\":\"https:\/\/linmot.com\/it\/azienda\/#breadcrumb\"},\"inLanguage\":\"it-IT\",\"potentialAction\":[{\"@type\":\"ReadAction\",\"target\":[\"https:\/\/linmot.com\/it\/azienda\/\"]}]},{\"@type\":\"ImageObject\",\"inLanguage\":\"it-IT\",\"@id\":\"https:\/\/linmot.com\/it\/azienda\/#primaryimage\",\"url\":\"https:\/\/linmot.com\/it\/wp-content\/uploads\/sites\/4\/2017\/10\/linmot-new-headquarter-swiss-2018.jpg\",\"contentUrl\":\"https:\/\/linmot.com\/it\/wp-content\/uploads\/sites\/4\/2017\/10\/linmot-new-headquarter-swiss-2018.jpg\",\"width\":940,\"height\":439,\"caption\":\"\"},{\"@type\":\"BreadcrumbList\",\"@id\":\"https:\/\/linmot.com\/it\/azienda\/#breadcrumb\",\"itemListElement\":[{\"@type\":\"ListItem\",\"position\":1,\"name\":\"Home\",\"item\":\"https:\/\/linmot.com\/it\/\"},{\"@type\":\"ListItem\",\"position\":2,\"name\":\"Profilo aziendale di NTI AG\"}]},{\"@type\":\"WebSite\",\"@id\":\"https:\/\/linmot.com\/it\/#website\",\"url\":\"https:\/\/linmot.com\/it\/\",\"name\":\"LinMot e MagSpring - Italiano\",\"description\":\"Motori lineari e sistemi di motori lineari di alta qualit\u00e0\",\"publisher\":{\"@id\":\"https:\/\/linmot.com\/it\/#organization\"},\"potentialAction\":[{\"@type\":\"SearchAction\",\"target\":{\"@type\":\"EntryPoint\",\"urlTemplate\":\"https:\/\/linmot.com\/it\/?s={search_term_string}\"},\"query-input\":{\"@type\":\"PropertyValueSpecification\",\"valueRequired\":true,\"valueName\":\"search_term_string\"}}],\"inLanguage\":\"it-IT\"},{\"@type\":\"Organization\",\"@id\":\"https:\/\/linmot.com\/it\/#organization\",\"name\":\"NTI AG - LinMot & MagSpring\",\"url\":\"https:\/\/linmot.com\/it\/\",\"logo\":{\"@type\":\"ImageObject\",\"inLanguage\":\"it-IT\",\"@id\":\"https:\/\/linmot.com\/it\/#\/schema\/logo\/image\/\",\"url\":\"https:\/\/linmot.com\/it\/wp-content\/uploads\/sites\/4\/2022\/05\/linmot-social-share-logo.jpg\",\"contentUrl\":\"https:\/\/linmot.com\/it\/wp-content\/uploads\/sites\/4\/2022\/05\/linmot-social-share-logo.jpg\",\"width\":800,\"height\":500,\"caption\":\"NTI AG - LinMot & MagSpring\"},\"image\":{\"@id\":\"https:\/\/linmot.com\/it\/#\/schema\/logo\/image\/\"},\"sameAs\":[\"https:\/\/www.linkedin.com\/company\/pamoco-spa\/\",\"https:\/\/www.youtube.com\/user\/LinMotEurope\"]}]}<\/script>\n<!-- \/ Yoast SEO Premium plugin. -->","yoast_head_json":{"title":"NTI AG - La storia di NTI AG | LinMot","description":"Fondata nel 1993 come business indipendente della Sulzer Corporation, NTI AG opera come azienda indipendente dal 2000.","robots":{"index":"index","follow":"follow","max-snippet":"max-snippet:-1","max-image-preview":"max-image-preview:large","max-video-preview":"max-video-preview:-1"},"canonical":"https:\/\/linmot.com\/it\/azienda\/","og_locale":"it_IT","og_type":"article","og_title":"Profilo aziendale di NTI AG","og_description":"Fondata nel 1993 come business indipendente della Sulzer Corporation, NTI AG opera come azienda indipendente dal 2000.","og_url":"https:\/\/linmot.com\/it\/azienda\/","og_site_name":"LinMot e MagSpring - Italiano","article_modified_time":"2025-08-11T13:03:44+00:00","og_image":[{"width":940,"height":439,"url":"https:\/\/linmot.com\/it\/wp-content\/uploads\/sites\/4\/2017\/10\/linmot-new-headquarter-swiss-2018.jpg","type":"image\/jpeg"}],"twitter_card":"summary_large_image","twitter_description":"Fondata nel 1993 come business indipendente della Sulzer Corporation, NTI AG opera come azienda indipendente dal 2000.","twitter_misc":{"Tempo di lettura stimato":"5 minuti"},"schema":{"@context":"https:\/\/schema.org","@graph":[{"@type":"WebPage","@id":"https:\/\/linmot.com\/it\/azienda\/","url":"https:\/\/linmot.com\/it\/azienda\/","name":"NTI AG - La storia di NTI AG | LinMot","isPartOf":{"@id":"https:\/\/linmot.com\/it\/#website"},"primaryImageOfPage":{"@id":"https:\/\/linmot.com\/it\/azienda\/#primaryimage"},"image":{"@id":"https:\/\/linmot.com\/it\/azienda\/#primaryimage"},"thumbnailUrl":"https:\/\/linmot.com\/it\/wp-content\/uploads\/sites\/4\/2017\/10\/linmot-new-headquarter-swiss-2018.jpg","datePublished":"2017-10-20T21:19:40+00:00","dateModified":"2025-08-11T13:03:44+00:00","description":"Fondata nel 1993 come business indipendente della Sulzer Corporation, NTI AG opera come azienda indipendente dal 2000.","breadcrumb":{"@id":"https:\/\/linmot.com\/it\/azienda\/#breadcrumb"},"inLanguage":"it-IT","potentialAction":[{"@type":"ReadAction","target":["https:\/\/linmot.com\/it\/azienda\/"]}]},{"@type":"ImageObject","inLanguage":"it-IT","@id":"https:\/\/linmot.com\/it\/azienda\/#primaryimage","url":"https:\/\/linmot.com\/it\/wp-content\/uploads\/sites\/4\/2017\/10\/linmot-new-headquarter-swiss-2018.jpg","contentUrl":"https:\/\/linmot.com\/it\/wp-content\/uploads\/sites\/4\/2017\/10\/linmot-new-headquarter-swiss-2018.jpg","width":940,"height":439,"caption":""},{"@type":"BreadcrumbList","@id":"https:\/\/linmot.com\/it\/azienda\/#breadcrumb","itemListElement":[{"@type":"ListItem","position":1,"name":"Home","item":"https:\/\/linmot.com\/it\/"},{"@type":"ListItem","position":2,"name":"Profilo aziendale di NTI AG"}]},{"@type":"WebSite","@id":"https:\/\/linmot.com\/it\/#website","url":"https:\/\/linmot.com\/it\/","name":"LinMot e MagSpring - Italiano","description":"Motori lineari e sistemi di motori lineari di alta qualit\u00e0","publisher":{"@id":"https:\/\/linmot.com\/it\/#organization"},"potentialAction":[{"@type":"SearchAction","target":{"@type":"EntryPoint","urlTemplate":"https:\/\/linmot.com\/it\/?s={search_term_string}"},"query-input":{"@type":"PropertyValueSpecification","valueRequired":true,"valueName":"search_term_string"}}],"inLanguage":"it-IT"},{"@type":"Organization","@id":"https:\/\/linmot.com\/it\/#organization","name":"NTI AG - LinMot & MagSpring","url":"https:\/\/linmot.com\/it\/","logo":{"@type":"ImageObject","inLanguage":"it-IT","@id":"https:\/\/linmot.com\/it\/#\/schema\/logo\/image\/","url":"https:\/\/linmot.com\/it\/wp-content\/uploads\/sites\/4\/2022\/05\/linmot-social-share-logo.jpg","contentUrl":"https:\/\/linmot.com\/it\/wp-content\/uploads\/sites\/4\/2022\/05\/linmot-social-share-logo.jpg","width":800,"height":500,"caption":"NTI AG - LinMot & MagSpring"},"image":{"@id":"https:\/\/linmot.com\/it\/#\/schema\/logo\/image\/"},"sameAs":["https:\/\/www.linkedin.com\/company\/pamoco-spa\/","https:\/\/www.youtube.com\/user\/LinMotEurope"]}]}},"_links":{"self":[{"href":"https:\/\/linmot.com\/it\/wp-json\/wp\/v2\/pages\/1209","targetHints":{"allow":["GET"]}}],"collection":[{"href":"https:\/\/linmot.com\/it\/wp-json\/wp\/v2\/pages"}],"about":[{"href":"https:\/\/linmot.com\/it\/wp-json\/wp\/v2\/types\/page"}],"author":[{"embeddable":true,"href":"https:\/\/linmot.com\/it\/wp-json\/wp\/v2\/users\/1"}],"replies":[{"embeddable":true,"href":"https:\/\/linmot.com\/it\/wp-json\/wp\/v2\/comments?post=1209"}],"version-history":[{"count":18,"href":"https:\/\/linmot.com\/it\/wp-json\/wp\/v2\/pages\/1209\/revisions"}],"predecessor-version":[{"id":3968,"href":"https:\/\/linmot.com\/it\/wp-json\/wp\/v2\/pages\/1209\/revisions\/3968"}],"wp:attachment":[{"href":"https:\/\/linmot.com\/it\/wp-json\/wp\/v2\/media?parent=1209"}],"curies":[{"name":"wp","href":"https:\/\/api.w.org\/{rel}","templated":true}]}}