{"id":8,"date":"2017-10-20T23:20:03","date_gmt":"2017-10-20T21:20:03","guid":{"rendered":"https:\/\/linmot.com\/?page_id=8"},"modified":"2024-07-08T11:40:47","modified_gmt":"2024-07-08T09:40:47","slug":"solutions-industrielles","status":"publish","type":"page","link":"https:\/\/linmot.com\/fr\/solutions-industrielles\/","title":{"rendered":"Solutions industrielles"},"content":{"rendered":"<p><strong>Solutions industrielles optimales &#8211; Les moteurs lin\u00e9aires et les servomoteurs LinMot sont con\u00e7us pour \u00eatre utilis\u00e9s dans des environnements industriels difficiles et exigeants. Ils se caract\u00e9risent par des propri\u00e9t\u00e9s techniques exceptionnelles, un fonctionnement n\u00e9cessitant peu d&rsquo;entretien et une durabilit\u00e9 extr\u00eame. La conception ferm\u00e9e et le moulage de tous les composants du moteur dans un tube de fer solide, ainsi que les capteurs de position int\u00e9gr\u00e9s bas\u00e9s sur des capteurs de champ magn\u00e9tique, permettent aux moteurs de fonctionner de mani\u00e8re fiable m\u00eame dans des environnements sales ou dans des zones humides (jusqu&rsquo;\u00e0 la classe de protection IP69K).<\/strong><\/p>\n<p>Avec les diff\u00e9rentes s\u00e9ries de produits de LinMot, des syst\u00e8mes d&rsquo;entra\u00eenement sont disponibles pour les applications complexes de servomoteurs ainsi que pour les t\u00e2ches pneumatiques simples. Toutes ces caract\u00e9ristiques font des moteurs lin\u00e9aires industriels la solution id\u00e9ale pour les mouvements lin\u00e9aires dans les machines d&#8217;emballage, les \u00e9quipements de manutention, les machines textiles, les machines sp\u00e9ciales et de nombreuses autres applications.<\/p>\n<div class=\"row\">\n<div class=\"col-md-4\">\n<h4>Alimentaire<\/h4>\n<img loading=\"lazy\" decoding=\"async\" class=\"alignnone wp-image-2543 size-full\" src=\"https:\/\/linmot.com\/de\/wp-content\/uploads\/sites\/2\/2021\/11\/lebensmittel-300x200-1.jpg\" alt=\"\" width=\"300\" height=\"200\" \/>\n<p class=\"bodytext\" align=\"justify\">Une technologie d&rsquo;entra\u00eenement innovante pour optimiser les processus de fabrication et de conditionnement des produits alimentaires.<\/p>\n<p><a class=\"button\" href=\"\/fr\/solutions-industrielles\/alimentaire\/\" rel=\"noopener\">En savoir plus<\/a><\/p>\n<\/div>\n<div class=\"col-md-4\">\n<h4>Manipulation et assemblage<\/h4>\n<img loading=\"lazy\" decoding=\"async\" class=\"alignnone size-full wp-image-2534\" src=\"https:\/\/linmot.com\/de\/wp-content\/uploads\/sites\/2\/2021\/11\/handling-montage-300x200-1.jpg\" alt=\"\" width=\"300\" height=\"200\" \/>\n<p class=\"bodytext\" align=\"justify\">L\u2019approche principale, pour obtenir des syst\u00e8mes de production plus performants, est l\u2019utilisation de syst\u00e8mes modulaires dans lesquels les \u00e9l\u00e9ments peuvent \u00eatre reconfigur\u00e9s facilement.<\/p>\n<p><a class=\"button\" href=\"\/fr\/solutions-industrielles\/manipulation-et-assemblage\/\" rel=\"noopener\">En savoir plus<\/a><\/p>\n<\/div>\n<div class=\"col-md-4\">\n<h4>Automobile<\/h4>\n<img loading=\"lazy\" decoding=\"async\" class=\"alignnone wp-image-2541 size-full\" src=\"https:\/\/linmot.com\/de\/wp-content\/uploads\/sites\/2\/2021\/11\/automobilindustrie-300x200-1.jpg\" alt=\"\" width=\"300\" height=\"200\" \/>\n<p class=\"bodytext\" align=\"justify\">LinMot propose \u00e0 l&rsquo;industrie automobile des tests de fonctionnement et d&rsquo;endurance simplifi\u00e9s dans l&rsquo;industrie automobile, ainsi que des solutions flexibles pour les grandes quantit\u00e9s dans la technologie d&rsquo;assemblage.<\/p>\n<p><a class=\"button\" href=\"\/fr\/solutions-industrielles\/automobile\/\" rel=\"noopener\">En savoir plus<\/a><\/p>\n<\/div>\n<\/div>\n<div class=\"row\">\n<div class=\"col-md-4\">\n<h4>Machines textiles<\/h4>\n<img loading=\"lazy\" decoding=\"async\" class=\"alignnone wp-image-2540 size-full\" src=\"https:\/\/linmot.com\/de\/wp-content\/uploads\/sites\/2\/2021\/11\/textil-300x200-1.jpg\" alt=\"\" width=\"300\" height=\"200\" \/>\n<p class=\"bodytext\" align=\"justify\">Les exigences auxquelles doivent r\u00e9pondre aujourd\u2019hui les machines demand\u00e9es par l\u2019industrie textile sont multiples: utilisation des mat\u00e9riaux plus flexible et optimis\u00e9e, large gamme de patrons, qualit\u00e9 de fabrication irr\u00e9prochable.<\/p>\n<p><a class=\"button\" href=\"\/fr\/solutions-industrielles\/machines-textiles\/\" rel=\"noopener\">En savoir plus<\/a><\/p>\n<\/div>\n<div class=\"col-md-4\">\n<h4>Life Science<\/h4>\n<img loading=\"lazy\" decoding=\"async\" class=\"alignnone size-full wp-image-3409\" src=\"https:\/\/linmot.com\/fr\/wp-content\/uploads\/sites\/3\/2024\/07\/life-science-soluzioni.jpg\" alt=\"\" width=\"300\" height=\"200\" \/>\n<p class=\"bodytext\" align=\"justify\">Dans le secteur des sciences de la vie, la conception des machines destin\u00e9es au traitement des produits est essentielle.<\/p>\n<p><a class=\"button\" href=\"\/fr\/solutions-industrielles\/life-science\/\" rel=\"noopener\">En savoir plus<\/a><\/p>\n<\/div>\n<div class=\"col-md-4\">\n<h4>Semi-conducteurs et \u00e9lectronique<\/h4>\n<img loading=\"lazy\" decoding=\"async\" class=\"alignnone size-full wp-image-2539\" src=\"https:\/\/linmot.com\/de\/wp-content\/uploads\/sites\/2\/2021\/11\/halbleiter-elektronik-300x200-1.jpg\" alt=\"\" width=\"300\" height=\"200\" \/>\n<p class=\"bodytext\" align=\"justify\">Dans l\u2019industrie des semi-conducteurs, la disponibilit\u00e9 des syst\u00e8mes et des machines est une exigence absolue. La production \u00e9lectronique moderne doit \u00eatre capable de faire face aux changements fr\u00e9quents des produits.<\/p>\n<p><a class=\"button\" href=\"\/fr\/solutions-industrielles\/semi-conducteurs-et-electronique\/\" rel=\"noopener\">En savoir plus<\/a><\/p>\n<\/div>\n<\/div>\n<div class=\"row\">\n<div class=\"col-md-4\">\n<h4>Automatisation des laboratoires<\/h4>\n<img loading=\"lazy\" decoding=\"async\" class=\"alignnone size-full wp-image-2538\" src=\"https:\/\/linmot.com\/de\/wp-content\/uploads\/sites\/2\/2021\/11\/laborautomation-300x200-1.jpg\" alt=\"\" width=\"300\" height=\"200\" \/>\n<p class=\"bodytext\" align=\"justify\">L\u2019automatisation des laboratoires est de plus en plus importante dans les sciences du vivant. Accompagner ce progr\u00e8s signifie de g\u00e9n\u00e9rer de plus en plus de donn\u00e9es fiables, de contr\u00f4ler et restituer fid\u00e8lement les analyses effectu\u00e9es et de r\u00e9duire les co\u00fbts.<\/p>\n<p><a class=\"button\" href=\"\/fr\/solutions-industrielles\/automatisation-des-laboratoires\/\" rel=\"noopener\">En savoir plus<\/a><\/p>\n<\/div>\n<div class=\"col-md-4\">\n<h4>Impression et \u00e9tiquetage<\/h4>\n<img loading=\"lazy\" decoding=\"async\" class=\"alignnone size-full wp-image-2537\" src=\"https:\/\/linmot.com\/de\/wp-content\/uploads\/sites\/2\/2021\/11\/drucken-etikettieren-300x200-1.jpg\" alt=\"\" width=\"300\" height=\"200\" \/>\n<p class=\"bodytext\" align=\"justify\">Le principal d\u00e9fi dans le domaine de l\u2019impression et de l\u2019\u00e9tiquetage est de r\u00e9aliser un traitement de haute qualit\u00e9 avec un bon rapport qualit\u00e9-prix. Les commandes de petites s\u00e9ries doivent \u00eatre r\u00e9alis\u00e9es avec une qualit\u00e9 irr\u00e9prochable et reproductible.<\/p>\n<p><a class=\"button\" href=\"\/fr\/solutions-industrielles\/impression-et-etiquetage\/\" rel=\"noopener\">En savoir plus<\/a><\/p>\n<\/div>\n<div class=\"col-md-4\">\n<h4>Emballage<\/h4>\n<img loading=\"lazy\" decoding=\"async\" class=\"alignnone size-full wp-image-2536\" src=\"https:\/\/linmot.com\/de\/wp-content\/uploads\/sites\/2\/2021\/11\/verpacken-300x200-1.jpg\" alt=\"\" width=\"300\" height=\"200\" \/>\n<p class=\"bodytext\" align=\"justify\">L\u2019emballage est un \u00e9l\u00e9ment indispensable de la vie quotidienne. Le large \u00e9ventail de produits que nous rencontrons au quotidien entra\u00eene une grande diversit\u00e9 de types d\u2019emballages.<\/p>\n<p><a class=\"button\" href=\"\/fr\/solutions-industrielles\/emballage\/\" rel=\"noopener\">En savoir plus<\/a><\/p>\n<\/div>\n<\/div>\n<div class=\"row\">\n<div class=\"col-md-4\">\n<h4>M\u00e9dical et Pharmaceutique<\/h4>\n<img loading=\"lazy\" decoding=\"async\" class=\"alignnone size-full wp-image-2535\" src=\"https:\/\/linmot.com\/de\/wp-content\/uploads\/sites\/2\/2021\/11\/medizin-pharma-300x200-1.jpg\" alt=\"\" width=\"300\" height=\"200\" \/>\n<p class=\"bodytext\" align=\"justify\">L\u2019\u00e9ventail des applications pour les entra\u00eenements lin\u00e9aires dans le secteur m\u00e9dical et pharmaceutique est tr\u00e8s large. Les composants d\u2019entra\u00eenement LinMot fournissent un haut niveau de dynamisme et de pr\u00e9cision, pour remplir des t\u00e2ches diverses telles que : manipulation des \u00e9chantillons de sang, comptage et distribution des pilules, emballage des m\u00e9dicaments.<\/p>\n<p><a class=\"button\" href=\"\/fr\/solutions-industrielles\/medical-et-pharmaceutique\/\" rel=\"noopener\">En savoir plus<\/a><\/p>\n<\/div>\n<div class=\"col-md-4\">\n<h4><strong>Bois<\/strong><\/h4>\n<img loading=\"lazy\" decoding=\"async\" class=\"alignnone wp-image-2542 size-full\" src=\"https:\/\/linmot.com\/de\/wp-content\/uploads\/sites\/2\/2021\/11\/holzbearbeitung-300x200-1.jpg\" alt=\"\" width=\"300\" height=\"200\" \/>\n<p class=\"bodytext\" align=\"justify\">Haute efficacit\u00e9, fonctionnalit\u00e9 sans compromis, fiabilit\u00e9 et haute disponibilit\u00e9: la technologie lin\u00e9aire dans le travail du bois.<\/p>\n<p><a class=\"button\" href=\"\/fr\/solutions-industrielles\/bois\/\" rel=\"noopener\">En savoir plus<\/a><\/p>\n<\/div>\n<\/div>\n","protected":false},"excerpt":{"rendered":"<p>Solutions industrielles optimales &#8211; Les moteurs lin\u00e9aires et les servomoteurs LinMot sont con\u00e7us pour \u00eatre utilis\u00e9s dans des environnements industriels difficiles et exigeants. Ils se caract\u00e9risent par des propri\u00e9t\u00e9s techniques exceptionnelles, un fonctionnement n\u00e9cessitant peu d&rsquo;entretien et une durabilit\u00e9 extr\u00eame. La conception ferm\u00e9e et le moulage de tous les composants du moteur dans un tube [&hellip;]<\/p>\n","protected":false},"author":1,"featured_media":0,"parent":0,"menu_order":62,"comment_status":"closed","ping_status":"closed","template":"","meta":{"_acf_changed":false,"footnotes":""},"class_list":["post-8","page","type-page","status-publish","hentry"],"acf":[],"yoast_head":"<!-- This site is optimized with the Yoast SEO Premium plugin v20.9 (Yoast SEO v27.4) - https:\/\/yoast.com\/product\/yoast-seo-premium-wordpress\/ -->\n<title>Solutions industrielles - LinMot &amp; MagSpring - Fran\u00e7ais<\/title>\n<meta name=\"description\" content=\"Solutions industrielles optimales - Les moteurs lin\u00e9aires et les servodrivers sont con\u00e7us pour \u00eatre utilis\u00e9s dans des environnements industriels rudes et exigeants.\" \/>\n<meta name=\"robots\" content=\"index, follow, max-snippet:-1, max-image-preview:large, max-video-preview:-1\" \/>\n<link rel=\"canonical\" href=\"https:\/\/linmot.com\/fr\/solutions-industrielles\/\" \/>\n<meta property=\"og:locale\" content=\"fr_FR\" \/>\n<meta property=\"og:type\" content=\"article\" \/>\n<meta property=\"og:title\" content=\"Solutions industrielles | LinMot &amp; MagSpring\" \/>\n<meta property=\"og:description\" content=\"Solutions industrielles optimales - Les moteurs lin\u00e9aires et les servodrivers sont con\u00e7us pour \u00eatre utilis\u00e9s dans des environnements industriels rudes et exigeants.\" \/>\n<meta property=\"og:url\" content=\"https:\/\/linmot.com\/fr\/solutions-industrielles\/\" \/>\n<meta property=\"og:site_name\" content=\"LinMot &amp; MagSpring - Fran\u00e7ais\" \/>\n<meta property=\"article:modified_time\" content=\"2024-07-08T09:40:47+00:00\" \/>\n<meta property=\"og:image\" content=\"https:\/\/linmot.com\/fr\/wp-content\/uploads\/sites\/3\/2017\/10\/LinMot-Solutions-Food-Products-Industry-1.jpg\" \/>\n\t<meta property=\"og:image:width\" content=\"940\" \/>\n\t<meta property=\"og:image:height\" content=\"300\" \/>\n\t<meta property=\"og:image:type\" content=\"image\/jpeg\" \/>\n<meta name=\"twitter:card\" content=\"summary_large_image\" \/>\n<meta name=\"twitter:title\" content=\"Solutions industrielles | LinMot &amp; MagSpring\" \/>\n<meta name=\"twitter:description\" content=\"Solutions industrielles optimales - Les moteurs lin\u00e9aires et les servodrivers sont con\u00e7us pour \u00eatre utilis\u00e9s dans des environnements industriels rudes et exigeants.\" \/>\n<meta name=\"twitter:image\" content=\"https:\/\/linmot.com\/fr\/wp-content\/uploads\/sites\/3\/2017\/10\/LinMot-Solutions-Food-Products-Industry-1.jpg\" \/>\n<meta name=\"twitter:label1\" content=\"Dur\u00e9e de lecture estim\u00e9e\" \/>\n\t<meta name=\"twitter:data1\" content=\"6 minutes\" \/>\n<script type=\"application\/ld+json\" class=\"yoast-schema-graph\">{\"@context\":\"https:\\\/\\\/schema.org\",\"@graph\":[{\"@type\":\"WebPage\",\"@id\":\"https:\\\/\\\/linmot.com\\\/fr\\\/solutions-industrielles\\\/\",\"url\":\"https:\\\/\\\/linmot.com\\\/fr\\\/solutions-industrielles\\\/\",\"name\":\"Solutions industrielles - LinMot &amp; MagSpring - Fran\u00e7ais\",\"isPartOf\":{\"@id\":\"https:\\\/\\\/linmot.com\\\/fr\\\/#website\"},\"primaryImageOfPage\":{\"@id\":\"https:\\\/\\\/linmot.com\\\/fr\\\/solutions-industrielles\\\/#primaryimage\"},\"image\":{\"@id\":\"https:\\\/\\\/linmot.com\\\/fr\\\/solutions-industrielles\\\/#primaryimage\"},\"thumbnailUrl\":\"https:\\\/\\\/linmot.com\\\/de\\\/wp-content\\\/uploads\\\/sites\\\/2\\\/2021\\\/11\\\/lebensmittel-300x200-1.jpg\",\"datePublished\":\"2017-10-20T21:20:03+00:00\",\"dateModified\":\"2024-07-08T09:40:47+00:00\",\"description\":\"Solutions industrielles optimales - Les moteurs lin\u00e9aires et les servodrivers sont con\u00e7us pour \u00eatre utilis\u00e9s dans des environnements industriels rudes et exigeants.\",\"breadcrumb\":{\"@id\":\"https:\\\/\\\/linmot.com\\\/fr\\\/solutions-industrielles\\\/#breadcrumb\"},\"inLanguage\":\"fr-FR\",\"potentialAction\":[{\"@type\":\"ReadAction\",\"target\":[\"https:\\\/\\\/linmot.com\\\/fr\\\/solutions-industrielles\\\/\"]}]},{\"@type\":\"ImageObject\",\"inLanguage\":\"fr-FR\",\"@id\":\"https:\\\/\\\/linmot.com\\\/fr\\\/solutions-industrielles\\\/#primaryimage\",\"url\":\"https:\\\/\\\/linmot.com\\\/de\\\/wp-content\\\/uploads\\\/sites\\\/2\\\/2021\\\/11\\\/lebensmittel-300x200-1.jpg\",\"contentUrl\":\"https:\\\/\\\/linmot.com\\\/de\\\/wp-content\\\/uploads\\\/sites\\\/2\\\/2021\\\/11\\\/lebensmittel-300x200-1.jpg\"},{\"@type\":\"BreadcrumbList\",\"@id\":\"https:\\\/\\\/linmot.com\\\/fr\\\/solutions-industrielles\\\/#breadcrumb\",\"itemListElement\":[{\"@type\":\"ListItem\",\"position\":1,\"name\":\"Home\",\"item\":\"https:\\\/\\\/linmot.com\\\/fr\\\/\"},{\"@type\":\"ListItem\",\"position\":2,\"name\":\"Solutions industrielles\"}]},{\"@type\":\"WebSite\",\"@id\":\"https:\\\/\\\/linmot.com\\\/fr\\\/#website\",\"url\":\"https:\\\/\\\/linmot.com\\\/fr\\\/\",\"name\":\"LinMot &amp; MagSpring - Fran\u00e7ais\",\"description\":\"Moteurs lin\u00e9aires et des syst\u00e8mes de moteurs lin\u00e9aires de haute qualit\u00e9\",\"publisher\":{\"@id\":\"https:\\\/\\\/linmot.com\\\/fr\\\/#organization\"},\"potentialAction\":[{\"@type\":\"SearchAction\",\"target\":{\"@type\":\"EntryPoint\",\"urlTemplate\":\"https:\\\/\\\/linmot.com\\\/fr\\\/?s={search_term_string}\"},\"query-input\":{\"@type\":\"PropertyValueSpecification\",\"valueRequired\":true,\"valueName\":\"search_term_string\"}}],\"inLanguage\":\"fr-FR\"},{\"@type\":\"Organization\",\"@id\":\"https:\\\/\\\/linmot.com\\\/fr\\\/#organization\",\"name\":\"NTI AG - LinMot & MagSpring\",\"url\":\"https:\\\/\\\/linmot.com\\\/fr\\\/\",\"logo\":{\"@type\":\"ImageObject\",\"inLanguage\":\"fr-FR\",\"@id\":\"https:\\\/\\\/linmot.com\\\/fr\\\/#\\\/schema\\\/logo\\\/image\\\/\",\"url\":\"https:\\\/\\\/linmot.com\\\/fr\\\/wp-content\\\/uploads\\\/sites\\\/3\\\/2022\\\/05\\\/linmot-social-share-logo.jpg\",\"contentUrl\":\"https:\\\/\\\/linmot.com\\\/fr\\\/wp-content\\\/uploads\\\/sites\\\/3\\\/2022\\\/05\\\/linmot-social-share-logo.jpg\",\"width\":800,\"height\":500,\"caption\":\"NTI AG - LinMot & MagSpring\"},\"image\":{\"@id\":\"https:\\\/\\\/linmot.com\\\/fr\\\/#\\\/schema\\\/logo\\\/image\\\/\"},\"sameAs\":[\"https:\\\/\\\/www.linkedin.com\\\/company\\\/nti-ag-linmot-magspring\",\"https:\\\/\\\/www.youtube.com\\\/user\\\/LinMotEurope\"]}]}<\/script>\n<!-- \/ Yoast SEO Premium plugin. -->","yoast_head_json":{"title":"Solutions industrielles - LinMot &amp; MagSpring - Fran\u00e7ais","description":"Solutions industrielles optimales - Les moteurs lin\u00e9aires et les servodrivers sont con\u00e7us pour \u00eatre utilis\u00e9s dans des environnements industriels rudes et exigeants.","robots":{"index":"index","follow":"follow","max-snippet":"max-snippet:-1","max-image-preview":"max-image-preview:large","max-video-preview":"max-video-preview:-1"},"canonical":"https:\/\/linmot.com\/fr\/solutions-industrielles\/","og_locale":"fr_FR","og_type":"article","og_title":"Solutions industrielles | LinMot & MagSpring","og_description":"Solutions industrielles optimales - Les moteurs lin\u00e9aires et les servodrivers sont con\u00e7us pour \u00eatre utilis\u00e9s dans des environnements industriels rudes et exigeants.","og_url":"https:\/\/linmot.com\/fr\/solutions-industrielles\/","og_site_name":"LinMot &amp; MagSpring - Fran\u00e7ais","article_modified_time":"2024-07-08T09:40:47+00:00","og_image":[{"width":940,"height":300,"url":"https:\/\/linmot.com\/fr\/wp-content\/uploads\/sites\/3\/2017\/10\/LinMot-Solutions-Food-Products-Industry-1.jpg","type":"image\/jpeg"}],"twitter_card":"summary_large_image","twitter_title":"Solutions industrielles | LinMot & MagSpring","twitter_description":"Solutions industrielles optimales - Les moteurs lin\u00e9aires et les servodrivers sont con\u00e7us pour \u00eatre utilis\u00e9s dans des environnements industriels rudes et exigeants.","twitter_image":"https:\/\/linmot.com\/fr\/wp-content\/uploads\/sites\/3\/2017\/10\/LinMot-Solutions-Food-Products-Industry-1.jpg","twitter_misc":{"Dur\u00e9e de lecture estim\u00e9e":"6 minutes"},"schema":{"@context":"https:\/\/schema.org","@graph":[{"@type":"WebPage","@id":"https:\/\/linmot.com\/fr\/solutions-industrielles\/","url":"https:\/\/linmot.com\/fr\/solutions-industrielles\/","name":"Solutions industrielles - LinMot &amp; MagSpring - Fran\u00e7ais","isPartOf":{"@id":"https:\/\/linmot.com\/fr\/#website"},"primaryImageOfPage":{"@id":"https:\/\/linmot.com\/fr\/solutions-industrielles\/#primaryimage"},"image":{"@id":"https:\/\/linmot.com\/fr\/solutions-industrielles\/#primaryimage"},"thumbnailUrl":"https:\/\/linmot.com\/de\/wp-content\/uploads\/sites\/2\/2021\/11\/lebensmittel-300x200-1.jpg","datePublished":"2017-10-20T21:20:03+00:00","dateModified":"2024-07-08T09:40:47+00:00","description":"Solutions industrielles optimales - Les moteurs lin\u00e9aires et les servodrivers sont con\u00e7us pour \u00eatre utilis\u00e9s dans des environnements industriels rudes et exigeants.","breadcrumb":{"@id":"https:\/\/linmot.com\/fr\/solutions-industrielles\/#breadcrumb"},"inLanguage":"fr-FR","potentialAction":[{"@type":"ReadAction","target":["https:\/\/linmot.com\/fr\/solutions-industrielles\/"]}]},{"@type":"ImageObject","inLanguage":"fr-FR","@id":"https:\/\/linmot.com\/fr\/solutions-industrielles\/#primaryimage","url":"https:\/\/linmot.com\/de\/wp-content\/uploads\/sites\/2\/2021\/11\/lebensmittel-300x200-1.jpg","contentUrl":"https:\/\/linmot.com\/de\/wp-content\/uploads\/sites\/2\/2021\/11\/lebensmittel-300x200-1.jpg"},{"@type":"BreadcrumbList","@id":"https:\/\/linmot.com\/fr\/solutions-industrielles\/#breadcrumb","itemListElement":[{"@type":"ListItem","position":1,"name":"Home","item":"https:\/\/linmot.com\/fr\/"},{"@type":"ListItem","position":2,"name":"Solutions industrielles"}]},{"@type":"WebSite","@id":"https:\/\/linmot.com\/fr\/#website","url":"https:\/\/linmot.com\/fr\/","name":"LinMot &amp; MagSpring - Fran\u00e7ais","description":"Moteurs lin\u00e9aires et des syst\u00e8mes de moteurs lin\u00e9aires de haute qualit\u00e9","publisher":{"@id":"https:\/\/linmot.com\/fr\/#organization"},"potentialAction":[{"@type":"SearchAction","target":{"@type":"EntryPoint","urlTemplate":"https:\/\/linmot.com\/fr\/?s={search_term_string}"},"query-input":{"@type":"PropertyValueSpecification","valueRequired":true,"valueName":"search_term_string"}}],"inLanguage":"fr-FR"},{"@type":"Organization","@id":"https:\/\/linmot.com\/fr\/#organization","name":"NTI AG - LinMot & MagSpring","url":"https:\/\/linmot.com\/fr\/","logo":{"@type":"ImageObject","inLanguage":"fr-FR","@id":"https:\/\/linmot.com\/fr\/#\/schema\/logo\/image\/","url":"https:\/\/linmot.com\/fr\/wp-content\/uploads\/sites\/3\/2022\/05\/linmot-social-share-logo.jpg","contentUrl":"https:\/\/linmot.com\/fr\/wp-content\/uploads\/sites\/3\/2022\/05\/linmot-social-share-logo.jpg","width":800,"height":500,"caption":"NTI AG - LinMot & MagSpring"},"image":{"@id":"https:\/\/linmot.com\/fr\/#\/schema\/logo\/image\/"},"sameAs":["https:\/\/www.linkedin.com\/company\/nti-ag-linmot-magspring","https:\/\/www.youtube.com\/user\/LinMotEurope"]}]}},"_links":{"self":[{"href":"https:\/\/linmot.com\/fr\/wp-json\/wp\/v2\/pages\/8","targetHints":{"allow":["GET"]}}],"collection":[{"href":"https:\/\/linmot.com\/fr\/wp-json\/wp\/v2\/pages"}],"about":[{"href":"https:\/\/linmot.com\/fr\/wp-json\/wp\/v2\/types\/page"}],"author":[{"embeddable":true,"href":"https:\/\/linmot.com\/fr\/wp-json\/wp\/v2\/users\/1"}],"replies":[{"embeddable":true,"href":"https:\/\/linmot.com\/fr\/wp-json\/wp\/v2\/comments?post=8"}],"version-history":[{"count":10,"href":"https:\/\/linmot.com\/fr\/wp-json\/wp\/v2\/pages\/8\/revisions"}],"predecessor-version":[{"id":3410,"href":"https:\/\/linmot.com\/fr\/wp-json\/wp\/v2\/pages\/8\/revisions\/3410"}],"wp:attachment":[{"href":"https:\/\/linmot.com\/fr\/wp-json\/wp\/v2\/media?parent=8"}],"curies":[{"name":"wp","href":"https:\/\/api.w.org\/{rel}","templated":true}]}}