{"id":791,"date":"2018-08-26T20:33:41","date_gmt":"2018-08-26T18:33:41","guid":{"rendered":"https:\/\/linmot.com\/?page_id=791"},"modified":"2024-08-28T15:50:18","modified_gmt":"2024-08-28T13:50:18","slug":"moteurs-lineaires-avec-variateur-integre","status":"publish","type":"page","link":"https:\/\/linmot.com\/fr\/produits\/moteurs-lineaires-avec-variateur-integre\/","title":{"rendered":"Moteurs lin\u00e9aires avec variateur int\u00e9gr\u00e9"},"content":{"rendered":"<p align=\"justify\"><strong>L\u2019unit\u00e9 d\u2019entra\u00eenement PD03 se compose d\u2019un moteur lin\u00e9aire compact et d\u2019un variateur int\u00e9gr\u00e9. Ce concept innovant permet d\u2019\u00e9liminer le contr\u00f4leur de l\u2019armoire \u00e9lectrique, ce qui r\u00e9duit consid\u00e9rablement le temps de c\u00e2blage et d\u2019installation. De plus, tous les variateurs peuvent \u00eatres cha\u00een\u00e9s entre eux pour un raccordement efficacement. Cette nouvelle g\u00e9n\u00e9ration de moteurs peut \u00eatre utilis\u00e9e pour mettre en \u0153uvre facilement des concepts de machines modulaires.<\/strong><\/p>\n<hr \/>\n<div class=\"row\">\n<div class=\"col-sm-2\">\n<p><a class=\"button\" href=\"#details\">1. Pr\u00e9cisions<\/a><\/p>\n<\/div>\n<div class=\"col-sm-1\">\n<\/div>\n<div class=\"col-sm-2\">\n<p><a class=\"button\" href=\"#contact\">2. Contact<\/a><\/p>\n<\/div>\n<\/div>\n<hr \/>\n<h3 id=\"details\">1. Pr\u00e9cisions<\/h3>\n<p align=\"justify\">Le PD03 contient un <a href=\"\/fr\/produits\/moteurs-lineaire\/\">moteur lin\u00e9aire<\/a> de la s\u00e9rie 37Sx120F-HP. Ce moteur de la gamme court peut fournir une force cr\u00eate de 255 N et une vitesse maxi de 3,8 m\/s. Avec la large gamme de SLIDER haute r\u00e9solution, la plage de course peut atteindre 1480 mm. Comme tous les moteurs LinMot, ce mod\u00e8le peut g\u00e9rer librement le positionnement avec une grande stabilit\u00e9 de fonctionnement et une longue dur\u00e9e de vie, sans aucune usure de composant.<\/p>\n<p align=\"justify\">Le variateur alimente le moteur avec un courant de pointe pouvant atteindre 25 A et dispose d\u2019une interface Ethernet industrielle. EtherCAT avec les profils de p\u00e9riph\u00e9rique LinMot I\/O (-EC), CiA402 (-DS) et SoE (-SE) est disponible. Autres interfaces sur demande. L\u2019interface de configuration RS232 et le commutateur DIP sont install\u00e9s derri\u00e8re un couvercle de protection, ce qui garantit le respect des exigences en mati\u00e8re d\u2019\u00e9tanch\u00e9it\u00e9. Le moteur complet avec variateur int\u00e9gr\u00e9 r\u00e9pond ainsi \u00e0 la classe de protection IP 65 pour emp\u00eacher l\u2019infiltration de poussi\u00e8re et de projections d\u2019eau.<\/p>\n<div class=\"row\">\n<div class=\"col-md-5\">\n<ul>\n<li>Moteur lin\u00e9aire haute performance avec variateur int\u00e9gr\u00e9<\/li>\n<li>Produit compact<\/li>\n<li>Dynamique extr\u00eamement \u00e9lev\u00e9e<\/li>\n<li>Convient aux raccordements en cha\u00eene<\/li>\n<li>Bride de montage int\u00e9gr\u00e9e<\/li>\n<li>Gain de temps pour le c\u00e2blage<\/li>\n<\/ul>\n<p><a class=\"btn btn-active\" href=\"https:\/\/shop.linmot.com\/E\/linear-motors-with-drives.htm\" target=\"_blank\" rel=\"noopener noreferrer\">Vers les d\u00e9tails dans le e-catalogue (anglais)<\/a><\/p>\n<\/div>\n<div class=\"col-md-7\">\n<div class=\"carousel slide\" id=\"b6b306cdbb49b00907474b768e1c2e5f\" data-ride=\"carousel\">  <div class=\"carousel-inner\" role=\"listbox\">    <div class=\"item active\">      <img decoding=\"async\" src=\"https:\/\/linmot.com\/fr\/wp-content\/uploads\/sites\/3\/2018\/08\/2018-Linmot-PD03_3-1.jpg\" alt=\"...\">    <\/div>    <div class=\"item\">      <img decoding=\"async\" src=\"https:\/\/linmot.com\/fr\/wp-content\/uploads\/sites\/3\/2018\/08\/2018-Linmot-PD03-1-1.jpg\" alt=\"...\">    <\/div>    <div class=\"item\">      <img decoding=\"async\" src=\"https:\/\/linmot.com\/fr\/wp-content\/uploads\/sites\/3\/2018\/08\/2018-Linmot-PD03_2-1.jpg\" alt=\"...\">    <\/div>  <\/div><div class=\"navigation\"><a class=\"left carousel-control\" href=\"#b6b306cdbb49b00907474b768e1c2e5f\" role=\"button\" data-slide=\"prev\"><\/a><a class=\"right carousel-control\" href=\"#b6b306cdbb49b00907474b768e1c2e5f\" role=\"button\" data-slide=\"next\"><\/a><\/div><\/div>\n<\/div>\n<\/div>\n<blockquote><p>Concept innovant qui r\u00e9duit l\u2019encombrement d\u2019une armoire et r\u00e9duit le temps d\u2019int\u00e9gration.<\/p><\/blockquote>\n<h3 id=\"contact\">2. Contact<\/h3>\n<div class=\"row download\">\n<div class=\"col-md-6\">\n<h4 class=\"download-title\">Des questions sur nos moteurs lin\u00e9aires?<\/h4>\n<p class=\"bodytext\">Nous serons heureux de r\u00e9pondre \u00e0 vos questions ou de vous donner des conseils. Contactez-nous au:<\/p>\n<p class=\"bodytext\">Tel : +49 (0)201 858940 0<\/p>\n<p class=\"bodytext\">Le team LinMot<\/p>\n<\/div>\n<div class=\"col-md-1\">\n<\/div>\n<div class=\"col-md-5\">\n\n<div class=\"wpcf7 no-js\" id=\"wpcf7-f1702-o1\" lang=\"fr-FR\" dir=\"ltr\" data-wpcf7-id=\"1702\">\n<div class=\"screen-reader-response\"><p role=\"status\" aria-live=\"polite\" aria-atomic=\"true\"><\/p> <ul><\/ul><\/div>\n<form action=\"\/fr\/wp-json\/wp\/v2\/pages\/791#wpcf7-f1702-o1\" method=\"post\" class=\"wpcf7-form init\" aria-label=\"Formulaire de contact\" novalidate=\"novalidate\" data-status=\"init\">\n<fieldset class=\"hidden-fields-container\"><input type=\"hidden\" name=\"_wpcf7\" value=\"1702\" \/><input type=\"hidden\" name=\"_wpcf7_version\" value=\"6.1.5\" \/><input type=\"hidden\" name=\"_wpcf7_locale\" value=\"fr_FR\" \/><input type=\"hidden\" name=\"_wpcf7_unit_tag\" value=\"wpcf7-f1702-o1\" \/><input type=\"hidden\" name=\"_wpcf7_container_post\" value=\"0\" \/><input type=\"hidden\" name=\"_wpcf7_posted_data_hash\" value=\"\" \/><input type=\"hidden\" name=\"_wpcf7_recaptcha_response\" value=\"\" \/>\n<\/fieldset>\n<label> Votre nom<br>\n    <span class=\"wpcf7-form-control-wrap\" data-name=\"your-name\"><input size=\"40\" maxlength=\"400\" class=\"wpcf7-form-control wpcf7-text wpcf7-validates-as-required\" aria-required=\"true\" aria-invalid=\"false\" value=\"\" type=\"text\" name=\"your-name\" \/><\/span> <\/label>\n<br>\n<label> Votre entreprise<br>\n    <span class=\"wpcf7-form-control-wrap\" data-name=\"your-company\"><input size=\"40\" maxlength=\"400\" class=\"wpcf7-form-control wpcf7-text wpcf7-validates-as-required\" aria-required=\"true\" aria-invalid=\"false\" value=\"\" type=\"text\" name=\"your-company\" \/><\/span> <\/label>\n<br>\n<label> Code postal<br>\n    <span class=\"wpcf7-form-control-wrap\" data-name=\"your-plz\"><input class=\"wpcf7-form-control wpcf7-number wpcf7-validates-as-required wpcf7-validates-as-number\" aria-required=\"true\" aria-invalid=\"false\" value=\"\" type=\"number\" name=\"your-plz\" \/><\/span> <\/label>\n<br>\n<label> Pays<br>\n    <span class=\"wpcf7-form-control-wrap\" data-name=\"your-country\"><input size=\"40\" maxlength=\"400\" class=\"wpcf7-form-control wpcf7-text wpcf7-validates-as-required\" aria-required=\"true\" aria-invalid=\"false\" value=\"\" type=\"text\" name=\"your-country\" \/><\/span> <\/label>\n<br>\n<label> Votre num\u00e9ro de t\u00e9l\u00e9phone<br>\n    <span class=\"wpcf7-form-control-wrap\" data-name=\"your-number\"><input size=\"40\" maxlength=\"400\" class=\"wpcf7-form-control wpcf7-tel wpcf7-validates-as-required wpcf7-text wpcf7-validates-as-tel\" aria-required=\"true\" aria-invalid=\"false\" value=\"\" type=\"tel\" name=\"your-number\" \/><\/span> <\/label>\n<br>\n<label> Votre e-mail<br>\n    <span class=\"wpcf7-form-control-wrap\" data-name=\"your-email\"><input size=\"40\" maxlength=\"400\" class=\"wpcf7-form-control wpcf7-email wpcf7-validates-as-required wpcf7-text wpcf7-validates-as-email\" aria-required=\"true\" aria-invalid=\"false\" value=\"\" type=\"email\" name=\"your-email\" \/><\/span> <\/label>\n<br>\n<label> Votre message (facultatif)<br>\n    <span class=\"wpcf7-form-control-wrap\" data-name=\"your-message\"><textarea cols=\"40\" rows=\"10\" maxlength=\"2000\" class=\"wpcf7-form-control wpcf7-textarea\" aria-invalid=\"false\" name=\"your-message\"><\/textarea><\/span> <\/label>\n<br>\n<input class=\"wpcf7-form-control wpcf7-submit has-spinner\" type=\"submit\" value=\"Envoyer\" \/><div class=\"wpcf7-response-output\" aria-hidden=\"true\"><\/div>\n<\/form>\n<\/div>\n\n<\/div>\n<\/div>\n","protected":false},"excerpt":{"rendered":"<p>L\u2019unit\u00e9 d\u2019entra\u00eenement PD03 se compose d\u2019un moteur lin\u00e9aire compact et d\u2019un variateur int\u00e9gr\u00e9. Ce concept innovant permet d\u2019\u00e9liminer le contr\u00f4leur de l\u2019armoire \u00e9lectrique, ce qui r\u00e9duit consid\u00e9rablement le temps de c\u00e2blage et d\u2019installation. De plus, tous les variateurs peuvent \u00eatres cha\u00een\u00e9s entre eux pour un raccordement efficacement. Cette nouvelle g\u00e9n\u00e9ration de moteurs peut \u00eatre utilis\u00e9e [&hellip;]<\/p>\n","protected":false},"author":1,"featured_media":0,"parent":1210,"menu_order":47,"comment_status":"closed","ping_status":"closed","template":"","meta":{"_acf_changed":false,"footnotes":""},"class_list":["post-791","page","type-page","status-publish","hentry"],"acf":[],"yoast_head":"<!-- This site is optimized with the Yoast SEO Premium plugin v20.9 (Yoast SEO v27.4) - https:\/\/yoast.com\/product\/yoast-seo-premium-wordpress\/ -->\n<title>PD03 Moteurs lin\u00e9aires avec variateur int\u00e9gr\u00e9 | LinMot<\/title>\n<meta name=\"description\" content=\"L&#039;unit\u00e9 d&#039;entra\u00eenement PD03 a un indice de protection IP64 et poss\u00e8de un variateur int\u00e9gr\u00e9. Cela permet de r\u00e9duire consid\u00e9rablement l&#039;encombrement de l&#039;armoire de commande ainsi que le temps d&#039;installation et le travail de c\u00e2blage.\" \/>\n<meta name=\"robots\" content=\"index, follow, max-snippet:-1, max-image-preview:large, max-video-preview:-1\" \/>\n<link rel=\"canonical\" href=\"https:\/\/linmot.com\/fr\/produits\/moteurs-lineaires-avec-variateur-integre\/\" \/>\n<meta property=\"og:locale\" content=\"fr_FR\" \/>\n<meta property=\"og:type\" content=\"article\" \/>\n<meta property=\"og:title\" content=\"PD03 Moteurs lin\u00e9aires avec variateur int\u00e9gr\u00e9 | LinMot\" \/>\n<meta property=\"og:description\" content=\"L&#039;unit\u00e9 d&#039;entra\u00eenement PD03 a un indice de protection IP64 et poss\u00e8de un variateur int\u00e9gr\u00e9. Cela permet de r\u00e9duire consid\u00e9rablement l&#039;encombrement de l&#039;armoire de commande ainsi que le temps d&#039;installation et le travail de c\u00e2blage.\" \/>\n<meta property=\"og:url\" content=\"https:\/\/linmot.com\/fr\/produits\/moteurs-lineaires-avec-variateur-integre\/\" \/>\n<meta property=\"og:site_name\" content=\"LinMot &amp; MagSpring - Fran\u00e7ais\" \/>\n<meta property=\"article:modified_time\" content=\"2024-08-28T13:50:18+00:00\" \/>\n<meta property=\"og:image\" content=\"https:\/\/linmot.com\/fr\/wp-content\/uploads\/sites\/3\/2022\/05\/linmot-social-share-logo.jpg\" \/>\n\t<meta property=\"og:image:width\" content=\"800\" \/>\n\t<meta property=\"og:image:height\" content=\"500\" \/>\n\t<meta property=\"og:image:type\" content=\"image\/jpeg\" \/>\n<meta name=\"twitter:card\" content=\"summary_large_image\" \/>\n<meta name=\"twitter:title\" content=\"PD03 Moteurs lin\u00e9aires avec variateur int\u00e9gr\u00e9 | LinMot\" \/>\n<meta name=\"twitter:description\" content=\"L&#039;unit\u00e9 d&#039;entra\u00eenement PD03 a un indice de protection IP64 et poss\u00e8de un variateur int\u00e9gr\u00e9. Cela permet de r\u00e9duire consid\u00e9rablement l&#039;encombrement de l&#039;armoire de commande ainsi que le temps d&#039;installation et le travail de c\u00e2blage.\" \/>\n<meta name=\"twitter:label1\" content=\"Dur\u00e9e de lecture estim\u00e9e\" \/>\n\t<meta name=\"twitter:data1\" content=\"2 minutes\" \/>\n<script type=\"application\/ld+json\" class=\"yoast-schema-graph\">{\"@context\":\"https:\\\/\\\/schema.org\",\"@graph\":[{\"@type\":\"WebPage\",\"@id\":\"https:\\\/\\\/linmot.com\\\/fr\\\/produits\\\/moteurs-lineaires-avec-variateur-integre\\\/\",\"url\":\"https:\\\/\\\/linmot.com\\\/fr\\\/produits\\\/moteurs-lineaires-avec-variateur-integre\\\/\",\"name\":\"PD03 Moteurs lin\u00e9aires avec variateur int\u00e9gr\u00e9 | LinMot\",\"isPartOf\":{\"@id\":\"https:\\\/\\\/linmot.com\\\/fr\\\/#website\"},\"datePublished\":\"2018-08-26T18:33:41+00:00\",\"dateModified\":\"2024-08-28T13:50:18+00:00\",\"description\":\"L'unit\u00e9 d'entra\u00eenement PD03 a un indice de protection IP64 et poss\u00e8de un variateur int\u00e9gr\u00e9. Cela permet de r\u00e9duire consid\u00e9rablement l'encombrement de l'armoire de commande ainsi que le temps d'installation et le travail de c\u00e2blage.\",\"breadcrumb\":{\"@id\":\"https:\\\/\\\/linmot.com\\\/fr\\\/produits\\\/moteurs-lineaires-avec-variateur-integre\\\/#breadcrumb\"},\"inLanguage\":\"fr-FR\",\"potentialAction\":[{\"@type\":\"ReadAction\",\"target\":[\"https:\\\/\\\/linmot.com\\\/fr\\\/produits\\\/moteurs-lineaires-avec-variateur-integre\\\/\"]}]},{\"@type\":\"BreadcrumbList\",\"@id\":\"https:\\\/\\\/linmot.com\\\/fr\\\/produits\\\/moteurs-lineaires-avec-variateur-integre\\\/#breadcrumb\",\"itemListElement\":[{\"@type\":\"ListItem\",\"position\":1,\"name\":\"Home\",\"item\":\"https:\\\/\\\/linmot.com\\\/fr\\\/\"},{\"@type\":\"ListItem\",\"position\":2,\"name\":\"Produits\",\"item\":\"https:\\\/\\\/linmot.com\\\/fr\\\/produits\\\/\"},{\"@type\":\"ListItem\",\"position\":3,\"name\":\"Moteurs lin\u00e9aires avec variateur int\u00e9gr\u00e9\"}]},{\"@type\":\"WebSite\",\"@id\":\"https:\\\/\\\/linmot.com\\\/fr\\\/#website\",\"url\":\"https:\\\/\\\/linmot.com\\\/fr\\\/\",\"name\":\"LinMot &amp; MagSpring - Fran\u00e7ais\",\"description\":\"Moteurs lin\u00e9aires et des syst\u00e8mes de moteurs lin\u00e9aires de haute qualit\u00e9\",\"publisher\":{\"@id\":\"https:\\\/\\\/linmot.com\\\/fr\\\/#organization\"},\"potentialAction\":[{\"@type\":\"SearchAction\",\"target\":{\"@type\":\"EntryPoint\",\"urlTemplate\":\"https:\\\/\\\/linmot.com\\\/fr\\\/?s={search_term_string}\"},\"query-input\":{\"@type\":\"PropertyValueSpecification\",\"valueRequired\":true,\"valueName\":\"search_term_string\"}}],\"inLanguage\":\"fr-FR\"},{\"@type\":\"Organization\",\"@id\":\"https:\\\/\\\/linmot.com\\\/fr\\\/#organization\",\"name\":\"NTI AG - LinMot & MagSpring\",\"url\":\"https:\\\/\\\/linmot.com\\\/fr\\\/\",\"logo\":{\"@type\":\"ImageObject\",\"inLanguage\":\"fr-FR\",\"@id\":\"https:\\\/\\\/linmot.com\\\/fr\\\/#\\\/schema\\\/logo\\\/image\\\/\",\"url\":\"https:\\\/\\\/linmot.com\\\/fr\\\/wp-content\\\/uploads\\\/sites\\\/3\\\/2022\\\/05\\\/linmot-social-share-logo.jpg\",\"contentUrl\":\"https:\\\/\\\/linmot.com\\\/fr\\\/wp-content\\\/uploads\\\/sites\\\/3\\\/2022\\\/05\\\/linmot-social-share-logo.jpg\",\"width\":800,\"height\":500,\"caption\":\"NTI AG - LinMot & MagSpring\"},\"image\":{\"@id\":\"https:\\\/\\\/linmot.com\\\/fr\\\/#\\\/schema\\\/logo\\\/image\\\/\"},\"sameAs\":[\"https:\\\/\\\/www.linkedin.com\\\/company\\\/nti-ag-linmot-magspring\",\"https:\\\/\\\/www.youtube.com\\\/user\\\/LinMotEurope\"]}]}<\/script>\n<!-- \/ Yoast SEO Premium plugin. -->","yoast_head_json":{"title":"PD03 Moteurs lin\u00e9aires avec variateur int\u00e9gr\u00e9 | LinMot","description":"L'unit\u00e9 d'entra\u00eenement PD03 a un indice de protection IP64 et poss\u00e8de un variateur int\u00e9gr\u00e9. Cela permet de r\u00e9duire consid\u00e9rablement l'encombrement de l'armoire de commande ainsi que le temps d'installation et le travail de c\u00e2blage.","robots":{"index":"index","follow":"follow","max-snippet":"max-snippet:-1","max-image-preview":"max-image-preview:large","max-video-preview":"max-video-preview:-1"},"canonical":"https:\/\/linmot.com\/fr\/produits\/moteurs-lineaires-avec-variateur-integre\/","og_locale":"fr_FR","og_type":"article","og_title":"PD03 Moteurs lin\u00e9aires avec variateur int\u00e9gr\u00e9 | LinMot","og_description":"L'unit\u00e9 d'entra\u00eenement PD03 a un indice de protection IP64 et poss\u00e8de un variateur int\u00e9gr\u00e9. Cela permet de r\u00e9duire consid\u00e9rablement l'encombrement de l'armoire de commande ainsi que le temps d'installation et le travail de c\u00e2blage.","og_url":"https:\/\/linmot.com\/fr\/produits\/moteurs-lineaires-avec-variateur-integre\/","og_site_name":"LinMot &amp; MagSpring - Fran\u00e7ais","article_modified_time":"2024-08-28T13:50:18+00:00","og_image":[{"width":800,"height":500,"url":"https:\/\/linmot.com\/fr\/wp-content\/uploads\/sites\/3\/2022\/05\/linmot-social-share-logo.jpg","type":"image\/jpeg"}],"twitter_card":"summary_large_image","twitter_title":"PD03 Moteurs lin\u00e9aires avec variateur int\u00e9gr\u00e9 | LinMot","twitter_description":"L'unit\u00e9 d'entra\u00eenement PD03 a un indice de protection IP64 et poss\u00e8de un variateur int\u00e9gr\u00e9. Cela permet de r\u00e9duire consid\u00e9rablement l'encombrement de l'armoire de commande ainsi que le temps d'installation et le travail de c\u00e2blage.","twitter_misc":{"Dur\u00e9e de lecture estim\u00e9e":"2 minutes"},"schema":{"@context":"https:\/\/schema.org","@graph":[{"@type":"WebPage","@id":"https:\/\/linmot.com\/fr\/produits\/moteurs-lineaires-avec-variateur-integre\/","url":"https:\/\/linmot.com\/fr\/produits\/moteurs-lineaires-avec-variateur-integre\/","name":"PD03 Moteurs lin\u00e9aires avec variateur int\u00e9gr\u00e9 | LinMot","isPartOf":{"@id":"https:\/\/linmot.com\/fr\/#website"},"datePublished":"2018-08-26T18:33:41+00:00","dateModified":"2024-08-28T13:50:18+00:00","description":"L'unit\u00e9 d'entra\u00eenement PD03 a un indice de protection IP64 et poss\u00e8de un variateur int\u00e9gr\u00e9. Cela permet de r\u00e9duire consid\u00e9rablement l'encombrement de l'armoire de commande ainsi que le temps d'installation et le travail de c\u00e2blage.","breadcrumb":{"@id":"https:\/\/linmot.com\/fr\/produits\/moteurs-lineaires-avec-variateur-integre\/#breadcrumb"},"inLanguage":"fr-FR","potentialAction":[{"@type":"ReadAction","target":["https:\/\/linmot.com\/fr\/produits\/moteurs-lineaires-avec-variateur-integre\/"]}]},{"@type":"BreadcrumbList","@id":"https:\/\/linmot.com\/fr\/produits\/moteurs-lineaires-avec-variateur-integre\/#breadcrumb","itemListElement":[{"@type":"ListItem","position":1,"name":"Home","item":"https:\/\/linmot.com\/fr\/"},{"@type":"ListItem","position":2,"name":"Produits","item":"https:\/\/linmot.com\/fr\/produits\/"},{"@type":"ListItem","position":3,"name":"Moteurs lin\u00e9aires avec variateur int\u00e9gr\u00e9"}]},{"@type":"WebSite","@id":"https:\/\/linmot.com\/fr\/#website","url":"https:\/\/linmot.com\/fr\/","name":"LinMot &amp; MagSpring - Fran\u00e7ais","description":"Moteurs lin\u00e9aires et des syst\u00e8mes de moteurs lin\u00e9aires de haute qualit\u00e9","publisher":{"@id":"https:\/\/linmot.com\/fr\/#organization"},"potentialAction":[{"@type":"SearchAction","target":{"@type":"EntryPoint","urlTemplate":"https:\/\/linmot.com\/fr\/?s={search_term_string}"},"query-input":{"@type":"PropertyValueSpecification","valueRequired":true,"valueName":"search_term_string"}}],"inLanguage":"fr-FR"},{"@type":"Organization","@id":"https:\/\/linmot.com\/fr\/#organization","name":"NTI AG - LinMot & MagSpring","url":"https:\/\/linmot.com\/fr\/","logo":{"@type":"ImageObject","inLanguage":"fr-FR","@id":"https:\/\/linmot.com\/fr\/#\/schema\/logo\/image\/","url":"https:\/\/linmot.com\/fr\/wp-content\/uploads\/sites\/3\/2022\/05\/linmot-social-share-logo.jpg","contentUrl":"https:\/\/linmot.com\/fr\/wp-content\/uploads\/sites\/3\/2022\/05\/linmot-social-share-logo.jpg","width":800,"height":500,"caption":"NTI AG - LinMot & MagSpring"},"image":{"@id":"https:\/\/linmot.com\/fr\/#\/schema\/logo\/image\/"},"sameAs":["https:\/\/www.linkedin.com\/company\/nti-ag-linmot-magspring","https:\/\/www.youtube.com\/user\/LinMotEurope"]}]}},"_links":{"self":[{"href":"https:\/\/linmot.com\/fr\/wp-json\/wp\/v2\/pages\/791","targetHints":{"allow":["GET"]}}],"collection":[{"href":"https:\/\/linmot.com\/fr\/wp-json\/wp\/v2\/pages"}],"about":[{"href":"https:\/\/linmot.com\/fr\/wp-json\/wp\/v2\/types\/page"}],"author":[{"embeddable":true,"href":"https:\/\/linmot.com\/fr\/wp-json\/wp\/v2\/users\/1"}],"replies":[{"embeddable":true,"href":"https:\/\/linmot.com\/fr\/wp-json\/wp\/v2\/comments?post=791"}],"version-history":[{"count":17,"href":"https:\/\/linmot.com\/fr\/wp-json\/wp\/v2\/pages\/791\/revisions"}],"predecessor-version":[{"id":3471,"href":"https:\/\/linmot.com\/fr\/wp-json\/wp\/v2\/pages\/791\/revisions\/3471"}],"up":[{"embeddable":true,"href":"https:\/\/linmot.com\/fr\/wp-json\/wp\/v2\/pages\/1210"}],"wp:attachment":[{"href":"https:\/\/linmot.com\/fr\/wp-json\/wp\/v2\/media?parent=791"}],"curies":[{"name":"wp","href":"https:\/\/api.w.org\/{rel}","templated":true}]}}