{"id":720,"date":"2018-08-21T19:08:53","date_gmt":"2018-08-21T17:08:53","guid":{"rendered":"https:\/\/linmot.com\/?page_id=720"},"modified":"2022-05-09T12:41:10","modified_gmt":"2022-05-09T10:41:10","slug":"old-releases","status":"publish","type":"page","link":"https:\/\/linmot.com\/fr\/download\/linmot-talk-drive-configuration\/linmot-talk-1-3-x\/old-releases\/","title":{"rendered":"LinMot Software &#8211; Les premiers communiqu\u00e9s"},"content":{"rendered":"<p>&nbsp;<\/p>\n<h3>LinMot Software Release 1.3<\/h3>\n<p>For new applications, please use the actual release 1.3.16.<\/p>\n<div class=\"row\">\n<div class=\"col-md-4\">\n<h4 class=\"download-title\">Release 1.3.12<\/h4>\n<p class=\"bodytext\">LinMot-Talk Release 1.3.12.<\/p>\n<\/div>\n<div class=\"col-md-8\">\n<div class=\"download-box\"><a href=\"https:\/\/linmot.com\/fileadmin\/\/user_upload\/Downloads\/software-firmware\/servo-drives\/linmot-talk-1-3-x\/old-releases\/1r3r12_setup.exe\" target=\"_blank\" rel=\"noopener noreferrer\"><span class=\"name\">Setup<\/span><span class=\"size\">5.73 MB<\/span><\/a><\/div>\n<\/div>\n<\/div>\n<div class=\"row\">\n<div class=\"col-md-4\">\n<p class=\"bodytext\">LinMot-Talk Release 1.3.12. Zipped version to use in case of problem with the setup version.<\/p>\n<\/div>\n<div class=\"col-md-8\">\n<div class=\"download-box\"><a href=\"https:\/\/linmot.com\/fileadmin\/\/user_upload\/Downloads\/software-firmware\/servo-drives\/linmot-talk-1-3-x\/old-releases\/lm1r3r12.zip\" target=\"_blank\" rel=\"noopener noreferrer\"><span class=\"name\">ZIP<\/span><span class=\"size\">1.87 MB<\/span><\/a><\/div>\n<\/div>\n<\/div>\n<div class=\"row\">\n<div class=\"col-md-4\">\n<h4 class=\"download-title\">Release 1.3.10<\/h4>\n<p class=\"bodytext\">LinMot-Talk Release 1.3.10.<\/p>\n<\/div>\n<div class=\"col-md-8\">\n<div class=\"download-box\"><a href=\"https:\/\/linmot.com\/fileadmin\/\/user_upload\/Downloads\/software-firmware\/servo-drives\/linmot-talk-1-3-x\/old-releases\/1r3r10_setup.exe\" target=\"_blank\" rel=\"noopener noreferrer\"><span class=\"name\">Setup<\/span><span class=\"size\">5.20 MB<\/span><\/a><\/div>\n<\/div>\n<\/div>\n<div class=\"row\">\n<div class=\"col-md-4\">\n<p class=\"bodytext\">LinMot-Talk Release 1.3.10. Zipped version to use in case of probelm with the setup version.<\/p>\n<\/div>\n<div class=\"col-md-8\">\n<div class=\"download-box\"><a href=\"https:\/\/linmot.com\/fileadmin\/\/user_upload\/Downloads\/software-firmware\/servo-drives\/linmot-talk-1-3-x\/old-releases\/lm1r3r10.zip\" target=\"_blank\" rel=\"noopener noreferrer\"><span class=\"name\">ZIP<\/span><span class=\"size\">1.74 MB<\/span><\/a><\/div>\n<\/div>\n<\/div>\n<div class=\"row\">\n<div class=\"col-md-4\">\n<h4 class=\"download-title\">Release 1.3.9<\/h4>\n<p class=\"bodytext\">LinMot-Talk Release 1.3.9.<\/p>\n<\/div>\n<div class=\"col-md-8\">\n<div class=\"download-box\"><a href=\"https:\/\/linmot.com\/fileadmin\/\/user_upload\/Downloads\/software-firmware\/servo-drives\/linmot-talk-1-3-x\/old-releases\/1r3r9_setup.exe\" target=\"_blank\" rel=\"noopener noreferrer\"><span class=\"name\">Setup<\/span><span class=\"size\">4.86 MB<\/span><\/a><\/div>\n<\/div>\n<\/div>\n<div class=\"row\">\n<div class=\"col-md-4\">\n<p class=\"bodytext\">LinMot-Talk Release 1.3.9. Zipped version to use in case of probelm with the setup version.<\/p>\n<\/div>\n<div class=\"col-md-8\">\n<div class=\"download-box\"><a href=\"https:\/\/linmot.com\/fileadmin\/\/user_upload\/Downloads\/software-firmware\/servo-drives\/linmot-talk-1-3-x\/old-releases\/lm1r3r9.zip\" target=\"_blank\" rel=\"noopener noreferrer\"><span class=\"name\">ZIP<\/span><span class=\"size\">1.29 MB<\/span><\/a><\/div>\n<\/div>\n<\/div>\n<div class=\"row\">\n<div class=\"col-md-4\">\n<h4 class=\"download-title\">Release 1.3.8<\/h4>\n<p class=\"bodytext\">LinMot-Talk Release 1.3.8.<\/p>\n<\/div>\n<div class=\"col-md-8\">\n<div class=\"download-box\"><a href=\"https:\/\/linmot.com\/fileadmin\/\/user_upload\/Downloads\/software-firmware\/servo-drives\/linmot-talk-1-3-x\/old-releases\/lm1r3r8.zip\" target=\"_blank\" rel=\"noopener noreferrer\"><span class=\"name\">ZIP<\/span><span class=\"size\">1.93 MB<\/span><\/a><\/div>\n<\/div>\n<\/div>\n<div class=\"row\">\n<div class=\"col-md-4\">\n<h4 class=\"download-title\">Release 1.3.7<\/h4>\n<p class=\"bodytext\">LinMot-Talk Release 1.3.7.<\/p>\n<\/div>\n<div class=\"col-md-8\">\n<div class=\"download-box\"><a href=\"https:\/\/linmot.com\/fileadmin\/\/user_upload\/Downloads\/software-firmware\/servo-drives\/linmot-talk-1-3-x\/old-releases\/lm1r3r7.zip\" target=\"_blank\" rel=\"noopener noreferrer\"><span class=\"name\">English<\/span><span class=\"size\">1.64 MB<\/span><\/a><\/div>\n<\/div>\n<\/div>\n<div class=\"row\">\n<div class=\"col-md-4\">\n<h4 class=\"download-title\">Release 1.3.6 (replaces releases 1.3.0 &#8211; 1.3.5)<\/h4>\n<p class=\"bodytext\">LinMot-Talk Release 1.3.6.<\/p>\n<\/div>\n<div class=\"col-md-8\">\n<div class=\"download-box\"><a href=\"https:\/\/linmot.com\/fileadmin\/\/user_upload\/Downloads\/software-firmware\/servo-drives\/linmot-talk-1-3-x\/old-releases\/lm1r3r6.zip\" target=\"_blank\" rel=\"noopener noreferrer\"><span class=\"name\">ZIP<\/span><span class=\"size\">1.64 MB<\/span><\/a><\/div>\n<\/div>\n<\/div>\n<h3>LinMot Software Release 1.2<\/h3>\n<div class=\"row\">\n<div class=\"col-md-4\">\n<h4 class=\"download-title\">Release 1.2.8 (replaces releases 1.2.0 &#8211; 1.2.7)<\/h4>\n<p class=\"bodytext\">LinMot-Talk Release 1.2.8<\/p>\n<\/div>\n<div class=\"col-md-8\">\n<div class=\"download-box\"><a href=\"https:\/\/linmot.com\/fileadmin\/\/user_upload\/Downloads\/software-firmware\/servo-drives\/linmot-talk-1-3-x\/old-releases\/lm1r2r8.zip\" target=\"_blank\" rel=\"noopener noreferrer\"><span class=\"name\">ZIP<\/span><span class=\"size\">984.31 KB<\/span><\/a><\/div>\n<\/div>\n<\/div>\n<h3>LinMot Software Release 1.1<\/h3>\n<div class=\"row\">\n<div class=\"col-md-4\">\n<h4 class=\"download-title\">Release 1.1.10 (replaces releases 1.1.0 &#8211; 1.1.9)<\/h4>\n<p class=\"bodytext\">LinMot-Talk Release 1.1.10<\/p>\n<\/div>\n<div class=\"col-md-8\">\n<div class=\"download-box\"><a href=\"https:\/\/linmot.com\/fileadmin\/\/user_upload\/Downloads\/software-firmware\/servo-drives\/linmot-talk-1-3-x\/old-releases\/lm1r1r10.zip\" target=\"_blank\" rel=\"noopener noreferrer\"><span class=\"name\">ZIP<\/span><span class=\"size\">1.02 MB<\/span><\/a><\/div>\n<\/div>\n<\/div>\n","protected":false},"excerpt":{"rendered":"<p>&nbsp; LinMot Software Release 1.3 For new applications, please use the actual release 1.3.16. Release 1.3.12 LinMot-Talk Release 1.3.12. Setup5.73 MB LinMot-Talk Release 1.3.12. Zipped version to use in case of problem with the setup version. ZIP1.87 MB Release 1.3.10 LinMot-Talk Release 1.3.10. Setup5.20 MB LinMot-Talk Release 1.3.10. Zipped version to use in case of [&hellip;]<\/p>\n","protected":false},"author":1,"featured_media":0,"parent":687,"menu_order":114,"comment_status":"closed","ping_status":"closed","template":"","meta":{"_acf_changed":false,"footnotes":""},"class_list":["post-720","page","type-page","status-publish","hentry"],"acf":[],"yoast_head":"<!-- This site is optimized with the Yoast SEO Premium plugin v20.9 (Yoast SEO v27.3) - https:\/\/yoast.com\/product\/yoast-seo-premium-wordpress\/ -->\n<title>LinMot Software - Les premiers communiqu\u00e9s - LinMot &amp; MagSpring - Fran\u00e7ais<\/title>\n<meta name=\"robots\" content=\"noindex, follow\" \/>\n<meta property=\"og:locale\" content=\"fr_FR\" \/>\n<meta property=\"og:type\" content=\"article\" \/>\n<meta property=\"og:title\" content=\"LinMot Software - Les premiers communiqu\u00e9s\" \/>\n<meta property=\"og:description\" content=\"&nbsp; LinMot Software Release 1.3 For new applications, please use the actual release 1.3.16. Release 1.3.12 LinMot-Talk Release 1.3.12. Setup5.73 MB LinMot-Talk Release 1.3.12. Zipped version to use in case of problem with the setup version. ZIP1.87 MB Release 1.3.10 LinMot-Talk Release 1.3.10. Setup5.20 MB LinMot-Talk Release 1.3.10. Zipped version to use in case of [&hellip;]\" \/>\n<meta property=\"og:url\" content=\"https:\/\/linmot.com\/fr\/download\/linmot-talk-drive-configuration\/linmot-talk-1-3-x\/old-releases\/\" \/>\n<meta property=\"og:site_name\" content=\"LinMot &amp; MagSpring - Fran\u00e7ais\" \/>\n<meta property=\"article:modified_time\" content=\"2022-05-09T10:41:10+00:00\" \/>\n<meta property=\"og:image\" content=\"https:\/\/linmot.com\/fr\/wp-content\/uploads\/sites\/3\/2022\/05\/linmot-social-share-logo.jpg\" \/>\n\t<meta property=\"og:image:width\" content=\"800\" \/>\n\t<meta property=\"og:image:height\" content=\"500\" \/>\n\t<meta property=\"og:image:type\" content=\"image\/jpeg\" \/>\n<meta name=\"twitter:card\" content=\"summary_large_image\" \/>\n<meta name=\"twitter:label1\" content=\"Dur\u00e9e de lecture estim\u00e9e\" \/>\n\t<meta name=\"twitter:data1\" content=\"1 minute\" \/>\n<script type=\"application\/ld+json\" class=\"yoast-schema-graph\">{\"@context\":\"https:\\\/\\\/schema.org\",\"@graph\":[{\"@type\":\"WebPage\",\"@id\":\"https:\\\/\\\/linmot.com\\\/fr\\\/download\\\/linmot-talk-drive-configuration\\\/linmot-talk-1-3-x\\\/old-releases\\\/\",\"url\":\"https:\\\/\\\/linmot.com\\\/fr\\\/download\\\/linmot-talk-drive-configuration\\\/linmot-talk-1-3-x\\\/old-releases\\\/\",\"name\":\"LinMot Software - Les premiers communiqu\u00e9s - LinMot &amp; MagSpring - Fran\u00e7ais\",\"isPartOf\":{\"@id\":\"https:\\\/\\\/linmot.com\\\/fr\\\/#website\"},\"datePublished\":\"2018-08-21T17:08:53+00:00\",\"dateModified\":\"2022-05-09T10:41:10+00:00\",\"breadcrumb\":{\"@id\":\"https:\\\/\\\/linmot.com\\\/fr\\\/download\\\/linmot-talk-drive-configuration\\\/linmot-talk-1-3-x\\\/old-releases\\\/#breadcrumb\"},\"inLanguage\":\"fr-FR\",\"potentialAction\":[{\"@type\":\"ReadAction\",\"target\":[\"https:\\\/\\\/linmot.com\\\/fr\\\/download\\\/linmot-talk-drive-configuration\\\/linmot-talk-1-3-x\\\/old-releases\\\/\"]}]},{\"@type\":\"BreadcrumbList\",\"@id\":\"https:\\\/\\\/linmot.com\\\/fr\\\/download\\\/linmot-talk-drive-configuration\\\/linmot-talk-1-3-x\\\/old-releases\\\/#breadcrumb\",\"itemListElement\":[{\"@type\":\"ListItem\",\"position\":1,\"name\":\"Home\",\"item\":\"https:\\\/\\\/linmot.com\\\/fr\\\/\"},{\"@type\":\"ListItem\",\"position\":2,\"name\":\"T\u00e9l\u00e9charger\",\"item\":\"https:\\\/\\\/linmot.com\\\/fr\\\/download\\\/\"},{\"@type\":\"ListItem\",\"position\":3,\"name\":\"LinMot Talk (Drive-configuration)\",\"item\":\"https:\\\/\\\/linmot.com\\\/fr\\\/download\\\/linmot-talk-drive-configuration\\\/\"},{\"@type\":\"ListItem\",\"position\":4,\"name\":\"LinMot-Talk 1.3.x\",\"item\":\"https:\\\/\\\/linmot.com\\\/fr\\\/?page_id=687\"},{\"@type\":\"ListItem\",\"position\":5,\"name\":\"LinMot Software &#8211; Les premiers communiqu\u00e9s\"}]},{\"@type\":\"WebSite\",\"@id\":\"https:\\\/\\\/linmot.com\\\/fr\\\/#website\",\"url\":\"https:\\\/\\\/linmot.com\\\/fr\\\/\",\"name\":\"LinMot &amp; MagSpring - Fran\u00e7ais\",\"description\":\"Moteurs lin\u00e9aires et des syst\u00e8mes de moteurs lin\u00e9aires de haute qualit\u00e9\",\"publisher\":{\"@id\":\"https:\\\/\\\/linmot.com\\\/fr\\\/#organization\"},\"potentialAction\":[{\"@type\":\"SearchAction\",\"target\":{\"@type\":\"EntryPoint\",\"urlTemplate\":\"https:\\\/\\\/linmot.com\\\/fr\\\/?s={search_term_string}\"},\"query-input\":{\"@type\":\"PropertyValueSpecification\",\"valueRequired\":true,\"valueName\":\"search_term_string\"}}],\"inLanguage\":\"fr-FR\"},{\"@type\":\"Organization\",\"@id\":\"https:\\\/\\\/linmot.com\\\/fr\\\/#organization\",\"name\":\"NTI AG - LinMot & MagSpring\",\"url\":\"https:\\\/\\\/linmot.com\\\/fr\\\/\",\"logo\":{\"@type\":\"ImageObject\",\"inLanguage\":\"fr-FR\",\"@id\":\"https:\\\/\\\/linmot.com\\\/fr\\\/#\\\/schema\\\/logo\\\/image\\\/\",\"url\":\"https:\\\/\\\/linmot.com\\\/fr\\\/wp-content\\\/uploads\\\/sites\\\/3\\\/2022\\\/05\\\/linmot-social-share-logo.jpg\",\"contentUrl\":\"https:\\\/\\\/linmot.com\\\/fr\\\/wp-content\\\/uploads\\\/sites\\\/3\\\/2022\\\/05\\\/linmot-social-share-logo.jpg\",\"width\":800,\"height\":500,\"caption\":\"NTI AG - LinMot & MagSpring\"},\"image\":{\"@id\":\"https:\\\/\\\/linmot.com\\\/fr\\\/#\\\/schema\\\/logo\\\/image\\\/\"},\"sameAs\":[\"https:\\\/\\\/www.linkedin.com\\\/company\\\/nti-ag-linmot-magspring\",\"https:\\\/\\\/www.youtube.com\\\/user\\\/LinMotEurope\"]}]}<\/script>\n<!-- \/ Yoast SEO Premium plugin. -->","yoast_head_json":{"title":"LinMot Software - Les premiers communiqu\u00e9s - LinMot &amp; MagSpring - Fran\u00e7ais","robots":{"index":"noindex","follow":"follow"},"og_locale":"fr_FR","og_type":"article","og_title":"LinMot Software - Les premiers communiqu\u00e9s","og_description":"&nbsp; LinMot Software Release 1.3 For new applications, please use the actual release 1.3.16. Release 1.3.12 LinMot-Talk Release 1.3.12. Setup5.73 MB LinMot-Talk Release 1.3.12. Zipped version to use in case of problem with the setup version. ZIP1.87 MB Release 1.3.10 LinMot-Talk Release 1.3.10. Setup5.20 MB LinMot-Talk Release 1.3.10. Zipped version to use in case of [&hellip;]","og_url":"https:\/\/linmot.com\/fr\/download\/linmot-talk-drive-configuration\/linmot-talk-1-3-x\/old-releases\/","og_site_name":"LinMot &amp; MagSpring - Fran\u00e7ais","article_modified_time":"2022-05-09T10:41:10+00:00","og_image":[{"width":800,"height":500,"url":"https:\/\/linmot.com\/fr\/wp-content\/uploads\/sites\/3\/2022\/05\/linmot-social-share-logo.jpg","type":"image\/jpeg"}],"twitter_card":"summary_large_image","twitter_misc":{"Dur\u00e9e de lecture estim\u00e9e":"1 minute"},"schema":{"@context":"https:\/\/schema.org","@graph":[{"@type":"WebPage","@id":"https:\/\/linmot.com\/fr\/download\/linmot-talk-drive-configuration\/linmot-talk-1-3-x\/old-releases\/","url":"https:\/\/linmot.com\/fr\/download\/linmot-talk-drive-configuration\/linmot-talk-1-3-x\/old-releases\/","name":"LinMot Software - Les premiers communiqu\u00e9s - LinMot &amp; MagSpring - Fran\u00e7ais","isPartOf":{"@id":"https:\/\/linmot.com\/fr\/#website"},"datePublished":"2018-08-21T17:08:53+00:00","dateModified":"2022-05-09T10:41:10+00:00","breadcrumb":{"@id":"https:\/\/linmot.com\/fr\/download\/linmot-talk-drive-configuration\/linmot-talk-1-3-x\/old-releases\/#breadcrumb"},"inLanguage":"fr-FR","potentialAction":[{"@type":"ReadAction","target":["https:\/\/linmot.com\/fr\/download\/linmot-talk-drive-configuration\/linmot-talk-1-3-x\/old-releases\/"]}]},{"@type":"BreadcrumbList","@id":"https:\/\/linmot.com\/fr\/download\/linmot-talk-drive-configuration\/linmot-talk-1-3-x\/old-releases\/#breadcrumb","itemListElement":[{"@type":"ListItem","position":1,"name":"Home","item":"https:\/\/linmot.com\/fr\/"},{"@type":"ListItem","position":2,"name":"T\u00e9l\u00e9charger","item":"https:\/\/linmot.com\/fr\/download\/"},{"@type":"ListItem","position":3,"name":"LinMot Talk (Drive-configuration)","item":"https:\/\/linmot.com\/fr\/download\/linmot-talk-drive-configuration\/"},{"@type":"ListItem","position":4,"name":"LinMot-Talk 1.3.x","item":"https:\/\/linmot.com\/fr\/?page_id=687"},{"@type":"ListItem","position":5,"name":"LinMot Software &#8211; Les premiers communiqu\u00e9s"}]},{"@type":"WebSite","@id":"https:\/\/linmot.com\/fr\/#website","url":"https:\/\/linmot.com\/fr\/","name":"LinMot &amp; MagSpring - Fran\u00e7ais","description":"Moteurs lin\u00e9aires et des syst\u00e8mes de moteurs lin\u00e9aires de haute qualit\u00e9","publisher":{"@id":"https:\/\/linmot.com\/fr\/#organization"},"potentialAction":[{"@type":"SearchAction","target":{"@type":"EntryPoint","urlTemplate":"https:\/\/linmot.com\/fr\/?s={search_term_string}"},"query-input":{"@type":"PropertyValueSpecification","valueRequired":true,"valueName":"search_term_string"}}],"inLanguage":"fr-FR"},{"@type":"Organization","@id":"https:\/\/linmot.com\/fr\/#organization","name":"NTI AG - LinMot & MagSpring","url":"https:\/\/linmot.com\/fr\/","logo":{"@type":"ImageObject","inLanguage":"fr-FR","@id":"https:\/\/linmot.com\/fr\/#\/schema\/logo\/image\/","url":"https:\/\/linmot.com\/fr\/wp-content\/uploads\/sites\/3\/2022\/05\/linmot-social-share-logo.jpg","contentUrl":"https:\/\/linmot.com\/fr\/wp-content\/uploads\/sites\/3\/2022\/05\/linmot-social-share-logo.jpg","width":800,"height":500,"caption":"NTI AG - LinMot & MagSpring"},"image":{"@id":"https:\/\/linmot.com\/fr\/#\/schema\/logo\/image\/"},"sameAs":["https:\/\/www.linkedin.com\/company\/nti-ag-linmot-magspring","https:\/\/www.youtube.com\/user\/LinMotEurope"]}]}},"_links":{"self":[{"href":"https:\/\/linmot.com\/fr\/wp-json\/wp\/v2\/pages\/720","targetHints":{"allow":["GET"]}}],"collection":[{"href":"https:\/\/linmot.com\/fr\/wp-json\/wp\/v2\/pages"}],"about":[{"href":"https:\/\/linmot.com\/fr\/wp-json\/wp\/v2\/types\/page"}],"author":[{"embeddable":true,"href":"https:\/\/linmot.com\/fr\/wp-json\/wp\/v2\/users\/1"}],"replies":[{"embeddable":true,"href":"https:\/\/linmot.com\/fr\/wp-json\/wp\/v2\/comments?post=720"}],"version-history":[{"count":2,"href":"https:\/\/linmot.com\/fr\/wp-json\/wp\/v2\/pages\/720\/revisions"}],"predecessor-version":[{"id":2099,"href":"https:\/\/linmot.com\/fr\/wp-json\/wp\/v2\/pages\/720\/revisions\/2099"}],"up":[{"embeddable":true,"href":"https:\/\/linmot.com\/fr\/wp-json\/wp\/v2\/pages\/687"}],"wp:attachment":[{"href":"https:\/\/linmot.com\/fr\/wp-json\/wp\/v2\/media?parent=720"}],"curies":[{"name":"wp","href":"https:\/\/api.w.org\/{rel}","templated":true}]}}