{"id":708,"date":"2018-08-21T18:45:45","date_gmt":"2018-08-21T16:45:45","guid":{"rendered":"https:\/\/linmot.com\/?page_id=708"},"modified":"2023-04-11T16:15:03","modified_gmt":"2023-04-11T14:15:03","slug":"old-releases","status":"publish","type":"page","link":"https:\/\/linmot.com\/fr\/download\/linmot-talk-drive-configuration\/mpc-configurator\/old-releases\/","title":{"rendered":"LinMot MPC Configurator &#8211; Les premiers communiqu\u00e9s"},"content":{"rendered":"<div class=\"row\">\n<div class=\"col-md-4\">\n<h4 class=\"download-title\">LinMot MPC Configurator V2.0<\/h4>\n<p class=\"bodytext\">LinMot MPC Configurator V2.0.<\/p>\n<\/div>\n<div class=\"col-md-8\">\n<div class=\"download-box\"><a href=\"https:\/\/linmot.com\/\/fileadmin\/\/user_upload\/Downloads\/software-firmware\/servo-drives\/mpc-configurator\/old-releases\/MPC2r0Setup.exe\" target=\"_blank\" rel=\"noopener noreferrer\"><span class=\"name\">Setup<\/span><span class=\"size\">5.09 MB<\/span><\/a><\/div>\n<\/div>\n<\/div>\n","protected":false},"excerpt":{"rendered":"<p>LinMot MPC Configurator V2.0 LinMot MPC Configurator V2.0. Setup5.09 MB<\/p>\n","protected":false},"author":1,"featured_media":0,"parent":702,"menu_order":113,"comment_status":"closed","ping_status":"closed","template":"","meta":{"_acf_changed":false,"footnotes":""},"class_list":["post-708","page","type-page","status-publish","hentry"],"acf":[],"yoast_head":"<!-- This site is optimized with the Yoast SEO Premium plugin v20.9 (Yoast SEO v27.3) - https:\/\/yoast.com\/product\/yoast-seo-premium-wordpress\/ -->\n<title>LinMot MPC Configurator - Les premiers communiqu\u00e9s - LinMot &amp; MagSpring - Fran\u00e7ais<\/title>\n<meta name=\"robots\" content=\"noindex, follow\" \/>\n<meta property=\"og:locale\" content=\"fr_FR\" \/>\n<meta property=\"og:type\" content=\"article\" \/>\n<meta property=\"og:title\" content=\"LinMot MPC Configurator - Les premiers communiqu\u00e9s\" \/>\n<meta property=\"og:description\" content=\"LinMot MPC Configurator V2.0 LinMot MPC Configurator V2.0. Setup5.09 MB\" \/>\n<meta property=\"og:url\" content=\"https:\/\/linmot.com\/fr\/download\/linmot-talk-drive-configuration\/mpc-configurator\/old-releases\/\" \/>\n<meta property=\"og:site_name\" content=\"LinMot &amp; MagSpring - Fran\u00e7ais\" \/>\n<meta property=\"article:modified_time\" content=\"2023-04-11T14:15:03+00:00\" \/>\n<meta property=\"og:image\" content=\"https:\/\/linmot.com\/fr\/wp-content\/uploads\/sites\/3\/2022\/05\/linmot-social-share-logo.jpg\" \/>\n\t<meta property=\"og:image:width\" content=\"800\" \/>\n\t<meta property=\"og:image:height\" content=\"500\" \/>\n\t<meta property=\"og:image:type\" content=\"image\/jpeg\" \/>\n<meta name=\"twitter:card\" content=\"summary_large_image\" \/>\n<meta name=\"twitter:label1\" content=\"Dur\u00e9e de lecture estim\u00e9e\" \/>\n\t<meta name=\"twitter:data1\" content=\"1 minute\" \/>\n<script type=\"application\/ld+json\" class=\"yoast-schema-graph\">{\"@context\":\"https:\\\/\\\/schema.org\",\"@graph\":[{\"@type\":\"WebPage\",\"@id\":\"https:\\\/\\\/linmot.com\\\/fr\\\/download\\\/linmot-talk-drive-configuration\\\/mpc-configurator\\\/old-releases\\\/\",\"url\":\"https:\\\/\\\/linmot.com\\\/fr\\\/download\\\/linmot-talk-drive-configuration\\\/mpc-configurator\\\/old-releases\\\/\",\"name\":\"LinMot MPC Configurator - Les premiers communiqu\u00e9s - LinMot &amp; MagSpring - Fran\u00e7ais\",\"isPartOf\":{\"@id\":\"https:\\\/\\\/linmot.com\\\/fr\\\/#website\"},\"datePublished\":\"2018-08-21T16:45:45+00:00\",\"dateModified\":\"2023-04-11T14:15:03+00:00\",\"breadcrumb\":{\"@id\":\"https:\\\/\\\/linmot.com\\\/fr\\\/download\\\/linmot-talk-drive-configuration\\\/mpc-configurator\\\/old-releases\\\/#breadcrumb\"},\"inLanguage\":\"fr-FR\",\"potentialAction\":[{\"@type\":\"ReadAction\",\"target\":[\"https:\\\/\\\/linmot.com\\\/fr\\\/download\\\/linmot-talk-drive-configuration\\\/mpc-configurator\\\/old-releases\\\/\"]}]},{\"@type\":\"BreadcrumbList\",\"@id\":\"https:\\\/\\\/linmot.com\\\/fr\\\/download\\\/linmot-talk-drive-configuration\\\/mpc-configurator\\\/old-releases\\\/#breadcrumb\",\"itemListElement\":[{\"@type\":\"ListItem\",\"position\":1,\"name\":\"Home\",\"item\":\"https:\\\/\\\/linmot.com\\\/fr\\\/\"},{\"@type\":\"ListItem\",\"position\":2,\"name\":\"T\u00e9l\u00e9charger\",\"item\":\"https:\\\/\\\/linmot.com\\\/fr\\\/download\\\/\"},{\"@type\":\"ListItem\",\"position\":3,\"name\":\"LinMot Talk (Drive-configuration)\",\"item\":\"https:\\\/\\\/linmot.com\\\/fr\\\/download\\\/linmot-talk-drive-configuration\\\/\"},{\"@type\":\"ListItem\",\"position\":4,\"name\":\"MPC Configurator\",\"item\":\"https:\\\/\\\/linmot.com\\\/fr\\\/?page_id=702\"},{\"@type\":\"ListItem\",\"position\":5,\"name\":\"LinMot MPC Configurator &#8211; Les premiers communiqu\u00e9s\"}]},{\"@type\":\"WebSite\",\"@id\":\"https:\\\/\\\/linmot.com\\\/fr\\\/#website\",\"url\":\"https:\\\/\\\/linmot.com\\\/fr\\\/\",\"name\":\"LinMot &amp; MagSpring - Fran\u00e7ais\",\"description\":\"Moteurs lin\u00e9aires et des syst\u00e8mes de moteurs lin\u00e9aires de haute qualit\u00e9\",\"publisher\":{\"@id\":\"https:\\\/\\\/linmot.com\\\/fr\\\/#organization\"},\"potentialAction\":[{\"@type\":\"SearchAction\",\"target\":{\"@type\":\"EntryPoint\",\"urlTemplate\":\"https:\\\/\\\/linmot.com\\\/fr\\\/?s={search_term_string}\"},\"query-input\":{\"@type\":\"PropertyValueSpecification\",\"valueRequired\":true,\"valueName\":\"search_term_string\"}}],\"inLanguage\":\"fr-FR\"},{\"@type\":\"Organization\",\"@id\":\"https:\\\/\\\/linmot.com\\\/fr\\\/#organization\",\"name\":\"NTI AG - LinMot & MagSpring\",\"url\":\"https:\\\/\\\/linmot.com\\\/fr\\\/\",\"logo\":{\"@type\":\"ImageObject\",\"inLanguage\":\"fr-FR\",\"@id\":\"https:\\\/\\\/linmot.com\\\/fr\\\/#\\\/schema\\\/logo\\\/image\\\/\",\"url\":\"https:\\\/\\\/linmot.com\\\/fr\\\/wp-content\\\/uploads\\\/sites\\\/3\\\/2022\\\/05\\\/linmot-social-share-logo.jpg\",\"contentUrl\":\"https:\\\/\\\/linmot.com\\\/fr\\\/wp-content\\\/uploads\\\/sites\\\/3\\\/2022\\\/05\\\/linmot-social-share-logo.jpg\",\"width\":800,\"height\":500,\"caption\":\"NTI AG - LinMot & MagSpring\"},\"image\":{\"@id\":\"https:\\\/\\\/linmot.com\\\/fr\\\/#\\\/schema\\\/logo\\\/image\\\/\"},\"sameAs\":[\"https:\\\/\\\/www.linkedin.com\\\/company\\\/nti-ag-linmot-magspring\",\"https:\\\/\\\/www.youtube.com\\\/user\\\/LinMotEurope\"]}]}<\/script>\n<!-- \/ Yoast SEO Premium plugin. -->","yoast_head_json":{"title":"LinMot MPC Configurator - Les premiers communiqu\u00e9s - LinMot &amp; MagSpring - Fran\u00e7ais","robots":{"index":"noindex","follow":"follow"},"og_locale":"fr_FR","og_type":"article","og_title":"LinMot MPC Configurator - Les premiers communiqu\u00e9s","og_description":"LinMot MPC Configurator V2.0 LinMot MPC Configurator V2.0. Setup5.09 MB","og_url":"https:\/\/linmot.com\/fr\/download\/linmot-talk-drive-configuration\/mpc-configurator\/old-releases\/","og_site_name":"LinMot &amp; MagSpring - Fran\u00e7ais","article_modified_time":"2023-04-11T14:15:03+00:00","og_image":[{"width":800,"height":500,"url":"https:\/\/linmot.com\/fr\/wp-content\/uploads\/sites\/3\/2022\/05\/linmot-social-share-logo.jpg","type":"image\/jpeg"}],"twitter_card":"summary_large_image","twitter_misc":{"Dur\u00e9e de lecture estim\u00e9e":"1 minute"},"schema":{"@context":"https:\/\/schema.org","@graph":[{"@type":"WebPage","@id":"https:\/\/linmot.com\/fr\/download\/linmot-talk-drive-configuration\/mpc-configurator\/old-releases\/","url":"https:\/\/linmot.com\/fr\/download\/linmot-talk-drive-configuration\/mpc-configurator\/old-releases\/","name":"LinMot MPC Configurator - Les premiers communiqu\u00e9s - LinMot &amp; MagSpring - Fran\u00e7ais","isPartOf":{"@id":"https:\/\/linmot.com\/fr\/#website"},"datePublished":"2018-08-21T16:45:45+00:00","dateModified":"2023-04-11T14:15:03+00:00","breadcrumb":{"@id":"https:\/\/linmot.com\/fr\/download\/linmot-talk-drive-configuration\/mpc-configurator\/old-releases\/#breadcrumb"},"inLanguage":"fr-FR","potentialAction":[{"@type":"ReadAction","target":["https:\/\/linmot.com\/fr\/download\/linmot-talk-drive-configuration\/mpc-configurator\/old-releases\/"]}]},{"@type":"BreadcrumbList","@id":"https:\/\/linmot.com\/fr\/download\/linmot-talk-drive-configuration\/mpc-configurator\/old-releases\/#breadcrumb","itemListElement":[{"@type":"ListItem","position":1,"name":"Home","item":"https:\/\/linmot.com\/fr\/"},{"@type":"ListItem","position":2,"name":"T\u00e9l\u00e9charger","item":"https:\/\/linmot.com\/fr\/download\/"},{"@type":"ListItem","position":3,"name":"LinMot Talk (Drive-configuration)","item":"https:\/\/linmot.com\/fr\/download\/linmot-talk-drive-configuration\/"},{"@type":"ListItem","position":4,"name":"MPC Configurator","item":"https:\/\/linmot.com\/fr\/?page_id=702"},{"@type":"ListItem","position":5,"name":"LinMot MPC Configurator &#8211; Les premiers communiqu\u00e9s"}]},{"@type":"WebSite","@id":"https:\/\/linmot.com\/fr\/#website","url":"https:\/\/linmot.com\/fr\/","name":"LinMot &amp; MagSpring - Fran\u00e7ais","description":"Moteurs lin\u00e9aires et des syst\u00e8mes de moteurs lin\u00e9aires de haute qualit\u00e9","publisher":{"@id":"https:\/\/linmot.com\/fr\/#organization"},"potentialAction":[{"@type":"SearchAction","target":{"@type":"EntryPoint","urlTemplate":"https:\/\/linmot.com\/fr\/?s={search_term_string}"},"query-input":{"@type":"PropertyValueSpecification","valueRequired":true,"valueName":"search_term_string"}}],"inLanguage":"fr-FR"},{"@type":"Organization","@id":"https:\/\/linmot.com\/fr\/#organization","name":"NTI AG - LinMot & MagSpring","url":"https:\/\/linmot.com\/fr\/","logo":{"@type":"ImageObject","inLanguage":"fr-FR","@id":"https:\/\/linmot.com\/fr\/#\/schema\/logo\/image\/","url":"https:\/\/linmot.com\/fr\/wp-content\/uploads\/sites\/3\/2022\/05\/linmot-social-share-logo.jpg","contentUrl":"https:\/\/linmot.com\/fr\/wp-content\/uploads\/sites\/3\/2022\/05\/linmot-social-share-logo.jpg","width":800,"height":500,"caption":"NTI AG - LinMot & MagSpring"},"image":{"@id":"https:\/\/linmot.com\/fr\/#\/schema\/logo\/image\/"},"sameAs":["https:\/\/www.linkedin.com\/company\/nti-ag-linmot-magspring","https:\/\/www.youtube.com\/user\/LinMotEurope"]}]}},"_links":{"self":[{"href":"https:\/\/linmot.com\/fr\/wp-json\/wp\/v2\/pages\/708","targetHints":{"allow":["GET"]}}],"collection":[{"href":"https:\/\/linmot.com\/fr\/wp-json\/wp\/v2\/pages"}],"about":[{"href":"https:\/\/linmot.com\/fr\/wp-json\/wp\/v2\/types\/page"}],"author":[{"embeddable":true,"href":"https:\/\/linmot.com\/fr\/wp-json\/wp\/v2\/users\/1"}],"replies":[{"embeddable":true,"href":"https:\/\/linmot.com\/fr\/wp-json\/wp\/v2\/comments?post=708"}],"version-history":[{"count":3,"href":"https:\/\/linmot.com\/fr\/wp-json\/wp\/v2\/pages\/708\/revisions"}],"predecessor-version":[{"id":2100,"href":"https:\/\/linmot.com\/fr\/wp-json\/wp\/v2\/pages\/708\/revisions\/2100"}],"up":[{"embeddable":true,"href":"https:\/\/linmot.com\/fr\/wp-json\/wp\/v2\/pages\/702"}],"wp:attachment":[{"href":"https:\/\/linmot.com\/fr\/wp-json\/wp\/v2\/media?parent=708"}],"curies":[{"name":"wp","href":"https:\/\/api.w.org\/{rel}","templated":true}]}}