{"id":58,"date":"2017-10-20T23:34:41","date_gmt":"2017-10-20T21:34:41","guid":{"rendered":"https:\/\/linmot.com\/?page_id=58"},"modified":"2024-05-01T16:45:30","modified_gmt":"2024-05-01T14:45:30","slug":"alimentaire","status":"publish","type":"page","link":"https:\/\/linmot.com\/fr\/solutions-industrielles\/alimentaire\/","title":{"rendered":"Alimentaire"},"content":{"rendered":"<img loading=\"lazy\" decoding=\"async\" class=\"aligncenter size-full wp-image-196\" src=\"https:\/\/linmot.com\/fr\/wp-content\/uploads\/sites\/3\/2017\/10\/LinMot-Solutions-Food-Products-Industry-1.jpg\" alt=\"\" width=\"940\" height=\"300\" srcset=\"https:\/\/linmot.com\/fr\/wp-content\/uploads\/sites\/3\/2017\/10\/LinMot-Solutions-Food-Products-Industry-1.jpg 940w, https:\/\/linmot.com\/fr\/wp-content\/uploads\/sites\/3\/2017\/10\/LinMot-Solutions-Food-Products-Industry-1-300x96.jpg 300w, https:\/\/linmot.com\/fr\/wp-content\/uploads\/sites\/3\/2017\/10\/LinMot-Solutions-Food-Products-Industry-1-768x245.jpg 768w\" sizes=\"auto, (max-width: 940px) 100vw, 940px\" \/>\n<p>La majorit\u00e9 des produits alimentaires que nous consommons ne viennent plus directement du producteur. Ils traversent plut\u00f4t une s\u00e9rie d\u2019\u00e9tapes de transformation industrielle et de packaging avant d\u2019arriver sur les rayons du supermarch\u00e9 ou dans notre panier de courses. La technologie d\u2019automatisation est un \u00e9l\u00e9ment fondamental pour toutes les machines de production et de packaging alimentaire. Le changement fr\u00e9quent d\u2019emballages pour des lots de plus en plus petits et la production de grandes quantit\u00e9s font partie des challenges auxquels doivent r\u00e9pondre les constructeurs de machines. Une exigence suppl\u00e9mentaire est le contr\u00f4le complet et la tra\u00e7abilit\u00e9 des processus. Chaque fabricant et transformateur de produits alimentaires veut avoir une production contr\u00f4l\u00e9e et s\u00e9curis\u00e9e de ses produits. La protection du consommateur doit \u00eatre strictement assur\u00e9e pour tous les produits, dans le cadre des r\u00e9glementations en vigueur, surtout en mati\u00e8re d\u2019hygi\u00e8ne.<\/p>\n<p>Les entra\u00eenements LinMot fournissent, aux constructeurs de machines, des composants parfaitement adapt\u00e9s aux processus de production et de packaging dans l\u2019industrie alimentaire.<\/p>\n<p>Divers mod\u00e8les de moteurs lin\u00e9aires con\u00e7us en acier inoxydable hautement hygi\u00e9nique ont \u00e9t\u00e9 d\u00e9velopp\u00e9s sp\u00e9cialement dans ce but.<\/p>\n<p>Ils peuvent effectuer des mouvements ultra dynamiques, lin\u00e9aires ou lin\u00e9aires-rotatifs, tout cela dans un seul et m\u00eame actionneur.<\/p>\n<p>Gr\u00e2ce aux param\u00e8tres de mouvement librement programmables dans le variateur, les moteurs fournissent un grand niveau de flexibilit\u00e9 pour des applications telles que:<\/p>\n<div class=\"row\">\n<div class=\"col-sm-4\">\n<ul>\n<li>Remplissage<\/li>\n<li>Positionnement des produits dans les emballages<\/li>\n<li>Pesage<\/li>\n<li>Dosage<\/li>\n<\/ul>\n<\/div>\n<div class=\"col-sm-4\">\n<ul>\n<li>Tri et orientation<\/li>\n<li>Ejection<\/li>\n<li>Coupe des produits alimentaires<\/li>\n<li>Emballage<\/li>\n<\/ul>\n<\/div>\n<div class=\"col-sm-4\">\n<ul>\n<li>Scellage<\/li>\n<li>Encliquetage, pressage<\/li>\n<li>etc.<\/li>\n<\/ul>\n<\/div>\n<\/div>\n<hr \/>\n<h2>Rapports d&rsquo;application de l&rsquo;industrie alimentaire<\/h2>\n<div class=\"row download\">\n<div class=\"col-md-3\">\n<h4 class=\"download-title\">Les moteurs lin\u00e9aires INOX assurent la sant\u00e9 des poissons d\u2019\u00e9levage<\/h4>\n<p class=\"bodytext\" align=\"justify\">La machine VX-8 d\u00e9velopp\u00e9e par Skala Maskon inocule automatiquement jusqu\u2019\u00e0 20 000 poissons d\u2019\u00e9levage par heure. Elle a donc le potentiel de r\u00e9duire consid\u00e9rablement l\u2019utilisation de m\u00e9dicaments dans les aquacultures et de garantir l\u2019approvisionnement de la population mondiale en poissons sains.<\/p>\n<p><a class=\"button\" href=\"\/fr\/blog\/les-moteurs-lineaires-inox-assurent-la-sante-des-poissons-delevage\/\">Vers l\u2019article<\/a><br \/>\n<\/div>\n<div class=\"col-md-2\">\n<img loading=\"lazy\" decoding=\"async\" class=\"alignnone wp-image-3295 size-full\" src=\"https:\/\/linmot.com\/de\/wp-content\/uploads\/sites\/2\/2022\/04\/inox-zuchtfisch.jpg\" alt=\"\" width=\"220\" height=\"220\" \/><br \/>\n<\/div>\n<div class=\"col-md-2\">\n<\/div>\n<div class=\"col-md-3\">\n<h4 class=\"download-title\">D\u00e9tourner des pi\u00e8ces de poisson pr\u00e9cieuses avec des moteurs lin\u00e9aires<\/h4>\n<p class=\"bodytext\" align=\"justify\">Valka, une entreprise islandaise de haute technologie qui con\u00e7oit et construit des syst\u00e8mes avanc\u00e9s pour le traitement du poisson, \u00e9quipe ses machines de s\u00e9paration et de tri de moteurs LinMot en acier inoxydable pour garantir la vitesse et la pr\u00e9cision requises dans un environnement de lavage difficile.<\/p>\n<p><a class=\"button\" href=\"\/fr\/blog\/separer-un-mets-delicat-detourner-des-pieces-de-poisson-precieuses-avec-des-moteurs-lineaires\/\">Vers l\u2019article<\/a><br \/>\n<\/div>\n<div class=\"col-md-2\">\n<img loading=\"lazy\" decoding=\"async\" class=\"alignnone wp-image-3296 size-full\" src=\"https:\/\/linmot.com\/de\/wp-content\/uploads\/sites\/2\/2022\/04\/ultimate-drive-technology.jpg\" alt=\"\" width=\"220\" height=\"220\" \/><br \/>\n<\/div>\n<\/div>\n<div class=\"row download\">\n<div class=\"col-md-3\">\n<h4 class=\"download-title\">S\u00e9parer un mets d\u00e9licat<\/h4>\n<p class=\"bodytext\" align=\"justify\">Valka, une entreprise islandaise de haute technologie qui con\u00e7oit et construit des syst\u00e8mes avanc\u00e9s pour le traitement du poisson, \u00e9quipe ses machines de s\u00e9paration et de tri de moteurs LinMot en acier inoxydable pour garantir la vitesse et la pr\u00e9cision requises dans un environnement de lavage difficile.<\/p>\n<p><a class=\"button\" href=\"\/fr\/blog\/separer-un-mets-delicat-detourner-des-pieces-de-poisson-precieuses-avec-des-moteurs-lineaires\/\">Vers l\u2019article<\/a><br \/>\n<\/div>\n<div class=\"col-md-2\">\n<img loading=\"lazy\" decoding=\"async\" class=\"aligncenter size-full wp-image-4064\" src=\"https:\/\/linmot.com\/de\/wp-content\/uploads\/sites\/2\/2023\/01\/vorschau-umleiten-fischteile.jpg\" alt=\"\" width=\"220\" height=\"220\" \/><br \/>\n<\/div>\n<div class=\"col-md-2\">\n<\/div>\n<div class=\"col-md-3\">\n<h4 class=\"download-title\">Trancheur vertical pour produits carn\u00e9s cuits<\/h4>\n<p class=\"bodytext\" align=\"justify\">Couper des filets de poitrine de volaille cuits en fines tranches de mani\u00e8re \u00e0 pr\u00e9server la forme naturelle du produit de haute qualit\u00e9 n&rsquo;\u00e9tait pas possible de mani\u00e8re automatis\u00e9e jusqu&rsquo;\u00e0 pr\u00e9sent. Le sp\u00e9cialiste des trancheurs de viande de volaille, Food Technology Thielemann, a pr\u00e9sent\u00e9 en premi\u00e8re mondiale une solution pour cette t\u00e2che.<\/p>\n<p><a class=\"button\" href=\"\/fr\/blog\/plus-quune-simple-formalite-trancheur-vertical-pour-produits-carnes-cuits\/\">Vers l\u2019article<\/a><br \/>\n<\/div>\n<div class=\"col-md-2\">\n<img loading=\"lazy\" decoding=\"async\" class=\"aligncenter size-full wp-image-4064\" src=\"https:\/\/linmot.com\/de\/wp-content\/uploads\/sites\/2\/2023\/01\/vorschau-vertical-slicer.jpg\" alt=\"\" width=\"220\" height=\"220\" \/><br \/>\n<\/div>\n<\/div>\n<div class=\"row download\">\n<div class=\"col-md-3\">\n<h4 class=\"download-title\">L\u2019industrie des boissons 4.0<\/h4>\n<p class=\"bodytext\" align=\"justify\">Jusqu&rsquo;\u00e0 pr\u00e9sent, les constructeurs de machines \u00e9taient largement laiss\u00e9s \u00e0 eux-m\u00eames lorsqu&rsquo;il s&rsquo;agissait d&rsquo;assurer la s\u00e9curit\u00e9 fonctionnelle lors de l&rsquo;utilisation de moteurs lin\u00e9aires dynamiques. Aujourd&rsquo;hui, pour la premi\u00e8re fois, un ensemble complet est disponible, qui facilite grandement cette \u00e9tape pour les utilisateurs.<\/p>\n<p><a class=\"button\" href=\"\/fr\/blog\/lindustrie-des-boissons-4-0-entrainee-par-la-technologie-lineaire-de-linmot\/\">Vers l&rsquo;article<\/a><br \/>\n<\/div>\n<div class=\"col-md-2\">\n<img loading=\"lazy\" decoding=\"async\" class=\"alignnone wp-image-3295 size-full\" src=\"https:\/\/linmot.com\/de\/wp-content\/uploads\/sites\/2\/2023\/01\/vorschau-getraenkeindustrie-4_0.jpg\" alt=\"\" width=\"220\" height=\"220\" \/><br \/>\n<\/div>\n<div class=\"col-md-2\">\n<\/div>\n<div class=\"col-md-3\">\n<h4 class=\"download-title\">Moteurs rotatifs lin\u00e9aires de LinMot et bouchons \u00e0 ailettes<\/h4>\n<p class=\"bodytext\" align=\"justify\">200 millions de litres de lait et 60 millions de litres de cr\u00e8me. Ces quantit\u00e9s impressionnantes de liquides sont trait\u00e9es chaque ann\u00e9e \u00e0 la Mittelland Molkerei AG d\u2019Emmi \u00e0 Suhr. En plein milieu de tout cela : les moteurs rotatifs de levage des fermetures LinMot et Wing-Cap.<\/p>\n<p><a class=\"button\" href=\"\/fr\/blog\/la-solution-pour-le-lait-renverse-moteurs-rotatifs-lineaires-de-linmot-et-fermetures-de-wing-cap\/\">Vers l&rsquo;article<\/a><br \/>\n<\/div>\n<div class=\"col-md-2\">\n<img loading=\"lazy\" decoding=\"async\" class=\"alignnone wp-image-3296 size-full\" src=\"https:\/\/linmot.com\/de\/wp-content\/uploads\/sites\/2\/2023\/01\/vorschau-emmi-wing-cap-verschluesse.jpg\" alt=\"\" width=\"220\" height=\"220\" \/><br \/>\n<\/div>\n<\/div>\n<div class=\"row download\">\n<div class=\"col-md-3\">\n<h4 class=\"download-title\">Remplissage flexible et rapide<\/h4>\n<p class=\"bodytext\" align=\"justify\">Combiner les avantages du dosage par d\u00e9bit avec ceux du dosage par piston dans une machine de remplissage rotative est ce que souhaitent de nombreux utilisateurs. T\u00f6lke, sp\u00e9cialiste des machines d\u2019emballage, a r\u00e9alis\u00e9 cet exploit en utilisant des moteurs lin\u00e9aires LinMot.<\/p>\n<p><a class=\"button\" href=\"\/fr\/blog\/remplissage-flexible-et-rapide\/\">En savoir plus<\/a><br \/>\n<\/div>\n<div class=\"col-md-2\">\n<img loading=\"lazy\" decoding=\"async\" class=\"alignnone wp-image-3280\" src=\"https:\/\/linmot.com\/de\/wp-content\/uploads\/sites\/2\/2022\/04\/flexibel-und-schnell-abfuellen.jpg\" alt=\"\" width=\"220\" height=\"220\" \/><br \/>\n<\/div>\n<\/div>\n","protected":false},"excerpt":{"rendered":"<p>La majorit\u00e9 des produits alimentaires que nous consommons ne viennent plus directement du producteur. Ils traversent plut\u00f4t une s\u00e9rie d\u2019\u00e9tapes de transformation industrielle et de packaging avant d\u2019arriver sur les rayons du supermarch\u00e9 ou dans notre panier de courses. La technologie d\u2019automatisation est un \u00e9l\u00e9ment fondamental pour toutes les machines de production et de packaging [&hellip;]<\/p>\n","protected":false},"author":1,"featured_media":0,"parent":8,"menu_order":76,"comment_status":"closed","ping_status":"closed","template":"","meta":{"_acf_changed":false,"footnotes":""},"class_list":["post-58","page","type-page","status-publish","hentry"],"acf":[],"yoast_head":"<!-- This site is optimized with the Yoast SEO Premium plugin v20.9 (Yoast SEO v27.2) - https:\/\/yoast.com\/product\/yoast-seo-premium-wordpress\/ -->\n<title>Alimentation - Peser, trier, remplir et sceller | LinMot<\/title>\n<meta name=\"description\" content=\"LinMot offre aux constructeurs de machines une technologie d&#039;entra\u00eenement innovante pour optimiser le processus de fabrication et de conditionnement des aliments.\" \/>\n<meta name=\"robots\" content=\"index, follow, max-snippet:-1, max-image-preview:large, max-video-preview:-1\" \/>\n<link rel=\"canonical\" href=\"https:\/\/linmot.com\/fr\/solutions-industrielles\/alimentaire\/\" \/>\n<meta property=\"og:locale\" content=\"fr_FR\" \/>\n<meta property=\"og:type\" content=\"article\" \/>\n<meta property=\"og:title\" content=\"Alimentaire\" \/>\n<meta property=\"og:description\" content=\"LinMot offre aux constructeurs de machines une technologie d&#039;entra\u00eenement innovante pour optimiser le processus de fabrication et de conditionnement des aliments.\" \/>\n<meta property=\"og:url\" content=\"https:\/\/linmot.com\/fr\/solutions-industrielles\/alimentaire\/\" \/>\n<meta property=\"og:site_name\" content=\"LinMot &amp; MagSpring - Fran\u00e7ais\" \/>\n<meta property=\"article:modified_time\" content=\"2024-05-01T14:45:30+00:00\" \/>\n<meta property=\"og:image\" content=\"https:\/\/linmot.com\/fr\/wp-content\/uploads\/sites\/3\/2017\/10\/LinMot-Solutions-Food-Products-Industry-1.jpg\" \/>\n\t<meta property=\"og:image:width\" content=\"940\" \/>\n\t<meta property=\"og:image:height\" content=\"300\" \/>\n\t<meta property=\"og:image:type\" content=\"image\/jpeg\" \/>\n<meta name=\"twitter:card\" content=\"summary_large_image\" \/>\n<meta name=\"twitter:description\" content=\"LinMot offre aux constructeurs de machines une technologie d&#039;entra\u00eenement innovante pour optimiser le processus de fabrication et de conditionnement des aliments.\" \/>\n<meta name=\"twitter:image\" content=\"https:\/\/linmot.com\/fr\/wp-content\/uploads\/sites\/3\/2017\/10\/LinMot-Solutions-Food-Products-Industry-1.jpg\" \/>\n<meta name=\"twitter:label1\" content=\"Dur\u00e9e de lecture estim\u00e9e\" \/>\n\t<meta name=\"twitter:data1\" content=\"6 minutes\" \/>\n<script type=\"application\/ld+json\" class=\"yoast-schema-graph\">{\"@context\":\"https:\/\/schema.org\",\"@graph\":[{\"@type\":\"WebPage\",\"@id\":\"https:\/\/linmot.com\/fr\/solutions-industrielles\/alimentaire\/\",\"url\":\"https:\/\/linmot.com\/fr\/solutions-industrielles\/alimentaire\/\",\"name\":\"Alimentation - Peser, trier, remplir et sceller | LinMot\",\"isPartOf\":{\"@id\":\"https:\/\/linmot.com\/fr\/#website\"},\"primaryImageOfPage\":{\"@id\":\"https:\/\/linmot.com\/fr\/solutions-industrielles\/alimentaire\/#primaryimage\"},\"image\":{\"@id\":\"https:\/\/linmot.com\/fr\/solutions-industrielles\/alimentaire\/#primaryimage\"},\"thumbnailUrl\":\"https:\/\/linmot.com\/fr\/wp-content\/uploads\/sites\/3\/2017\/10\/LinMot-Solutions-Food-Products-Industry-1.jpg\",\"datePublished\":\"2017-10-20T21:34:41+00:00\",\"dateModified\":\"2024-05-01T14:45:30+00:00\",\"description\":\"LinMot offre aux constructeurs de machines une technologie d'entra\u00eenement innovante pour optimiser le processus de fabrication et de conditionnement des aliments.\",\"breadcrumb\":{\"@id\":\"https:\/\/linmot.com\/fr\/solutions-industrielles\/alimentaire\/#breadcrumb\"},\"inLanguage\":\"fr-FR\",\"potentialAction\":[{\"@type\":\"ReadAction\",\"target\":[\"https:\/\/linmot.com\/fr\/solutions-industrielles\/alimentaire\/\"]}]},{\"@type\":\"ImageObject\",\"inLanguage\":\"fr-FR\",\"@id\":\"https:\/\/linmot.com\/fr\/solutions-industrielles\/alimentaire\/#primaryimage\",\"url\":\"https:\/\/linmot.com\/fr\/wp-content\/uploads\/sites\/3\/2017\/10\/LinMot-Solutions-Food-Products-Industry-1.jpg\",\"contentUrl\":\"https:\/\/linmot.com\/fr\/wp-content\/uploads\/sites\/3\/2017\/10\/LinMot-Solutions-Food-Products-Industry-1.jpg\",\"width\":940,\"height\":300,\"caption\":\"\"},{\"@type\":\"BreadcrumbList\",\"@id\":\"https:\/\/linmot.com\/fr\/solutions-industrielles\/alimentaire\/#breadcrumb\",\"itemListElement\":[{\"@type\":\"ListItem\",\"position\":1,\"name\":\"Home\",\"item\":\"https:\/\/linmot.com\/fr\/\"},{\"@type\":\"ListItem\",\"position\":2,\"name\":\"Solutions industrielles\",\"item\":\"https:\/\/linmot.com\/fr\/solutions-industrielles\/\"},{\"@type\":\"ListItem\",\"position\":3,\"name\":\"Alimentaire\"}]},{\"@type\":\"WebSite\",\"@id\":\"https:\/\/linmot.com\/fr\/#website\",\"url\":\"https:\/\/linmot.com\/fr\/\",\"name\":\"LinMot &amp; MagSpring - Fran\u00e7ais\",\"description\":\"Moteurs lin\u00e9aires et des syst\u00e8mes de moteurs lin\u00e9aires de haute qualit\u00e9\",\"publisher\":{\"@id\":\"https:\/\/linmot.com\/fr\/#organization\"},\"potentialAction\":[{\"@type\":\"SearchAction\",\"target\":{\"@type\":\"EntryPoint\",\"urlTemplate\":\"https:\/\/linmot.com\/fr\/?s={search_term_string}\"},\"query-input\":{\"@type\":\"PropertyValueSpecification\",\"valueRequired\":true,\"valueName\":\"search_term_string\"}}],\"inLanguage\":\"fr-FR\"},{\"@type\":\"Organization\",\"@id\":\"https:\/\/linmot.com\/fr\/#organization\",\"name\":\"NTI AG - LinMot & MagSpring\",\"url\":\"https:\/\/linmot.com\/fr\/\",\"logo\":{\"@type\":\"ImageObject\",\"inLanguage\":\"fr-FR\",\"@id\":\"https:\/\/linmot.com\/fr\/#\/schema\/logo\/image\/\",\"url\":\"https:\/\/linmot.com\/fr\/wp-content\/uploads\/sites\/3\/2022\/05\/linmot-social-share-logo.jpg\",\"contentUrl\":\"https:\/\/linmot.com\/fr\/wp-content\/uploads\/sites\/3\/2022\/05\/linmot-social-share-logo.jpg\",\"width\":800,\"height\":500,\"caption\":\"NTI AG - LinMot & MagSpring\"},\"image\":{\"@id\":\"https:\/\/linmot.com\/fr\/#\/schema\/logo\/image\/\"},\"sameAs\":[\"https:\/\/www.linkedin.com\/company\/nti-ag-linmot-magspring\",\"https:\/\/www.youtube.com\/user\/LinMotEurope\"]}]}<\/script>\n<!-- \/ Yoast SEO Premium plugin. -->","yoast_head_json":{"title":"Alimentation - Peser, trier, remplir et sceller | LinMot","description":"LinMot offre aux constructeurs de machines une technologie d'entra\u00eenement innovante pour optimiser le processus de fabrication et de conditionnement des aliments.","robots":{"index":"index","follow":"follow","max-snippet":"max-snippet:-1","max-image-preview":"max-image-preview:large","max-video-preview":"max-video-preview:-1"},"canonical":"https:\/\/linmot.com\/fr\/solutions-industrielles\/alimentaire\/","og_locale":"fr_FR","og_type":"article","og_title":"Alimentaire","og_description":"LinMot offre aux constructeurs de machines une technologie d'entra\u00eenement innovante pour optimiser le processus de fabrication et de conditionnement des aliments.","og_url":"https:\/\/linmot.com\/fr\/solutions-industrielles\/alimentaire\/","og_site_name":"LinMot &amp; MagSpring - Fran\u00e7ais","article_modified_time":"2024-05-01T14:45:30+00:00","og_image":[{"width":940,"height":300,"url":"https:\/\/linmot.com\/fr\/wp-content\/uploads\/sites\/3\/2017\/10\/LinMot-Solutions-Food-Products-Industry-1.jpg","type":"image\/jpeg"}],"twitter_card":"summary_large_image","twitter_description":"LinMot offre aux constructeurs de machines une technologie d'entra\u00eenement innovante pour optimiser le processus de fabrication et de conditionnement des aliments.","twitter_image":"https:\/\/linmot.com\/fr\/wp-content\/uploads\/sites\/3\/2017\/10\/LinMot-Solutions-Food-Products-Industry-1.jpg","twitter_misc":{"Dur\u00e9e de lecture estim\u00e9e":"6 minutes"},"schema":{"@context":"https:\/\/schema.org","@graph":[{"@type":"WebPage","@id":"https:\/\/linmot.com\/fr\/solutions-industrielles\/alimentaire\/","url":"https:\/\/linmot.com\/fr\/solutions-industrielles\/alimentaire\/","name":"Alimentation - Peser, trier, remplir et sceller | LinMot","isPartOf":{"@id":"https:\/\/linmot.com\/fr\/#website"},"primaryImageOfPage":{"@id":"https:\/\/linmot.com\/fr\/solutions-industrielles\/alimentaire\/#primaryimage"},"image":{"@id":"https:\/\/linmot.com\/fr\/solutions-industrielles\/alimentaire\/#primaryimage"},"thumbnailUrl":"https:\/\/linmot.com\/fr\/wp-content\/uploads\/sites\/3\/2017\/10\/LinMot-Solutions-Food-Products-Industry-1.jpg","datePublished":"2017-10-20T21:34:41+00:00","dateModified":"2024-05-01T14:45:30+00:00","description":"LinMot offre aux constructeurs de machines une technologie d'entra\u00eenement innovante pour optimiser le processus de fabrication et de conditionnement des aliments.","breadcrumb":{"@id":"https:\/\/linmot.com\/fr\/solutions-industrielles\/alimentaire\/#breadcrumb"},"inLanguage":"fr-FR","potentialAction":[{"@type":"ReadAction","target":["https:\/\/linmot.com\/fr\/solutions-industrielles\/alimentaire\/"]}]},{"@type":"ImageObject","inLanguage":"fr-FR","@id":"https:\/\/linmot.com\/fr\/solutions-industrielles\/alimentaire\/#primaryimage","url":"https:\/\/linmot.com\/fr\/wp-content\/uploads\/sites\/3\/2017\/10\/LinMot-Solutions-Food-Products-Industry-1.jpg","contentUrl":"https:\/\/linmot.com\/fr\/wp-content\/uploads\/sites\/3\/2017\/10\/LinMot-Solutions-Food-Products-Industry-1.jpg","width":940,"height":300,"caption":""},{"@type":"BreadcrumbList","@id":"https:\/\/linmot.com\/fr\/solutions-industrielles\/alimentaire\/#breadcrumb","itemListElement":[{"@type":"ListItem","position":1,"name":"Home","item":"https:\/\/linmot.com\/fr\/"},{"@type":"ListItem","position":2,"name":"Solutions industrielles","item":"https:\/\/linmot.com\/fr\/solutions-industrielles\/"},{"@type":"ListItem","position":3,"name":"Alimentaire"}]},{"@type":"WebSite","@id":"https:\/\/linmot.com\/fr\/#website","url":"https:\/\/linmot.com\/fr\/","name":"LinMot &amp; MagSpring - Fran\u00e7ais","description":"Moteurs lin\u00e9aires et des syst\u00e8mes de moteurs lin\u00e9aires de haute qualit\u00e9","publisher":{"@id":"https:\/\/linmot.com\/fr\/#organization"},"potentialAction":[{"@type":"SearchAction","target":{"@type":"EntryPoint","urlTemplate":"https:\/\/linmot.com\/fr\/?s={search_term_string}"},"query-input":{"@type":"PropertyValueSpecification","valueRequired":true,"valueName":"search_term_string"}}],"inLanguage":"fr-FR"},{"@type":"Organization","@id":"https:\/\/linmot.com\/fr\/#organization","name":"NTI AG - LinMot & MagSpring","url":"https:\/\/linmot.com\/fr\/","logo":{"@type":"ImageObject","inLanguage":"fr-FR","@id":"https:\/\/linmot.com\/fr\/#\/schema\/logo\/image\/","url":"https:\/\/linmot.com\/fr\/wp-content\/uploads\/sites\/3\/2022\/05\/linmot-social-share-logo.jpg","contentUrl":"https:\/\/linmot.com\/fr\/wp-content\/uploads\/sites\/3\/2022\/05\/linmot-social-share-logo.jpg","width":800,"height":500,"caption":"NTI AG - LinMot & MagSpring"},"image":{"@id":"https:\/\/linmot.com\/fr\/#\/schema\/logo\/image\/"},"sameAs":["https:\/\/www.linkedin.com\/company\/nti-ag-linmot-magspring","https:\/\/www.youtube.com\/user\/LinMotEurope"]}]}},"_links":{"self":[{"href":"https:\/\/linmot.com\/fr\/wp-json\/wp\/v2\/pages\/58","targetHints":{"allow":["GET"]}}],"collection":[{"href":"https:\/\/linmot.com\/fr\/wp-json\/wp\/v2\/pages"}],"about":[{"href":"https:\/\/linmot.com\/fr\/wp-json\/wp\/v2\/types\/page"}],"author":[{"embeddable":true,"href":"https:\/\/linmot.com\/fr\/wp-json\/wp\/v2\/users\/1"}],"replies":[{"embeddable":true,"href":"https:\/\/linmot.com\/fr\/wp-json\/wp\/v2\/comments?post=58"}],"version-history":[{"count":16,"href":"https:\/\/linmot.com\/fr\/wp-json\/wp\/v2\/pages\/58\/revisions"}],"predecessor-version":[{"id":3366,"href":"https:\/\/linmot.com\/fr\/wp-json\/wp\/v2\/pages\/58\/revisions\/3366"}],"up":[{"embeddable":true,"href":"https:\/\/linmot.com\/fr\/wp-json\/wp\/v2\/pages\/8"}],"wp:attachment":[{"href":"https:\/\/linmot.com\/fr\/wp-json\/wp\/v2\/media?parent=58"}],"curies":[{"name":"wp","href":"https:\/\/api.w.org\/{rel}","templated":true}]}}