{"id":56,"date":"2017-10-20T23:34:34","date_gmt":"2017-10-20T21:34:34","guid":{"rendered":"https:\/\/linmot.com\/?page_id=56"},"modified":"2023-05-10T16:41:41","modified_gmt":"2023-05-10T14:41:41","slug":"machines-textiles","status":"publish","type":"page","link":"https:\/\/linmot.com\/fr\/solutions-industrielles\/machines-textiles\/","title":{"rendered":"Machines textiles"},"content":{"rendered":"<p><strong>Comment LinMot r\u00e9pond aux exigences \u00e9lev\u00e9es de l&rsquo;industrie textile avec sa technique d&rsquo;entra\u00eenement.<\/strong><\/p>\n<img loading=\"lazy\" decoding=\"async\" class=\"aligncenter size-full wp-image-205\" src=\"https:\/\/linmot.com\/fr\/wp-content\/uploads\/sites\/3\/2017\/10\/LinMot-Solutions-Textile-Machines-Industry-1.jpg\" alt=\"\" width=\"940\" height=\"300\" srcset=\"https:\/\/linmot.com\/fr\/wp-content\/uploads\/sites\/3\/2017\/10\/LinMot-Solutions-Textile-Machines-Industry-1.jpg 940w, https:\/\/linmot.com\/fr\/wp-content\/uploads\/sites\/3\/2017\/10\/LinMot-Solutions-Textile-Machines-Industry-1-300x96.jpg 300w, https:\/\/linmot.com\/fr\/wp-content\/uploads\/sites\/3\/2017\/10\/LinMot-Solutions-Textile-Machines-Industry-1-768x245.jpg 768w\" sizes=\"auto, (max-width: 940px) 100vw, 940px\" \/>\n<p>Les exigences auxquelles doivent r\u00e9pondre aujourd\u2019hui les machines demand\u00e9es par l\u2019industrie textile sont multiples : utilisation des mat\u00e9riaux plus flexible et optimis\u00e9e, large gamme de patrons, qualit\u00e9 de fabrication irr\u00e9prochable. L\u2019industrie textile exige aussi de minimiser au maximum les temps de non-fonctionnement et d\u2019augmenter la productivit\u00e9.<\/p>\n<blockquote><p>L\u2019utilisation de composants d\u2019entra\u00eenement LinMot permet de r\u00e9pondre efficacement \u00e0 ces besoins.<\/p><\/blockquote>\n<p>Les moteurs lin\u00e9aires LinMot sont caract\u00e9ris\u00e9s par des mouvements tr\u00e8s dynamiques et une forte r\u00e9sistance \u00e0 l\u2019environnement. De plus, ils ne sont pas constitu\u00e9s de composants sujets \u00e0 l\u2019usure et garantissent en cons\u00e9quence une longue dur\u00e9e de fonctionnement. Les machines \u00e0 tisser modernes b\u00e9n\u00e9ficient de ces avantages depuis des ann\u00e9es. Dans ces machines, les moteurs sont utilis\u00e9s, par exemple, pour guider et positionner des fils suppl\u00e9mentaires. En particulier, lorsqu\u2019il s\u2019agit de tisser, les solutions propos\u00e9es par LinMot sont particuli\u00e8rement performantes. Pour un bobinage pr\u00e9cis du fil textile, les ing\u00e9nieurs pr\u00e9f\u00e8rent utiliser des moteurs lin\u00e9aires. A cet effet, LinMot a con\u00e7u un bloc fonctionnel d\u00e9di\u00e9 qui commande l\u2019int\u00e9gralit\u00e9 du processus de trancanage et qui peut \u00eatre facilement d\u00e9marr\u00e9 par le PLC.<\/p>\n<p>Au vu de l\u2019\u00e9volution continue des moteurs lin\u00e9aires, de nouvelles applications appara\u00eetront dans le futur, dans l\u2019industrie textile.<\/p>\n","protected":false},"excerpt":{"rendered":"<p>Comment LinMot r\u00e9pond aux exigences \u00e9lev\u00e9es de l&rsquo;industrie textile avec sa technique d&rsquo;entra\u00eenement. Les exigences auxquelles doivent r\u00e9pondre aujourd\u2019hui les machines demand\u00e9es par l\u2019industrie textile sont multiples : utilisation des mat\u00e9riaux plus flexible et optimis\u00e9e, large gamme de patrons, qualit\u00e9 de fabrication irr\u00e9prochable. L\u2019industrie textile exige aussi de minimiser au maximum les temps de non-fonctionnement [&hellip;]<\/p>\n","protected":false},"author":1,"featured_media":0,"parent":8,"menu_order":133,"comment_status":"closed","ping_status":"closed","template":"","meta":{"_acf_changed":false,"footnotes":""},"class_list":["post-56","page","type-page","status-publish","hentry"],"acf":[],"yoast_head":"<!-- This site is optimized with the Yoast SEO Premium plugin v20.9 (Yoast SEO v27.4) - https:\/\/yoast.com\/product\/yoast-seo-premium-wordpress\/ -->\n<title>Textile - Tissage de broderie, pose de fils suppl\u00e9mentaires, bobinage<\/title>\n<meta name=\"description\" content=\"LinMot excelle dans l&#039;industrie textile avec des mouvements tr\u00e8s dynamiques et une grande fiabilit\u00e9 dans des environnements poussi\u00e9reux et sales.\" \/>\n<meta name=\"robots\" content=\"index, follow, max-snippet:-1, max-image-preview:large, max-video-preview:-1\" \/>\n<link rel=\"canonical\" href=\"https:\/\/linmot.com\/fr\/solutions-industrielles\/machines-textiles\/\" \/>\n<meta property=\"og:locale\" content=\"fr_FR\" \/>\n<meta property=\"og:type\" content=\"article\" \/>\n<meta property=\"og:title\" content=\"Textile - Tissage de broderie, pose de fils suppl\u00e9mentaires, bobinage\" \/>\n<meta property=\"og:description\" content=\"LinMot excelle dans l&#039;industrie textile avec des mouvements tr\u00e8s dynamiques et une grande fiabilit\u00e9 dans des environnements poussi\u00e9reux et sales.\" \/>\n<meta property=\"og:url\" content=\"https:\/\/linmot.com\/fr\/solutions-industrielles\/machines-textiles\/\" \/>\n<meta property=\"og:site_name\" content=\"LinMot &amp; MagSpring - Fran\u00e7ais\" \/>\n<meta property=\"article:modified_time\" content=\"2023-05-10T14:41:41+00:00\" \/>\n<meta property=\"og:image\" content=\"https:\/\/linmot.com\/fr\/wp-content\/uploads\/sites\/3\/2017\/10\/LinMot-Solutions-Textile-Machines-Industry-1.jpg\" \/>\n<meta name=\"twitter:card\" content=\"summary_large_image\" \/>\n<meta name=\"twitter:title\" content=\"Textile - Tissage de broderie, pose de fils suppl\u00e9mentaires, bobinage\" \/>\n<meta name=\"twitter:description\" content=\"LinMot excelle dans l&#039;industrie textile avec des mouvements tr\u00e8s dynamiques et une grande fiabilit\u00e9 dans des environnements poussi\u00e9reux et sales.\" \/>\n<meta name=\"twitter:label1\" content=\"Dur\u00e9e de lecture estim\u00e9e\" \/>\n\t<meta name=\"twitter:data1\" content=\"2 minutes\" \/>\n<script type=\"application\/ld+json\" class=\"yoast-schema-graph\">{\"@context\":\"https:\\\/\\\/schema.org\",\"@graph\":[{\"@type\":\"WebPage\",\"@id\":\"https:\\\/\\\/linmot.com\\\/fr\\\/solutions-industrielles\\\/machines-textiles\\\/\",\"url\":\"https:\\\/\\\/linmot.com\\\/fr\\\/solutions-industrielles\\\/machines-textiles\\\/\",\"name\":\"Textile - Tissage de broderie, pose de fils suppl\u00e9mentaires, bobinage\",\"isPartOf\":{\"@id\":\"https:\\\/\\\/linmot.com\\\/fr\\\/#website\"},\"primaryImageOfPage\":{\"@id\":\"https:\\\/\\\/linmot.com\\\/fr\\\/solutions-industrielles\\\/machines-textiles\\\/#primaryimage\"},\"image\":{\"@id\":\"https:\\\/\\\/linmot.com\\\/fr\\\/solutions-industrielles\\\/machines-textiles\\\/#primaryimage\"},\"thumbnailUrl\":\"https:\\\/\\\/linmot.com\\\/fr\\\/wp-content\\\/uploads\\\/sites\\\/3\\\/2017\\\/10\\\/LinMot-Solutions-Textile-Machines-Industry-1.jpg\",\"datePublished\":\"2017-10-20T21:34:34+00:00\",\"dateModified\":\"2023-05-10T14:41:41+00:00\",\"description\":\"LinMot excelle dans l'industrie textile avec des mouvements tr\u00e8s dynamiques et une grande fiabilit\u00e9 dans des environnements poussi\u00e9reux et sales.\",\"breadcrumb\":{\"@id\":\"https:\\\/\\\/linmot.com\\\/fr\\\/solutions-industrielles\\\/machines-textiles\\\/#breadcrumb\"},\"inLanguage\":\"fr-FR\",\"potentialAction\":[{\"@type\":\"ReadAction\",\"target\":[\"https:\\\/\\\/linmot.com\\\/fr\\\/solutions-industrielles\\\/machines-textiles\\\/\"]}]},{\"@type\":\"ImageObject\",\"inLanguage\":\"fr-FR\",\"@id\":\"https:\\\/\\\/linmot.com\\\/fr\\\/solutions-industrielles\\\/machines-textiles\\\/#primaryimage\",\"url\":\"https:\\\/\\\/linmot.com\\\/fr\\\/wp-content\\\/uploads\\\/sites\\\/3\\\/2017\\\/10\\\/LinMot-Solutions-Textile-Machines-Industry-1.jpg\",\"contentUrl\":\"https:\\\/\\\/linmot.com\\\/fr\\\/wp-content\\\/uploads\\\/sites\\\/3\\\/2017\\\/10\\\/LinMot-Solutions-Textile-Machines-Industry-1.jpg\",\"width\":940,\"height\":300,\"caption\":\"\"},{\"@type\":\"BreadcrumbList\",\"@id\":\"https:\\\/\\\/linmot.com\\\/fr\\\/solutions-industrielles\\\/machines-textiles\\\/#breadcrumb\",\"itemListElement\":[{\"@type\":\"ListItem\",\"position\":1,\"name\":\"Home\",\"item\":\"https:\\\/\\\/linmot.com\\\/fr\\\/\"},{\"@type\":\"ListItem\",\"position\":2,\"name\":\"Solutions industrielles\",\"item\":\"https:\\\/\\\/linmot.com\\\/fr\\\/solutions-industrielles\\\/\"},{\"@type\":\"ListItem\",\"position\":3,\"name\":\"Machines textiles\"}]},{\"@type\":\"WebSite\",\"@id\":\"https:\\\/\\\/linmot.com\\\/fr\\\/#website\",\"url\":\"https:\\\/\\\/linmot.com\\\/fr\\\/\",\"name\":\"LinMot &amp; MagSpring - Fran\u00e7ais\",\"description\":\"Moteurs lin\u00e9aires et des syst\u00e8mes de moteurs lin\u00e9aires de haute qualit\u00e9\",\"publisher\":{\"@id\":\"https:\\\/\\\/linmot.com\\\/fr\\\/#organization\"},\"potentialAction\":[{\"@type\":\"SearchAction\",\"target\":{\"@type\":\"EntryPoint\",\"urlTemplate\":\"https:\\\/\\\/linmot.com\\\/fr\\\/?s={search_term_string}\"},\"query-input\":{\"@type\":\"PropertyValueSpecification\",\"valueRequired\":true,\"valueName\":\"search_term_string\"}}],\"inLanguage\":\"fr-FR\"},{\"@type\":\"Organization\",\"@id\":\"https:\\\/\\\/linmot.com\\\/fr\\\/#organization\",\"name\":\"NTI AG - LinMot & MagSpring\",\"url\":\"https:\\\/\\\/linmot.com\\\/fr\\\/\",\"logo\":{\"@type\":\"ImageObject\",\"inLanguage\":\"fr-FR\",\"@id\":\"https:\\\/\\\/linmot.com\\\/fr\\\/#\\\/schema\\\/logo\\\/image\\\/\",\"url\":\"https:\\\/\\\/linmot.com\\\/fr\\\/wp-content\\\/uploads\\\/sites\\\/3\\\/2022\\\/05\\\/linmot-social-share-logo.jpg\",\"contentUrl\":\"https:\\\/\\\/linmot.com\\\/fr\\\/wp-content\\\/uploads\\\/sites\\\/3\\\/2022\\\/05\\\/linmot-social-share-logo.jpg\",\"width\":800,\"height\":500,\"caption\":\"NTI AG - LinMot & MagSpring\"},\"image\":{\"@id\":\"https:\\\/\\\/linmot.com\\\/fr\\\/#\\\/schema\\\/logo\\\/image\\\/\"},\"sameAs\":[\"https:\\\/\\\/www.linkedin.com\\\/company\\\/nti-ag-linmot-magspring\",\"https:\\\/\\\/www.youtube.com\\\/user\\\/LinMotEurope\"]}]}<\/script>\n<!-- \/ Yoast SEO Premium plugin. -->","yoast_head_json":{"title":"Textile - Tissage de broderie, pose de fils suppl\u00e9mentaires, bobinage","description":"LinMot excelle dans l'industrie textile avec des mouvements tr\u00e8s dynamiques et une grande fiabilit\u00e9 dans des environnements poussi\u00e9reux et sales.","robots":{"index":"index","follow":"follow","max-snippet":"max-snippet:-1","max-image-preview":"max-image-preview:large","max-video-preview":"max-video-preview:-1"},"canonical":"https:\/\/linmot.com\/fr\/solutions-industrielles\/machines-textiles\/","og_locale":"fr_FR","og_type":"article","og_title":"Textile - Tissage de broderie, pose de fils suppl\u00e9mentaires, bobinage","og_description":"LinMot excelle dans l'industrie textile avec des mouvements tr\u00e8s dynamiques et une grande fiabilit\u00e9 dans des environnements poussi\u00e9reux et sales.","og_url":"https:\/\/linmot.com\/fr\/solutions-industrielles\/machines-textiles\/","og_site_name":"LinMot &amp; MagSpring - Fran\u00e7ais","article_modified_time":"2023-05-10T14:41:41+00:00","og_image":[{"url":"https:\/\/linmot.com\/fr\/wp-content\/uploads\/sites\/3\/2017\/10\/LinMot-Solutions-Textile-Machines-Industry-1.jpg","type":"","width":"","height":""}],"twitter_card":"summary_large_image","twitter_title":"Textile - Tissage de broderie, pose de fils suppl\u00e9mentaires, bobinage","twitter_description":"LinMot excelle dans l'industrie textile avec des mouvements tr\u00e8s dynamiques et une grande fiabilit\u00e9 dans des environnements poussi\u00e9reux et sales.","twitter_misc":{"Dur\u00e9e de lecture estim\u00e9e":"2 minutes"},"schema":{"@context":"https:\/\/schema.org","@graph":[{"@type":"WebPage","@id":"https:\/\/linmot.com\/fr\/solutions-industrielles\/machines-textiles\/","url":"https:\/\/linmot.com\/fr\/solutions-industrielles\/machines-textiles\/","name":"Textile - Tissage de broderie, pose de fils suppl\u00e9mentaires, bobinage","isPartOf":{"@id":"https:\/\/linmot.com\/fr\/#website"},"primaryImageOfPage":{"@id":"https:\/\/linmot.com\/fr\/solutions-industrielles\/machines-textiles\/#primaryimage"},"image":{"@id":"https:\/\/linmot.com\/fr\/solutions-industrielles\/machines-textiles\/#primaryimage"},"thumbnailUrl":"https:\/\/linmot.com\/fr\/wp-content\/uploads\/sites\/3\/2017\/10\/LinMot-Solutions-Textile-Machines-Industry-1.jpg","datePublished":"2017-10-20T21:34:34+00:00","dateModified":"2023-05-10T14:41:41+00:00","description":"LinMot excelle dans l'industrie textile avec des mouvements tr\u00e8s dynamiques et une grande fiabilit\u00e9 dans des environnements poussi\u00e9reux et sales.","breadcrumb":{"@id":"https:\/\/linmot.com\/fr\/solutions-industrielles\/machines-textiles\/#breadcrumb"},"inLanguage":"fr-FR","potentialAction":[{"@type":"ReadAction","target":["https:\/\/linmot.com\/fr\/solutions-industrielles\/machines-textiles\/"]}]},{"@type":"ImageObject","inLanguage":"fr-FR","@id":"https:\/\/linmot.com\/fr\/solutions-industrielles\/machines-textiles\/#primaryimage","url":"https:\/\/linmot.com\/fr\/wp-content\/uploads\/sites\/3\/2017\/10\/LinMot-Solutions-Textile-Machines-Industry-1.jpg","contentUrl":"https:\/\/linmot.com\/fr\/wp-content\/uploads\/sites\/3\/2017\/10\/LinMot-Solutions-Textile-Machines-Industry-1.jpg","width":940,"height":300,"caption":""},{"@type":"BreadcrumbList","@id":"https:\/\/linmot.com\/fr\/solutions-industrielles\/machines-textiles\/#breadcrumb","itemListElement":[{"@type":"ListItem","position":1,"name":"Home","item":"https:\/\/linmot.com\/fr\/"},{"@type":"ListItem","position":2,"name":"Solutions industrielles","item":"https:\/\/linmot.com\/fr\/solutions-industrielles\/"},{"@type":"ListItem","position":3,"name":"Machines textiles"}]},{"@type":"WebSite","@id":"https:\/\/linmot.com\/fr\/#website","url":"https:\/\/linmot.com\/fr\/","name":"LinMot &amp; MagSpring - Fran\u00e7ais","description":"Moteurs lin\u00e9aires et des syst\u00e8mes de moteurs lin\u00e9aires de haute qualit\u00e9","publisher":{"@id":"https:\/\/linmot.com\/fr\/#organization"},"potentialAction":[{"@type":"SearchAction","target":{"@type":"EntryPoint","urlTemplate":"https:\/\/linmot.com\/fr\/?s={search_term_string}"},"query-input":{"@type":"PropertyValueSpecification","valueRequired":true,"valueName":"search_term_string"}}],"inLanguage":"fr-FR"},{"@type":"Organization","@id":"https:\/\/linmot.com\/fr\/#organization","name":"NTI AG - LinMot & MagSpring","url":"https:\/\/linmot.com\/fr\/","logo":{"@type":"ImageObject","inLanguage":"fr-FR","@id":"https:\/\/linmot.com\/fr\/#\/schema\/logo\/image\/","url":"https:\/\/linmot.com\/fr\/wp-content\/uploads\/sites\/3\/2022\/05\/linmot-social-share-logo.jpg","contentUrl":"https:\/\/linmot.com\/fr\/wp-content\/uploads\/sites\/3\/2022\/05\/linmot-social-share-logo.jpg","width":800,"height":500,"caption":"NTI AG - LinMot & MagSpring"},"image":{"@id":"https:\/\/linmot.com\/fr\/#\/schema\/logo\/image\/"},"sameAs":["https:\/\/www.linkedin.com\/company\/nti-ag-linmot-magspring","https:\/\/www.youtube.com\/user\/LinMotEurope"]}]}},"_links":{"self":[{"href":"https:\/\/linmot.com\/fr\/wp-json\/wp\/v2\/pages\/56","targetHints":{"allow":["GET"]}}],"collection":[{"href":"https:\/\/linmot.com\/fr\/wp-json\/wp\/v2\/pages"}],"about":[{"href":"https:\/\/linmot.com\/fr\/wp-json\/wp\/v2\/types\/page"}],"author":[{"embeddable":true,"href":"https:\/\/linmot.com\/fr\/wp-json\/wp\/v2\/users\/1"}],"replies":[{"embeddable":true,"href":"https:\/\/linmot.com\/fr\/wp-json\/wp\/v2\/comments?post=56"}],"version-history":[{"count":8,"href":"https:\/\/linmot.com\/fr\/wp-json\/wp\/v2\/pages\/56\/revisions"}],"predecessor-version":[{"id":2551,"href":"https:\/\/linmot.com\/fr\/wp-json\/wp\/v2\/pages\/56\/revisions\/2551"}],"up":[{"embeddable":true,"href":"https:\/\/linmot.com\/fr\/wp-json\/wp\/v2\/pages\/8"}],"wp:attachment":[{"href":"https:\/\/linmot.com\/fr\/wp-json\/wp\/v2\/media?parent=56"}],"curies":[{"name":"wp","href":"https:\/\/api.w.org\/{rel}","templated":true}]}}