{"id":559,"date":"2018-05-15T19:20:40","date_gmt":"2018-05-15T17:20:40","guid":{"rendered":"https:\/\/linmot.com\/?page_id=559"},"modified":"2023-05-17T09:25:04","modified_gmt":"2023-05-17T07:25:04","slug":"glossaire","status":"publish","type":"page","link":"https:\/\/linmot.com\/fr\/support\/glossaire\/","title":{"rendered":"Glossaire"},"content":{"rendered":"<div class=\"row\">\n<div class=\"col-md-4\">\n<h4>Longueur active du stator<\/h4>\n<p>Longueur de l&rsquo;enroulement du moteur \u00e9lectrique dans le stator du moteur lin\u00e9aire.<br \/>\n<\/div>\n<div class=\"col-md-4\">\n<h4>Constante de force<\/h4>\n<p>La constante de force d\u00e9crit la relation entre le courant de phase et la force lib\u00e9r\u00e9e dans la plage de course standard.<br \/>\n<\/div>\n<div class=\"col-md-4\">\n<h4>Lin\u00e9arit\u00e9<\/h4>\n<p>Erreur de lin\u00e9arit\u00e9 maximale de l&rsquo;entra\u00eenement par rapport \u00e0 la course maximale du moteur lin\u00e9aire lorsqu&rsquo;il est command\u00e9 par un servo-entra\u00eenement LinMot.<br \/>\n<\/div>\n<\/div>\n<div class=\"row\">\n<div class=\"col-md-4\">\n<h4>Lin\u00e9arit\u00e9 ES<\/h4>\n<p>Erreur de lin\u00e9arit\u00e9 maximale lors du positionnement du moteur lin\u00e9aire avec un servo-entra\u00eenement LinMot et un syst\u00e8me de capteur de position externe disponible en option chez LinMot.<br \/>\n<\/div>\n<div class=\"col-md-4\">\n<h4>P\u00e9riode magn\u00e9tique<\/h4>\n<p>La distance entre le p\u00f4le Nord et le p\u00f4le Nord est produite par des aimants dans le curseur. L&rsquo;enroulement du stator et les capteurs de position d&rsquo;un stator correspondant sont bas\u00e9s sur cette dur\u00e9e de p\u00e9riode.<br \/>\n<\/div>\n<div class=\"col-md-4\">\n<h4>Longueur du curseur magn\u00e9tique<\/h4>\n<p>La longueur du curseur magn\u00e9tique est la longueur de la colonne magn\u00e9tique dans le curseur.<br \/>\n<\/div>\n<\/div>\n<div class=\"row\">\n<div class=\"col-md-4\">\n<h4>Force maximale \u00e0 la fronti\u00e8re relative<\/h4>\n<p>Force maximale appliqu\u00e9e par le moteur aux extr\u00e9mit\u00e9s de la course \u00e9tendue par rapport \u00e0 la force dans la plage de la course standard.<br \/>\n<\/div>\n<div class=\"col-md-4\">\n<h4>Cont. max. actuel [Refroidissement passif \/ Ventilateur \/ Fluide]<\/h4>\n<p>Valeurs maximales de courant continu du moteur lin\u00e9aire pour diff\u00e9rentes variantes de refroidissement \u00e0 une temp\u00e9rature du fluide de refroidissement de 25\u00b0C sans d\u00e9passer la temp\u00e9rature maximale du bobinage.<br \/>\n<\/div>\n<div class=\"col-md-4\">\n<h4>Force de cont. max. [Refroidissement passif \/ Ventilateur \/ Fluide]<\/h4>\n<p>Force maximale que le moteur lin\u00e9aire peut appliquer en continu \u00e0 une temp\u00e9rature de liquide de refroidissement de 25\u00b0C et diff\u00e9rentes variantes de refroidissement sans d\u00e9passer la temp\u00e9rature maximale du bobinage.<br \/>\n<\/div>\n<\/div>\n<div class=\"row\">\n<div class=\"col-md-4\">\n<h4>Courant maximal @ 1x230VAC<\/h4>\n<p>Courant de phase maximal admissible (Ipeak) \u00e0 une tension d&rsquo;alimentation de 1x230VAC.<br \/>\n<\/div>\n<div class=\"col-md-4\">\n<h4>Courant maximal @ 3x400VAC<\/h4>\n<p>Courant de phase maximal admissible (Ipeak) \u00e0 une tension d&rsquo;alimentation de 3x400VAC.<br \/>\n<\/div>\n<div class=\"col-md-4\">\n<h4>Courant max. \u00e0 48VDC<\/h4>\n<p>Courant de phase maximal admissible (Ipeak) \u00e0 une tension d&rsquo;alimentation de 48VDC.<br \/>\n<\/div>\n<\/div>\n<div class=\"row\">\n<div class=\"col-md-4\">\n<h4>Courant max. \u00e0 72VDC<\/h4>\n<p>Courant de phase maximal admissible (Ipeak) \u00e0 une tension d&rsquo;alimentation de 72VDC.<br \/>\n<\/div>\n<div class=\"col-md-4\">\n<h4>Force maximale @ 1x230VAC<\/h4>\n<p>Force maximale du moteur lin\u00e9aire lorsqu&rsquo;il est command\u00e9 par un LinMot Servo Drive \u00e0 une tension d&rsquo;alimentation de 1x230VAC.<br \/>\n<\/div>\n<div class=\"col-md-4\">\n<h4>Force maximale @ 3x400VAC<\/h4>\n<p>Force maximale du moteur lin\u00e9aire lorsqu&rsquo;il est command\u00e9 par un LinMot Servo Drive \u00e0 une tension d&rsquo;alimentation de 3x400VAC.<br \/>\n<\/div>\n<\/div>\n<div class=\"row\">\n<div class=\"col-md-4\">\n<h4>Force maximale @ 48VDC<\/h4>\n<p>Force maximale du moteur lin\u00e9aire lorsqu&rsquo;il est command\u00e9 avec un LinMot Servo Drive \u00e0 une tension d&rsquo;alimentation de 48VDC.<br \/>\n<\/div>\n<div class=\"col-md-4\">\n<h4>Force maximale @ 72VDC<\/h4>\n<p>Force maximale du moteur lin\u00e9aire lorsqu&rsquo;il est command\u00e9 avec un LinMot Servo Drive \u00e0 une tension d&rsquo;alimentation de 72VDC.<br \/>\n<\/div>\n<div class=\"col-md-4\">\n<h4>Course max. \/ Course \u00e9tendue (ES)<\/h4>\n<p>Distance maximale de d\u00e9placement du moteur lin\u00e9aire.<br \/>\n<\/div>\n<\/div>\n<div class=\"row\">\n<div class=\"col-md-4\">\n<h4>Vitesse maximale @ 1x230VAC<\/h4>\n<p>Vitesse maximale du moteur lin\u00e9aire lorsqu&rsquo;il est command\u00e9 par un LinMot Servo Drive \u00e0 une tension d&rsquo;alimentation de 1x230VAC.<br \/>\n<\/div>\n<div class=\"col-md-4\">\n<h4>Vitesse maximale @ 3x400VAC<\/h4>\n<p>Vitesse maximale du moteur lin\u00e9aire lorsqu&rsquo;il est command\u00e9 par un LinMot Servo Drive \u00e0 une tension d&rsquo;alimentation de 3x400VAC.<br \/>\n<\/div>\n<div class=\"col-md-4\">\n<h4>Vitesse maximale @ 48VDC<\/h4>\n<p>Vitesse maximale du moteur lin\u00e9aire lorsqu&rsquo;il est command\u00e9 par un LinMot Servo Drive \u00e0 une tension d&rsquo;alimentation de 48VDC.<br \/>\n<\/div>\n<\/div>\n<div class=\"row\">\n<div class=\"col-md-4\">\n<h4>Vitesse maximale @ 72VDC<\/h4>\n<p>Vitesse maximale du moteur lin\u00e9aire lorsqu&rsquo;il est command\u00e9 par un LinMot Servo Drive \u00e0 une tension d&rsquo;alimentation de 72VDC.<br \/>\n<\/div>\n<div class=\"col-md-4\">\n<h4>Temp\u00e9rature maximale d&rsquo;enroulement<\/h4>\n<p>Temp\u00e9rature maximale admissible pour le bobinage. Lorsque cette temp\u00e9rature est atteinte, le moteur d&rsquo;entra\u00eenement doit \u00eatre coup\u00e9 pour \u00e9viter qu&rsquo;il ne soit endommag\u00e9 par une surchauffe.<br \/>\n<\/div>\n<div class=\"col-md-4\">\n<h4>Moment d&rsquo;inertie (rotative)<\/h4>\n<p>Moment d&rsquo;inertie de la masse du curseur en rotation d&rsquo;un moteur.<br \/>\n<\/div>\n<\/div>\n<div class=\"row\">\n<div class=\"col-md-4\">\n<h4>Type de moteur FC<\/h4>\n<p>Stators de moteurs lin\u00e9aires refroidis par liquide avec serpentin de refroidissement int\u00e9gr\u00e9 pour le fluide de refroidissement. Ces moteurs ont une plage de puissance beaucoup plus \u00e9lev\u00e9e que les moteurs refroidis normalement.<br \/>\n<\/div>\n<div class=\"col-md-4\">\n<h4>Type de moteur HP<\/h4>\n<p>Des moteurs lin\u00e9aires \u00e0 haute performance, de dimensions identiques et d&rsquo;une densit\u00e9 de puissance presque deux fois sup\u00e9rieure \u00e0 celle des moteurs standard.<br \/>\n<\/div>\n<div class=\"col-md-4\">\n<h4>Type de moteur LC<\/h4>\n<p>Nouvelle s\u00e9rie de moteurs standard, compatibles avec les moteurs standard pr\u00e9c\u00e9dents.<br \/>\n<\/div>\n<\/div>\n<div class=\"row\">\n<div class=\"col-md-4\">\n<h4>Pas de poteau<\/h4>\n<p>Distance du p\u00f4le Nord au p\u00f4le Sud produite par des aimants dans le curseur.<br \/>\n<\/div>\n<div class=\"col-md-4\">\n<h4>R\u00e9solution de position<\/h4>\n<p>La plus petite d\u00e9viation entre la position r\u00e9elle et la position de consigne d\u00e9tect\u00e9e par le LinMot Servo Drive lors de l&rsquo;utilisation du capteur de position interne du moteur lin\u00e9aire.<br \/>\n<\/div>\n<div class=\"col-md-4\">\n<h4>R\u00e9solution de position ES<\/h4>\n<p>La plus petite d\u00e9viation entre la position r\u00e9elle et la position cible d\u00e9tect\u00e9e par le LinMot Servo Drive lors de l&rsquo;utilisation du capteur lin\u00e9aire externe propos\u00e9 par LinMot comme accessoire.<br \/>\n<\/div>\n<\/div>\n<div class=\"row\">\n<div class=\"col-md-4\">\n<h4>R\u00e9p\u00e9tabilit\u00e9<\/h4>\n<p>D\u00e9viation maximale de la position atteinte en cas d&rsquo;approche r\u00e9p\u00e9t\u00e9e de la m\u00eame position dans des conditions identiques. R\u00e9p\u00e9tabilit\u00e9 des axes de rotation des moteurs lin\u00e9aires dans les processus de fermeture.<br \/>\n<\/div>\n<div class=\"col-md-4\">\n<h4>R\u00e9p\u00e9tabilit\u00e9 ES<\/h4>\n<p>D\u00e9viation maximale de la position atteinte en cas d&rsquo;approche r\u00e9p\u00e9t\u00e9e \u00e0 la m\u00eame position dans des conditions identiques avec des capteurs de position externes.<br \/>\n<\/div>\n<div class=\"col-md-4\">\n<h4>Slider<\/h4>\n<p>Le curseur est la partie du moteur en forme de tige qui est pouss\u00e9e dans le stator. Le coulisseau est constitu\u00e9 d&rsquo;un tube en acier inoxydable \u00e0 paroi mince dans lequel sont log\u00e9s les aimants du moteur (aimants permanents).<br \/>\n<\/div>\n<\/div>\n<div class=\"row\">\n<div class=\"col-md-4\">\n<h4>Diam\u00e8tre du glisseur<\/h4>\n<p>Diam\u00e8tre ext\u00e9rieur du curseur du moteur lin\u00e9aire.<br \/>\n<\/div>\n<div class=\"col-md-4\">\n<h4>Slider mass<\/h4>\n<p>Weight of the slider.<br \/>\n<\/div>\n<div class=\"col-md-4\">\n<h4>Couple de d\u00e9crochage<\/h4>\n<p>Le couple que le moteur rotatif peut appliquer en permanence \u00e0 l&rsquo;arr\u00eat.<br \/>\n<\/div>\n<\/div>\n<div class=\"row\">\n<div class=\"col-md-4\">\n<h4>AVC standard (SS)<\/h4>\n<p>Plage de course dans laquelle le moteur lin\u00e9aire d\u00e9veloppe sa plus grande force, puisque tous les enroulements du stator (plage active) se trouvent dans le champ magn\u00e9tique du curseur. La force dans la plage de course standard est constante.<br \/>\n<\/div>\n<div class=\"col-md-4\">\n<h4>Stator<\/h4>\n<p>Le stator est la partie moteur du moteur lin\u00e9aire dans laquelle sont int\u00e9gr\u00e9s les enroulements du moteur, les capteurs de position, la surveillance de la temp\u00e9rature et la plaque signal\u00e9tique \u00e9lectronique.<br \/>\n<\/div>\n<div class=\"col-md-4\">\n<h4>Conception du stator S<\/h4>\n<p>Moteurs lin\u00e9aires de construction particuli\u00e8rement compacte et courte. Dans la d\u00e9signation de type reconnaissable par un S (court) apr\u00e8s le diam\u00e8tre du stator.<br \/>\n<\/div>\n<\/div>\n<div class=\"row\">\n<div class=\"col-md-4\">\n<h4>Diam\u00e8tre du glisseur<\/h4>\n<p>Diam\u00e8tre ext\u00e9rieur du curseur du moteur lin\u00e9aire.<br \/>\n<\/div>\n<div class=\"col-md-4\">\n<h4>Longueur du stator [Type de connecteur \/ Type de c\u00e2ble]<\/h4>\n<p>La longueur du stator ne tient pas compte du c\u00e2ble du moteur, du rayon de courbure minimum pour les types de c\u00e2ble ou du connecteur pour les types de connecteur.<br \/>\n<\/div>\n<div class=\"col-md-4\">\n<h4>Masse de l&rsquo;\u00c9tat<\/h4>\n<p>Masse du stator (sans glissi\u00e8re).<br \/>\n<\/div>\n<\/div>\n<div class=\"row\">\n<div class=\"col-md-4\">\n<h4>Inductivit\u00e9 terminale<\/h4>\n<p>Inductance efficace entre deux connexions de bobinage de moteur.<br \/>\n<\/div>\n<div class=\"col-md-4\">\n<h4>R\u00e9sistance terminale 25\/Tmax \u00b0C<\/h4>\n<p>R\u00e9sistance ohmique efficace entre deux connexions d&rsquo;enroulement de moteur \u00e0 une temp\u00e9rature d&rsquo;enroulement appropri\u00e9e.<br \/>\n<\/div>\n<div class=\"col-md-4\">\n<h4>R\u00e9sistance thermique [Refroidissement passif \/ Ventilateur \/ Fluide]<\/h4>\n<p>R\u00e9sistance thermique entre l&rsquo;enroulement du stator et le fluide de refroidissement du type correspondant. D\u00e9termine l&rsquo;\u00e9chauffement maximal pour une perte de puissance donn\u00e9e.<br \/>\n<\/div>\n<\/div>\n<div class=\"row\">\n<div class=\"col-md-4\">\n<h4>Constante de temps thermique [Refroidissement passif \/ Ventilateur \/ Fluide]<\/h4>\n<p>D\u00e9crit le temps de r\u00e9action typique pour un changement de temp\u00e9rature du stator avec un mode de refroidissement appropri\u00e9.<br \/>\n<\/div>\n<div class=\"col-md-4\">\n<h4>Type d&rsquo;enroulement dans les moteurs P10<\/h4>\n<p>M, U, W : Selon le type de bobinage, on obtient, pour une famille de moteurs donn\u00e9e, des valeurs de courant de phase, des constantes de force et de tension diff\u00e9rentes ainsi que des valeurs de vitesse maximale (avec une tension de liaison CC donn\u00e9e).<br \/>\n<\/div>\n<div class=\"col-md-4\">\n<h4>Type de bobinage dans les moteurs standard P01<\/h4>\n<p>E, F, H : Selon le type de bobinage, on obtient, pour une famille de moteurs donn\u00e9e, des valeurs de courant de phase, des constantes de force et de tension diff\u00e9rentes ainsi que des valeurs de vitesse maximale (avec une tension de liaison CC donn\u00e9e).<br \/>\n<\/div>\n<\/div>\n","protected":false},"excerpt":{"rendered":"","protected":false},"author":1,"featured_media":0,"parent":251,"menu_order":81,"comment_status":"closed","ping_status":"closed","template":"","meta":{"_acf_changed":false,"footnotes":""},"class_list":["post-559","page","type-page","status-publish","hentry"],"acf":[],"yoast_head":"<!-- This site is optimized with the Yoast SEO Premium plugin v20.9 (Yoast SEO v27.4) - https:\/\/yoast.com\/product\/yoast-seo-premium-wordpress\/ -->\n<title>Glossaire - Notre lexique pour votre compr\u00e9hension | LinMot<\/title>\n<meta name=\"description\" content=\"Le glossaire contient de nombreuses explications des termes utilis\u00e9s sur le site web, les brochures et les fiches techniques.\" \/>\n<meta name=\"robots\" content=\"index, follow, max-snippet:-1, max-image-preview:large, max-video-preview:-1\" \/>\n<link rel=\"canonical\" href=\"https:\/\/linmot.com\/fr\/support\/glossaire\/\" \/>\n<meta property=\"og:locale\" content=\"fr_FR\" \/>\n<meta property=\"og:type\" content=\"article\" \/>\n<meta property=\"og:title\" content=\"Glossaire\" \/>\n<meta property=\"og:description\" content=\"Le glossaire contient de nombreuses explications des termes utilis\u00e9s sur le site web, les brochures et les fiches techniques.\" \/>\n<meta property=\"og:url\" content=\"https:\/\/linmot.com\/fr\/support\/glossaire\/\" \/>\n<meta property=\"og:site_name\" content=\"LinMot &amp; MagSpring - Fran\u00e7ais\" \/>\n<meta property=\"article:modified_time\" content=\"2023-05-17T07:25:04+00:00\" \/>\n<meta property=\"og:image\" content=\"https:\/\/linmot.com\/fr\/wp-content\/uploads\/sites\/3\/2022\/05\/linmot-social-share-logo.jpg\" \/>\n\t<meta property=\"og:image:width\" content=\"800\" \/>\n\t<meta property=\"og:image:height\" content=\"500\" \/>\n\t<meta property=\"og:image:type\" content=\"image\/jpeg\" \/>\n<meta name=\"twitter:card\" content=\"summary_large_image\" \/>\n<meta name=\"twitter:description\" content=\"Le glossaire contient de nombreuses explications des termes utilis\u00e9s sur le site web, les brochures et les fiches techniques.\" \/>\n<meta name=\"twitter:label1\" content=\"Dur\u00e9e de lecture estim\u00e9e\" \/>\n\t<meta name=\"twitter:data1\" content=\"8 minutes\" \/>\n<script type=\"application\/ld+json\" class=\"yoast-schema-graph\">{\"@context\":\"https:\\\/\\\/schema.org\",\"@graph\":[{\"@type\":\"WebPage\",\"@id\":\"https:\\\/\\\/linmot.com\\\/fr\\\/support\\\/glossaire\\\/\",\"url\":\"https:\\\/\\\/linmot.com\\\/fr\\\/support\\\/glossaire\\\/\",\"name\":\"Glossaire - Notre lexique pour votre compr\u00e9hension | LinMot\",\"isPartOf\":{\"@id\":\"https:\\\/\\\/linmot.com\\\/fr\\\/#website\"},\"datePublished\":\"2018-05-15T17:20:40+00:00\",\"dateModified\":\"2023-05-17T07:25:04+00:00\",\"description\":\"Le glossaire contient de nombreuses explications des termes utilis\u00e9s sur le site web, les brochures et les fiches techniques.\",\"breadcrumb\":{\"@id\":\"https:\\\/\\\/linmot.com\\\/fr\\\/support\\\/glossaire\\\/#breadcrumb\"},\"inLanguage\":\"fr-FR\",\"potentialAction\":[{\"@type\":\"ReadAction\",\"target\":[\"https:\\\/\\\/linmot.com\\\/fr\\\/support\\\/glossaire\\\/\"]}]},{\"@type\":\"BreadcrumbList\",\"@id\":\"https:\\\/\\\/linmot.com\\\/fr\\\/support\\\/glossaire\\\/#breadcrumb\",\"itemListElement\":[{\"@type\":\"ListItem\",\"position\":1,\"name\":\"Home\",\"item\":\"https:\\\/\\\/linmot.com\\\/fr\\\/\"},{\"@type\":\"ListItem\",\"position\":2,\"name\":\"Support\",\"item\":\"https:\\\/\\\/linmot.com\\\/fr\\\/support\\\/\"},{\"@type\":\"ListItem\",\"position\":3,\"name\":\"Glossaire\"}]},{\"@type\":\"WebSite\",\"@id\":\"https:\\\/\\\/linmot.com\\\/fr\\\/#website\",\"url\":\"https:\\\/\\\/linmot.com\\\/fr\\\/\",\"name\":\"LinMot &amp; MagSpring - Fran\u00e7ais\",\"description\":\"Moteurs lin\u00e9aires et des syst\u00e8mes de moteurs lin\u00e9aires de haute qualit\u00e9\",\"publisher\":{\"@id\":\"https:\\\/\\\/linmot.com\\\/fr\\\/#organization\"},\"potentialAction\":[{\"@type\":\"SearchAction\",\"target\":{\"@type\":\"EntryPoint\",\"urlTemplate\":\"https:\\\/\\\/linmot.com\\\/fr\\\/?s={search_term_string}\"},\"query-input\":{\"@type\":\"PropertyValueSpecification\",\"valueRequired\":true,\"valueName\":\"search_term_string\"}}],\"inLanguage\":\"fr-FR\"},{\"@type\":\"Organization\",\"@id\":\"https:\\\/\\\/linmot.com\\\/fr\\\/#organization\",\"name\":\"NTI AG - LinMot & MagSpring\",\"url\":\"https:\\\/\\\/linmot.com\\\/fr\\\/\",\"logo\":{\"@type\":\"ImageObject\",\"inLanguage\":\"fr-FR\",\"@id\":\"https:\\\/\\\/linmot.com\\\/fr\\\/#\\\/schema\\\/logo\\\/image\\\/\",\"url\":\"https:\\\/\\\/linmot.com\\\/fr\\\/wp-content\\\/uploads\\\/sites\\\/3\\\/2022\\\/05\\\/linmot-social-share-logo.jpg\",\"contentUrl\":\"https:\\\/\\\/linmot.com\\\/fr\\\/wp-content\\\/uploads\\\/sites\\\/3\\\/2022\\\/05\\\/linmot-social-share-logo.jpg\",\"width\":800,\"height\":500,\"caption\":\"NTI AG - LinMot & MagSpring\"},\"image\":{\"@id\":\"https:\\\/\\\/linmot.com\\\/fr\\\/#\\\/schema\\\/logo\\\/image\\\/\"},\"sameAs\":[\"https:\\\/\\\/www.linkedin.com\\\/company\\\/nti-ag-linmot-magspring\",\"https:\\\/\\\/www.youtube.com\\\/user\\\/LinMotEurope\"]}]}<\/script>\n<!-- \/ Yoast SEO Premium plugin. -->","yoast_head_json":{"title":"Glossaire - Notre lexique pour votre compr\u00e9hension | LinMot","description":"Le glossaire contient de nombreuses explications des termes utilis\u00e9s sur le site web, les brochures et les fiches techniques.","robots":{"index":"index","follow":"follow","max-snippet":"max-snippet:-1","max-image-preview":"max-image-preview:large","max-video-preview":"max-video-preview:-1"},"canonical":"https:\/\/linmot.com\/fr\/support\/glossaire\/","og_locale":"fr_FR","og_type":"article","og_title":"Glossaire","og_description":"Le glossaire contient de nombreuses explications des termes utilis\u00e9s sur le site web, les brochures et les fiches techniques.","og_url":"https:\/\/linmot.com\/fr\/support\/glossaire\/","og_site_name":"LinMot &amp; MagSpring - Fran\u00e7ais","article_modified_time":"2023-05-17T07:25:04+00:00","og_image":[{"width":800,"height":500,"url":"https:\/\/linmot.com\/fr\/wp-content\/uploads\/sites\/3\/2022\/05\/linmot-social-share-logo.jpg","type":"image\/jpeg"}],"twitter_card":"summary_large_image","twitter_description":"Le glossaire contient de nombreuses explications des termes utilis\u00e9s sur le site web, les brochures et les fiches techniques.","twitter_misc":{"Dur\u00e9e de lecture estim\u00e9e":"8 minutes"},"schema":{"@context":"https:\/\/schema.org","@graph":[{"@type":"WebPage","@id":"https:\/\/linmot.com\/fr\/support\/glossaire\/","url":"https:\/\/linmot.com\/fr\/support\/glossaire\/","name":"Glossaire - Notre lexique pour votre compr\u00e9hension | LinMot","isPartOf":{"@id":"https:\/\/linmot.com\/fr\/#website"},"datePublished":"2018-05-15T17:20:40+00:00","dateModified":"2023-05-17T07:25:04+00:00","description":"Le glossaire contient de nombreuses explications des termes utilis\u00e9s sur le site web, les brochures et les fiches techniques.","breadcrumb":{"@id":"https:\/\/linmot.com\/fr\/support\/glossaire\/#breadcrumb"},"inLanguage":"fr-FR","potentialAction":[{"@type":"ReadAction","target":["https:\/\/linmot.com\/fr\/support\/glossaire\/"]}]},{"@type":"BreadcrumbList","@id":"https:\/\/linmot.com\/fr\/support\/glossaire\/#breadcrumb","itemListElement":[{"@type":"ListItem","position":1,"name":"Home","item":"https:\/\/linmot.com\/fr\/"},{"@type":"ListItem","position":2,"name":"Support","item":"https:\/\/linmot.com\/fr\/support\/"},{"@type":"ListItem","position":3,"name":"Glossaire"}]},{"@type":"WebSite","@id":"https:\/\/linmot.com\/fr\/#website","url":"https:\/\/linmot.com\/fr\/","name":"LinMot &amp; MagSpring - Fran\u00e7ais","description":"Moteurs lin\u00e9aires et des syst\u00e8mes de moteurs lin\u00e9aires de haute qualit\u00e9","publisher":{"@id":"https:\/\/linmot.com\/fr\/#organization"},"potentialAction":[{"@type":"SearchAction","target":{"@type":"EntryPoint","urlTemplate":"https:\/\/linmot.com\/fr\/?s={search_term_string}"},"query-input":{"@type":"PropertyValueSpecification","valueRequired":true,"valueName":"search_term_string"}}],"inLanguage":"fr-FR"},{"@type":"Organization","@id":"https:\/\/linmot.com\/fr\/#organization","name":"NTI AG - LinMot & MagSpring","url":"https:\/\/linmot.com\/fr\/","logo":{"@type":"ImageObject","inLanguage":"fr-FR","@id":"https:\/\/linmot.com\/fr\/#\/schema\/logo\/image\/","url":"https:\/\/linmot.com\/fr\/wp-content\/uploads\/sites\/3\/2022\/05\/linmot-social-share-logo.jpg","contentUrl":"https:\/\/linmot.com\/fr\/wp-content\/uploads\/sites\/3\/2022\/05\/linmot-social-share-logo.jpg","width":800,"height":500,"caption":"NTI AG - LinMot & MagSpring"},"image":{"@id":"https:\/\/linmot.com\/fr\/#\/schema\/logo\/image\/"},"sameAs":["https:\/\/www.linkedin.com\/company\/nti-ag-linmot-magspring","https:\/\/www.youtube.com\/user\/LinMotEurope"]}]}},"_links":{"self":[{"href":"https:\/\/linmot.com\/fr\/wp-json\/wp\/v2\/pages\/559","targetHints":{"allow":["GET"]}}],"collection":[{"href":"https:\/\/linmot.com\/fr\/wp-json\/wp\/v2\/pages"}],"about":[{"href":"https:\/\/linmot.com\/fr\/wp-json\/wp\/v2\/types\/page"}],"author":[{"embeddable":true,"href":"https:\/\/linmot.com\/fr\/wp-json\/wp\/v2\/users\/1"}],"replies":[{"embeddable":true,"href":"https:\/\/linmot.com\/fr\/wp-json\/wp\/v2\/comments?post=559"}],"version-history":[{"count":4,"href":"https:\/\/linmot.com\/fr\/wp-json\/wp\/v2\/pages\/559\/revisions"}],"predecessor-version":[{"id":2597,"href":"https:\/\/linmot.com\/fr\/wp-json\/wp\/v2\/pages\/559\/revisions\/2597"}],"up":[{"embeddable":true,"href":"https:\/\/linmot.com\/fr\/wp-json\/wp\/v2\/pages\/251"}],"wp:attachment":[{"href":"https:\/\/linmot.com\/fr\/wp-json\/wp\/v2\/media?parent=559"}],"curies":[{"name":"wp","href":"https:\/\/api.w.org\/{rel}","templated":true}]}}