{"id":54,"date":"2017-10-20T23:34:25","date_gmt":"2017-10-20T21:34:25","guid":{"rendered":"https:\/\/linmot.com\/?page_id=54"},"modified":"2023-05-10T16:55:14","modified_gmt":"2023-05-10T14:55:14","slug":"bois","status":"publish","type":"page","link":"https:\/\/linmot.com\/fr\/solutions-industrielles\/bois\/","title":{"rendered":"Bois"},"content":{"rendered":"<img loading=\"lazy\" decoding=\"async\" class=\"aligncenter size-full wp-image-199\" src=\"https:\/\/linmot.com\/fr\/wp-content\/uploads\/sites\/3\/2017\/10\/LinMot-Solutions-Wood-Processing-Industry-1.jpg\" alt=\"\" width=\"940\" height=\"300\" srcset=\"https:\/\/linmot.com\/fr\/wp-content\/uploads\/sites\/3\/2017\/10\/LinMot-Solutions-Wood-Processing-Industry-1.jpg 940w, https:\/\/linmot.com\/fr\/wp-content\/uploads\/sites\/3\/2017\/10\/LinMot-Solutions-Wood-Processing-Industry-1-300x96.jpg 300w, https:\/\/linmot.com\/fr\/wp-content\/uploads\/sites\/3\/2017\/10\/LinMot-Solutions-Wood-Processing-Industry-1-768x245.jpg 768w\" sizes=\"auto, (max-width: 940px) 100vw, 940px\" \/>\n<p>L\u2019\u00e9volution rapide des modes de vie et la situation concurrentielle obligent les fabricants de meubles \u00e0 proposer une offre de produits extr\u00eamement variable. Les petits lots de production sont devenus une exigence pour l\u2019industrie du meuble et ses fournisseurs, tout en maintenant, bien entendu, une capacit\u00e9 maximale de production d\u2019\u00e9l\u00e9ments. Maximiser la valeur ajout\u00e9e est devenu un \u00e9l\u00e9ment indispensable pour toutes les industries. Pour l\u2019industrie du bois, la meilleure exploitation possible des mat\u00e9riaux et une haute efficacit\u00e9 de production sont essentielles.<br \/>\nL\u2019utilisation de moteurs lin\u00e9aires contribue grandement \u00e0 r\u00e9pondre \u00e0 ces exigences.<\/p>\n<p>L&rsquo;utilisation de <a href=\"\/fr\/produits\/moteurs-lineaire\/\">moteurs lin\u00e9aires<\/a> r\u00e9pond grandement \u00e0 ces exigences.<\/p>\n<blockquote><p>La technologie de moteurs lin\u00e9aires assure par exemple le r\u00e9glage automatique de toutes les cotes permettant un d\u00e9bit optimal des mat\u00e9riaux.<\/p><\/blockquote>\n<p>Avec l\u2019application de \u201ccoupe \u00e0 la vol\u00e9e\u201d, le mouvement d\u2019un outil peut \u00eatre synchronis\u00e9 avec l\u2019avance du mat\u00e9riau pour r\u00e9aliser des op\u00e9rations de sciage ou de fraisage pendant qu\u2019il se d\u00e9place. Les autres t\u00e2ches aussi r\u00e9alisables sont, par exemple, le mouvement rapide de plusieurs for\u00eats, une coupe pr\u00e9cise des mat\u00e9riaux en process continu, ou l\u2019alimentation et la manutention des mat\u00e9riaux pour la machine.<\/p>\n<div class=\"row\">\n<div class=\"col-sm-4\">\n<ul>\n<li>R\u00e9glage automatique de la largeur de coupe<\/li>\n<li>D\u00e9coupe de mat\u00e9riaux en continu<\/li>\n<\/ul>\n<\/div>\n<div class=\"col-sm-4\">\n<ul>\n<li>D\u00e9placement rapide des al\u00e9seuses<\/li>\n<\/ul>\n<\/div>\n<div class=\"col-sm-4\">\n<ul>\n<li>Manipulation de mat\u00e9riel<\/li>\n<\/ul>\n<\/div>\n<\/div>\n<p>Nos moteurs de levage et de rotation permettent de percer des trous en alternative. Gr\u00e2ce aux capteurs int\u00e9gr\u00e9s, la profondeur de per\u00e7age souhait\u00e9e peut \u00eatre garantie et document\u00e9e avec pr\u00e9cision. Gr\u00e2ce \u00e0 la classe de protection IP \u00e9lev\u00e9e, les fines particules de bois n&rsquo;endommagent pas les moteurs et garantissent une longue dur\u00e9e de vie.<\/p>\n<p>En outre, des capteurs de force suppl\u00e9mentaires permettent de r\u00e9gler les processus d&rsquo;assemblage sur une fraction de la force d&rsquo;assemblage n\u00e9cessaire. Ainsi, une qualit\u00e9 constante est toujours garantie.<\/p>\n","protected":false},"excerpt":{"rendered":"<p>L\u2019\u00e9volution rapide des modes de vie et la situation concurrentielle obligent les fabricants de meubles \u00e0 proposer une offre de produits extr\u00eamement variable. Les petits lots de production sont devenus une exigence pour l\u2019industrie du meuble et ses fournisseurs, tout en maintenant, bien entendu, une capacit\u00e9 maximale de production d\u2019\u00e9l\u00e9ments. Maximiser la valeur ajout\u00e9e est [&hellip;]<\/p>\n","protected":false},"author":1,"featured_media":0,"parent":8,"menu_order":134,"comment_status":"closed","ping_status":"closed","template":"","meta":{"_acf_changed":false,"footnotes":""},"class_list":["post-54","page","type-page","status-publish","hentry"],"acf":[],"yoast_head":"<!-- This site is optimized with the Yoast SEO Premium plugin v20.9 (Yoast SEO v27.3) - https:\/\/yoast.com\/product\/yoast-seo-premium-wordpress\/ -->\n<title>Travail du bois - op\u00e9rations de sciage ou de fraisage synchronis\u00e9es<\/title>\n<meta name=\"description\" content=\"Pour les machines \u00e0 travailler le bois, une grande efficacit\u00e9, une fonctionnalit\u00e9 sans compromis, une fiabilit\u00e9 et une disponibilit\u00e9 \u00e9lev\u00e9es sont cruciales.\" \/>\n<meta name=\"robots\" content=\"index, follow, max-snippet:-1, max-image-preview:large, max-video-preview:-1\" \/>\n<link rel=\"canonical\" href=\"https:\/\/linmot.com\/fr\/solutions-industrielles\/bois\/\" \/>\n<meta property=\"og:locale\" content=\"fr_FR\" \/>\n<meta property=\"og:type\" content=\"article\" \/>\n<meta property=\"og:title\" content=\"Travail du bois - op\u00e9rations de sciage ou de fraisage synchronis\u00e9es\" \/>\n<meta property=\"og:description\" content=\"Pour les machines \u00e0 travailler le bois, une grande efficacit\u00e9, une fonctionnalit\u00e9 sans compromis, une fiabilit\u00e9 et une disponibilit\u00e9 \u00e9lev\u00e9es sont cruciales.\" \/>\n<meta property=\"og:url\" content=\"https:\/\/linmot.com\/fr\/solutions-industrielles\/bois\/\" \/>\n<meta property=\"og:site_name\" content=\"LinMot &amp; MagSpring - Fran\u00e7ais\" \/>\n<meta property=\"article:modified_time\" content=\"2023-05-10T14:55:14+00:00\" \/>\n<meta property=\"og:image\" content=\"https:\/\/linmot.com\/fr\/wp-content\/uploads\/sites\/3\/2017\/10\/LinMot-Solutions-Wood-Processing-Industry-1.jpg\" \/>\n<meta name=\"twitter:card\" content=\"summary_large_image\" \/>\n<meta name=\"twitter:title\" content=\"Travail du bois - op\u00e9rations de sciage ou de fraisage synchronis\u00e9es\" \/>\n<meta name=\"twitter:description\" content=\"Pour les machines \u00e0 travailler le bois, une grande efficacit\u00e9, une fonctionnalit\u00e9 sans compromis, une fiabilit\u00e9 et une disponibilit\u00e9 \u00e9lev\u00e9es sont cruciales.\" \/>\n<meta name=\"twitter:label1\" content=\"Dur\u00e9e de lecture estim\u00e9e\" \/>\n\t<meta name=\"twitter:data1\" content=\"2 minutes\" \/>\n<script type=\"application\/ld+json\" class=\"yoast-schema-graph\">{\"@context\":\"https:\\\/\\\/schema.org\",\"@graph\":[{\"@type\":\"WebPage\",\"@id\":\"https:\\\/\\\/linmot.com\\\/fr\\\/solutions-industrielles\\\/bois\\\/\",\"url\":\"https:\\\/\\\/linmot.com\\\/fr\\\/solutions-industrielles\\\/bois\\\/\",\"name\":\"Travail du bois - op\u00e9rations de sciage ou de fraisage synchronis\u00e9es\",\"isPartOf\":{\"@id\":\"https:\\\/\\\/linmot.com\\\/fr\\\/#website\"},\"primaryImageOfPage\":{\"@id\":\"https:\\\/\\\/linmot.com\\\/fr\\\/solutions-industrielles\\\/bois\\\/#primaryimage\"},\"image\":{\"@id\":\"https:\\\/\\\/linmot.com\\\/fr\\\/solutions-industrielles\\\/bois\\\/#primaryimage\"},\"thumbnailUrl\":\"https:\\\/\\\/linmot.com\\\/fr\\\/wp-content\\\/uploads\\\/sites\\\/3\\\/2017\\\/10\\\/LinMot-Solutions-Wood-Processing-Industry-1.jpg\",\"datePublished\":\"2017-10-20T21:34:25+00:00\",\"dateModified\":\"2023-05-10T14:55:14+00:00\",\"description\":\"Pour les machines \u00e0 travailler le bois, une grande efficacit\u00e9, une fonctionnalit\u00e9 sans compromis, une fiabilit\u00e9 et une disponibilit\u00e9 \u00e9lev\u00e9es sont cruciales.\",\"breadcrumb\":{\"@id\":\"https:\\\/\\\/linmot.com\\\/fr\\\/solutions-industrielles\\\/bois\\\/#breadcrumb\"},\"inLanguage\":\"fr-FR\",\"potentialAction\":[{\"@type\":\"ReadAction\",\"target\":[\"https:\\\/\\\/linmot.com\\\/fr\\\/solutions-industrielles\\\/bois\\\/\"]}]},{\"@type\":\"ImageObject\",\"inLanguage\":\"fr-FR\",\"@id\":\"https:\\\/\\\/linmot.com\\\/fr\\\/solutions-industrielles\\\/bois\\\/#primaryimage\",\"url\":\"https:\\\/\\\/linmot.com\\\/fr\\\/wp-content\\\/uploads\\\/sites\\\/3\\\/2017\\\/10\\\/LinMot-Solutions-Wood-Processing-Industry-1.jpg\",\"contentUrl\":\"https:\\\/\\\/linmot.com\\\/fr\\\/wp-content\\\/uploads\\\/sites\\\/3\\\/2017\\\/10\\\/LinMot-Solutions-Wood-Processing-Industry-1.jpg\",\"width\":940,\"height\":300,\"caption\":\"\"},{\"@type\":\"BreadcrumbList\",\"@id\":\"https:\\\/\\\/linmot.com\\\/fr\\\/solutions-industrielles\\\/bois\\\/#breadcrumb\",\"itemListElement\":[{\"@type\":\"ListItem\",\"position\":1,\"name\":\"Home\",\"item\":\"https:\\\/\\\/linmot.com\\\/fr\\\/\"},{\"@type\":\"ListItem\",\"position\":2,\"name\":\"Solutions industrielles\",\"item\":\"https:\\\/\\\/linmot.com\\\/fr\\\/solutions-industrielles\\\/\"},{\"@type\":\"ListItem\",\"position\":3,\"name\":\"Bois\"}]},{\"@type\":\"WebSite\",\"@id\":\"https:\\\/\\\/linmot.com\\\/fr\\\/#website\",\"url\":\"https:\\\/\\\/linmot.com\\\/fr\\\/\",\"name\":\"LinMot &amp; MagSpring - Fran\u00e7ais\",\"description\":\"Moteurs lin\u00e9aires et des syst\u00e8mes de moteurs lin\u00e9aires de haute qualit\u00e9\",\"publisher\":{\"@id\":\"https:\\\/\\\/linmot.com\\\/fr\\\/#organization\"},\"potentialAction\":[{\"@type\":\"SearchAction\",\"target\":{\"@type\":\"EntryPoint\",\"urlTemplate\":\"https:\\\/\\\/linmot.com\\\/fr\\\/?s={search_term_string}\"},\"query-input\":{\"@type\":\"PropertyValueSpecification\",\"valueRequired\":true,\"valueName\":\"search_term_string\"}}],\"inLanguage\":\"fr-FR\"},{\"@type\":\"Organization\",\"@id\":\"https:\\\/\\\/linmot.com\\\/fr\\\/#organization\",\"name\":\"NTI AG - LinMot & MagSpring\",\"url\":\"https:\\\/\\\/linmot.com\\\/fr\\\/\",\"logo\":{\"@type\":\"ImageObject\",\"inLanguage\":\"fr-FR\",\"@id\":\"https:\\\/\\\/linmot.com\\\/fr\\\/#\\\/schema\\\/logo\\\/image\\\/\",\"url\":\"https:\\\/\\\/linmot.com\\\/fr\\\/wp-content\\\/uploads\\\/sites\\\/3\\\/2022\\\/05\\\/linmot-social-share-logo.jpg\",\"contentUrl\":\"https:\\\/\\\/linmot.com\\\/fr\\\/wp-content\\\/uploads\\\/sites\\\/3\\\/2022\\\/05\\\/linmot-social-share-logo.jpg\",\"width\":800,\"height\":500,\"caption\":\"NTI AG - LinMot & MagSpring\"},\"image\":{\"@id\":\"https:\\\/\\\/linmot.com\\\/fr\\\/#\\\/schema\\\/logo\\\/image\\\/\"},\"sameAs\":[\"https:\\\/\\\/www.linkedin.com\\\/company\\\/nti-ag-linmot-magspring\",\"https:\\\/\\\/www.youtube.com\\\/user\\\/LinMotEurope\"]}]}<\/script>\n<!-- \/ Yoast SEO Premium plugin. -->","yoast_head_json":{"title":"Travail du bois - op\u00e9rations de sciage ou de fraisage synchronis\u00e9es","description":"Pour les machines \u00e0 travailler le bois, une grande efficacit\u00e9, une fonctionnalit\u00e9 sans compromis, une fiabilit\u00e9 et une disponibilit\u00e9 \u00e9lev\u00e9es sont cruciales.","robots":{"index":"index","follow":"follow","max-snippet":"max-snippet:-1","max-image-preview":"max-image-preview:large","max-video-preview":"max-video-preview:-1"},"canonical":"https:\/\/linmot.com\/fr\/solutions-industrielles\/bois\/","og_locale":"fr_FR","og_type":"article","og_title":"Travail du bois - op\u00e9rations de sciage ou de fraisage synchronis\u00e9es","og_description":"Pour les machines \u00e0 travailler le bois, une grande efficacit\u00e9, une fonctionnalit\u00e9 sans compromis, une fiabilit\u00e9 et une disponibilit\u00e9 \u00e9lev\u00e9es sont cruciales.","og_url":"https:\/\/linmot.com\/fr\/solutions-industrielles\/bois\/","og_site_name":"LinMot &amp; MagSpring - Fran\u00e7ais","article_modified_time":"2023-05-10T14:55:14+00:00","og_image":[{"url":"https:\/\/linmot.com\/fr\/wp-content\/uploads\/sites\/3\/2017\/10\/LinMot-Solutions-Wood-Processing-Industry-1.jpg","type":"","width":"","height":""}],"twitter_card":"summary_large_image","twitter_title":"Travail du bois - op\u00e9rations de sciage ou de fraisage synchronis\u00e9es","twitter_description":"Pour les machines \u00e0 travailler le bois, une grande efficacit\u00e9, une fonctionnalit\u00e9 sans compromis, une fiabilit\u00e9 et une disponibilit\u00e9 \u00e9lev\u00e9es sont cruciales.","twitter_misc":{"Dur\u00e9e de lecture estim\u00e9e":"2 minutes"},"schema":{"@context":"https:\/\/schema.org","@graph":[{"@type":"WebPage","@id":"https:\/\/linmot.com\/fr\/solutions-industrielles\/bois\/","url":"https:\/\/linmot.com\/fr\/solutions-industrielles\/bois\/","name":"Travail du bois - op\u00e9rations de sciage ou de fraisage synchronis\u00e9es","isPartOf":{"@id":"https:\/\/linmot.com\/fr\/#website"},"primaryImageOfPage":{"@id":"https:\/\/linmot.com\/fr\/solutions-industrielles\/bois\/#primaryimage"},"image":{"@id":"https:\/\/linmot.com\/fr\/solutions-industrielles\/bois\/#primaryimage"},"thumbnailUrl":"https:\/\/linmot.com\/fr\/wp-content\/uploads\/sites\/3\/2017\/10\/LinMot-Solutions-Wood-Processing-Industry-1.jpg","datePublished":"2017-10-20T21:34:25+00:00","dateModified":"2023-05-10T14:55:14+00:00","description":"Pour les machines \u00e0 travailler le bois, une grande efficacit\u00e9, une fonctionnalit\u00e9 sans compromis, une fiabilit\u00e9 et une disponibilit\u00e9 \u00e9lev\u00e9es sont cruciales.","breadcrumb":{"@id":"https:\/\/linmot.com\/fr\/solutions-industrielles\/bois\/#breadcrumb"},"inLanguage":"fr-FR","potentialAction":[{"@type":"ReadAction","target":["https:\/\/linmot.com\/fr\/solutions-industrielles\/bois\/"]}]},{"@type":"ImageObject","inLanguage":"fr-FR","@id":"https:\/\/linmot.com\/fr\/solutions-industrielles\/bois\/#primaryimage","url":"https:\/\/linmot.com\/fr\/wp-content\/uploads\/sites\/3\/2017\/10\/LinMot-Solutions-Wood-Processing-Industry-1.jpg","contentUrl":"https:\/\/linmot.com\/fr\/wp-content\/uploads\/sites\/3\/2017\/10\/LinMot-Solutions-Wood-Processing-Industry-1.jpg","width":940,"height":300,"caption":""},{"@type":"BreadcrumbList","@id":"https:\/\/linmot.com\/fr\/solutions-industrielles\/bois\/#breadcrumb","itemListElement":[{"@type":"ListItem","position":1,"name":"Home","item":"https:\/\/linmot.com\/fr\/"},{"@type":"ListItem","position":2,"name":"Solutions industrielles","item":"https:\/\/linmot.com\/fr\/solutions-industrielles\/"},{"@type":"ListItem","position":3,"name":"Bois"}]},{"@type":"WebSite","@id":"https:\/\/linmot.com\/fr\/#website","url":"https:\/\/linmot.com\/fr\/","name":"LinMot &amp; MagSpring - Fran\u00e7ais","description":"Moteurs lin\u00e9aires et des syst\u00e8mes de moteurs lin\u00e9aires de haute qualit\u00e9","publisher":{"@id":"https:\/\/linmot.com\/fr\/#organization"},"potentialAction":[{"@type":"SearchAction","target":{"@type":"EntryPoint","urlTemplate":"https:\/\/linmot.com\/fr\/?s={search_term_string}"},"query-input":{"@type":"PropertyValueSpecification","valueRequired":true,"valueName":"search_term_string"}}],"inLanguage":"fr-FR"},{"@type":"Organization","@id":"https:\/\/linmot.com\/fr\/#organization","name":"NTI AG - LinMot & MagSpring","url":"https:\/\/linmot.com\/fr\/","logo":{"@type":"ImageObject","inLanguage":"fr-FR","@id":"https:\/\/linmot.com\/fr\/#\/schema\/logo\/image\/","url":"https:\/\/linmot.com\/fr\/wp-content\/uploads\/sites\/3\/2022\/05\/linmot-social-share-logo.jpg","contentUrl":"https:\/\/linmot.com\/fr\/wp-content\/uploads\/sites\/3\/2022\/05\/linmot-social-share-logo.jpg","width":800,"height":500,"caption":"NTI AG - LinMot & MagSpring"},"image":{"@id":"https:\/\/linmot.com\/fr\/#\/schema\/logo\/image\/"},"sameAs":["https:\/\/www.linkedin.com\/company\/nti-ag-linmot-magspring","https:\/\/www.youtube.com\/user\/LinMotEurope"]}]}},"_links":{"self":[{"href":"https:\/\/linmot.com\/fr\/wp-json\/wp\/v2\/pages\/54","targetHints":{"allow":["GET"]}}],"collection":[{"href":"https:\/\/linmot.com\/fr\/wp-json\/wp\/v2\/pages"}],"about":[{"href":"https:\/\/linmot.com\/fr\/wp-json\/wp\/v2\/types\/page"}],"author":[{"embeddable":true,"href":"https:\/\/linmot.com\/fr\/wp-json\/wp\/v2\/users\/1"}],"replies":[{"embeddable":true,"href":"https:\/\/linmot.com\/fr\/wp-json\/wp\/v2\/comments?post=54"}],"version-history":[{"count":8,"href":"https:\/\/linmot.com\/fr\/wp-json\/wp\/v2\/pages\/54\/revisions"}],"predecessor-version":[{"id":2545,"href":"https:\/\/linmot.com\/fr\/wp-json\/wp\/v2\/pages\/54\/revisions\/2545"}],"up":[{"embeddable":true,"href":"https:\/\/linmot.com\/fr\/wp-json\/wp\/v2\/pages\/8"}],"wp:attachment":[{"href":"https:\/\/linmot.com\/fr\/wp-json\/wp\/v2\/media?parent=54"}],"curies":[{"name":"wp","href":"https:\/\/api.w.org\/{rel}","templated":true}]}}