{"id":52,"date":"2017-10-20T23:34:10","date_gmt":"2017-10-20T21:34:10","guid":{"rendered":"https:\/\/linmot.com\/?page_id=52"},"modified":"2023-05-10T14:50:11","modified_gmt":"2023-05-10T12:50:11","slug":"automobile","status":"publish","type":"page","link":"https:\/\/linmot.com\/fr\/solutions-industrielles\/automobile\/","title":{"rendered":"Automobile"},"content":{"rendered":"<img loading=\"lazy\" decoding=\"async\" class=\"aligncenter size-full wp-image-202\" src=\"https:\/\/linmot.com\/fr\/wp-content\/uploads\/sites\/3\/2017\/10\/LinMot-Solutions-Automotive-Industry-1.jpg\" alt=\"\" width=\"940\" height=\"300\" srcset=\"https:\/\/linmot.com\/fr\/wp-content\/uploads\/sites\/3\/2017\/10\/LinMot-Solutions-Automotive-Industry-1.jpg 940w, https:\/\/linmot.com\/fr\/wp-content\/uploads\/sites\/3\/2017\/10\/LinMot-Solutions-Automotive-Industry-1-300x96.jpg 300w, https:\/\/linmot.com\/fr\/wp-content\/uploads\/sites\/3\/2017\/10\/LinMot-Solutions-Automotive-Industry-1-768x245.jpg 768w\" sizes=\"auto, (max-width: 940px) 100vw, 940px\" \/>\n<p>Les d\u00e9fis de la production automobile moderne sont surtout une forte concurrence, la pression des co\u00fbts et une grande diversit\u00e9 de mod\u00e8les.<br \/>\nPour faire face \u00e0 ces facteurs, tous les processus de fabrication doivent \u00eatre soigneusement optimis\u00e9s.<\/p>\n<blockquote><p>Les composants d\u2019entra\u00eenement lin\u00e9aire de LinMot permettent une meilleure flexibilit\u00e9 et productivit\u00e9 dans l\u2019industrie automobile.<\/p><\/blockquote>\n<p>Ils permettent non seulement de r\u00e9aliser des tests fonctionnels et de fiabilit\u00e9 mais aussi d\u2019assurer de nombreuses op\u00e9rations tout au long du processus de production.<\/p>\n<p>Ceci comprend en particulier des op\u00e9rations dans les secteurs de l\u2019assemblage, de la gestion du mat\u00e9riel et de la d\u00e9tection de d\u00e9fauts.<\/p>\n<p>Pour r\u00e9pondre aux exigences de qualit\u00e9 \u00e9lev\u00e9es de l&rsquo;industrie automobile, la surveillance des processus permet de contr\u00f4ler, de surveiller et de documenter \u00e0 tout moment les diff\u00e9rents processus. Cela apporte de la s\u00e9curit\u00e9 et augmente la qualit\u00e9 du produit final.<\/p>\n<p>Ce processus permet en outre de supprimer une surveillance suppl\u00e9mentaire de la qualit\u00e9. Cela r\u00e9duit les co\u00fbts d&rsquo;exploitation de l&rsquo;installation.<\/p>\n<p>En cas de cadences \u00e9lev\u00e9es, les entra\u00eenements lin\u00e9aires permettent de r\u00e9duire les travaux de maintenance, car les moteurs lin\u00e9aires fonctionnent pratiquement sans usure.<\/p>\n","protected":false},"excerpt":{"rendered":"<p>Les d\u00e9fis de la production automobile moderne sont surtout une forte concurrence, la pression des co\u00fbts et une grande diversit\u00e9 de mod\u00e8les. Pour faire face \u00e0 ces facteurs, tous les processus de fabrication doivent \u00eatre soigneusement optimis\u00e9s. Les composants d\u2019entra\u00eenement lin\u00e9aire de LinMot permettent une meilleure flexibilit\u00e9 et productivit\u00e9 dans l\u2019industrie automobile. Ils permettent non [&hellip;]<\/p>\n","protected":false},"author":1,"featured_media":0,"parent":8,"menu_order":67,"comment_status":"closed","ping_status":"closed","template":"","meta":{"_acf_changed":false,"footnotes":""},"class_list":["post-52","page","type-page","status-publish","hentry"],"acf":[],"yoast_head":"<!-- This site is optimized with the Yoast SEO Premium plugin v20.9 (Yoast SEO v27.3) - https:\/\/yoast.com\/product\/yoast-seo-premium-wordpress\/ -->\n<title>Automobile - Essais de fonctionnement et d&#039;endurance, applications LinMot<\/title>\n<meta name=\"description\" content=\"Simplifie les tests de fonctionnement et d&#039;endurance dans l&#039;industrie automobile et les solutions flexibles pour les grandes quantit\u00e9s dans la technologie d&#039;assemblage.\" \/>\n<meta name=\"robots\" content=\"index, follow, max-snippet:-1, max-image-preview:large, max-video-preview:-1\" \/>\n<link rel=\"canonical\" href=\"https:\/\/linmot.com\/fr\/solutions-industrielles\/automobile\/\" \/>\n<meta property=\"og:locale\" content=\"fr_FR\" \/>\n<meta property=\"og:type\" content=\"article\" \/>\n<meta property=\"og:title\" content=\"Automobile - Essais de fonctionnement et d&#039;endurance, applications LinMot\" \/>\n<meta property=\"og:description\" content=\"Simplifie les tests de fonctionnement et d&#039;endurance dans l&#039;industrie automobile et les solutions flexibles pour les grandes quantit\u00e9s dans la technologie d&#039;assemblage.\" \/>\n<meta property=\"og:url\" content=\"https:\/\/linmot.com\/fr\/solutions-industrielles\/automobile\/\" \/>\n<meta property=\"og:site_name\" content=\"LinMot &amp; MagSpring - Fran\u00e7ais\" \/>\n<meta property=\"article:modified_time\" content=\"2023-05-10T12:50:11+00:00\" \/>\n<meta property=\"og:image\" content=\"https:\/\/linmot.com\/fr\/wp-content\/uploads\/sites\/3\/2017\/10\/LinMot-Solutions-Automotive-Industry-1.jpg\" \/>\n<meta name=\"twitter:card\" content=\"summary_large_image\" \/>\n<meta name=\"twitter:title\" content=\"Automobile - Essais de fonctionnement et d&#039;endurance, applications LinMot\" \/>\n<meta name=\"twitter:description\" content=\"Simplifie les tests de fonctionnement et d&#039;endurance dans l&#039;industrie automobile et les solutions flexibles pour les grandes quantit\u00e9s dans la technologie d&#039;assemblage.\" \/>\n<meta name=\"twitter:label1\" content=\"Dur\u00e9e de lecture estim\u00e9e\" \/>\n\t<meta name=\"twitter:data1\" content=\"2 minutes\" \/>\n<script type=\"application\/ld+json\" class=\"yoast-schema-graph\">{\"@context\":\"https:\\\/\\\/schema.org\",\"@graph\":[{\"@type\":\"WebPage\",\"@id\":\"https:\\\/\\\/linmot.com\\\/fr\\\/solutions-industrielles\\\/automobile\\\/\",\"url\":\"https:\\\/\\\/linmot.com\\\/fr\\\/solutions-industrielles\\\/automobile\\\/\",\"name\":\"Automobile - Essais de fonctionnement et d'endurance, applications LinMot\",\"isPartOf\":{\"@id\":\"https:\\\/\\\/linmot.com\\\/fr\\\/#website\"},\"primaryImageOfPage\":{\"@id\":\"https:\\\/\\\/linmot.com\\\/fr\\\/solutions-industrielles\\\/automobile\\\/#primaryimage\"},\"image\":{\"@id\":\"https:\\\/\\\/linmot.com\\\/fr\\\/solutions-industrielles\\\/automobile\\\/#primaryimage\"},\"thumbnailUrl\":\"https:\\\/\\\/linmot.com\\\/fr\\\/wp-content\\\/uploads\\\/sites\\\/3\\\/2017\\\/10\\\/LinMot-Solutions-Automotive-Industry-1.jpg\",\"datePublished\":\"2017-10-20T21:34:10+00:00\",\"dateModified\":\"2023-05-10T12:50:11+00:00\",\"description\":\"Simplifie les tests de fonctionnement et d'endurance dans l'industrie automobile et les solutions flexibles pour les grandes quantit\u00e9s dans la technologie d'assemblage.\",\"breadcrumb\":{\"@id\":\"https:\\\/\\\/linmot.com\\\/fr\\\/solutions-industrielles\\\/automobile\\\/#breadcrumb\"},\"inLanguage\":\"fr-FR\",\"potentialAction\":[{\"@type\":\"ReadAction\",\"target\":[\"https:\\\/\\\/linmot.com\\\/fr\\\/solutions-industrielles\\\/automobile\\\/\"]}]},{\"@type\":\"ImageObject\",\"inLanguage\":\"fr-FR\",\"@id\":\"https:\\\/\\\/linmot.com\\\/fr\\\/solutions-industrielles\\\/automobile\\\/#primaryimage\",\"url\":\"https:\\\/\\\/linmot.com\\\/fr\\\/wp-content\\\/uploads\\\/sites\\\/3\\\/2017\\\/10\\\/LinMot-Solutions-Automotive-Industry-1.jpg\",\"contentUrl\":\"https:\\\/\\\/linmot.com\\\/fr\\\/wp-content\\\/uploads\\\/sites\\\/3\\\/2017\\\/10\\\/LinMot-Solutions-Automotive-Industry-1.jpg\",\"width\":940,\"height\":300,\"caption\":\"\"},{\"@type\":\"BreadcrumbList\",\"@id\":\"https:\\\/\\\/linmot.com\\\/fr\\\/solutions-industrielles\\\/automobile\\\/#breadcrumb\",\"itemListElement\":[{\"@type\":\"ListItem\",\"position\":1,\"name\":\"Home\",\"item\":\"https:\\\/\\\/linmot.com\\\/fr\\\/\"},{\"@type\":\"ListItem\",\"position\":2,\"name\":\"Solutions industrielles\",\"item\":\"https:\\\/\\\/linmot.com\\\/fr\\\/solutions-industrielles\\\/\"},{\"@type\":\"ListItem\",\"position\":3,\"name\":\"Automobile\"}]},{\"@type\":\"WebSite\",\"@id\":\"https:\\\/\\\/linmot.com\\\/fr\\\/#website\",\"url\":\"https:\\\/\\\/linmot.com\\\/fr\\\/\",\"name\":\"LinMot &amp; MagSpring - Fran\u00e7ais\",\"description\":\"Moteurs lin\u00e9aires et des syst\u00e8mes de moteurs lin\u00e9aires de haute qualit\u00e9\",\"publisher\":{\"@id\":\"https:\\\/\\\/linmot.com\\\/fr\\\/#organization\"},\"potentialAction\":[{\"@type\":\"SearchAction\",\"target\":{\"@type\":\"EntryPoint\",\"urlTemplate\":\"https:\\\/\\\/linmot.com\\\/fr\\\/?s={search_term_string}\"},\"query-input\":{\"@type\":\"PropertyValueSpecification\",\"valueRequired\":true,\"valueName\":\"search_term_string\"}}],\"inLanguage\":\"fr-FR\"},{\"@type\":\"Organization\",\"@id\":\"https:\\\/\\\/linmot.com\\\/fr\\\/#organization\",\"name\":\"NTI AG - LinMot & MagSpring\",\"url\":\"https:\\\/\\\/linmot.com\\\/fr\\\/\",\"logo\":{\"@type\":\"ImageObject\",\"inLanguage\":\"fr-FR\",\"@id\":\"https:\\\/\\\/linmot.com\\\/fr\\\/#\\\/schema\\\/logo\\\/image\\\/\",\"url\":\"https:\\\/\\\/linmot.com\\\/fr\\\/wp-content\\\/uploads\\\/sites\\\/3\\\/2022\\\/05\\\/linmot-social-share-logo.jpg\",\"contentUrl\":\"https:\\\/\\\/linmot.com\\\/fr\\\/wp-content\\\/uploads\\\/sites\\\/3\\\/2022\\\/05\\\/linmot-social-share-logo.jpg\",\"width\":800,\"height\":500,\"caption\":\"NTI AG - LinMot & MagSpring\"},\"image\":{\"@id\":\"https:\\\/\\\/linmot.com\\\/fr\\\/#\\\/schema\\\/logo\\\/image\\\/\"},\"sameAs\":[\"https:\\\/\\\/www.linkedin.com\\\/company\\\/nti-ag-linmot-magspring\",\"https:\\\/\\\/www.youtube.com\\\/user\\\/LinMotEurope\"]}]}<\/script>\n<!-- \/ Yoast SEO Premium plugin. -->","yoast_head_json":{"title":"Automobile - Essais de fonctionnement et d'endurance, applications LinMot","description":"Simplifie les tests de fonctionnement et d'endurance dans l'industrie automobile et les solutions flexibles pour les grandes quantit\u00e9s dans la technologie d'assemblage.","robots":{"index":"index","follow":"follow","max-snippet":"max-snippet:-1","max-image-preview":"max-image-preview:large","max-video-preview":"max-video-preview:-1"},"canonical":"https:\/\/linmot.com\/fr\/solutions-industrielles\/automobile\/","og_locale":"fr_FR","og_type":"article","og_title":"Automobile - Essais de fonctionnement et d'endurance, applications LinMot","og_description":"Simplifie les tests de fonctionnement et d'endurance dans l'industrie automobile et les solutions flexibles pour les grandes quantit\u00e9s dans la technologie d'assemblage.","og_url":"https:\/\/linmot.com\/fr\/solutions-industrielles\/automobile\/","og_site_name":"LinMot &amp; MagSpring - Fran\u00e7ais","article_modified_time":"2023-05-10T12:50:11+00:00","og_image":[{"url":"https:\/\/linmot.com\/fr\/wp-content\/uploads\/sites\/3\/2017\/10\/LinMot-Solutions-Automotive-Industry-1.jpg","type":"","width":"","height":""}],"twitter_card":"summary_large_image","twitter_title":"Automobile - Essais de fonctionnement et d'endurance, applications LinMot","twitter_description":"Simplifie les tests de fonctionnement et d'endurance dans l'industrie automobile et les solutions flexibles pour les grandes quantit\u00e9s dans la technologie d'assemblage.","twitter_misc":{"Dur\u00e9e de lecture estim\u00e9e":"2 minutes"},"schema":{"@context":"https:\/\/schema.org","@graph":[{"@type":"WebPage","@id":"https:\/\/linmot.com\/fr\/solutions-industrielles\/automobile\/","url":"https:\/\/linmot.com\/fr\/solutions-industrielles\/automobile\/","name":"Automobile - Essais de fonctionnement et d'endurance, applications LinMot","isPartOf":{"@id":"https:\/\/linmot.com\/fr\/#website"},"primaryImageOfPage":{"@id":"https:\/\/linmot.com\/fr\/solutions-industrielles\/automobile\/#primaryimage"},"image":{"@id":"https:\/\/linmot.com\/fr\/solutions-industrielles\/automobile\/#primaryimage"},"thumbnailUrl":"https:\/\/linmot.com\/fr\/wp-content\/uploads\/sites\/3\/2017\/10\/LinMot-Solutions-Automotive-Industry-1.jpg","datePublished":"2017-10-20T21:34:10+00:00","dateModified":"2023-05-10T12:50:11+00:00","description":"Simplifie les tests de fonctionnement et d'endurance dans l'industrie automobile et les solutions flexibles pour les grandes quantit\u00e9s dans la technologie d'assemblage.","breadcrumb":{"@id":"https:\/\/linmot.com\/fr\/solutions-industrielles\/automobile\/#breadcrumb"},"inLanguage":"fr-FR","potentialAction":[{"@type":"ReadAction","target":["https:\/\/linmot.com\/fr\/solutions-industrielles\/automobile\/"]}]},{"@type":"ImageObject","inLanguage":"fr-FR","@id":"https:\/\/linmot.com\/fr\/solutions-industrielles\/automobile\/#primaryimage","url":"https:\/\/linmot.com\/fr\/wp-content\/uploads\/sites\/3\/2017\/10\/LinMot-Solutions-Automotive-Industry-1.jpg","contentUrl":"https:\/\/linmot.com\/fr\/wp-content\/uploads\/sites\/3\/2017\/10\/LinMot-Solutions-Automotive-Industry-1.jpg","width":940,"height":300,"caption":""},{"@type":"BreadcrumbList","@id":"https:\/\/linmot.com\/fr\/solutions-industrielles\/automobile\/#breadcrumb","itemListElement":[{"@type":"ListItem","position":1,"name":"Home","item":"https:\/\/linmot.com\/fr\/"},{"@type":"ListItem","position":2,"name":"Solutions industrielles","item":"https:\/\/linmot.com\/fr\/solutions-industrielles\/"},{"@type":"ListItem","position":3,"name":"Automobile"}]},{"@type":"WebSite","@id":"https:\/\/linmot.com\/fr\/#website","url":"https:\/\/linmot.com\/fr\/","name":"LinMot &amp; MagSpring - Fran\u00e7ais","description":"Moteurs lin\u00e9aires et des syst\u00e8mes de moteurs lin\u00e9aires de haute qualit\u00e9","publisher":{"@id":"https:\/\/linmot.com\/fr\/#organization"},"potentialAction":[{"@type":"SearchAction","target":{"@type":"EntryPoint","urlTemplate":"https:\/\/linmot.com\/fr\/?s={search_term_string}"},"query-input":{"@type":"PropertyValueSpecification","valueRequired":true,"valueName":"search_term_string"}}],"inLanguage":"fr-FR"},{"@type":"Organization","@id":"https:\/\/linmot.com\/fr\/#organization","name":"NTI AG - LinMot & MagSpring","url":"https:\/\/linmot.com\/fr\/","logo":{"@type":"ImageObject","inLanguage":"fr-FR","@id":"https:\/\/linmot.com\/fr\/#\/schema\/logo\/image\/","url":"https:\/\/linmot.com\/fr\/wp-content\/uploads\/sites\/3\/2022\/05\/linmot-social-share-logo.jpg","contentUrl":"https:\/\/linmot.com\/fr\/wp-content\/uploads\/sites\/3\/2022\/05\/linmot-social-share-logo.jpg","width":800,"height":500,"caption":"NTI AG - LinMot & MagSpring"},"image":{"@id":"https:\/\/linmot.com\/fr\/#\/schema\/logo\/image\/"},"sameAs":["https:\/\/www.linkedin.com\/company\/nti-ag-linmot-magspring","https:\/\/www.youtube.com\/user\/LinMotEurope"]}]}},"_links":{"self":[{"href":"https:\/\/linmot.com\/fr\/wp-json\/wp\/v2\/pages\/52","targetHints":{"allow":["GET"]}}],"collection":[{"href":"https:\/\/linmot.com\/fr\/wp-json\/wp\/v2\/pages"}],"about":[{"href":"https:\/\/linmot.com\/fr\/wp-json\/wp\/v2\/types\/page"}],"author":[{"embeddable":true,"href":"https:\/\/linmot.com\/fr\/wp-json\/wp\/v2\/users\/1"}],"replies":[{"embeddable":true,"href":"https:\/\/linmot.com\/fr\/wp-json\/wp\/v2\/comments?post=52"}],"version-history":[{"count":4,"href":"https:\/\/linmot.com\/fr\/wp-json\/wp\/v2\/pages\/52\/revisions"}],"predecessor-version":[{"id":2549,"href":"https:\/\/linmot.com\/fr\/wp-json\/wp\/v2\/pages\/52\/revisions\/2549"}],"up":[{"embeddable":true,"href":"https:\/\/linmot.com\/fr\/wp-json\/wp\/v2\/pages\/8"}],"wp:attachment":[{"href":"https:\/\/linmot.com\/fr\/wp-json\/wp\/v2\/media?parent=52"}],"curies":[{"name":"wp","href":"https:\/\/api.w.org\/{rel}","templated":true}]}}