{"id":48,"date":"2017-10-20T23:33:40","date_gmt":"2017-10-20T21:33:40","guid":{"rendered":"https:\/\/linmot.com\/?page_id=48"},"modified":"2024-08-28T16:12:59","modified_gmt":"2024-08-28T14:12:59","slug":"magspring","status":"publish","type":"page","link":"https:\/\/linmot.com\/fr\/produits\/magspring\/","title":{"rendered":"MagSpring"},"content":{"rendered":"<p><strong>Le terme le plus pr\u00e9cis qui d\u00e9crit le produit MagSpring est celui de \u00ab\u00a0ressort magn\u00e9tique\u00a0\u00bb. La diff\u00e9rence est qu\u2019un MagSpring exerce une force constante sur toute sa course de travail, tandis que la courbe typique de la force d\u2019un ressort m\u00e9canique augmente de mani\u00e8re croissante en fonction du d\u00e9placement. Le fait que la force g\u00e9n\u00e9r\u00e9e soit ind\u00e9pendante du d\u00e9placement fait du MagSpring un excellent choix pour compenser le poids sur une application verticale.<\/strong><\/p>\n<hr \/>\n<div class=\"row\">\n<div class=\"col-sm-2\">\n<p><a class=\"button\" href=\"#details\">1. Pr\u00e9cisions<\/a><\/p>\n<\/div>\n<div class=\"col-sm-1\">\n<\/div>\n<div class=\"col-sm-2\">\n<p><a class=\"button\" href=\"#videos\">2. Vid\u00e9os<\/a><\/p>\n<\/div>\n<div class=\"col-sm-1\">\n<\/div>\n<div class=\"col-sm-2\">\n<p><a class=\"button\" href=\"#applications\">3. Applications<\/a><\/p>\n<\/div>\n<div class=\"col-sm-1\">\n<\/div>\n<div class=\"col-sm-2\">\n<p><a class=\"button\" href=\"#contact\">4. Contact<\/a><\/p>\n<\/div>\n<\/div>\n<hr \/>\n<h3 id=\"details\">1. Pr\u00e9cisions<\/h3>\n<p>Le produit est compos\u00e9 de deux \u00e9l\u00e9ments principaux\u00a0: le stator et le slider. Le slider est positionn\u00e9 dans le stator, au milieu. Selon la force du MagSpring, les aimants permanents sont plac\u00e9s dans le stator et\/ou dans le slider. Le slider est guid\u00e9 par des paliers lisses de fa\u00e7on \u00e0 utiliser le MagSpring comme un ressort \u00e0 pression par gaz.<\/p>\n<blockquote><p>Force constante sur toute la course<\/p><\/blockquote>\n<p>Le principe de fonctionnement est bas\u00e9 sur l\u2019attraction de l\u2019aimant permanent. En cons\u00e9quence, aucune alimentation en \u00e9nergie (\u00e9lectricit\u00e9, air comprim\u00e9, etc.) n\u2019est n\u00e9cessaire. Cela permet une mise en \u0153uvre facile de cette fonction de s\u00e9curit\u00e9 dans vos applications. Contrairement au ressort m\u00e9canique, dont la force varie en fonction de la course, le MagSpring d\u00e9livre une force constante sur toute la course.<\/p>\n<div class=\"row\">\n<div class=\"col-md-5\">\n<ul>\n<li>Purement passif, ne n\u00e9cessite ni \u00e9lectricit\u00e9 ni air comprim\u00e9<\/li>\n<li>Forces jusqu\u2019\u00e0 60 N<\/li>\n<li>Courses jusqu\u2019\u00e0 290 mm<\/li>\n<li>Peut \u00eatre mont\u00e9 sur les guidages s\u00e9rie H<\/li>\n<li>Convient \u00e9galement pour les mouvements dynamiques<\/li>\n<li>Conception simple<\/li>\n<li>Id\u00e9al pour compenser la force de la gravit\u00e9<\/li>\n<\/ul>\n<\/div>\n<div class=\"col-md-7\">\n<div class=\"carousel slide\" id=\"fd3b136153e0decdc57f207b115e08f2\" data-ride=\"carousel\">  <div class=\"carousel-inner\" role=\"listbox\">    <div class=\"item active\">      <img decoding=\"async\" src=\"https:\/\/linmot.com\/fr\/wp-content\/uploads\/sites\/3\/2017\/10\/MagSpring-4-Linmot-1.jpg\" alt=\"...\">    <\/div>    <div class=\"item\">      <img decoding=\"async\" src=\"https:\/\/linmot.com\/fr\/wp-content\/uploads\/sites\/3\/2017\/10\/MagSpring-1-Linmot-1.jpg\" alt=\"...\">    <\/div>  <\/div><div class=\"navigation\"><a class=\"left carousel-control\" href=\"#fd3b136153e0decdc57f207b115e08f2\" role=\"button\" data-slide=\"prev\"><\/a><a class=\"right carousel-control\" href=\"#fd3b136153e0decdc57f207b115e08f2\" role=\"button\" data-slide=\"next\"><\/a><\/div><\/div>\n<\/div>\n<\/div>\n<blockquote><p>Fonctionnement \u00e0 s\u00e9curit\u00e9 int\u00e9gr\u00e9e et compensation du poids<\/p><\/blockquote>\n<p>Avec sa force constante sur toute la course, le syst\u00e8me MagSpring est le produit id\u00e9al pour une utilisation sur les applications verticales, afin de compenser la charge et d\u2019assurer l\u2019arr\u00eat en s\u00e9curit\u00e9 lors d\u2019une coupure d\u2019\u00e9nergie. Gr\u00e2ce au MagSpring, le moteur lin\u00e9aire n\u2019est utilis\u00e9 que pour son r\u00f4le de positionnement ou pour l\u2019application de force dynamique. Le dimensionnement des moteurs est ainsi r\u00e9duit proportionnellement.<\/p>\n<p><a class=\"btn btn-active\" href=\"https:\/\/shop.linmot.com\/E\/magnetic-springs.htm\" target=\"_blank\" rel=\"noopener noreferrer\">Vers les d\u00e9tails dans le e-catalogue (anglais)<\/a><\/p>\n<h2>Avantages du produit<\/h2>\n<p>Gr\u00e2ce \u00e0 la force constante sur toute la course de d\u00e9placement, en plus de la compensation de poids sur un mouvement vertical, de nombreuses autres applications sont possibles. On pourrait, par exemple\u00a0g\u00e9n\u00e9rer une force de pression constante ind\u00e9pendamment de la position, appliquer une force de soutien permanente sur une large course, ou encore appliquer une force sur un seul c\u00f4t\u00e9, pour des fonctions d\u2019entra\u00eenement complexes.<\/p>\n<div class=\"row\">\n<div class=\"col-md-4\">\n<h4>Montage<\/h4>\n<p>Les stators sont fix\u00e9s avec des brides r\u00e9glables en hauteur et disponibles pour chacune des tailles. Lorsque vous fixez le slider \u00e0 la charge, il faut compenser les \u00e9ventuelles erreurs d\u2019alignement, en utilisant la m\u00e9thode de montage flexible conseill\u00e9e et d\u00e9crite sur la notice LinMot.<br \/>\n<\/div>\n<div class=\"col-md-4\">\n<h4>Position de maintien en s\u00e9curit\u00e9<\/h4>\n<p>En cas de coupure du courant \u00e9lectrique, le MagSpring emp\u00eache l\u2019axe vertical de tomber. Si la force du MagSpring est sup\u00e9rieure \u00e0 la force de gravit\u00e9, l\u2019axe est ramen\u00e9 \u00e0 une position haute.<br \/>\n<\/div>\n<div class=\"col-md-4\">\n<h4>Fonction de maintien (alimentation coup\u00e9e)<\/h4>\n<p>Le MagSpring est un \u00e9l\u00e9ment passif, on peut d\u00e9finir le mouvement ou la position de l\u2019axe en cas de coupure de courant. Par exemple, lever une pince de pr\u00e9hension ou une t\u00eate d\u2019enfoncement dans un dispositif vertical, sortir ou rentrer un pousseur avec une force constante.<br \/>\n<\/div>\n<\/div>\n<div class=\"row\">\n<div class=\"col-md-4\">\n<h4>Compensation de poids<\/h4>\n<p>Pour une installation verticale, les moteurs lin\u00e9aires comme les autres entra\u00eenements directs doivent maintenir une force constante, afin d\u2019agir contre la force de la gravit\u00e9. Avec un MagSpring install\u00e9 en parall\u00e8le au moteur lin\u00e9aire, le poids est compens\u00e9 passivement. Le moteur lin\u00e9aire n\u2019est utilis\u00e9 que pour le positionnement ou pour appliquer des forces dynamiques. Cela permet d\u2019utiliser des moteurs de plus faible dimension.<br \/>\n<\/div>\n<div class=\"col-md-4\">\n<h4>Appliquer une force constante<\/h4>\n<p>Gr\u00e2ce \u00e0 la force constante sur toute la course, de nombreuses autres applications sont possibles telles qu\u2019une application d\u2019une force constante, ind\u00e9pendamment de la position ou une application d\u2019une force de maintien constante sur une grande course, ou une force d\u2019appuis dans un seul sens, dans le cadre de fonctions sp\u00e9cifiques de mouvements. La force effective est sup\u00e9rieure \u00e0 la force nominale d\u2019environ 10%.<br \/>\n<\/div>\n<\/div>\n<h3 id=\"videos\">2. Videos<\/h3>\n<div class=\"row download\">\n<div class=\"col-md-6\">\n<h4 class=\"download-title\">R\u00e9traction du LinMot E<\/h4>\n<p class=\"bodytext\">En cas de coupure de courant, le MagSpring r\u00e9tracte l&rsquo;arbre du moteur lin\u00e9aire rotatif dans une position s\u00fbre.<\/p>\n<\/div>\n<div class=\"col-md-1\">\n<\/div>\n<div class=\"col-md-5\">\n<div class=\"brlbs-cmpnt-container brlbs-cmpnt-content-blocker brlbs-cmpnt-with-individual-styles\" data-borlabs-cookie-content-blocker-id=\"default\" data-borlabs-cookie-content=\"PGlmcmFtZSB0aXRsZT0iWW91VHViZSB2aWRlbyBwbGF5ZXIiIHNyYz0iaHR0cHM6Ly93d3cueW91dHViZS5jb20vZW1iZWQvaXVCdndIS01Ra1EiIHdpZHRoPSIzOTQiIGhlaWdodD0iMjIwIiBmcmFtZWJvcmRlcj0iMCIgYWxsb3dmdWxsc2NyZWVuPSJhbGxvd2Z1bGxzY3JlZW4iPjwvaWZyYW1lPg==\">\n<div class=\"brlbs-cmpnt-cb-preset-a\">\n<p class=\"brlbs-cmpnt-cb-description\">You are currently viewing a placeholder content from <strong>Default<\/strong>. To access the actual content, click the button below. Please note that doing so will share data with third-party providers.<\/p>\n<div class=\"brlbs-cmpnt-cb-buttons\"> <a class=\"brlbs-cmpnt-cb-btn\" href=\"#\" data-borlabs-cookie-unblock role=\"button\">Unblock content<\/a> <a class=\"brlbs-cmpnt-cb-btn\" href=\"#\" data-borlabs-cookie-accept-service role=\"button\" style=\"display: none\">Accept required service and unblock content<\/a> <\/div>\n<p> <a class=\"brlbs-cmpnt-cb-provider-toggle\" href=\"#\" data-borlabs-cookie-show-provider-information role=\"button\">More Information<\/a> <\/div>\n<\/div>\n<\/div>\n<\/div>\n<h3 id=\"applications\">3. Exemples d\u2019applications<\/h3>\n<div class=\"row download\">\n<div class=\"col-md-4\">\n<h4 class=\"download-title\">Poids flottants avec MagSpring<\/h4>\n<p class=\"bodytext\">Pour obtenir des temps de cycle rapides lorsque les entra\u00eenements directs sont mont\u00e9s verticalement, ou pour emp\u00eacher un axe de s&rsquo;\u00e9craser lorsque l&rsquo;alimentation est coup\u00e9e, le poids intrins\u00e8que doit \u00eatre compens\u00e9. Les ressorts m\u00e9caniques et les syst\u00e8mes pneumatiques ont \u00e9t\u00e9 principalement utilis\u00e9s jusqu&rsquo;\u00e0 pr\u00e9sent, mais ils ont leurs inconv\u00e9nients. Dans de nombreux cas, un \u00ab\u00a0ressort magn\u00e9tique\u00a0\u00bb de MagSpring est une meilleure solution.<\/p>\n<p><a class=\"button\" href=\"\/fr\/blog\/faire-flotter-des-masses-avec-magspring\/\">Vers l&rsquo;article<\/a><br \/>\n<\/div>\n<div class=\"col-md-8\">\n<img loading=\"lazy\" decoding=\"async\" class=\"alignnone size-full wp-image-1765\" src=\"https:\/\/linmot.com\/wp-content\/uploads\/2021\/10\/MagSpring-Anwendungsbericht.jpg\" alt=\"\" width=\"615\" height=\"276\" \/><br \/>\n<\/div>\n<\/div>\n<h3 id=\"contact\">4. Contact<\/h3>\n<div class=\"row download\">\n<div class=\"col-md-6\">\n<h4 class=\"download-title\">Des questions sur MagSpring?<\/h4>\n<p class=\"bodytext\">Nous serons heureux de r\u00e9pondre \u00e0 toutes les questions que vous pourriez avoir.<br \/>\nVeuillez nous contacter en utilisant le formulaire suivant ou appelez-nous au :<\/p>\n<p class=\"bodytext\">Tel: +41 (0)56 419 91 91<\/p>\n<p class=\"bodytext\">L&rsquo;\u00e9quipe LinMot<\/p>\n<\/div>\n<div class=\"col-md-1\">\n<\/div>\n<div class=\"col-md-5\">\n\n<div class=\"wpcf7 no-js\" id=\"wpcf7-f1702-o1\" lang=\"fr-FR\" dir=\"ltr\" data-wpcf7-id=\"1702\">\n<div class=\"screen-reader-response\"><p role=\"status\" aria-live=\"polite\" aria-atomic=\"true\"><\/p> <ul><\/ul><\/div>\n<form action=\"\/fr\/wp-json\/wp\/v2\/pages\/48#wpcf7-f1702-o1\" method=\"post\" class=\"wpcf7-form init\" aria-label=\"Formulaire de contact\" novalidate=\"novalidate\" data-status=\"init\">\n<fieldset class=\"hidden-fields-container\"><input type=\"hidden\" name=\"_wpcf7\" value=\"1702\" \/><input type=\"hidden\" name=\"_wpcf7_version\" value=\"6.1.5\" \/><input type=\"hidden\" name=\"_wpcf7_locale\" value=\"fr_FR\" \/><input type=\"hidden\" name=\"_wpcf7_unit_tag\" value=\"wpcf7-f1702-o1\" \/><input type=\"hidden\" name=\"_wpcf7_container_post\" value=\"0\" \/><input type=\"hidden\" name=\"_wpcf7_posted_data_hash\" value=\"\" \/><input type=\"hidden\" name=\"_wpcf7_recaptcha_response\" value=\"\" \/>\n<\/fieldset>\n<label> Votre nom<br>\n    <span class=\"wpcf7-form-control-wrap\" data-name=\"your-name\"><input size=\"40\" maxlength=\"400\" class=\"wpcf7-form-control wpcf7-text wpcf7-validates-as-required\" aria-required=\"true\" aria-invalid=\"false\" value=\"\" type=\"text\" name=\"your-name\" \/><\/span> <\/label>\n<br>\n<label> Votre entreprise<br>\n    <span class=\"wpcf7-form-control-wrap\" data-name=\"your-company\"><input size=\"40\" maxlength=\"400\" class=\"wpcf7-form-control wpcf7-text wpcf7-validates-as-required\" aria-required=\"true\" aria-invalid=\"false\" value=\"\" type=\"text\" name=\"your-company\" \/><\/span> <\/label>\n<br>\n<label> Code postal<br>\n    <span class=\"wpcf7-form-control-wrap\" data-name=\"your-plz\"><input class=\"wpcf7-form-control wpcf7-number wpcf7-validates-as-required wpcf7-validates-as-number\" aria-required=\"true\" aria-invalid=\"false\" value=\"\" type=\"number\" name=\"your-plz\" \/><\/span> <\/label>\n<br>\n<label> Pays<br>\n    <span class=\"wpcf7-form-control-wrap\" data-name=\"your-country\"><input size=\"40\" maxlength=\"400\" class=\"wpcf7-form-control wpcf7-text wpcf7-validates-as-required\" aria-required=\"true\" aria-invalid=\"false\" value=\"\" type=\"text\" name=\"your-country\" \/><\/span> <\/label>\n<br>\n<label> Votre num\u00e9ro de t\u00e9l\u00e9phone<br>\n    <span class=\"wpcf7-form-control-wrap\" data-name=\"your-number\"><input size=\"40\" maxlength=\"400\" class=\"wpcf7-form-control wpcf7-tel wpcf7-validates-as-required wpcf7-text wpcf7-validates-as-tel\" aria-required=\"true\" aria-invalid=\"false\" value=\"\" type=\"tel\" name=\"your-number\" \/><\/span> <\/label>\n<br>\n<label> Votre e-mail<br>\n    <span class=\"wpcf7-form-control-wrap\" data-name=\"your-email\"><input size=\"40\" maxlength=\"400\" class=\"wpcf7-form-control wpcf7-email wpcf7-validates-as-required wpcf7-text wpcf7-validates-as-email\" aria-required=\"true\" aria-invalid=\"false\" value=\"\" type=\"email\" name=\"your-email\" \/><\/span> <\/label>\n<br>\n<label> Votre message (facultatif)<br>\n    <span class=\"wpcf7-form-control-wrap\" data-name=\"your-message\"><textarea cols=\"40\" rows=\"10\" maxlength=\"2000\" class=\"wpcf7-form-control wpcf7-textarea\" aria-invalid=\"false\" name=\"your-message\"><\/textarea><\/span> <\/label>\n<br>\n<input class=\"wpcf7-form-control wpcf7-submit has-spinner\" type=\"submit\" value=\"Envoyer\" \/><div class=\"wpcf7-response-output\" aria-hidden=\"true\"><\/div>\n<\/form>\n<\/div>\n\n<\/div>\n<\/div>\n","protected":false},"excerpt":{"rendered":"<p>Le terme le plus pr\u00e9cis qui d\u00e9crit le produit MagSpring est celui de \u00ab\u00a0ressort magn\u00e9tique\u00a0\u00bb. La diff\u00e9rence est qu\u2019un MagSpring exerce une force constante sur toute sa course de travail, tandis que la courbe typique de la force d\u2019un ressort m\u00e9canique augmente de mani\u00e8re croissante en fonction du d\u00e9placement. Le fait que la force g\u00e9n\u00e9r\u00e9e [&hellip;]<\/p>\n","protected":false},"author":1,"featured_media":0,"parent":1210,"menu_order":67,"comment_status":"closed","ping_status":"closed","template":"","meta":{"_acf_changed":false,"footnotes":""},"class_list":["post-48","page","type-page","status-publish","hentry"],"acf":[],"yoast_head":"<!-- This site is optimized with the Yoast SEO Premium plugin v20.9 (Yoast SEO v27.3) - https:\/\/yoast.com\/product\/yoast-seo-premium-wordpress\/ -->\n<title>MagSpring - Force constante sur toute la plage de course | LinMot<\/title>\n<meta name=\"description\" content=\"La force constante du MagSpring sur toute la plage de course est adapt\u00e9e \u00e0 la compensation de la force du poids lors de l\u2019utilisation d\u2019un axe vertical.\" \/>\n<meta name=\"robots\" content=\"index, follow, max-snippet:-1, max-image-preview:large, max-video-preview:-1\" \/>\n<link rel=\"canonical\" href=\"https:\/\/linmot.com\/fr\/produits\/magspring\/\" \/>\n<meta property=\"og:locale\" content=\"fr_FR\" \/>\n<meta property=\"og:type\" content=\"article\" \/>\n<meta property=\"og:title\" content=\"MagSpring - Force constante sur toute la plage de course | LinMot\" \/>\n<meta property=\"og:description\" content=\"La force constante du MagSpring sur toute la plage de course est adapt\u00e9e \u00e0 la compensation de la force du poids lors de l\u2019utilisation d\u2019un axe vertical.\" \/>\n<meta property=\"og:url\" content=\"https:\/\/linmot.com\/fr\/produits\/magspring\/\" \/>\n<meta property=\"og:site_name\" content=\"LinMot &amp; MagSpring - Fran\u00e7ais\" \/>\n<meta property=\"article:modified_time\" content=\"2024-08-28T14:12:59+00:00\" \/>\n<meta property=\"og:image\" content=\"https:\/\/linmot.com\/wp-content\/uploads\/2021\/10\/MagSpring-Anwendungsbericht.jpg\" \/>\n<meta name=\"twitter:card\" content=\"summary_large_image\" \/>\n<meta name=\"twitter:title\" content=\"MagSpring - Force constante sur toute la plage de course | LinMot\" \/>\n<meta name=\"twitter:description\" content=\"La force constante du MagSpring sur toute la plage de course est adapt\u00e9e \u00e0 la compensation de la force du poids lors de l\u2019utilisation d\u2019un axe vertical.\" \/>\n<meta name=\"twitter:label1\" content=\"Dur\u00e9e de lecture estim\u00e9e\" \/>\n\t<meta name=\"twitter:data1\" content=\"5 minutes\" \/>\n<script type=\"application\/ld+json\" class=\"yoast-schema-graph\">{\"@context\":\"https:\\\/\\\/schema.org\",\"@graph\":[{\"@type\":\"WebPage\",\"@id\":\"https:\\\/\\\/linmot.com\\\/fr\\\/produits\\\/magspring\\\/\",\"url\":\"https:\\\/\\\/linmot.com\\\/fr\\\/produits\\\/magspring\\\/\",\"name\":\"MagSpring - Force constante sur toute la plage de course | LinMot\",\"isPartOf\":{\"@id\":\"https:\\\/\\\/linmot.com\\\/fr\\\/#website\"},\"primaryImageOfPage\":{\"@id\":\"https:\\\/\\\/linmot.com\\\/fr\\\/produits\\\/magspring\\\/#primaryimage\"},\"image\":{\"@id\":\"https:\\\/\\\/linmot.com\\\/fr\\\/produits\\\/magspring\\\/#primaryimage\"},\"thumbnailUrl\":\"https:\\\/\\\/linmot.com\\\/wp-content\\\/uploads\\\/2021\\\/10\\\/MagSpring-Anwendungsbericht.jpg\",\"datePublished\":\"2017-10-20T21:33:40+00:00\",\"dateModified\":\"2024-08-28T14:12:59+00:00\",\"description\":\"La force constante du MagSpring sur toute la plage de course est adapt\u00e9e \u00e0 la compensation de la force du poids lors de l\u2019utilisation d\u2019un axe vertical.\",\"breadcrumb\":{\"@id\":\"https:\\\/\\\/linmot.com\\\/fr\\\/produits\\\/magspring\\\/#breadcrumb\"},\"inLanguage\":\"fr-FR\",\"potentialAction\":[{\"@type\":\"ReadAction\",\"target\":[\"https:\\\/\\\/linmot.com\\\/fr\\\/produits\\\/magspring\\\/\"]}]},{\"@type\":\"ImageObject\",\"inLanguage\":\"fr-FR\",\"@id\":\"https:\\\/\\\/linmot.com\\\/fr\\\/produits\\\/magspring\\\/#primaryimage\",\"url\":\"https:\\\/\\\/linmot.com\\\/wp-content\\\/uploads\\\/2021\\\/10\\\/MagSpring-Anwendungsbericht.jpg\",\"contentUrl\":\"https:\\\/\\\/linmot.com\\\/wp-content\\\/uploads\\\/2021\\\/10\\\/MagSpring-Anwendungsbericht.jpg\"},{\"@type\":\"BreadcrumbList\",\"@id\":\"https:\\\/\\\/linmot.com\\\/fr\\\/produits\\\/magspring\\\/#breadcrumb\",\"itemListElement\":[{\"@type\":\"ListItem\",\"position\":1,\"name\":\"Home\",\"item\":\"https:\\\/\\\/linmot.com\\\/fr\\\/\"},{\"@type\":\"ListItem\",\"position\":2,\"name\":\"Produits\",\"item\":\"https:\\\/\\\/linmot.com\\\/fr\\\/produits\\\/\"},{\"@type\":\"ListItem\",\"position\":3,\"name\":\"MagSpring\"}]},{\"@type\":\"WebSite\",\"@id\":\"https:\\\/\\\/linmot.com\\\/fr\\\/#website\",\"url\":\"https:\\\/\\\/linmot.com\\\/fr\\\/\",\"name\":\"LinMot &amp; MagSpring - Fran\u00e7ais\",\"description\":\"Moteurs lin\u00e9aires et des syst\u00e8mes de moteurs lin\u00e9aires de haute qualit\u00e9\",\"publisher\":{\"@id\":\"https:\\\/\\\/linmot.com\\\/fr\\\/#organization\"},\"potentialAction\":[{\"@type\":\"SearchAction\",\"target\":{\"@type\":\"EntryPoint\",\"urlTemplate\":\"https:\\\/\\\/linmot.com\\\/fr\\\/?s={search_term_string}\"},\"query-input\":{\"@type\":\"PropertyValueSpecification\",\"valueRequired\":true,\"valueName\":\"search_term_string\"}}],\"inLanguage\":\"fr-FR\"},{\"@type\":\"Organization\",\"@id\":\"https:\\\/\\\/linmot.com\\\/fr\\\/#organization\",\"name\":\"NTI AG - LinMot & MagSpring\",\"url\":\"https:\\\/\\\/linmot.com\\\/fr\\\/\",\"logo\":{\"@type\":\"ImageObject\",\"inLanguage\":\"fr-FR\",\"@id\":\"https:\\\/\\\/linmot.com\\\/fr\\\/#\\\/schema\\\/logo\\\/image\\\/\",\"url\":\"https:\\\/\\\/linmot.com\\\/fr\\\/wp-content\\\/uploads\\\/sites\\\/3\\\/2022\\\/05\\\/linmot-social-share-logo.jpg\",\"contentUrl\":\"https:\\\/\\\/linmot.com\\\/fr\\\/wp-content\\\/uploads\\\/sites\\\/3\\\/2022\\\/05\\\/linmot-social-share-logo.jpg\",\"width\":800,\"height\":500,\"caption\":\"NTI AG - LinMot & MagSpring\"},\"image\":{\"@id\":\"https:\\\/\\\/linmot.com\\\/fr\\\/#\\\/schema\\\/logo\\\/image\\\/\"},\"sameAs\":[\"https:\\\/\\\/www.linkedin.com\\\/company\\\/nti-ag-linmot-magspring\",\"https:\\\/\\\/www.youtube.com\\\/user\\\/LinMotEurope\"]}]}<\/script>\n<!-- \/ Yoast SEO Premium plugin. -->","yoast_head_json":{"title":"MagSpring - Force constante sur toute la plage de course | LinMot","description":"La force constante du MagSpring sur toute la plage de course est adapt\u00e9e \u00e0 la compensation de la force du poids lors de l\u2019utilisation d\u2019un axe vertical.","robots":{"index":"index","follow":"follow","max-snippet":"max-snippet:-1","max-image-preview":"max-image-preview:large","max-video-preview":"max-video-preview:-1"},"canonical":"https:\/\/linmot.com\/fr\/produits\/magspring\/","og_locale":"fr_FR","og_type":"article","og_title":"MagSpring - Force constante sur toute la plage de course | LinMot","og_description":"La force constante du MagSpring sur toute la plage de course est adapt\u00e9e \u00e0 la compensation de la force du poids lors de l\u2019utilisation d\u2019un axe vertical.","og_url":"https:\/\/linmot.com\/fr\/produits\/magspring\/","og_site_name":"LinMot &amp; MagSpring - Fran\u00e7ais","article_modified_time":"2024-08-28T14:12:59+00:00","og_image":[{"url":"https:\/\/linmot.com\/wp-content\/uploads\/2021\/10\/MagSpring-Anwendungsbericht.jpg","type":"","width":"","height":""}],"twitter_card":"summary_large_image","twitter_title":"MagSpring - Force constante sur toute la plage de course | LinMot","twitter_description":"La force constante du MagSpring sur toute la plage de course est adapt\u00e9e \u00e0 la compensation de la force du poids lors de l\u2019utilisation d\u2019un axe vertical.","twitter_misc":{"Dur\u00e9e de lecture estim\u00e9e":"5 minutes"},"schema":{"@context":"https:\/\/schema.org","@graph":[{"@type":"WebPage","@id":"https:\/\/linmot.com\/fr\/produits\/magspring\/","url":"https:\/\/linmot.com\/fr\/produits\/magspring\/","name":"MagSpring - Force constante sur toute la plage de course | LinMot","isPartOf":{"@id":"https:\/\/linmot.com\/fr\/#website"},"primaryImageOfPage":{"@id":"https:\/\/linmot.com\/fr\/produits\/magspring\/#primaryimage"},"image":{"@id":"https:\/\/linmot.com\/fr\/produits\/magspring\/#primaryimage"},"thumbnailUrl":"https:\/\/linmot.com\/wp-content\/uploads\/2021\/10\/MagSpring-Anwendungsbericht.jpg","datePublished":"2017-10-20T21:33:40+00:00","dateModified":"2024-08-28T14:12:59+00:00","description":"La force constante du MagSpring sur toute la plage de course est adapt\u00e9e \u00e0 la compensation de la force du poids lors de l\u2019utilisation d\u2019un axe vertical.","breadcrumb":{"@id":"https:\/\/linmot.com\/fr\/produits\/magspring\/#breadcrumb"},"inLanguage":"fr-FR","potentialAction":[{"@type":"ReadAction","target":["https:\/\/linmot.com\/fr\/produits\/magspring\/"]}]},{"@type":"ImageObject","inLanguage":"fr-FR","@id":"https:\/\/linmot.com\/fr\/produits\/magspring\/#primaryimage","url":"https:\/\/linmot.com\/wp-content\/uploads\/2021\/10\/MagSpring-Anwendungsbericht.jpg","contentUrl":"https:\/\/linmot.com\/wp-content\/uploads\/2021\/10\/MagSpring-Anwendungsbericht.jpg"},{"@type":"BreadcrumbList","@id":"https:\/\/linmot.com\/fr\/produits\/magspring\/#breadcrumb","itemListElement":[{"@type":"ListItem","position":1,"name":"Home","item":"https:\/\/linmot.com\/fr\/"},{"@type":"ListItem","position":2,"name":"Produits","item":"https:\/\/linmot.com\/fr\/produits\/"},{"@type":"ListItem","position":3,"name":"MagSpring"}]},{"@type":"WebSite","@id":"https:\/\/linmot.com\/fr\/#website","url":"https:\/\/linmot.com\/fr\/","name":"LinMot &amp; MagSpring - Fran\u00e7ais","description":"Moteurs lin\u00e9aires et des syst\u00e8mes de moteurs lin\u00e9aires de haute qualit\u00e9","publisher":{"@id":"https:\/\/linmot.com\/fr\/#organization"},"potentialAction":[{"@type":"SearchAction","target":{"@type":"EntryPoint","urlTemplate":"https:\/\/linmot.com\/fr\/?s={search_term_string}"},"query-input":{"@type":"PropertyValueSpecification","valueRequired":true,"valueName":"search_term_string"}}],"inLanguage":"fr-FR"},{"@type":"Organization","@id":"https:\/\/linmot.com\/fr\/#organization","name":"NTI AG - LinMot & MagSpring","url":"https:\/\/linmot.com\/fr\/","logo":{"@type":"ImageObject","inLanguage":"fr-FR","@id":"https:\/\/linmot.com\/fr\/#\/schema\/logo\/image\/","url":"https:\/\/linmot.com\/fr\/wp-content\/uploads\/sites\/3\/2022\/05\/linmot-social-share-logo.jpg","contentUrl":"https:\/\/linmot.com\/fr\/wp-content\/uploads\/sites\/3\/2022\/05\/linmot-social-share-logo.jpg","width":800,"height":500,"caption":"NTI AG - LinMot & MagSpring"},"image":{"@id":"https:\/\/linmot.com\/fr\/#\/schema\/logo\/image\/"},"sameAs":["https:\/\/www.linkedin.com\/company\/nti-ag-linmot-magspring","https:\/\/www.youtube.com\/user\/LinMotEurope"]}]}},"_links":{"self":[{"href":"https:\/\/linmot.com\/fr\/wp-json\/wp\/v2\/pages\/48","targetHints":{"allow":["GET"]}}],"collection":[{"href":"https:\/\/linmot.com\/fr\/wp-json\/wp\/v2\/pages"}],"about":[{"href":"https:\/\/linmot.com\/fr\/wp-json\/wp\/v2\/types\/page"}],"author":[{"embeddable":true,"href":"https:\/\/linmot.com\/fr\/wp-json\/wp\/v2\/users\/1"}],"replies":[{"embeddable":true,"href":"https:\/\/linmot.com\/fr\/wp-json\/wp\/v2\/comments?post=48"}],"version-history":[{"count":18,"href":"https:\/\/linmot.com\/fr\/wp-json\/wp\/v2\/pages\/48\/revisions"}],"predecessor-version":[{"id":3483,"href":"https:\/\/linmot.com\/fr\/wp-json\/wp\/v2\/pages\/48\/revisions\/3483"}],"up":[{"embeddable":true,"href":"https:\/\/linmot.com\/fr\/wp-json\/wp\/v2\/pages\/1210"}],"wp:attachment":[{"href":"https:\/\/linmot.com\/fr\/wp-json\/wp\/v2\/media?parent=48"}],"curies":[{"name":"wp","href":"https:\/\/api.w.org\/{rel}","templated":true}]}}