{"id":46,"date":"2017-10-20T23:33:25","date_gmt":"2017-10-20T21:33:25","guid":{"rendered":"https:\/\/linmot.com\/?page_id=46"},"modified":"2024-09-09T15:50:07","modified_gmt":"2024-09-09T13:50:07","slug":"servo-drives","status":"publish","type":"page","link":"https:\/\/linmot.com\/fr\/produits\/servo-drives\/","title":{"rendered":"Servo Drives"},"content":{"rendered":"<p align=\"justify\"><strong>La vaste gamme de Servo Drives LinMot s\u00e9duit par sa rapidit\u00e9, sa grande flexibilit\u00e9 et ses nombreuses fonctions. De plus, ils s&rsquo;int\u00e8grent facilement dans tout type d&rsquo;application. La conception de nos entra\u00eenements est ax\u00e9e sur un contr\u00f4le pr\u00e9cis, un rapport force\/couple optimal et une multitude de fonctions. Nous compl\u00e9tons ainsi de mani\u00e8re optimale la vaste gamme de moteurs lin\u00e9aires, de modules lin\u00e9aires int\u00e9gr\u00e9s et de moteurs rotatifs lin\u00e9aires. Il est en outre d\u00e9cisif que nos variateurs soient faciles \u00e0 utiliser et fiables &#8211; vous \u00e9conomisez ainsi du temps et de l&rsquo;argent.<\/strong><\/p>\n<hr \/>\n<div class=\"row\">\n<div class=\"col-md-7\">\n<strong>Flexible &amp; int\u00e9grable<\/strong><\/p>\n<ul>\n<li>Large \u00e9ventail d&rsquo;applications : des simples applications point \u00e0 point aux applications complexes \u00e0 plusieurs axes.<\/li>\n<li>Interfaces discr\u00e8tes analogiques et num\u00e9riques, ainsi que s\u00e9rielles, bus de terrain et Ethernet en temps r\u00e9el.<\/li>\n<li>Fonctions technologiques telles que le contr\u00f4le de la force\/du couple et la surveillance des processus.<\/li>\n<\/ul>\n<p><strong>S\u00fbr et fiable<\/strong><\/p>\n<ul>\n<li>Variateurs disponibles avec ou sans STO.<\/li>\n<li>S\u00e9curit\u00e9 fonctionnelle SIL2 et PL d avec SLS, SOS, SS1, SS2, SBC, SBT.<\/li>\n<li>En plus des normes CE et UL, des entr\u00e9es d&rsquo;amplification sont disponibles en option pour les applications de mesure, avec certificat d&rsquo;\u00e9talonnage.<\/li>\n<\/ul>\n<p><strong>Facile \u00e0 utiliser<\/strong><\/p>\n<ul>\n<li>Imm\u00e9diatement pr\u00eat \u00e0 l&#8217;emploi et possibilit\u00e9 de tout param\u00e9trer via le bus de terrain.<\/li>\n<li>Design compact et \u00e9pur\u00e9, ainsi qu&rsquo;une installation et mise en service faciles.<\/li>\n<li>Blocs fonctionnels et exemples de programmes pour tous les API courants.<\/li>\n<\/ul>\n<p><a class=\"btn btn-active\" href=\"https:\/\/shop.linmot.com\/E\/servo-drives.htm\" target=\"_blank\" rel=\"noopener noreferrer\">Vers les d\u00e9tails dans le e-catalogue (anglais)<\/a><\/p>\n<\/div>\n<div class=\"col-md-5\">\n<img loading=\"lazy\" decoding=\"async\" class=\"aligncenter size-full wp-image-3095\" src=\"https:\/\/linmot.com\/de\/wp-content\/uploads\/sites\/2\/2022\/03\/linmot-servoantriebe-uebersichtsbild.jpg\" alt=\"\" width=\"197\" height=\"350\" \/>\n<\/div>\n<\/div>\n<hr \/>\n<div class=\"row\">\n<div class=\"col-md-7\">\n<h3>Fonctions de s\u00e9curit\u00e9<\/h3>\n<p align=\"justify\">LinMot int\u00e8gre les fonctions de s\u00e9curit\u00e9 appropri\u00e9es et plusieurs nouvelles fonctions suppl\u00e9mentaires directement dans le variateur et le moteur, en veillant \u00e0 ce que leur conception soit identique \u00e0 celle des produits existants.<\/p>\n<p><a class=\"button\" href=\"\/fr\/produits\/servo-drives\/fonctions-de-securite\/\">En savoir plus<\/a><\/p>\n<\/div>\n<div class=\"col-md-5\">\n<img loading=\"lazy\" decoding=\"async\" class=\"alignnone wp-image-3621 size-full\" src=\"https:\/\/linmot.com\/wp-content\/uploads\/2022\/08\/functional-safety.jpg\" alt=\"\" width=\"560\" height=\"332\" \/>\n<\/div>\n<\/div>\n<hr \/>\n<div class=\"row\">\n<div class=\"col-md-7\">\n<h3>Contr\u00f4le des process<\/h3>\n<p align=\"justify\">Les variateurs LinMot se distinguent par leur temps de cycle tr\u00e8s rapide et peuvent ainsi enregistrer des points de mesure individuels avec la fr\u00e9quence d\u2019\u00e9chantillonnage la plus \u00e9lev\u00e9e possible. L\u2019utilisateur obtient ainsi une image d\u00e9taill\u00e9e du processus et peut d\u00e9cider sur la base de ces donn\u00e9es si le processus est r\u00e9ussi ou non.<\/p>\n<p><a class=\"button\" href=\"\/fr\/produits\/servo-drives\/controle-des-process\/\">En savoir plus<\/a><\/p>\n<\/div>\n<div class=\"col-md-5\">\n<img loading=\"lazy\" decoding=\"async\" class=\"aligncenter size-full wp-image-2813\" src=\"https:\/\/linmot.com\/de\/wp-content\/uploads\/sites\/2\/2022\/01\/monitoring-windows-servo-drive.jpg\" alt=\"\" width=\"355\" height=\"237\" \/>\n<\/div>\n<\/div>\n<hr \/>\n<div class=\"row\">\n<div class=\"col-md-7\">\n<h3>Bus de terrain<\/h3>\n<p align=\"justify\">Le pilotage des variateurs LinMot par une commande d\u2019axe se fait par une consigne analogique, une consigne num\u00e9rique, un bus de terrain ou par ETHERNET. Le variateur LinMot est compatible avec tous les bus de terrain disponibles sur le march\u00e9, quel que soit le constructeur de PC industriel, d\u2019automate ou de commande num\u00e9rique.<\/p>\n<p><a class=\"button\" href=\"\/fr\/produits\/servo-drives\/bus-de-terrain-permet\/\">En savoir plus<\/a><\/p>\n<\/div>\n<div class=\"col-md-5\">\n<img loading=\"lazy\" decoding=\"async\" class=\"aligncenter size-full wp-image-3153\" src=\"https:\/\/linmot.com\/wp-content\/uploads\/2022\/03\/fieldbus-grafik.jpg\" alt=\"\" width=\"350\" height=\"324\" \/>\n<\/div>\n<\/div>\n<hr \/>\n<h2>Questions?<\/h2>\n<p>Nous serons heureux de r\u00e9pondre \u00e0 vos questions ou de vous donner des conseils.<\/p>\n<p><a class=\"button\" href=\"\/fr\/contact\/\">Trouvez votre contact local<\/a><\/p>\n","protected":false},"excerpt":{"rendered":"<p>La vaste gamme de Servo Drives LinMot s\u00e9duit par sa rapidit\u00e9, sa grande flexibilit\u00e9 et ses nombreuses fonctions. De plus, ils s&rsquo;int\u00e8grent facilement dans tout type d&rsquo;application. La conception de nos entra\u00eenements est ax\u00e9e sur un contr\u00f4le pr\u00e9cis, un rapport force\/couple optimal et une multitude de fonctions. Nous compl\u00e9tons ainsi de mani\u00e8re optimale la vaste [&hellip;]<\/p>\n","protected":false},"author":1,"featured_media":0,"parent":1210,"menu_order":45,"comment_status":"closed","ping_status":"closed","template":"","meta":{"_acf_changed":false,"footnotes":""},"class_list":["post-46","page","type-page","status-publish","hentry"],"acf":[],"yoast_head":"<!-- This site is optimized with the Yoast SEO Premium plugin v20.9 (Yoast SEO v27.3) - https:\/\/yoast.com\/product\/yoast-seo-premium-wordpress\/ -->\n<title>Servo Drives - La commande de positionnement<\/title>\n<meta name=\"description\" content=\"Les Servo Drives LinMot sont des r\u00e9gulateurs de positionnement compacts int\u00e9grant \u00e0 la fois la partie puissance pour le pilotage des moteurs ainsi que la partie contr\u00f4le de position.\" \/>\n<meta name=\"robots\" content=\"index, follow, max-snippet:-1, max-image-preview:large, max-video-preview:-1\" \/>\n<link rel=\"canonical\" href=\"https:\/\/linmot.com\/fr\/produits\/servo-drives\/\" \/>\n<meta property=\"og:locale\" content=\"fr_FR\" \/>\n<meta property=\"og:type\" content=\"article\" \/>\n<meta property=\"og:title\" content=\"Variateurs de commande - La commande de positionnement\" \/>\n<meta property=\"og:description\" content=\"Les variateurs de commande LinMot sont des r\u00e9gulateurs de positionnement compacts int\u00e9grant \u00e0 la fois la partie puissance pour le pilotage des moteurs ainsi que la partie contr\u00f4le de position.\" \/>\n<meta property=\"og:url\" content=\"https:\/\/linmot.com\/fr\/produits\/servo-drives\/\" \/>\n<meta property=\"og:site_name\" content=\"LinMot &amp; MagSpring - Fran\u00e7ais\" \/>\n<meta property=\"article:modified_time\" content=\"2024-09-09T13:50:07+00:00\" \/>\n<meta property=\"og:image\" content=\"https:\/\/linmot.com\/de\/wp-content\/uploads\/sites\/2\/2022\/03\/linmot-servoantriebe-uebersichtsbild.jpg\" \/>\n<meta name=\"twitter:card\" content=\"summary_large_image\" \/>\n<meta name=\"twitter:title\" content=\"Variateurs de commande - La commande de positionnement\" \/>\n<meta name=\"twitter:description\" content=\"Les Servo Drives LinMot sont des r\u00e9gulateurs de positionnement compacts int\u00e9grant \u00e0 la fois la partie puissance pour le pilotage des moteurs ainsi que la partie contr\u00f4le de position.\" \/>\n<meta name=\"twitter:image\" content=\"https:\/\/linmot.com\/fr\/wp-content\/uploads\/sites\/3\/2021\/07\/all-servo-drives-overview.jpg\" \/>\n<meta name=\"twitter:label1\" content=\"Dur\u00e9e de lecture estim\u00e9e\" \/>\n\t<meta name=\"twitter:data1\" content=\"4 minutes\" \/>\n<script type=\"application\/ld+json\" class=\"yoast-schema-graph\">{\"@context\":\"https:\\\/\\\/schema.org\",\"@graph\":[{\"@type\":\"WebPage\",\"@id\":\"https:\\\/\\\/linmot.com\\\/fr\\\/produits\\\/servo-drives\\\/\",\"url\":\"https:\\\/\\\/linmot.com\\\/fr\\\/produits\\\/servo-drives\\\/\",\"name\":\"Servo Drives - La commande de positionnement\",\"isPartOf\":{\"@id\":\"https:\\\/\\\/linmot.com\\\/fr\\\/#website\"},\"primaryImageOfPage\":{\"@id\":\"https:\\\/\\\/linmot.com\\\/fr\\\/produits\\\/servo-drives\\\/#primaryimage\"},\"image\":{\"@id\":\"https:\\\/\\\/linmot.com\\\/fr\\\/produits\\\/servo-drives\\\/#primaryimage\"},\"thumbnailUrl\":\"https:\\\/\\\/linmot.com\\\/de\\\/wp-content\\\/uploads\\\/sites\\\/2\\\/2022\\\/03\\\/linmot-servoantriebe-uebersichtsbild.jpg\",\"datePublished\":\"2017-10-20T21:33:25+00:00\",\"dateModified\":\"2024-09-09T13:50:07+00:00\",\"description\":\"Les Servo Drives LinMot sont des r\u00e9gulateurs de positionnement compacts int\u00e9grant \u00e0 la fois la partie puissance pour le pilotage des moteurs ainsi que la partie contr\u00f4le de position.\",\"breadcrumb\":{\"@id\":\"https:\\\/\\\/linmot.com\\\/fr\\\/produits\\\/servo-drives\\\/#breadcrumb\"},\"inLanguage\":\"fr-FR\",\"potentialAction\":[{\"@type\":\"ReadAction\",\"target\":[\"https:\\\/\\\/linmot.com\\\/fr\\\/produits\\\/servo-drives\\\/\"]}]},{\"@type\":\"ImageObject\",\"inLanguage\":\"fr-FR\",\"@id\":\"https:\\\/\\\/linmot.com\\\/fr\\\/produits\\\/servo-drives\\\/#primaryimage\",\"url\":\"https:\\\/\\\/linmot.com\\\/de\\\/wp-content\\\/uploads\\\/sites\\\/2\\\/2022\\\/03\\\/linmot-servoantriebe-uebersichtsbild.jpg\",\"contentUrl\":\"https:\\\/\\\/linmot.com\\\/de\\\/wp-content\\\/uploads\\\/sites\\\/2\\\/2022\\\/03\\\/linmot-servoantriebe-uebersichtsbild.jpg\"},{\"@type\":\"BreadcrumbList\",\"@id\":\"https:\\\/\\\/linmot.com\\\/fr\\\/produits\\\/servo-drives\\\/#breadcrumb\",\"itemListElement\":[{\"@type\":\"ListItem\",\"position\":1,\"name\":\"Home\",\"item\":\"https:\\\/\\\/linmot.com\\\/fr\\\/\"},{\"@type\":\"ListItem\",\"position\":2,\"name\":\"Produits\",\"item\":\"https:\\\/\\\/linmot.com\\\/fr\\\/produits\\\/\"},{\"@type\":\"ListItem\",\"position\":3,\"name\":\"Servo Drives\"}]},{\"@type\":\"WebSite\",\"@id\":\"https:\\\/\\\/linmot.com\\\/fr\\\/#website\",\"url\":\"https:\\\/\\\/linmot.com\\\/fr\\\/\",\"name\":\"LinMot &amp; MagSpring - Fran\u00e7ais\",\"description\":\"Moteurs lin\u00e9aires et des syst\u00e8mes de moteurs lin\u00e9aires de haute qualit\u00e9\",\"publisher\":{\"@id\":\"https:\\\/\\\/linmot.com\\\/fr\\\/#organization\"},\"potentialAction\":[{\"@type\":\"SearchAction\",\"target\":{\"@type\":\"EntryPoint\",\"urlTemplate\":\"https:\\\/\\\/linmot.com\\\/fr\\\/?s={search_term_string}\"},\"query-input\":{\"@type\":\"PropertyValueSpecification\",\"valueRequired\":true,\"valueName\":\"search_term_string\"}}],\"inLanguage\":\"fr-FR\"},{\"@type\":\"Organization\",\"@id\":\"https:\\\/\\\/linmot.com\\\/fr\\\/#organization\",\"name\":\"NTI AG - LinMot & MagSpring\",\"url\":\"https:\\\/\\\/linmot.com\\\/fr\\\/\",\"logo\":{\"@type\":\"ImageObject\",\"inLanguage\":\"fr-FR\",\"@id\":\"https:\\\/\\\/linmot.com\\\/fr\\\/#\\\/schema\\\/logo\\\/image\\\/\",\"url\":\"https:\\\/\\\/linmot.com\\\/fr\\\/wp-content\\\/uploads\\\/sites\\\/3\\\/2022\\\/05\\\/linmot-social-share-logo.jpg\",\"contentUrl\":\"https:\\\/\\\/linmot.com\\\/fr\\\/wp-content\\\/uploads\\\/sites\\\/3\\\/2022\\\/05\\\/linmot-social-share-logo.jpg\",\"width\":800,\"height\":500,\"caption\":\"NTI AG - LinMot & MagSpring\"},\"image\":{\"@id\":\"https:\\\/\\\/linmot.com\\\/fr\\\/#\\\/schema\\\/logo\\\/image\\\/\"},\"sameAs\":[\"https:\\\/\\\/www.linkedin.com\\\/company\\\/nti-ag-linmot-magspring\",\"https:\\\/\\\/www.youtube.com\\\/user\\\/LinMotEurope\"]}]}<\/script>\n<!-- \/ Yoast SEO Premium plugin. -->","yoast_head_json":{"title":"Servo Drives - La commande de positionnement","description":"Les Servo Drives LinMot sont des r\u00e9gulateurs de positionnement compacts int\u00e9grant \u00e0 la fois la partie puissance pour le pilotage des moteurs ainsi que la partie contr\u00f4le de position.","robots":{"index":"index","follow":"follow","max-snippet":"max-snippet:-1","max-image-preview":"max-image-preview:large","max-video-preview":"max-video-preview:-1"},"canonical":"https:\/\/linmot.com\/fr\/produits\/servo-drives\/","og_locale":"fr_FR","og_type":"article","og_title":"Variateurs de commande - La commande de positionnement","og_description":"Les variateurs de commande LinMot sont des r\u00e9gulateurs de positionnement compacts int\u00e9grant \u00e0 la fois la partie puissance pour le pilotage des moteurs ainsi que la partie contr\u00f4le de position.","og_url":"https:\/\/linmot.com\/fr\/produits\/servo-drives\/","og_site_name":"LinMot &amp; MagSpring - Fran\u00e7ais","article_modified_time":"2024-09-09T13:50:07+00:00","og_image":[{"url":"https:\/\/linmot.com\/de\/wp-content\/uploads\/sites\/2\/2022\/03\/linmot-servoantriebe-uebersichtsbild.jpg","type":"","width":"","height":""}],"twitter_card":"summary_large_image","twitter_title":"Variateurs de commande - La commande de positionnement","twitter_description":"Les Servo Drives LinMot sont des r\u00e9gulateurs de positionnement compacts int\u00e9grant \u00e0 la fois la partie puissance pour le pilotage des moteurs ainsi que la partie contr\u00f4le de position.","twitter_image":"https:\/\/linmot.com\/fr\/wp-content\/uploads\/sites\/3\/2021\/07\/all-servo-drives-overview.jpg","twitter_misc":{"Dur\u00e9e de lecture estim\u00e9e":"4 minutes"},"schema":{"@context":"https:\/\/schema.org","@graph":[{"@type":"WebPage","@id":"https:\/\/linmot.com\/fr\/produits\/servo-drives\/","url":"https:\/\/linmot.com\/fr\/produits\/servo-drives\/","name":"Servo Drives - La commande de positionnement","isPartOf":{"@id":"https:\/\/linmot.com\/fr\/#website"},"primaryImageOfPage":{"@id":"https:\/\/linmot.com\/fr\/produits\/servo-drives\/#primaryimage"},"image":{"@id":"https:\/\/linmot.com\/fr\/produits\/servo-drives\/#primaryimage"},"thumbnailUrl":"https:\/\/linmot.com\/de\/wp-content\/uploads\/sites\/2\/2022\/03\/linmot-servoantriebe-uebersichtsbild.jpg","datePublished":"2017-10-20T21:33:25+00:00","dateModified":"2024-09-09T13:50:07+00:00","description":"Les Servo Drives LinMot sont des r\u00e9gulateurs de positionnement compacts int\u00e9grant \u00e0 la fois la partie puissance pour le pilotage des moteurs ainsi que la partie contr\u00f4le de position.","breadcrumb":{"@id":"https:\/\/linmot.com\/fr\/produits\/servo-drives\/#breadcrumb"},"inLanguage":"fr-FR","potentialAction":[{"@type":"ReadAction","target":["https:\/\/linmot.com\/fr\/produits\/servo-drives\/"]}]},{"@type":"ImageObject","inLanguage":"fr-FR","@id":"https:\/\/linmot.com\/fr\/produits\/servo-drives\/#primaryimage","url":"https:\/\/linmot.com\/de\/wp-content\/uploads\/sites\/2\/2022\/03\/linmot-servoantriebe-uebersichtsbild.jpg","contentUrl":"https:\/\/linmot.com\/de\/wp-content\/uploads\/sites\/2\/2022\/03\/linmot-servoantriebe-uebersichtsbild.jpg"},{"@type":"BreadcrumbList","@id":"https:\/\/linmot.com\/fr\/produits\/servo-drives\/#breadcrumb","itemListElement":[{"@type":"ListItem","position":1,"name":"Home","item":"https:\/\/linmot.com\/fr\/"},{"@type":"ListItem","position":2,"name":"Produits","item":"https:\/\/linmot.com\/fr\/produits\/"},{"@type":"ListItem","position":3,"name":"Servo Drives"}]},{"@type":"WebSite","@id":"https:\/\/linmot.com\/fr\/#website","url":"https:\/\/linmot.com\/fr\/","name":"LinMot &amp; MagSpring - Fran\u00e7ais","description":"Moteurs lin\u00e9aires et des syst\u00e8mes de moteurs lin\u00e9aires de haute qualit\u00e9","publisher":{"@id":"https:\/\/linmot.com\/fr\/#organization"},"potentialAction":[{"@type":"SearchAction","target":{"@type":"EntryPoint","urlTemplate":"https:\/\/linmot.com\/fr\/?s={search_term_string}"},"query-input":{"@type":"PropertyValueSpecification","valueRequired":true,"valueName":"search_term_string"}}],"inLanguage":"fr-FR"},{"@type":"Organization","@id":"https:\/\/linmot.com\/fr\/#organization","name":"NTI AG - LinMot & MagSpring","url":"https:\/\/linmot.com\/fr\/","logo":{"@type":"ImageObject","inLanguage":"fr-FR","@id":"https:\/\/linmot.com\/fr\/#\/schema\/logo\/image\/","url":"https:\/\/linmot.com\/fr\/wp-content\/uploads\/sites\/3\/2022\/05\/linmot-social-share-logo.jpg","contentUrl":"https:\/\/linmot.com\/fr\/wp-content\/uploads\/sites\/3\/2022\/05\/linmot-social-share-logo.jpg","width":800,"height":500,"caption":"NTI AG - LinMot & MagSpring"},"image":{"@id":"https:\/\/linmot.com\/fr\/#\/schema\/logo\/image\/"},"sameAs":["https:\/\/www.linkedin.com\/company\/nti-ag-linmot-magspring","https:\/\/www.youtube.com\/user\/LinMotEurope"]}]}},"_links":{"self":[{"href":"https:\/\/linmot.com\/fr\/wp-json\/wp\/v2\/pages\/46","targetHints":{"allow":["GET"]}}],"collection":[{"href":"https:\/\/linmot.com\/fr\/wp-json\/wp\/v2\/pages"}],"about":[{"href":"https:\/\/linmot.com\/fr\/wp-json\/wp\/v2\/types\/page"}],"author":[{"embeddable":true,"href":"https:\/\/linmot.com\/fr\/wp-json\/wp\/v2\/users\/1"}],"replies":[{"embeddable":true,"href":"https:\/\/linmot.com\/fr\/wp-json\/wp\/v2\/comments?post=46"}],"version-history":[{"count":21,"href":"https:\/\/linmot.com\/fr\/wp-json\/wp\/v2\/pages\/46\/revisions"}],"predecessor-version":[{"id":3396,"href":"https:\/\/linmot.com\/fr\/wp-json\/wp\/v2\/pages\/46\/revisions\/3396"}],"up":[{"embeddable":true,"href":"https:\/\/linmot.com\/fr\/wp-json\/wp\/v2\/pages\/1210"}],"wp:attachment":[{"href":"https:\/\/linmot.com\/fr\/wp-json\/wp\/v2\/media?parent=46"}],"curies":[{"name":"wp","href":"https:\/\/api.w.org\/{rel}","templated":true}]}}