{"id":446,"date":"2017-12-10T20:01:16","date_gmt":"2017-12-10T19:01:16","guid":{"rendered":"https:\/\/linmot.com\/?page_id=446"},"modified":"2024-09-02T15:45:19","modified_gmt":"2024-09-02T13:45:19","slug":"software-compatibility","status":"publish","type":"page","link":"https:\/\/linmot.com\/fr\/download\/linmot-talk-drive-configuration\/software-compatibility\/","title":{"rendered":"Software Compatibility"},"content":{"rendered":"<img loading=\"lazy\" decoding=\"async\" class=\"aligncenter size-full wp-image-5240\" src=\"https:\/\/linmot.com\/de\/wp-content\/uploads\/sites\/2\/2024\/09\/uebersicht-software-kompatibilitaet.jpg\" alt=\"\" width=\"471\" height=\"190\" \/>\n<div class=\"row\">\n<div class=\"col-md-4\">\n<h4 class=\"download-title\">Installation manuals<\/h4>\n<p class=\"bodytext\">LinMot-Talk on Windows 7 (64Bit) using XP mode<\/p>\n<\/div>\n<div class=\"col-md-8\">\n<div class=\"download-box\"><a href=\"https:\/\/linmot.com\/fileadmin\/\/user_upload\/Downloads\/software-firmware\/software-compatibility\/Install_LinMot-Talk_XP_Mode_e_recent.pdf\" target=\"_blank\" rel=\"noopener noreferrer\"><span class=\"name\">English<\/span><span class=\"size\">294.62 KB<\/span><\/a><\/div>\n<\/div>\n<\/div>\n<div class=\"row\">\n<div class=\"col-md-4\">\n<p class=\"bodytext\">LinMot-Talk on Windows 8 (64Bit) using VMware<\/p>\n<\/div>\n<div class=\"col-md-8\">\n<div class=\"download-box\"><a href=\"https:\/\/linmot.com\/fileadmin\/\/user_upload\/Downloads\/software-firmware\/software-compatibility\/Install_LinMot-Talk_Win8_e_recent.pdf\" target=\"_blank\" rel=\"noopener noreferrer\"><span class=\"name\">English<\/span><span class=\"size\">349.54 KB<\/span><\/a><\/div>\n<\/div>\n<\/div>\n","protected":false},"excerpt":{"rendered":"<p>Installation manuals LinMot-Talk on Windows 7 (64Bit) using XP mode English294.62 KB LinMot-Talk on Windows 8 (64Bit) using VMware English349.54 KB<\/p>\n","protected":false},"author":1,"featured_media":0,"parent":427,"menu_order":125,"comment_status":"closed","ping_status":"closed","template":"","meta":{"_acf_changed":false,"footnotes":""},"class_list":["post-446","page","type-page","status-publish","hentry"],"acf":[],"yoast_head":"<!-- This site is optimized with the Yoast SEO Premium plugin v20.9 (Yoast SEO v27.2) - https:\/\/yoast.com\/product\/yoast-seo-premium-wordpress\/ -->\n<title>Software Compatibility - LinMot &amp; MagSpring - Fran\u00e7ais<\/title>\n<meta name=\"description\" content=\"Cet aper\u00e7u montre avec quels syst\u00e8mes d&#039;exploitation Windows nos diff\u00e9rents logiciels LinMot sont compatibles.\" \/>\n<meta name=\"robots\" content=\"index, follow, max-snippet:-1, max-image-preview:large, max-video-preview:-1\" \/>\n<link rel=\"canonical\" href=\"https:\/\/linmot.com\/download\/linmot-talk-drive-configuration\/software-compatibility\/\" \/>\n<meta property=\"og:locale\" content=\"fr_FR\" \/>\n<meta property=\"og:type\" content=\"article\" \/>\n<meta property=\"og:title\" content=\"Software Compatibility\" \/>\n<meta property=\"og:description\" content=\"Cet aper\u00e7u montre avec quels syst\u00e8mes d&#039;exploitation Windows nos diff\u00e9rents logiciels LinMot sont compatibles.\" \/>\n<meta property=\"og:url\" content=\"https:\/\/linmot.com\/download\/linmot-talk-drive-configuration\/software-compatibility\/\" \/>\n<meta property=\"og:site_name\" content=\"LinMot &amp; MagSpring - Fran\u00e7ais\" \/>\n<meta property=\"article:modified_time\" content=\"2024-09-02T13:45:19+00:00\" \/>\n<meta property=\"og:image\" content=\"https:\/\/linmot.com\/de\/wp-content\/uploads\/sites\/2\/2024\/09\/uebersicht-software-kompatibilitaet.jpg\" \/>\n<meta name=\"twitter:card\" content=\"summary_large_image\" \/>\n<meta name=\"twitter:label1\" content=\"Dur\u00e9e de lecture estim\u00e9e\" \/>\n\t<meta name=\"twitter:data1\" content=\"1 minute\" \/>\n<script type=\"application\/ld+json\" class=\"yoast-schema-graph\">{\"@context\":\"https:\/\/schema.org\",\"@graph\":[{\"@type\":\"WebPage\",\"@id\":\"https:\/\/linmot.com\/fr\/download\/linmot-talk-drive-configuration\/software-compatibility\/\",\"url\":\"https:\/\/linmot.com\/download\/linmot-talk-drive-configuration\/software-compatibility\/\",\"name\":\"Software Compatibility - LinMot &amp; MagSpring - Fran\u00e7ais\",\"isPartOf\":{\"@id\":\"https:\/\/linmot.com\/fr\/#website\"},\"primaryImageOfPage\":{\"@id\":\"https:\/\/linmot.com\/download\/linmot-talk-drive-configuration\/software-compatibility\/#primaryimage\"},\"image\":{\"@id\":\"https:\/\/linmot.com\/download\/linmot-talk-drive-configuration\/software-compatibility\/#primaryimage\"},\"thumbnailUrl\":\"https:\/\/linmot.com\/de\/wp-content\/uploads\/sites\/2\/2024\/09\/uebersicht-software-kompatibilitaet.jpg\",\"datePublished\":\"2017-12-10T19:01:16+00:00\",\"dateModified\":\"2024-09-02T13:45:19+00:00\",\"description\":\"Cet aper\u00e7u montre avec quels syst\u00e8mes d'exploitation Windows nos diff\u00e9rents logiciels LinMot sont compatibles.\",\"breadcrumb\":{\"@id\":\"https:\/\/linmot.com\/download\/linmot-talk-drive-configuration\/software-compatibility\/#breadcrumb\"},\"inLanguage\":\"fr-FR\",\"potentialAction\":[{\"@type\":\"ReadAction\",\"target\":[\"https:\/\/linmot.com\/download\/linmot-talk-drive-configuration\/software-compatibility\/\"]}]},{\"@type\":\"ImageObject\",\"inLanguage\":\"fr-FR\",\"@id\":\"https:\/\/linmot.com\/download\/linmot-talk-drive-configuration\/software-compatibility\/#primaryimage\",\"url\":\"https:\/\/linmot.com\/de\/wp-content\/uploads\/sites\/2\/2024\/09\/uebersicht-software-kompatibilitaet.jpg\",\"contentUrl\":\"https:\/\/linmot.com\/de\/wp-content\/uploads\/sites\/2\/2024\/09\/uebersicht-software-kompatibilitaet.jpg\"},{\"@type\":\"BreadcrumbList\",\"@id\":\"https:\/\/linmot.com\/download\/linmot-talk-drive-configuration\/software-compatibility\/#breadcrumb\",\"itemListElement\":[{\"@type\":\"ListItem\",\"position\":1,\"name\":\"Home\",\"item\":\"https:\/\/linmot.com\/fr\/\"},{\"@type\":\"ListItem\",\"position\":2,\"name\":\"T\u00e9l\u00e9charger\",\"item\":\"https:\/\/linmot.com\/fr\/download\/\"},{\"@type\":\"ListItem\",\"position\":3,\"name\":\"LinMot Talk (Drive-configuration)\",\"item\":\"https:\/\/linmot.com\/fr\/download\/linmot-talk-drive-configuration\/\"},{\"@type\":\"ListItem\",\"position\":4,\"name\":\"Software Compatibility\"}]},{\"@type\":\"WebSite\",\"@id\":\"https:\/\/linmot.com\/fr\/#website\",\"url\":\"https:\/\/linmot.com\/fr\/\",\"name\":\"LinMot &amp; MagSpring - Fran\u00e7ais\",\"description\":\"Moteurs lin\u00e9aires et des syst\u00e8mes de moteurs lin\u00e9aires de haute qualit\u00e9\",\"publisher\":{\"@id\":\"https:\/\/linmot.com\/fr\/#organization\"},\"potentialAction\":[{\"@type\":\"SearchAction\",\"target\":{\"@type\":\"EntryPoint\",\"urlTemplate\":\"https:\/\/linmot.com\/fr\/?s={search_term_string}\"},\"query-input\":{\"@type\":\"PropertyValueSpecification\",\"valueRequired\":true,\"valueName\":\"search_term_string\"}}],\"inLanguage\":\"fr-FR\"},{\"@type\":\"Organization\",\"@id\":\"https:\/\/linmot.com\/fr\/#organization\",\"name\":\"NTI AG - LinMot & MagSpring\",\"url\":\"https:\/\/linmot.com\/fr\/\",\"logo\":{\"@type\":\"ImageObject\",\"inLanguage\":\"fr-FR\",\"@id\":\"https:\/\/linmot.com\/fr\/#\/schema\/logo\/image\/\",\"url\":\"https:\/\/linmot.com\/fr\/wp-content\/uploads\/sites\/3\/2022\/05\/linmot-social-share-logo.jpg\",\"contentUrl\":\"https:\/\/linmot.com\/fr\/wp-content\/uploads\/sites\/3\/2022\/05\/linmot-social-share-logo.jpg\",\"width\":800,\"height\":500,\"caption\":\"NTI AG - LinMot & MagSpring\"},\"image\":{\"@id\":\"https:\/\/linmot.com\/fr\/#\/schema\/logo\/image\/\"},\"sameAs\":[\"https:\/\/www.linkedin.com\/company\/nti-ag-linmot-magspring\",\"https:\/\/www.youtube.com\/user\/LinMotEurope\"]}]}<\/script>\n<!-- \/ Yoast SEO Premium plugin. -->","yoast_head_json":{"title":"Software Compatibility - LinMot &amp; MagSpring - Fran\u00e7ais","description":"Cet aper\u00e7u montre avec quels syst\u00e8mes d'exploitation Windows nos diff\u00e9rents logiciels LinMot sont compatibles.","robots":{"index":"index","follow":"follow","max-snippet":"max-snippet:-1","max-image-preview":"max-image-preview:large","max-video-preview":"max-video-preview:-1"},"canonical":"https:\/\/linmot.com\/download\/linmot-talk-drive-configuration\/software-compatibility\/","og_locale":"fr_FR","og_type":"article","og_title":"Software Compatibility","og_description":"Cet aper\u00e7u montre avec quels syst\u00e8mes d'exploitation Windows nos diff\u00e9rents logiciels LinMot sont compatibles.","og_url":"https:\/\/linmot.com\/download\/linmot-talk-drive-configuration\/software-compatibility\/","og_site_name":"LinMot &amp; MagSpring - Fran\u00e7ais","article_modified_time":"2024-09-02T13:45:19+00:00","og_image":[{"url":"https:\/\/linmot.com\/de\/wp-content\/uploads\/sites\/2\/2024\/09\/uebersicht-software-kompatibilitaet.jpg","type":"","width":"","height":""}],"twitter_card":"summary_large_image","twitter_misc":{"Dur\u00e9e de lecture estim\u00e9e":"1 minute"},"schema":{"@context":"https:\/\/schema.org","@graph":[{"@type":"WebPage","@id":"https:\/\/linmot.com\/fr\/download\/linmot-talk-drive-configuration\/software-compatibility\/","url":"https:\/\/linmot.com\/download\/linmot-talk-drive-configuration\/software-compatibility\/","name":"Software Compatibility - LinMot &amp; MagSpring - Fran\u00e7ais","isPartOf":{"@id":"https:\/\/linmot.com\/fr\/#website"},"primaryImageOfPage":{"@id":"https:\/\/linmot.com\/download\/linmot-talk-drive-configuration\/software-compatibility\/#primaryimage"},"image":{"@id":"https:\/\/linmot.com\/download\/linmot-talk-drive-configuration\/software-compatibility\/#primaryimage"},"thumbnailUrl":"https:\/\/linmot.com\/de\/wp-content\/uploads\/sites\/2\/2024\/09\/uebersicht-software-kompatibilitaet.jpg","datePublished":"2017-12-10T19:01:16+00:00","dateModified":"2024-09-02T13:45:19+00:00","description":"Cet aper\u00e7u montre avec quels syst\u00e8mes d'exploitation Windows nos diff\u00e9rents logiciels LinMot sont compatibles.","breadcrumb":{"@id":"https:\/\/linmot.com\/download\/linmot-talk-drive-configuration\/software-compatibility\/#breadcrumb"},"inLanguage":"fr-FR","potentialAction":[{"@type":"ReadAction","target":["https:\/\/linmot.com\/download\/linmot-talk-drive-configuration\/software-compatibility\/"]}]},{"@type":"ImageObject","inLanguage":"fr-FR","@id":"https:\/\/linmot.com\/download\/linmot-talk-drive-configuration\/software-compatibility\/#primaryimage","url":"https:\/\/linmot.com\/de\/wp-content\/uploads\/sites\/2\/2024\/09\/uebersicht-software-kompatibilitaet.jpg","contentUrl":"https:\/\/linmot.com\/de\/wp-content\/uploads\/sites\/2\/2024\/09\/uebersicht-software-kompatibilitaet.jpg"},{"@type":"BreadcrumbList","@id":"https:\/\/linmot.com\/download\/linmot-talk-drive-configuration\/software-compatibility\/#breadcrumb","itemListElement":[{"@type":"ListItem","position":1,"name":"Home","item":"https:\/\/linmot.com\/fr\/"},{"@type":"ListItem","position":2,"name":"T\u00e9l\u00e9charger","item":"https:\/\/linmot.com\/fr\/download\/"},{"@type":"ListItem","position":3,"name":"LinMot Talk (Drive-configuration)","item":"https:\/\/linmot.com\/fr\/download\/linmot-talk-drive-configuration\/"},{"@type":"ListItem","position":4,"name":"Software Compatibility"}]},{"@type":"WebSite","@id":"https:\/\/linmot.com\/fr\/#website","url":"https:\/\/linmot.com\/fr\/","name":"LinMot &amp; MagSpring - Fran\u00e7ais","description":"Moteurs lin\u00e9aires et des syst\u00e8mes de moteurs lin\u00e9aires de haute qualit\u00e9","publisher":{"@id":"https:\/\/linmot.com\/fr\/#organization"},"potentialAction":[{"@type":"SearchAction","target":{"@type":"EntryPoint","urlTemplate":"https:\/\/linmot.com\/fr\/?s={search_term_string}"},"query-input":{"@type":"PropertyValueSpecification","valueRequired":true,"valueName":"search_term_string"}}],"inLanguage":"fr-FR"},{"@type":"Organization","@id":"https:\/\/linmot.com\/fr\/#organization","name":"NTI AG - LinMot & MagSpring","url":"https:\/\/linmot.com\/fr\/","logo":{"@type":"ImageObject","inLanguage":"fr-FR","@id":"https:\/\/linmot.com\/fr\/#\/schema\/logo\/image\/","url":"https:\/\/linmot.com\/fr\/wp-content\/uploads\/sites\/3\/2022\/05\/linmot-social-share-logo.jpg","contentUrl":"https:\/\/linmot.com\/fr\/wp-content\/uploads\/sites\/3\/2022\/05\/linmot-social-share-logo.jpg","width":800,"height":500,"caption":"NTI AG - LinMot & MagSpring"},"image":{"@id":"https:\/\/linmot.com\/fr\/#\/schema\/logo\/image\/"},"sameAs":["https:\/\/www.linkedin.com\/company\/nti-ag-linmot-magspring","https:\/\/www.youtube.com\/user\/LinMotEurope"]}]}},"_links":{"self":[{"href":"https:\/\/linmot.com\/fr\/wp-json\/wp\/v2\/pages\/446","targetHints":{"allow":["GET"]}}],"collection":[{"href":"https:\/\/linmot.com\/fr\/wp-json\/wp\/v2\/pages"}],"about":[{"href":"https:\/\/linmot.com\/fr\/wp-json\/wp\/v2\/types\/page"}],"author":[{"embeddable":true,"href":"https:\/\/linmot.com\/fr\/wp-json\/wp\/v2\/users\/1"}],"replies":[{"embeddable":true,"href":"https:\/\/linmot.com\/fr\/wp-json\/wp\/v2\/comments?post=446"}],"version-history":[{"count":4,"href":"https:\/\/linmot.com\/fr\/wp-json\/wp\/v2\/pages\/446\/revisions"}],"predecessor-version":[{"id":3485,"href":"https:\/\/linmot.com\/fr\/wp-json\/wp\/v2\/pages\/446\/revisions\/3485"}],"up":[{"embeddable":true,"href":"https:\/\/linmot.com\/fr\/wp-json\/wp\/v2\/pages\/427"}],"wp:attachment":[{"href":"https:\/\/linmot.com\/fr\/wp-json\/wp\/v2\/media?parent=446"}],"curies":[{"name":"wp","href":"https:\/\/api.w.org\/{rel}","templated":true}]}}