{"id":431,"date":"2017-12-10T19:54:35","date_gmt":"2017-12-10T18:54:35","guid":{"rendered":"https:\/\/linmot.com\/?page_id=431"},"modified":"2023-05-15T14:57:42","modified_gmt":"2023-05-15T12:57:42","slug":"brochures","status":"publish","type":"page","link":"https:\/\/linmot.com\/fr\/brochures\/","title":{"rendered":"Brochures"},"content":{"rendered":"<div class=\"brochures\">\n<div class=\"row download\">\n<div class=\"col-md-4\">\n<h4 class=\"download-title\">News 2020<\/h4>\n<p class=\"bodytext\">Product News 2020<\/p>\n<\/div>\n<div class=\"col-md-8\">\n<div class=\"row\">\n<div class=\"col-md-6\">\n<div class=\"download-box\"><a href=\"https:\/\/linmot.com\/fileadmin\/\/user_upload\/Downloads\/Brochures\/Product_news_2020_EN.pdf\" target=\"_blank\" rel=\"noopener noreferrer\"><span class=\"name\">ENG<\/span><span class=\"size\">5.4 MB<\/span><\/a><\/div>\n<\/div>\n<div class=\"col-md-6\">\n<div class=\"download-box\"><a href=\"https:\/\/linmot.com\/fileadmin\/\/user_upload\/Downloads\/Brochures\/Product_news_2020_DE.pdf\" target=\"_blank\" rel=\"noopener noreferrer\"><span class=\"name\">DE<\/span><span class=\"size\">5.4 MB<\/span><\/a><\/div>\n<\/div>\n<\/div>\n<\/div>\n<\/div>\n<div class=\"row download\">\n<div class=\"col-md-4\">\n<h4 class=\"download-title\">Industrial Linear Motors<\/h4>\n<p class=\"bodytext\">Product Overview<\/p>\n<\/div>\n<div class=\"col-md-8\">\n<div class=\"row\">\n<div class=\"col-md-3\">\n<div class=\"download-box\"><a href=\"https:\/\/linmot.com\/fileadmin\/\/user_upload\/Downloads\/Brochures\/0185-1100-EN_1V2_Product_Overview.pdf\" target=\"_blank\" rel=\"noopener noreferrer\"><span class=\"name\">ENG<\/span><span class=\"size\">6.95 MB<\/span><\/a><\/div>\n<\/div>\n<div class=\"col-md-3\">\n<div class=\"download-box\"><a href=\"https:\/\/linmot.com\/fileadmin\/\/user_upload\/Downloads\/Brochures\/0185-1100-DE_1V2_Product_Overview.pdf\" target=\"_blank\" rel=\"noopener noreferrer\"><span class=\"name\">DE<\/span><span class=\"size\">6.66 MB<\/span><\/a><\/div>\n<\/div>\n<div class=\"col-md-3\">\n<div class=\"download-box\"><a href=\"https:\/\/linmot.com\/fileadmin\/\/user_upload\/Downloads\/Brochures\/0185-1100-IT_1V1_Product_Overview.pdf\" target=\"_blank\" rel=\"noopener noreferrer\"><span class=\"name\">IT<\/span><span class=\"size\">5.41 MB<\/span><\/a><\/div>\n<\/div>\n<div class=\"col-md-3\">\n<div class=\"download-box\"><a href=\"https:\/\/linmot.com\/fileadmin\/\/user_upload\/Downloads\/Brochures\/0185-1100-FR_1V1_Product_Overview.pdf\" target=\"_blank\" rel=\"noopener noreferrer\"><span class=\"name\">FR<\/span><span class=\"size\">4.91 MB<\/span><\/a><\/div>\n<\/div>\n<div class=\"show-more-box\">\n<div class=\"col-md-3\">\n<div class=\"download-box\"><a href=\"https:\/\/linmot.com\/fileadmin\/\/user_upload\/Downloads\/Brochures\/0185-1100-ES_1V2_Product_Overview.pdf\" target=\"_blank\" rel=\"noopener noreferrer\"><span class=\"name\">ES<\/span><span class=\"size\">11.40 MB<\/span><\/a><\/div>\n<\/div>\n<div class=\"col-md-3\">\n<div class=\"download-box\"><a href=\"https:\/\/linmot.com\/fileadmin\/\/user_upload\/Downloads\/Brochures\/0185-1100-TR_1V1_Product_Overview.pdf\" target=\"_blank\" rel=\"noopener noreferrer\"><span class=\"name\">TR<\/span><span class=\"size\">4.30 MB<\/span><\/a><\/div>\n<\/div>\n<div class=\"col-md-3\">\n<div class=\"download-box\"><a href=\"https:\/\/linmot.com\/fileadmin\/\/user_upload\/Downloads\/Brochures\/0185-1100-SE_1V1_Product_Overview.pdf\" target=\"_blank\" rel=\"noopener noreferrer\"><span class=\"name\">SE<\/span><span class=\"size\">6.29 MB<\/span><\/a><\/div>\n<\/div>\n<div class=\"col-md-3\">\n<div class=\"download-box\"><a href=\"https:\/\/linmot.com\/fileadmin\/\/user_upload\/Downloads\/Brochures\/0185-1100-US_1V1_Product_Overview.pdf\" target=\"_blank\" rel=\"noopener noreferrer\"><span class=\"name\">US<\/span><span class=\"size\">4.14 MB<\/span><\/a><\/div>\n<\/div>\n<\/div>\n<p><a class=\"show-more-button more\" href=\"#\"><span class=\"more-text\">Show more<\/span><span class=\"less-text\">Show less<\/span><\/a><\/p>\n<\/div>\n<\/div>\n<\/div>\n<div class=\"row download\">\n<div class=\"col-md-4\">\n<h4 class=\"download-title\">Linear Rotary Motors<\/h4>\n<p class=\"bodytext\">Closure applications with LinMot Linear Rotary Motors<\/p>\n<\/div>\n<div class=\"col-md-8\">\n<div class=\"row\">\n<div class=\"col-md-3\">\n<div class=\"download-box\"><a href=\"https:\/\/linmot.com\/fileadmin\/\/user_upload\/Downloads\/databooks\/xxxx-xxxx-EN_1V0_HubDreh_Verschliessen.pdf\" target=\"_blank\" rel=\"noopener noreferrer\"><span class=\"name\">ENG<\/span><span class=\"size\">4.25 MB<\/span><\/a><\/div>\n<\/div>\n<div class=\"col-md-3\">\n<div class=\"download-box\"><a href=\"https:\/\/linmot.com\/fileadmin\/\/user_upload\/Downloads\/databooks\/xxxx-xxxx-DE_1V0_HubDreh_Verschliessen.pdf\" target=\"_blank\" rel=\"noopener noreferrer\"><span class=\"name\">DE<\/span><span class=\"size\">4.25 MB<\/span><\/a><\/div>\n<\/div>\n<div class=\"col-md-3\">\n<div class=\"download-box\"><a href=\"https:\/\/linmot.com\/fileadmin\/\/user_upload\/Downloads\/databooks\/0185-1121-ITA_1V0_HubDreh_Verschliessen.pdf\" target=\"_blank\" rel=\"noopener noreferrer\"><span class=\"name\">IT<\/span><span class=\"size\">4.25 MB<\/span><\/a><\/div>\n<\/div>\n<div class=\"col-md-3\">\n<div class=\"download-box\"><a href=\"https:\/\/linmot.com\/fileadmin\/\/user_upload\/Downloads\/databooks\/0185-1121-FR_1V0_HubDreh_Verschliessen.pdf\" target=\"_blank\" rel=\"noopener noreferrer\"><span class=\"name\">FR<\/span><span class=\"size\">4.25 MB<\/span><\/a><\/div>\n<\/div>\n<div class=\"show-more-box\">\n<div class=\"col-md-3\">\n<div class=\"download-box\"><a href=\"https:\/\/linmot.com\/wp-content\/uploads\/2019\/05\/0185-0092-EN_1V0_PR02_Intelligent_Assembly.pdf\" target=\"_blank\" rel=\"noopener noreferrer\"><span class=\"name\">ENG<\/span><span class=\"size\">4.7 MB<\/span><\/a><\/div>\n<\/div>\n<div class=\"col-md-3\">\n<div class=\"download-box\"><a href=\"https:\/\/linmot.com\/wp-content\/uploads\/2019\/05\/0185-0092-DE_1V0_PR02_Intelligentes_Assemblieren.pdf\" target=\"_blank\" rel=\"noopener noreferrer\"><span class=\"name\">DE<\/span><span class=\"size\">4.7 MB<\/span><\/a><\/div>\n<\/div>\n<div class=\"col-md-3\">\n<div class=\"download-box\"><a href=\"https:\/\/linmot.com\/wp-content\/uploads\/2019\/05\/0185-0092-FR_1V0_PR02_Assemblage_Intelligent.pdf\" target=\"_blank\" rel=\"noopener noreferrer\"><span class=\"name\">FR<\/span><span class=\"size\">4.7 MB<\/span><\/a><\/div>\n<\/div>\n<\/div>\n<p><a class=\"show-more-button more\" href=\"#\"><span class=\"more-text\">Show more<\/span><span class=\"less-text\">Show less<\/span><\/a><\/p>\n<\/div>\n<\/div>\n<\/div>\n<div class=\"row download\">\n<div class=\"col-md-4\">\n<h4 class=\"download-title\">Linear Rotary Motors PR02<\/h4>\n<p class=\"bodytext\">Intelligent assembly<\/p>\n<\/div>\n<div class=\"col-md-8\">\n<div class=\"row\">\n<div class=\"col-md-3\">\n<div class=\"download-box\"><a href=\"https:\/\/linmot.com\/wp-content\/uploads\/2019\/05\/0185-0092-EN_1V0_PR02_Intelligent_Assembly.pdf\" target=\"_blank\" rel=\"noopener noreferrer\"><span class=\"name\">ENG<\/span><span class=\"size\">4.7 MB<\/span><\/a><\/div>\n<\/div>\n<div class=\"col-md-3\">\n<div class=\"download-box\"><a href=\"https:\/\/linmot.com\/wp-content\/uploads\/2019\/05\/0185-0092-DE_1V0_PR02_Intelligentes_Assemblieren.pdf\" target=\"_blank\" rel=\"noopener noreferrer\"><span class=\"name\">DE<\/span><span class=\"size\">4.7 MB<\/span><\/a><\/div>\n<\/div>\n<div class=\"col-md-3\">\n<div class=\"download-box\"><a href=\"https:\/\/linmot.com\/wp-content\/uploads\/2019\/05\/0185-0092-FR_1V0_PR02_Assemblage_Intelligent.pdf\" target=\"_blank\" rel=\"noopener noreferrer\"><span class=\"name\">FR<\/span><span class=\"size\">4.7 MB<\/span><\/a><\/div>\n<\/div>\n<\/div>\n<\/div>\n<\/div>\n<div class=\"row download\">\n<div class=\"col-md-4\">\n<h4 class=\"download-title\">Cost optimization for linear motion<\/h4>\n<p class=\"bodytext\">Replacement for pneumatics<\/p>\n<\/div>\n<div class=\"col-md-8\">\n<div class=\"row\">\n<div class=\"col-md-3\">\n<div class=\"download-box\"><a href=\"https:\/\/linmot.com\/fileadmin\/\/user_upload\/Downloads\/databooks\/D-1V0_BR_Cost_optimization_.pdf\" target=\"_blank\" rel=\"noopener noreferrer\"><span class=\"name\">ENG<\/span><span class=\"size\">847.55 KB<\/span><\/a><\/div>\n<\/div>\n<div class=\"col-md-3\">\n<div class=\"download-box\"><a href=\"https:\/\/linmot.com\/fileadmin\/\/user_upload\/Downloads\/databooks\/D-1V0_BR_Kostenoptimierung_.pdf\" target=\"_blank\" rel=\"noopener noreferrer\"><span class=\"name\">DE<\/span><span class=\"size\">782.16 KB<\/span><\/a><\/div>\n<\/div>\n<div class=\"col-md-3\">\n<div class=\"download-box\"><a href=\"https:\/\/linmot.com\/fileadmin\/\/user_upload\/Downloads\/databooks\/0185-1117-IT_20120821_Pneumatic_Cost_Comparision.pdf\" target=\"_blank\" rel=\"noopener noreferrer\"><span class=\"name\">IT<\/span><span class=\"size\">1.47 MB<\/span><\/a><\/div>\n<\/div>\n<div class=\"col-md-3\">\n<div class=\"download-box\"><a href=\"https:\/\/linmot.com\/fileadmin\/\/user_upload\/Downloads\/databooks\/0185-1117-FR_20120111_Pneumatic_Cost_Comparision.pdf\" target=\"_blank\" rel=\"noopener noreferrer\"><span class=\"name\">FR<\/span><span class=\"size\">5.35 MB<\/span><\/a><\/div>\n<\/div>\n<div class=\"show-more-box\">\n<div class=\"col-md-3\">\n<div class=\"download-box\"><a href=\"https:\/\/linmot.com\/fileadmin\/\/user_upload\/Downloads\/databooks\/0185-1117-SE_20120209_Pneumatic_Cost_Comparision.pdf\" target=\"_blank\" rel=\"noopener noreferrer\"><span class=\"name\">SWE<\/span><span class=\"size\">6.83 MB<\/span><\/a><\/div>\n<\/div>\n<div class=\"col-md-3\">\n<div class=\"download-box\"><a href=\"https:\/\/linmot.com\/fileadmin\/\/user_upload\/Downloads\/databooks\/0185-1117-HU_20120210_Pneumatic_Cost_Comparision.pdf\" target=\"_blank\" rel=\"noopener noreferrer\"><span class=\"name\">HU<\/span><span class=\"size\">4.23 MB<\/span><\/a><\/div>\n<\/div>\n<div class=\"col-md-3\">\n<div class=\"download-box\"><a href=\"https:\/\/linmot.com\/fileadmin\/\/user_upload\/Downloads\/databooks\/0185-1117-CZ_20120127_Pneumatic_Cost_Comparision.pdf\" target=\"_blank\" rel=\"noopener noreferrer\"><span class=\"name\">CZ<\/span><span class=\"size\">5.16 MB<\/span><\/a><\/div>\n<\/div>\n<\/div>\n<p><a class=\"show-more-button more\" href=\"#\"><span class=\"more-text\">Show more<\/span><span class=\"less-text\">Show less<\/span><\/a><\/p>\n<\/div>\n<\/div>\n<\/div>\n<\/div>\n","protected":false},"excerpt":{"rendered":"<p>News 2020 Product News 2020 ENG5.4 MB DE5.4 MB Industrial Linear Motors Product Overview ENG6.95 MB DE6.66 MB IT5.41 MB FR4.91 MB ES11.40 MB TR4.30 MB SE6.29 MB US4.14 MB Show moreShow less Linear Rotary Motors Closure applications with LinMot Linear Rotary Motors ENG4.25 MB DE4.25 MB IT4.25 MB FR4.25 MB ENG4.7 MB DE4.7 MB [&hellip;]<\/p>\n","protected":false},"author":1,"featured_media":0,"parent":0,"menu_order":65,"comment_status":"closed","ping_status":"closed","template":"","meta":{"_acf_changed":false,"footnotes":""},"class_list":["post-431","page","type-page","status-publish","hentry"],"acf":[],"yoast_head":"<!-- This site is optimized with the Yoast SEO Premium plugin v20.9 (Yoast SEO v27.2) - https:\/\/yoast.com\/product\/yoast-seo-premium-wordpress\/ -->\n<title>Brochures - LinMot &amp; MagSpring - Fran\u00e7ais<\/title>\n<meta name=\"description\" content=\"Vous trouverez ici les prospectus actuels de nos produits, pr\u00eats \u00e0 \u00eatre t\u00e9l\u00e9charg\u00e9s en diff\u00e9rentes langues.\" \/>\n<meta name=\"robots\" content=\"index, follow, max-snippet:-1, max-image-preview:large, max-video-preview:-1\" \/>\n<link rel=\"canonical\" href=\"https:\/\/linmot.com\/fr\/brochures\/\" \/>\n<meta property=\"og:locale\" content=\"fr_FR\" \/>\n<meta property=\"og:type\" content=\"article\" \/>\n<meta property=\"og:title\" content=\"Brochures\" \/>\n<meta property=\"og:description\" content=\"Vous trouverez ici les prospectus actuels de nos produits, pr\u00eats \u00e0 \u00eatre t\u00e9l\u00e9charg\u00e9s en diff\u00e9rentes langues.\" \/>\n<meta property=\"og:url\" content=\"https:\/\/linmot.com\/fr\/brochures\/\" \/>\n<meta property=\"og:site_name\" content=\"LinMot &amp; MagSpring - Fran\u00e7ais\" \/>\n<meta property=\"article:modified_time\" content=\"2023-05-15T12:57:42+00:00\" \/>\n<meta property=\"og:image\" content=\"https:\/\/linmot.com\/fr\/wp-content\/uploads\/sites\/3\/2022\/05\/linmot-social-share-logo.jpg\" \/>\n\t<meta property=\"og:image:width\" content=\"800\" \/>\n\t<meta property=\"og:image:height\" content=\"500\" \/>\n\t<meta property=\"og:image:type\" content=\"image\/jpeg\" \/>\n<meta name=\"twitter:card\" content=\"summary_large_image\" \/>\n<meta name=\"twitter:description\" content=\"Vous trouverez ici les prospectus actuels de nos produits, pr\u00eats \u00e0 \u00eatre t\u00e9l\u00e9charg\u00e9s en diff\u00e9rentes langues.\" \/>\n<meta name=\"twitter:label1\" content=\"Dur\u00e9e de lecture estim\u00e9e\" \/>\n\t<meta name=\"twitter:data1\" content=\"1 minute\" \/>\n<script type=\"application\/ld+json\" class=\"yoast-schema-graph\">{\"@context\":\"https:\/\/schema.org\",\"@graph\":[{\"@type\":\"WebPage\",\"@id\":\"https:\/\/linmot.com\/fr\/brochures\/\",\"url\":\"https:\/\/linmot.com\/fr\/brochures\/\",\"name\":\"Brochures - LinMot &amp; MagSpring - Fran\u00e7ais\",\"isPartOf\":{\"@id\":\"https:\/\/linmot.com\/fr\/#website\"},\"datePublished\":\"2017-12-10T18:54:35+00:00\",\"dateModified\":\"2023-05-15T12:57:42+00:00\",\"description\":\"Vous trouverez ici les prospectus actuels de nos produits, pr\u00eats \u00e0 \u00eatre t\u00e9l\u00e9charg\u00e9s en diff\u00e9rentes langues.\",\"breadcrumb\":{\"@id\":\"https:\/\/linmot.com\/fr\/brochures\/#breadcrumb\"},\"inLanguage\":\"fr-FR\",\"potentialAction\":[{\"@type\":\"ReadAction\",\"target\":[\"https:\/\/linmot.com\/fr\/brochures\/\"]}]},{\"@type\":\"BreadcrumbList\",\"@id\":\"https:\/\/linmot.com\/fr\/brochures\/#breadcrumb\",\"itemListElement\":[{\"@type\":\"ListItem\",\"position\":1,\"name\":\"Home\",\"item\":\"https:\/\/linmot.com\/fr\/\"},{\"@type\":\"ListItem\",\"position\":2,\"name\":\"Brochures\"}]},{\"@type\":\"WebSite\",\"@id\":\"https:\/\/linmot.com\/fr\/#website\",\"url\":\"https:\/\/linmot.com\/fr\/\",\"name\":\"LinMot &amp; MagSpring - Fran\u00e7ais\",\"description\":\"Moteurs lin\u00e9aires et des syst\u00e8mes de moteurs lin\u00e9aires de haute qualit\u00e9\",\"publisher\":{\"@id\":\"https:\/\/linmot.com\/fr\/#organization\"},\"potentialAction\":[{\"@type\":\"SearchAction\",\"target\":{\"@type\":\"EntryPoint\",\"urlTemplate\":\"https:\/\/linmot.com\/fr\/?s={search_term_string}\"},\"query-input\":{\"@type\":\"PropertyValueSpecification\",\"valueRequired\":true,\"valueName\":\"search_term_string\"}}],\"inLanguage\":\"fr-FR\"},{\"@type\":\"Organization\",\"@id\":\"https:\/\/linmot.com\/fr\/#organization\",\"name\":\"NTI AG - LinMot & MagSpring\",\"url\":\"https:\/\/linmot.com\/fr\/\",\"logo\":{\"@type\":\"ImageObject\",\"inLanguage\":\"fr-FR\",\"@id\":\"https:\/\/linmot.com\/fr\/#\/schema\/logo\/image\/\",\"url\":\"https:\/\/linmot.com\/fr\/wp-content\/uploads\/sites\/3\/2022\/05\/linmot-social-share-logo.jpg\",\"contentUrl\":\"https:\/\/linmot.com\/fr\/wp-content\/uploads\/sites\/3\/2022\/05\/linmot-social-share-logo.jpg\",\"width\":800,\"height\":500,\"caption\":\"NTI AG - LinMot & MagSpring\"},\"image\":{\"@id\":\"https:\/\/linmot.com\/fr\/#\/schema\/logo\/image\/\"},\"sameAs\":[\"https:\/\/www.linkedin.com\/company\/nti-ag-linmot-magspring\",\"https:\/\/www.youtube.com\/user\/LinMotEurope\"]}]}<\/script>\n<!-- \/ Yoast SEO Premium plugin. -->","yoast_head_json":{"title":"Brochures - LinMot &amp; MagSpring - Fran\u00e7ais","description":"Vous trouverez ici les prospectus actuels de nos produits, pr\u00eats \u00e0 \u00eatre t\u00e9l\u00e9charg\u00e9s en diff\u00e9rentes langues.","robots":{"index":"index","follow":"follow","max-snippet":"max-snippet:-1","max-image-preview":"max-image-preview:large","max-video-preview":"max-video-preview:-1"},"canonical":"https:\/\/linmot.com\/fr\/brochures\/","og_locale":"fr_FR","og_type":"article","og_title":"Brochures","og_description":"Vous trouverez ici les prospectus actuels de nos produits, pr\u00eats \u00e0 \u00eatre t\u00e9l\u00e9charg\u00e9s en diff\u00e9rentes langues.","og_url":"https:\/\/linmot.com\/fr\/brochures\/","og_site_name":"LinMot &amp; MagSpring - Fran\u00e7ais","article_modified_time":"2023-05-15T12:57:42+00:00","og_image":[{"width":800,"height":500,"url":"https:\/\/linmot.com\/fr\/wp-content\/uploads\/sites\/3\/2022\/05\/linmot-social-share-logo.jpg","type":"image\/jpeg"}],"twitter_card":"summary_large_image","twitter_description":"Vous trouverez ici les prospectus actuels de nos produits, pr\u00eats \u00e0 \u00eatre t\u00e9l\u00e9charg\u00e9s en diff\u00e9rentes langues.","twitter_misc":{"Dur\u00e9e de lecture estim\u00e9e":"1 minute"},"schema":{"@context":"https:\/\/schema.org","@graph":[{"@type":"WebPage","@id":"https:\/\/linmot.com\/fr\/brochures\/","url":"https:\/\/linmot.com\/fr\/brochures\/","name":"Brochures - LinMot &amp; MagSpring - Fran\u00e7ais","isPartOf":{"@id":"https:\/\/linmot.com\/fr\/#website"},"datePublished":"2017-12-10T18:54:35+00:00","dateModified":"2023-05-15T12:57:42+00:00","description":"Vous trouverez ici les prospectus actuels de nos produits, pr\u00eats \u00e0 \u00eatre t\u00e9l\u00e9charg\u00e9s en diff\u00e9rentes langues.","breadcrumb":{"@id":"https:\/\/linmot.com\/fr\/brochures\/#breadcrumb"},"inLanguage":"fr-FR","potentialAction":[{"@type":"ReadAction","target":["https:\/\/linmot.com\/fr\/brochures\/"]}]},{"@type":"BreadcrumbList","@id":"https:\/\/linmot.com\/fr\/brochures\/#breadcrumb","itemListElement":[{"@type":"ListItem","position":1,"name":"Home","item":"https:\/\/linmot.com\/fr\/"},{"@type":"ListItem","position":2,"name":"Brochures"}]},{"@type":"WebSite","@id":"https:\/\/linmot.com\/fr\/#website","url":"https:\/\/linmot.com\/fr\/","name":"LinMot &amp; MagSpring - Fran\u00e7ais","description":"Moteurs lin\u00e9aires et des syst\u00e8mes de moteurs lin\u00e9aires de haute qualit\u00e9","publisher":{"@id":"https:\/\/linmot.com\/fr\/#organization"},"potentialAction":[{"@type":"SearchAction","target":{"@type":"EntryPoint","urlTemplate":"https:\/\/linmot.com\/fr\/?s={search_term_string}"},"query-input":{"@type":"PropertyValueSpecification","valueRequired":true,"valueName":"search_term_string"}}],"inLanguage":"fr-FR"},{"@type":"Organization","@id":"https:\/\/linmot.com\/fr\/#organization","name":"NTI AG - LinMot & MagSpring","url":"https:\/\/linmot.com\/fr\/","logo":{"@type":"ImageObject","inLanguage":"fr-FR","@id":"https:\/\/linmot.com\/fr\/#\/schema\/logo\/image\/","url":"https:\/\/linmot.com\/fr\/wp-content\/uploads\/sites\/3\/2022\/05\/linmot-social-share-logo.jpg","contentUrl":"https:\/\/linmot.com\/fr\/wp-content\/uploads\/sites\/3\/2022\/05\/linmot-social-share-logo.jpg","width":800,"height":500,"caption":"NTI AG - LinMot & MagSpring"},"image":{"@id":"https:\/\/linmot.com\/fr\/#\/schema\/logo\/image\/"},"sameAs":["https:\/\/www.linkedin.com\/company\/nti-ag-linmot-magspring","https:\/\/www.youtube.com\/user\/LinMotEurope"]}]}},"_links":{"self":[{"href":"https:\/\/linmot.com\/fr\/wp-json\/wp\/v2\/pages\/431","targetHints":{"allow":["GET"]}}],"collection":[{"href":"https:\/\/linmot.com\/fr\/wp-json\/wp\/v2\/pages"}],"about":[{"href":"https:\/\/linmot.com\/fr\/wp-json\/wp\/v2\/types\/page"}],"author":[{"embeddable":true,"href":"https:\/\/linmot.com\/fr\/wp-json\/wp\/v2\/users\/1"}],"replies":[{"embeddable":true,"href":"https:\/\/linmot.com\/fr\/wp-json\/wp\/v2\/comments?post=431"}],"version-history":[{"count":2,"href":"https:\/\/linmot.com\/fr\/wp-json\/wp\/v2\/pages\/431\/revisions"}],"predecessor-version":[{"id":2582,"href":"https:\/\/linmot.com\/fr\/wp-json\/wp\/v2\/pages\/431\/revisions\/2582"}],"wp:attachment":[{"href":"https:\/\/linmot.com\/fr\/wp-json\/wp\/v2\/media?parent=431"}],"curies":[{"name":"wp","href":"https:\/\/api.w.org\/{rel}","templated":true}]}}