{"id":425,"date":"2017-12-10T19:52:09","date_gmt":"2017-12-10T18:52:09","guid":{"rendered":"https:\/\/linmot.com\/?page_id=425"},"modified":"2024-12-16T13:53:56","modified_gmt":"2024-12-16T12:53:56","slug":"linmot-designer","status":"publish","type":"page","link":"https:\/\/linmot.com\/fr\/download\/linmot-designer\/","title":{"rendered":"LinMot Designer"},"content":{"rendered":"<p>The use of a linear drive system starts with sizing of the linear motors. To support the designer during this step, LinMot provides an easy-to-use tool, the LinMot Designer program.<\/p>\n<p>LinMot Designer quickly calculates the parameters required for selection of a drive, based on the required motion sequences and loads, and shows them in relation to the selected motor and controller type.<\/p>\n<h3>LinMot-Designer 1.11<\/h3>\n<div class=\"row\">\n<div class=\"col-md-4\">\n<h4 class=\"download-title\">LinMot-Designer 1.11.1<\/h4>\n<p class=\"bodytext\">Setup installe le LinMot Designer et les documents associ\u00e9s sur le PC.<br \/>\nVersion du programme 1.11.1, version du fichier de donn\u00e9es: 39<\/p>\n<\/div>\n<div class=\"col-md-8\">\n<div class=\"download-box\"><a href=\"https:\/\/linmot.com\/fileadmin\/\/user_upload\/Downloads\/software-firmware\/motor-sizing\/lindesign_setup_1_11_1_d39.exe\" target=\"_blank\" rel=\"noopener noreferrer\"><span class=\"name\">Setup<\/span><span class=\"size\">9.0 MB<\/span><\/a><\/div>\n<\/div>\n<\/div>\n<div class=\"row\">\n<div class=\"col-md-4\">\n<h4 class=\"download-title\">Release Info<\/h4>\n<p class=\"bodytext\">Nouveaux composants, nouvelles fonctions, am\u00e9liorations et corrections de bogues.<\/p>\n<\/div>\n<div class=\"col-md-8\">\n<div class=\"download-box\"><a href=\"https:\/\/linmot.com\/fileadmin\/\/user_upload\/Downloads\/software-firmware\/motor-sizing\/LinMotDesigner_UpdateInfo39.pdf\" target=\"_blank\" rel=\"noopener noreferrer\"><span class=\"name\">PDF<\/span><span class=\"size\">81 KB<\/span><\/a><\/div>\n<\/div>\n<\/div>\n<div class=\"row\">\n<div class=\"col-md-4\">\n<h4 class=\"download-title\">Tutorial<\/h4>\n<p class=\"bodytext\">Introduction au logiciel avec des exemples d&rsquo;utilisation.<\/p>\n<\/div>\n<div class=\"col-md-8\">\n<div class=\"download-box\"><a href=\"https:\/\/linmot.com\/fileadmin\/\/user_upload\/Downloads\/software-firmware\/motor-sizing\/Tutorial_LinMot_Designer_1.11.1.pdf\" target=\"_blank\" rel=\"noopener noreferrer\"><span class=\"name\">PDF<\/span><span class=\"size\">3.0 MB<\/span><\/a><\/div>\n<\/div>\n<\/div>\n<div class=\"row\">\n<div class=\"col-md-4\">\n<p><b>Relevant content<\/b><\/p>\n<p class=\"bodytext\"><a href=\"\/fr\/download\/linmot-talk-drive-configuration\/software-compatibility\/\">Software Compatibility<\/a><\/p>\n<\/div>\n<\/div>\n<div class=\"row\">\n<div class=\"col-md-4\"><a class=\"button\" href=\"https:\/\/linmot.com\/fr\/download\/linmot-designer\/linmot-designer-old-versions\/\">View Old Versions<\/a><\/div>\n<\/div>\n","protected":false},"excerpt":{"rendered":"<p>The use of a linear drive system starts with sizing of the linear motors. To support the designer during this step, LinMot provides an easy-to-use tool, the LinMot Designer program. LinMot Designer quickly calculates the parameters required for selection of a drive, based on the required motion sequences and loads, and shows them in relation [&hellip;]<\/p>\n","protected":false},"author":1,"featured_media":0,"parent":10,"menu_order":91,"comment_status":"closed","ping_status":"closed","template":"","meta":{"_acf_changed":false,"footnotes":""},"class_list":["post-425","page","type-page","status-publish","hentry"],"acf":[],"yoast_head":"<!-- This site is optimized with the Yoast SEO Premium plugin v20.9 (Yoast SEO v27.2) - https:\/\/yoast.com\/product\/yoast-seo-premium-wordpress\/ -->\n<title>LinMot-Designer - Quel moteur convient le mieux ? | LinMot<\/title>\n<meta name=\"description\" content=\"LinMot propose des moteurs de diff\u00e9rentes tailles. Ces vid\u00e9os expliquent comment trouver la bonne taille avec l&#039;aide du LinMot Designer.\" \/>\n<meta name=\"robots\" content=\"index, follow, max-snippet:-1, max-image-preview:large, max-video-preview:-1\" \/>\n<link rel=\"canonical\" href=\"https:\/\/linmot.com\/download\/linmot-designer\/\" \/>\n<meta property=\"og:locale\" content=\"fr_FR\" \/>\n<meta property=\"og:type\" content=\"article\" \/>\n<meta property=\"og:title\" content=\"LinMot Designer\" \/>\n<meta property=\"og:description\" content=\"LinMot propose des moteurs de diff\u00e9rentes tailles. Ces vid\u00e9os expliquent comment trouver la bonne taille avec l&#039;aide du LinMot Designer.\" \/>\n<meta property=\"og:url\" content=\"https:\/\/linmot.com\/download\/linmot-designer\/\" \/>\n<meta property=\"og:site_name\" content=\"LinMot &amp; MagSpring - Fran\u00e7ais\" \/>\n<meta property=\"article:modified_time\" content=\"2024-12-16T12:53:56+00:00\" \/>\n<meta property=\"og:image\" content=\"https:\/\/linmot.com\/fr\/wp-content\/uploads\/sites\/3\/2022\/05\/linmot-social-share-logo.jpg\" \/>\n\t<meta property=\"og:image:width\" content=\"800\" \/>\n\t<meta property=\"og:image:height\" content=\"500\" \/>\n\t<meta property=\"og:image:type\" content=\"image\/jpeg\" \/>\n<meta name=\"twitter:card\" content=\"summary_large_image\" \/>\n<meta name=\"twitter:label1\" content=\"Dur\u00e9e de lecture estim\u00e9e\" \/>\n\t<meta name=\"twitter:data1\" content=\"1 minute\" \/>\n<script type=\"application\/ld+json\" class=\"yoast-schema-graph\">{\"@context\":\"https:\/\/schema.org\",\"@graph\":[{\"@type\":\"WebPage\",\"@id\":\"https:\/\/linmot.com\/fr\/download\/linmot-designer\/\",\"url\":\"https:\/\/linmot.com\/download\/linmot-designer\/\",\"name\":\"LinMot-Designer - Quel moteur convient le mieux ? | LinMot\",\"isPartOf\":{\"@id\":\"https:\/\/linmot.com\/fr\/#website\"},\"datePublished\":\"2017-12-10T18:52:09+00:00\",\"dateModified\":\"2024-12-16T12:53:56+00:00\",\"description\":\"LinMot propose des moteurs de diff\u00e9rentes tailles. Ces vid\u00e9os expliquent comment trouver la bonne taille avec l'aide du LinMot Designer.\",\"breadcrumb\":{\"@id\":\"https:\/\/linmot.com\/download\/linmot-designer\/#breadcrumb\"},\"inLanguage\":\"fr-FR\",\"potentialAction\":[{\"@type\":\"ReadAction\",\"target\":[\"https:\/\/linmot.com\/download\/linmot-designer\/\"]}]},{\"@type\":\"BreadcrumbList\",\"@id\":\"https:\/\/linmot.com\/download\/linmot-designer\/#breadcrumb\",\"itemListElement\":[{\"@type\":\"ListItem\",\"position\":1,\"name\":\"Home\",\"item\":\"https:\/\/linmot.com\/fr\/\"},{\"@type\":\"ListItem\",\"position\":2,\"name\":\"T\u00e9l\u00e9charger\",\"item\":\"https:\/\/linmot.com\/fr\/download\/\"},{\"@type\":\"ListItem\",\"position\":3,\"name\":\"LinMot Designer\"}]},{\"@type\":\"WebSite\",\"@id\":\"https:\/\/linmot.com\/fr\/#website\",\"url\":\"https:\/\/linmot.com\/fr\/\",\"name\":\"LinMot &amp; MagSpring - Fran\u00e7ais\",\"description\":\"Moteurs lin\u00e9aires et des syst\u00e8mes de moteurs lin\u00e9aires de haute qualit\u00e9\",\"publisher\":{\"@id\":\"https:\/\/linmot.com\/fr\/#organization\"},\"potentialAction\":[{\"@type\":\"SearchAction\",\"target\":{\"@type\":\"EntryPoint\",\"urlTemplate\":\"https:\/\/linmot.com\/fr\/?s={search_term_string}\"},\"query-input\":{\"@type\":\"PropertyValueSpecification\",\"valueRequired\":true,\"valueName\":\"search_term_string\"}}],\"inLanguage\":\"fr-FR\"},{\"@type\":\"Organization\",\"@id\":\"https:\/\/linmot.com\/fr\/#organization\",\"name\":\"NTI AG - LinMot & MagSpring\",\"url\":\"https:\/\/linmot.com\/fr\/\",\"logo\":{\"@type\":\"ImageObject\",\"inLanguage\":\"fr-FR\",\"@id\":\"https:\/\/linmot.com\/fr\/#\/schema\/logo\/image\/\",\"url\":\"https:\/\/linmot.com\/fr\/wp-content\/uploads\/sites\/3\/2022\/05\/linmot-social-share-logo.jpg\",\"contentUrl\":\"https:\/\/linmot.com\/fr\/wp-content\/uploads\/sites\/3\/2022\/05\/linmot-social-share-logo.jpg\",\"width\":800,\"height\":500,\"caption\":\"NTI AG - LinMot & MagSpring\"},\"image\":{\"@id\":\"https:\/\/linmot.com\/fr\/#\/schema\/logo\/image\/\"},\"sameAs\":[\"https:\/\/www.linkedin.com\/company\/nti-ag-linmot-magspring\",\"https:\/\/www.youtube.com\/user\/LinMotEurope\"]}]}<\/script>\n<!-- \/ Yoast SEO Premium plugin. -->","yoast_head_json":{"title":"LinMot-Designer - Quel moteur convient le mieux ? | LinMot","description":"LinMot propose des moteurs de diff\u00e9rentes tailles. Ces vid\u00e9os expliquent comment trouver la bonne taille avec l'aide du LinMot Designer.","robots":{"index":"index","follow":"follow","max-snippet":"max-snippet:-1","max-image-preview":"max-image-preview:large","max-video-preview":"max-video-preview:-1"},"canonical":"https:\/\/linmot.com\/download\/linmot-designer\/","og_locale":"fr_FR","og_type":"article","og_title":"LinMot Designer","og_description":"LinMot propose des moteurs de diff\u00e9rentes tailles. Ces vid\u00e9os expliquent comment trouver la bonne taille avec l'aide du LinMot Designer.","og_url":"https:\/\/linmot.com\/download\/linmot-designer\/","og_site_name":"LinMot &amp; MagSpring - Fran\u00e7ais","article_modified_time":"2024-12-16T12:53:56+00:00","og_image":[{"width":800,"height":500,"url":"https:\/\/linmot.com\/fr\/wp-content\/uploads\/sites\/3\/2022\/05\/linmot-social-share-logo.jpg","type":"image\/jpeg"}],"twitter_card":"summary_large_image","twitter_misc":{"Dur\u00e9e de lecture estim\u00e9e":"1 minute"},"schema":{"@context":"https:\/\/schema.org","@graph":[{"@type":"WebPage","@id":"https:\/\/linmot.com\/fr\/download\/linmot-designer\/","url":"https:\/\/linmot.com\/download\/linmot-designer\/","name":"LinMot-Designer - Quel moteur convient le mieux ? | LinMot","isPartOf":{"@id":"https:\/\/linmot.com\/fr\/#website"},"datePublished":"2017-12-10T18:52:09+00:00","dateModified":"2024-12-16T12:53:56+00:00","description":"LinMot propose des moteurs de diff\u00e9rentes tailles. Ces vid\u00e9os expliquent comment trouver la bonne taille avec l'aide du LinMot Designer.","breadcrumb":{"@id":"https:\/\/linmot.com\/download\/linmot-designer\/#breadcrumb"},"inLanguage":"fr-FR","potentialAction":[{"@type":"ReadAction","target":["https:\/\/linmot.com\/download\/linmot-designer\/"]}]},{"@type":"BreadcrumbList","@id":"https:\/\/linmot.com\/download\/linmot-designer\/#breadcrumb","itemListElement":[{"@type":"ListItem","position":1,"name":"Home","item":"https:\/\/linmot.com\/fr\/"},{"@type":"ListItem","position":2,"name":"T\u00e9l\u00e9charger","item":"https:\/\/linmot.com\/fr\/download\/"},{"@type":"ListItem","position":3,"name":"LinMot Designer"}]},{"@type":"WebSite","@id":"https:\/\/linmot.com\/fr\/#website","url":"https:\/\/linmot.com\/fr\/","name":"LinMot &amp; MagSpring - Fran\u00e7ais","description":"Moteurs lin\u00e9aires et des syst\u00e8mes de moteurs lin\u00e9aires de haute qualit\u00e9","publisher":{"@id":"https:\/\/linmot.com\/fr\/#organization"},"potentialAction":[{"@type":"SearchAction","target":{"@type":"EntryPoint","urlTemplate":"https:\/\/linmot.com\/fr\/?s={search_term_string}"},"query-input":{"@type":"PropertyValueSpecification","valueRequired":true,"valueName":"search_term_string"}}],"inLanguage":"fr-FR"},{"@type":"Organization","@id":"https:\/\/linmot.com\/fr\/#organization","name":"NTI AG - LinMot & MagSpring","url":"https:\/\/linmot.com\/fr\/","logo":{"@type":"ImageObject","inLanguage":"fr-FR","@id":"https:\/\/linmot.com\/fr\/#\/schema\/logo\/image\/","url":"https:\/\/linmot.com\/fr\/wp-content\/uploads\/sites\/3\/2022\/05\/linmot-social-share-logo.jpg","contentUrl":"https:\/\/linmot.com\/fr\/wp-content\/uploads\/sites\/3\/2022\/05\/linmot-social-share-logo.jpg","width":800,"height":500,"caption":"NTI AG - LinMot & MagSpring"},"image":{"@id":"https:\/\/linmot.com\/fr\/#\/schema\/logo\/image\/"},"sameAs":["https:\/\/www.linkedin.com\/company\/nti-ag-linmot-magspring","https:\/\/www.youtube.com\/user\/LinMotEurope"]}]}},"_links":{"self":[{"href":"https:\/\/linmot.com\/fr\/wp-json\/wp\/v2\/pages\/425","targetHints":{"allow":["GET"]}}],"collection":[{"href":"https:\/\/linmot.com\/fr\/wp-json\/wp\/v2\/pages"}],"about":[{"href":"https:\/\/linmot.com\/fr\/wp-json\/wp\/v2\/types\/page"}],"author":[{"embeddable":true,"href":"https:\/\/linmot.com\/fr\/wp-json\/wp\/v2\/users\/1"}],"replies":[{"embeddable":true,"href":"https:\/\/linmot.com\/fr\/wp-json\/wp\/v2\/comments?post=425"}],"version-history":[{"count":14,"href":"https:\/\/linmot.com\/fr\/wp-json\/wp\/v2\/pages\/425\/revisions"}],"predecessor-version":[{"id":3614,"href":"https:\/\/linmot.com\/fr\/wp-json\/wp\/v2\/pages\/425\/revisions\/3614"}],"up":[{"embeddable":true,"href":"https:\/\/linmot.com\/fr\/wp-json\/wp\/v2\/pages\/10"}],"wp:attachment":[{"href":"https:\/\/linmot.com\/fr\/wp-json\/wp\/v2\/media?parent=425"}],"curies":[{"name":"wp","href":"https:\/\/api.w.org\/{rel}","templated":true}]}}