{"id":42,"date":"2017-10-20T23:32:53","date_gmt":"2017-10-20T21:32:53","guid":{"rendered":"https:\/\/linmot.com\/?page_id=42"},"modified":"2024-09-09T16:43:53","modified_gmt":"2024-09-09T14:43:53","slug":"moteur-atex","status":"publish","type":"page","link":"https:\/\/linmot.com\/fr\/produits\/moteurs-lineaire\/moteur-atex\/","title":{"rendered":"Moteur ATEX"},"content":{"rendered":"<p align=\"justify\"><strong>Les zones contenant une atmosph\u00e8re de gaz explosive, un m\u00e9lange d\u2019air, de vapeur ou des poussi\u00e8res combustibles n\u00e9cessitent l\u2019utilisation d\u2019entra\u00eenements \u00e9lectriques sp\u00e9ciaux. Le moteur LinMot ATEX a \u00e9t\u00e9 d\u00e9velopp\u00e9 pour r\u00e9pondre aux normes exig\u00e9es dans ce milieu.<\/strong><\/p>\n<hr \/>\n<div class=\"row\">\n<div class=\"col-sm-2\">\n<p><a class=\"button\" href=\"#details\">1. Pr\u00e9cisions<\/a><\/p>\n<\/div>\n<div class=\"col-sm-1\">\n<\/div>\n<div class=\"col-sm-2\">\n<p><a class=\"button\" href=\"#applications\">2. Applications<\/a><\/p>\n<\/div>\n<div class=\"col-sm-1\">\n<\/div>\n<div class=\"col-sm-2\">\n<p><a class=\"button\" href=\"#contact\">3. Contact<\/a><\/p>\n<\/div>\n<\/div>\n<hr \/>\n<h2 id=\"details\">1. Pr\u00e9cisions<\/h2>\n<p align=\"justify\">Les moteurs sont compl\u00e8tement encapsul\u00e9s dans de l\u2019acier inoxydable et ne n\u00e9cessitent pas de joints. Toutes les jonctions sont soud\u00e9es. Le bobinage et le reste des composants internes sont moul\u00e9s dans de la r\u00e9sine \u00e9poxy qui garantit une protection optimale en \u00e9liminant le risque d\u2019\u00e9tincelles.<\/p>\n<p align=\"justify\">Dans une ambiance explosive, la temp\u00e9rature de surface est d\u2019une importance primordiale. C\u2019est pourquoi, un contr\u00f4le de temp\u00e9rature suppl\u00e9mentaire a \u00e9t\u00e9 int\u00e9gr\u00e9 au moteur. En plus des capteurs qui surveillent la temp\u00e9rature des bobinages du stator, des capteurs suppl\u00e9mentaires sont int\u00e9gr\u00e9s \u00e0 l\u2019int\u00e9rieur du corps du moteur.<\/p>\n<p align=\"justify\">Cela permet un suivi de temp\u00e9rature via deux canaux, le canal principal stoppe le fonctionnement du variateur en cas de surchauffe.<br \/>\nEn option, un syst\u00e8me de refroidissement par eau est propos\u00e9 afin de permettre au moteur de fournir une puissance importante et continue.<\/p>\n<p>La gamme de moteurs ATEX se compose de deux tailles avec un large \u00e9ventail de slider. Les courses sont disponibles jusqu\u2019\u00e0 980 mm.<\/p>\n<div class=\"row\">\n<div class=\"col-md-5\">\n<ul>\n<li>Protection inox EN 1.4404\/AISI 316<\/li>\n<li>Conception hygi\u00e9nique<\/li>\n<li>Raccords soud\u00e9s, pas de joints<\/li>\n<li>Enti\u00e8rement encapsul\u00e9s (IP69K)<\/li>\n<li>Refroidissement par eau en option<\/li>\n<li>Destin\u00e9s aux zones 1\/2 (gaz)<\/li>\n<li>Convient pour les zones 21\/22 (poussi\u00e8re)<\/li>\n<\/ul>\n<\/div>\n<div class=\"col-md-7\">\n<div class=\"carousel slide\" id=\"ceddf8794e2e0b6a8139ef9dba1d1e23\" data-ride=\"carousel\">  <div class=\"carousel-inner\" role=\"listbox\">    <div class=\"item active\">      <img decoding=\"async\" src=\"https:\/\/linmot.com\/fr\/wp-content\/uploads\/sites\/3\/2018\/08\/atex-motors-2018-1.jpg\" alt=\"...\">    <\/div>    <div class=\"item\">      <img decoding=\"async\" src=\"https:\/\/linmot.com\/fr\/wp-content\/uploads\/sites\/3\/2018\/08\/atex-motors-2018-4-1.jpg\" alt=\"...\">    <\/div>    <div class=\"item\">      <img decoding=\"async\" src=\"https:\/\/linmot.com\/fr\/wp-content\/uploads\/sites\/3\/2018\/08\/atex-motors-2018-3-1.jpg\" alt=\"...\">    <\/div>    <div class=\"item\">      <img decoding=\"async\" src=\"https:\/\/linmot.com\/fr\/wp-content\/uploads\/sites\/3\/2018\/08\/atex-motors-2018-2-1.jpg\" alt=\"...\">    <\/div>  <\/div><div class=\"navigation\"><a class=\"left carousel-control\" href=\"#ceddf8794e2e0b6a8139ef9dba1d1e23\" role=\"button\" data-slide=\"prev\"><\/a><a class=\"right carousel-control\" href=\"#ceddf8794e2e0b6a8139ef9dba1d1e23\" role=\"button\" data-slide=\"next\"><\/a><\/div><\/div>\n<\/div>\n<\/div>\n<blockquote><p>Entra\u00eenement lin\u00e9aire plus s\u00fbr en cas de risque d\u2019explosion<\/p><\/blockquote>\n<p align=\"justify\">Les moteurs sont d\u00e9velopp\u00e9s pour \u00eatre utilis\u00e9s dans un environnement explosif. Leur construction compacte avec des formes arrondies \u00e9vitent les coins, trous et autres vis et ne permet pas le d\u00e9p\u00f4t de mati\u00e8re explosive. Les risques d\u2019inflammation et de chauffe non uniforme sont fortement minimis\u00e9s. Cette construction garantit un indice de protection \u00ab\u00a0Ex e\u00a0\u00bb.<\/p>\n<p align=\"justify\">L\u2019indice de protection des moteurs est conforme aux normes europ\u00e9ennes en vigueur. Les applications peuvent fonctionner dans les zones 1, 21, 2, 22 correspondant \u00e0 la norme DIN EN 60079-14 qui signifie une atmosph\u00e8re explosive constitu\u00e9e de gaz, vapeur, brume et poussi\u00e8re.<br \/>\nLe moteur LinMot ATEX est \u00e9galement utilis\u00e9 dans un environnement avec une temp\u00e9rature basse d\u2019inflammation (\u00e0 partir de 85 \u00b0 C).<\/p>\n<p align=\"justify\">Le moteur LinMot ATEX est adapt\u00e9 aux industries diverses comme l\u2019imprimerie, la peinture, les machines de traitement du plastique ou encore les industries chimiques, p\u00e9trochimiques et pharmaceutiques.<\/p>\n<p><a class=\"btn btn-active\" href=\"https:\/\/shop.linmot.com\/E\/linear-motors\/linear-motors-atex.htm\" target=\"_blank\" rel=\"noopener noreferrer\">Vers les d\u00e9tails dans le e-catalogue (anglais)<\/a><\/p>\n<h2 id=\"applications\">2. Exemples d\u2019applications<\/h2>\n<div class=\"row download\">\n<div class=\"col-md-3\">\n<h4 class=\"download-title\">Remplissage flexible et rapide<\/h4>\n<p class=\"bodytext\" align=\"justify\">La machine rotative combine les avantages du dosage \u00e0 piston et du dosage de d\u00e9bit : De nombreux utilisateurs souhaitent combiner les avantages du dosage bas\u00e9 sur le dosage de d\u00e9bit avec ceux du dosage \u00e0 piston dans une machine de remplissage rotative. T\u00f6lke, sp\u00e9cialiste des machines d&#8217;emballage, a r\u00e9alis\u00e9 cet exploit en utilisant des moteurs lin\u00e9aires LinMot. L&rsquo;exploitant du syst\u00e8me b\u00e9n\u00e9ficie de temps de changement plus courts, de moins de rejets, de temps d&rsquo;arr\u00eat r\u00e9duits et d&rsquo;une machine plus flexible. Une version flexible et rapide du remplissage.<\/p>\n<p><a class=\"button\" href=\"\/fr\/blog\/remplissage-flexible-et-rapide\/\">Vers l&rsquo;article<\/a><br \/>\n<\/div>\n<div class=\"col-md-2\">\n<img loading=\"lazy\" decoding=\"async\" class=\"alignnone size-full wp-image-1780\" src=\"https:\/\/linmot.com\/fr\/wp-content\/uploads\/sites\/3\/2021\/07\/vorschau-anwendungsbericht-flexibel-und-schnell-abfuellen.jpg\" alt=\"\" width=\"560\" height=\"315\" srcset=\"https:\/\/linmot.com\/fr\/wp-content\/uploads\/sites\/3\/2021\/07\/vorschau-anwendungsbericht-flexibel-und-schnell-abfuellen.jpg 560w, https:\/\/linmot.com\/fr\/wp-content\/uploads\/sites\/3\/2021\/07\/vorschau-anwendungsbericht-flexibel-und-schnell-abfuellen-300x169.jpg 300w\" sizes=\"auto, (max-width: 560px) 100vw, 560px\" \/><br \/>\n<\/div>\n<\/div>\n<h2 id=\"contact\">3. Contact<\/h2>\n<div class=\"row download\">\n<div class=\"col-md-6\">\n<h4 class=\"download-title\">Des questions sur les moteurs atex?<\/h4>\n<p class=\"bodytext\">Nous serons heureux de r\u00e9pondre \u00e0 toutes les questions que vous pourriez avoir sur les moteurs atex.<br \/>\nVeuillez nous contacter en utilisant le formulaire suivant ou appelez-nous au :<\/p>\n<p class=\"bodytext\">Tel: +41 (0)56 419 91 91<\/p>\n<p class=\"bodytext\">L&rsquo;\u00e9quipe LinMot<\/p>\n<\/div>\n<div class=\"col-md-1\">\n<\/div>\n<div class=\"col-md-5\">\n\n<div class=\"wpcf7 no-js\" id=\"wpcf7-f1702-o1\" lang=\"fr-FR\" dir=\"ltr\" data-wpcf7-id=\"1702\">\n<div class=\"screen-reader-response\"><p role=\"status\" aria-live=\"polite\" aria-atomic=\"true\"><\/p> <ul><\/ul><\/div>\n<form action=\"\/fr\/wp-json\/wp\/v2\/pages\/42#wpcf7-f1702-o1\" method=\"post\" class=\"wpcf7-form init\" aria-label=\"Formulaire de contact\" novalidate=\"novalidate\" data-status=\"init\">\n<fieldset class=\"hidden-fields-container\"><input type=\"hidden\" name=\"_wpcf7\" value=\"1702\" \/><input type=\"hidden\" name=\"_wpcf7_version\" value=\"6.1.5\" \/><input type=\"hidden\" name=\"_wpcf7_locale\" value=\"fr_FR\" \/><input type=\"hidden\" name=\"_wpcf7_unit_tag\" value=\"wpcf7-f1702-o1\" \/><input type=\"hidden\" name=\"_wpcf7_container_post\" value=\"0\" \/><input type=\"hidden\" name=\"_wpcf7_posted_data_hash\" value=\"\" \/><input type=\"hidden\" name=\"_wpcf7_recaptcha_response\" value=\"\" \/>\n<\/fieldset>\n<label> Votre nom<br>\n    <span class=\"wpcf7-form-control-wrap\" data-name=\"your-name\"><input size=\"40\" maxlength=\"400\" class=\"wpcf7-form-control wpcf7-text wpcf7-validates-as-required\" aria-required=\"true\" aria-invalid=\"false\" value=\"\" type=\"text\" name=\"your-name\" \/><\/span> <\/label>\n<br>\n<label> Votre entreprise<br>\n    <span class=\"wpcf7-form-control-wrap\" data-name=\"your-company\"><input size=\"40\" maxlength=\"400\" class=\"wpcf7-form-control wpcf7-text wpcf7-validates-as-required\" aria-required=\"true\" aria-invalid=\"false\" value=\"\" type=\"text\" name=\"your-company\" \/><\/span> <\/label>\n<br>\n<label> Code postal<br>\n    <span class=\"wpcf7-form-control-wrap\" data-name=\"your-plz\"><input class=\"wpcf7-form-control wpcf7-number wpcf7-validates-as-required wpcf7-validates-as-number\" aria-required=\"true\" aria-invalid=\"false\" value=\"\" type=\"number\" name=\"your-plz\" \/><\/span> <\/label>\n<br>\n<label> Pays<br>\n    <span class=\"wpcf7-form-control-wrap\" data-name=\"your-country\"><input size=\"40\" maxlength=\"400\" class=\"wpcf7-form-control wpcf7-text wpcf7-validates-as-required\" aria-required=\"true\" aria-invalid=\"false\" value=\"\" type=\"text\" name=\"your-country\" \/><\/span> <\/label>\n<br>\n<label> Votre num\u00e9ro de t\u00e9l\u00e9phone<br>\n    <span class=\"wpcf7-form-control-wrap\" data-name=\"your-number\"><input size=\"40\" maxlength=\"400\" class=\"wpcf7-form-control wpcf7-tel wpcf7-validates-as-required wpcf7-text wpcf7-validates-as-tel\" aria-required=\"true\" aria-invalid=\"false\" value=\"\" type=\"tel\" name=\"your-number\" \/><\/span> <\/label>\n<br>\n<label> Votre e-mail<br>\n    <span class=\"wpcf7-form-control-wrap\" data-name=\"your-email\"><input size=\"40\" maxlength=\"400\" class=\"wpcf7-form-control wpcf7-email wpcf7-validates-as-required wpcf7-text wpcf7-validates-as-email\" aria-required=\"true\" aria-invalid=\"false\" value=\"\" type=\"email\" name=\"your-email\" \/><\/span> <\/label>\n<br>\n<label> Votre message (facultatif)<br>\n    <span class=\"wpcf7-form-control-wrap\" data-name=\"your-message\"><textarea cols=\"40\" rows=\"10\" maxlength=\"2000\" class=\"wpcf7-form-control wpcf7-textarea\" aria-invalid=\"false\" name=\"your-message\"><\/textarea><\/span> <\/label>\n<br>\n<input class=\"wpcf7-form-control wpcf7-submit has-spinner\" type=\"submit\" value=\"Envoyer\" \/><div class=\"wpcf7-response-output\" aria-hidden=\"true\"><\/div>\n<\/form>\n<\/div>\n\n<\/div>\n<\/div>\n","protected":false},"excerpt":{"rendered":"<p>Les zones contenant une atmosph\u00e8re de gaz explosive, un m\u00e9lange d\u2019air, de vapeur ou des poussi\u00e8res combustibles n\u00e9cessitent l\u2019utilisation d\u2019entra\u00eenements \u00e9lectriques sp\u00e9ciaux. Le moteur LinMot ATEX a \u00e9t\u00e9 d\u00e9velopp\u00e9 pour r\u00e9pondre aux normes exig\u00e9es dans ce milieu. 1. Pr\u00e9cisions Les moteurs sont compl\u00e8tement encapsul\u00e9s dans de l\u2019acier inoxydable et ne n\u00e9cessitent pas de joints. Toutes [&hellip;]<\/p>\n","protected":false},"author":1,"featured_media":0,"parent":38,"menu_order":36,"comment_status":"closed","ping_status":"closed","template":"","meta":{"_acf_changed":false,"footnotes":""},"class_list":["post-42","page","type-page","status-publish","hentry"],"acf":[],"yoast_head":"<!-- This site is optimized with the Yoast SEO Premium plugin v20.9 (Yoast SEO v27.2) - https:\/\/yoast.com\/product\/yoast-seo-premium-wordpress\/ -->\n<title>Moteurs ATEX - Entra\u00eenement s\u00fbr sans risque d&#039;explosion | LinMot<\/title>\n<meta name=\"description\" content=\"Les moteurs LinMot ATEX sont utilis\u00e9s dans des atmosph\u00e8res potentiellement explosives avec des m\u00e9langes gaz-vapeur-air inflammables ou des poussi\u00e8res combustibles.\" \/>\n<meta name=\"robots\" content=\"index, follow, max-snippet:-1, max-image-preview:large, max-video-preview:-1\" \/>\n<link rel=\"canonical\" href=\"https:\/\/linmot.com\/fr\/produits\/moteurs-lineaire\/moteur-atex\/\" \/>\n<meta property=\"og:locale\" content=\"fr_FR\" \/>\n<meta property=\"og:type\" content=\"article\" \/>\n<meta property=\"og:title\" content=\"Moteurs ATEX - Entra\u00eenement s\u00fbr sans risque d&#039;explosion | LinMot\" \/>\n<meta property=\"og:description\" content=\"Les moteurs LinMot ATEX sont utilis\u00e9s dans des atmosph\u00e8res potentiellement explosives avec des m\u00e9langes gaz-vapeur-air inflammables ou des poussi\u00e8res combustibles.\" \/>\n<meta property=\"og:url\" content=\"https:\/\/linmot.com\/fr\/produits\/moteurs-lineaire\/moteur-atex\/\" \/>\n<meta property=\"og:site_name\" content=\"LinMot &amp; MagSpring - Fran\u00e7ais\" \/>\n<meta property=\"article:modified_time\" content=\"2024-09-09T14:43:53+00:00\" \/>\n<meta property=\"og:image\" content=\"https:\/\/linmot.com\/fr\/wp-content\/uploads\/sites\/3\/2018\/08\/atex-motors-2018-4-1.jpg\" \/>\n\t<meta property=\"og:image:width\" content=\"612\" \/>\n\t<meta property=\"og:image:height\" content=\"190\" \/>\n\t<meta property=\"og:image:type\" content=\"image\/jpeg\" \/>\n<meta name=\"twitter:card\" content=\"summary_large_image\" \/>\n<meta name=\"twitter:title\" content=\"Moteurs ATEX - Entra\u00eenement s\u00fbr sans risque d&#039;explosion | LinMot\" \/>\n<meta name=\"twitter:description\" content=\"Les moteurs LinMot ATEX sont utilis\u00e9s dans des atmosph\u00e8res potentiellement explosives avec des m\u00e9langes gaz-vapeur-air inflammables ou des poussi\u00e8res combustibles.\" \/>\n<meta name=\"twitter:label1\" content=\"Dur\u00e9e de lecture estim\u00e9e\" \/>\n\t<meta name=\"twitter:data1\" content=\"4 minutes\" \/>\n<script type=\"application\/ld+json\" class=\"yoast-schema-graph\">{\"@context\":\"https:\/\/schema.org\",\"@graph\":[{\"@type\":\"WebPage\",\"@id\":\"https:\/\/linmot.com\/fr\/produits\/moteurs-lineaire\/moteur-atex\/\",\"url\":\"https:\/\/linmot.com\/fr\/produits\/moteurs-lineaire\/moteur-atex\/\",\"name\":\"Moteurs ATEX - Entra\u00eenement s\u00fbr sans risque d'explosion | LinMot\",\"isPartOf\":{\"@id\":\"https:\/\/linmot.com\/fr\/#website\"},\"primaryImageOfPage\":{\"@id\":\"https:\/\/linmot.com\/fr\/produits\/moteurs-lineaire\/moteur-atex\/#primaryimage\"},\"image\":{\"@id\":\"https:\/\/linmot.com\/fr\/produits\/moteurs-lineaire\/moteur-atex\/#primaryimage\"},\"thumbnailUrl\":\"https:\/\/linmot.com\/fr\/wp-content\/uploads\/sites\/3\/2021\/07\/vorschau-anwendungsbericht-flexibel-und-schnell-abfuellen.jpg\",\"datePublished\":\"2017-10-20T21:32:53+00:00\",\"dateModified\":\"2024-09-09T14:43:53+00:00\",\"description\":\"Les moteurs LinMot ATEX sont utilis\u00e9s dans des atmosph\u00e8res potentiellement explosives avec des m\u00e9langes gaz-vapeur-air inflammables ou des poussi\u00e8res combustibles.\",\"breadcrumb\":{\"@id\":\"https:\/\/linmot.com\/fr\/produits\/moteurs-lineaire\/moteur-atex\/#breadcrumb\"},\"inLanguage\":\"fr-FR\",\"potentialAction\":[{\"@type\":\"ReadAction\",\"target\":[\"https:\/\/linmot.com\/fr\/produits\/moteurs-lineaire\/moteur-atex\/\"]}]},{\"@type\":\"ImageObject\",\"inLanguage\":\"fr-FR\",\"@id\":\"https:\/\/linmot.com\/fr\/produits\/moteurs-lineaire\/moteur-atex\/#primaryimage\",\"url\":\"https:\/\/linmot.com\/fr\/wp-content\/uploads\/sites\/3\/2021\/07\/vorschau-anwendungsbericht-flexibel-und-schnell-abfuellen.jpg\",\"contentUrl\":\"https:\/\/linmot.com\/fr\/wp-content\/uploads\/sites\/3\/2021\/07\/vorschau-anwendungsbericht-flexibel-und-schnell-abfuellen.jpg\",\"width\":560,\"height\":315,\"caption\":\"Aper\u00e7u de la note d'application \\\"Remplissage flexible et rapide\"},{\"@type\":\"BreadcrumbList\",\"@id\":\"https:\/\/linmot.com\/fr\/produits\/moteurs-lineaire\/moteur-atex\/#breadcrumb\",\"itemListElement\":[{\"@type\":\"ListItem\",\"position\":1,\"name\":\"Home\",\"item\":\"https:\/\/linmot.com\/fr\/\"},{\"@type\":\"ListItem\",\"position\":2,\"name\":\"Produits\",\"item\":\"https:\/\/linmot.com\/fr\/produits\/\"},{\"@type\":\"ListItem\",\"position\":3,\"name\":\"Moteurs Lin\u00e9aire\",\"item\":\"https:\/\/linmot.com\/fr\/produits\/moteurs-lineaire\/\"},{\"@type\":\"ListItem\",\"position\":4,\"name\":\"Moteur ATEX\"}]},{\"@type\":\"WebSite\",\"@id\":\"https:\/\/linmot.com\/fr\/#website\",\"url\":\"https:\/\/linmot.com\/fr\/\",\"name\":\"LinMot &amp; MagSpring - Fran\u00e7ais\",\"description\":\"Moteurs lin\u00e9aires et des syst\u00e8mes de moteurs lin\u00e9aires de haute qualit\u00e9\",\"publisher\":{\"@id\":\"https:\/\/linmot.com\/fr\/#organization\"},\"potentialAction\":[{\"@type\":\"SearchAction\",\"target\":{\"@type\":\"EntryPoint\",\"urlTemplate\":\"https:\/\/linmot.com\/fr\/?s={search_term_string}\"},\"query-input\":{\"@type\":\"PropertyValueSpecification\",\"valueRequired\":true,\"valueName\":\"search_term_string\"}}],\"inLanguage\":\"fr-FR\"},{\"@type\":\"Organization\",\"@id\":\"https:\/\/linmot.com\/fr\/#organization\",\"name\":\"NTI AG - LinMot & MagSpring\",\"url\":\"https:\/\/linmot.com\/fr\/\",\"logo\":{\"@type\":\"ImageObject\",\"inLanguage\":\"fr-FR\",\"@id\":\"https:\/\/linmot.com\/fr\/#\/schema\/logo\/image\/\",\"url\":\"https:\/\/linmot.com\/fr\/wp-content\/uploads\/sites\/3\/2022\/05\/linmot-social-share-logo.jpg\",\"contentUrl\":\"https:\/\/linmot.com\/fr\/wp-content\/uploads\/sites\/3\/2022\/05\/linmot-social-share-logo.jpg\",\"width\":800,\"height\":500,\"caption\":\"NTI AG - LinMot & MagSpring\"},\"image\":{\"@id\":\"https:\/\/linmot.com\/fr\/#\/schema\/logo\/image\/\"},\"sameAs\":[\"https:\/\/www.linkedin.com\/company\/nti-ag-linmot-magspring\",\"https:\/\/www.youtube.com\/user\/LinMotEurope\"]}]}<\/script>\n<!-- \/ Yoast SEO Premium plugin. -->","yoast_head_json":{"title":"Moteurs ATEX - Entra\u00eenement s\u00fbr sans risque d'explosion | LinMot","description":"Les moteurs LinMot ATEX sont utilis\u00e9s dans des atmosph\u00e8res potentiellement explosives avec des m\u00e9langes gaz-vapeur-air inflammables ou des poussi\u00e8res combustibles.","robots":{"index":"index","follow":"follow","max-snippet":"max-snippet:-1","max-image-preview":"max-image-preview:large","max-video-preview":"max-video-preview:-1"},"canonical":"https:\/\/linmot.com\/fr\/produits\/moteurs-lineaire\/moteur-atex\/","og_locale":"fr_FR","og_type":"article","og_title":"Moteurs ATEX - Entra\u00eenement s\u00fbr sans risque d'explosion | LinMot","og_description":"Les moteurs LinMot ATEX sont utilis\u00e9s dans des atmosph\u00e8res potentiellement explosives avec des m\u00e9langes gaz-vapeur-air inflammables ou des poussi\u00e8res combustibles.","og_url":"https:\/\/linmot.com\/fr\/produits\/moteurs-lineaire\/moteur-atex\/","og_site_name":"LinMot &amp; MagSpring - Fran\u00e7ais","article_modified_time":"2024-09-09T14:43:53+00:00","og_image":[{"width":612,"height":190,"url":"https:\/\/linmot.com\/fr\/wp-content\/uploads\/sites\/3\/2018\/08\/atex-motors-2018-4-1.jpg","type":"image\/jpeg"}],"twitter_card":"summary_large_image","twitter_title":"Moteurs ATEX - Entra\u00eenement s\u00fbr sans risque d'explosion | LinMot","twitter_description":"Les moteurs LinMot ATEX sont utilis\u00e9s dans des atmosph\u00e8res potentiellement explosives avec des m\u00e9langes gaz-vapeur-air inflammables ou des poussi\u00e8res combustibles.","twitter_misc":{"Dur\u00e9e de lecture estim\u00e9e":"4 minutes"},"schema":{"@context":"https:\/\/schema.org","@graph":[{"@type":"WebPage","@id":"https:\/\/linmot.com\/fr\/produits\/moteurs-lineaire\/moteur-atex\/","url":"https:\/\/linmot.com\/fr\/produits\/moteurs-lineaire\/moteur-atex\/","name":"Moteurs ATEX - Entra\u00eenement s\u00fbr sans risque d'explosion | LinMot","isPartOf":{"@id":"https:\/\/linmot.com\/fr\/#website"},"primaryImageOfPage":{"@id":"https:\/\/linmot.com\/fr\/produits\/moteurs-lineaire\/moteur-atex\/#primaryimage"},"image":{"@id":"https:\/\/linmot.com\/fr\/produits\/moteurs-lineaire\/moteur-atex\/#primaryimage"},"thumbnailUrl":"https:\/\/linmot.com\/fr\/wp-content\/uploads\/sites\/3\/2021\/07\/vorschau-anwendungsbericht-flexibel-und-schnell-abfuellen.jpg","datePublished":"2017-10-20T21:32:53+00:00","dateModified":"2024-09-09T14:43:53+00:00","description":"Les moteurs LinMot ATEX sont utilis\u00e9s dans des atmosph\u00e8res potentiellement explosives avec des m\u00e9langes gaz-vapeur-air inflammables ou des poussi\u00e8res combustibles.","breadcrumb":{"@id":"https:\/\/linmot.com\/fr\/produits\/moteurs-lineaire\/moteur-atex\/#breadcrumb"},"inLanguage":"fr-FR","potentialAction":[{"@type":"ReadAction","target":["https:\/\/linmot.com\/fr\/produits\/moteurs-lineaire\/moteur-atex\/"]}]},{"@type":"ImageObject","inLanguage":"fr-FR","@id":"https:\/\/linmot.com\/fr\/produits\/moteurs-lineaire\/moteur-atex\/#primaryimage","url":"https:\/\/linmot.com\/fr\/wp-content\/uploads\/sites\/3\/2021\/07\/vorschau-anwendungsbericht-flexibel-und-schnell-abfuellen.jpg","contentUrl":"https:\/\/linmot.com\/fr\/wp-content\/uploads\/sites\/3\/2021\/07\/vorschau-anwendungsbericht-flexibel-und-schnell-abfuellen.jpg","width":560,"height":315,"caption":"Aper\u00e7u de la note d'application \"Remplissage flexible et rapide"},{"@type":"BreadcrumbList","@id":"https:\/\/linmot.com\/fr\/produits\/moteurs-lineaire\/moteur-atex\/#breadcrumb","itemListElement":[{"@type":"ListItem","position":1,"name":"Home","item":"https:\/\/linmot.com\/fr\/"},{"@type":"ListItem","position":2,"name":"Produits","item":"https:\/\/linmot.com\/fr\/produits\/"},{"@type":"ListItem","position":3,"name":"Moteurs Lin\u00e9aire","item":"https:\/\/linmot.com\/fr\/produits\/moteurs-lineaire\/"},{"@type":"ListItem","position":4,"name":"Moteur ATEX"}]},{"@type":"WebSite","@id":"https:\/\/linmot.com\/fr\/#website","url":"https:\/\/linmot.com\/fr\/","name":"LinMot &amp; MagSpring - Fran\u00e7ais","description":"Moteurs lin\u00e9aires et des syst\u00e8mes de moteurs lin\u00e9aires de haute qualit\u00e9","publisher":{"@id":"https:\/\/linmot.com\/fr\/#organization"},"potentialAction":[{"@type":"SearchAction","target":{"@type":"EntryPoint","urlTemplate":"https:\/\/linmot.com\/fr\/?s={search_term_string}"},"query-input":{"@type":"PropertyValueSpecification","valueRequired":true,"valueName":"search_term_string"}}],"inLanguage":"fr-FR"},{"@type":"Organization","@id":"https:\/\/linmot.com\/fr\/#organization","name":"NTI AG - LinMot & MagSpring","url":"https:\/\/linmot.com\/fr\/","logo":{"@type":"ImageObject","inLanguage":"fr-FR","@id":"https:\/\/linmot.com\/fr\/#\/schema\/logo\/image\/","url":"https:\/\/linmot.com\/fr\/wp-content\/uploads\/sites\/3\/2022\/05\/linmot-social-share-logo.jpg","contentUrl":"https:\/\/linmot.com\/fr\/wp-content\/uploads\/sites\/3\/2022\/05\/linmot-social-share-logo.jpg","width":800,"height":500,"caption":"NTI AG - LinMot & MagSpring"},"image":{"@id":"https:\/\/linmot.com\/fr\/#\/schema\/logo\/image\/"},"sameAs":["https:\/\/www.linkedin.com\/company\/nti-ag-linmot-magspring","https:\/\/www.youtube.com\/user\/LinMotEurope"]}]}},"_links":{"self":[{"href":"https:\/\/linmot.com\/fr\/wp-json\/wp\/v2\/pages\/42","targetHints":{"allow":["GET"]}}],"collection":[{"href":"https:\/\/linmot.com\/fr\/wp-json\/wp\/v2\/pages"}],"about":[{"href":"https:\/\/linmot.com\/fr\/wp-json\/wp\/v2\/types\/page"}],"author":[{"embeddable":true,"href":"https:\/\/linmot.com\/fr\/wp-json\/wp\/v2\/users\/1"}],"replies":[{"embeddable":true,"href":"https:\/\/linmot.com\/fr\/wp-json\/wp\/v2\/comments?post=42"}],"version-history":[{"count":18,"href":"https:\/\/linmot.com\/fr\/wp-json\/wp\/v2\/pages\/42\/revisions"}],"predecessor-version":[{"id":3502,"href":"https:\/\/linmot.com\/fr\/wp-json\/wp\/v2\/pages\/42\/revisions\/3502"}],"up":[{"embeddable":true,"href":"https:\/\/linmot.com\/fr\/wp-json\/wp\/v2\/pages\/38"}],"wp:attachment":[{"href":"https:\/\/linmot.com\/fr\/wp-json\/wp\/v2\/media?parent=42"}],"curies":[{"name":"wp","href":"https:\/\/api.w.org\/{rel}","templated":true}]}}