{"id":4050,"date":"2026-04-16T15:51:02","date_gmt":"2026-04-16T13:51:02","guid":{"rendered":"https:\/\/linmot.com\/fr\/?page_id=4050"},"modified":"2026-04-16T16:48:45","modified_gmt":"2026-04-16T14:48:45","slug":"portique-de-transfert-tp03","status":"publish","type":"page","link":"https:\/\/linmot.com\/fr\/produits\/robots-et-systemes-flat\/portique-de-transfert-tp03\/","title":{"rendered":"Portique de transfert TP03"},"content":{"rendered":"<p align=\"justify\"><strong>Le portique de transfert TP03 de LinMot est un portique de ligne standardis\u00e9 destin\u00e9 \u00e0 des t\u00e2ches de manutention et de transfert pr\u00e9cises et compactes sur deux axes dans le domaine de l&rsquo;automatisation industrielle.<\/strong><\/p>\n<p align=\"justify\">Le syst\u00e8me se compose d\u2019un <strong>module de base FM01 ou EM01<\/strong> robuste pour une rigidit\u00e9 accrue ainsi que d\u2019un <strong>module vertical DM03<\/strong>. Cette combinaison permet des applications de portique configurables de mani\u00e8re flexible avec des s\u00e9quences de mouvements dynamiques et une grande pr\u00e9cision de positionnement. Tous les axes peuvent \u00eatre command\u00e9s et param\u00e9tr\u00e9s ind\u00e9pendamment les uns des autres.<\/p>\n<p align=\"justify\">Le portique de transfert TP03 peut \u00eatre compl\u00e9t\u00e9 en option par le capteur de force <strong>LinMot DM03xxFS<\/strong>, la <strong>pince GM50<\/strong> ou la <strong>pince rotative GM51<\/strong>. Tous les composants LinMot sont <strong>directement montables<\/strong>, aucune plaque d&rsquo;adaptation suppl\u00e9mentaire n&rsquo;est n\u00e9cessaire. Cela r\u00e9duit consid\u00e9rablement les efforts d&rsquo;int\u00e9gration m\u00e9canique.<\/p>\n<p align=\"justify\">Le syst\u00e8me est disponible au choix <strong>enti\u00e8rement pr\u00e9-assembl\u00e9<\/strong> ou <strong>sous forme de syst\u00e8me modulaire<\/strong>, ce qui permet une int\u00e9gration ais\u00e9e ainsi que des adaptations sp\u00e9cifiques au client. Un <strong>syst\u00e8me int\u00e9gr\u00e9 et optimis\u00e9 de cha\u00eenes porte-c\u00e2bles et de guidage de tuyaux<\/strong> (plusieurs versions au choix) avec <strong>c\u00e2bles pr\u00e9-assembl\u00e9s<\/strong> assure un acheminement propre et fiable des fluides et r\u00e9duit le temps de montage.<\/p>\n<hr \/>\n<div class=\"row\">\n<div class=\"col-sm-2\">\n<p><a class=\"button\" href=\"#details\">1. D\u00e9tails<\/a><\/p>\n<\/div>\n<div class=\"col-sm-1\">\n<\/div>\n<div class=\"col-sm-2\">\n<p><a class=\"button\" href=\"#kontakt\">2. Contact<\/a><\/p>\n<\/div>\n<\/div>\n<hr \/>\n<h3 id=\"details\">1. D\u00e9tails<\/h3>\n<img loading=\"lazy\" decoding=\"async\" class=\"wp-image-6411 size-full aligncenter\" src=\"https:\/\/linmot.com\/de\/wp-content\/uploads\/sites\/2\/2026\/04\/linmot-transferportal-tp03.jpg\" alt=\"\" width=\"780\" height=\"520\" \/>\n<div class=\"row\">\n<div class=\"col-sm-6\">\n<ul>\n<li>Portique X-Z \u00e0 int\u00e9gration rapide sans plaques d&rsquo;adaptation<\/li>\n<li>Rigidit\u00e9 \u00e9lev\u00e9e pour une manipulation pr\u00e9cise et dynamique<\/li>\n<\/ul>\n<\/div>\n<div class=\"col-sm-6\">\n<ul>\n<li>Extensible de mani\u00e8re modulaire avec un pr\u00e9henseur et un capteur de force<\/li>\n<li>Les c\u00e2bles pr\u00e9-mont\u00e9s r\u00e9duisent consid\u00e9rablement le temps de montage<\/li>\n<\/ul>\n<\/div>\n<\/div>\n<h3 id=\"kontakt\">2. Contact<\/h3>\n<div class=\"row download\">\n<div class=\"col-md-6\">\n<h4 class=\"download-title\">Vous avez des questions sur le portique de transfert TP03?<\/h4>\n<p class=\"bodytext\">Nous sommes \u00e0 votre disposition pour r\u00e9pondre \u00e0 vos questions.<br \/>\nPour cela, contactez-nous via le formulaire ci-dessous ou appelez-nous au:<\/p>\n<p class=\"bodytext\">Tel: +49 (0)201 858940 0<\/p>\n<p class=\"bodytext\">L&rsquo;\u00e9quipe LinMot<\/p>\n<\/div>\n<div class=\"col-md-1\">\n<\/div>\n<div class=\"col-md-5\">\n\n<div class=\"wpcf7 no-js\" id=\"wpcf7-f1702-o1\" lang=\"fr-FR\" dir=\"ltr\" data-wpcf7-id=\"1702\">\n<div class=\"screen-reader-response\"><p role=\"status\" aria-live=\"polite\" aria-atomic=\"true\"><\/p> <ul><\/ul><\/div>\n<form action=\"\/fr\/wp-json\/wp\/v2\/pages\/4050#wpcf7-f1702-o1\" method=\"post\" class=\"wpcf7-form init\" aria-label=\"Formulaire de contact\" novalidate=\"novalidate\" data-status=\"init\">\n<fieldset class=\"hidden-fields-container\"><input type=\"hidden\" name=\"_wpcf7\" value=\"1702\" \/><input type=\"hidden\" name=\"_wpcf7_version\" value=\"6.1.5\" \/><input type=\"hidden\" name=\"_wpcf7_locale\" value=\"fr_FR\" \/><input type=\"hidden\" name=\"_wpcf7_unit_tag\" value=\"wpcf7-f1702-o1\" \/><input type=\"hidden\" name=\"_wpcf7_container_post\" value=\"0\" \/><input type=\"hidden\" name=\"_wpcf7_posted_data_hash\" value=\"\" \/><input type=\"hidden\" name=\"_wpcf7_recaptcha_response\" value=\"\" \/>\n<\/fieldset>\n<label> Votre nom<br>\n    <span class=\"wpcf7-form-control-wrap\" data-name=\"your-name\"><input size=\"40\" maxlength=\"400\" class=\"wpcf7-form-control wpcf7-text wpcf7-validates-as-required\" aria-required=\"true\" aria-invalid=\"false\" value=\"\" type=\"text\" name=\"your-name\" \/><\/span> <\/label>\n<br>\n<label> Votre entreprise<br>\n    <span class=\"wpcf7-form-control-wrap\" data-name=\"your-company\"><input size=\"40\" maxlength=\"400\" class=\"wpcf7-form-control wpcf7-text wpcf7-validates-as-required\" aria-required=\"true\" aria-invalid=\"false\" value=\"\" type=\"text\" name=\"your-company\" \/><\/span> <\/label>\n<br>\n<label> Code postal<br>\n    <span class=\"wpcf7-form-control-wrap\" data-name=\"your-plz\"><input class=\"wpcf7-form-control wpcf7-number wpcf7-validates-as-required wpcf7-validates-as-number\" aria-required=\"true\" aria-invalid=\"false\" value=\"\" type=\"number\" name=\"your-plz\" \/><\/span> <\/label>\n<br>\n<label> Pays<br>\n    <span class=\"wpcf7-form-control-wrap\" data-name=\"your-country\"><input size=\"40\" maxlength=\"400\" class=\"wpcf7-form-control wpcf7-text wpcf7-validates-as-required\" aria-required=\"true\" aria-invalid=\"false\" value=\"\" type=\"text\" name=\"your-country\" \/><\/span> <\/label>\n<br>\n<label> Votre num\u00e9ro de t\u00e9l\u00e9phone<br>\n    <span class=\"wpcf7-form-control-wrap\" data-name=\"your-number\"><input size=\"40\" maxlength=\"400\" class=\"wpcf7-form-control wpcf7-tel wpcf7-validates-as-required wpcf7-text wpcf7-validates-as-tel\" aria-required=\"true\" aria-invalid=\"false\" value=\"\" type=\"tel\" name=\"your-number\" \/><\/span> <\/label>\n<br>\n<label> Votre e-mail<br>\n    <span class=\"wpcf7-form-control-wrap\" data-name=\"your-email\"><input size=\"40\" maxlength=\"400\" class=\"wpcf7-form-control wpcf7-email wpcf7-validates-as-required wpcf7-text wpcf7-validates-as-email\" aria-required=\"true\" aria-invalid=\"false\" value=\"\" type=\"email\" name=\"your-email\" \/><\/span> <\/label>\n<br>\n<label> Votre message (facultatif)<br>\n    <span class=\"wpcf7-form-control-wrap\" data-name=\"your-message\"><textarea cols=\"40\" rows=\"10\" maxlength=\"2000\" class=\"wpcf7-form-control wpcf7-textarea\" aria-invalid=\"false\" name=\"your-message\"><\/textarea><\/span> <\/label>\n<br>\n<input class=\"wpcf7-form-control wpcf7-submit has-spinner\" type=\"submit\" value=\"Envoyer\" \/><div class=\"wpcf7-response-output\" aria-hidden=\"true\"><\/div>\n<\/form>\n<\/div>\n\n<\/div>\n<\/div>\n","protected":false},"excerpt":{"rendered":"<p>Le portique de transfert TP03 de LinMot est un portique de ligne standardis\u00e9 destin\u00e9 \u00e0 des t\u00e2ches de manutention et de transfert pr\u00e9cises et compactes sur deux axes dans le domaine de l&rsquo;automatisation industrielle. Le syst\u00e8me se compose d\u2019un module de base FM01 ou EM01 robuste pour une rigidit\u00e9 accrue ainsi que d\u2019un module vertical [&hellip;]<\/p>\n","protected":false},"author":9,"featured_media":0,"parent":3644,"menu_order":0,"comment_status":"closed","ping_status":"closed","template":"","meta":{"_acf_changed":false,"footnotes":""},"class_list":["post-4050","page","type-page","status-publish","hentry"],"acf":[],"yoast_head":"<!-- This site is optimized with the Yoast SEO Premium plugin v20.9 (Yoast SEO v27.3) - https:\/\/yoast.com\/product\/yoast-seo-premium-wordpress\/ -->\n<title>Portique de transfert TP03 - LinMot &amp; MagSpring - Fran\u00e7ais<\/title>\n<meta name=\"description\" content=\"Le TP03 est un portique lin\u00e9aire standardis\u00e9 destin\u00e9 aux op\u00e9rations de manutention et de transfert pr\u00e9cises et compactes sur deux axes dans le domaine de l&#039;automatisation industrielle.\" \/>\n<meta name=\"robots\" content=\"index, follow, max-snippet:-1, max-image-preview:large, max-video-preview:-1\" \/>\n<link rel=\"canonical\" href=\"https:\/\/linmot.com\/fr\/produits\/robots-et-systemes-flat\/portique-de-transfert-tp03\/\" \/>\n<meta property=\"og:locale\" content=\"fr_FR\" \/>\n<meta property=\"og:type\" content=\"article\" \/>\n<meta property=\"og:title\" content=\"Portique de transfert TP03\" \/>\n<meta property=\"og:description\" content=\"Le TP03 est un portique lin\u00e9aire standardis\u00e9 destin\u00e9 aux op\u00e9rations de manutention et de transfert pr\u00e9cises et compactes sur deux axes dans le domaine de l&#039;automatisation industrielle.\" \/>\n<meta property=\"og:url\" content=\"https:\/\/linmot.com\/fr\/produits\/robots-et-systemes-flat\/portique-de-transfert-tp03\/\" \/>\n<meta property=\"og:site_name\" content=\"LinMot &amp; MagSpring - Fran\u00e7ais\" \/>\n<meta property=\"article:modified_time\" content=\"2026-04-16T14:48:45+00:00\" \/>\n<meta property=\"og:image\" content=\"https:\/\/linmot.com\/fr\/wp-content\/uploads\/sites\/3\/2022\/05\/linmot-social-share-logo.jpg\" \/>\n\t<meta property=\"og:image:width\" content=\"800\" \/>\n\t<meta property=\"og:image:height\" content=\"500\" \/>\n\t<meta property=\"og:image:type\" content=\"image\/jpeg\" \/>\n<meta name=\"twitter:card\" content=\"summary_large_image\" \/>\n<meta name=\"twitter:label1\" content=\"Dur\u00e9e de lecture estim\u00e9e\" \/>\n\t<meta name=\"twitter:data1\" content=\"2 minutes\" \/>\n<script type=\"application\/ld+json\" class=\"yoast-schema-graph\">{\"@context\":\"https:\\\/\\\/schema.org\",\"@graph\":[{\"@type\":\"WebPage\",\"@id\":\"https:\\\/\\\/linmot.com\\\/fr\\\/produits\\\/robots-et-systemes-flat\\\/portique-de-transfert-tp03\\\/\",\"url\":\"https:\\\/\\\/linmot.com\\\/fr\\\/produits\\\/robots-et-systemes-flat\\\/portique-de-transfert-tp03\\\/\",\"name\":\"Portique de transfert TP03 - LinMot &amp; MagSpring - Fran\u00e7ais\",\"isPartOf\":{\"@id\":\"https:\\\/\\\/linmot.com\\\/fr\\\/#website\"},\"primaryImageOfPage\":{\"@id\":\"https:\\\/\\\/linmot.com\\\/fr\\\/produits\\\/robots-et-systemes-flat\\\/portique-de-transfert-tp03\\\/#primaryimage\"},\"image\":{\"@id\":\"https:\\\/\\\/linmot.com\\\/fr\\\/produits\\\/robots-et-systemes-flat\\\/portique-de-transfert-tp03\\\/#primaryimage\"},\"thumbnailUrl\":\"https:\\\/\\\/linmot.com\\\/de\\\/wp-content\\\/uploads\\\/sites\\\/2\\\/2026\\\/04\\\/linmot-transferportal-tp03.jpg\",\"datePublished\":\"2026-04-16T13:51:02+00:00\",\"dateModified\":\"2026-04-16T14:48:45+00:00\",\"description\":\"Le TP03 est un portique lin\u00e9aire standardis\u00e9 destin\u00e9 aux op\u00e9rations de manutention et de transfert pr\u00e9cises et compactes sur deux axes dans le domaine de l'automatisation industrielle.\",\"breadcrumb\":{\"@id\":\"https:\\\/\\\/linmot.com\\\/fr\\\/produits\\\/robots-et-systemes-flat\\\/portique-de-transfert-tp03\\\/#breadcrumb\"},\"inLanguage\":\"fr-FR\",\"potentialAction\":[{\"@type\":\"ReadAction\",\"target\":[\"https:\\\/\\\/linmot.com\\\/fr\\\/produits\\\/robots-et-systemes-flat\\\/portique-de-transfert-tp03\\\/\"]}]},{\"@type\":\"ImageObject\",\"inLanguage\":\"fr-FR\",\"@id\":\"https:\\\/\\\/linmot.com\\\/fr\\\/produits\\\/robots-et-systemes-flat\\\/portique-de-transfert-tp03\\\/#primaryimage\",\"url\":\"https:\\\/\\\/linmot.com\\\/de\\\/wp-content\\\/uploads\\\/sites\\\/2\\\/2026\\\/04\\\/linmot-transferportal-tp03.jpg\",\"contentUrl\":\"https:\\\/\\\/linmot.com\\\/de\\\/wp-content\\\/uploads\\\/sites\\\/2\\\/2026\\\/04\\\/linmot-transferportal-tp03.jpg\"},{\"@type\":\"BreadcrumbList\",\"@id\":\"https:\\\/\\\/linmot.com\\\/fr\\\/produits\\\/robots-et-systemes-flat\\\/portique-de-transfert-tp03\\\/#breadcrumb\",\"itemListElement\":[{\"@type\":\"ListItem\",\"position\":1,\"name\":\"Home\",\"item\":\"https:\\\/\\\/linmot.com\\\/fr\\\/\"},{\"@type\":\"ListItem\",\"position\":2,\"name\":\"Produits\",\"item\":\"https:\\\/\\\/linmot.com\\\/fr\\\/produits\\\/\"},{\"@type\":\"ListItem\",\"position\":3,\"name\":\"Robots et syst\u00e8mes Flat\",\"item\":\"https:\\\/\\\/linmot.com\\\/fr\\\/produits\\\/robots-et-systemes-flat\\\/\"},{\"@type\":\"ListItem\",\"position\":4,\"name\":\"Portique de transfert TP03\"}]},{\"@type\":\"WebSite\",\"@id\":\"https:\\\/\\\/linmot.com\\\/fr\\\/#website\",\"url\":\"https:\\\/\\\/linmot.com\\\/fr\\\/\",\"name\":\"LinMot &amp; MagSpring - Fran\u00e7ais\",\"description\":\"Moteurs lin\u00e9aires et des syst\u00e8mes de moteurs lin\u00e9aires de haute qualit\u00e9\",\"publisher\":{\"@id\":\"https:\\\/\\\/linmot.com\\\/fr\\\/#organization\"},\"potentialAction\":[{\"@type\":\"SearchAction\",\"target\":{\"@type\":\"EntryPoint\",\"urlTemplate\":\"https:\\\/\\\/linmot.com\\\/fr\\\/?s={search_term_string}\"},\"query-input\":{\"@type\":\"PropertyValueSpecification\",\"valueRequired\":true,\"valueName\":\"search_term_string\"}}],\"inLanguage\":\"fr-FR\"},{\"@type\":\"Organization\",\"@id\":\"https:\\\/\\\/linmot.com\\\/fr\\\/#organization\",\"name\":\"NTI AG - LinMot & MagSpring\",\"url\":\"https:\\\/\\\/linmot.com\\\/fr\\\/\",\"logo\":{\"@type\":\"ImageObject\",\"inLanguage\":\"fr-FR\",\"@id\":\"https:\\\/\\\/linmot.com\\\/fr\\\/#\\\/schema\\\/logo\\\/image\\\/\",\"url\":\"https:\\\/\\\/linmot.com\\\/fr\\\/wp-content\\\/uploads\\\/sites\\\/3\\\/2022\\\/05\\\/linmot-social-share-logo.jpg\",\"contentUrl\":\"https:\\\/\\\/linmot.com\\\/fr\\\/wp-content\\\/uploads\\\/sites\\\/3\\\/2022\\\/05\\\/linmot-social-share-logo.jpg\",\"width\":800,\"height\":500,\"caption\":\"NTI AG - LinMot & MagSpring\"},\"image\":{\"@id\":\"https:\\\/\\\/linmot.com\\\/fr\\\/#\\\/schema\\\/logo\\\/image\\\/\"},\"sameAs\":[\"https:\\\/\\\/www.linkedin.com\\\/company\\\/nti-ag-linmot-magspring\",\"https:\\\/\\\/www.youtube.com\\\/user\\\/LinMotEurope\"]}]}<\/script>\n<!-- \/ Yoast SEO Premium plugin. -->","yoast_head_json":{"title":"Portique de transfert TP03 - LinMot &amp; MagSpring - Fran\u00e7ais","description":"Le TP03 est un portique lin\u00e9aire standardis\u00e9 destin\u00e9 aux op\u00e9rations de manutention et de transfert pr\u00e9cises et compactes sur deux axes dans le domaine de l'automatisation industrielle.","robots":{"index":"index","follow":"follow","max-snippet":"max-snippet:-1","max-image-preview":"max-image-preview:large","max-video-preview":"max-video-preview:-1"},"canonical":"https:\/\/linmot.com\/fr\/produits\/robots-et-systemes-flat\/portique-de-transfert-tp03\/","og_locale":"fr_FR","og_type":"article","og_title":"Portique de transfert TP03","og_description":"Le TP03 est un portique lin\u00e9aire standardis\u00e9 destin\u00e9 aux op\u00e9rations de manutention et de transfert pr\u00e9cises et compactes sur deux axes dans le domaine de l'automatisation industrielle.","og_url":"https:\/\/linmot.com\/fr\/produits\/robots-et-systemes-flat\/portique-de-transfert-tp03\/","og_site_name":"LinMot &amp; MagSpring - Fran\u00e7ais","article_modified_time":"2026-04-16T14:48:45+00:00","og_image":[{"width":800,"height":500,"url":"https:\/\/linmot.com\/fr\/wp-content\/uploads\/sites\/3\/2022\/05\/linmot-social-share-logo.jpg","type":"image\/jpeg"}],"twitter_card":"summary_large_image","twitter_misc":{"Dur\u00e9e de lecture estim\u00e9e":"2 minutes"},"schema":{"@context":"https:\/\/schema.org","@graph":[{"@type":"WebPage","@id":"https:\/\/linmot.com\/fr\/produits\/robots-et-systemes-flat\/portique-de-transfert-tp03\/","url":"https:\/\/linmot.com\/fr\/produits\/robots-et-systemes-flat\/portique-de-transfert-tp03\/","name":"Portique de transfert TP03 - LinMot &amp; MagSpring - Fran\u00e7ais","isPartOf":{"@id":"https:\/\/linmot.com\/fr\/#website"},"primaryImageOfPage":{"@id":"https:\/\/linmot.com\/fr\/produits\/robots-et-systemes-flat\/portique-de-transfert-tp03\/#primaryimage"},"image":{"@id":"https:\/\/linmot.com\/fr\/produits\/robots-et-systemes-flat\/portique-de-transfert-tp03\/#primaryimage"},"thumbnailUrl":"https:\/\/linmot.com\/de\/wp-content\/uploads\/sites\/2\/2026\/04\/linmot-transferportal-tp03.jpg","datePublished":"2026-04-16T13:51:02+00:00","dateModified":"2026-04-16T14:48:45+00:00","description":"Le TP03 est un portique lin\u00e9aire standardis\u00e9 destin\u00e9 aux op\u00e9rations de manutention et de transfert pr\u00e9cises et compactes sur deux axes dans le domaine de l'automatisation industrielle.","breadcrumb":{"@id":"https:\/\/linmot.com\/fr\/produits\/robots-et-systemes-flat\/portique-de-transfert-tp03\/#breadcrumb"},"inLanguage":"fr-FR","potentialAction":[{"@type":"ReadAction","target":["https:\/\/linmot.com\/fr\/produits\/robots-et-systemes-flat\/portique-de-transfert-tp03\/"]}]},{"@type":"ImageObject","inLanguage":"fr-FR","@id":"https:\/\/linmot.com\/fr\/produits\/robots-et-systemes-flat\/portique-de-transfert-tp03\/#primaryimage","url":"https:\/\/linmot.com\/de\/wp-content\/uploads\/sites\/2\/2026\/04\/linmot-transferportal-tp03.jpg","contentUrl":"https:\/\/linmot.com\/de\/wp-content\/uploads\/sites\/2\/2026\/04\/linmot-transferportal-tp03.jpg"},{"@type":"BreadcrumbList","@id":"https:\/\/linmot.com\/fr\/produits\/robots-et-systemes-flat\/portique-de-transfert-tp03\/#breadcrumb","itemListElement":[{"@type":"ListItem","position":1,"name":"Home","item":"https:\/\/linmot.com\/fr\/"},{"@type":"ListItem","position":2,"name":"Produits","item":"https:\/\/linmot.com\/fr\/produits\/"},{"@type":"ListItem","position":3,"name":"Robots et syst\u00e8mes Flat","item":"https:\/\/linmot.com\/fr\/produits\/robots-et-systemes-flat\/"},{"@type":"ListItem","position":4,"name":"Portique de transfert TP03"}]},{"@type":"WebSite","@id":"https:\/\/linmot.com\/fr\/#website","url":"https:\/\/linmot.com\/fr\/","name":"LinMot &amp; MagSpring - Fran\u00e7ais","description":"Moteurs lin\u00e9aires et des syst\u00e8mes de moteurs lin\u00e9aires de haute qualit\u00e9","publisher":{"@id":"https:\/\/linmot.com\/fr\/#organization"},"potentialAction":[{"@type":"SearchAction","target":{"@type":"EntryPoint","urlTemplate":"https:\/\/linmot.com\/fr\/?s={search_term_string}"},"query-input":{"@type":"PropertyValueSpecification","valueRequired":true,"valueName":"search_term_string"}}],"inLanguage":"fr-FR"},{"@type":"Organization","@id":"https:\/\/linmot.com\/fr\/#organization","name":"NTI AG - LinMot & MagSpring","url":"https:\/\/linmot.com\/fr\/","logo":{"@type":"ImageObject","inLanguage":"fr-FR","@id":"https:\/\/linmot.com\/fr\/#\/schema\/logo\/image\/","url":"https:\/\/linmot.com\/fr\/wp-content\/uploads\/sites\/3\/2022\/05\/linmot-social-share-logo.jpg","contentUrl":"https:\/\/linmot.com\/fr\/wp-content\/uploads\/sites\/3\/2022\/05\/linmot-social-share-logo.jpg","width":800,"height":500,"caption":"NTI AG - LinMot & MagSpring"},"image":{"@id":"https:\/\/linmot.com\/fr\/#\/schema\/logo\/image\/"},"sameAs":["https:\/\/www.linkedin.com\/company\/nti-ag-linmot-magspring","https:\/\/www.youtube.com\/user\/LinMotEurope"]}]}},"_links":{"self":[{"href":"https:\/\/linmot.com\/fr\/wp-json\/wp\/v2\/pages\/4050","targetHints":{"allow":["GET"]}}],"collection":[{"href":"https:\/\/linmot.com\/fr\/wp-json\/wp\/v2\/pages"}],"about":[{"href":"https:\/\/linmot.com\/fr\/wp-json\/wp\/v2\/types\/page"}],"author":[{"embeddable":true,"href":"https:\/\/linmot.com\/fr\/wp-json\/wp\/v2\/users\/9"}],"replies":[{"embeddable":true,"href":"https:\/\/linmot.com\/fr\/wp-json\/wp\/v2\/comments?post=4050"}],"version-history":[{"count":4,"href":"https:\/\/linmot.com\/fr\/wp-json\/wp\/v2\/pages\/4050\/revisions"}],"predecessor-version":[{"id":4059,"href":"https:\/\/linmot.com\/fr\/wp-json\/wp\/v2\/pages\/4050\/revisions\/4059"}],"up":[{"embeddable":true,"href":"https:\/\/linmot.com\/fr\/wp-json\/wp\/v2\/pages\/3644"}],"wp:attachment":[{"href":"https:\/\/linmot.com\/fr\/wp-json\/wp\/v2\/media?parent=4050"}],"curies":[{"name":"wp","href":"https:\/\/api.w.org\/{rel}","templated":true}]}}