{"id":4017,"date":"2026-02-09T09:37:14","date_gmt":"2026-02-09T08:37:14","guid":{"rendered":"https:\/\/linmot.com\/fr\/?page_id=4017"},"modified":"2026-02-09T14:29:18","modified_gmt":"2026-02-09T13:29:18","slug":"linmot-pilot-download","status":"publish","type":"page","link":"https:\/\/linmot.com\/fr\/download\/linmot-pilot-download\/","title":{"rendered":"LinMot-Pilot Download"},"content":{"rendered":"<p>Version logicielle 1.2.0.0<br \/>\nFichiers d&rsquo;installation s\u00e9par\u00e9s selon la s\u00e9rie d&rsquo;entra\u00eenements<\/p>\n<div class=\"row\">\n<div class=\"col-md-4\">\n<h4 class=\"download-title\">LinMot-Pilot 1.2.0.0 Build 20260203<\/h4>\n<p>Pour les variateurs C1250-MI<\/p>\n<\/div>\n<div class=\"col-md-8\">\n<div class=\"download-box\"><a href=\"https:\/\/linmot.com\/fileadmin\/user_upload\/Downloads\/software-firmware\/technology-modules\/LinMot-Pilot_1.2.0.0_TM01_FW1.6.1_20260203.tgz\" target=\"_blank\" rel=\"noopener noreferrer\" download=\"\"><span class=\"name\">.TGZ<\/span><span class=\"size\">10.4 MB<\/span><\/a><\/div>\n<\/div>\n<\/div>\n<div class=\"row\">\n<div class=\"col-md-4\">\n<h4 class=\"download-title\">Manuel d&rsquo;utilisation LinMot-Pilot<\/h4>\n<\/div>\n<div class=\"col-md-8\">\n<div class=\"download-box\"><a href=\"https:\/\/shop.linmot.com\/E\/product\/0187-1000\" target=\"_blank\" rel=\"noopener noreferrer\" download=\"\"><span class=\"name\">Catalogue<\/span>\u00e0 t\u00e9l\u00e9charger<\/a><\/div>\n<\/div>\n<\/div>\n<div class=\"row\">\n<div class=\"col-md-4\">\n<h4 class=\"download-title\">Guide d&rsquo;installation LinMot-Pilot<\/h4>\n<\/div>\n<div class=\"col-md-8\">\n<div class=\"download-box\"><a href=\"https:\/\/shop.linmot.com\/E\/product\/0150-6553\" target=\"_blank\" rel=\"noopener noreferrer\"><span class=\"name\">Catalogue<\/span>\u00e0 t\u00e9l\u00e9charger<\/a><\/div>\n<\/div>\n<\/div>\n<hr \/>\n<p><b>Publications ant\u00e9rieures<\/b><br \/>\n<a class=\"button\" href=\"\/de\/download\/linmot-pilot-download\/linmot-pilot-fruehere-veroeffentlichungen\/\">Vers les publications ant\u00e9rieures<\/a><\/p>\n","protected":false},"excerpt":{"rendered":"<p>Version logicielle 1.2.0.0 Fichiers d&rsquo;installation s\u00e9par\u00e9s selon la s\u00e9rie d&rsquo;entra\u00eenements LinMot-Pilot 1.2.0.0 Build 20260203 Pour les variateurs C1250-MI .TGZ10.4 MB Manuel d&rsquo;utilisation LinMot-Pilot Catalogue\u00e0 t\u00e9l\u00e9charger Guide d&rsquo;installation LinMot-Pilot Catalogue\u00e0 t\u00e9l\u00e9charger Publications ant\u00e9rieures Vers les publications ant\u00e9rieures<\/p>\n","protected":false},"author":9,"featured_media":0,"parent":10,"menu_order":2,"comment_status":"closed","ping_status":"closed","template":"","meta":{"_acf_changed":false,"footnotes":""},"class_list":["post-4017","page","type-page","status-publish","hentry"],"acf":[],"yoast_head":"<!-- This site is optimized with the Yoast SEO Premium plugin v20.9 (Yoast SEO v27.3) - https:\/\/yoast.com\/product\/yoast-seo-premium-wordpress\/ -->\n<title>LinMot-Pilot Download - LinMot &amp; MagSpring - Fran\u00e7ais<\/title>\n<meta name=\"robots\" content=\"index, follow, max-snippet:-1, max-image-preview:large, max-video-preview:-1\" \/>\n<link rel=\"canonical\" href=\"https:\/\/linmot.com\/fr\/download\/linmot-pilot-download\/\" \/>\n<meta property=\"og:locale\" content=\"fr_FR\" \/>\n<meta property=\"og:type\" content=\"article\" \/>\n<meta property=\"og:title\" content=\"LinMot-Pilot Download\" \/>\n<meta property=\"og:description\" content=\"Version logicielle 1.2.0.0 Fichiers d&rsquo;installation s\u00e9par\u00e9s selon la s\u00e9rie d&rsquo;entra\u00eenements LinMot-Pilot 1.2.0.0 Build 20260203 Pour les variateurs C1250-MI .TGZ10.4 MB Manuel d&rsquo;utilisation LinMot-Pilot Catalogue\u00e0 t\u00e9l\u00e9charger Guide d&rsquo;installation LinMot-Pilot Catalogue\u00e0 t\u00e9l\u00e9charger Publications ant\u00e9rieures Vers les publications ant\u00e9rieures\" \/>\n<meta property=\"og:url\" content=\"https:\/\/linmot.com\/fr\/download\/linmot-pilot-download\/\" \/>\n<meta property=\"og:site_name\" content=\"LinMot &amp; MagSpring - Fran\u00e7ais\" \/>\n<meta property=\"article:modified_time\" content=\"2026-02-09T13:29:18+00:00\" \/>\n<meta property=\"og:image\" content=\"https:\/\/linmot.com\/fr\/wp-content\/uploads\/sites\/3\/2022\/05\/linmot-social-share-logo.jpg\" \/>\n\t<meta property=\"og:image:width\" content=\"800\" \/>\n\t<meta property=\"og:image:height\" content=\"500\" \/>\n\t<meta property=\"og:image:type\" content=\"image\/jpeg\" \/>\n<meta name=\"twitter:card\" content=\"summary_large_image\" \/>\n<meta name=\"twitter:label1\" content=\"Dur\u00e9e de lecture estim\u00e9e\" \/>\n\t<meta name=\"twitter:data1\" content=\"1 minute\" \/>\n<script type=\"application\/ld+json\" class=\"yoast-schema-graph\">{\"@context\":\"https:\\\/\\\/schema.org\",\"@graph\":[{\"@type\":\"WebPage\",\"@id\":\"https:\\\/\\\/linmot.com\\\/fr\\\/download\\\/linmot-pilot-download\\\/\",\"url\":\"https:\\\/\\\/linmot.com\\\/fr\\\/download\\\/linmot-pilot-download\\\/\",\"name\":\"LinMot-Pilot Download - LinMot &amp; MagSpring - Fran\u00e7ais\",\"isPartOf\":{\"@id\":\"https:\\\/\\\/linmot.com\\\/fr\\\/#website\"},\"datePublished\":\"2026-02-09T08:37:14+00:00\",\"dateModified\":\"2026-02-09T13:29:18+00:00\",\"breadcrumb\":{\"@id\":\"https:\\\/\\\/linmot.com\\\/fr\\\/download\\\/linmot-pilot-download\\\/#breadcrumb\"},\"inLanguage\":\"fr-FR\",\"potentialAction\":[{\"@type\":\"ReadAction\",\"target\":[\"https:\\\/\\\/linmot.com\\\/fr\\\/download\\\/linmot-pilot-download\\\/\"]}]},{\"@type\":\"BreadcrumbList\",\"@id\":\"https:\\\/\\\/linmot.com\\\/fr\\\/download\\\/linmot-pilot-download\\\/#breadcrumb\",\"itemListElement\":[{\"@type\":\"ListItem\",\"position\":1,\"name\":\"Home\",\"item\":\"https:\\\/\\\/linmot.com\\\/fr\\\/\"},{\"@type\":\"ListItem\",\"position\":2,\"name\":\"T\u00e9l\u00e9charger\",\"item\":\"https:\\\/\\\/linmot.com\\\/fr\\\/download\\\/\"},{\"@type\":\"ListItem\",\"position\":3,\"name\":\"LinMot-Pilot Download\"}]},{\"@type\":\"WebSite\",\"@id\":\"https:\\\/\\\/linmot.com\\\/fr\\\/#website\",\"url\":\"https:\\\/\\\/linmot.com\\\/fr\\\/\",\"name\":\"LinMot &amp; MagSpring - Fran\u00e7ais\",\"description\":\"Moteurs lin\u00e9aires et des syst\u00e8mes de moteurs lin\u00e9aires de haute qualit\u00e9\",\"publisher\":{\"@id\":\"https:\\\/\\\/linmot.com\\\/fr\\\/#organization\"},\"potentialAction\":[{\"@type\":\"SearchAction\",\"target\":{\"@type\":\"EntryPoint\",\"urlTemplate\":\"https:\\\/\\\/linmot.com\\\/fr\\\/?s={search_term_string}\"},\"query-input\":{\"@type\":\"PropertyValueSpecification\",\"valueRequired\":true,\"valueName\":\"search_term_string\"}}],\"inLanguage\":\"fr-FR\"},{\"@type\":\"Organization\",\"@id\":\"https:\\\/\\\/linmot.com\\\/fr\\\/#organization\",\"name\":\"NTI AG - LinMot & MagSpring\",\"url\":\"https:\\\/\\\/linmot.com\\\/fr\\\/\",\"logo\":{\"@type\":\"ImageObject\",\"inLanguage\":\"fr-FR\",\"@id\":\"https:\\\/\\\/linmot.com\\\/fr\\\/#\\\/schema\\\/logo\\\/image\\\/\",\"url\":\"https:\\\/\\\/linmot.com\\\/fr\\\/wp-content\\\/uploads\\\/sites\\\/3\\\/2022\\\/05\\\/linmot-social-share-logo.jpg\",\"contentUrl\":\"https:\\\/\\\/linmot.com\\\/fr\\\/wp-content\\\/uploads\\\/sites\\\/3\\\/2022\\\/05\\\/linmot-social-share-logo.jpg\",\"width\":800,\"height\":500,\"caption\":\"NTI AG - LinMot & MagSpring\"},\"image\":{\"@id\":\"https:\\\/\\\/linmot.com\\\/fr\\\/#\\\/schema\\\/logo\\\/image\\\/\"},\"sameAs\":[\"https:\\\/\\\/www.linkedin.com\\\/company\\\/nti-ag-linmot-magspring\",\"https:\\\/\\\/www.youtube.com\\\/user\\\/LinMotEurope\"]}]}<\/script>\n<!-- \/ Yoast SEO Premium plugin. -->","yoast_head_json":{"title":"LinMot-Pilot Download - LinMot &amp; MagSpring - Fran\u00e7ais","robots":{"index":"index","follow":"follow","max-snippet":"max-snippet:-1","max-image-preview":"max-image-preview:large","max-video-preview":"max-video-preview:-1"},"canonical":"https:\/\/linmot.com\/fr\/download\/linmot-pilot-download\/","og_locale":"fr_FR","og_type":"article","og_title":"LinMot-Pilot Download","og_description":"Version logicielle 1.2.0.0 Fichiers d&rsquo;installation s\u00e9par\u00e9s selon la s\u00e9rie d&rsquo;entra\u00eenements LinMot-Pilot 1.2.0.0 Build 20260203 Pour les variateurs C1250-MI .TGZ10.4 MB Manuel d&rsquo;utilisation LinMot-Pilot Catalogue\u00e0 t\u00e9l\u00e9charger Guide d&rsquo;installation LinMot-Pilot Catalogue\u00e0 t\u00e9l\u00e9charger Publications ant\u00e9rieures Vers les publications ant\u00e9rieures","og_url":"https:\/\/linmot.com\/fr\/download\/linmot-pilot-download\/","og_site_name":"LinMot &amp; MagSpring - Fran\u00e7ais","article_modified_time":"2026-02-09T13:29:18+00:00","og_image":[{"width":800,"height":500,"url":"https:\/\/linmot.com\/fr\/wp-content\/uploads\/sites\/3\/2022\/05\/linmot-social-share-logo.jpg","type":"image\/jpeg"}],"twitter_card":"summary_large_image","twitter_misc":{"Dur\u00e9e de lecture estim\u00e9e":"1 minute"},"schema":{"@context":"https:\/\/schema.org","@graph":[{"@type":"WebPage","@id":"https:\/\/linmot.com\/fr\/download\/linmot-pilot-download\/","url":"https:\/\/linmot.com\/fr\/download\/linmot-pilot-download\/","name":"LinMot-Pilot Download - LinMot &amp; MagSpring - Fran\u00e7ais","isPartOf":{"@id":"https:\/\/linmot.com\/fr\/#website"},"datePublished":"2026-02-09T08:37:14+00:00","dateModified":"2026-02-09T13:29:18+00:00","breadcrumb":{"@id":"https:\/\/linmot.com\/fr\/download\/linmot-pilot-download\/#breadcrumb"},"inLanguage":"fr-FR","potentialAction":[{"@type":"ReadAction","target":["https:\/\/linmot.com\/fr\/download\/linmot-pilot-download\/"]}]},{"@type":"BreadcrumbList","@id":"https:\/\/linmot.com\/fr\/download\/linmot-pilot-download\/#breadcrumb","itemListElement":[{"@type":"ListItem","position":1,"name":"Home","item":"https:\/\/linmot.com\/fr\/"},{"@type":"ListItem","position":2,"name":"T\u00e9l\u00e9charger","item":"https:\/\/linmot.com\/fr\/download\/"},{"@type":"ListItem","position":3,"name":"LinMot-Pilot Download"}]},{"@type":"WebSite","@id":"https:\/\/linmot.com\/fr\/#website","url":"https:\/\/linmot.com\/fr\/","name":"LinMot &amp; MagSpring - Fran\u00e7ais","description":"Moteurs lin\u00e9aires et des syst\u00e8mes de moteurs lin\u00e9aires de haute qualit\u00e9","publisher":{"@id":"https:\/\/linmot.com\/fr\/#organization"},"potentialAction":[{"@type":"SearchAction","target":{"@type":"EntryPoint","urlTemplate":"https:\/\/linmot.com\/fr\/?s={search_term_string}"},"query-input":{"@type":"PropertyValueSpecification","valueRequired":true,"valueName":"search_term_string"}}],"inLanguage":"fr-FR"},{"@type":"Organization","@id":"https:\/\/linmot.com\/fr\/#organization","name":"NTI AG - LinMot & MagSpring","url":"https:\/\/linmot.com\/fr\/","logo":{"@type":"ImageObject","inLanguage":"fr-FR","@id":"https:\/\/linmot.com\/fr\/#\/schema\/logo\/image\/","url":"https:\/\/linmot.com\/fr\/wp-content\/uploads\/sites\/3\/2022\/05\/linmot-social-share-logo.jpg","contentUrl":"https:\/\/linmot.com\/fr\/wp-content\/uploads\/sites\/3\/2022\/05\/linmot-social-share-logo.jpg","width":800,"height":500,"caption":"NTI AG - LinMot & MagSpring"},"image":{"@id":"https:\/\/linmot.com\/fr\/#\/schema\/logo\/image\/"},"sameAs":["https:\/\/www.linkedin.com\/company\/nti-ag-linmot-magspring","https:\/\/www.youtube.com\/user\/LinMotEurope"]}]}},"_links":{"self":[{"href":"https:\/\/linmot.com\/fr\/wp-json\/wp\/v2\/pages\/4017","targetHints":{"allow":["GET"]}}],"collection":[{"href":"https:\/\/linmot.com\/fr\/wp-json\/wp\/v2\/pages"}],"about":[{"href":"https:\/\/linmot.com\/fr\/wp-json\/wp\/v2\/types\/page"}],"author":[{"embeddable":true,"href":"https:\/\/linmot.com\/fr\/wp-json\/wp\/v2\/users\/9"}],"replies":[{"embeddable":true,"href":"https:\/\/linmot.com\/fr\/wp-json\/wp\/v2\/comments?post=4017"}],"version-history":[{"count":4,"href":"https:\/\/linmot.com\/fr\/wp-json\/wp\/v2\/pages\/4017\/revisions"}],"predecessor-version":[{"id":4028,"href":"https:\/\/linmot.com\/fr\/wp-json\/wp\/v2\/pages\/4017\/revisions\/4028"}],"up":[{"embeddable":true,"href":"https:\/\/linmot.com\/fr\/wp-json\/wp\/v2\/pages\/10"}],"wp:attachment":[{"href":"https:\/\/linmot.com\/fr\/wp-json\/wp\/v2\/media?parent=4017"}],"curies":[{"name":"wp","href":"https:\/\/api.w.org\/{rel}","templated":true}]}}