{"id":40,"date":"2017-10-20T23:32:42","date_gmt":"2017-10-20T21:32:42","guid":{"rendered":"https:\/\/linmot.com\/?page_id=40"},"modified":"2024-04-22T16:04:00","modified_gmt":"2024-04-22T14:04:00","slug":"moteur-inox","status":"publish","type":"page","link":"https:\/\/linmot.com\/fr\/produits\/moteur-inox\/","title":{"rendered":"Moteurs en acier inoxydable"},"content":{"rendered":"<p align=\"justify\"><strong>D\u00e9velopp\u00e9s pour un environnement exigeant, les moteurs lin\u00e9aires LinMot SSC (Moteur INOX) compacts sont en acier inoxydable EN 1.4404\/AISI 316. Dans la construction de cette famille de moteurs, l&rsquo;accent est mis sur la conception hygi\u00e9nique. Afin d&rsquo;\u00e9viter l&rsquo;accumulation de salet\u00e9s, les moteurs sont con\u00e7us sans ar\u00eates, coins, trous et vissages inutiles.<\/strong><\/p>\n<p align=\"justify\">Les enroulements des moteurs lin\u00e9aires sont enti\u00e8rement encapsul\u00e9s dans de la r\u00e9sine \u00e9poxy, ce qui prot\u00e8ge le remplissage de cuivre et le stator contre la condensation ou la corrosion. Avec cette \u00e9tanch\u00e9it\u00e9 exceptionnelle, ils r\u00e9pondent donc au <strong>degr\u00e9 de protection IP69K<\/strong> selon la norme DIN EN 60529. Des roulements en plastique sp\u00e9cialement d\u00e9velopp\u00e9s facilitent le nettoyage et permettent de gagner beaucoup de temps dans les applications de lavage. Les entra\u00eenements sont \u00e9galement parfaitement con\u00e7us pour <strong>les processus de nettoyage \u00ab\u00a0en place\u00a0\u00bb tels que le CIP et le SIP<\/strong>.<\/p>\n<p align=\"justify\">Pour la surveillance de la temp\u00e9rature, tous les moteurs lin\u00e9aires sont \u00e9quip\u00e9s de capteurs qui transmettent les donn\u00e9es \u00e0 l&rsquo;entra\u00eenement. Les donn\u00e9es peuvent \u00eatre \u00e9valu\u00e9es dans le contr\u00f4leur de niveau sup\u00e9rieur afin que le moteur puisse \u00eatre maintenu dans une plage de temp\u00e9rature constante en fonction du traitement (par exemple, les aliments tels que le poisson). En option, LinMot propose <strong>un refroidissement par eau int\u00e9gr\u00e9<\/strong> pour les basses temp\u00e9ratures de surface de certains types de moteurs, ce qui permet d&rsquo;augmenter les performances tout en r\u00e9duisant la formation de germes.<\/p>\n<hr \/>\n<h2>Comment fonctionne le moteur en acier inoxidable<\/h2>\n<div class=\"row\">\n<div class=\"col-md-6\">\n<ul>\n<li>Conception hygi\u00e9nique d\u00e9velopp\u00e9e pour les environnements exigeants<\/li>\n<li>Con\u00e7u pour le traitement des aliments ou pour l&rsquo;industrie pharmaceutique<\/li>\n<li>R\u00e9pond aux exigences de la classe de protection IP69K selon la norme DIN EN 60529<\/li>\n<li>Facile \u00e0 nettoyer avec les produits de nettoyage standard de l&rsquo;industrie<\/li>\n<li>En option, avec refroidissement par eau int\u00e9gr\u00e9 pour de faibles temp\u00e9ratures de surface<\/li>\n<\/ul>\n<\/div>\n<div class=\"col-md-1\">\n<\/div>\n<div class=\"col-md-5\">\n<p style=\"text-align: center;\">\n<div class=\"brlbs-cmpnt-container brlbs-cmpnt-content-blocker brlbs-cmpnt-with-individual-styles\" data-borlabs-cookie-content-blocker-id=\"default\" data-borlabs-cookie-content=\"PGlmcmFtZSB0aXRsZT0iWW91VHViZSB2aWRlbyBwbGF5ZXIiIHNyYz0iaHR0cHM6Ly93d3cueW91dHViZS5jb20vZW1iZWQvcjdMallqQURURDAiIHdpZHRoPSIzOTQiIGhlaWdodD0iMjIwIiBmcmFtZWJvcmRlcj0iMCIgYWxsb3dmdWxsc2NyZWVuPSJhbGxvd2Z1bGxzY3JlZW4iPjwvaWZyYW1lPg==\">\n<div class=\"brlbs-cmpnt-cb-preset-a\">\n<p class=\"brlbs-cmpnt-cb-description\">You are currently viewing a placeholder content from <strong>Default<\/strong>. To access the actual content, click the button below. Please note that doing so will share data with third-party providers.<\/p>\n<div class=\"brlbs-cmpnt-cb-buttons\"> <a class=\"brlbs-cmpnt-cb-btn\" href=\"#\" data-borlabs-cookie-unblock role=\"button\">Unblock content<\/a> <a class=\"brlbs-cmpnt-cb-btn\" href=\"#\" data-borlabs-cookie-accept-service role=\"button\" style=\"display: none\">Accept required service and unblock content<\/a> <\/div>\n<p> <a class=\"brlbs-cmpnt-cb-provider-toggle\" href=\"#\" data-borlabs-cookie-show-provider-information role=\"button\">More Information<\/a> <\/div>\n<\/div>\n<\/div>\n<\/div>\n<hr \/>\n<h2>S\u00e9rie SSC<\/h2>\n<div class=\"row\">\n<div class=\"col-md-7\">\n<ul>\n<li>Bo\u00eetier en acier inoxydable<\/li>\n<li>Joints soud\u00e9s<\/li>\n<li>Enti\u00e8rement ferm\u00e9 (IP69K)<\/li>\n<\/ul>\n<p><a class=\"button\" href=\"https:\/\/linmot.com\/fr\/produits\/moteur-inox\/moteurs-lineaires-ssc\/\">En savoir plus sur la s\u00e9rie SSC<\/a><\/p>\n<\/div>\n<div class=\"col-md-5\">\n<img loading=\"lazy\" decoding=\"async\" class=\"aligncenter wp-image-702 size-full\" title=\"Moteur INOX SSC\" src=\"https:\/\/linmot.com\/de\/wp-content\/uploads\/sites\/2\/2021\/08\/SSC-Serie-Vorschaubild.jpg\" alt=\"Moteur INOX SSC\" width=\"612\" height=\"190\" \/>\n<\/div>\n<\/div>\n<h2>S\u00e9rie 3x400VAC SSC<\/h2>\n<div class=\"row\">\n<div class=\"col-md-7\">\n<ul>\n<li>Moteurs 3x400VAC dans une construction en acier inoxydable<\/li>\n<li>Acc\u00e9l\u00e9ration extr\u00eamement \u00e9lev\u00e9e<\/li>\n<li>Refroidissement par eau int\u00e9gr\u00e9 dans le bo\u00eetier<\/li>\n<li>Peut \u00e9galement \u00eatre utilis\u00e9 avec des servomoteurs standard \u00ab\u00a0tiers\u00a0\u00bb<\/li>\n<\/ul>\n<p><a class=\"button\" href=\"https:\/\/linmot.com\/fr\/produits\/moteur-inox\/moteurs-lineaires-3x400vac-ssc\/\">En savoir plus sur la s\u00e9rie 3x400VAC SSC<\/a><\/p>\n<\/div>\n<div class=\"col-md-5\">\n<img loading=\"lazy\" decoding=\"async\" class=\"aligncenter wp-image-1626\" title=\"Moteur INOX 3x400VAC SSC\" src=\"https:\/\/linmot.com\/de\/wp-content\/uploads\/sites\/2\/2021\/07\/linmot-stainless-steel-motors-3x400VAC-SSC.jpg\" alt=\"Moteur INOX 3x400VAC SSC\" width=\"612\" height=\"184\" \/>\n<\/div>\n<\/div>\n<h2>S\u00e9rie SSCP<\/h2>\n<div class=\"row\">\n<div class=\"col-md-7\">\n<ul>\n<li>Acier inoxydable 1.4404 (AISI 316L)<\/li>\n<li>Roulements en polym\u00e8re approuv\u00e9s par la FDA<\/li>\n<li>Solution \u00e0 c\u00e2ble unique avec la technologie de codage LinMot<\/li>\n<\/ul>\n<p><a class=\"button\" href=\"https:\/\/linmot.com\/fr\/produits\/moteur-inox\/moteurs-lineaires-sscp\/\">En savoir plus sur la s\u00e9rie SSCP<\/a><\/p>\n<\/div>\n<div class=\"col-md-5\">\n<img loading=\"lazy\" decoding=\"async\" class=\"aligncenter wp-image-1626\" title=\"Moteur INOX SSCP\" src=\"https:\/\/linmot.com\/de\/wp-content\/uploads\/sites\/2\/2021\/07\/linmot-stainless-steel-motors-SSCP.jpg\" alt=\"Moteur INOX SSCP\" width=\"612\" height=\"190\" \/>\n<p>&nbsp;<\/p>\n<\/div>\n<\/div>\n<hr \/>\n<h2>Questions?<\/h2>\n<p>Nous serons heureux de r\u00e9pondre \u00e0 vos questions ou de vous donner des conseils.<\/p>\n<p><a class=\"button\" href=\"https:\/\/linmot.com\/fr\/contact\/\">Trouvez votre contact local<\/a><\/p>\n","protected":false},"excerpt":{"rendered":"<p>D\u00e9velopp\u00e9s pour un environnement exigeant, les moteurs lin\u00e9aires LinMot SSC (Moteur INOX) compacts sont en acier inoxydable EN 1.4404\/AISI 316. Dans la construction de cette famille de moteurs, l&rsquo;accent est mis sur la conception hygi\u00e9nique. Afin d&rsquo;\u00e9viter l&rsquo;accumulation de salet\u00e9s, les moteurs sont con\u00e7us sans ar\u00eates, coins, trous et vissages inutiles. Les enroulements des moteurs [&hellip;]<\/p>\n","protected":false},"author":1,"featured_media":0,"parent":1210,"menu_order":37,"comment_status":"closed","ping_status":"closed","template":"","meta":{"_acf_changed":false,"footnotes":""},"class_list":["post-40","page","type-page","status-publish","hentry"],"acf":[],"yoast_head":"<!-- This site is optimized with the Yoast SEO Premium plugin v20.9 (Yoast SEO v27.2) - https:\/\/yoast.com\/product\/yoast-seo-premium-wordpress\/ -->\n<title>Moteurs en acier inoxydable - hygi\u00e8ne IP69k pour l&#039;alimentaire et la pharmacie<\/title>\n<meta name=\"description\" content=\"Les Moteurs en acier inoxydable r\u00e9pondent \u00e0 des classes de protection allant jusqu&#039;\u00e0 IP69k selon la norme DIN EN 60529 et sont adapt\u00e9s \u00e0 une utilisation dans les industries alimentaires et pharmaceutiques.\" \/>\n<meta name=\"robots\" content=\"index, follow, max-snippet:-1, max-image-preview:large, max-video-preview:-1\" \/>\n<link rel=\"canonical\" href=\"https:\/\/linmot.com\/fr\/produits\/moteur-inox\/\" \/>\n<meta property=\"og:locale\" content=\"fr_FR\" \/>\n<meta property=\"og:type\" content=\"article\" \/>\n<meta property=\"og:title\" content=\"Moteurs en acier inoxydable - hygi\u00e8ne IP69k pour l&#039;alimentaire et la pharmacie\" \/>\n<meta property=\"og:description\" content=\"Les Moteurs en acier inoxydable r\u00e9pondent \u00e0 des classes de protection allant jusqu&#039;\u00e0 IP69k selon la norme DIN EN 60529 et sont adapt\u00e9s \u00e0 une utilisation dans les industries alimentaires et pharmaceutiques.\" \/>\n<meta property=\"og:url\" content=\"https:\/\/linmot.com\/fr\/produits\/moteur-inox\/\" \/>\n<meta property=\"og:site_name\" content=\"LinMot &amp; MagSpring - Fran\u00e7ais\" \/>\n<meta property=\"article:modified_time\" content=\"2024-04-22T14:04:00+00:00\" \/>\n<meta property=\"og:image\" content=\"https:\/\/linmot.com\/de\/wp-content\/uploads\/sites\/2\/2021\/08\/SSC-Serie-Vorschaubild.jpg\" \/>\n<meta name=\"twitter:card\" content=\"summary_large_image\" \/>\n<meta name=\"twitter:title\" content=\"Moteurs en acier inoxydable - hygi\u00e8ne IP69k pour l&#039;alimentaire et la pharmacie\" \/>\n<meta name=\"twitter:description\" content=\"Les Moteurs en acier inoxydable r\u00e9pondent \u00e0 des classes de protection allant jusqu&#039;\u00e0 IP69k selon la norme DIN EN 60529 et sont adapt\u00e9s \u00e0 une utilisation dans les industries alimentaires et pharmaceutiques.\" \/>\n<meta name=\"twitter:label1\" content=\"Dur\u00e9e de lecture estim\u00e9e\" \/>\n\t<meta name=\"twitter:data1\" content=\"3 minutes\" \/>\n<script type=\"application\/ld+json\" class=\"yoast-schema-graph\">{\"@context\":\"https:\/\/schema.org\",\"@graph\":[{\"@type\":\"WebPage\",\"@id\":\"https:\/\/linmot.com\/fr\/produits\/moteur-inox\/\",\"url\":\"https:\/\/linmot.com\/fr\/produits\/moteur-inox\/\",\"name\":\"Moteurs en acier inoxydable - hygi\u00e8ne IP69k pour l'alimentaire et la pharmacie\",\"isPartOf\":{\"@id\":\"https:\/\/linmot.com\/fr\/#website\"},\"primaryImageOfPage\":{\"@id\":\"https:\/\/linmot.com\/fr\/produits\/moteur-inox\/#primaryimage\"},\"image\":{\"@id\":\"https:\/\/linmot.com\/fr\/produits\/moteur-inox\/#primaryimage\"},\"thumbnailUrl\":\"https:\/\/linmot.com\/de\/wp-content\/uploads\/sites\/2\/2021\/08\/SSC-Serie-Vorschaubild.jpg\",\"datePublished\":\"2017-10-20T21:32:42+00:00\",\"dateModified\":\"2024-04-22T14:04:00+00:00\",\"description\":\"Les Moteurs en acier inoxydable r\u00e9pondent \u00e0 des classes de protection allant jusqu'\u00e0 IP69k selon la norme DIN EN 60529 et sont adapt\u00e9s \u00e0 une utilisation dans les industries alimentaires et pharmaceutiques.\",\"breadcrumb\":{\"@id\":\"https:\/\/linmot.com\/fr\/produits\/moteur-inox\/#breadcrumb\"},\"inLanguage\":\"fr-FR\",\"potentialAction\":[{\"@type\":\"ReadAction\",\"target\":[\"https:\/\/linmot.com\/fr\/produits\/moteur-inox\/\"]}]},{\"@type\":\"ImageObject\",\"inLanguage\":\"fr-FR\",\"@id\":\"https:\/\/linmot.com\/fr\/produits\/moteur-inox\/#primaryimage\",\"url\":\"https:\/\/linmot.com\/de\/wp-content\/uploads\/sites\/2\/2021\/08\/SSC-Serie-Vorschaubild.jpg\",\"contentUrl\":\"https:\/\/linmot.com\/de\/wp-content\/uploads\/sites\/2\/2021\/08\/SSC-Serie-Vorschaubild.jpg\"},{\"@type\":\"BreadcrumbList\",\"@id\":\"https:\/\/linmot.com\/fr\/produits\/moteur-inox\/#breadcrumb\",\"itemListElement\":[{\"@type\":\"ListItem\",\"position\":1,\"name\":\"Home\",\"item\":\"https:\/\/linmot.com\/fr\/\"},{\"@type\":\"ListItem\",\"position\":2,\"name\":\"Produits\",\"item\":\"https:\/\/linmot.com\/fr\/produits\/\"},{\"@type\":\"ListItem\",\"position\":3,\"name\":\"Moteurs en acier inoxydable\"}]},{\"@type\":\"WebSite\",\"@id\":\"https:\/\/linmot.com\/fr\/#website\",\"url\":\"https:\/\/linmot.com\/fr\/\",\"name\":\"LinMot &amp; MagSpring - Fran\u00e7ais\",\"description\":\"Moteurs lin\u00e9aires et des syst\u00e8mes de moteurs lin\u00e9aires de haute qualit\u00e9\",\"publisher\":{\"@id\":\"https:\/\/linmot.com\/fr\/#organization\"},\"potentialAction\":[{\"@type\":\"SearchAction\",\"target\":{\"@type\":\"EntryPoint\",\"urlTemplate\":\"https:\/\/linmot.com\/fr\/?s={search_term_string}\"},\"query-input\":{\"@type\":\"PropertyValueSpecification\",\"valueRequired\":true,\"valueName\":\"search_term_string\"}}],\"inLanguage\":\"fr-FR\"},{\"@type\":\"Organization\",\"@id\":\"https:\/\/linmot.com\/fr\/#organization\",\"name\":\"NTI AG - LinMot & MagSpring\",\"url\":\"https:\/\/linmot.com\/fr\/\",\"logo\":{\"@type\":\"ImageObject\",\"inLanguage\":\"fr-FR\",\"@id\":\"https:\/\/linmot.com\/fr\/#\/schema\/logo\/image\/\",\"url\":\"https:\/\/linmot.com\/fr\/wp-content\/uploads\/sites\/3\/2022\/05\/linmot-social-share-logo.jpg\",\"contentUrl\":\"https:\/\/linmot.com\/fr\/wp-content\/uploads\/sites\/3\/2022\/05\/linmot-social-share-logo.jpg\",\"width\":800,\"height\":500,\"caption\":\"NTI AG - LinMot & MagSpring\"},\"image\":{\"@id\":\"https:\/\/linmot.com\/fr\/#\/schema\/logo\/image\/\"},\"sameAs\":[\"https:\/\/www.linkedin.com\/company\/nti-ag-linmot-magspring\",\"https:\/\/www.youtube.com\/user\/LinMotEurope\"]}]}<\/script>\n<!-- \/ Yoast SEO Premium plugin. -->","yoast_head_json":{"title":"Moteurs en acier inoxydable - hygi\u00e8ne IP69k pour l'alimentaire et la pharmacie","description":"Les Moteurs en acier inoxydable r\u00e9pondent \u00e0 des classes de protection allant jusqu'\u00e0 IP69k selon la norme DIN EN 60529 et sont adapt\u00e9s \u00e0 une utilisation dans les industries alimentaires et pharmaceutiques.","robots":{"index":"index","follow":"follow","max-snippet":"max-snippet:-1","max-image-preview":"max-image-preview:large","max-video-preview":"max-video-preview:-1"},"canonical":"https:\/\/linmot.com\/fr\/produits\/moteur-inox\/","og_locale":"fr_FR","og_type":"article","og_title":"Moteurs en acier inoxydable - hygi\u00e8ne IP69k pour l'alimentaire et la pharmacie","og_description":"Les Moteurs en acier inoxydable r\u00e9pondent \u00e0 des classes de protection allant jusqu'\u00e0 IP69k selon la norme DIN EN 60529 et sont adapt\u00e9s \u00e0 une utilisation dans les industries alimentaires et pharmaceutiques.","og_url":"https:\/\/linmot.com\/fr\/produits\/moteur-inox\/","og_site_name":"LinMot &amp; MagSpring - Fran\u00e7ais","article_modified_time":"2024-04-22T14:04:00+00:00","og_image":[{"url":"https:\/\/linmot.com\/de\/wp-content\/uploads\/sites\/2\/2021\/08\/SSC-Serie-Vorschaubild.jpg","type":"","width":"","height":""}],"twitter_card":"summary_large_image","twitter_title":"Moteurs en acier inoxydable - hygi\u00e8ne IP69k pour l'alimentaire et la pharmacie","twitter_description":"Les Moteurs en acier inoxydable r\u00e9pondent \u00e0 des classes de protection allant jusqu'\u00e0 IP69k selon la norme DIN EN 60529 et sont adapt\u00e9s \u00e0 une utilisation dans les industries alimentaires et pharmaceutiques.","twitter_misc":{"Dur\u00e9e de lecture estim\u00e9e":"3 minutes"},"schema":{"@context":"https:\/\/schema.org","@graph":[{"@type":"WebPage","@id":"https:\/\/linmot.com\/fr\/produits\/moteur-inox\/","url":"https:\/\/linmot.com\/fr\/produits\/moteur-inox\/","name":"Moteurs en acier inoxydable - hygi\u00e8ne IP69k pour l'alimentaire et la pharmacie","isPartOf":{"@id":"https:\/\/linmot.com\/fr\/#website"},"primaryImageOfPage":{"@id":"https:\/\/linmot.com\/fr\/produits\/moteur-inox\/#primaryimage"},"image":{"@id":"https:\/\/linmot.com\/fr\/produits\/moteur-inox\/#primaryimage"},"thumbnailUrl":"https:\/\/linmot.com\/de\/wp-content\/uploads\/sites\/2\/2021\/08\/SSC-Serie-Vorschaubild.jpg","datePublished":"2017-10-20T21:32:42+00:00","dateModified":"2024-04-22T14:04:00+00:00","description":"Les Moteurs en acier inoxydable r\u00e9pondent \u00e0 des classes de protection allant jusqu'\u00e0 IP69k selon la norme DIN EN 60529 et sont adapt\u00e9s \u00e0 une utilisation dans les industries alimentaires et pharmaceutiques.","breadcrumb":{"@id":"https:\/\/linmot.com\/fr\/produits\/moteur-inox\/#breadcrumb"},"inLanguage":"fr-FR","potentialAction":[{"@type":"ReadAction","target":["https:\/\/linmot.com\/fr\/produits\/moteur-inox\/"]}]},{"@type":"ImageObject","inLanguage":"fr-FR","@id":"https:\/\/linmot.com\/fr\/produits\/moteur-inox\/#primaryimage","url":"https:\/\/linmot.com\/de\/wp-content\/uploads\/sites\/2\/2021\/08\/SSC-Serie-Vorschaubild.jpg","contentUrl":"https:\/\/linmot.com\/de\/wp-content\/uploads\/sites\/2\/2021\/08\/SSC-Serie-Vorschaubild.jpg"},{"@type":"BreadcrumbList","@id":"https:\/\/linmot.com\/fr\/produits\/moteur-inox\/#breadcrumb","itemListElement":[{"@type":"ListItem","position":1,"name":"Home","item":"https:\/\/linmot.com\/fr\/"},{"@type":"ListItem","position":2,"name":"Produits","item":"https:\/\/linmot.com\/fr\/produits\/"},{"@type":"ListItem","position":3,"name":"Moteurs en acier inoxydable"}]},{"@type":"WebSite","@id":"https:\/\/linmot.com\/fr\/#website","url":"https:\/\/linmot.com\/fr\/","name":"LinMot &amp; MagSpring - Fran\u00e7ais","description":"Moteurs lin\u00e9aires et des syst\u00e8mes de moteurs lin\u00e9aires de haute qualit\u00e9","publisher":{"@id":"https:\/\/linmot.com\/fr\/#organization"},"potentialAction":[{"@type":"SearchAction","target":{"@type":"EntryPoint","urlTemplate":"https:\/\/linmot.com\/fr\/?s={search_term_string}"},"query-input":{"@type":"PropertyValueSpecification","valueRequired":true,"valueName":"search_term_string"}}],"inLanguage":"fr-FR"},{"@type":"Organization","@id":"https:\/\/linmot.com\/fr\/#organization","name":"NTI AG - LinMot & MagSpring","url":"https:\/\/linmot.com\/fr\/","logo":{"@type":"ImageObject","inLanguage":"fr-FR","@id":"https:\/\/linmot.com\/fr\/#\/schema\/logo\/image\/","url":"https:\/\/linmot.com\/fr\/wp-content\/uploads\/sites\/3\/2022\/05\/linmot-social-share-logo.jpg","contentUrl":"https:\/\/linmot.com\/fr\/wp-content\/uploads\/sites\/3\/2022\/05\/linmot-social-share-logo.jpg","width":800,"height":500,"caption":"NTI AG - LinMot & MagSpring"},"image":{"@id":"https:\/\/linmot.com\/fr\/#\/schema\/logo\/image\/"},"sameAs":["https:\/\/www.linkedin.com\/company\/nti-ag-linmot-magspring","https:\/\/www.youtube.com\/user\/LinMotEurope"]}]}},"_links":{"self":[{"href":"https:\/\/linmot.com\/fr\/wp-json\/wp\/v2\/pages\/40","targetHints":{"allow":["GET"]}}],"collection":[{"href":"https:\/\/linmot.com\/fr\/wp-json\/wp\/v2\/pages"}],"about":[{"href":"https:\/\/linmot.com\/fr\/wp-json\/wp\/v2\/types\/page"}],"author":[{"embeddable":true,"href":"https:\/\/linmot.com\/fr\/wp-json\/wp\/v2\/users\/1"}],"replies":[{"embeddable":true,"href":"https:\/\/linmot.com\/fr\/wp-json\/wp\/v2\/comments?post=40"}],"version-history":[{"count":19,"href":"https:\/\/linmot.com\/fr\/wp-json\/wp\/v2\/pages\/40\/revisions"}],"predecessor-version":[{"id":3338,"href":"https:\/\/linmot.com\/fr\/wp-json\/wp\/v2\/pages\/40\/revisions\/3338"}],"up":[{"embeddable":true,"href":"https:\/\/linmot.com\/fr\/wp-json\/wp\/v2\/pages\/1210"}],"wp:attachment":[{"href":"https:\/\/linmot.com\/fr\/wp-json\/wp\/v2\/media?parent=40"}],"curies":[{"name":"wp","href":"https:\/\/api.w.org\/{rel}","templated":true}]}}