{"id":3926,"date":"2025-11-11T16:03:29","date_gmt":"2025-11-11T15:03:29","guid":{"rendered":"https:\/\/linmot.com\/fr\/?page_id=3926"},"modified":"2026-01-29T14:02:43","modified_gmt":"2026-01-29T13:02:43","slug":"linmot-pilot-moins-de-codage-plus-de-mouvement","status":"publish","type":"page","link":"https:\/\/linmot.com\/fr\/produits\/linmot-pilot-moins-de-codage-plus-de-mouvement\/","title":{"rendered":"LinMot Pilot &#8211; Moins de codage, plus de mouvement"},"content":{"rendered":"<p><strong>LinMot Pilot est un syst\u00e8me de commande intuitif sans code pour les robots plats LinMot \u00e0 plusieurs axes, qui ne n\u00e9cessite aucune connaissance en mati\u00e8re de PLC ou de programmation.<\/strong><\/p>\n<p>Les s\u00e9quences de mouvement peuvent \u00eatre rapidement configur\u00e9es et ex\u00e9cut\u00e9es via une interface bas\u00e9e sur un navigateur. Gr\u00e2ce \u00e0 des commandes pr\u00e9d\u00e9finies et des fonctions d&rsquo;apprentissage, des applications simples telles que le pick-and-place et des t\u00e2ches plus exigeantes telles que le vissage ou la synchronisation de convoyeurs peuvent \u00eatre facilement mises en \u0153uvre. La commande et l&rsquo;IHM du syst\u00e8me \u00e9tant combin\u00e9es sur une seule plateforme, un gain de temps pr\u00e9cieux est r\u00e9alis\u00e9 lors de la programmation et de la mise en service.<\/p>\n<hr \/>\n<div class=\"row\">\n<div class=\"col-sm-2\">\n<p><a class=\"button\" href=\"#details\">1. Pr\u00e9cisions<\/a><\/p>\n<\/div>\n<div class=\"col-sm-1\">\n<\/div>\n<div class=\"col-sm-2\">\n<p><a class=\"button\" href=\"#videos\">2. Vid\u00e9os<\/a><\/p>\n<\/div>\n<div class=\"col-sm-1\">\n<\/div>\n<div class=\"col-sm-2\">\n<p><a class=\"button\" href=\"#applications\">3. Applications<\/a><\/p>\n<\/div>\n<div class=\"col-sm-1\">\n<\/div>\n<div class=\"col-sm-2\">\n<p><a class=\"button\" href=\"#contact\">4. Contact<\/a><\/p>\n<\/div>\n<\/div>\n<hr \/>\n<h3 id=\"details\">1. Pr\u00e9cisions<\/h3>\n<div class=\"row\">\n<div class=\"col-sm-8\">\n<img loading=\"lazy\" decoding=\"async\" class=\"alignnone size-full wp-image-6087\" src=\"https:\/\/linmot.com\/de\/wp-content\/uploads\/sites\/2\/2025\/11\/linmot-pilot-screen-1.jpg\" alt=\"\" width=\"950\" height=\"668\" \/>\n<\/div>\n<div class=\"col-sm-4\">\n<h3>Programmez comme un professionnel &#8211; sans connaissances pr\u00e9alables<\/h3>\n<ul>\n<li>Plateforme sans code \u2013 aucune connaissance en programmation requise<\/li>\n<li>Aucun environnement de d\u00e9veloppement n\u00e9cessaire \u2013 travaillez directement dans le navigateur<\/li>\n<li>Utilisation intuitive \u2013 testez et adaptez les programmes sans difficult\u00e9<\/li>\n<li>Temps de formation minimal \u2013 imm\u00e9diatement pr\u00eat \u00e0 l&#8217;emploi<\/li>\n<li>Prototypage rapide \u2013 passez rapidement de l&rsquo;id\u00e9e au mouvement<\/li>\n<li>Applications bas\u00e9es sur le savoir-faire \u2013 applications sp\u00e9cifiques aux processus param\u00e9tr\u00e9es \u00e0 l&rsquo;aide d&rsquo;un assistant<\/li>\n<\/ul>\n<\/div>\n<\/div>\n<hr \/>\n<div class=\"row\">\n<div class=\"col-sm-5\">\n<h3>Fonctions disponibles dans LinMot Pilot<\/h3>\n<ul>\n<li>Commandes logiques<\/li>\n<li>Commandes de mouvement<\/li>\n<li>Commande E\/S et gestion des variables<\/li>\n<li>Interface personnalisable<\/li>\n<\/ul>\n<p>Extensible \u00e0 l&rsquo;avenir avec des applications bas\u00e9es sur le savoir-faire<\/p>\n<ul>\n<li>Suivi des convoyeurs<\/li>\n<li>Interface cam\u00e9ra<\/li>\n<li>Bouchage et vissage<\/li>\n<li>Palettisation<\/li>\n<li>&#8230; et bien plus encore<\/li>\n<\/ul>\n<\/div>\n<div class=\"col-sm-7\">\n<img loading=\"lazy\" decoding=\"async\" class=\"alignnone size-full wp-image-6098\" src=\"https:\/\/linmot.com\/de\/wp-content\/uploads\/sites\/2\/2025\/11\/linmot-pilot-tablet-3.jpg\" alt=\"\" width=\"798\" height=\"561\" \/>\n<\/div>\n<\/div>\n<hr \/>\n<h3>Interface personnalisable (bient\u00f4t disponible)<\/h3>\n<ul>\n<li>Affichez les informations pertinentes dans votre onglet \u00abOperation\u00bb<\/li>\n<li>\u00c9l\u00e9ments de conception clairs et modernes<\/li>\n<li>Visualisation des donn\u00e9es de processus, des temps de cycle et de nombreuses autres informations du syst\u00e8me<\/li>\n<li>Commandes personnalis\u00e9es pour un acc\u00e8s rapide aux variables ou aux fonctions<\/li>\n<li>Adaptez l&rsquo;interface utilisateur aux exigences de votre application<\/li>\n<\/ul>\n<img loading=\"lazy\" decoding=\"async\" class=\"alignnone size-full wp-image-6102\" src=\"https:\/\/linmot.com\/de\/wp-content\/uploads\/sites\/2\/2025\/11\/linmot-pilot-dashboard-2.jpg\" alt=\"\" width=\"1200\" height=\"673\" \/>\n<hr \/>\n<div class=\"row\">\n<div class=\"col-sm-6\">\n<h3>Le syst\u00e8me de commande du robot- Le module technologique TM01<\/h3>\n<ul>\n<li>Jusqu&rsquo;\u00e0 8 axes<\/li>\n<li>Processeur 4 c\u0153urs \u00e0 1,5 GHz<\/li>\n<li>Temps de cycle de 2 ms<\/li>\n<li>Profinet ou EthernetIP avec API<\/li>\n<li>EtherCAT, y compris les E\/S de bus de terrain<\/li>\n<li>Industrie 4.0 gr\u00e2ce \u00e0 OPC UA<\/li>\n<\/ul>\n<\/div>\n<div class=\"col-sm-6\">\n<img loading=\"lazy\" decoding=\"async\" class=\"alignnone size-full wp-image-6111\" src=\"https:\/\/linmot.com\/de\/wp-content\/uploads\/sites\/2\/2025\/11\/linmot-pilot-tm01-3.jpg\" alt=\"\" width=\"239\" height=\"250\" \/>\n<\/div>\n<\/div>\n<div class=\"row\">\n<div class=\"col-sm-2\">\n<img loading=\"lazy\" decoding=\"async\" class=\"alignnone size-full wp-image-3626\" src=\"https:\/\/linmot.com\/de\/wp-content\/uploads\/sites\/2\/2022\/07\/Profinet-Logo.jpg\" alt=\"Profinet Logo\" width=\"167\" height=\"88\" \/>\n<\/div>\n<div class=\"col-sm-2\">\n<img loading=\"lazy\" decoding=\"async\" class=\"alignnone size-full wp-image-4142\" src=\"https:\/\/linmot.com\/de\/wp-content\/uploads\/sites\/2\/2023\/03\/ethernet-ip-logo.jpg\" alt=\"\" width=\"170\" height=\"66\" \/>\n<p>&nbsp;<\/p>\n<\/div>\n<div class=\"col-sm-2\">\n<img loading=\"lazy\" decoding=\"async\" class=\"alignnone size-full wp-image-6076\" src=\"https:\/\/linmot.com\/de\/wp-content\/uploads\/sites\/2\/2025\/11\/opc-ua-logo.jpg\" alt=\"\" width=\"566\" height=\"135\" \/>\n<\/div>\n<\/div>\n<p><strong>\u00c9galement compatible avec une passerelle <\/strong><br \/>\n<div class=\"row\">\n<div class=\"col-sm-2\">\n<img loading=\"lazy\" decoding=\"async\" class=\"alignnone size-full wp-image-4143\" src=\"https:\/\/linmot.com\/de\/wp-content\/uploads\/sites\/2\/2023\/03\/ethernet-powerlink-logo.jpg\" alt=\"\" width=\"158\" height=\"66\" \/>\n<\/div>\n<div class=\"col-sm-2\">\n<img loading=\"lazy\" decoding=\"async\" class=\"alignnone size-full wp-image-4141\" src=\"https:\/\/linmot.com\/de\/wp-content\/uploads\/sites\/2\/2023\/03\/ethercat-logo.jpg\" alt=\"\" width=\"158\" height=\"66\" \/>\n<\/div>\n<div class=\"col-sm-2\">\n<img loading=\"lazy\" decoding=\"async\" class=\"alignnone size-full wp-image-4145\" src=\"https:\/\/linmot.com\/de\/wp-content\/uploads\/sites\/2\/2023\/03\/sercos-automation-logo.jpg\" alt=\"\" width=\"130\" height=\"66\" \/>\n<\/div>\n<\/div>\n<h3 id=\"videos\">2. Videos<\/h3>\n<div class=\"row download\">\n<div class=\"col-md-6\">\n<h4 class=\"download-title\">La commande robotis\u00e9e sans code pour les syst\u00e8mes LinMot<\/h4>\n<p class=\"bodytext\">Nous avons \u00e9veill\u00e9 votre int\u00e9r\u00eat ? Organisez une d\u00e9monstration en direct avec votre partenaire commercial ou acc\u00e9dez \u00e0 notre environnement de test \u00e0 distance.<\/p>\n<\/div>\n<div class=\"col-md-1\">\n<\/div>\n<div class=\"col-md-5\">\n<div class=\"brlbs-cmpnt-container brlbs-cmpnt-content-blocker brlbs-cmpnt-with-individual-styles\" data-borlabs-cookie-content-blocker-id=\"default\" data-borlabs-cookie-content=\"PGlmcmFtZSB0aXRsZT0iWW91VHViZSB2aWRlbyBwbGF5ZXIiIHNyYz0iaHR0cHM6Ly93d3cueW91dHViZS5jb20vZW1iZWQvakJPcHIzZW9KX3ciIHdpZHRoPSIzOTQiIGhlaWdodD0iMjIwIiBmcmFtZWJvcmRlcj0iMCIgYWxsb3dmdWxsc2NyZWVuPSJhbGxvd2Z1bGxzY3JlZW4iPjwvaWZyYW1lPg==\">\n<div class=\"brlbs-cmpnt-cb-preset-a\">\n<p class=\"brlbs-cmpnt-cb-description\">You are currently viewing a placeholder content from <strong>Default<\/strong>. To access the actual content, click the button below. Please note that doing so will share data with third-party providers.<\/p>\n<div class=\"brlbs-cmpnt-cb-buttons\"> <a class=\"brlbs-cmpnt-cb-btn\" href=\"#\" data-borlabs-cookie-unblock role=\"button\">Unblock content<\/a> <a class=\"brlbs-cmpnt-cb-btn\" href=\"#\" data-borlabs-cookie-accept-service role=\"button\" style=\"display: none\">Accept required service and unblock content<\/a> <\/div>\n<p> <a class=\"brlbs-cmpnt-cb-provider-toggle\" href=\"#\" data-borlabs-cookie-show-provider-information role=\"button\">More Information<\/a> <\/div>\n<\/div>\n<\/div>\n<\/div>\n<h3 id=\"applications\">3. Exemples d\u2019applications<\/h3>\n<div class=\"row download\">\n<div class=\"col-md-3\">\n<h4 class=\"download-title\">Take me to the Pilot<\/h4>\n<p class=\"bodytext\" align=\"justify\">Nous avons discut\u00e9 avec Reto Brumann, chef de produit Robotique chez LinMot et instigateur du LinMot Pilot, afin d\u2019en savoir plus sur le concept, les fonctionnalit\u00e9s et le potentiel de cette solution intelligente. D\u00e9couvrez notre entretien sur la p\u00e9nurie de comp\u00e9tences, les technologies conviviales et le courage de simplifier.<\/p>\n<p><a class=\"button\" href=\"\/fr\/blog\/take-me-to-the-pilot\/\">Vers l&rsquo;article<\/a><br \/>\n<\/div>\n<div class=\"col-md-2\">\n<img loading=\"lazy\" decoding=\"async\" class=\"alignnone size-full wp-image-6201\" src=\"https:\/\/linmot.com\/de\/wp-content\/uploads\/sites\/2\/2025\/12\/linmot-pilot-preview-picture.jpg\" alt=\"\" width=\"220\" height=\"220\" \/><br \/>\n<\/div>\n<\/div>\n<h3 id=\"contact\">4. Contactez<\/h3>\n<div class=\"row download\">\n<div class=\"col-md-6\">\n<h4 class=\"download-title\">Vous avez des questions sur LinMot Pilot?<\/h4>\n<p class=\"bodytext\">Nous sommes \u00e0 votre disposition pour r\u00e9pondre \u00e0 vos questions ou vous conseiller.<br \/>\nContactez-nous via le formulaire ci-dessous ou par t\u00e9l\u00e9phone au:<\/p>\n<p class=\"bodytext\">Suisse : +41 (0)56 544 71 00<br \/>\nAllemagne : +49 (0)201 858940 0<br \/>\n\u00c9tats-Unis : 262-743-2555<\/p>\n<\/div>\n<div class=\"col-md-1\">\n<\/div>\n<div class=\"col-md-5\">\n\n<div class=\"wpcf7 no-js\" id=\"wpcf7-f1702-o1\" lang=\"fr-FR\" dir=\"ltr\" data-wpcf7-id=\"1702\">\n<div class=\"screen-reader-response\"><p role=\"status\" aria-live=\"polite\" aria-atomic=\"true\"><\/p> <ul><\/ul><\/div>\n<form action=\"\/fr\/wp-json\/wp\/v2\/pages\/3926#wpcf7-f1702-o1\" method=\"post\" class=\"wpcf7-form init\" aria-label=\"Formulaire de contact\" novalidate=\"novalidate\" data-status=\"init\">\n<fieldset class=\"hidden-fields-container\"><input type=\"hidden\" name=\"_wpcf7\" value=\"1702\" \/><input type=\"hidden\" name=\"_wpcf7_version\" value=\"6.1.5\" \/><input type=\"hidden\" name=\"_wpcf7_locale\" value=\"fr_FR\" \/><input type=\"hidden\" name=\"_wpcf7_unit_tag\" value=\"wpcf7-f1702-o1\" \/><input type=\"hidden\" name=\"_wpcf7_container_post\" value=\"0\" \/><input type=\"hidden\" name=\"_wpcf7_posted_data_hash\" value=\"\" \/><input type=\"hidden\" name=\"_wpcf7_recaptcha_response\" value=\"\" \/>\n<\/fieldset>\n<label> Votre nom<br>\n    <span class=\"wpcf7-form-control-wrap\" data-name=\"your-name\"><input size=\"40\" maxlength=\"400\" class=\"wpcf7-form-control wpcf7-text wpcf7-validates-as-required\" aria-required=\"true\" aria-invalid=\"false\" value=\"\" type=\"text\" name=\"your-name\" \/><\/span> <\/label>\n<br>\n<label> Votre entreprise<br>\n    <span class=\"wpcf7-form-control-wrap\" data-name=\"your-company\"><input size=\"40\" maxlength=\"400\" class=\"wpcf7-form-control wpcf7-text wpcf7-validates-as-required\" aria-required=\"true\" aria-invalid=\"false\" value=\"\" type=\"text\" name=\"your-company\" \/><\/span> <\/label>\n<br>\n<label> Code postal<br>\n    <span class=\"wpcf7-form-control-wrap\" data-name=\"your-plz\"><input class=\"wpcf7-form-control wpcf7-number wpcf7-validates-as-required wpcf7-validates-as-number\" aria-required=\"true\" aria-invalid=\"false\" value=\"\" type=\"number\" name=\"your-plz\" \/><\/span> <\/label>\n<br>\n<label> Pays<br>\n    <span class=\"wpcf7-form-control-wrap\" data-name=\"your-country\"><input size=\"40\" maxlength=\"400\" class=\"wpcf7-form-control wpcf7-text wpcf7-validates-as-required\" aria-required=\"true\" aria-invalid=\"false\" value=\"\" type=\"text\" name=\"your-country\" \/><\/span> <\/label>\n<br>\n<label> Votre num\u00e9ro de t\u00e9l\u00e9phone<br>\n    <span class=\"wpcf7-form-control-wrap\" data-name=\"your-number\"><input size=\"40\" maxlength=\"400\" class=\"wpcf7-form-control wpcf7-tel wpcf7-validates-as-required wpcf7-text wpcf7-validates-as-tel\" aria-required=\"true\" aria-invalid=\"false\" value=\"\" type=\"tel\" name=\"your-number\" \/><\/span> <\/label>\n<br>\n<label> Votre e-mail<br>\n    <span class=\"wpcf7-form-control-wrap\" data-name=\"your-email\"><input size=\"40\" maxlength=\"400\" class=\"wpcf7-form-control wpcf7-email wpcf7-validates-as-required wpcf7-text wpcf7-validates-as-email\" aria-required=\"true\" aria-invalid=\"false\" value=\"\" type=\"email\" name=\"your-email\" \/><\/span> <\/label>\n<br>\n<label> Votre message (facultatif)<br>\n    <span class=\"wpcf7-form-control-wrap\" data-name=\"your-message\"><textarea cols=\"40\" rows=\"10\" maxlength=\"2000\" class=\"wpcf7-form-control wpcf7-textarea\" aria-invalid=\"false\" name=\"your-message\"><\/textarea><\/span> <\/label>\n<br>\n<input class=\"wpcf7-form-control wpcf7-submit has-spinner\" type=\"submit\" value=\"Envoyer\" \/><div class=\"wpcf7-response-output\" aria-hidden=\"true\"><\/div>\n<\/form>\n<\/div>\n\n<\/div>\n<\/div>\n","protected":false},"excerpt":{"rendered":"<p>LinMot Pilot est un syst\u00e8me de commande intuitif sans code pour les robots plats LinMot \u00e0 plusieurs axes, qui ne n\u00e9cessite aucune connaissance en mati\u00e8re de PLC ou de programmation. Les s\u00e9quences de mouvement peuvent \u00eatre rapidement configur\u00e9es et ex\u00e9cut\u00e9es via une interface bas\u00e9e sur un navigateur. Gr\u00e2ce \u00e0 des commandes pr\u00e9d\u00e9finies et des fonctions [&hellip;]<\/p>\n","protected":false},"author":9,"featured_media":0,"parent":1210,"menu_order":7,"comment_status":"closed","ping_status":"closed","template":"","meta":{"_acf_changed":false,"footnotes":""},"class_list":["post-3926","page","type-page","status-publish","hentry"],"acf":[],"yoast_head":"<!-- This site is optimized with the Yoast SEO Premium plugin v20.9 (Yoast SEO v27.4) - https:\/\/yoast.com\/product\/yoast-seo-premium-wordpress\/ -->\n<title>LinMot Pilot - Moins de codage, plus de mouvement<\/title>\n<meta name=\"description\" content=\"LinMot Pilot est une plateforme de commande intuitive sans code pour les syst\u00e8mes LinMot multi-axes, qui ne n\u00e9cessite aucun API ni aucune connaissance en programmation.\" \/>\n<meta name=\"robots\" content=\"index, follow, max-snippet:-1, max-image-preview:large, max-video-preview:-1\" \/>\n<link rel=\"canonical\" href=\"https:\/\/linmot.com\/fr\/produits\/linmot-pilot-moins-de-codage-plus-de-mouvement\/\" \/>\n<meta property=\"og:locale\" content=\"fr_FR\" \/>\n<meta property=\"og:type\" content=\"article\" \/>\n<meta property=\"og:title\" content=\"LinMot Pilot - Moins de codage, plus de mouvement\" \/>\n<meta property=\"og:description\" content=\"LinMot Pilot est une plateforme de commande intuitive sans code pour les syst\u00e8mes LinMot multi-axes, qui ne n\u00e9cessite aucun API ni aucune connaissance en programmation.\" \/>\n<meta property=\"og:url\" content=\"https:\/\/linmot.com\/fr\/produits\/linmot-pilot-moins-de-codage-plus-de-mouvement\/\" \/>\n<meta property=\"og:site_name\" content=\"LinMot &amp; MagSpring - Fran\u00e7ais\" \/>\n<meta property=\"article:modified_time\" content=\"2026-01-29T13:02:43+00:00\" \/>\n<meta property=\"og:image\" content=\"https:\/\/linmot.com\/fr\/wp-content\/uploads\/sites\/3\/2022\/05\/linmot-social-share-logo.jpg\" \/>\n\t<meta property=\"og:image:width\" content=\"800\" \/>\n\t<meta property=\"og:image:height\" content=\"500\" \/>\n\t<meta property=\"og:image:type\" content=\"image\/jpeg\" \/>\n<meta name=\"twitter:card\" content=\"summary_large_image\" \/>\n<meta name=\"twitter:label1\" content=\"Dur\u00e9e de lecture estim\u00e9e\" \/>\n\t<meta name=\"twitter:data1\" content=\"6 minutes\" \/>\n<script type=\"application\/ld+json\" class=\"yoast-schema-graph\">{\"@context\":\"https:\\\/\\\/schema.org\",\"@graph\":[{\"@type\":\"WebPage\",\"@id\":\"https:\\\/\\\/linmot.com\\\/fr\\\/produits\\\/linmot-pilot-moins-de-codage-plus-de-mouvement\\\/\",\"url\":\"https:\\\/\\\/linmot.com\\\/fr\\\/produits\\\/linmot-pilot-moins-de-codage-plus-de-mouvement\\\/\",\"name\":\"LinMot Pilot - Moins de codage, plus de mouvement\",\"isPartOf\":{\"@id\":\"https:\\\/\\\/linmot.com\\\/fr\\\/#website\"},\"primaryImageOfPage\":{\"@id\":\"https:\\\/\\\/linmot.com\\\/fr\\\/produits\\\/linmot-pilot-moins-de-codage-plus-de-mouvement\\\/#primaryimage\"},\"image\":{\"@id\":\"https:\\\/\\\/linmot.com\\\/fr\\\/produits\\\/linmot-pilot-moins-de-codage-plus-de-mouvement\\\/#primaryimage\"},\"thumbnailUrl\":\"https:\\\/\\\/linmot.com\\\/de\\\/wp-content\\\/uploads\\\/sites\\\/2\\\/2025\\\/11\\\/linmot-pilot-screen-1.jpg\",\"datePublished\":\"2025-11-11T15:03:29+00:00\",\"dateModified\":\"2026-01-29T13:02:43+00:00\",\"description\":\"LinMot Pilot est une plateforme de commande intuitive sans code pour les syst\u00e8mes LinMot multi-axes, qui ne n\u00e9cessite aucun API ni aucune connaissance en programmation.\",\"breadcrumb\":{\"@id\":\"https:\\\/\\\/linmot.com\\\/fr\\\/produits\\\/linmot-pilot-moins-de-codage-plus-de-mouvement\\\/#breadcrumb\"},\"inLanguage\":\"fr-FR\",\"potentialAction\":[{\"@type\":\"ReadAction\",\"target\":[\"https:\\\/\\\/linmot.com\\\/fr\\\/produits\\\/linmot-pilot-moins-de-codage-plus-de-mouvement\\\/\"]}]},{\"@type\":\"ImageObject\",\"inLanguage\":\"fr-FR\",\"@id\":\"https:\\\/\\\/linmot.com\\\/fr\\\/produits\\\/linmot-pilot-moins-de-codage-plus-de-mouvement\\\/#primaryimage\",\"url\":\"https:\\\/\\\/linmot.com\\\/de\\\/wp-content\\\/uploads\\\/sites\\\/2\\\/2025\\\/11\\\/linmot-pilot-screen-1.jpg\",\"contentUrl\":\"https:\\\/\\\/linmot.com\\\/de\\\/wp-content\\\/uploads\\\/sites\\\/2\\\/2025\\\/11\\\/linmot-pilot-screen-1.jpg\"},{\"@type\":\"BreadcrumbList\",\"@id\":\"https:\\\/\\\/linmot.com\\\/fr\\\/produits\\\/linmot-pilot-moins-de-codage-plus-de-mouvement\\\/#breadcrumb\",\"itemListElement\":[{\"@type\":\"ListItem\",\"position\":1,\"name\":\"Home\",\"item\":\"https:\\\/\\\/linmot.com\\\/fr\\\/\"},{\"@type\":\"ListItem\",\"position\":2,\"name\":\"Produits\",\"item\":\"https:\\\/\\\/linmot.com\\\/fr\\\/produits\\\/\"},{\"@type\":\"ListItem\",\"position\":3,\"name\":\"LinMot Pilot &#8211; Moins de codage, plus de mouvement\"}]},{\"@type\":\"WebSite\",\"@id\":\"https:\\\/\\\/linmot.com\\\/fr\\\/#website\",\"url\":\"https:\\\/\\\/linmot.com\\\/fr\\\/\",\"name\":\"LinMot &amp; MagSpring - Fran\u00e7ais\",\"description\":\"Moteurs lin\u00e9aires et des syst\u00e8mes de moteurs lin\u00e9aires de haute qualit\u00e9\",\"publisher\":{\"@id\":\"https:\\\/\\\/linmot.com\\\/fr\\\/#organization\"},\"potentialAction\":[{\"@type\":\"SearchAction\",\"target\":{\"@type\":\"EntryPoint\",\"urlTemplate\":\"https:\\\/\\\/linmot.com\\\/fr\\\/?s={search_term_string}\"},\"query-input\":{\"@type\":\"PropertyValueSpecification\",\"valueRequired\":true,\"valueName\":\"search_term_string\"}}],\"inLanguage\":\"fr-FR\"},{\"@type\":\"Organization\",\"@id\":\"https:\\\/\\\/linmot.com\\\/fr\\\/#organization\",\"name\":\"NTI AG - LinMot & MagSpring\",\"url\":\"https:\\\/\\\/linmot.com\\\/fr\\\/\",\"logo\":{\"@type\":\"ImageObject\",\"inLanguage\":\"fr-FR\",\"@id\":\"https:\\\/\\\/linmot.com\\\/fr\\\/#\\\/schema\\\/logo\\\/image\\\/\",\"url\":\"https:\\\/\\\/linmot.com\\\/fr\\\/wp-content\\\/uploads\\\/sites\\\/3\\\/2022\\\/05\\\/linmot-social-share-logo.jpg\",\"contentUrl\":\"https:\\\/\\\/linmot.com\\\/fr\\\/wp-content\\\/uploads\\\/sites\\\/3\\\/2022\\\/05\\\/linmot-social-share-logo.jpg\",\"width\":800,\"height\":500,\"caption\":\"NTI AG - LinMot & MagSpring\"},\"image\":{\"@id\":\"https:\\\/\\\/linmot.com\\\/fr\\\/#\\\/schema\\\/logo\\\/image\\\/\"},\"sameAs\":[\"https:\\\/\\\/www.linkedin.com\\\/company\\\/nti-ag-linmot-magspring\",\"https:\\\/\\\/www.youtube.com\\\/user\\\/LinMotEurope\"]}]}<\/script>\n<!-- \/ Yoast SEO Premium plugin. -->","yoast_head_json":{"title":"LinMot Pilot - Moins de codage, plus de mouvement","description":"LinMot Pilot est une plateforme de commande intuitive sans code pour les syst\u00e8mes LinMot multi-axes, qui ne n\u00e9cessite aucun API ni aucune connaissance en programmation.","robots":{"index":"index","follow":"follow","max-snippet":"max-snippet:-1","max-image-preview":"max-image-preview:large","max-video-preview":"max-video-preview:-1"},"canonical":"https:\/\/linmot.com\/fr\/produits\/linmot-pilot-moins-de-codage-plus-de-mouvement\/","og_locale":"fr_FR","og_type":"article","og_title":"LinMot Pilot - Moins de codage, plus de mouvement","og_description":"LinMot Pilot est une plateforme de commande intuitive sans code pour les syst\u00e8mes LinMot multi-axes, qui ne n\u00e9cessite aucun API ni aucune connaissance en programmation.","og_url":"https:\/\/linmot.com\/fr\/produits\/linmot-pilot-moins-de-codage-plus-de-mouvement\/","og_site_name":"LinMot &amp; MagSpring - Fran\u00e7ais","article_modified_time":"2026-01-29T13:02:43+00:00","og_image":[{"width":800,"height":500,"url":"https:\/\/linmot.com\/fr\/wp-content\/uploads\/sites\/3\/2022\/05\/linmot-social-share-logo.jpg","type":"image\/jpeg"}],"twitter_card":"summary_large_image","twitter_misc":{"Dur\u00e9e de lecture estim\u00e9e":"6 minutes"},"schema":{"@context":"https:\/\/schema.org","@graph":[{"@type":"WebPage","@id":"https:\/\/linmot.com\/fr\/produits\/linmot-pilot-moins-de-codage-plus-de-mouvement\/","url":"https:\/\/linmot.com\/fr\/produits\/linmot-pilot-moins-de-codage-plus-de-mouvement\/","name":"LinMot Pilot - Moins de codage, plus de mouvement","isPartOf":{"@id":"https:\/\/linmot.com\/fr\/#website"},"primaryImageOfPage":{"@id":"https:\/\/linmot.com\/fr\/produits\/linmot-pilot-moins-de-codage-plus-de-mouvement\/#primaryimage"},"image":{"@id":"https:\/\/linmot.com\/fr\/produits\/linmot-pilot-moins-de-codage-plus-de-mouvement\/#primaryimage"},"thumbnailUrl":"https:\/\/linmot.com\/de\/wp-content\/uploads\/sites\/2\/2025\/11\/linmot-pilot-screen-1.jpg","datePublished":"2025-11-11T15:03:29+00:00","dateModified":"2026-01-29T13:02:43+00:00","description":"LinMot Pilot est une plateforme de commande intuitive sans code pour les syst\u00e8mes LinMot multi-axes, qui ne n\u00e9cessite aucun API ni aucune connaissance en programmation.","breadcrumb":{"@id":"https:\/\/linmot.com\/fr\/produits\/linmot-pilot-moins-de-codage-plus-de-mouvement\/#breadcrumb"},"inLanguage":"fr-FR","potentialAction":[{"@type":"ReadAction","target":["https:\/\/linmot.com\/fr\/produits\/linmot-pilot-moins-de-codage-plus-de-mouvement\/"]}]},{"@type":"ImageObject","inLanguage":"fr-FR","@id":"https:\/\/linmot.com\/fr\/produits\/linmot-pilot-moins-de-codage-plus-de-mouvement\/#primaryimage","url":"https:\/\/linmot.com\/de\/wp-content\/uploads\/sites\/2\/2025\/11\/linmot-pilot-screen-1.jpg","contentUrl":"https:\/\/linmot.com\/de\/wp-content\/uploads\/sites\/2\/2025\/11\/linmot-pilot-screen-1.jpg"},{"@type":"BreadcrumbList","@id":"https:\/\/linmot.com\/fr\/produits\/linmot-pilot-moins-de-codage-plus-de-mouvement\/#breadcrumb","itemListElement":[{"@type":"ListItem","position":1,"name":"Home","item":"https:\/\/linmot.com\/fr\/"},{"@type":"ListItem","position":2,"name":"Produits","item":"https:\/\/linmot.com\/fr\/produits\/"},{"@type":"ListItem","position":3,"name":"LinMot Pilot &#8211; Moins de codage, plus de mouvement"}]},{"@type":"WebSite","@id":"https:\/\/linmot.com\/fr\/#website","url":"https:\/\/linmot.com\/fr\/","name":"LinMot &amp; MagSpring - Fran\u00e7ais","description":"Moteurs lin\u00e9aires et des syst\u00e8mes de moteurs lin\u00e9aires de haute qualit\u00e9","publisher":{"@id":"https:\/\/linmot.com\/fr\/#organization"},"potentialAction":[{"@type":"SearchAction","target":{"@type":"EntryPoint","urlTemplate":"https:\/\/linmot.com\/fr\/?s={search_term_string}"},"query-input":{"@type":"PropertyValueSpecification","valueRequired":true,"valueName":"search_term_string"}}],"inLanguage":"fr-FR"},{"@type":"Organization","@id":"https:\/\/linmot.com\/fr\/#organization","name":"NTI AG - LinMot & MagSpring","url":"https:\/\/linmot.com\/fr\/","logo":{"@type":"ImageObject","inLanguage":"fr-FR","@id":"https:\/\/linmot.com\/fr\/#\/schema\/logo\/image\/","url":"https:\/\/linmot.com\/fr\/wp-content\/uploads\/sites\/3\/2022\/05\/linmot-social-share-logo.jpg","contentUrl":"https:\/\/linmot.com\/fr\/wp-content\/uploads\/sites\/3\/2022\/05\/linmot-social-share-logo.jpg","width":800,"height":500,"caption":"NTI AG - LinMot & MagSpring"},"image":{"@id":"https:\/\/linmot.com\/fr\/#\/schema\/logo\/image\/"},"sameAs":["https:\/\/www.linkedin.com\/company\/nti-ag-linmot-magspring","https:\/\/www.youtube.com\/user\/LinMotEurope"]}]}},"_links":{"self":[{"href":"https:\/\/linmot.com\/fr\/wp-json\/wp\/v2\/pages\/3926","targetHints":{"allow":["GET"]}}],"collection":[{"href":"https:\/\/linmot.com\/fr\/wp-json\/wp\/v2\/pages"}],"about":[{"href":"https:\/\/linmot.com\/fr\/wp-json\/wp\/v2\/types\/page"}],"author":[{"embeddable":true,"href":"https:\/\/linmot.com\/fr\/wp-json\/wp\/v2\/users\/9"}],"replies":[{"embeddable":true,"href":"https:\/\/linmot.com\/fr\/wp-json\/wp\/v2\/comments?post=3926"}],"version-history":[{"count":16,"href":"https:\/\/linmot.com\/fr\/wp-json\/wp\/v2\/pages\/3926\/revisions"}],"predecessor-version":[{"id":4003,"href":"https:\/\/linmot.com\/fr\/wp-json\/wp\/v2\/pages\/3926\/revisions\/4003"}],"up":[{"embeddable":true,"href":"https:\/\/linmot.com\/fr\/wp-json\/wp\/v2\/pages\/1210"}],"wp:attachment":[{"href":"https:\/\/linmot.com\/fr\/wp-json\/wp\/v2\/media?parent=3926"}],"curies":[{"name":"wp","href":"https:\/\/api.w.org\/{rel}","templated":true}]}}