{"id":3906,"date":"2025-10-23T10:19:00","date_gmt":"2025-10-23T08:19:00","guid":{"rendered":"https:\/\/linmot.com\/fr\/?page_id=3906"},"modified":"2026-04-15T08:56:49","modified_gmt":"2026-04-15T06:56:49","slug":"bosch-rexroth-ctrlx-world","status":"publish","type":"page","link":"https:\/\/linmot.com\/fr\/profil-de-lentreprise\/partenaires\/bosch-rexroth-ctrlx-world\/","title":{"rendered":"Bosch Rexroth &#8211; ctrlX World"},"content":{"rendered":"<hr \/>\n<div class=\"row\">\n<div class=\"col-sm-2\">\n<a id=\"top\" class=\"button\" href=\"#partnership\">1. Partenariat<\/a><\/p>\n<\/div>\n<div class=\"col-sm-2\">\n<a class=\"button\" href=\"#note\">2. Int\u00e9gration<\/a><\/p>\n<\/div>\n<div class=\"col-sm-2\">\n<a class=\"button\" href=\"#products\">3. Produits<\/a><\/p>\n<\/div>\n<div class=\"col-sm-2\">\n<a class=\"button\" href=\"#headquarters\">4. Contact<\/a><br \/>\n<\/div>\n<\/div>\n<hr \/>\n<h2 id=\"partnership\">1. LinMot &amp; Bosch Rexroth<\/h2>\n<div class=\"row\">\n<div class=\"col-md-9\">\n<p>LinMot est un partenaire technologique de Bosch Rexroth AG et fait d\u00e9sormais partie du r\u00e9seau ctrlX World Partner pour ctrlX AUTOMATION, une plateforme qui \u00e9tablit de nouvelles normes en mati\u00e8re d&rsquo;automatisation industrielle.<\/p>\n<p>Nos moteurs lin\u00e9aires et entra\u00eenements directs hautement dynamiques s&rsquo;int\u00e8grent parfaitement dans l&rsquo;architecture ouverte ctrlX et offrent une flexibilit\u00e9, une fiabilit\u00e9 et une efficacit\u00e9 maximales. En combinant nos solutions m\u00e9catroniques avec ctrlX AUTOMATION, nous permettons une int\u00e9gration plug-and-play, une communication en temps r\u00e9el et une mise \u00e0 l&rsquo;\u00e9chelle facile.<\/p>\n<p>Nos solutions sont id\u00e9ales pour les environnements industriels exigeants et prennent en charge les concepts I4.0 modernes gr\u00e2ce \u00e0 un traitement intelligent des donn\u00e9es et \u00e0 la communication entre machines.<\/p>\n<\/div>\n<div class=\"col-md-3\">\n<img loading=\"lazy\" decoding=\"async\" class=\"alignnone size-full wp-image-5920\" src=\"https:\/\/linmot.com\/de\/wp-content\/uploads\/sites\/2\/2025\/08\/bosch-rexroth-logo.jpg\" alt=\"\" width=\"400\" height=\"168\" \/>\n<\/div>\n<\/div>\n<p style=\"text-align: right;\"><a href=\"\/fr\/profil-de-lentreprise\/partenaires\/bosch-rexroth-ctrlx-world\/#top\" rel=\"noopener\">Haut de la page<\/a><\/p>\n<hr \/>\n<h2 id=\"note\">2. Comment int\u00e9grer LinMot dans ctrlX AUTOMATION<\/h2>\n<p>Comment int\u00e9grer les entra\u00eenements LinMot avec l&rsquo;interface LinMot EtherCAT (DS402 CoE) en tant qu&rsquo;axes de mouvement synchrones dans ctrlX AUTOMATION de Bosch Rexroth.<\/p>\n<div class=\"row\">\n<div class=\"col-sm-6\">\n<a class=\"button\" href=\"https:\/\/apps.boschrexroth.com\/microsites\/ctrlx-automation\/en\/\" target=\"_blank\" rel=\"noopener\">Vers les instructions d&rsquo;installation<\/a><\/p>\n<\/div>\n<div class=\"col-sm-6\">\n<\/div>\n<\/div>\n<p style=\"text-align: right;\"><a href=\"\/fr\/profil-de-lentreprise\/partenaires\/bosch-rexroth-ctrlx-world\/#top\" rel=\"noopener\">Haut de la page<\/a><\/p>\n<hr \/>\n<h2 id=\"products\">3. Produits<\/h2>\n<div class=\"row\">\n<div class=\"col-md-4\">\n<h4>Moteurs lin\u00e9aires<\/h4>\n<img loading=\"lazy\" decoding=\"async\" class=\"alignnone size-full wp-image-1744\" src=\"https:\/\/linmot.com\/wp-content\/uploads\/2025\/01\/linearmotoren-product-overview.jpg\" alt=\"\" width=\"300\" height=\"199\" \/>\n<p><a class=\"button\" href=\"\/fr\/produits\/moteurs-lineaire\/\" target=\"_same\" rel=\"noopener\">Plus d\u2019informations<\/a><\/p>\n<p align=\"justify\">Les moteurs LinMot sont des entra\u00eenements directs \u00e9lectromagn\u00e9tiques de forme tubulaire. Le mouvement lin\u00e9aire est g\u00e9n\u00e9r\u00e9 de mani\u00e8re purement \u00e9lectrique et sans usure, sans r\u00e9ducteur m\u00e9canique, ni broches, ni courroies m\u00e9caniques.<\/p>\n<\/div>\n<div class=\"col-md-4\">\n<h4>Guidage Lin\u00e9aire \/ Module lin\u00e9aire<\/h4>\n<img loading=\"lazy\" decoding=\"async\" class=\"alignnone size-full wp-image-1742\" src=\"https:\/\/linmot.com\/wp-content\/uploads\/2025\/01\/dm01-product-overview.jpg\" alt=\"\" width=\"300\" height=\"199\" \/>\n<p><a class=\"button\" href=\"\/fr\/produits\/guidage-lineaire-module-lineaire\/\" target=\"_same\" rel=\"noopener\">Plus d\u2019informations<\/a><\/p>\n<p align=\"justify\">Les guides lin\u00e9aires LinMot sont des unit\u00e9s de guidage compactes pour les moteurs lin\u00e9aires. Les guides servent \u00e0 supporter la charge, \u00e0 absorber les forces externes, les moments de torsion et de flexion et en m\u00eame temps \u00e0 servir de dispositif anti-rotation.<\/p>\n<\/div>\n<div class=\"col-md-4\">\n<h4>Moteur Lin\u00e9aire Rotatif<\/h4>\n<img loading=\"lazy\" decoding=\"async\" class=\"alignnone size-full wp-image-1740\" src=\"https:\/\/linmot.com\/wp-content\/uploads\/2025\/01\/hubdreh-product-overview.jpg\" alt=\"\" width=\"300\" height=\"199\" \/>\n<p><a class=\"button\" href=\"\/fr\/produits\/moteur-lineaire-rotatif\/\" target=\"_same\" rel=\"noopener\">Plus d\u2019informations<\/a><\/p>\n<p align=\"justify\">Les moteurs lin\u00e9aires rotatif de LinMot se caract\u00e9risent par une flexibilit\u00e9, une dynamique et une vitesse excellente. Ils peuvent \u00eatre utilis\u00e9s pour orienter des pi\u00e8ces et effectuer des op\u00e9rations de clipsage et de vissage.<\/p>\n<\/div>\n<\/div>\n<div class=\"row\">\n<div class=\"col-md-4\">\n<h4>Robots et syst\u00e8mes plats<\/h4>\n<img loading=\"lazy\" decoding=\"async\" class=\"aligncenter wp-image-5581 size-full\" src=\"https:\/\/linmot.com\/de\/wp-content\/uploads\/sites\/2\/2025\/02\/flat-robots-und-systeme-produkteuebersicht.png\" alt=\"\" width=\"300\" height=\"199\" \/>\n<p><a class=\"button\" href=\"\/fr\/produits\/robots-et-systemes-flat\/\" target=\"_same\" rel=\"noopener\">Plus d\u2019informations<\/a><\/p>\n<p align=\"justify\">Les robots plats et syst\u00e8mes LinMot offrent des solutions innovantes et facilement configurables de type portique, semi-portique et pick-and-place. Les syst\u00e8mes multi-axes pr\u00eats \u00e0 l\u2019emploi permettent de r\u00e9pondre rapidement et pr\u00e9cis\u00e9ment aux exigences complexes sp\u00e9cifiques \u00e0 chaque secteur.<\/p>\n<\/div>\n<div class=\"col-md-4\">\n<h4>Pinces \u00e9lectriques<\/h4>\n<img loading=\"lazy\" decoding=\"async\" class=\"aligncenter size-full wp-image-5751\" src=\"https:\/\/linmot.com\/de\/wp-content\/uploads\/sites\/2\/2025\/04\/electric-gripper-linmot-product-overview.jpg\" alt=\"\" width=\"300\" height=\"200\" \/>\n<p><a class=\"button\" href=\"\/fr\/produits\/pince-pince-rotative\/\" target=\"_same\" rel=\"noopener\">Plus d\u2019informations<\/a><\/p>\n<p align=\"justify\">Les pinces LinMot sont des solutions hautement dynamiques pour les t\u00e2ches exigeantes de prise et de d\u00e9pose, d\u2019assemblage et de vissage. Elles offrent des temps de fermeture et d\u2019ouverture rapides, un positionnement pr\u00e9cis des doigts et un contr\u00f4le pr\u00e9cis de la force.<\/p>\n<\/div>\n<div class=\"col-md-4\">\n<h4>Servo Drives<\/h4>\n<img loading=\"lazy\" decoding=\"async\" class=\"alignnone size-full wp-image-1746\" src=\"https:\/\/linmot.com\/wp-content\/uploads\/2025\/01\/servo-drives-product-overview.jpg\" alt=\"\" width=\"300\" height=\"199\" \/>\n<p><a class=\"button\" href=\"\/fr\/produits\/servo-drives\/\" target=\"_same\" rel=\"noopener\">Plus d\u2019informations<\/a><\/p>\n<p align=\"justify\">Les Servo Drives sont des contr\u00f4leurs de positionnement compacts dot\u00e9s d\u2019une ou plusieurs unit\u00e9s de puissance pour la commande des moteurs et d\u2019une unit\u00e9 de commande intelligente avec contr\u00f4le de position int\u00e9gr\u00e9. L\u2019unit\u00e9 de commande prend en charge toutes les fonctions de contr\u00f4le et de surveillance li\u00e9es \u00e0 l\u2019entra\u00eenement.<\/p>\n<\/div>\n<\/div>\n<div class=\"row\">\n<div class=\"col-md-4\">\n<h4>MagSpring<\/h4>\n<img loading=\"lazy\" decoding=\"async\" class=\"alignnone size-full wp-image-1745\" src=\"https:\/\/linmot.com\/wp-content\/uploads\/2025\/01\/magspring-product-overview.jpg\" alt=\"\" width=\"300\" height=\"199\" \/>\n<p><a class=\"button\" href=\"\/fr\/produits\/magspring\/\" target=\"_same\" rel=\"noopener\">Plus d\u2019informations<\/a><\/p>\n<p align=\"justify\">Les produits MagSpring sont mieux d\u00e9crits par le terme \u00ab ressort magn\u00e9tique \u00bb. Cependant, le terme ressort doit \u00eatre compris dans le sens o\u00f9 les composants MagSpring g\u00e9n\u00e8rent une force constante sur toute la plage de fonctionnement, alors que la courbe caract\u00e9ristique typique d\u2019un ressort m\u00e9canique montre une augmentation de la force en fonction de la trajectoire.<\/p>\n<\/div>\n<div class=\"col-md-4\">\n<h4>Accessories<\/h4>\n<img loading=\"lazy\" decoding=\"async\" class=\"alignnone size-full wp-image-1747\" src=\"https:\/\/linmot.com\/de\/wp-content\/uploads\/sites\/2\/2021\/05\/Zubehoer-Produkteuebersicht.jpg\" alt=\"\" width=\"300\" height=\"199\" \/>\n<p><a class=\"button\" href=\"\/fr\/produits\/accessoires\/\" target=\"_same\" rel=\"noopener\">Plus d\u2019informations<\/a><\/p>\n<p align=\"justify\">La gamme d\u2019accessoires de LinMot permet d\u2019adapter les moteurs lin\u00e9aires \u00e0 votre application.<\/p>\n<\/div>\n<\/div>\n<p style=\"text-align: right;\"><a href=\"\/fr\/profil-de-lentreprise\/partenaires\/bosch-rexroth-ctrlx-world\/#top\" rel=\"noopener\">Haut de la page<\/a><\/p>\n<hr \/>\n<h2 id=\"headquarters\">4. Contact<\/h2>\n<div class=\"row\">\n<div class=\"col-md-4\">\n<strong>LinMot\/NTI AG<\/strong><br \/>\nBodenaeckerstrasse 2<br \/>\nSpreitenbach, Z\u00fcrich CH-8957<br \/>\nSuisse<\/p>\n<p><a class=\"button\" href=\"mailto:office@linmot.com\" rel=\"noopener\">Envoyez-nous un e-mail<\/a><\/p>\n<\/div>\n<\/div>\n<p style=\"text-align: right;\"><a href=\"\/fr\/profil-de-lentreprise\/partenaires\/bosch-rexroth-ctrlx-world\/#top\" rel=\"noopener\">Haut de la page<\/a><\/p>\n","protected":false},"excerpt":{"rendered":"<p>1. LinMot &amp; Bosch Rexroth Haut de la page 2. Comment int\u00e9grer LinMot dans ctrlX AUTOMATION Comment int\u00e9grer les entra\u00eenements LinMot avec l&rsquo;interface LinMot EtherCAT (DS402 CoE) en tant qu&rsquo;axes de mouvement synchrones dans ctrlX AUTOMATION de Bosch Rexroth. Haut de la page 3. Produits Haut de la page 4. Contact Haut de la page<\/p>\n","protected":false},"author":9,"featured_media":0,"parent":28,"menu_order":8,"comment_status":"closed","ping_status":"closed","template":"","meta":{"_acf_changed":false,"footnotes":""},"class_list":["post-3906","page","type-page","status-publish","hentry"],"acf":[],"yoast_head":"<!-- This site is optimized with the Yoast SEO Premium plugin v20.9 (Yoast SEO v27.3) - https:\/\/yoast.com\/product\/yoast-seo-premium-wordpress\/ -->\n<title>Partenariat entre LinMot et Bosch Rexroth - ctrlX World | LinMot<\/title>\n<meta name=\"description\" content=\"LinMot est partenaire technologique de Bosch Rexroth GmbH et rejoint le r\u00e9seau ctrlX World, une plateforme qui \u00e9tablit de nouvelles normes en mati\u00e8re d&#039;automatisation industrielle.\" \/>\n<meta name=\"robots\" content=\"index, follow, max-snippet:-1, max-image-preview:large, max-video-preview:-1\" \/>\n<link rel=\"canonical\" href=\"https:\/\/linmot.com\/fr\/profil-de-lentreprise\/partenaires\/bosch-rexroth-ctrlx-world\/\" \/>\n<meta property=\"og:locale\" content=\"fr_FR\" \/>\n<meta property=\"og:type\" content=\"article\" \/>\n<meta property=\"og:title\" content=\"Bosch Rexroth - ctrlX World\" \/>\n<meta property=\"og:description\" content=\"LinMot est partenaire technologique de Bosch Rexroth GmbH et rejoint le r\u00e9seau ctrlX World, une plateforme qui \u00e9tablit de nouvelles normes en mati\u00e8re d&#039;automatisation industrielle.\" \/>\n<meta property=\"og:url\" content=\"https:\/\/linmot.com\/fr\/profil-de-lentreprise\/partenaires\/bosch-rexroth-ctrlx-world\/\" \/>\n<meta property=\"og:site_name\" content=\"LinMot &amp; MagSpring - Fran\u00e7ais\" \/>\n<meta property=\"article:modified_time\" content=\"2026-04-15T06:56:49+00:00\" \/>\n<meta property=\"og:image\" content=\"https:\/\/linmot.com\/fr\/wp-content\/uploads\/sites\/3\/2022\/05\/linmot-social-share-logo.jpg\" \/>\n\t<meta property=\"og:image:width\" content=\"800\" \/>\n\t<meta property=\"og:image:height\" content=\"500\" \/>\n\t<meta property=\"og:image:type\" content=\"image\/jpeg\" \/>\n<meta name=\"twitter:card\" content=\"summary_large_image\" \/>\n<meta name=\"twitter:label1\" content=\"Dur\u00e9e de lecture estim\u00e9e\" \/>\n\t<meta name=\"twitter:data1\" content=\"5 minutes\" \/>\n<script type=\"application\/ld+json\" class=\"yoast-schema-graph\">{\"@context\":\"https:\\\/\\\/schema.org\",\"@graph\":[{\"@type\":\"WebPage\",\"@id\":\"https:\\\/\\\/linmot.com\\\/fr\\\/profil-de-lentreprise\\\/partenaires\\\/bosch-rexroth-ctrlx-world\\\/\",\"url\":\"https:\\\/\\\/linmot.com\\\/fr\\\/profil-de-lentreprise\\\/partenaires\\\/bosch-rexroth-ctrlx-world\\\/\",\"name\":\"Partenariat entre LinMot et Bosch Rexroth - ctrlX World | LinMot\",\"isPartOf\":{\"@id\":\"https:\\\/\\\/linmot.com\\\/fr\\\/#website\"},\"primaryImageOfPage\":{\"@id\":\"https:\\\/\\\/linmot.com\\\/fr\\\/profil-de-lentreprise\\\/partenaires\\\/bosch-rexroth-ctrlx-world\\\/#primaryimage\"},\"image\":{\"@id\":\"https:\\\/\\\/linmot.com\\\/fr\\\/profil-de-lentreprise\\\/partenaires\\\/bosch-rexroth-ctrlx-world\\\/#primaryimage\"},\"thumbnailUrl\":\"https:\\\/\\\/linmot.com\\\/de\\\/wp-content\\\/uploads\\\/sites\\\/2\\\/2025\\\/08\\\/bosch-rexroth-logo.jpg\",\"datePublished\":\"2025-10-23T08:19:00+00:00\",\"dateModified\":\"2026-04-15T06:56:49+00:00\",\"description\":\"LinMot est partenaire technologique de Bosch Rexroth GmbH et rejoint le r\u00e9seau ctrlX World, une plateforme qui \u00e9tablit de nouvelles normes en mati\u00e8re d'automatisation industrielle.\",\"breadcrumb\":{\"@id\":\"https:\\\/\\\/linmot.com\\\/fr\\\/profil-de-lentreprise\\\/partenaires\\\/bosch-rexroth-ctrlx-world\\\/#breadcrumb\"},\"inLanguage\":\"fr-FR\",\"potentialAction\":[{\"@type\":\"ReadAction\",\"target\":[\"https:\\\/\\\/linmot.com\\\/fr\\\/profil-de-lentreprise\\\/partenaires\\\/bosch-rexroth-ctrlx-world\\\/\"]}]},{\"@type\":\"ImageObject\",\"inLanguage\":\"fr-FR\",\"@id\":\"https:\\\/\\\/linmot.com\\\/fr\\\/profil-de-lentreprise\\\/partenaires\\\/bosch-rexroth-ctrlx-world\\\/#primaryimage\",\"url\":\"https:\\\/\\\/linmot.com\\\/de\\\/wp-content\\\/uploads\\\/sites\\\/2\\\/2025\\\/08\\\/bosch-rexroth-logo.jpg\",\"contentUrl\":\"https:\\\/\\\/linmot.com\\\/de\\\/wp-content\\\/uploads\\\/sites\\\/2\\\/2025\\\/08\\\/bosch-rexroth-logo.jpg\"},{\"@type\":\"BreadcrumbList\",\"@id\":\"https:\\\/\\\/linmot.com\\\/fr\\\/profil-de-lentreprise\\\/partenaires\\\/bosch-rexroth-ctrlx-world\\\/#breadcrumb\",\"itemListElement\":[{\"@type\":\"ListItem\",\"position\":1,\"name\":\"Home\",\"item\":\"https:\\\/\\\/linmot.com\\\/fr\\\/\"},{\"@type\":\"ListItem\",\"position\":2,\"name\":\"Profil de l&rsquo;entreprise NTI AG\",\"item\":\"https:\\\/\\\/linmot.com\\\/fr\\\/profil-de-lentreprise\\\/\"},{\"@type\":\"ListItem\",\"position\":3,\"name\":\"Partenaires\",\"item\":\"https:\\\/\\\/linmot.com\\\/fr\\\/profil-de-lentreprise\\\/partenaires\\\/\"},{\"@type\":\"ListItem\",\"position\":4,\"name\":\"Bosch Rexroth &#8211; ctrlX World\"}]},{\"@type\":\"WebSite\",\"@id\":\"https:\\\/\\\/linmot.com\\\/fr\\\/#website\",\"url\":\"https:\\\/\\\/linmot.com\\\/fr\\\/\",\"name\":\"LinMot &amp; MagSpring - Fran\u00e7ais\",\"description\":\"Moteurs lin\u00e9aires et des syst\u00e8mes de moteurs lin\u00e9aires de haute qualit\u00e9\",\"publisher\":{\"@id\":\"https:\\\/\\\/linmot.com\\\/fr\\\/#organization\"},\"potentialAction\":[{\"@type\":\"SearchAction\",\"target\":{\"@type\":\"EntryPoint\",\"urlTemplate\":\"https:\\\/\\\/linmot.com\\\/fr\\\/?s={search_term_string}\"},\"query-input\":{\"@type\":\"PropertyValueSpecification\",\"valueRequired\":true,\"valueName\":\"search_term_string\"}}],\"inLanguage\":\"fr-FR\"},{\"@type\":\"Organization\",\"@id\":\"https:\\\/\\\/linmot.com\\\/fr\\\/#organization\",\"name\":\"NTI AG - LinMot & MagSpring\",\"url\":\"https:\\\/\\\/linmot.com\\\/fr\\\/\",\"logo\":{\"@type\":\"ImageObject\",\"inLanguage\":\"fr-FR\",\"@id\":\"https:\\\/\\\/linmot.com\\\/fr\\\/#\\\/schema\\\/logo\\\/image\\\/\",\"url\":\"https:\\\/\\\/linmot.com\\\/fr\\\/wp-content\\\/uploads\\\/sites\\\/3\\\/2022\\\/05\\\/linmot-social-share-logo.jpg\",\"contentUrl\":\"https:\\\/\\\/linmot.com\\\/fr\\\/wp-content\\\/uploads\\\/sites\\\/3\\\/2022\\\/05\\\/linmot-social-share-logo.jpg\",\"width\":800,\"height\":500,\"caption\":\"NTI AG - LinMot & MagSpring\"},\"image\":{\"@id\":\"https:\\\/\\\/linmot.com\\\/fr\\\/#\\\/schema\\\/logo\\\/image\\\/\"},\"sameAs\":[\"https:\\\/\\\/www.linkedin.com\\\/company\\\/nti-ag-linmot-magspring\",\"https:\\\/\\\/www.youtube.com\\\/user\\\/LinMotEurope\"]}]}<\/script>\n<!-- \/ Yoast SEO Premium plugin. -->","yoast_head_json":{"title":"Partenariat entre LinMot et Bosch Rexroth - ctrlX World | LinMot","description":"LinMot est partenaire technologique de Bosch Rexroth GmbH et rejoint le r\u00e9seau ctrlX World, une plateforme qui \u00e9tablit de nouvelles normes en mati\u00e8re d'automatisation industrielle.","robots":{"index":"index","follow":"follow","max-snippet":"max-snippet:-1","max-image-preview":"max-image-preview:large","max-video-preview":"max-video-preview:-1"},"canonical":"https:\/\/linmot.com\/fr\/profil-de-lentreprise\/partenaires\/bosch-rexroth-ctrlx-world\/","og_locale":"fr_FR","og_type":"article","og_title":"Bosch Rexroth - ctrlX World","og_description":"LinMot est partenaire technologique de Bosch Rexroth GmbH et rejoint le r\u00e9seau ctrlX World, une plateforme qui \u00e9tablit de nouvelles normes en mati\u00e8re d'automatisation industrielle.","og_url":"https:\/\/linmot.com\/fr\/profil-de-lentreprise\/partenaires\/bosch-rexroth-ctrlx-world\/","og_site_name":"LinMot &amp; MagSpring - Fran\u00e7ais","article_modified_time":"2026-04-15T06:56:49+00:00","og_image":[{"width":800,"height":500,"url":"https:\/\/linmot.com\/fr\/wp-content\/uploads\/sites\/3\/2022\/05\/linmot-social-share-logo.jpg","type":"image\/jpeg"}],"twitter_card":"summary_large_image","twitter_misc":{"Dur\u00e9e de lecture estim\u00e9e":"5 minutes"},"schema":{"@context":"https:\/\/schema.org","@graph":[{"@type":"WebPage","@id":"https:\/\/linmot.com\/fr\/profil-de-lentreprise\/partenaires\/bosch-rexroth-ctrlx-world\/","url":"https:\/\/linmot.com\/fr\/profil-de-lentreprise\/partenaires\/bosch-rexroth-ctrlx-world\/","name":"Partenariat entre LinMot et Bosch Rexroth - ctrlX World | LinMot","isPartOf":{"@id":"https:\/\/linmot.com\/fr\/#website"},"primaryImageOfPage":{"@id":"https:\/\/linmot.com\/fr\/profil-de-lentreprise\/partenaires\/bosch-rexroth-ctrlx-world\/#primaryimage"},"image":{"@id":"https:\/\/linmot.com\/fr\/profil-de-lentreprise\/partenaires\/bosch-rexroth-ctrlx-world\/#primaryimage"},"thumbnailUrl":"https:\/\/linmot.com\/de\/wp-content\/uploads\/sites\/2\/2025\/08\/bosch-rexroth-logo.jpg","datePublished":"2025-10-23T08:19:00+00:00","dateModified":"2026-04-15T06:56:49+00:00","description":"LinMot est partenaire technologique de Bosch Rexroth GmbH et rejoint le r\u00e9seau ctrlX World, une plateforme qui \u00e9tablit de nouvelles normes en mati\u00e8re d'automatisation industrielle.","breadcrumb":{"@id":"https:\/\/linmot.com\/fr\/profil-de-lentreprise\/partenaires\/bosch-rexroth-ctrlx-world\/#breadcrumb"},"inLanguage":"fr-FR","potentialAction":[{"@type":"ReadAction","target":["https:\/\/linmot.com\/fr\/profil-de-lentreprise\/partenaires\/bosch-rexroth-ctrlx-world\/"]}]},{"@type":"ImageObject","inLanguage":"fr-FR","@id":"https:\/\/linmot.com\/fr\/profil-de-lentreprise\/partenaires\/bosch-rexroth-ctrlx-world\/#primaryimage","url":"https:\/\/linmot.com\/de\/wp-content\/uploads\/sites\/2\/2025\/08\/bosch-rexroth-logo.jpg","contentUrl":"https:\/\/linmot.com\/de\/wp-content\/uploads\/sites\/2\/2025\/08\/bosch-rexroth-logo.jpg"},{"@type":"BreadcrumbList","@id":"https:\/\/linmot.com\/fr\/profil-de-lentreprise\/partenaires\/bosch-rexroth-ctrlx-world\/#breadcrumb","itemListElement":[{"@type":"ListItem","position":1,"name":"Home","item":"https:\/\/linmot.com\/fr\/"},{"@type":"ListItem","position":2,"name":"Profil de l&rsquo;entreprise NTI AG","item":"https:\/\/linmot.com\/fr\/profil-de-lentreprise\/"},{"@type":"ListItem","position":3,"name":"Partenaires","item":"https:\/\/linmot.com\/fr\/profil-de-lentreprise\/partenaires\/"},{"@type":"ListItem","position":4,"name":"Bosch Rexroth &#8211; ctrlX World"}]},{"@type":"WebSite","@id":"https:\/\/linmot.com\/fr\/#website","url":"https:\/\/linmot.com\/fr\/","name":"LinMot &amp; MagSpring - Fran\u00e7ais","description":"Moteurs lin\u00e9aires et des syst\u00e8mes de moteurs lin\u00e9aires de haute qualit\u00e9","publisher":{"@id":"https:\/\/linmot.com\/fr\/#organization"},"potentialAction":[{"@type":"SearchAction","target":{"@type":"EntryPoint","urlTemplate":"https:\/\/linmot.com\/fr\/?s={search_term_string}"},"query-input":{"@type":"PropertyValueSpecification","valueRequired":true,"valueName":"search_term_string"}}],"inLanguage":"fr-FR"},{"@type":"Organization","@id":"https:\/\/linmot.com\/fr\/#organization","name":"NTI AG - LinMot & MagSpring","url":"https:\/\/linmot.com\/fr\/","logo":{"@type":"ImageObject","inLanguage":"fr-FR","@id":"https:\/\/linmot.com\/fr\/#\/schema\/logo\/image\/","url":"https:\/\/linmot.com\/fr\/wp-content\/uploads\/sites\/3\/2022\/05\/linmot-social-share-logo.jpg","contentUrl":"https:\/\/linmot.com\/fr\/wp-content\/uploads\/sites\/3\/2022\/05\/linmot-social-share-logo.jpg","width":800,"height":500,"caption":"NTI AG - LinMot & MagSpring"},"image":{"@id":"https:\/\/linmot.com\/fr\/#\/schema\/logo\/image\/"},"sameAs":["https:\/\/www.linkedin.com\/company\/nti-ag-linmot-magspring","https:\/\/www.youtube.com\/user\/LinMotEurope"]}]}},"_links":{"self":[{"href":"https:\/\/linmot.com\/fr\/wp-json\/wp\/v2\/pages\/3906","targetHints":{"allow":["GET"]}}],"collection":[{"href":"https:\/\/linmot.com\/fr\/wp-json\/wp\/v2\/pages"}],"about":[{"href":"https:\/\/linmot.com\/fr\/wp-json\/wp\/v2\/types\/page"}],"author":[{"embeddable":true,"href":"https:\/\/linmot.com\/fr\/wp-json\/wp\/v2\/users\/9"}],"replies":[{"embeddable":true,"href":"https:\/\/linmot.com\/fr\/wp-json\/wp\/v2\/comments?post=3906"}],"version-history":[{"count":8,"href":"https:\/\/linmot.com\/fr\/wp-json\/wp\/v2\/pages\/3906\/revisions"}],"predecessor-version":[{"id":4043,"href":"https:\/\/linmot.com\/fr\/wp-json\/wp\/v2\/pages\/3906\/revisions\/4043"}],"up":[{"embeddable":true,"href":"https:\/\/linmot.com\/fr\/wp-json\/wp\/v2\/pages\/28"}],"wp:attachment":[{"href":"https:\/\/linmot.com\/fr\/wp-json\/wp\/v2\/media?parent=3906"}],"curies":[{"name":"wp","href":"https:\/\/api.w.org\/{rel}","templated":true}]}}