{"id":3837,"date":"2025-08-14T10:10:21","date_gmt":"2025-08-14T08:10:21","guid":{"rendered":"https:\/\/linmot.com\/fr\/?page_id=3837"},"modified":"2026-04-15T09:00:37","modified_gmt":"2026-04-15T07:00:37","slug":"rockwell-automation-partenaire-technologique","status":"publish","type":"page","link":"https:\/\/linmot.com\/fr\/profil-de-lentreprise\/partenaires\/rockwell-automation-partenaire-technologique\/","title":{"rendered":"Rockwell Automation &#8211; Partenaire technologique"},"content":{"rendered":"<hr \/>\n<div class=\"row\">\n<div class=\"col-sm-2\">\n<a id=\"top\" class=\"button\" href=\"#partnership\">1. Partenariat<\/a><\/p>\n<\/div>\n<div class=\"col-sm-2\">\n<a class=\"button\" href=\"#note\">2. Int\u00e9gration<\/a><\/p>\n<\/div>\n<div class=\"col-sm-2\">\n<a class=\"button\" href=\"#products\">3. Produits<\/a><\/p>\n<\/div>\n<div class=\"col-sm-2\">\n<a class=\"button\" href=\"#report\">4. T\u00e9moignage<\/a><\/p>\n<\/div>\n<div class=\"col-sm-2\">\n<a class=\"button\" href=\"#headquarters\">5. Contact<\/a><br \/>\n<\/div>\n<\/div>\n<hr \/>\n<h2 id=\"partnership\">1. LinMot &amp; Rockwell Automation<\/h2>\n<div class=\"row\">\n<div class=\"col-md-9\">\n<p>Transformez votre processus de fabrication gr\u00e2ce aux solutions de moteurs lin\u00e9aires LinMot\u00ae afin d&rsquo;augmenter votre productivit\u00e9 et de r\u00e9duire les temps d&rsquo;arr\u00eat!<\/p>\n<p>\u2022 Des moteurs innovants effectuent des mouvements lin\u00e9aires et lin\u00e9aires-rotatifs hautement dynamiques.<br \/>\n\u2022 La technologie de pointe de nos moteurs a fait ses preuves en mati\u00e8re de r\u00e9duction de la maintenance,<br \/>\n\u2022 d&rsquo;augmentation de la vitesse et de prolongation de la dur\u00e9e de vie \u2013 jusqu&rsquo;\u00e0 plusieurs milliards de cycles en conditions r\u00e9elles.<br \/>\n\u2022 Il n&rsquo;y a pas de courroies, de vis, de cames ou d&rsquo;engrenages susceptibles de s&rsquo;user avec le temps.<br \/>\n\u2022 Chaque moteur est \u00e9quip\u00e9 d&rsquo;un syst\u00e8me d&rsquo;entra\u00eenement direct et offre une fiabilit\u00e9 et une flexibilit\u00e9 maximales.<br \/>\n\u2022 Nos moteurs et entra\u00eenements sont con\u00e7us pour s&rsquo;int\u00e9grer parfaitement \u00e0 tout syst\u00e8me de commande superpos\u00e9.<\/p>\n<p>Nos produits sont donc parfaitement adapt\u00e9s aux environnements industriels difficiles, notamment dans les applications de production et d&rsquo;automatisation. Int\u00e9grez-les \u00e0 vos op\u00e9rations existantes, en association avec nos MagSprings et nos servomoteurs CC, pour cr\u00e9er le syst\u00e8me d&rsquo;entra\u00eenement optimal.<\/p>\n<p>Des milliers de clients ont rationalis\u00e9 leurs cycles de production gr\u00e2ce \u00e0 la technologie des moteurs LinMot. D\u00e9couvrez comment nous pouvons r\u00e9volutionner ensemble vos processus de fabrication. Nos experts vous recommanderont des solutions sur mesure pour vos applications sp\u00e9cifiques.<\/p>\n<\/div>\n<div class=\"col-md-3\">\n<img loading=\"lazy\" decoding=\"async\" class=\"size-full wp-image-4310 aligncenter\" src=\"https:\/\/linmot.com\/wp-content\/uploads\/2023\/09\/rockwell-automation-technology-partner.jpg\" alt=\"\" width=\"400\" height=\"112\" \/>\n<\/div>\n<\/div>\n<p style=\"text-align: right;\"><a href=\"\/fr\/profil-de-lentreprise\/partenaires\/rockwell-automation-partenaire-technologique\/#top\" rel=\"noopener\">Haut de la page<\/a><\/p>\n<hr \/>\n<h2 id=\"note\">2. Comment int\u00e9grer LinMot dans l&rsquo;univers Rockwell<\/h2>\n<p>Comment int\u00e9grer les entra\u00eenements LinMot avec l&rsquo;interface LinMot EtherNet\/IP CIP Sync (MI ou CM) dans un environnement Rockwell Automation en tant qu&rsquo;axe de mouvement.<\/p>\n<p><a class=\"button\" href=\"https:\/\/download.linmot.com\/plc_lib\/examples\/Rockwell_CM\/\" target=\"_blank\" rel=\"noopener\">T\u00e9l\u00e9chargez le pack de d\u00e9monstration avec des exemples de projets et de la documentation<\/a><\/p>\n<div class=\"brlbs-cmpnt-container brlbs-cmpnt-content-blocker brlbs-cmpnt-with-individual-styles\" data-borlabs-cookie-content-blocker-id=\"default\" data-borlabs-cookie-content=\"PGlmcmFtZSB0aXRsZT0iWW91VHViZSB2aWRlbyBwbGF5ZXIiIHNyYz0iaHR0cHM6Ly93d3cueW91dHViZS5jb20vZW1iZWQvLW4ySVRJUUNobzg\/c2k9eHhpVVAzeUNBdVA4QXQxNiIgd2lkdGg9IjU2MCIgaGVpZ2h0PSIzMTUiIGZyYW1lYm9yZGVyPSIwIiBhbGxvd2Z1bGxzY3JlZW49ImFsbG93ZnVsbHNjcmVlbiI+PC9pZnJhbWU+\">\n<div class=\"brlbs-cmpnt-cb-preset-a\">\n<p class=\"brlbs-cmpnt-cb-description\">You are currently viewing a placeholder content from <strong>Default<\/strong>. To access the actual content, click the button below. Please note that doing so will share data with third-party providers.<\/p>\n<div class=\"brlbs-cmpnt-cb-buttons\"> <a class=\"brlbs-cmpnt-cb-btn\" href=\"#\" data-borlabs-cookie-unblock role=\"button\">Unblock content<\/a> <a class=\"brlbs-cmpnt-cb-btn\" href=\"#\" data-borlabs-cookie-accept-service role=\"button\" style=\"display: none\">Accept required service and unblock content<\/a> <\/div>\n<p> <a class=\"brlbs-cmpnt-cb-provider-toggle\" href=\"#\" data-borlabs-cookie-show-provider-information role=\"button\">More Information<\/a> <\/div>\n<\/div>\n<p>D\u00e9couvrez un tutoriel complet sur l&rsquo;int\u00e9gration des moteurs LinMot dans Rockwell Automation CIP Sync sur notre cha\u00eene YouTube:<\/p>\n<p><a class=\"button\" href=\"https:\/\/www.youtube.com\/playlist?list=PLMSLCScLnf95PmjyZv8sl6zuHKhci8uln\" rel=\"noopener\">Acc\u00e9der \u00e0 la liste de lecture YouTube<\/a><\/p>\n<img loading=\"lazy\" decoding=\"async\" class=\"aligncenter wp-image-4308 size-full\" src=\"https:\/\/linmot.com\/wp-content\/uploads\/2023\/09\/plc-commissioning-rockwell.jpg\" alt=\"\" width=\"700\" height=\"259\" \/>\n<h6>Image Source: Rockwell Automation<\/h6>\n<p style=\"text-align: right;\"><a href=\"\/fr\/profil-de-lentreprise\/partenaires\/rockwell-automation-partenaire-technologique\/#top\" rel=\"noopener\">Haut de la page<\/a><\/p>\n<hr \/>\n<h2 id=\"products\">3. Produits LinMot<\/h2>\n<div class=\"row\">\n<div class=\"col-md-4\">\n<strong>Servo Drives<\/strong><br \/>\n<img loading=\"lazy\" decoding=\"async\" class=\"alignnone size-full wp-image-1746\" src=\"https:\/\/linmot.com\/wp-content\/uploads\/2025\/01\/servo-drives-product-overview.jpg\" alt=\"\" width=\"300\" height=\"199\" \/><\/p>\n<p><a class=\"button\" href=\"\/fr\/produits\/servo-drives\/\" rel=\"noopener\">En savoir plus<\/a><\/p>\n<p>Les servomoteurs LinMot sont des commandes de positionnement compactes comprenant une ou plusieurs unit\u00e9s de puissance pour la commande des moteurs et une unit\u00e9 de commande intelligente avec contr\u00f4le de position int\u00e9gr\u00e9. L&rsquo;unit\u00e9 de commande prend en charge toutes les fonctions de commande et de surveillance li\u00e9es \u00e0 l&rsquo;entra\u00eenement.<\/p>\n<\/div>\n<div class=\"col-md-4\">\n<strong>Moteurs lin\u00e9aires<\/strong><br \/>\n<img loading=\"lazy\" decoding=\"async\" class=\"alignnone size-full wp-image-1744\" src=\"https:\/\/linmot.com\/wp-content\/uploads\/2025\/01\/linearmotoren-product-overview.jpg\" alt=\"\" width=\"300\" height=\"199\" \/><\/p>\n<p><a class=\"button\" href=\"\/fr\/produits\/moteurs-lineaire\/\" rel=\"noopener\">En savoir plus<\/a><\/p>\n<p>Les moteurs LinMot sont des entra\u00eenements \u00e9lectromagn\u00e9tiques directs de forme tubulaire. Le mouvement lin\u00e9aire est g\u00e9n\u00e9r\u00e9 enti\u00e8rement de mani\u00e8re \u00e9lectrique et sans usure, sans utiliser d&rsquo;engrenages m\u00e9caniques, de broches ou de courroies.<\/p>\n<\/div>\n<div class=\"col-md-4\">\n<strong>Guidage Lin\u00e9aire \/ Module lin\u00e9aire<\/strong><br \/>\n<img loading=\"lazy\" decoding=\"async\" class=\"alignnone size-full wp-image-1742\" src=\"https:\/\/linmot.com\/wp-content\/uploads\/2025\/01\/dm01-product-overview.jpg\" alt=\"\" width=\"300\" height=\"199\" \/><\/p>\n<p><a class=\"button\" href=\"\/fr\/produits\/guidage-lineaire-module-lineaire\/\" rel=\"noopener\">En savoir plus<\/a><\/p>\n<p>Les guides lin\u00e9aires LinMot sont des unit\u00e9s de guidage compactes pour moteurs lin\u00e9aires. Les guides servent \u00e0 supporter la charge, \u00e0 absorber les forces externes, \u00e0 supporter les moments de torsion et de flexion, et font \u00e9galement office de dispositif anti-rotation.<\/p>\n<\/div>\n<\/div>\n<div class=\"row\">\n<div class=\"col-md-4\">\n<h4>Moteur Lin\u00e9aire Rotatif<\/h4>\n<img loading=\"lazy\" decoding=\"async\" class=\"alignnone size-full wp-image-1740\" src=\"https:\/\/linmot.com\/wp-content\/uploads\/2025\/01\/hubdreh-product-overview.jpg\" alt=\"\" width=\"300\" height=\"199\" \/>\n<p><a class=\"button\" href=\"\/fr\/produits\/moteur-lineaire-rotatif\/\" rel=\"noopener\">En savoir plus<\/a><\/p>\n<p>Les moteurs rotatifs lin\u00e9aires LinMot se caract\u00e9risent par une excellente flexibilit\u00e9, une grande dynamique et une vitesse \u00e9lev\u00e9e. Ils peuvent \u00eatre utilis\u00e9s pour r\u00e9aliser des mouvements lin\u00e9aires et rotatifs.<\/p>\n<\/div>\n<div class=\"col-md-4\">\n<h4>MagSpring<\/h4>\n<img loading=\"lazy\" decoding=\"async\" class=\"alignnone size-full wp-image-1745\" src=\"https:\/\/linmot.com\/wp-content\/uploads\/2025\/01\/magspring-product-overview.jpg\" alt=\"\" width=\"300\" height=\"199\" \/>\n<p><a class=\"button\" href=\"\/fr\/produits\/magspring\/\" rel=\"noopener\">En savoir plus<\/a><\/p>\n<p>Les produits MagSpring sont d\u00e9crits de mani\u00e8re optimale par le terme \u00abressort magn\u00e9tique\u00bb. Cependant, le terme \u00ab ressort \u00bb doit \u00eatre compris dans le sens o\u00f9 les composants MagSpring g\u00e9n\u00e8rent une force constante sur toute la plage de travail, alors qu&rsquo;une courbe caract\u00e9ristique typique d&rsquo;un ressort m\u00e9canique montre une augmentation de la force en fonction de la course.<\/p>\n<\/div>\n<div class=\"col-md-4\">\n<h4>Accessories<\/h4>\n<img loading=\"lazy\" decoding=\"async\" class=\"alignnone size-full wp-image-1747\" src=\"https:\/\/linmot.com\/de\/wp-content\/uploads\/sites\/2\/2021\/05\/Zubehoer-Produkteuebersicht.jpg\" alt=\"\" width=\"300\" height=\"199\" \/>\n<p><a class=\"button\" href=\"\/fr\/produits\/accessoires\/\" rel=\"noopener\">En savoir plus<\/a><\/p>\n<p>La gamme d&rsquo;accessoires LinMot, adapt\u00e9e aux moteurs lin\u00e9aires, permet la r\u00e9alisation et la mise en service rapides et simples d&rsquo;une grande vari\u00e9t\u00e9 de t\u00e2ches.<\/p>\n<\/div>\n<\/div>\n<p style=\"text-align: right;\"><a href=\"\/fr\/profil-de-lentreprise\/partenaires\/rockwell-automation-partenaire-technologique\/#top\" rel=\"noopener\">Haut de la page<\/a><\/p>\n<hr \/>\n<h2 id=\"report\">4. Success story<\/h2>\n<img loading=\"lazy\" decoding=\"async\" class=\"alignnone size-full wp-image-1713 aligncenter\" src=\"https:\/\/linmot.com\/de\/wp-content\/uploads\/sites\/2\/2021\/05\/laufen-lassen.gif\" alt=\"\" width=\"540\" height=\"304\" \/>\n<p>Les processus de remplissage et de fermeture peuvent \u00eatre mis en \u0153uvre de mani\u00e8re dynamique et flexible avec des moteurs rotatifs lin\u00e9aires directs. C&rsquo;est pourquoi le c\u00e9l\u00e8bre fabricant de machines d&#8217;emballage OPTIMA les utilise dans les unit\u00e9s de fermeture de ses machines monoblocs et autonomes. Une autre raison importante est que les moteurs fournissent directement des donn\u00e9es sur les valeurs r\u00e9elles de course et de couple g\u00e9n\u00e9r\u00e9es pour l&rsquo;assurance qualit\u00e9 continue ou l&rsquo;analyse ult\u00e9rieure du processus. Ce type d&rsquo;entra\u00eenement soutient pleinement les concepts modernes de l&rsquo;industrie 4.0.<\/p>\n<p><a class=\"button\" href=\"\/fr\/blog\/en-phase-avec-lindustrie-4-0\/\" rel=\"noopener\">Lire l&rsquo;int\u00e9gralit\u00e9 du rapport d&rsquo;application<\/a><\/p>\n<p style=\"text-align: right;\"><a href=\"\/fr\/profil-de-lentreprise\/partenaires\/rockwell-automation-partenaire-technologique\/#top\" rel=\"noopener\">Haut de la page<\/a><\/p>\n<hr \/>\n<h2 id=\"headquarters\">5. Contact<\/h2>\n<div class=\"row\">\n<div class=\"col-md-4\">\n<strong>LinMot USA Inc<\/strong><br \/>\nN1922 State Road 120, Unit 1<br \/>\nLake Geneva, Wisconsin 53147<br \/>\nUSA<\/p>\n<p><a class=\"button\" href=\"mailto:usaorders@linmot.com\" rel=\"noopener\">\u00c9crivez-nous un e-mail<\/a><\/p>\n<\/div>\n<div class=\"col-md-4\">\n<strong>LinMot\/NTI AG<\/strong><br \/>\nBodenaeckerstrasse 2<br \/>\nSpreitenbach, Z\u00fcrich CH-8957<br \/>\nSwitzerland<\/p>\n<p><a class=\"button\" href=\"mailto:office@linmot.com\" rel=\"noopener\">\u00c9crivez-nous un e-mail<\/a><\/p>\n<\/div>\n<\/div>\n<p style=\"text-align: right;\"><a href=\"\/fr\/profil-de-lentreprise\/partenaires\/rockwell-automation-partenaire-technologique\/#top\" rel=\"noopener\">Haut de la page<\/a><\/p>\n","protected":false},"excerpt":{"rendered":"<p>1. LinMot &amp; Rockwell Automation Haut de la page 2. Comment int\u00e9grer LinMot dans l&rsquo;univers Rockwell Comment int\u00e9grer les entra\u00eenements LinMot avec l&rsquo;interface LinMot EtherNet\/IP CIP Sync (MI ou CM) dans un environnement Rockwell Automation en tant qu&rsquo;axe de mouvement. T\u00e9l\u00e9chargez le pack de d\u00e9monstration avec des exemples de projets et de la documentation You [&hellip;]<\/p>\n","protected":false},"author":9,"featured_media":0,"parent":28,"menu_order":11,"comment_status":"closed","ping_status":"closed","template":"","meta":{"_acf_changed":false,"footnotes":""},"class_list":["post-3837","page","type-page","status-publish","hentry"],"acf":[],"yoast_head":"<!-- This site is optimized with the Yoast SEO Premium plugin v20.9 (Yoast SEO v27.4) - https:\/\/yoast.com\/product\/yoast-seo-premium-wordpress\/ -->\n<title>Rockwell Automation - Partenaire technologique - LinMot &amp; MagSpring - Fran\u00e7ais<\/title>\n<meta name=\"description\" content=\"Comment int\u00e9grer les entra\u00eenements LinMot avec l&#039;interface LinMot EtherNet\/IP CIP Sync dans un environnement Rockwell Automation en tant qu&#039;axe de mouvement.\" \/>\n<meta name=\"robots\" content=\"index, follow, max-snippet:-1, max-image-preview:large, max-video-preview:-1\" \/>\n<link rel=\"canonical\" href=\"https:\/\/linmot.com\/fr\/profil-de-lentreprise\/partenaires\/rockwell-automation-partenaire-technologique\/\" \/>\n<meta property=\"og:locale\" content=\"fr_FR\" \/>\n<meta property=\"og:type\" content=\"article\" \/>\n<meta property=\"og:title\" content=\"Rockwell Automation - Partenaire technologique\" \/>\n<meta property=\"og:description\" content=\"Comment int\u00e9grer les entra\u00eenements LinMot avec l&#039;interface LinMot EtherNet\/IP CIP Sync dans un environnement Rockwell Automation en tant qu&#039;axe de mouvement.\" \/>\n<meta property=\"og:url\" content=\"https:\/\/linmot.com\/fr\/profil-de-lentreprise\/partenaires\/rockwell-automation-partenaire-technologique\/\" \/>\n<meta property=\"og:site_name\" content=\"LinMot &amp; MagSpring - Fran\u00e7ais\" \/>\n<meta property=\"article:modified_time\" content=\"2026-04-15T07:00:37+00:00\" \/>\n<meta property=\"og:image\" content=\"https:\/\/linmot.com\/fr\/wp-content\/uploads\/sites\/3\/2022\/05\/linmot-social-share-logo.jpg\" \/>\n\t<meta property=\"og:image:width\" content=\"800\" \/>\n\t<meta property=\"og:image:height\" content=\"500\" \/>\n\t<meta property=\"og:image:type\" content=\"image\/jpeg\" \/>\n<meta name=\"twitter:card\" content=\"summary_large_image\" \/>\n<meta name=\"twitter:label1\" content=\"Dur\u00e9e de lecture estim\u00e9e\" \/>\n\t<meta name=\"twitter:data1\" content=\"6 minutes\" \/>\n<script type=\"application\/ld+json\" class=\"yoast-schema-graph\">{\"@context\":\"https:\\\/\\\/schema.org\",\"@graph\":[{\"@type\":\"WebPage\",\"@id\":\"https:\\\/\\\/linmot.com\\\/fr\\\/profil-de-lentreprise\\\/partenaires\\\/rockwell-automation-partenaire-technologique\\\/\",\"url\":\"https:\\\/\\\/linmot.com\\\/fr\\\/profil-de-lentreprise\\\/partenaires\\\/rockwell-automation-partenaire-technologique\\\/\",\"name\":\"Rockwell Automation - Partenaire technologique - LinMot &amp; MagSpring - Fran\u00e7ais\",\"isPartOf\":{\"@id\":\"https:\\\/\\\/linmot.com\\\/fr\\\/#website\"},\"primaryImageOfPage\":{\"@id\":\"https:\\\/\\\/linmot.com\\\/fr\\\/profil-de-lentreprise\\\/partenaires\\\/rockwell-automation-partenaire-technologique\\\/#primaryimage\"},\"image\":{\"@id\":\"https:\\\/\\\/linmot.com\\\/fr\\\/profil-de-lentreprise\\\/partenaires\\\/rockwell-automation-partenaire-technologique\\\/#primaryimage\"},\"thumbnailUrl\":\"https:\\\/\\\/linmot.com\\\/wp-content\\\/uploads\\\/2023\\\/09\\\/rockwell-automation-technology-partner.jpg\",\"datePublished\":\"2025-08-14T08:10:21+00:00\",\"dateModified\":\"2026-04-15T07:00:37+00:00\",\"description\":\"Comment int\u00e9grer les entra\u00eenements LinMot avec l'interface LinMot EtherNet\\\/IP CIP Sync dans un environnement Rockwell Automation en tant qu'axe de mouvement.\",\"breadcrumb\":{\"@id\":\"https:\\\/\\\/linmot.com\\\/fr\\\/profil-de-lentreprise\\\/partenaires\\\/rockwell-automation-partenaire-technologique\\\/#breadcrumb\"},\"inLanguage\":\"fr-FR\",\"potentialAction\":[{\"@type\":\"ReadAction\",\"target\":[\"https:\\\/\\\/linmot.com\\\/fr\\\/profil-de-lentreprise\\\/partenaires\\\/rockwell-automation-partenaire-technologique\\\/\"]}]},{\"@type\":\"ImageObject\",\"inLanguage\":\"fr-FR\",\"@id\":\"https:\\\/\\\/linmot.com\\\/fr\\\/profil-de-lentreprise\\\/partenaires\\\/rockwell-automation-partenaire-technologique\\\/#primaryimage\",\"url\":\"https:\\\/\\\/linmot.com\\\/wp-content\\\/uploads\\\/2023\\\/09\\\/rockwell-automation-technology-partner.jpg\",\"contentUrl\":\"https:\\\/\\\/linmot.com\\\/wp-content\\\/uploads\\\/2023\\\/09\\\/rockwell-automation-technology-partner.jpg\"},{\"@type\":\"BreadcrumbList\",\"@id\":\"https:\\\/\\\/linmot.com\\\/fr\\\/profil-de-lentreprise\\\/partenaires\\\/rockwell-automation-partenaire-technologique\\\/#breadcrumb\",\"itemListElement\":[{\"@type\":\"ListItem\",\"position\":1,\"name\":\"Home\",\"item\":\"https:\\\/\\\/linmot.com\\\/fr\\\/\"},{\"@type\":\"ListItem\",\"position\":2,\"name\":\"Profil de l&rsquo;entreprise NTI AG\",\"item\":\"https:\\\/\\\/linmot.com\\\/fr\\\/profil-de-lentreprise\\\/\"},{\"@type\":\"ListItem\",\"position\":3,\"name\":\"Partenaires\",\"item\":\"https:\\\/\\\/linmot.com\\\/fr\\\/profil-de-lentreprise\\\/partenaires\\\/\"},{\"@type\":\"ListItem\",\"position\":4,\"name\":\"Rockwell Automation &#8211; Partenaire technologique\"}]},{\"@type\":\"WebSite\",\"@id\":\"https:\\\/\\\/linmot.com\\\/fr\\\/#website\",\"url\":\"https:\\\/\\\/linmot.com\\\/fr\\\/\",\"name\":\"LinMot &amp; MagSpring - Fran\u00e7ais\",\"description\":\"Moteurs lin\u00e9aires et des syst\u00e8mes de moteurs lin\u00e9aires de haute qualit\u00e9\",\"publisher\":{\"@id\":\"https:\\\/\\\/linmot.com\\\/fr\\\/#organization\"},\"potentialAction\":[{\"@type\":\"SearchAction\",\"target\":{\"@type\":\"EntryPoint\",\"urlTemplate\":\"https:\\\/\\\/linmot.com\\\/fr\\\/?s={search_term_string}\"},\"query-input\":{\"@type\":\"PropertyValueSpecification\",\"valueRequired\":true,\"valueName\":\"search_term_string\"}}],\"inLanguage\":\"fr-FR\"},{\"@type\":\"Organization\",\"@id\":\"https:\\\/\\\/linmot.com\\\/fr\\\/#organization\",\"name\":\"NTI AG - LinMot & MagSpring\",\"url\":\"https:\\\/\\\/linmot.com\\\/fr\\\/\",\"logo\":{\"@type\":\"ImageObject\",\"inLanguage\":\"fr-FR\",\"@id\":\"https:\\\/\\\/linmot.com\\\/fr\\\/#\\\/schema\\\/logo\\\/image\\\/\",\"url\":\"https:\\\/\\\/linmot.com\\\/fr\\\/wp-content\\\/uploads\\\/sites\\\/3\\\/2022\\\/05\\\/linmot-social-share-logo.jpg\",\"contentUrl\":\"https:\\\/\\\/linmot.com\\\/fr\\\/wp-content\\\/uploads\\\/sites\\\/3\\\/2022\\\/05\\\/linmot-social-share-logo.jpg\",\"width\":800,\"height\":500,\"caption\":\"NTI AG - LinMot & MagSpring\"},\"image\":{\"@id\":\"https:\\\/\\\/linmot.com\\\/fr\\\/#\\\/schema\\\/logo\\\/image\\\/\"},\"sameAs\":[\"https:\\\/\\\/www.linkedin.com\\\/company\\\/nti-ag-linmot-magspring\",\"https:\\\/\\\/www.youtube.com\\\/user\\\/LinMotEurope\"]}]}<\/script>\n<!-- \/ Yoast SEO Premium plugin. -->","yoast_head_json":{"title":"Rockwell Automation - Partenaire technologique - LinMot &amp; MagSpring - Fran\u00e7ais","description":"Comment int\u00e9grer les entra\u00eenements LinMot avec l'interface LinMot EtherNet\/IP CIP Sync dans un environnement Rockwell Automation en tant qu'axe de mouvement.","robots":{"index":"index","follow":"follow","max-snippet":"max-snippet:-1","max-image-preview":"max-image-preview:large","max-video-preview":"max-video-preview:-1"},"canonical":"https:\/\/linmot.com\/fr\/profil-de-lentreprise\/partenaires\/rockwell-automation-partenaire-technologique\/","og_locale":"fr_FR","og_type":"article","og_title":"Rockwell Automation - Partenaire technologique","og_description":"Comment int\u00e9grer les entra\u00eenements LinMot avec l'interface LinMot EtherNet\/IP CIP Sync dans un environnement Rockwell Automation en tant qu'axe de mouvement.","og_url":"https:\/\/linmot.com\/fr\/profil-de-lentreprise\/partenaires\/rockwell-automation-partenaire-technologique\/","og_site_name":"LinMot &amp; MagSpring - Fran\u00e7ais","article_modified_time":"2026-04-15T07:00:37+00:00","og_image":[{"width":800,"height":500,"url":"https:\/\/linmot.com\/fr\/wp-content\/uploads\/sites\/3\/2022\/05\/linmot-social-share-logo.jpg","type":"image\/jpeg"}],"twitter_card":"summary_large_image","twitter_misc":{"Dur\u00e9e de lecture estim\u00e9e":"6 minutes"},"schema":{"@context":"https:\/\/schema.org","@graph":[{"@type":"WebPage","@id":"https:\/\/linmot.com\/fr\/profil-de-lentreprise\/partenaires\/rockwell-automation-partenaire-technologique\/","url":"https:\/\/linmot.com\/fr\/profil-de-lentreprise\/partenaires\/rockwell-automation-partenaire-technologique\/","name":"Rockwell Automation - Partenaire technologique - LinMot &amp; MagSpring - Fran\u00e7ais","isPartOf":{"@id":"https:\/\/linmot.com\/fr\/#website"},"primaryImageOfPage":{"@id":"https:\/\/linmot.com\/fr\/profil-de-lentreprise\/partenaires\/rockwell-automation-partenaire-technologique\/#primaryimage"},"image":{"@id":"https:\/\/linmot.com\/fr\/profil-de-lentreprise\/partenaires\/rockwell-automation-partenaire-technologique\/#primaryimage"},"thumbnailUrl":"https:\/\/linmot.com\/wp-content\/uploads\/2023\/09\/rockwell-automation-technology-partner.jpg","datePublished":"2025-08-14T08:10:21+00:00","dateModified":"2026-04-15T07:00:37+00:00","description":"Comment int\u00e9grer les entra\u00eenements LinMot avec l'interface LinMot EtherNet\/IP CIP Sync dans un environnement Rockwell Automation en tant qu'axe de mouvement.","breadcrumb":{"@id":"https:\/\/linmot.com\/fr\/profil-de-lentreprise\/partenaires\/rockwell-automation-partenaire-technologique\/#breadcrumb"},"inLanguage":"fr-FR","potentialAction":[{"@type":"ReadAction","target":["https:\/\/linmot.com\/fr\/profil-de-lentreprise\/partenaires\/rockwell-automation-partenaire-technologique\/"]}]},{"@type":"ImageObject","inLanguage":"fr-FR","@id":"https:\/\/linmot.com\/fr\/profil-de-lentreprise\/partenaires\/rockwell-automation-partenaire-technologique\/#primaryimage","url":"https:\/\/linmot.com\/wp-content\/uploads\/2023\/09\/rockwell-automation-technology-partner.jpg","contentUrl":"https:\/\/linmot.com\/wp-content\/uploads\/2023\/09\/rockwell-automation-technology-partner.jpg"},{"@type":"BreadcrumbList","@id":"https:\/\/linmot.com\/fr\/profil-de-lentreprise\/partenaires\/rockwell-automation-partenaire-technologique\/#breadcrumb","itemListElement":[{"@type":"ListItem","position":1,"name":"Home","item":"https:\/\/linmot.com\/fr\/"},{"@type":"ListItem","position":2,"name":"Profil de l&rsquo;entreprise NTI AG","item":"https:\/\/linmot.com\/fr\/profil-de-lentreprise\/"},{"@type":"ListItem","position":3,"name":"Partenaires","item":"https:\/\/linmot.com\/fr\/profil-de-lentreprise\/partenaires\/"},{"@type":"ListItem","position":4,"name":"Rockwell Automation &#8211; Partenaire technologique"}]},{"@type":"WebSite","@id":"https:\/\/linmot.com\/fr\/#website","url":"https:\/\/linmot.com\/fr\/","name":"LinMot &amp; MagSpring - Fran\u00e7ais","description":"Moteurs lin\u00e9aires et des syst\u00e8mes de moteurs lin\u00e9aires de haute qualit\u00e9","publisher":{"@id":"https:\/\/linmot.com\/fr\/#organization"},"potentialAction":[{"@type":"SearchAction","target":{"@type":"EntryPoint","urlTemplate":"https:\/\/linmot.com\/fr\/?s={search_term_string}"},"query-input":{"@type":"PropertyValueSpecification","valueRequired":true,"valueName":"search_term_string"}}],"inLanguage":"fr-FR"},{"@type":"Organization","@id":"https:\/\/linmot.com\/fr\/#organization","name":"NTI AG - LinMot & MagSpring","url":"https:\/\/linmot.com\/fr\/","logo":{"@type":"ImageObject","inLanguage":"fr-FR","@id":"https:\/\/linmot.com\/fr\/#\/schema\/logo\/image\/","url":"https:\/\/linmot.com\/fr\/wp-content\/uploads\/sites\/3\/2022\/05\/linmot-social-share-logo.jpg","contentUrl":"https:\/\/linmot.com\/fr\/wp-content\/uploads\/sites\/3\/2022\/05\/linmot-social-share-logo.jpg","width":800,"height":500,"caption":"NTI AG - LinMot & MagSpring"},"image":{"@id":"https:\/\/linmot.com\/fr\/#\/schema\/logo\/image\/"},"sameAs":["https:\/\/www.linkedin.com\/company\/nti-ag-linmot-magspring","https:\/\/www.youtube.com\/user\/LinMotEurope"]}]}},"_links":{"self":[{"href":"https:\/\/linmot.com\/fr\/wp-json\/wp\/v2\/pages\/3837","targetHints":{"allow":["GET"]}}],"collection":[{"href":"https:\/\/linmot.com\/fr\/wp-json\/wp\/v2\/pages"}],"about":[{"href":"https:\/\/linmot.com\/fr\/wp-json\/wp\/v2\/types\/page"}],"author":[{"embeddable":true,"href":"https:\/\/linmot.com\/fr\/wp-json\/wp\/v2\/users\/9"}],"replies":[{"embeddable":true,"href":"https:\/\/linmot.com\/fr\/wp-json\/wp\/v2\/comments?post=3837"}],"version-history":[{"count":10,"href":"https:\/\/linmot.com\/fr\/wp-json\/wp\/v2\/pages\/3837\/revisions"}],"predecessor-version":[{"id":4044,"href":"https:\/\/linmot.com\/fr\/wp-json\/wp\/v2\/pages\/3837\/revisions\/4044"}],"up":[{"embeddable":true,"href":"https:\/\/linmot.com\/fr\/wp-json\/wp\/v2\/pages\/28"}],"wp:attachment":[{"href":"https:\/\/linmot.com\/fr\/wp-json\/wp\/v2\/media?parent=3837"}],"curies":[{"name":"wp","href":"https:\/\/api.w.org\/{rel}","templated":true}]}}