{"id":38,"date":"2017-10-20T23:32:28","date_gmt":"2017-10-20T21:32:28","guid":{"rendered":"https:\/\/linmot.com\/?page_id=38"},"modified":"2024-04-10T15:51:02","modified_gmt":"2024-04-10T13:51:02","slug":"moteurs-lineaire","status":"publish","type":"page","link":"https:\/\/linmot.com\/fr\/produits\/moteurs-lineaire\/","title":{"rendered":"Moteurs Lin\u00e9aire"},"content":{"rendered":"<p align=\"justify\"><strong>Les moteurs LinMot sont des moteurs lin\u00e9aire tubulaires de haute qualit\u00e9 et \u00e0 tr\u00e8s haut rendement. Ce haut rendement signifie moins de chaleur g\u00e9n\u00e9r\u00e9e et une meilleure pr\u00e9cision de position. La conception tubulaire simple et propre facilite l&rsquo;installation du moteur, ce qui r\u00e9duit l&rsquo;encombrement et permet d&rsquo;obtenir une densit\u00e9 de force in\u00e9gal\u00e9e. Contrairement aux solutions d&rsquo;entra\u00eenement classiques, les solutions LinMot ne n\u00e9cessitent aucun \u00e9l\u00e9ment de transmission m\u00e9canique &#8211; ce qui simplifie la conception, tout en r\u00e9duisant l&rsquo;usure \u00e0 un niveau quasi nul et en minimisant ainsi la maintenance.<\/strong><\/p>\n<p align=\"justify\">Les moteurs LinMot sont d&rsquo;une fiabilit\u00e9 sans \u00e9gal, et leur mouvement pr\u00e9cis, doux, silencieux et hautement dynamique les rend id\u00e9aux pour presque toutes les applications et industries.<\/p>\n<hr \/>\n<div class=\"row\">\n<div class=\"col-md-5\">\n<h2>Principaux avantages des moteurs lin\u00e9aire<\/h2>\n<p><strong>Productivit\u00e9<\/strong><\/p>\n<ul>\n<li>Dynamique extr\u00eame<\/li>\n<li>Variables de processus contr\u00f4l\u00e9es<\/li>\n<li>Maintenance simple et rapide<\/li>\n<\/ul>\n<p><strong>Flexibilit\u00e9<\/strong><\/p>\n<ul>\n<li>Positionnement libre avec des param\u00e8tres programmables<\/li>\n<li>Large gamme de combinaisons de produits et d&rsquo;options<\/li>\n<\/ul>\n<p><strong>Fiabilit\u00e9<\/strong><\/p>\n<ul>\n<li>Qualit\u00e9 et pr\u00e9cision \u00e9lev\u00e9es<\/li>\n<li>Conception simple<\/li>\n<li>Protection contre les surcharges<\/li>\n<li>Longue dur\u00e9e de vie<\/li>\n<\/ul>\n<p><a class=\"btn btn-active\" href=\"https:\/\/shop.linmot.com\/E\/linear-motors.htm\" target=\"_blank\" rel=\"noopener noreferrer\">Vers les d\u00e9tails dans le e-catalogue (anglais)<\/a><\/p>\n<\/div>\n<div class=\"col-md-7\">\n<img loading=\"lazy\" decoding=\"async\" class=\"alignnone size-full wp-image-2773\" src=\"https:\/\/linmot.com\/wp-content\/uploads\/2022\/02\/linear-motors-typical-application-areas.jpg\" alt=\"\" width=\"535\" height=\"399\" \/>\n<\/div>\n<\/div>\n<hr \/>\n<h3>Gamme de puissance des moteurs lin\u00e9aires<\/h3>\n<img loading=\"lazy\" decoding=\"async\" class=\"alignnone size-full wp-image-2769\" src=\"https:\/\/linmot.com\/wp-content\/uploads\/2022\/02\/force-controll-linear-motors.jpg\" alt=\"\" width=\"763\" height=\"452\" \/>\n<hr \/>\n<div class=\"row\">\n<div class=\"col-md-5\">\n<h2>Domaines d&rsquo;application types<\/h2>\n<ul>\n<li>Machines de moulage par injection plastique, machines d&#8217;emballage, machines textiles, machines d&rsquo;assemblage, machines d&rsquo;impression et d&rsquo;\u00e9tiquetage.<\/li>\n<li>Machines de traitement du bois, du verre et de la c\u00e9ramique<\/li>\n<li>Syst\u00e8mes de manutention, de remplissage, d&rsquo;inspection, d&rsquo;alimentation, de montage, d&#8217;empilage, de tri et d&rsquo;ejection.<\/li>\n<li>Dosage, comptage, dosage, scellage et pressage de pr\u00e9cision.<\/li>\n<\/ul>\n<\/div>\n<div class=\"col-md-7\">\n<p style=\"text-align: center;\">\n<div class=\"brlbs-cmpnt-container brlbs-cmpnt-content-blocker brlbs-cmpnt-with-individual-styles\" data-borlabs-cookie-content-blocker-id=\"default\" data-borlabs-cookie-content=\"PGlmcmFtZSB0aXRsZT0iWW91VHViZSB2aWRlbyBwbGF5ZXIiIHNyYz0iaHR0cHM6Ly93d3cueW91dHViZS5jb20vZW1iZWQvWXotYURKekRFdkU\/c3RhcnQ9MjgiIHdpZHRoPSI1MzUiIGhlaWdodD0iMzE1IiBmcmFtZWJvcmRlcj0iMCIgYWxsb3dmdWxsc2NyZWVuPSJhbGxvd2Z1bGxzY3JlZW4iPjwvaWZyYW1lPg==\">\n<div class=\"brlbs-cmpnt-cb-preset-a\">\n<p class=\"brlbs-cmpnt-cb-description\">You are currently viewing a placeholder content from <strong>Default<\/strong>. To access the actual content, click the button below. Please note that doing so will share data with third-party providers.<\/p>\n<div class=\"brlbs-cmpnt-cb-buttons\"> <a class=\"brlbs-cmpnt-cb-btn\" href=\"#\" data-borlabs-cookie-unblock role=\"button\">Unblock content<\/a> <a class=\"brlbs-cmpnt-cb-btn\" href=\"#\" data-borlabs-cookie-accept-service role=\"button\" style=\"display: none\">Accept required service and unblock content<\/a> <\/div>\n<p> <a class=\"brlbs-cmpnt-cb-provider-toggle\" href=\"#\" data-borlabs-cookie-show-provider-information role=\"button\">More Information<\/a> <\/div>\n<\/div>\n<\/div>\n<\/div>\n<hr \/>\n<h2>S\u00e9rie P01<\/h2>\n<div class=\"row\">\n<div class=\"col-md-7\">\n<ul>\n<li>Haute densit\u00e9 de puissance<\/li>\n<li>Efficacit\u00e9 extr\u00eame<\/li>\n<li>Installation et configuration simples<\/li>\n<li>Faible bruit et fonctionnement r\u00e9gulier<\/li>\n<li>Longue dur\u00e9e de vie<\/li>\n<li>Certifi\u00e9 CE\/RoHS\/UL<\/li>\n<\/ul>\n<p><a class=\"button\" href=\"\/fr\/produits\/moteurs-lineaire\/moteur-lineaire-p01\/\">En savoir plus<\/a><\/p>\n<\/div>\n<div class=\"col-md-5\">\n<p><img loading=\"lazy\" decoding=\"async\" class=\"size-full wp-image-2780 aligncenter\" src=\"https:\/\/linmot.com\/wp-content\/uploads\/2022\/02\/linearmotor-p01.jpg\" alt=\"\" width=\"612\" height=\"193\" \/><\/div>\n<\/div>\n<hr \/>\n<h2>S\u00e9rie P10<\/h2>\n<div class=\"row\">\n<div class=\"col-md-7\">\n<ul>\n<li>Les moteurs LinMot les plus puissants et les plus dynamiques<\/li>\n<li>Technologie moteur 230VAC \/ 3x400VAC<\/li>\n<li>Contr\u00f4l\u00e9s par des variateurs standard du march\u00e9 tiers<\/li>\n<li>Longue dur\u00e9e de vie<\/li>\n<li>Configuration facile<\/li>\n<li>Certifi\u00e9 CE\/RoHS\/UL<\/li>\n<\/ul>\n<p><a class=\"button\" href=\"\/fr\/produits\/moteurs-lineaire\/moteur-lineaire-p10\/\">En savoir plus<\/a><\/p>\n<\/div>\n<div class=\"col-md-5\">\n<img loading=\"lazy\" decoding=\"async\" class=\"alignnone size-full wp-image-2779 aligncenter\" src=\"https:\/\/linmot.com\/wp-content\/uploads\/2022\/02\/linearmotor-p10.jpg\" alt=\"\" width=\"612\" height=\"160\" \/>\n<p>&nbsp;<\/p>\n<\/div>\n<\/div>\n<hr \/>\n<h2>Acier inoxydable<\/h2>\n<div class=\"row\">\n<div class=\"col-md-7\">\n<ul>\n<li>Conception hygi\u00e9nique d\u00e9velopp\u00e9e pour les environnements exigeants<\/li>\n<li>Con\u00e7u pour le traitement des aliments ou pour l\u2019industrie pharmaceutique<\/li>\n<li>R\u00e9pond aux exigences de la classe de protection IP69K selon la norme DIN EN 60529<\/li>\n<li>Facile \u00e0 nettoyer avec les produits de nettoyage standard de l\u2019industrie<\/li>\n<li>En option, avec refroidissement par eau int\u00e9gr\u00e9 pour de faibles temp\u00e9ratures de surface<\/li>\n<\/ul>\n<p><a class=\"button\" href=\"\/fr\/produits\/moteur-inox\/\">En savoir plus<\/a><\/p>\n<\/div>\n<div class=\"col-md-5\">\n<img loading=\"lazy\" decoding=\"async\" class=\"alignnone size-full wp-image-2779 aligncenter\" src=\"https:\/\/linmot.com\/de\/wp-content\/uploads\/sites\/2\/2021\/07\/linmot-stainless-steel-motors-3x400VAC-SSC.jpg\" alt=\"\" width=\"612\" height=\"189\" \/>\n<p>&nbsp;<\/p>\n<\/div>\n<\/div>\n<hr \/>\n<h2>Moteurs lin\u00e9aires antid\u00e9flagrants<\/h2>\n<div class=\"row\">\n<div class=\"col-md-7\">\n<ul>\n<li>Protection inox EN 1.4404\/AISI 316<\/li>\n<li>Conception hygi\u00e9nique<\/li>\n<li>Raccords soud\u00e9s, pas de joints<\/li>\n<li>Enti\u00e8rement encapsul\u00e9s (IP69K)<\/li>\n<li>Refroidissement par eau en option<\/li>\n<li>Destin\u00e9s aux zones 1\/2 (gaz)<\/li>\n<li>Convient pour les zones 21\/22 (poussi\u00e8re)<\/li>\n<\/ul>\n<p><a class=\"button\" href=\"\/fr\/produits\/moteurs-lineaire\/moteur-atex\/\">En savoir plus<\/a><\/p>\n<\/div>\n<div class=\"col-md-5\">\n<img loading=\"lazy\" decoding=\"async\" class=\"alignnone size-full wp-image-2779 aligncenter\" src=\"https:\/\/linmot.com\/es\/wp-content\/uploads\/sites\/5\/2018\/08\/atex-motors-2018-4.jpg\" alt=\"\" width=\"612\" height=\"190\" \/>\n<p>&nbsp;<\/p>\n<\/div>\n<\/div>\n<hr \/>\n<h2>Moteurs lin\u00e9aires avec variateur int\u00e9gr\u00e9<\/h2>\n<div class=\"row\">\n<div class=\"col-md-7\">\n<ul>\n<li>Moteur lin\u00e9aire haute performance avec variateur int\u00e9gr\u00e9<\/li>\n<li>Produit compact<\/li>\n<li>Dynamique extr\u00eamement \u00e9lev\u00e9e<\/li>\n<li>Convient aux raccordements en cha\u00eene<\/li>\n<li>Bride de montage int\u00e9gr\u00e9e<\/li>\n<li>Gain de temps pour le c\u00e2blage<\/li>\n<\/ul>\n<p><a class=\"button\" href=\"\/fr\/produits\/moteurs-lineaires-avec-variateur-integre\/\">En savoir plus<\/a><\/p>\n<\/div>\n<div class=\"col-md-5\">\n<img loading=\"lazy\" decoding=\"async\" class=\"alignnone size-full wp-image-2779 aligncenter\" src=\"https:\/\/linmot.com\/es\/wp-content\/uploads\/sites\/5\/2018\/08\/2018-Linmot-PD03-1.jpg\" alt=\"\" width=\"612\" height=\"190\" \/>\n<p>&nbsp;<\/p>\n<\/div>\n<\/div>\n<hr \/>\n<h2>Remplacement des actionneurs pneumatiques par des Moteurs Lin\u00e9aires Industriels<\/h2>\n<div class=\"row\">\n<div class=\"col-md-7\">\n<p align=\"justify\">Les entra\u00eenements lin\u00e9aires \u00e9lectriques remplacent les v\u00e9rins pneumatiques traditionnels dans de plus en plus d\u2019applications. Le rendement des syst\u00e8mes pneumatiques est faible et les frais de fonctionnement, de maintenance, de reconfiguration sont \u00e9lev\u00e9s.<\/p>\n<p><a class=\"button\" href=\"\/fr\/solutions-industrielles\/remplacement-des-actionneurs-pneumatiques-par-des-moteurs-lineaires-industriels\/\">En savoir plus<\/a><\/p>\n<\/div>\n<div class=\"col-md-5\">\n<img loading=\"lazy\" decoding=\"async\" class=\"alignnone size-full wp-image-2779 aligncenter\" src=\"https:\/\/linmot.com\/de\/wp-content\/uploads\/sites\/2\/2017\/11\/CO2-Ausstoss_01-150x150.jpg\" alt=\"\" width=\"150\" height=\"150\" \/>\n<p>&nbsp;<\/p>\n<\/div>\n<\/div>\n<hr \/>\n<h2>Vous avez des questions?<\/h2>\n<p>Nous serons heureux de r\u00e9pondre \u00e0 vos questions ou de vous conseiller.<\/p>\n<p><a class=\"button\" href=\"\/fr\/contact\/\">Trouvez votre contact local<\/a><\/p>\n","protected":false},"excerpt":{"rendered":"<p>Les moteurs LinMot sont des moteurs lin\u00e9aire tubulaires de haute qualit\u00e9 et \u00e0 tr\u00e8s haut rendement. Ce haut rendement signifie moins de chaleur g\u00e9n\u00e9r\u00e9e et une meilleure pr\u00e9cision de position. La conception tubulaire simple et propre facilite l&rsquo;installation du moteur, ce qui r\u00e9duit l&rsquo;encombrement et permet d&rsquo;obtenir une densit\u00e9 de force in\u00e9gal\u00e9e. Contrairement aux solutions [&hellip;]<\/p>\n","protected":false},"author":1,"featured_media":0,"parent":1210,"menu_order":36,"comment_status":"closed","ping_status":"closed","template":"","meta":{"_acf_changed":false,"footnotes":""},"class_list":["post-38","page","type-page","status-publish","hentry"],"acf":[],"yoast_head":"<!-- This site is optimized with the Yoast SEO Premium plugin v20.9 (Yoast SEO v27.3) - https:\/\/yoast.com\/product\/yoast-seo-premium-wordpress\/ -->\n<title>Moteurs lin\u00e9aire - Entra\u00eenements directs \u00e9lectromagn\u00e9tiques<\/title>\n<meta name=\"description\" content=\"La gamme de moteurs lin\u00e9aire constitue le c\u0153ur du syst\u00e8me d&#039;entra\u00eenement LinMot, avec les servodrivers et les accessoires.\" \/>\n<meta name=\"robots\" content=\"index, follow, max-snippet:-1, max-image-preview:large, max-video-preview:-1\" \/>\n<link rel=\"canonical\" href=\"https:\/\/linmot.com\/fr\/produits\/moteurs-lineaire\/\" \/>\n<meta property=\"og:locale\" content=\"fr_FR\" \/>\n<meta property=\"og:type\" content=\"article\" \/>\n<meta property=\"og:title\" content=\"Moteurs lin\u00e9aire - Entra\u00eenements directs \u00e9lectromagn\u00e9tiques\" \/>\n<meta property=\"og:description\" content=\"La gamme de moteurs lin\u00e9aire constitue le c\u0153ur du syst\u00e8me d&#039;entra\u00eenement LinMot, avec les servodrivers et les accessoires.\" \/>\n<meta property=\"og:url\" content=\"https:\/\/linmot.com\/fr\/produits\/moteurs-lineaire\/\" \/>\n<meta property=\"og:site_name\" content=\"LinMot &amp; MagSpring - Fran\u00e7ais\" \/>\n<meta property=\"article:modified_time\" content=\"2024-04-10T13:51:02+00:00\" \/>\n<meta property=\"og:image\" content=\"https:\/\/linmot.com\/wp-content\/uploads\/2022\/02\/linear-motors-typical-application-areas.jpg\" \/>\n<meta name=\"twitter:card\" content=\"summary_large_image\" \/>\n<meta name=\"twitter:title\" content=\"Moteurs lin\u00e9aire - Entra\u00eenements directs \u00e9lectromagn\u00e9tiques\" \/>\n<meta name=\"twitter:description\" content=\"La gamme de moteurs lin\u00e9aire constitue le c\u0153ur du syst\u00e8me d&#039;entra\u00eenement LinMot, avec les servodrivers et les accessoires.\" \/>\n<meta name=\"twitter:label1\" content=\"Dur\u00e9e de lecture estim\u00e9e\" \/>\n\t<meta name=\"twitter:data1\" content=\"5 minutes\" \/>\n<script type=\"application\/ld+json\" class=\"yoast-schema-graph\">{\"@context\":\"https:\\\/\\\/schema.org\",\"@graph\":[{\"@type\":\"WebPage\",\"@id\":\"https:\\\/\\\/linmot.com\\\/fr\\\/produits\\\/moteurs-lineaire\\\/\",\"url\":\"https:\\\/\\\/linmot.com\\\/fr\\\/produits\\\/moteurs-lineaire\\\/\",\"name\":\"Moteurs lin\u00e9aire - Entra\u00eenements directs \u00e9lectromagn\u00e9tiques\",\"isPartOf\":{\"@id\":\"https:\\\/\\\/linmot.com\\\/fr\\\/#website\"},\"primaryImageOfPage\":{\"@id\":\"https:\\\/\\\/linmot.com\\\/fr\\\/produits\\\/moteurs-lineaire\\\/#primaryimage\"},\"image\":{\"@id\":\"https:\\\/\\\/linmot.com\\\/fr\\\/produits\\\/moteurs-lineaire\\\/#primaryimage\"},\"thumbnailUrl\":\"https:\\\/\\\/linmot.com\\\/wp-content\\\/uploads\\\/2022\\\/02\\\/linear-motors-typical-application-areas.jpg\",\"datePublished\":\"2017-10-20T21:32:28+00:00\",\"dateModified\":\"2024-04-10T13:51:02+00:00\",\"description\":\"La gamme de moteurs lin\u00e9aire constitue le c\u0153ur du syst\u00e8me d'entra\u00eenement LinMot, avec les servodrivers et les accessoires.\",\"breadcrumb\":{\"@id\":\"https:\\\/\\\/linmot.com\\\/fr\\\/produits\\\/moteurs-lineaire\\\/#breadcrumb\"},\"inLanguage\":\"fr-FR\",\"potentialAction\":[{\"@type\":\"ReadAction\",\"target\":[\"https:\\\/\\\/linmot.com\\\/fr\\\/produits\\\/moteurs-lineaire\\\/\"]}]},{\"@type\":\"ImageObject\",\"inLanguage\":\"fr-FR\",\"@id\":\"https:\\\/\\\/linmot.com\\\/fr\\\/produits\\\/moteurs-lineaire\\\/#primaryimage\",\"url\":\"https:\\\/\\\/linmot.com\\\/wp-content\\\/uploads\\\/2022\\\/02\\\/linear-motors-typical-application-areas.jpg\",\"contentUrl\":\"https:\\\/\\\/linmot.com\\\/wp-content\\\/uploads\\\/2022\\\/02\\\/linear-motors-typical-application-areas.jpg\"},{\"@type\":\"BreadcrumbList\",\"@id\":\"https:\\\/\\\/linmot.com\\\/fr\\\/produits\\\/moteurs-lineaire\\\/#breadcrumb\",\"itemListElement\":[{\"@type\":\"ListItem\",\"position\":1,\"name\":\"Home\",\"item\":\"https:\\\/\\\/linmot.com\\\/fr\\\/\"},{\"@type\":\"ListItem\",\"position\":2,\"name\":\"Produits\",\"item\":\"https:\\\/\\\/linmot.com\\\/fr\\\/produits\\\/\"},{\"@type\":\"ListItem\",\"position\":3,\"name\":\"Moteurs Lin\u00e9aire\"}]},{\"@type\":\"WebSite\",\"@id\":\"https:\\\/\\\/linmot.com\\\/fr\\\/#website\",\"url\":\"https:\\\/\\\/linmot.com\\\/fr\\\/\",\"name\":\"LinMot &amp; MagSpring - Fran\u00e7ais\",\"description\":\"Moteurs lin\u00e9aires et des syst\u00e8mes de moteurs lin\u00e9aires de haute qualit\u00e9\",\"publisher\":{\"@id\":\"https:\\\/\\\/linmot.com\\\/fr\\\/#organization\"},\"potentialAction\":[{\"@type\":\"SearchAction\",\"target\":{\"@type\":\"EntryPoint\",\"urlTemplate\":\"https:\\\/\\\/linmot.com\\\/fr\\\/?s={search_term_string}\"},\"query-input\":{\"@type\":\"PropertyValueSpecification\",\"valueRequired\":true,\"valueName\":\"search_term_string\"}}],\"inLanguage\":\"fr-FR\"},{\"@type\":\"Organization\",\"@id\":\"https:\\\/\\\/linmot.com\\\/fr\\\/#organization\",\"name\":\"NTI AG - LinMot & MagSpring\",\"url\":\"https:\\\/\\\/linmot.com\\\/fr\\\/\",\"logo\":{\"@type\":\"ImageObject\",\"inLanguage\":\"fr-FR\",\"@id\":\"https:\\\/\\\/linmot.com\\\/fr\\\/#\\\/schema\\\/logo\\\/image\\\/\",\"url\":\"https:\\\/\\\/linmot.com\\\/fr\\\/wp-content\\\/uploads\\\/sites\\\/3\\\/2022\\\/05\\\/linmot-social-share-logo.jpg\",\"contentUrl\":\"https:\\\/\\\/linmot.com\\\/fr\\\/wp-content\\\/uploads\\\/sites\\\/3\\\/2022\\\/05\\\/linmot-social-share-logo.jpg\",\"width\":800,\"height\":500,\"caption\":\"NTI AG - LinMot & MagSpring\"},\"image\":{\"@id\":\"https:\\\/\\\/linmot.com\\\/fr\\\/#\\\/schema\\\/logo\\\/image\\\/\"},\"sameAs\":[\"https:\\\/\\\/www.linkedin.com\\\/company\\\/nti-ag-linmot-magspring\",\"https:\\\/\\\/www.youtube.com\\\/user\\\/LinMotEurope\"]}]}<\/script>\n<!-- \/ Yoast SEO Premium plugin. -->","yoast_head_json":{"title":"Moteurs lin\u00e9aire - Entra\u00eenements directs \u00e9lectromagn\u00e9tiques","description":"La gamme de moteurs lin\u00e9aire constitue le c\u0153ur du syst\u00e8me d'entra\u00eenement LinMot, avec les servodrivers et les accessoires.","robots":{"index":"index","follow":"follow","max-snippet":"max-snippet:-1","max-image-preview":"max-image-preview:large","max-video-preview":"max-video-preview:-1"},"canonical":"https:\/\/linmot.com\/fr\/produits\/moteurs-lineaire\/","og_locale":"fr_FR","og_type":"article","og_title":"Moteurs lin\u00e9aire - Entra\u00eenements directs \u00e9lectromagn\u00e9tiques","og_description":"La gamme de moteurs lin\u00e9aire constitue le c\u0153ur du syst\u00e8me d'entra\u00eenement LinMot, avec les servodrivers et les accessoires.","og_url":"https:\/\/linmot.com\/fr\/produits\/moteurs-lineaire\/","og_site_name":"LinMot &amp; MagSpring - Fran\u00e7ais","article_modified_time":"2024-04-10T13:51:02+00:00","og_image":[{"url":"https:\/\/linmot.com\/wp-content\/uploads\/2022\/02\/linear-motors-typical-application-areas.jpg","type":"","width":"","height":""}],"twitter_card":"summary_large_image","twitter_title":"Moteurs lin\u00e9aire - Entra\u00eenements directs \u00e9lectromagn\u00e9tiques","twitter_description":"La gamme de moteurs lin\u00e9aire constitue le c\u0153ur du syst\u00e8me d'entra\u00eenement LinMot, avec les servodrivers et les accessoires.","twitter_misc":{"Dur\u00e9e de lecture estim\u00e9e":"5 minutes"},"schema":{"@context":"https:\/\/schema.org","@graph":[{"@type":"WebPage","@id":"https:\/\/linmot.com\/fr\/produits\/moteurs-lineaire\/","url":"https:\/\/linmot.com\/fr\/produits\/moteurs-lineaire\/","name":"Moteurs lin\u00e9aire - Entra\u00eenements directs \u00e9lectromagn\u00e9tiques","isPartOf":{"@id":"https:\/\/linmot.com\/fr\/#website"},"primaryImageOfPage":{"@id":"https:\/\/linmot.com\/fr\/produits\/moteurs-lineaire\/#primaryimage"},"image":{"@id":"https:\/\/linmot.com\/fr\/produits\/moteurs-lineaire\/#primaryimage"},"thumbnailUrl":"https:\/\/linmot.com\/wp-content\/uploads\/2022\/02\/linear-motors-typical-application-areas.jpg","datePublished":"2017-10-20T21:32:28+00:00","dateModified":"2024-04-10T13:51:02+00:00","description":"La gamme de moteurs lin\u00e9aire constitue le c\u0153ur du syst\u00e8me d'entra\u00eenement LinMot, avec les servodrivers et les accessoires.","breadcrumb":{"@id":"https:\/\/linmot.com\/fr\/produits\/moteurs-lineaire\/#breadcrumb"},"inLanguage":"fr-FR","potentialAction":[{"@type":"ReadAction","target":["https:\/\/linmot.com\/fr\/produits\/moteurs-lineaire\/"]}]},{"@type":"ImageObject","inLanguage":"fr-FR","@id":"https:\/\/linmot.com\/fr\/produits\/moteurs-lineaire\/#primaryimage","url":"https:\/\/linmot.com\/wp-content\/uploads\/2022\/02\/linear-motors-typical-application-areas.jpg","contentUrl":"https:\/\/linmot.com\/wp-content\/uploads\/2022\/02\/linear-motors-typical-application-areas.jpg"},{"@type":"BreadcrumbList","@id":"https:\/\/linmot.com\/fr\/produits\/moteurs-lineaire\/#breadcrumb","itemListElement":[{"@type":"ListItem","position":1,"name":"Home","item":"https:\/\/linmot.com\/fr\/"},{"@type":"ListItem","position":2,"name":"Produits","item":"https:\/\/linmot.com\/fr\/produits\/"},{"@type":"ListItem","position":3,"name":"Moteurs Lin\u00e9aire"}]},{"@type":"WebSite","@id":"https:\/\/linmot.com\/fr\/#website","url":"https:\/\/linmot.com\/fr\/","name":"LinMot &amp; MagSpring - Fran\u00e7ais","description":"Moteurs lin\u00e9aires et des syst\u00e8mes de moteurs lin\u00e9aires de haute qualit\u00e9","publisher":{"@id":"https:\/\/linmot.com\/fr\/#organization"},"potentialAction":[{"@type":"SearchAction","target":{"@type":"EntryPoint","urlTemplate":"https:\/\/linmot.com\/fr\/?s={search_term_string}"},"query-input":{"@type":"PropertyValueSpecification","valueRequired":true,"valueName":"search_term_string"}}],"inLanguage":"fr-FR"},{"@type":"Organization","@id":"https:\/\/linmot.com\/fr\/#organization","name":"NTI AG - LinMot & MagSpring","url":"https:\/\/linmot.com\/fr\/","logo":{"@type":"ImageObject","inLanguage":"fr-FR","@id":"https:\/\/linmot.com\/fr\/#\/schema\/logo\/image\/","url":"https:\/\/linmot.com\/fr\/wp-content\/uploads\/sites\/3\/2022\/05\/linmot-social-share-logo.jpg","contentUrl":"https:\/\/linmot.com\/fr\/wp-content\/uploads\/sites\/3\/2022\/05\/linmot-social-share-logo.jpg","width":800,"height":500,"caption":"NTI AG - LinMot & MagSpring"},"image":{"@id":"https:\/\/linmot.com\/fr\/#\/schema\/logo\/image\/"},"sameAs":["https:\/\/www.linkedin.com\/company\/nti-ag-linmot-magspring","https:\/\/www.youtube.com\/user\/LinMotEurope"]}]}},"_links":{"self":[{"href":"https:\/\/linmot.com\/fr\/wp-json\/wp\/v2\/pages\/38","targetHints":{"allow":["GET"]}}],"collection":[{"href":"https:\/\/linmot.com\/fr\/wp-json\/wp\/v2\/pages"}],"about":[{"href":"https:\/\/linmot.com\/fr\/wp-json\/wp\/v2\/types\/page"}],"author":[{"embeddable":true,"href":"https:\/\/linmot.com\/fr\/wp-json\/wp\/v2\/users\/1"}],"replies":[{"embeddable":true,"href":"https:\/\/linmot.com\/fr\/wp-json\/wp\/v2\/comments?post=38"}],"version-history":[{"count":24,"href":"https:\/\/linmot.com\/fr\/wp-json\/wp\/v2\/pages\/38\/revisions"}],"predecessor-version":[{"id":2298,"href":"https:\/\/linmot.com\/fr\/wp-json\/wp\/v2\/pages\/38\/revisions\/2298"}],"up":[{"embeddable":true,"href":"https:\/\/linmot.com\/fr\/wp-json\/wp\/v2\/pages\/1210"}],"wp:attachment":[{"href":"https:\/\/linmot.com\/fr\/wp-json\/wp\/v2\/media?parent=38"}],"curies":[{"name":"wp","href":"https:\/\/api.w.org\/{rel}","templated":true}]}}