{"id":3653,"date":"2025-02-05T17:32:27","date_gmt":"2025-02-05T16:32:27","guid":{"rendered":"https:\/\/linmot.com\/fr\/?page_id=3653"},"modified":"2025-10-02T13:43:40","modified_gmt":"2025-10-02T11:43:40","slug":"modules-pick-and-place","status":"publish","type":"page","link":"https:\/\/linmot.com\/fr\/produits\/robots-et-systemes-flat\/modules-pick-and-place\/","title":{"rendered":"Modules Pick-and-Place"},"content":{"rendered":"<p align=\"justify\"><strong>Les modules de placement LinMot sont des syst\u00e8mes multiaxes standardis\u00e9s compos\u00e9s des entra\u00eenements directs LinMot \u00e9prouv\u00e9s. Tous les axes peuvent \u00eatre command\u00e9s ind\u00e9pendamment les uns des autres, ce qui permet des applications de placement ou de rotation-placement tr\u00e8s flexibles. Afin de soulager l&rsquo;axe vertical et de compenser ainsi passivement la force de poids qui s&rsquo;exerce, les modules peuvent \u00eatre \u00e9quip\u00e9s d&rsquo;un MagSpring\u00ae dans la direction Z.<\/strong><\/p>\n<p align=\"justify\">Chaque module de placement est livr\u00e9 au client enti\u00e8rement assembl\u00e9 et ne n\u00e9cessite aucun assemblage \u00e0 partir de pi\u00e8ces d\u00e9tach\u00e9es. De plus, la conception modulaire du syst\u00e8me permet une personnalisation rapide.<\/p>\n<hr \/>\n<div class=\"row\">\n<div class=\"col-sm-2\">\n<p><a class=\"button\" href=\"#details\">1. D\u00e9tails<\/a><\/p>\n<\/div>\n<div class=\"col-sm-1\">\n<\/div>\n<div class=\"col-sm-2\">\n<p><a class=\"button\" href=\"#kontakt\">2. Contact<\/a><\/p>\n<\/div>\n<\/div>\n<hr \/>\n<h3 id=\"details\">1. D\u00e9tails<\/h3>\n<div class=\"row\">\n<div class=\"col-md-6\">\n<h3>Modules Pick-and-Place PP05<\/h3>\n<ul>\n<li>Axe Z lin\u00e9aire-rotatif<\/li>\n<li>Haut degr\u00e9 de personnalisation<\/li>\n<li>Large gamme d&rsquo;options<\/li>\n<li>Conception mince pour un encombrement r\u00e9duit<\/li>\n<\/ul>\n<p><a class=\"button\" href=\"\/fr\/produits\/robots-et-systemes-flat\/modules-pick-and-place\/modules-pick-and-place-pp05\/\">En savoir plus sur les modules Pick-and-Place PP05<\/a><\/p>\n<\/div>\n<div class=\"col-md-1\">\n<\/div>\n<div class=\"col-md-5\">\n<img loading=\"lazy\" decoding=\"async\" class=\"alignnone size-full wp-image-5974\" src=\"https:\/\/linmot.com\/de\/wp-content\/uploads\/sites\/2\/2025\/09\/pick-and-rotate-pp05.jpg\" alt=\"\" width=\"450\" height=\"567\" \/>\n<\/div>\n<\/div>\n<h3 id=\"kontakt\">2. Contact<\/h3>\n<div class=\"row download\">\n<div class=\"col-md-6\">\n<h4 class=\"download-title\">Des questions sur les modules Pick &amp; Place?<\/h4>\n<p class=\"bodytext\">Nous sommes \u00e0 votre disposition pour r\u00e9pondre \u00e0 vos questions.<br \/>\nPour cela, contactez-nous via le formulaire ci-dessous ou appelez-nous au:<\/p>\n<p class=\"bodytext\">Tel: +49 (0)201 858940 0<\/p>\n<p class=\"bodytext\">L&rsquo;\u00e9quipe LinMot<\/p>\n<\/div>\n<div class=\"col-md-1\">\n<\/div>\n<div class=\"col-md-5\">\n\n<div class=\"wpcf7 no-js\" id=\"wpcf7-f1702-o1\" lang=\"fr-FR\" dir=\"ltr\" data-wpcf7-id=\"1702\">\n<div class=\"screen-reader-response\"><p role=\"status\" aria-live=\"polite\" aria-atomic=\"true\"><\/p> <ul><\/ul><\/div>\n<form action=\"\/fr\/wp-json\/wp\/v2\/pages\/3653#wpcf7-f1702-o1\" method=\"post\" class=\"wpcf7-form init\" aria-label=\"Formulaire de contact\" novalidate=\"novalidate\" data-status=\"init\">\n<fieldset class=\"hidden-fields-container\"><input type=\"hidden\" name=\"_wpcf7\" value=\"1702\" \/><input type=\"hidden\" name=\"_wpcf7_version\" value=\"6.1.5\" \/><input type=\"hidden\" name=\"_wpcf7_locale\" value=\"fr_FR\" \/><input type=\"hidden\" name=\"_wpcf7_unit_tag\" value=\"wpcf7-f1702-o1\" \/><input type=\"hidden\" name=\"_wpcf7_container_post\" value=\"0\" \/><input type=\"hidden\" name=\"_wpcf7_posted_data_hash\" value=\"\" \/><input type=\"hidden\" name=\"_wpcf7_recaptcha_response\" value=\"\" \/>\n<\/fieldset>\n<label> Votre nom<br>\n    <span class=\"wpcf7-form-control-wrap\" data-name=\"your-name\"><input size=\"40\" maxlength=\"400\" class=\"wpcf7-form-control wpcf7-text wpcf7-validates-as-required\" aria-required=\"true\" aria-invalid=\"false\" value=\"\" type=\"text\" name=\"your-name\" \/><\/span> <\/label>\n<br>\n<label> Votre entreprise<br>\n    <span class=\"wpcf7-form-control-wrap\" data-name=\"your-company\"><input size=\"40\" maxlength=\"400\" class=\"wpcf7-form-control wpcf7-text wpcf7-validates-as-required\" aria-required=\"true\" aria-invalid=\"false\" value=\"\" type=\"text\" name=\"your-company\" \/><\/span> <\/label>\n<br>\n<label> Code postal<br>\n    <span class=\"wpcf7-form-control-wrap\" data-name=\"your-plz\"><input class=\"wpcf7-form-control wpcf7-number wpcf7-validates-as-required wpcf7-validates-as-number\" aria-required=\"true\" aria-invalid=\"false\" value=\"\" type=\"number\" name=\"your-plz\" \/><\/span> <\/label>\n<br>\n<label> Pays<br>\n    <span class=\"wpcf7-form-control-wrap\" data-name=\"your-country\"><input size=\"40\" maxlength=\"400\" class=\"wpcf7-form-control wpcf7-text wpcf7-validates-as-required\" aria-required=\"true\" aria-invalid=\"false\" value=\"\" type=\"text\" name=\"your-country\" \/><\/span> <\/label>\n<br>\n<label> Votre num\u00e9ro de t\u00e9l\u00e9phone<br>\n    <span class=\"wpcf7-form-control-wrap\" data-name=\"your-number\"><input size=\"40\" maxlength=\"400\" class=\"wpcf7-form-control wpcf7-tel wpcf7-validates-as-required wpcf7-text wpcf7-validates-as-tel\" aria-required=\"true\" aria-invalid=\"false\" value=\"\" type=\"tel\" name=\"your-number\" \/><\/span> <\/label>\n<br>\n<label> Votre e-mail<br>\n    <span class=\"wpcf7-form-control-wrap\" data-name=\"your-email\"><input size=\"40\" maxlength=\"400\" class=\"wpcf7-form-control wpcf7-email wpcf7-validates-as-required wpcf7-text wpcf7-validates-as-email\" aria-required=\"true\" aria-invalid=\"false\" value=\"\" type=\"email\" name=\"your-email\" \/><\/span> <\/label>\n<br>\n<label> Votre message (facultatif)<br>\n    <span class=\"wpcf7-form-control-wrap\" data-name=\"your-message\"><textarea cols=\"40\" rows=\"10\" maxlength=\"2000\" class=\"wpcf7-form-control wpcf7-textarea\" aria-invalid=\"false\" name=\"your-message\"><\/textarea><\/span> <\/label>\n<br>\n<input class=\"wpcf7-form-control wpcf7-submit has-spinner\" type=\"submit\" value=\"Envoyer\" \/><div class=\"wpcf7-response-output\" aria-hidden=\"true\"><\/div>\n<\/form>\n<\/div>\n\n<\/div>\n<\/div>\n","protected":false},"excerpt":{"rendered":"<p>Les modules de placement LinMot sont des syst\u00e8mes multiaxes standardis\u00e9s compos\u00e9s des entra\u00eenements directs LinMot \u00e9prouv\u00e9s. Tous les axes peuvent \u00eatre command\u00e9s ind\u00e9pendamment les uns des autres, ce qui permet des applications de placement ou de rotation-placement tr\u00e8s flexibles. Afin de soulager l&rsquo;axe vertical et de compenser ainsi passivement la force de poids qui s&rsquo;exerce, [&hellip;]<\/p>\n","protected":false},"author":9,"featured_media":0,"parent":3644,"menu_order":10,"comment_status":"closed","ping_status":"closed","template":"","meta":{"_acf_changed":false,"footnotes":""},"class_list":["post-3653","page","type-page","status-publish","hentry"],"acf":[],"yoast_head":"<!-- This site is optimized with the Yoast SEO Premium plugin v20.9 (Yoast SEO v27.2) - https:\/\/yoast.com\/product\/yoast-seo-premium-wordpress\/ -->\n<title>Modules Pick-and-Place - LinMot &amp; MagSpring - Fran\u00e7ais<\/title>\n<meta name=\"description\" content=\"Les modules Pick-and-Place de LinMot sont des syst\u00e8mes multi-axes standardis\u00e9s compos\u00e9s des entra\u00eenements directs DM01 et DM03 qui ont fait leurs preuves.\" \/>\n<meta name=\"robots\" content=\"index, follow, max-snippet:-1, max-image-preview:large, max-video-preview:-1\" \/>\n<link rel=\"canonical\" href=\"https:\/\/linmot.com\/fr\/produits\/robots-et-systemes-flat\/modules-pick-and-place\/\" \/>\n<meta property=\"og:locale\" content=\"fr_FR\" \/>\n<meta property=\"og:type\" content=\"article\" \/>\n<meta property=\"og:title\" content=\"Modules Pick-and-Place\" \/>\n<meta property=\"og:description\" content=\"Les modules Pick-and-Place de LinMot sont des syst\u00e8mes multi-axes standardis\u00e9s compos\u00e9s des entra\u00eenements directs DM01 et DM03 qui ont fait leurs preuves.\" \/>\n<meta property=\"og:url\" content=\"https:\/\/linmot.com\/fr\/produits\/robots-et-systemes-flat\/modules-pick-and-place\/\" \/>\n<meta property=\"og:site_name\" content=\"LinMot &amp; MagSpring - Fran\u00e7ais\" \/>\n<meta property=\"article:modified_time\" content=\"2025-10-02T11:43:40+00:00\" \/>\n<meta property=\"og:image\" content=\"https:\/\/linmot.com\/fr\/wp-content\/uploads\/sites\/3\/2022\/05\/linmot-social-share-logo.jpg\" \/>\n\t<meta property=\"og:image:width\" content=\"800\" \/>\n\t<meta property=\"og:image:height\" content=\"500\" \/>\n\t<meta property=\"og:image:type\" content=\"image\/jpeg\" \/>\n<meta name=\"twitter:card\" content=\"summary_large_image\" \/>\n<meta name=\"twitter:label1\" content=\"Dur\u00e9e de lecture estim\u00e9e\" \/>\n\t<meta name=\"twitter:data1\" content=\"2 minutes\" \/>\n<script type=\"application\/ld+json\" class=\"yoast-schema-graph\">{\"@context\":\"https:\/\/schema.org\",\"@graph\":[{\"@type\":\"WebPage\",\"@id\":\"https:\/\/linmot.com\/fr\/produits\/robots-et-systemes-flat\/modules-pick-and-place\/\",\"url\":\"https:\/\/linmot.com\/fr\/produits\/robots-et-systemes-flat\/modules-pick-and-place\/\",\"name\":\"Modules Pick-and-Place - LinMot &amp; MagSpring - Fran\u00e7ais\",\"isPartOf\":{\"@id\":\"https:\/\/linmot.com\/fr\/#website\"},\"primaryImageOfPage\":{\"@id\":\"https:\/\/linmot.com\/fr\/produits\/robots-et-systemes-flat\/modules-pick-and-place\/#primaryimage\"},\"image\":{\"@id\":\"https:\/\/linmot.com\/fr\/produits\/robots-et-systemes-flat\/modules-pick-and-place\/#primaryimage\"},\"thumbnailUrl\":\"https:\/\/linmot.com\/de\/wp-content\/uploads\/sites\/2\/2025\/09\/pick-and-rotate-pp05.jpg\",\"datePublished\":\"2025-02-05T16:32:27+00:00\",\"dateModified\":\"2025-10-02T11:43:40+00:00\",\"description\":\"Les modules Pick-and-Place de LinMot sont des syst\u00e8mes multi-axes standardis\u00e9s compos\u00e9s des entra\u00eenements directs DM01 et DM03 qui ont fait leurs preuves.\",\"breadcrumb\":{\"@id\":\"https:\/\/linmot.com\/fr\/produits\/robots-et-systemes-flat\/modules-pick-and-place\/#breadcrumb\"},\"inLanguage\":\"fr-FR\",\"potentialAction\":[{\"@type\":\"ReadAction\",\"target\":[\"https:\/\/linmot.com\/fr\/produits\/robots-et-systemes-flat\/modules-pick-and-place\/\"]}]},{\"@type\":\"ImageObject\",\"inLanguage\":\"fr-FR\",\"@id\":\"https:\/\/linmot.com\/fr\/produits\/robots-et-systemes-flat\/modules-pick-and-place\/#primaryimage\",\"url\":\"https:\/\/linmot.com\/de\/wp-content\/uploads\/sites\/2\/2025\/09\/pick-and-rotate-pp05.jpg\",\"contentUrl\":\"https:\/\/linmot.com\/de\/wp-content\/uploads\/sites\/2\/2025\/09\/pick-and-rotate-pp05.jpg\"},{\"@type\":\"BreadcrumbList\",\"@id\":\"https:\/\/linmot.com\/fr\/produits\/robots-et-systemes-flat\/modules-pick-and-place\/#breadcrumb\",\"itemListElement\":[{\"@type\":\"ListItem\",\"position\":1,\"name\":\"Home\",\"item\":\"https:\/\/linmot.com\/fr\/\"},{\"@type\":\"ListItem\",\"position\":2,\"name\":\"Produits\",\"item\":\"https:\/\/linmot.com\/fr\/produits\/\"},{\"@type\":\"ListItem\",\"position\":3,\"name\":\"Robots et syst\u00e8mes Flat\",\"item\":\"https:\/\/linmot.com\/fr\/produits\/robots-et-systemes-flat\/\"},{\"@type\":\"ListItem\",\"position\":4,\"name\":\"Modules Pick-and-Place\"}]},{\"@type\":\"WebSite\",\"@id\":\"https:\/\/linmot.com\/fr\/#website\",\"url\":\"https:\/\/linmot.com\/fr\/\",\"name\":\"LinMot &amp; MagSpring - Fran\u00e7ais\",\"description\":\"Moteurs lin\u00e9aires et des syst\u00e8mes de moteurs lin\u00e9aires de haute qualit\u00e9\",\"publisher\":{\"@id\":\"https:\/\/linmot.com\/fr\/#organization\"},\"potentialAction\":[{\"@type\":\"SearchAction\",\"target\":{\"@type\":\"EntryPoint\",\"urlTemplate\":\"https:\/\/linmot.com\/fr\/?s={search_term_string}\"},\"query-input\":{\"@type\":\"PropertyValueSpecification\",\"valueRequired\":true,\"valueName\":\"search_term_string\"}}],\"inLanguage\":\"fr-FR\"},{\"@type\":\"Organization\",\"@id\":\"https:\/\/linmot.com\/fr\/#organization\",\"name\":\"NTI AG - LinMot & MagSpring\",\"url\":\"https:\/\/linmot.com\/fr\/\",\"logo\":{\"@type\":\"ImageObject\",\"inLanguage\":\"fr-FR\",\"@id\":\"https:\/\/linmot.com\/fr\/#\/schema\/logo\/image\/\",\"url\":\"https:\/\/linmot.com\/fr\/wp-content\/uploads\/sites\/3\/2022\/05\/linmot-social-share-logo.jpg\",\"contentUrl\":\"https:\/\/linmot.com\/fr\/wp-content\/uploads\/sites\/3\/2022\/05\/linmot-social-share-logo.jpg\",\"width\":800,\"height\":500,\"caption\":\"NTI AG - LinMot & MagSpring\"},\"image\":{\"@id\":\"https:\/\/linmot.com\/fr\/#\/schema\/logo\/image\/\"},\"sameAs\":[\"https:\/\/www.linkedin.com\/company\/nti-ag-linmot-magspring\",\"https:\/\/www.youtube.com\/user\/LinMotEurope\"]}]}<\/script>\n<!-- \/ Yoast SEO Premium plugin. -->","yoast_head_json":{"title":"Modules Pick-and-Place - LinMot &amp; MagSpring - Fran\u00e7ais","description":"Les modules Pick-and-Place de LinMot sont des syst\u00e8mes multi-axes standardis\u00e9s compos\u00e9s des entra\u00eenements directs DM01 et DM03 qui ont fait leurs preuves.","robots":{"index":"index","follow":"follow","max-snippet":"max-snippet:-1","max-image-preview":"max-image-preview:large","max-video-preview":"max-video-preview:-1"},"canonical":"https:\/\/linmot.com\/fr\/produits\/robots-et-systemes-flat\/modules-pick-and-place\/","og_locale":"fr_FR","og_type":"article","og_title":"Modules Pick-and-Place","og_description":"Les modules Pick-and-Place de LinMot sont des syst\u00e8mes multi-axes standardis\u00e9s compos\u00e9s des entra\u00eenements directs DM01 et DM03 qui ont fait leurs preuves.","og_url":"https:\/\/linmot.com\/fr\/produits\/robots-et-systemes-flat\/modules-pick-and-place\/","og_site_name":"LinMot &amp; MagSpring - Fran\u00e7ais","article_modified_time":"2025-10-02T11:43:40+00:00","og_image":[{"width":800,"height":500,"url":"https:\/\/linmot.com\/fr\/wp-content\/uploads\/sites\/3\/2022\/05\/linmot-social-share-logo.jpg","type":"image\/jpeg"}],"twitter_card":"summary_large_image","twitter_misc":{"Dur\u00e9e de lecture estim\u00e9e":"2 minutes"},"schema":{"@context":"https:\/\/schema.org","@graph":[{"@type":"WebPage","@id":"https:\/\/linmot.com\/fr\/produits\/robots-et-systemes-flat\/modules-pick-and-place\/","url":"https:\/\/linmot.com\/fr\/produits\/robots-et-systemes-flat\/modules-pick-and-place\/","name":"Modules Pick-and-Place - LinMot &amp; MagSpring - Fran\u00e7ais","isPartOf":{"@id":"https:\/\/linmot.com\/fr\/#website"},"primaryImageOfPage":{"@id":"https:\/\/linmot.com\/fr\/produits\/robots-et-systemes-flat\/modules-pick-and-place\/#primaryimage"},"image":{"@id":"https:\/\/linmot.com\/fr\/produits\/robots-et-systemes-flat\/modules-pick-and-place\/#primaryimage"},"thumbnailUrl":"https:\/\/linmot.com\/de\/wp-content\/uploads\/sites\/2\/2025\/09\/pick-and-rotate-pp05.jpg","datePublished":"2025-02-05T16:32:27+00:00","dateModified":"2025-10-02T11:43:40+00:00","description":"Les modules Pick-and-Place de LinMot sont des syst\u00e8mes multi-axes standardis\u00e9s compos\u00e9s des entra\u00eenements directs DM01 et DM03 qui ont fait leurs preuves.","breadcrumb":{"@id":"https:\/\/linmot.com\/fr\/produits\/robots-et-systemes-flat\/modules-pick-and-place\/#breadcrumb"},"inLanguage":"fr-FR","potentialAction":[{"@type":"ReadAction","target":["https:\/\/linmot.com\/fr\/produits\/robots-et-systemes-flat\/modules-pick-and-place\/"]}]},{"@type":"ImageObject","inLanguage":"fr-FR","@id":"https:\/\/linmot.com\/fr\/produits\/robots-et-systemes-flat\/modules-pick-and-place\/#primaryimage","url":"https:\/\/linmot.com\/de\/wp-content\/uploads\/sites\/2\/2025\/09\/pick-and-rotate-pp05.jpg","contentUrl":"https:\/\/linmot.com\/de\/wp-content\/uploads\/sites\/2\/2025\/09\/pick-and-rotate-pp05.jpg"},{"@type":"BreadcrumbList","@id":"https:\/\/linmot.com\/fr\/produits\/robots-et-systemes-flat\/modules-pick-and-place\/#breadcrumb","itemListElement":[{"@type":"ListItem","position":1,"name":"Home","item":"https:\/\/linmot.com\/fr\/"},{"@type":"ListItem","position":2,"name":"Produits","item":"https:\/\/linmot.com\/fr\/produits\/"},{"@type":"ListItem","position":3,"name":"Robots et syst\u00e8mes Flat","item":"https:\/\/linmot.com\/fr\/produits\/robots-et-systemes-flat\/"},{"@type":"ListItem","position":4,"name":"Modules Pick-and-Place"}]},{"@type":"WebSite","@id":"https:\/\/linmot.com\/fr\/#website","url":"https:\/\/linmot.com\/fr\/","name":"LinMot &amp; MagSpring - Fran\u00e7ais","description":"Moteurs lin\u00e9aires et des syst\u00e8mes de moteurs lin\u00e9aires de haute qualit\u00e9","publisher":{"@id":"https:\/\/linmot.com\/fr\/#organization"},"potentialAction":[{"@type":"SearchAction","target":{"@type":"EntryPoint","urlTemplate":"https:\/\/linmot.com\/fr\/?s={search_term_string}"},"query-input":{"@type":"PropertyValueSpecification","valueRequired":true,"valueName":"search_term_string"}}],"inLanguage":"fr-FR"},{"@type":"Organization","@id":"https:\/\/linmot.com\/fr\/#organization","name":"NTI AG - LinMot & MagSpring","url":"https:\/\/linmot.com\/fr\/","logo":{"@type":"ImageObject","inLanguage":"fr-FR","@id":"https:\/\/linmot.com\/fr\/#\/schema\/logo\/image\/","url":"https:\/\/linmot.com\/fr\/wp-content\/uploads\/sites\/3\/2022\/05\/linmot-social-share-logo.jpg","contentUrl":"https:\/\/linmot.com\/fr\/wp-content\/uploads\/sites\/3\/2022\/05\/linmot-social-share-logo.jpg","width":800,"height":500,"caption":"NTI AG - LinMot & MagSpring"},"image":{"@id":"https:\/\/linmot.com\/fr\/#\/schema\/logo\/image\/"},"sameAs":["https:\/\/www.linkedin.com\/company\/nti-ag-linmot-magspring","https:\/\/www.youtube.com\/user\/LinMotEurope"]}]}},"_links":{"self":[{"href":"https:\/\/linmot.com\/fr\/wp-json\/wp\/v2\/pages\/3653","targetHints":{"allow":["GET"]}}],"collection":[{"href":"https:\/\/linmot.com\/fr\/wp-json\/wp\/v2\/pages"}],"about":[{"href":"https:\/\/linmot.com\/fr\/wp-json\/wp\/v2\/types\/page"}],"author":[{"embeddable":true,"href":"https:\/\/linmot.com\/fr\/wp-json\/wp\/v2\/users\/9"}],"replies":[{"embeddable":true,"href":"https:\/\/linmot.com\/fr\/wp-json\/wp\/v2\/comments?post=3653"}],"version-history":[{"count":7,"href":"https:\/\/linmot.com\/fr\/wp-json\/wp\/v2\/pages\/3653\/revisions"}],"predecessor-version":[{"id":3982,"href":"https:\/\/linmot.com\/fr\/wp-json\/wp\/v2\/pages\/3653\/revisions\/3982"}],"up":[{"embeddable":true,"href":"https:\/\/linmot.com\/fr\/wp-json\/wp\/v2\/pages\/3644"}],"wp:attachment":[{"href":"https:\/\/linmot.com\/fr\/wp-json\/wp\/v2\/media?parent=3653"}],"curies":[{"name":"wp","href":"https:\/\/api.w.org\/{rel}","templated":true}]}}