{"id":3644,"date":"2025-02-05T17:27:06","date_gmt":"2025-02-05T16:27:06","guid":{"rendered":"https:\/\/linmot.com\/fr\/?page_id=3644"},"modified":"2026-01-09T09:52:18","modified_gmt":"2026-01-09T08:52:18","slug":"robots-et-systemes-flat","status":"publish","type":"page","link":"https:\/\/linmot.com\/fr\/produits\/robots-et-systemes-flat\/","title":{"rendered":"Robots et syst\u00e8mes Flat"},"content":{"rendered":"<p align=\"justify\"><strong>Pour r\u00e9pondre aux exigences de production complexes, aux prescriptions de s\u00e9curit\u00e9 et aux processus durables, les robots et syst\u00e8mes LinMot Flat optimis\u00e9s en termes d&rsquo;espace de montage offrent des solutions innovantes, hautement dynamiques et adapt\u00e9es individuellement \u00e0 l&rsquo;application du client dans tous les domaines de l&rsquo;automatisation.<\/strong><\/p>\n<p align=\"justify\">Dans les robots et syst\u00e8mes LinMot Flat pr\u00eats \u00e0 l&#8217;emploi, les moteurs lin\u00e9aires LinMot, les modules, les guides et les pr\u00e9henseurs sont combin\u00e9s gr\u00e2ce \u00e0 un syst\u00e8me modulaire flexible pour former des structures \u00e9prouv\u00e9es comme le semi-portique, le portique, le pick-and-place ou d&rsquo;autres syst\u00e8mes multi-axes. Il est ainsi possible de r\u00e9pondre rapidement et pr\u00e9cis\u00e9ment aux exigences sp\u00e9cifiques de la branche et du client, m\u00eame les plus complexes. Les robots plats et les syst\u00e8mes LinMot restent extr\u00eamement peu encombrants, avec peu de contours perturbateurs, faciles \u00e0 entretenir et individuellement modulables.<\/p>\n<hr \/>\n<div class=\"row\">\n<div class=\"col-md-6\">\n<h3>Modules de pick-and-place PP03<\/h3>\n<ul>\n<li>Excellente dynamique<\/li>\n<li>Temps de cycle courts pour un montage \u00e0 grande vitesse<\/li>\n<li>Imm\u00e9diatement pr\u00eat \u00e0 l&#8217;emploi gr\u00e2ce au Plug-and-Play<\/li>\n<li>Large choix d&rsquo;options gr\u00e2ce au syst\u00e8me modulaire<\/li>\n<\/ul>\n<\/div>\n<div class=\"col-md-1\">\n<\/div>\n<div class=\"col-md-5\">\n<div class=\"carousel slide\" id=\"d7e36a9dddc1cb66e9424fc87046b089\" data-ride=\"carousel\">  <div class=\"carousel-inner\" role=\"listbox\">    <div class=\"item active\">      <img decoding=\"async\" src=\"https:\/\/linmot.com\/fr\/wp-content\/uploads\/sites\/3\/2025\/10\/251002-pick-and-place-module-001.jpg\" alt=\"...\">    <\/div>    <div class=\"item\">      <img decoding=\"async\" src=\"https:\/\/linmot.com\/fr\/wp-content\/uploads\/sites\/3\/2025\/10\/251002-pick-and-place-module-002.jpg\" alt=\"...\">    <\/div>    <div class=\"item\">      <img decoding=\"async\" src=\"https:\/\/linmot.com\/fr\/wp-content\/uploads\/sites\/3\/2025\/10\/251002-pick-and-place-module-003.jpg\" alt=\"...\">    <\/div>    <div class=\"item\">      <img decoding=\"async\" src=\"https:\/\/linmot.com\/fr\/wp-content\/uploads\/sites\/3\/2025\/10\/251002-pick-and-place-module-004.jpg\" alt=\"...\">    <\/div>  <\/div><div class=\"navigation\"><a class=\"left carousel-control\" href=\"#d7e36a9dddc1cb66e9424fc87046b089\" role=\"button\" data-slide=\"prev\"><\/a><a class=\"right carousel-control\" href=\"#d7e36a9dddc1cb66e9424fc87046b089\" role=\"button\" data-slide=\"next\"><\/a><\/div><\/div>\n<\/div>\n<\/div>\n<hr \/>\n<div class=\"row\">\n<div class=\"col-md-6\">\n<h3>Modules Pick-and-Place en acier inoxydable PP13<\/h3>\n<ul>\n<li>Chaque axe est enti\u00e8rement fabriqu\u00e9 en acier inoxydable<\/li>\n<li>R\u00e9sistant \u00e0 la corrosion et aux agents de nettoyage<\/li>\n<li>Conception mince pour un faible encombrement<\/li>\n<li>Gestion int\u00e9gr\u00e9e des c\u00e2bles disponible en option<\/li>\n<\/ul>\n<p><a class=\"button\" href=\"\/fr\/produits\/robots-et-systemes-flat\/modules-pick-and-place-en-acier-inoxydable-pp13\/\">En savoir plus sur les modules Pick-and-Place en acier inoxydable<\/a><\/p>\n<\/div>\n<div class=\"col-md-1\">\n<\/div>\n<div class=\"col-md-5\">\n<div class=\"carousel slide\" id=\"41264ccc9edbe817dbb8ee45f09ac112\" data-ride=\"carousel\">  <div class=\"carousel-inner\" role=\"listbox\">    <div class=\"item active\">      <img decoding=\"async\" src=\"https:\/\/linmot.com\/fr\/wp-content\/uploads\/sites\/3\/2025\/06\/edelstahl-pick-and-place-module-pp13-01.jpg\" alt=\"...\">    <\/div>    <div class=\"item\">      <img decoding=\"async\" src=\"https:\/\/linmot.com\/fr\/wp-content\/uploads\/sites\/3\/2025\/06\/edelstahl-pick-and-place-module-pp13-02.jpg\" alt=\"...\">    <\/div>    <div class=\"item\">      <img decoding=\"async\" src=\"https:\/\/linmot.com\/fr\/wp-content\/uploads\/sites\/3\/2025\/06\/edelstahl-pick-and-place-module-pp13-03.jpg\" alt=\"...\">    <\/div>  <\/div><div class=\"navigation\"><a class=\"left carousel-control\" href=\"#41264ccc9edbe817dbb8ee45f09ac112\" role=\"button\" data-slide=\"prev\"><\/a><a class=\"right carousel-control\" href=\"#41264ccc9edbe817dbb8ee45f09ac112\" role=\"button\" data-slide=\"next\"><\/a><\/div><\/div>\n<\/div>\n<\/div>\n<hr \/>\n<div class=\"row\">\n<div class=\"col-md-6\">\n<h3>Modules Pick, Place-and-Rotate PP05<\/h3>\n<ul>\n<li>Axe Z lin\u00e9aire-rotatif<\/li>\n<li>Haut degr\u00e9 de personnalisation<\/li>\n<li>Large gamme d&rsquo;options<\/li>\n<li>Conception mince pour un encombrement r\u00e9duit<\/li>\n<\/ul>\n<p><a class=\"button\" href=\"\/fr\/produits\/robots-et-systemes-flat\/modules-pick-and-place\/modules-pick-and-place-pp05\/\">En savoir plus sur les modules Pick Place-and-Rotate PP05<\/a><\/p>\n<\/div>\n<div class=\"col-md-1\">\n<\/div>\n<div class=\"col-md-5\">\n<img loading=\"lazy\" decoding=\"async\" class=\"alignnone size-full wp-image-5974\" src=\"https:\/\/linmot.com\/de\/wp-content\/uploads\/sites\/2\/2025\/09\/pick-and-rotate-pp05.jpg\" alt=\"\" width=\"450\" height=\"567\" \/>\n<\/div>\n<\/div>\n<hr \/>\n<h2>Des questions sur nos robots plats et syst\u00e8mes?<\/h2>\n<p>Nous sommes \u00e0 votre disposition pour r\u00e9pondre \u00e0 vos questions ou vous conseiller. Contactez-nous au t\u00e9l : +49 (0)201 858940 0 ou via le formulaire ci-dessous :<\/p>\n\n<div class=\"wpcf7 no-js\" id=\"wpcf7-f1702-o1\" lang=\"fr-FR\" dir=\"ltr\" data-wpcf7-id=\"1702\">\n<div class=\"screen-reader-response\"><p role=\"status\" aria-live=\"polite\" aria-atomic=\"true\"><\/p> <ul><\/ul><\/div>\n<form action=\"\/fr\/wp-json\/wp\/v2\/pages\/3644#wpcf7-f1702-o1\" method=\"post\" class=\"wpcf7-form init\" aria-label=\"Formulaire de contact\" novalidate=\"novalidate\" data-status=\"init\">\n<fieldset class=\"hidden-fields-container\"><input type=\"hidden\" name=\"_wpcf7\" value=\"1702\" \/><input type=\"hidden\" name=\"_wpcf7_version\" value=\"6.1.5\" \/><input type=\"hidden\" name=\"_wpcf7_locale\" value=\"fr_FR\" \/><input type=\"hidden\" name=\"_wpcf7_unit_tag\" value=\"wpcf7-f1702-o1\" \/><input type=\"hidden\" name=\"_wpcf7_container_post\" value=\"0\" \/><input type=\"hidden\" name=\"_wpcf7_posted_data_hash\" value=\"\" \/><input type=\"hidden\" name=\"_wpcf7_recaptcha_response\" value=\"\" \/>\n<\/fieldset>\n<label> Votre nom<br>\n    <span class=\"wpcf7-form-control-wrap\" data-name=\"your-name\"><input size=\"40\" maxlength=\"400\" class=\"wpcf7-form-control wpcf7-text wpcf7-validates-as-required\" aria-required=\"true\" aria-invalid=\"false\" value=\"\" type=\"text\" name=\"your-name\" \/><\/span> <\/label>\n<br>\n<label> Votre entreprise<br>\n    <span class=\"wpcf7-form-control-wrap\" data-name=\"your-company\"><input size=\"40\" maxlength=\"400\" class=\"wpcf7-form-control wpcf7-text wpcf7-validates-as-required\" aria-required=\"true\" aria-invalid=\"false\" value=\"\" type=\"text\" name=\"your-company\" \/><\/span> <\/label>\n<br>\n<label> Code postal<br>\n    <span class=\"wpcf7-form-control-wrap\" data-name=\"your-plz\"><input class=\"wpcf7-form-control wpcf7-number wpcf7-validates-as-required wpcf7-validates-as-number\" aria-required=\"true\" aria-invalid=\"false\" value=\"\" type=\"number\" name=\"your-plz\" \/><\/span> <\/label>\n<br>\n<label> Pays<br>\n    <span class=\"wpcf7-form-control-wrap\" data-name=\"your-country\"><input size=\"40\" maxlength=\"400\" class=\"wpcf7-form-control wpcf7-text wpcf7-validates-as-required\" aria-required=\"true\" aria-invalid=\"false\" value=\"\" type=\"text\" name=\"your-country\" \/><\/span> <\/label>\n<br>\n<label> Votre num\u00e9ro de t\u00e9l\u00e9phone<br>\n    <span class=\"wpcf7-form-control-wrap\" data-name=\"your-number\"><input size=\"40\" maxlength=\"400\" class=\"wpcf7-form-control wpcf7-tel wpcf7-validates-as-required wpcf7-text wpcf7-validates-as-tel\" aria-required=\"true\" aria-invalid=\"false\" value=\"\" type=\"tel\" name=\"your-number\" \/><\/span> <\/label>\n<br>\n<label> Votre e-mail<br>\n    <span class=\"wpcf7-form-control-wrap\" data-name=\"your-email\"><input size=\"40\" maxlength=\"400\" class=\"wpcf7-form-control wpcf7-email wpcf7-validates-as-required wpcf7-text wpcf7-validates-as-email\" aria-required=\"true\" aria-invalid=\"false\" value=\"\" type=\"email\" name=\"your-email\" \/><\/span> <\/label>\n<br>\n<label> Votre message (facultatif)<br>\n    <span class=\"wpcf7-form-control-wrap\" data-name=\"your-message\"><textarea cols=\"40\" rows=\"10\" maxlength=\"2000\" class=\"wpcf7-form-control wpcf7-textarea\" aria-invalid=\"false\" name=\"your-message\"><\/textarea><\/span> <\/label>\n<br>\n<input class=\"wpcf7-form-control wpcf7-submit has-spinner\" type=\"submit\" value=\"Envoyer\" \/><div class=\"wpcf7-response-output\" aria-hidden=\"true\"><\/div>\n<\/form>\n<\/div>\n\n","protected":false},"excerpt":{"rendered":"<p>Pour r\u00e9pondre aux exigences de production complexes, aux prescriptions de s\u00e9curit\u00e9 et aux processus durables, les robots et syst\u00e8mes LinMot Flat optimis\u00e9s en termes d&rsquo;espace de montage offrent des solutions innovantes, hautement dynamiques et adapt\u00e9es individuellement \u00e0 l&rsquo;application du client dans tous les domaines de l&rsquo;automatisation. Dans les robots et syst\u00e8mes LinMot Flat pr\u00eats \u00e0 [&hellip;]<\/p>\n","protected":false},"author":9,"featured_media":0,"parent":1210,"menu_order":11,"comment_status":"closed","ping_status":"closed","template":"","meta":{"_acf_changed":false,"footnotes":""},"class_list":["post-3644","page","type-page","status-publish","hentry"],"acf":[],"yoast_head":"<!-- This site is optimized with the Yoast SEO Premium plugin v20.9 (Yoast SEO v27.2) - https:\/\/yoast.com\/product\/yoast-seo-premium-wordpress\/ -->\n<title>Robots et syst\u00e8mes Flat - LinMot &amp; MagSpring - Fran\u00e7ais<\/title>\n<meta name=\"description\" content=\"Dans les robots et syst\u00e8mes LinMot Flat pr\u00eats \u00e0 l&#039;emploi, les moteurs lin\u00e9aires LinMot, les modules, les guides et les pr\u00e9henseurs sont combin\u00e9s gr\u00e2ce \u00e0 un syst\u00e8me modulaire flexible pour former des structures \u00e9prouv\u00e9es comme le semi-portique, le portique, le pick-and-place ou d&#039;autres syst\u00e8mes multi-axes.\" \/>\n<meta name=\"robots\" content=\"index, follow, max-snippet:-1, max-image-preview:large, max-video-preview:-1\" \/>\n<link rel=\"canonical\" href=\"https:\/\/linmot.com\/fr\/produits\/robots-et-systemes-flat\/\" \/>\n<meta property=\"og:locale\" content=\"fr_FR\" \/>\n<meta property=\"og:type\" content=\"article\" \/>\n<meta property=\"og:title\" content=\"Robots et syst\u00e8mes Flat\" \/>\n<meta property=\"og:description\" content=\"Dans les robots et syst\u00e8mes LinMot Flat pr\u00eats \u00e0 l&#039;emploi, les moteurs lin\u00e9aires LinMot, les modules, les guides et les pr\u00e9henseurs sont combin\u00e9s gr\u00e2ce \u00e0 un syst\u00e8me modulaire flexible pour former des structures \u00e9prouv\u00e9es comme le semi-portique, le portique, le pick-and-place ou d&#039;autres syst\u00e8mes multi-axes.\" \/>\n<meta property=\"og:url\" content=\"https:\/\/linmot.com\/fr\/produits\/robots-et-systemes-flat\/\" \/>\n<meta property=\"og:site_name\" content=\"LinMot &amp; MagSpring - Fran\u00e7ais\" \/>\n<meta property=\"article:modified_time\" content=\"2026-01-09T08:52:18+00:00\" \/>\n<meta property=\"og:image\" content=\"https:\/\/linmot.com\/de\/wp-content\/uploads\/sites\/2\/2025\/09\/pick-and-rotate-pp05.jpg\" \/>\n<meta name=\"twitter:card\" content=\"summary_large_image\" \/>\n<meta name=\"twitter:label1\" content=\"Dur\u00e9e de lecture estim\u00e9e\" \/>\n\t<meta name=\"twitter:data1\" content=\"2 minutes\" \/>\n<script type=\"application\/ld+json\" class=\"yoast-schema-graph\">{\"@context\":\"https:\/\/schema.org\",\"@graph\":[{\"@type\":\"WebPage\",\"@id\":\"https:\/\/linmot.com\/fr\/produits\/robots-et-systemes-flat\/\",\"url\":\"https:\/\/linmot.com\/fr\/produits\/robots-et-systemes-flat\/\",\"name\":\"Robots et syst\u00e8mes Flat - LinMot &amp; MagSpring - Fran\u00e7ais\",\"isPartOf\":{\"@id\":\"https:\/\/linmot.com\/fr\/#website\"},\"primaryImageOfPage\":{\"@id\":\"https:\/\/linmot.com\/fr\/produits\/robots-et-systemes-flat\/#primaryimage\"},\"image\":{\"@id\":\"https:\/\/linmot.com\/fr\/produits\/robots-et-systemes-flat\/#primaryimage\"},\"thumbnailUrl\":\"https:\/\/linmot.com\/de\/wp-content\/uploads\/sites\/2\/2025\/09\/pick-and-rotate-pp05.jpg\",\"datePublished\":\"2025-02-05T16:27:06+00:00\",\"dateModified\":\"2026-01-09T08:52:18+00:00\",\"description\":\"Dans les robots et syst\u00e8mes LinMot Flat pr\u00eats \u00e0 l'emploi, les moteurs lin\u00e9aires LinMot, les modules, les guides et les pr\u00e9henseurs sont combin\u00e9s gr\u00e2ce \u00e0 un syst\u00e8me modulaire flexible pour former des structures \u00e9prouv\u00e9es comme le semi-portique, le portique, le pick-and-place ou d'autres syst\u00e8mes multi-axes.\",\"breadcrumb\":{\"@id\":\"https:\/\/linmot.com\/fr\/produits\/robots-et-systemes-flat\/#breadcrumb\"},\"inLanguage\":\"fr-FR\",\"potentialAction\":[{\"@type\":\"ReadAction\",\"target\":[\"https:\/\/linmot.com\/fr\/produits\/robots-et-systemes-flat\/\"]}]},{\"@type\":\"ImageObject\",\"inLanguage\":\"fr-FR\",\"@id\":\"https:\/\/linmot.com\/fr\/produits\/robots-et-systemes-flat\/#primaryimage\",\"url\":\"https:\/\/linmot.com\/de\/wp-content\/uploads\/sites\/2\/2025\/09\/pick-and-rotate-pp05.jpg\",\"contentUrl\":\"https:\/\/linmot.com\/de\/wp-content\/uploads\/sites\/2\/2025\/09\/pick-and-rotate-pp05.jpg\"},{\"@type\":\"BreadcrumbList\",\"@id\":\"https:\/\/linmot.com\/fr\/produits\/robots-et-systemes-flat\/#breadcrumb\",\"itemListElement\":[{\"@type\":\"ListItem\",\"position\":1,\"name\":\"Home\",\"item\":\"https:\/\/linmot.com\/fr\/\"},{\"@type\":\"ListItem\",\"position\":2,\"name\":\"Produits\",\"item\":\"https:\/\/linmot.com\/fr\/produits\/\"},{\"@type\":\"ListItem\",\"position\":3,\"name\":\"Robots et syst\u00e8mes Flat\"}]},{\"@type\":\"WebSite\",\"@id\":\"https:\/\/linmot.com\/fr\/#website\",\"url\":\"https:\/\/linmot.com\/fr\/\",\"name\":\"LinMot &amp; MagSpring - Fran\u00e7ais\",\"description\":\"Moteurs lin\u00e9aires et des syst\u00e8mes de moteurs lin\u00e9aires de haute qualit\u00e9\",\"publisher\":{\"@id\":\"https:\/\/linmot.com\/fr\/#organization\"},\"potentialAction\":[{\"@type\":\"SearchAction\",\"target\":{\"@type\":\"EntryPoint\",\"urlTemplate\":\"https:\/\/linmot.com\/fr\/?s={search_term_string}\"},\"query-input\":{\"@type\":\"PropertyValueSpecification\",\"valueRequired\":true,\"valueName\":\"search_term_string\"}}],\"inLanguage\":\"fr-FR\"},{\"@type\":\"Organization\",\"@id\":\"https:\/\/linmot.com\/fr\/#organization\",\"name\":\"NTI AG - LinMot & MagSpring\",\"url\":\"https:\/\/linmot.com\/fr\/\",\"logo\":{\"@type\":\"ImageObject\",\"inLanguage\":\"fr-FR\",\"@id\":\"https:\/\/linmot.com\/fr\/#\/schema\/logo\/image\/\",\"url\":\"https:\/\/linmot.com\/fr\/wp-content\/uploads\/sites\/3\/2022\/05\/linmot-social-share-logo.jpg\",\"contentUrl\":\"https:\/\/linmot.com\/fr\/wp-content\/uploads\/sites\/3\/2022\/05\/linmot-social-share-logo.jpg\",\"width\":800,\"height\":500,\"caption\":\"NTI AG - LinMot & MagSpring\"},\"image\":{\"@id\":\"https:\/\/linmot.com\/fr\/#\/schema\/logo\/image\/\"},\"sameAs\":[\"https:\/\/www.linkedin.com\/company\/nti-ag-linmot-magspring\",\"https:\/\/www.youtube.com\/user\/LinMotEurope\"]}]}<\/script>\n<!-- \/ Yoast SEO Premium plugin. -->","yoast_head_json":{"title":"Robots et syst\u00e8mes Flat - LinMot &amp; MagSpring - Fran\u00e7ais","description":"Dans les robots et syst\u00e8mes LinMot Flat pr\u00eats \u00e0 l'emploi, les moteurs lin\u00e9aires LinMot, les modules, les guides et les pr\u00e9henseurs sont combin\u00e9s gr\u00e2ce \u00e0 un syst\u00e8me modulaire flexible pour former des structures \u00e9prouv\u00e9es comme le semi-portique, le portique, le pick-and-place ou d'autres syst\u00e8mes multi-axes.","robots":{"index":"index","follow":"follow","max-snippet":"max-snippet:-1","max-image-preview":"max-image-preview:large","max-video-preview":"max-video-preview:-1"},"canonical":"https:\/\/linmot.com\/fr\/produits\/robots-et-systemes-flat\/","og_locale":"fr_FR","og_type":"article","og_title":"Robots et syst\u00e8mes Flat","og_description":"Dans les robots et syst\u00e8mes LinMot Flat pr\u00eats \u00e0 l'emploi, les moteurs lin\u00e9aires LinMot, les modules, les guides et les pr\u00e9henseurs sont combin\u00e9s gr\u00e2ce \u00e0 un syst\u00e8me modulaire flexible pour former des structures \u00e9prouv\u00e9es comme le semi-portique, le portique, le pick-and-place ou d'autres syst\u00e8mes multi-axes.","og_url":"https:\/\/linmot.com\/fr\/produits\/robots-et-systemes-flat\/","og_site_name":"LinMot &amp; MagSpring - Fran\u00e7ais","article_modified_time":"2026-01-09T08:52:18+00:00","og_image":[{"url":"https:\/\/linmot.com\/de\/wp-content\/uploads\/sites\/2\/2025\/09\/pick-and-rotate-pp05.jpg","type":"","width":"","height":""}],"twitter_card":"summary_large_image","twitter_misc":{"Dur\u00e9e de lecture estim\u00e9e":"2 minutes"},"schema":{"@context":"https:\/\/schema.org","@graph":[{"@type":"WebPage","@id":"https:\/\/linmot.com\/fr\/produits\/robots-et-systemes-flat\/","url":"https:\/\/linmot.com\/fr\/produits\/robots-et-systemes-flat\/","name":"Robots et syst\u00e8mes Flat - LinMot &amp; MagSpring - Fran\u00e7ais","isPartOf":{"@id":"https:\/\/linmot.com\/fr\/#website"},"primaryImageOfPage":{"@id":"https:\/\/linmot.com\/fr\/produits\/robots-et-systemes-flat\/#primaryimage"},"image":{"@id":"https:\/\/linmot.com\/fr\/produits\/robots-et-systemes-flat\/#primaryimage"},"thumbnailUrl":"https:\/\/linmot.com\/de\/wp-content\/uploads\/sites\/2\/2025\/09\/pick-and-rotate-pp05.jpg","datePublished":"2025-02-05T16:27:06+00:00","dateModified":"2026-01-09T08:52:18+00:00","description":"Dans les robots et syst\u00e8mes LinMot Flat pr\u00eats \u00e0 l'emploi, les moteurs lin\u00e9aires LinMot, les modules, les guides et les pr\u00e9henseurs sont combin\u00e9s gr\u00e2ce \u00e0 un syst\u00e8me modulaire flexible pour former des structures \u00e9prouv\u00e9es comme le semi-portique, le portique, le pick-and-place ou d'autres syst\u00e8mes multi-axes.","breadcrumb":{"@id":"https:\/\/linmot.com\/fr\/produits\/robots-et-systemes-flat\/#breadcrumb"},"inLanguage":"fr-FR","potentialAction":[{"@type":"ReadAction","target":["https:\/\/linmot.com\/fr\/produits\/robots-et-systemes-flat\/"]}]},{"@type":"ImageObject","inLanguage":"fr-FR","@id":"https:\/\/linmot.com\/fr\/produits\/robots-et-systemes-flat\/#primaryimage","url":"https:\/\/linmot.com\/de\/wp-content\/uploads\/sites\/2\/2025\/09\/pick-and-rotate-pp05.jpg","contentUrl":"https:\/\/linmot.com\/de\/wp-content\/uploads\/sites\/2\/2025\/09\/pick-and-rotate-pp05.jpg"},{"@type":"BreadcrumbList","@id":"https:\/\/linmot.com\/fr\/produits\/robots-et-systemes-flat\/#breadcrumb","itemListElement":[{"@type":"ListItem","position":1,"name":"Home","item":"https:\/\/linmot.com\/fr\/"},{"@type":"ListItem","position":2,"name":"Produits","item":"https:\/\/linmot.com\/fr\/produits\/"},{"@type":"ListItem","position":3,"name":"Robots et syst\u00e8mes Flat"}]},{"@type":"WebSite","@id":"https:\/\/linmot.com\/fr\/#website","url":"https:\/\/linmot.com\/fr\/","name":"LinMot &amp; MagSpring - Fran\u00e7ais","description":"Moteurs lin\u00e9aires et des syst\u00e8mes de moteurs lin\u00e9aires de haute qualit\u00e9","publisher":{"@id":"https:\/\/linmot.com\/fr\/#organization"},"potentialAction":[{"@type":"SearchAction","target":{"@type":"EntryPoint","urlTemplate":"https:\/\/linmot.com\/fr\/?s={search_term_string}"},"query-input":{"@type":"PropertyValueSpecification","valueRequired":true,"valueName":"search_term_string"}}],"inLanguage":"fr-FR"},{"@type":"Organization","@id":"https:\/\/linmot.com\/fr\/#organization","name":"NTI AG - LinMot & MagSpring","url":"https:\/\/linmot.com\/fr\/","logo":{"@type":"ImageObject","inLanguage":"fr-FR","@id":"https:\/\/linmot.com\/fr\/#\/schema\/logo\/image\/","url":"https:\/\/linmot.com\/fr\/wp-content\/uploads\/sites\/3\/2022\/05\/linmot-social-share-logo.jpg","contentUrl":"https:\/\/linmot.com\/fr\/wp-content\/uploads\/sites\/3\/2022\/05\/linmot-social-share-logo.jpg","width":800,"height":500,"caption":"NTI AG - LinMot & MagSpring"},"image":{"@id":"https:\/\/linmot.com\/fr\/#\/schema\/logo\/image\/"},"sameAs":["https:\/\/www.linkedin.com\/company\/nti-ag-linmot-magspring","https:\/\/www.youtube.com\/user\/LinMotEurope"]}]}},"_links":{"self":[{"href":"https:\/\/linmot.com\/fr\/wp-json\/wp\/v2\/pages\/3644","targetHints":{"allow":["GET"]}}],"collection":[{"href":"https:\/\/linmot.com\/fr\/wp-json\/wp\/v2\/pages"}],"about":[{"href":"https:\/\/linmot.com\/fr\/wp-json\/wp\/v2\/types\/page"}],"author":[{"embeddable":true,"href":"https:\/\/linmot.com\/fr\/wp-json\/wp\/v2\/users\/9"}],"replies":[{"embeddable":true,"href":"https:\/\/linmot.com\/fr\/wp-json\/wp\/v2\/comments?post=3644"}],"version-history":[{"count":13,"href":"https:\/\/linmot.com\/fr\/wp-json\/wp\/v2\/pages\/3644\/revisions"}],"predecessor-version":[{"id":3986,"href":"https:\/\/linmot.com\/fr\/wp-json\/wp\/v2\/pages\/3644\/revisions\/3986"}],"up":[{"embeddable":true,"href":"https:\/\/linmot.com\/fr\/wp-json\/wp\/v2\/pages\/1210"}],"wp:attachment":[{"href":"https:\/\/linmot.com\/fr\/wp-json\/wp\/v2\/media?parent=3644"}],"curies":[{"name":"wp","href":"https:\/\/api.w.org\/{rel}","templated":true}]}}